{"id":4471,"date":"2023-10-30T10:54:09","date_gmt":"2023-10-30T09:54:09","guid":{"rendered":"https:\/\/chargeplus.totalenergies.com\/?page_id=4471"},"modified":"2026-01-30T09:16:17","modified_gmt":"2026-01-30T08:16:17","slug":"aplicacion-movil","status":"publish","type":"page","link":"https:\/\/chargeplus.totalenergies.com\/es\/aplicacion-movil\/","title":{"rendered":"Aplicaci\u00f3n m\u00f3vil"},"content":{"rendered":"<div class=\"wp-post-content\"><!-- zone:zn_pagebanner [0] --><br \/>\n\t\t<!-- \/zone:zn_pagebanner [0] --><br \/>\n<!-- zone:zn_text_img [2] --><\/p>\n<h2>Nuevas funcionalidades de Charge+<\/h2>\n<p>Tu experiencia de recarga ahora es m\u00e1s sencilla, r\u00e1pida y personalizada.<\/p>\n<p><strong>\ud83d\udd0c Gesti\u00f3n de tu oferta y opciones, en un clic<\/strong><\/p>\n<ul>\n<li>Activa, desactiva o ajusta tus opciones directamente desde la App, sin complicaciones.<\/li>\n<li>Adem\u00e1s, puedes cancelar tu oferta cuando quieras, desde la propia aplicaci\u00f3n.<\/li>\n<\/ul>\n<p><strong>\ud83d\udcbc Gastos m\u00e1s claros y f\u00e1ciles de entender<\/strong><\/p>\n<ul>\n<li>Consulta tus gastos de un vistazo con una lista mucho m\u00e1s simple y visual.<\/li>\n<li>Accede al detalle de cada carga, opci\u00f3n o compra, con facturas disponibles desde la App.<\/li>\n<li>En el caso de que se carguen varias facturas juntas, la App te permite ver cada una por separado.<\/li>\n<\/ul>\n<p style=\"text-align: center;\"><a class=\"button\" href=\"https:\/\/subscription.chargeplus.totalenergies.com\/es\" target=\"_blank\" rel=\"noopener\">descargar en iPhone <\/a><a class=\"button\" href=\"https:\/\/play.google.com\/store\/apps\/details?id=com.totalenergies.chargeplus&amp;hl=es\" target=\"_blank\" rel=\"noopener\">descargar en Android<\/a><\/p>\n<p><!-- \/zone:zn_text_img [2] --><br \/>\n<!-- zone:zn_text_img [3] --><\/p>\n<h2>Charge + te lleva ahora hasta Francia<\/h2>\n<p>Charge+ te conecta con toda la red de recarga de Francia. Vayas donde vayas, todos los puntos de recarga del pa\u00eds est\u00e1n a tu alcance, en una experiencia fluida y sin complicaciones.<\/p>\n<p>Sin l\u00edmites y sin cambiar de aplicaci\u00f3n.<\/p>\n<p style=\"text-align: center;\"><a class=\"button\" href=\"https:\/\/apps.apple.com\/fr\/app\/totalenergies-charge\/id6476550756\" target=\"_blank\" rel=\"noopener\">Descarga Charge+ en IOS<\/a> <a class=\"button outline\" href=\"https:\/\/play.google.com\/store\/apps\/details?id=com.totalenergies.chargeplus&amp;hl=es\">Descarga Charge+ en Android<\/a><\/p>\n<p><!-- \/zone:zn_text_img [3] --><br \/>\n<!-- zone:zn_text_img [5] --><\/p>\n<h2>Tus documentos legales, siempre accesibles<\/h2>\n<p class=\"cvGsUA direction-ltr align-start para-style-body\">Acepta los documentos legales desde la app y cons\u00faltalos cuando quieras, organizados por tipo de usuario y pa\u00eds.<\/p>\n<p class=\"cvGsUA direction-ltr align-start para-style-body\">Todo m\u00e1s transparente y f\u00e1cil de localizar<\/p>\n<p><!-- \/zone:zn_text_img [5] --><br \/>\n<!-- zone:zn_text [6] --><\/p>\n<h2>En resumen<\/h2>\n<p style=\"text-align: center;\">Charge+ ahora es m\u00e1s intuitiva, transparente y \u00fatil tanto para puntuales como para usuarios que la utilicen a menudo.<\/p>\n<p style=\"text-align: center;\">M\u00e1s control, m\u00e1s informaci\u00f3n y nuevas herramientas para que recargar tu veh\u00edculo el\u00e9ctrico sea m\u00e1s f\u00e1cil que nunca.<\/p>\n<div class=\"qr-section\">\n<div class=\"qr-block\">\n<p>&nbsp;<\/p>\n<\/div>\n<\/div>\n<p>&nbsp;<\/p>\n<p>\t\t\t<!-- \/zone:zn_text [6] --><br \/>\n<!-- zone:zn_text [8] --><\/p>\n<p><span style=\"font-size: 12px; vertical-align: super;\">(1) De conformidad con el principio de interoperabilidad previsto por la normativa vigente. Consulta las Condiciones generales de venta y la lista de puntos de recarga accesibles en la aplicaci\u00f3n TotalEnergies &#8211; Charge+. El n\u00famero de puntos de carga evoluciona constantemente. <\/span><\/p>\n<p><span style=\"font-size: 12px; vertical-align: super;\">(2) Oferta sujeta a condiciones, reservada a particulares. Suscripci\u00f3n mensual \u00abCharge+ Smart\u00bb por 4,90\u20ac (IVA incluido)\/mes, sin permanencia. Descuento del 10% aplicable inmediatamente sobre el precio p\u00fablico de la recarga realizada en los puntos de recarga de alta potencia situados en las estaciones de servicio de la marca TotalEnergies elegibles en la Espa\u00f1a peninsular. Consultar lista de estaciones y condiciones completas en la aplicaci\u00f3n TotalEnergies Charge+.<\/span><\/p>\n<p>&nbsp;<\/p>\n<p>\t\t\t<!-- \/zone:zn_text [8] --><br \/>\n<!-- zone:zn_text [9] --><\/p>\n<h2>Avez-vous besoin d&#8217;aide ?<\/h2>\n<p style=\"text-align: center;\"><span class=\"OYPEnA font-feature-liga-off font-feature-clig-off font-feature-calt-off text-decoration-none text-strikethrough-none\">\u00bfQuieres saber m\u00e1s sobre la recarga de tu coche el\u00e9ctrico con TotalEnergies? Encuentra todas las respuestas para facilitar tus recargas. <\/span><\/p>\n<p style=\"text-align: center;\"><a href=\"https:\/\/chargeplus.totalenergies.com\/es\/app\"><span class=\"OYPEnA font-feature-liga-off font-feature-clig-off font-feature-calt-off text-decoration-none text-strikethrough-none\">Descubre tambi\u00e9n nuestras Preguntas Frecuentes (FAQ) en la app Charge+ de TotalEnergies.<\/span><\/a><\/p>\n<p>&nbsp;<\/p>\n<p>\t\t\t<!-- \/zone:zn_text [9] --><br \/>\n<!-- zone:zn_list_accordion [10] --><\/p>\n<h3>\u00bfC\u00f3mo puedo descargar la app Charge+ de TotalEnergies?<\/h3>\n<p>Para descargar la app Charge+, entra en <b data-path-to-node=\"3\" data-index-in-node=\"40\">Google Play Store<\/b> si tienes un m\u00f3vil Android, o en la <b data-path-to-node=\"3\" data-index-in-node=\"94\">App Store<\/b> si usas iOS. Busca \u00abCharge+\u00bb y sigue las instrucciones para descargarla e instalarla en tu m\u00f3vil. <b data-path-to-node=\"3\" data-index-in-node=\"202\">La app Charge+ es gratuita.<\/b><\/p>\n<p><a href=\"https:\/\/play.google.com\/store\/apps\/details?id=com.totalenergies.chargeplus&amp;hl=fr\" target=\"_blank\" rel=\"noopener\"><img loading=\"lazy\" decoding=\"async\" class=\"alignnone wp-image-2349 size-full\" src=\"https:\/\/chargeplus.totalenergies.com\/wp-inside\/uploads\/2023\/10\/bouton-google-play.png\" alt=\"Bouton Google Play\" width=\"144\" height=\"44\" \/><\/a> <a href=\"https:\/\/apps.apple.com\/fr\/app\/totalenergies-charge\/id6476550756\" target=\"_blank\" rel=\"noopener\"><img loading=\"lazy\" decoding=\"async\" class=\"alignnone wp-image-2347 size-full\" src=\"https:\/\/chargeplus.totalenergies.com\/wp-inside\/uploads\/2023\/10\/bouton-app-store.png\" alt=\"Bouton App Store\" width=\"144\" height=\"44\" \/><\/a><\/p>\n<p>&nbsp;<\/p>\n<h3>\u00bfC\u00f3mo puedo localizar los puntos de recarga compatibles con mi veh\u00edculo el\u00e9ctrico con la aplicaci\u00f3n?<\/h3>\n<p data-path-to-node=\"4\">Aqu\u00ed tienes los pasos para <b data-path-to-node=\"4\" data-index-in-node=\"27\">localizar los puntos de recarga<\/b> compatibles con tu coche el\u00e9ctrico desde la app Charge+<span style=\"font-size: inherit;\">:<\/span><\/p>\n<ol>\n<li>\n<p data-path-to-node=\"5,0,0\"><b data-path-to-node=\"5,0,0\" data-index-in-node=\"0\">Abre la app<\/b> y ve a la pesta\u00f1a <b data-path-to-node=\"5,0,0\" data-index-in-node=\"30\">\u00abMapa\u00bb<\/b> o consulta la secci\u00f3n \u00ab\u00bfD\u00f3nde cargar?\u00bb;<\/p>\n<\/li>\n<li>\n<p data-path-to-node=\"5,1,0\">Selecciona el <b data-path-to-node=\"5,1,0\" data-index-in-node=\"14\">universo el\u00e9ctrico<\/b>;<\/p>\n<\/li>\n<li>\n<p data-path-to-node=\"5,2,0\">Elige la vista de <b data-path-to-node=\"5,2,0\" data-index-in-node=\"18\">mapa<\/b> o de <b data-path-to-node=\"5,2,0\" data-index-in-node=\"28\">lista<\/b>;<\/p>\n<\/li>\n<li>\n<p data-path-to-node=\"5,3,0\">Pulsa el icono de <b data-path-to-node=\"5,3,0\" data-index-in-node=\"18\">\u00abfiltros\u00bb<\/b> (abajo a la derecha) para afinar tu b\u00fasqueda: tipo de conector, potencia de carga, disponibilidad, precio, etc.<\/p>\n<\/li>\n<\/ol>\n<p>&nbsp;<\/p>\n<h3>\u00bfC\u00f3mo contrato la oferta Charge+ desde la app?<\/h3>\n<p><span style=\"font-size: inherit;\">Para suscribirte a la oferta Charge+ desde la app, entra en el m\u00f3dulo <b data-path-to-node=\"4\" data-index-in-node=\"70\">Charge+<\/b>, inicia sesi\u00f3n o reg\u00edstrate en <b data-path-to-node=\"4\" data-index-in-node=\"109\">TotalEnergies Connect<\/b> y pulsa sobre la oferta que te interese. <\/span><\/p>\n<p><span style=\"font-size: inherit;\">Una vez completados los datos necesarios, recibir\u00e1s un email de confirmaci\u00f3n inform\u00e1ndote de tu alta en el servicio Charge+ y del env\u00edo de tu tarjeta de recarga.<\/span><\/p>\n<p>&nbsp;<\/p>\n<h3>\u00bfLa app ofrece un seguimiento detallado de mis facturas?<\/h3>\n<p data-path-to-node=\"6\"><b data-path-to-node=\"6\" data-index-in-node=\"0\">\u00a1Claro que s\u00ed!<\/b> Con la app Charge+ de TotalEnergies puedes seguir tus facturas de recarga al detalle. Tras cargar tu coche, recibir\u00e1s un resumen directamente por email. Adem\u00e1s, podr\u00e1s descargar tu factura entrando en la sesi\u00f3n de recarga desde la app: ve a tu espacio personal Charge+ y selecciona la secci\u00f3n <b data-path-to-node=\"6\" data-index-in-node=\"308\">\u00abMis recargas\u00bb<\/b>.<\/p>\n<p data-path-to-node=\"7\"><i data-path-to-node=\"7\" data-index-in-node=\"0\">Ten en cuenta que el resumen de la sesi\u00f3n puede tardar en llegar dependiendo del operador del punto de recarga; el plazo var\u00eda de unas horas a unos d\u00edas.<\/i><\/p>\n<p>&nbsp;<\/p>\n<p>\t<!-- \/zone:zn_list_accordion [10] --><br \/>\n<!-- zone:zn_text [11] --><\/p>\n<p class=\"cvGsUA direction-ltr align-center para-style-body\" style=\"text-align: center;\"><span class=\"OYPEnA font-feature-liga-off font-feature-clig-off font-feature-calt-off text-decoration-none text-strikethrough-none\">\u00bfNo encuentras la respuesta que buscas? <\/span><\/p>\n<p class=\"cvGsUA direction-ltr align-center para-style-body\" style=\"text-align: center;\"><span class=\"OYPEnA font-feature-liga-off font-feature-clig-off font-feature-calt-off text-decoration-none text-strikethrough-none\">Nuestro servicio de atenci\u00f3n al cliente Charge+ est\u00e1 a tu disposici\u00f3n para ayudarte y darte toda la informaci\u00f3n que necesites. <\/span><\/p>\n<p class=\"cvGsUA direction-ltr align-center para-style-body\" style=\"text-align: center;\"><span class=\"OYPEnA font-feature-liga-off font-feature-clig-off font-feature-calt-off text-decoration-none text-strikethrough-none\">Ll\u00e1manos al <a href=\"http:\/\/+34919942764\">+34 919 94 27 64<\/a> (precio de llamada local) de lunes a s\u00e1bado de 9h a 19h.<\/span><\/p>\n<p>&nbsp;<\/p>\n<p>\t\t\t<!-- \/zone:zn_text [11] -->\n<\/div>\n","protected":false},"excerpt":{"rendered":"<p>Nuevas funcionalidades de Charge+ Tu experiencia de recarga ahora es m\u00e1s sencilla, r\u00e1pida y personalizada. \ud83d\udd0c Gesti\u00f3n de tu oferta y opciones, en un clic Activa, desactiva o ajusta tus [&hellip;]<\/p>\n","protected":false},"author":3,"featured_media":4444,"parent":0,"menu_order":0,"comment_status":"closed","ping_status":"closed","template":"","meta":{"_acf_changed":false,"footnotes":""},"class_list":["post-4471","page","type-page","status-publish","has-post-thumbnail","hentry","wp-sticky"],"acf":[],"yoast_head":"<!-- This site is optimized with the Yoast SEO plugin v27.5 - https:\/\/yoast.com\/product\/yoast-seo-wordpress\/ -->\n<title>Aplicaci\u00f3n de localizaci\u00f3n de puntos de recarga TotalEnergies | Charge+<\/title>\n<meta name=\"description\" content=\"La aplicaci\u00f3n gratuita TotalEnergies Charge+ le permite gestionar sus recargas el\u00e9ctricas, localizar puntos de recarga y optimizar sus desplazamientos diarios.\" \/>\n<meta name=\"robots\" content=\"index, follow, max-snippet:-1, max-image-preview:large, max-video-preview:-1\" \/>\n<link rel=\"canonical\" href=\"https:\/\/chargeplus.totalenergies.com\/es\/aplicacion-movil\/\" \/>\n<meta property=\"og:locale\" content=\"es_ES\" \/>\n<meta property=\"og:type\" content=\"article\" \/>\n<meta property=\"og:title\" content=\"Aplicaci\u00f3n de localizaci\u00f3n de puntos de recarga TotalEnergies | Charge+\" \/>\n<meta property=\"og:description\" content=\"La aplicaci\u00f3n gratuita TotalEnergies Charge+ le permite gestionar sus recargas el\u00e9ctricas, localizar puntos de recarga y optimizar sus desplazamientos diarios.\" \/>\n<meta property=\"og:url\" content=\"https:\/\/chargeplus.totalenergies.com\/es\/aplicacion-movil\/\" \/>\n<meta property=\"og:site_name\" content=\"Charge+\" \/>\n<meta property=\"article:modified_time\" content=\"2026-01-30T08:16:17+00:00\" \/>\n<meta property=\"og:image\" content=\"https:\/\/chargeplus.totalenergies.com\/wp-inside\/uploads\/2024\/02\/application-recharge-voiture-electrique.jpg\" \/>\n\t<meta property=\"og:image:width\" content=\"1995\" \/>\n\t<meta property=\"og:image:height\" content=\"1332\" \/>\n\t<meta property=\"og:image:type\" content=\"image\/jpeg\" \/>\n<meta name=\"twitter:card\" content=\"summary_large_image\" \/>\n<meta name=\"twitter:label1\" content=\"Tiempo de lectura\" \/>\n\t<meta name=\"twitter:data1\" content=\"4 minutos\" \/>\n<script type=\"application\/ld+json\" class=\"yoast-schema-graph\">{\"@context\":\"https:\\\/\\\/schema.org\",\"@graph\":[{\"@type\":\"WebPage\",\"@id\":\"https:\\\/\\\/chargeplus.totalenergies.com\\\/es\\\/aplicacion-movil\\\/\",\"url\":\"https:\\\/\\\/chargeplus.totalenergies.com\\\/es\\\/aplicacion-movil\\\/\",\"name\":\"Aplicaci\u00f3n de localizaci\u00f3n de puntos de recarga - Charge+ TotalEnergies\",\"isPartOf\":{\"@id\":\"https:\\\/\\\/chargeplus.totalenergies.com\\\/es\\\/#website\"},\"primaryImageOfPage\":{\"@id\":\"https:\\\/\\\/chargeplus.totalenergies.com\\\/es\\\/aplicacion-movil\\\/#primaryimage\"},\"image\":{\"@id\":\"https:\\\/\\\/chargeplus.totalenergies.com\\\/es\\\/aplicacion-movil\\\/#primaryimage\"},\"thumbnailUrl\":\"https:\\\/\\\/chargeplus.totalenergies.com\\\/wp-inside\\\/uploads\\\/2024\\\/02\\\/application-recharge-voiture-electrique.jpg\",\"datePublished\":\"2023-10-30T09:54:09+00:00\",\"dateModified\":\"2026-01-30T08:16:17+00:00\",\"description\":\"La aplicaci\u00f3n gratuita TotalEnergies Charge+ le permite gestionar sus recargas el\u00e9ctricas, localizar puntos de recarga y optimizar sus desplazamientos diarios.\",\"breadcrumb\":{\"@id\":\"https:\\\/\\\/chargeplus.totalenergies.com\\\/es\\\/aplicacion-movil\\\/#breadcrumb\"},\"inLanguage\":\"es\",\"potentialAction\":[{\"@type\":\"ReadAction\",\"target\":[\"https:\\\/\\\/chargeplus.totalenergies.com\\\/es\\\/aplicacion-movil\\\/\"]}]},{\"@type\":\"ImageObject\",\"inLanguage\":\"es\",\"@id\":\"https:\\\/\\\/chargeplus.totalenergies.com\\\/es\\\/aplicacion-movil\\\/#primaryimage\",\"url\":\"https:\\\/\\\/chargeplus.totalenergies.com\\\/wp-inside\\\/uploads\\\/2024\\\/02\\\/application-recharge-voiture-electrique.jpg\",\"contentUrl\":\"https:\\\/\\\/chargeplus.totalenergies.com\\\/wp-inside\\\/uploads\\\/2024\\\/02\\\/application-recharge-voiture-electrique.jpg\",\"width\":1995,\"height\":1332,\"caption\":\"application recharge voiture \u00e9lectrique\"},{\"@type\":\"BreadcrumbList\",\"@id\":\"https:\\\/\\\/chargeplus.totalenergies.com\\\/es\\\/aplicacion-movil\\\/#breadcrumb\",\"itemListElement\":[{\"@type\":\"ListItem\",\"position\":1,\"name\":\"Accueil\",\"item\":\"https:\\\/\\\/chargeplus.totalenergies.com\\\/es\\\/\"},{\"@type\":\"ListItem\",\"position\":2,\"name\":\"Aplicaci\u00f3n m\u00f3vil\"}]},{\"@type\":\"WebSite\",\"@id\":\"https:\\\/\\\/chargeplus.totalenergies.com\\\/es\\\/#website\",\"url\":\"https:\\\/\\\/chargeplus.totalenergies.com\\\/es\\\/\",\"name\":\"Charge+\",\"description\":\"Voiture \u00e9lectrique : le guide pratique de la recharge\",\"publisher\":{\"@id\":\"https:\\\/\\\/chargeplus.totalenergies.com\\\/es\\\/#organization\"},\"potentialAction\":[{\"@type\":\"SearchAction\",\"target\":{\"@type\":\"EntryPoint\",\"urlTemplate\":\"https:\\\/\\\/chargeplus.totalenergies.com\\\/es\\\/?s={search_term_string}\"},\"query-input\":{\"@type\":\"PropertyValueSpecification\",\"valueRequired\":true,\"valueName\":\"search_term_string\"}}],\"inLanguage\":\"es\"},{\"@type\":\"Organization\",\"@id\":\"https:\\\/\\\/chargeplus.totalenergies.com\\\/es\\\/#organization\",\"name\":\"Charge+\",\"url\":\"https:\\\/\\\/chargeplus.totalenergies.com\\\/es\\\/\",\"logo\":{\"@type\":\"ImageObject\",\"inLanguage\":\"es\",\"@id\":\"https:\\\/\\\/chargeplus.totalenergies.com\\\/es\\\/#\\\/schema\\\/logo\\\/image\\\/\",\"url\":\"https:\\\/\\\/chargeplus.totalenergies.com\\\/wp-inside\\\/uploads\\\/2023\\\/07\\\/logo-borne-recharge.jpg\",\"contentUrl\":\"https:\\\/\\\/chargeplus.totalenergies.com\\\/wp-inside\\\/uploads\\\/2023\\\/07\\\/logo-borne-recharge.jpg\",\"width\":150,\"height\":150,\"caption\":\"Charge+\"},\"image\":{\"@id\":\"https:\\\/\\\/chargeplus.totalenergies.com\\\/es\\\/#\\\/schema\\\/logo\\\/image\\\/\"}}]}<\/script>\n<!-- \/ Yoast SEO plugin. -->","yoast_head_json":{"title":"Aplicaci\u00f3n de localizaci\u00f3n de puntos de recarga TotalEnergies | Charge+","description":"La aplicaci\u00f3n gratuita TotalEnergies Charge+ le permite gestionar sus recargas el\u00e9ctricas, localizar puntos de recarga y optimizar sus desplazamientos diarios.","robots":{"index":"index","follow":"follow","max-snippet":"max-snippet:-1","max-image-preview":"max-image-preview:large","max-video-preview":"max-video-preview:-1"},"canonical":"https:\/\/chargeplus.totalenergies.com\/es\/aplicacion-movil\/","og_locale":"es_ES","og_type":"article","og_title":"Aplicaci\u00f3n de localizaci\u00f3n de puntos de recarga TotalEnergies | Charge+","og_description":"La aplicaci\u00f3n gratuita TotalEnergies Charge+ le permite gestionar sus recargas el\u00e9ctricas, localizar puntos de recarga y optimizar sus desplazamientos diarios.","og_url":"https:\/\/chargeplus.totalenergies.com\/es\/aplicacion-movil\/","og_site_name":"Charge+","article_modified_time":"2026-01-30T08:16:17+00:00","og_image":[{"width":1995,"height":1332,"url":"https:\/\/chargeplus.totalenergies.com\/wp-inside\/uploads\/2024\/02\/application-recharge-voiture-electrique.jpg","type":"image\/jpeg"}],"twitter_card":"summary_large_image","twitter_misc":{"Tiempo de lectura":"4 minutos"},"schema":{"@context":"https:\/\/schema.org","@graph":[{"@type":"WebPage","@id":"https:\/\/chargeplus.totalenergies.com\/es\/aplicacion-movil\/","url":"https:\/\/chargeplus.totalenergies.com\/es\/aplicacion-movil\/","name":"Aplicaci\u00f3n de localizaci\u00f3n de puntos de recarga - Charge+ TotalEnergies","isPartOf":{"@id":"https:\/\/chargeplus.totalenergies.com\/es\/#website"},"primaryImageOfPage":{"@id":"https:\/\/chargeplus.totalenergies.com\/es\/aplicacion-movil\/#primaryimage"},"image":{"@id":"https:\/\/chargeplus.totalenergies.com\/es\/aplicacion-movil\/#primaryimage"},"thumbnailUrl":"https:\/\/chargeplus.totalenergies.com\/wp-inside\/uploads\/2024\/02\/application-recharge-voiture-electrique.jpg","datePublished":"2023-10-30T09:54:09+00:00","dateModified":"2026-01-30T08:16:17+00:00","description":"La aplicaci\u00f3n gratuita TotalEnergies Charge+ le permite gestionar sus recargas el\u00e9ctricas, localizar puntos de recarga y optimizar sus desplazamientos diarios.","breadcrumb":{"@id":"https:\/\/chargeplus.totalenergies.com\/es\/aplicacion-movil\/#breadcrumb"},"inLanguage":"es","potentialAction":[{"@type":"ReadAction","target":["https:\/\/chargeplus.totalenergies.com\/es\/aplicacion-movil\/"]}]},{"@type":"ImageObject","inLanguage":"es","@id":"https:\/\/chargeplus.totalenergies.com\/es\/aplicacion-movil\/#primaryimage","url":"https:\/\/chargeplus.totalenergies.com\/wp-inside\/uploads\/2024\/02\/application-recharge-voiture-electrique.jpg","contentUrl":"https:\/\/chargeplus.totalenergies.com\/wp-inside\/uploads\/2024\/02\/application-recharge-voiture-electrique.jpg","width":1995,"height":1332,"caption":"application recharge voiture \u00e9lectrique"},{"@type":"BreadcrumbList","@id":"https:\/\/chargeplus.totalenergies.com\/es\/aplicacion-movil\/#breadcrumb","itemListElement":[{"@type":"ListItem","position":1,"name":"Accueil","item":"https:\/\/chargeplus.totalenergies.com\/es\/"},{"@type":"ListItem","position":2,"name":"Aplicaci\u00f3n m\u00f3vil"}]},{"@type":"WebSite","@id":"https:\/\/chargeplus.totalenergies.com\/es\/#website","url":"https:\/\/chargeplus.totalenergies.com\/es\/","name":"Charge+","description":"Voiture \u00e9lectrique : le guide pratique de la recharge","publisher":{"@id":"https:\/\/chargeplus.totalenergies.com\/es\/#organization"},"potentialAction":[{"@type":"SearchAction","target":{"@type":"EntryPoint","urlTemplate":"https:\/\/chargeplus.totalenergies.com\/es\/?s={search_term_string}"},"query-input":{"@type":"PropertyValueSpecification","valueRequired":true,"valueName":"search_term_string"}}],"inLanguage":"es"},{"@type":"Organization","@id":"https:\/\/chargeplus.totalenergies.com\/es\/#organization","name":"Charge+","url":"https:\/\/chargeplus.totalenergies.com\/es\/","logo":{"@type":"ImageObject","inLanguage":"es","@id":"https:\/\/chargeplus.totalenergies.com\/es\/#\/schema\/logo\/image\/","url":"https:\/\/chargeplus.totalenergies.com\/wp-inside\/uploads\/2023\/07\/logo-borne-recharge.jpg","contentUrl":"https:\/\/chargeplus.totalenergies.com\/wp-inside\/uploads\/2023\/07\/logo-borne-recharge.jpg","width":150,"height":150,"caption":"Charge+"},"image":{"@id":"https:\/\/chargeplus.totalenergies.com\/es\/#\/schema\/logo\/image\/"}}]}},"_links":{"self":[{"href":"https:\/\/chargeplus.totalenergies.com\/es\/wp-json\/wp\/v2\/pages\/4471","targetHints":{"allow":["GET"]}}],"collection":[{"href":"https:\/\/chargeplus.totalenergies.com\/es\/wp-json\/wp\/v2\/pages"}],"about":[{"href":"https:\/\/chargeplus.totalenergies.com\/es\/wp-json\/wp\/v2\/types\/page"}],"author":[{"embeddable":true,"href":"https:\/\/chargeplus.totalenergies.com\/es\/wp-json\/wp\/v2\/users\/3"}],"replies":[{"embeddable":true,"href":"https:\/\/chargeplus.totalenergies.com\/es\/wp-json\/wp\/v2\/comments?post=4471"}],"version-history":[{"count":15,"href":"https:\/\/chargeplus.totalenergies.com\/es\/wp-json\/wp\/v2\/pages\/4471\/revisions"}],"predecessor-version":[{"id":5005,"href":"https:\/\/chargeplus.totalenergies.com\/es\/wp-json\/wp\/v2\/pages\/4471\/revisions\/5005"}],"wp:featuredmedia":[{"embeddable":true,"href":"https:\/\/chargeplus.totalenergies.com\/es\/wp-json\/wp\/v2\/media\/4444"}],"wp:attachment":[{"href":"https:\/\/chargeplus.totalenergies.com\/es\/wp-json\/wp\/v2\/media?parent=4471"}],"curies":[{"name":"wp","href":"https:\/\/api.w.org\/{rel}","templated":true}]}}