{"id":4587,"date":"2023-06-29T14:27:55","date_gmt":"2023-06-29T12:27:55","guid":{"rendered":"https:\/\/chargeplus.totalenergies.com\/charge\/"},"modified":"2026-01-27T17:58:29","modified_gmt":"2026-01-27T16:58:29","slug":"charge","status":"publish","type":"page","link":"https:\/\/chargeplus.totalenergies.com\/es\/","title":{"rendered":"Voiture \u00e9lectrique : le guide pratique de la recharge"},"content":{"rendered":"<div class=\"wp-post-content\"><!-- zone:zn_pagebanner [0] --><br \/>\n\t\t<!-- \/zone:zn_pagebanner [0] -->\n<\/div>\n","protected":false},"excerpt":{"rendered":"","protected":false},"author":3,"featured_media":0,"parent":0,"menu_order":0,"comment_status":"closed","ping_status":"closed","template":"","meta":{"_acf_changed":false,"footnotes":""},"class_list":["post-4587","page","type-page","status-publish","hentry","wp-sticky"],"acf":[],"yoast_head":"<!-- This site is optimized with the Yoast SEO plugin v27.5 - https:\/\/yoast.com\/product\/yoast-seo-wordpress\/ -->\n<title>Recharger son v\u00e9hicule \u00e9lectrique : la solution id\u00e9ale ! | Charge+<\/title>\n<meta name=\"description\" content=\"Vous souhaitez vous simplifier le quotidien avec la recharge de votre voiture \u00e9lectrique ? Charge+ est la carte de recharge qu\u2019il vous faut !\" \/>\n<meta name=\"robots\" content=\"index, follow, max-snippet:-1, max-image-preview:large, max-video-preview:-1\" \/>\n<link rel=\"canonical\" href=\"https:\/\/chargeplus.totalenergies.com\/es\/\" \/>\n<meta property=\"og:locale\" content=\"es_ES\" \/>\n<meta property=\"og:type\" content=\"article\" \/>\n<meta property=\"og:title\" content=\"Recharger son v\u00e9hicule \u00e9lectrique : la solution id\u00e9ale ! | Charge+\" \/>\n<meta property=\"og:description\" content=\"Vous souhaitez vous simplifier le quotidien avec la recharge de votre voiture \u00e9lectrique ? Charge+ est la carte de recharge qu\u2019il vous faut !\" \/>\n<meta property=\"og:url\" content=\"https:\/\/chargeplus.totalenergies.com\/es\/\" \/>\n<meta property=\"og:site_name\" content=\"Charge+\" \/>\n<meta property=\"article:modified_time\" content=\"2026-01-27T16:58:29+00:00\" \/>\n<meta property=\"og:image\" content=\"https:\/\/chargeplus.totalenergies.com\/wp-inside\/uploads\/2025\/05\/blc_picto-recharge_bleu-e1750334318673.png\" \/>\n\t<meta property=\"og:image:width\" content=\"150\" \/>\n\t<meta property=\"og:image:height\" content=\"150\" \/>\n\t<meta property=\"og:image:type\" content=\"image\/png\" \/>\n<meta name=\"twitter:card\" content=\"summary_large_image\" \/>\n<script type=\"application\/ld+json\" class=\"yoast-schema-graph\">{\"@context\":\"https:\\\/\\\/schema.org\",\"@graph\":[{\"@type\":\"WebPage\",\"@id\":\"https:\\\/\\\/chargeplus.totalenergies.com\\\/es\\\/\",\"url\":\"https:\\\/\\\/chargeplus.totalenergies.com\\\/es\\\/\",\"name\":\"Recharger son v\u00e9hicule \u00e9lectrique : la solution id\u00e9ale !\",\"isPartOf\":{\"@id\":\"https:\\\/\\\/chargeplus.totalenergies.com\\\/es\\\/#website\"},\"datePublished\":\"2023-06-29T12:27:55+00:00\",\"dateModified\":\"2026-01-27T16:58:29+00:00\",\"description\":\"Vous souhaitez vous simplifier le quotidien avec la recharge de votre voiture \u00e9lectrique ? Charge+ est la carte de recharge qu\u2019il vous faut !\",\"breadcrumb\":{\"@id\":\"https:\\\/\\\/chargeplus.totalenergies.com\\\/es\\\/#breadcrumb\"},\"inLanguage\":\"es\",\"potentialAction\":[{\"@type\":\"ReadAction\",\"target\":[\"https:\\\/\\\/chargeplus.totalenergies.com\\\/es\\\/\"]}]},{\"@type\":\"BreadcrumbList\",\"@id\":\"https:\\\/\\\/chargeplus.totalenergies.com\\\/es\\\/#breadcrumb\",\"itemListElement\":[{\"@type\":\"ListItem\",\"position\":1,\"name\":\"Accueil\",\"item\":\"https:\\\/\\\/chargeplus.totalenergies.com\\\/es\\\/\"},{\"@type\":\"ListItem\",\"position\":2,\"name\":\"Voiture \u00e9lectrique : le guide pratique de la recharge\"}]},{\"@type\":\"WebSite\",\"@id\":\"https:\\\/\\\/chargeplus.totalenergies.com\\\/es\\\/#website\",\"url\":\"https:\\\/\\\/chargeplus.totalenergies.com\\\/es\\\/\",\"name\":\"Charge+\",\"description\":\"Voiture \u00e9lectrique : le guide pratique de la recharge\",\"publisher\":{\"@id\":\"https:\\\/\\\/chargeplus.totalenergies.com\\\/es\\\/#organization\"},\"potentialAction\":[{\"@type\":\"SearchAction\",\"target\":{\"@type\":\"EntryPoint\",\"urlTemplate\":\"https:\\\/\\\/chargeplus.totalenergies.com\\\/es\\\/?s={search_term_string}\"},\"query-input\":{\"@type\":\"PropertyValueSpecification\",\"valueRequired\":true,\"valueName\":\"search_term_string\"}}],\"inLanguage\":\"es\"},{\"@type\":\"Organization\",\"@id\":\"https:\\\/\\\/chargeplus.totalenergies.com\\\/es\\\/#organization\",\"name\":\"Charge+\",\"url\":\"https:\\\/\\\/chargeplus.totalenergies.com\\\/es\\\/\",\"logo\":{\"@type\":\"ImageObject\",\"inLanguage\":\"es\",\"@id\":\"https:\\\/\\\/chargeplus.totalenergies.com\\\/es\\\/#\\\/schema\\\/logo\\\/image\\\/\",\"url\":\"https:\\\/\\\/chargeplus.totalenergies.com\\\/wp-inside\\\/uploads\\\/2023\\\/07\\\/logo-borne-recharge.jpg\",\"contentUrl\":\"https:\\\/\\\/chargeplus.totalenergies.com\\\/wp-inside\\\/uploads\\\/2023\\\/07\\\/logo-borne-recharge.jpg\",\"width\":150,\"height\":150,\"caption\":\"Charge+\"},\"image\":{\"@id\":\"https:\\\/\\\/chargeplus.totalenergies.com\\\/es\\\/#\\\/schema\\\/logo\\\/image\\\/\"}}]}<\/script>\n<!-- \/ Yoast SEO plugin. -->","yoast_head_json":{"title":"Recharger son v\u00e9hicule \u00e9lectrique : la solution id\u00e9ale ! | Charge+","description":"Vous souhaitez vous simplifier le quotidien avec la recharge de votre voiture \u00e9lectrique ? Charge+ est la carte de recharge qu\u2019il vous faut !","robots":{"index":"index","follow":"follow","max-snippet":"max-snippet:-1","max-image-preview":"max-image-preview:large","max-video-preview":"max-video-preview:-1"},"canonical":"https:\/\/chargeplus.totalenergies.com\/es\/","og_locale":"es_ES","og_type":"article","og_title":"Recharger son v\u00e9hicule \u00e9lectrique : la solution id\u00e9ale ! | Charge+","og_description":"Vous souhaitez vous simplifier le quotidien avec la recharge de votre voiture \u00e9lectrique ? Charge+ est la carte de recharge qu\u2019il vous faut !","og_url":"https:\/\/chargeplus.totalenergies.com\/es\/","og_site_name":"Charge+","article_modified_time":"2026-01-27T16:58:29+00:00","og_image":[{"width":150,"height":150,"url":"https:\/\/chargeplus.totalenergies.com\/wp-inside\/uploads\/2025\/05\/blc_picto-recharge_bleu-e1750334318673.png","type":"image\/png"}],"twitter_card":"summary_large_image","schema":{"@context":"https:\/\/schema.org","@graph":[{"@type":"WebPage","@id":"https:\/\/chargeplus.totalenergies.com\/es\/","url":"https:\/\/chargeplus.totalenergies.com\/es\/","name":"Recharger son v\u00e9hicule \u00e9lectrique : la solution id\u00e9ale !","isPartOf":{"@id":"https:\/\/chargeplus.totalenergies.com\/es\/#website"},"datePublished":"2023-06-29T12:27:55+00:00","dateModified":"2026-01-27T16:58:29+00:00","description":"Vous souhaitez vous simplifier le quotidien avec la recharge de votre voiture \u00e9lectrique ? Charge+ est la carte de recharge qu\u2019il vous faut !","breadcrumb":{"@id":"https:\/\/chargeplus.totalenergies.com\/es\/#breadcrumb"},"inLanguage":"es","potentialAction":[{"@type":"ReadAction","target":["https:\/\/chargeplus.totalenergies.com\/es\/"]}]},{"@type":"BreadcrumbList","@id":"https:\/\/chargeplus.totalenergies.com\/es\/#breadcrumb","itemListElement":[{"@type":"ListItem","position":1,"name":"Accueil","item":"https:\/\/chargeplus.totalenergies.com\/es\/"},{"@type":"ListItem","position":2,"name":"Voiture \u00e9lectrique : le guide pratique de la recharge"}]},{"@type":"WebSite","@id":"https:\/\/chargeplus.totalenergies.com\/es\/#website","url":"https:\/\/chargeplus.totalenergies.com\/es\/","name":"Charge+","description":"Voiture \u00e9lectrique : le guide pratique de la recharge","publisher":{"@id":"https:\/\/chargeplus.totalenergies.com\/es\/#organization"},"potentialAction":[{"@type":"SearchAction","target":{"@type":"EntryPoint","urlTemplate":"https:\/\/chargeplus.totalenergies.com\/es\/?s={search_term_string}"},"query-input":{"@type":"PropertyValueSpecification","valueRequired":true,"valueName":"search_term_string"}}],"inLanguage":"es"},{"@type":"Organization","@id":"https:\/\/chargeplus.totalenergies.com\/es\/#organization","name":"Charge+","url":"https:\/\/chargeplus.totalenergies.com\/es\/","logo":{"@type":"ImageObject","inLanguage":"es","@id":"https:\/\/chargeplus.totalenergies.com\/es\/#\/schema\/logo\/image\/","url":"https:\/\/chargeplus.totalenergies.com\/wp-inside\/uploads\/2023\/07\/logo-borne-recharge.jpg","contentUrl":"https:\/\/chargeplus.totalenergies.com\/wp-inside\/uploads\/2023\/07\/logo-borne-recharge.jpg","width":150,"height":150,"caption":"Charge+"},"image":{"@id":"https:\/\/chargeplus.totalenergies.com\/es\/#\/schema\/logo\/image\/"}}]}},"_links":{"self":[{"href":"https:\/\/chargeplus.totalenergies.com\/es\/wp-json\/wp\/v2\/pages\/4587","targetHints":{"allow":["GET"]}}],"collection":[{"href":"https:\/\/chargeplus.totalenergies.com\/es\/wp-json\/wp\/v2\/pages"}],"about":[{"href":"https:\/\/chargeplus.totalenergies.com\/es\/wp-json\/wp\/v2\/types\/page"}],"author":[{"embeddable":true,"href":"https:\/\/chargeplus.totalenergies.com\/es\/wp-json\/wp\/v2\/users\/3"}],"replies":[{"embeddable":true,"href":"https:\/\/chargeplus.totalenergies.com\/es\/wp-json\/wp\/v2\/comments?post=4587"}],"version-history":[{"count":2,"href":"https:\/\/chargeplus.totalenergies.com\/es\/wp-json\/wp\/v2\/pages\/4587\/revisions"}],"predecessor-version":[{"id":4850,"href":"https:\/\/chargeplus.totalenergies.com\/es\/wp-json\/wp\/v2\/pages\/4587\/revisions\/4850"}],"wp:attachment":[{"href":"https:\/\/chargeplus.totalenergies.com\/es\/wp-json\/wp\/v2\/media?parent=4587"}],"curies":[{"name":"wp","href":"https:\/\/api.w.org\/{rel}","templated":true}]}}