{"id":1010,"date":"2023-07-28T09:18:34","date_gmt":"2023-07-28T07:18:34","guid":{"rendered":"https:\/\/chargeplus.totalenergies.com\/?page_id=1010"},"modified":"2025-11-17T10:07:01","modified_gmt":"2025-11-17T09:07:01","slug":"partir-en-vacances-en-voitures-electriques","status":"publish","type":"page","link":"https:\/\/chargeplus.totalenergies.com\/fr\/conseils-recharge-electrique\/partir-en-vacances-en-voitures-electriques\/","title":{"rendered":"Partir en vacances en voiture \u00e9lectrique&#160;: notre guide pratique"},"content":{"rendered":"<div class=\"wp-post-content\"><!-- zone:zn_pagebanner [0] --><br \/>\n\t\t<!-- \/zone:zn_pagebanner [0] --><br \/>\n<!-- zone:zn_text [1] --><\/p>\n<h2>Pr\u00e9parer un long trajet en voiture \u00e9lectrique : les points cl\u00e9s<\/h2>\n<p>Partir en vacances en voiture \u00e9lectrique, cela s\u2019organise ! Pour un voyage serein, voici quelques \u00e9l\u00e9ments essentiels \u00e0 passer en revue avant le grand d\u00e9part.<\/p>\n<h3>Utiliser une voiture \u00e9lectrique adapt\u00e9e aux longues distances<\/h3>\n<p>Bien s\u00fbr, voyager est possible avec n\u2019importe quel <a href=\"https:\/\/chargeplus.totalenergies.com\/fr\/marques-de-voitures\/\">v\u00e9hicule \u00e9lectrique<\/a>. Mais <strong>certaines voitures sont plus adapt\u00e9es que d\u2019autres aux longs trajets<\/strong>. Une petite citadine vous imposera des arr\u00eats tr\u00e8s fr\u00e9quents pour recharger la batterie. Les mod\u00e8les \u00e0 plus grande autonomie, en revanche, vous \u00e9viteront de multiplier les charges et le temps d\u2019attente aux bornes.<\/p>\n<p>Si vous pr\u00e9voyez d\u2019utiliser votre v\u00e9hicule pour partir en vacances sur de longs trajets, privil\u00e9giez une voiture \u00e0 <strong>l\u2019autonomie suffisante<\/strong> (400 km, par exemple) et \u00e0 <strong>la capacit\u00e9 de recharge importante<\/strong>. Si la puissance de recharge maximale tol\u00e9r\u00e9e par votre voiture n\u2019est que de quelques kW, vous ne pourrez pas utiliser les bornes de recharge rapides sur autoroute (50 kW).<\/p>\n<p>Enfin, avant de prendre la route, n\u2019oubliez pas d\u2019<strong>effectuer un contr\u00f4le minutieux de l\u2019\u00e9tat g\u00e9n\u00e9ral de la voiture<\/strong>. Niveau de la batterie, \u00e9tat des freins, pression des pneus\u2026 Comme pour un d\u00e9part en vacances avec un v\u00e9hicule diesel ou \u00e0 essence, tout doit \u00eatre v\u00e9rifi\u00e9.<\/p>\n<p>\t\t\t<!-- \/zone:zn_text [1] --><br \/>\n<!-- zone:zn_text [3] --><\/p>\n<h3>Planifier son itin\u00e9raire en fonction des bornes de recharge<\/h3>\n<p>Lorsque l\u2019on part en vacances, on pr\u00e9pare bien souvent son itin\u00e9raire \u00e0 l\u2019avance. Mais en roulant \u00e0 l\u2019\u00e9lectrique,<strong> cet itin\u00e9raire devra forc\u00e9ment s\u2019adapter aux besoins du v\u00e9hicule<\/strong>. En fonction de la distance \u00e0 parcourir et de l\u2019autonomie de votre voiture, <strong>une ou plusieurs recharges seront sans doute n\u00e9cessaires<\/strong> durant votre trajet.<\/p>\n<p>Avec plus de 160 000 points de recharge partout en France, vous ne devriez pas avoir trop de mal \u00e0 en trouver le long de votre parcours. Elles se trouvent principalement sur les aires d\u2019autoroutes, les parkings, dans les stations-service et sur la voirie dans de nombreuses communes. Mais pour voyager sans stress et garder une bonne marge de s\u00e9curit\u00e9, <strong>planifiez votre trajet en avance et identifiez les lieux o\u00f9 vous pourrez recharger votre batterie<\/strong>.<\/p>\n<p>Pour les situer efficacement, vous pouvez utiliser votre GPS ou consulter la carte interactive du gouvernement. Encore plus simple, <strong>des applications mobiles permettent de localiser l\u2019ensemble des bornes<\/strong> et fournissent diff\u00e9rentes informations utiles en temps r\u00e9el, notamment :<\/p>\n<ul>\n<li>la disponibilit\u00e9 de la borne ;<\/li>\n<li>les diff\u00e9rents tarifs ;<\/li>\n<li>la puissance de charge ;<\/li>\n<li>le type de connecteur utilis\u00e9 ;<\/li>\n<li>les moyens de paiement accept\u00e9s ;<\/li>\n<li>les \u00e9ventuels commentaires et avis des utilisateurs.<\/li>\n<\/ul>\n<p>\u00c0 lire aussi : <a href=\"https:\/\/chargeplus.totalenergies.com\/fr\/conseils-recharge-electrique\/comment-recharger-voiture-electrique-rapidement\/\">Comment recharger sa voiture \u00e9lectrique rapidement ?<\/a><\/p>\n<p>&nbsp;<\/p>\n<p><a class=\"button\" href=\"https:\/\/chargeplus.totalenergies.com\/fr\/application-mobile\/\">D\u00e9couvrez l&rsquo;application Charge+<\/a><\/p>\n<h3>V\u00e9rifier les modalit\u00e9s d&rsquo;acc\u00e8s aux stations de recharge<\/h3>\n<p>Avec un <a href=\"https:\/\/chargeplus.totalenergies.com\/fr\/trouver-borne-recharge\/reseau-de-bornes\/\">r\u00e9seau de bornes<\/a> de plus en plus dense, recharger sa voiture \u00e9lectrique en vacances n\u2019est plus un si gros challenge aujourd\u2019hui. Les difficult\u00e9s que vous pourriez rencontrer concernent plut\u00f4t les moyens d\u2019acc\u00e9der aux stations de recharge.<br \/>\nEn France et en Europe, <strong>de nombreux r\u00e9seaux de recharge existent, permettant principalement le paiement par <a href=\"https:\/\/chargeplus.totalenergies.com\/fr\/carte-de-recharge\/\">badge de recharge<\/a><\/strong>. Et rares sont les bornes proposant le r\u00e8glement par carte bancaire. Cependant, de plus en plus de <strong>badges multi-r\u00e9seaux<\/strong> commencent \u00e0 \u00eatre propos\u00e9s et permettent d\u2019acc\u00e9der \u00e0 la majorit\u00e9 des bornes de recharge pr\u00e9sentes en France et dans certains pays europ\u00e9ens. Pour \u00e9viter les mauvaises surprises, renseignez-vous avant de partir. D\u2019un r\u00e9seau de recharge \u00e0 l\u2019autre, le tarif peut \u00eatre tr\u00e8s variable et une commission vous sera \u00e9galement factur\u00e9e.<\/p>\n<p><a class=\"button\" href=\"https:\/\/chargeplus.totalenergies.com\/fr\/trouver-borne-recharge\/\">Trouver une bonne de recharge<\/a><\/p>\n<p>\t\t\t<!-- \/zone:zn_text [3] --><br \/>\n<!-- zone:zn_text_img [5] --><\/p>\n<h2>Voyage \u00e0 l\u2019\u00e9tranger : bien s\u2019organiser pour partir en vacances en voiture \u00e9lectrique<\/h2>\n<p>Vous pr\u00e9voyez des vacances \u00e0 l\u2019\u00e9tranger ? Que vous rouliez \u00e0 l\u2019\u00e9lectrique, \u00e0 l\u2019essence ou au diesel, il est indispensable de <strong>v\u00e9rifier la couverture de votre assurance auto hors de France<\/strong>. Sur votre carte verte, vous trouverez la liste de tous les pays couverts par votre contrat d\u2019assurance. Concernant les risques garantis, ils d\u00e9pendent de la formule souscrite. Si votre voiture est assur\u00e9e uniquement pour la responsabilit\u00e9 civile (\u00ab au tiers \u00bb), seuls les dommages caus\u00e9s aux tiers seront couverts en cas de sinistre. Mais m\u00eame avec des garanties suppl\u00e9mentaires (par exemple avec une formule \u00ab tous risques \u00bb), des restrictions sont possibles en fonction des pays. Pour voyager plus sereinement, contactez votre assurance et ajustez si besoin les garanties de votre contrat auto.<\/p>\n<p><strong>En mati\u00e8re de recharge \u00e9lectrique, renseignez-vous sur les infrastructures et les normes applicables<\/strong> l\u00e0 o\u00f9 vous s\u00e9journerez. V\u00e9rifiez la <a href=\"https:\/\/chargeplus.totalenergies.com\/fr\/marques-de-voitures\/\">compatibilit\u00e9 avec votre v\u00e9hicule<\/a> et emportez les c\u00e2bles de recharge appropri\u00e9s. Pour les bornes dont la puissance ne d\u00e9passe pas 22 kW, <a href=\"https:\/\/chargeplus.totalenergies.com\/fr\/conseils-recharge-electrique\/prise-type2\/\">les prises de type 2<\/a> sont le standard europ\u00e9en et sont donc couramment utilis\u00e9es. Les bornes plus puissantes, quant \u00e0 elles, sont obligatoirement \u00e9quip\u00e9es de leur propre c\u00e2ble de recharge. Le branchement se fait c\u00f4t\u00e9 voiture et c\u2019est le <a href=\"https:\/\/chargeplus.totalenergies.com\/fr\/conseils-recharge-electrique\/prise-combo-ccs\/\">Connecteur Combo CCS<\/a> qui est le standard europ\u00e9en.<\/p>\n<p><!-- \/zone:zn_text_img [5] -->\n<\/div>\n","protected":false},"excerpt":{"rendered":"<p>Pr\u00e9parer un long trajet en voiture \u00e9lectrique : les points cl\u00e9s Partir en vacances en voiture \u00e9lectrique, cela s\u2019organise ! Pour un voyage serein, voici quelques \u00e9l\u00e9ments essentiels \u00e0 passer [&hellip;]<\/p>\n","protected":false},"author":3,"featured_media":1012,"parent":445,"menu_order":45,"comment_status":"closed","ping_status":"closed","template":"","meta":{"_acf_changed":false,"footnotes":""},"class_list":["post-1010","page","type-page","status-publish","has-post-thumbnail","hentry","wp-sticky"],"acf":[],"yoast_head":"<!-- This site is optimized with the Yoast SEO plugin v27.5 - https:\/\/yoast.com\/product\/yoast-seo-wordpress\/ -->\n<title>Vacances en voiture \u00e9lectrique - comment bien se pr\u00e9parer ? | Charge+<\/title>\n<meta name=\"description\" content=\"Pour un voyage sans stress, d\u00e9couvrez toutes les astuces Charge+ dans notre guide pratique. Partir en vacances en voiture \u00e9lectrique n&#039;aura jamais \u00e9t\u00e9 aussi simple.\" \/>\n<meta name=\"robots\" content=\"index, follow, max-snippet:-1, max-image-preview:large, max-video-preview:-1\" \/>\n<link rel=\"canonical\" href=\"https:\/\/chargeplus.totalenergies.com\/fr\/conseils-recharge-electrique\/partir-en-vacances-en-voitures-electriques\/\" \/>\n<meta property=\"og:locale\" content=\"fr_FR\" \/>\n<meta property=\"og:type\" content=\"article\" \/>\n<meta property=\"og:title\" content=\"Vacances en voiture \u00e9lectrique - comment bien se pr\u00e9parer ? | Charge+\" \/>\n<meta property=\"og:description\" content=\"Pour un voyage sans stress, d\u00e9couvrez toutes les astuces Charge+ dans notre guide pratique. Partir en vacances en voiture \u00e9lectrique n&#039;aura jamais \u00e9t\u00e9 aussi simple.\" \/>\n<meta property=\"og:url\" content=\"https:\/\/chargeplus.totalenergies.com\/fr\/conseils-recharge-electrique\/partir-en-vacances-en-voitures-electriques\/\" \/>\n<meta property=\"og:site_name\" content=\"Charge+\" \/>\n<meta property=\"article:modified_time\" content=\"2025-11-17T09:07:01+00:00\" \/>\n<meta property=\"og:image\" content=\"https:\/\/chargeplus.totalenergies.com\/wp-inside\/uploads\/2023\/07\/voiture-electrique-partir-vacances.jpg\" \/>\n\t<meta property=\"og:image:width\" content=\"1500\" \/>\n\t<meta property=\"og:image:height\" content=\"1000\" \/>\n\t<meta property=\"og:image:type\" content=\"image\/jpeg\" \/>\n<meta name=\"twitter:card\" content=\"summary_large_image\" \/>\n<meta name=\"twitter:label1\" content=\"Dur\u00e9e de lecture estim\u00e9e\" \/>\n\t<meta name=\"twitter:data1\" content=\"4 minutes\" \/>\n<script type=\"application\/ld+json\" class=\"yoast-schema-graph\">{\"@context\":\"https:\\\/\\\/schema.org\",\"@graph\":[{\"@type\":\"WebPage\",\"@id\":\"https:\\\/\\\/chargeplus.totalenergies.com\\\/fr\\\/conseils-recharge-electrique\\\/partir-en-vacances-en-voitures-electriques\\\/\",\"url\":\"https:\\\/\\\/chargeplus.totalenergies.com\\\/fr\\\/conseils-recharge-electrique\\\/partir-en-vacances-en-voitures-electriques\\\/\",\"name\":\"Vacances en voiture \u00e9lectrique - comment bien se pr\u00e9parer ?\",\"isPartOf\":{\"@id\":\"https:\\\/\\\/chargeplus.totalenergies.com\\\/fr\\\/#website\"},\"primaryImageOfPage\":{\"@id\":\"https:\\\/\\\/chargeplus.totalenergies.com\\\/fr\\\/conseils-recharge-electrique\\\/partir-en-vacances-en-voitures-electriques\\\/#primaryimage\"},\"image\":{\"@id\":\"https:\\\/\\\/chargeplus.totalenergies.com\\\/fr\\\/conseils-recharge-electrique\\\/partir-en-vacances-en-voitures-electriques\\\/#primaryimage\"},\"thumbnailUrl\":\"https:\\\/\\\/chargeplus.totalenergies.com\\\/wp-inside\\\/uploads\\\/2023\\\/07\\\/voiture-electrique-partir-vacances.jpg\",\"datePublished\":\"2023-07-28T07:18:34+00:00\",\"dateModified\":\"2025-11-17T09:07:01+00:00\",\"description\":\"Pour un voyage sans stress, d\u00e9couvrez toutes les astuces Charge+ dans notre guide pratique. Partir en vacances en voiture \u00e9lectrique n'aura jamais \u00e9t\u00e9 aussi simple.\",\"breadcrumb\":{\"@id\":\"https:\\\/\\\/chargeplus.totalenergies.com\\\/fr\\\/conseils-recharge-electrique\\\/partir-en-vacances-en-voitures-electriques\\\/#breadcrumb\"},\"inLanguage\":\"fr-FR\",\"potentialAction\":[{\"@type\":\"ReadAction\",\"target\":[\"https:\\\/\\\/chargeplus.totalenergies.com\\\/fr\\\/conseils-recharge-electrique\\\/partir-en-vacances-en-voitures-electriques\\\/\"]}]},{\"@type\":\"ImageObject\",\"inLanguage\":\"fr-FR\",\"@id\":\"https:\\\/\\\/chargeplus.totalenergies.com\\\/fr\\\/conseils-recharge-electrique\\\/partir-en-vacances-en-voitures-electriques\\\/#primaryimage\",\"url\":\"https:\\\/\\\/chargeplus.totalenergies.com\\\/wp-inside\\\/uploads\\\/2023\\\/07\\\/voiture-electrique-partir-vacances.jpg\",\"contentUrl\":\"https:\\\/\\\/chargeplus.totalenergies.com\\\/wp-inside\\\/uploads\\\/2023\\\/07\\\/voiture-electrique-partir-vacances.jpg\",\"width\":1500,\"height\":1000,\"caption\":\"partir en vacances en voiture \u00e9lectrique\"},{\"@type\":\"BreadcrumbList\",\"@id\":\"https:\\\/\\\/chargeplus.totalenergies.com\\\/fr\\\/conseils-recharge-electrique\\\/partir-en-vacances-en-voitures-electriques\\\/#breadcrumb\",\"itemListElement\":[{\"@type\":\"ListItem\",\"position\":1,\"name\":\"Accueil\",\"item\":\"https:\\\/\\\/chargeplus.totalenergies.com\\\/fr\\\/\"},{\"@type\":\"ListItem\",\"position\":2,\"name\":\"Voiture \u00e9lectrique&#160;: nos conseils sur la recharge\",\"item\":\"https:\\\/\\\/chargeplus.totalenergies.com\\\/fr\\\/conseils-recharge-electrique\\\/\"},{\"@type\":\"ListItem\",\"position\":3,\"name\":\"Partir en vacances en voiture \u00e9lectrique&#160;: notre guide pratique\"}]},{\"@type\":\"WebSite\",\"@id\":\"https:\\\/\\\/chargeplus.totalenergies.com\\\/fr\\\/#website\",\"url\":\"https:\\\/\\\/chargeplus.totalenergies.com\\\/fr\\\/\",\"name\":\"Charge+\",\"description\":\"Voiture \u00e9lectrique : le guide pratique de la recharge\",\"publisher\":{\"@id\":\"https:\\\/\\\/chargeplus.totalenergies.com\\\/fr\\\/#organization\"},\"potentialAction\":[{\"@type\":\"SearchAction\",\"target\":{\"@type\":\"EntryPoint\",\"urlTemplate\":\"https:\\\/\\\/chargeplus.totalenergies.com\\\/fr\\\/?s={search_term_string}\"},\"query-input\":{\"@type\":\"PropertyValueSpecification\",\"valueRequired\":true,\"valueName\":\"search_term_string\"}}],\"inLanguage\":\"fr-FR\"},{\"@type\":\"Organization\",\"@id\":\"https:\\\/\\\/chargeplus.totalenergies.com\\\/fr\\\/#organization\",\"name\":\"Charge+\",\"url\":\"https:\\\/\\\/chargeplus.totalenergies.com\\\/fr\\\/\",\"logo\":{\"@type\":\"ImageObject\",\"inLanguage\":\"fr-FR\",\"@id\":\"https:\\\/\\\/chargeplus.totalenergies.com\\\/fr\\\/#\\\/schema\\\/logo\\\/image\\\/\",\"url\":\"https:\\\/\\\/chargeplus.totalenergies.com\\\/wp-inside\\\/uploads\\\/2023\\\/07\\\/logo-borne-recharge.jpg\",\"contentUrl\":\"https:\\\/\\\/chargeplus.totalenergies.com\\\/wp-inside\\\/uploads\\\/2023\\\/07\\\/logo-borne-recharge.jpg\",\"width\":150,\"height\":150,\"caption\":\"Charge+\"},\"image\":{\"@id\":\"https:\\\/\\\/chargeplus.totalenergies.com\\\/fr\\\/#\\\/schema\\\/logo\\\/image\\\/\"}}]}<\/script>\n<!-- \/ Yoast SEO plugin. -->","yoast_head_json":{"title":"Vacances en voiture \u00e9lectrique - comment bien se pr\u00e9parer ? | Charge+","description":"Pour un voyage sans stress, d\u00e9couvrez toutes les astuces Charge+ dans notre guide pratique. Partir en vacances en voiture \u00e9lectrique n'aura jamais \u00e9t\u00e9 aussi simple.","robots":{"index":"index","follow":"follow","max-snippet":"max-snippet:-1","max-image-preview":"max-image-preview:large","max-video-preview":"max-video-preview:-1"},"canonical":"https:\/\/chargeplus.totalenergies.com\/fr\/conseils-recharge-electrique\/partir-en-vacances-en-voitures-electriques\/","og_locale":"fr_FR","og_type":"article","og_title":"Vacances en voiture \u00e9lectrique - comment bien se pr\u00e9parer ? | Charge+","og_description":"Pour un voyage sans stress, d\u00e9couvrez toutes les astuces Charge+ dans notre guide pratique. Partir en vacances en voiture \u00e9lectrique n'aura jamais \u00e9t\u00e9 aussi simple.","og_url":"https:\/\/chargeplus.totalenergies.com\/fr\/conseils-recharge-electrique\/partir-en-vacances-en-voitures-electriques\/","og_site_name":"Charge+","article_modified_time":"2025-11-17T09:07:01+00:00","og_image":[{"width":1500,"height":1000,"url":"https:\/\/chargeplus.totalenergies.com\/wp-inside\/uploads\/2023\/07\/voiture-electrique-partir-vacances.jpg","type":"image\/jpeg"}],"twitter_card":"summary_large_image","twitter_misc":{"Dur\u00e9e de lecture estim\u00e9e":"4 minutes"},"schema":{"@context":"https:\/\/schema.org","@graph":[{"@type":"WebPage","@id":"https:\/\/chargeplus.totalenergies.com\/fr\/conseils-recharge-electrique\/partir-en-vacances-en-voitures-electriques\/","url":"https:\/\/chargeplus.totalenergies.com\/fr\/conseils-recharge-electrique\/partir-en-vacances-en-voitures-electriques\/","name":"Vacances en voiture \u00e9lectrique - comment bien se pr\u00e9parer ?","isPartOf":{"@id":"https:\/\/chargeplus.totalenergies.com\/fr\/#website"},"primaryImageOfPage":{"@id":"https:\/\/chargeplus.totalenergies.com\/fr\/conseils-recharge-electrique\/partir-en-vacances-en-voitures-electriques\/#primaryimage"},"image":{"@id":"https:\/\/chargeplus.totalenergies.com\/fr\/conseils-recharge-electrique\/partir-en-vacances-en-voitures-electriques\/#primaryimage"},"thumbnailUrl":"https:\/\/chargeplus.totalenergies.com\/wp-inside\/uploads\/2023\/07\/voiture-electrique-partir-vacances.jpg","datePublished":"2023-07-28T07:18:34+00:00","dateModified":"2025-11-17T09:07:01+00:00","description":"Pour un voyage sans stress, d\u00e9couvrez toutes les astuces Charge+ dans notre guide pratique. Partir en vacances en voiture \u00e9lectrique n'aura jamais \u00e9t\u00e9 aussi simple.","breadcrumb":{"@id":"https:\/\/chargeplus.totalenergies.com\/fr\/conseils-recharge-electrique\/partir-en-vacances-en-voitures-electriques\/#breadcrumb"},"inLanguage":"fr-FR","potentialAction":[{"@type":"ReadAction","target":["https:\/\/chargeplus.totalenergies.com\/fr\/conseils-recharge-electrique\/partir-en-vacances-en-voitures-electriques\/"]}]},{"@type":"ImageObject","inLanguage":"fr-FR","@id":"https:\/\/chargeplus.totalenergies.com\/fr\/conseils-recharge-electrique\/partir-en-vacances-en-voitures-electriques\/#primaryimage","url":"https:\/\/chargeplus.totalenergies.com\/wp-inside\/uploads\/2023\/07\/voiture-electrique-partir-vacances.jpg","contentUrl":"https:\/\/chargeplus.totalenergies.com\/wp-inside\/uploads\/2023\/07\/voiture-electrique-partir-vacances.jpg","width":1500,"height":1000,"caption":"partir en vacances en voiture \u00e9lectrique"},{"@type":"BreadcrumbList","@id":"https:\/\/chargeplus.totalenergies.com\/fr\/conseils-recharge-electrique\/partir-en-vacances-en-voitures-electriques\/#breadcrumb","itemListElement":[{"@type":"ListItem","position":1,"name":"Accueil","item":"https:\/\/chargeplus.totalenergies.com\/fr\/"},{"@type":"ListItem","position":2,"name":"Voiture \u00e9lectrique&#160;: nos conseils sur la recharge","item":"https:\/\/chargeplus.totalenergies.com\/fr\/conseils-recharge-electrique\/"},{"@type":"ListItem","position":3,"name":"Partir en vacances en voiture \u00e9lectrique&#160;: notre guide pratique"}]},{"@type":"WebSite","@id":"https:\/\/chargeplus.totalenergies.com\/fr\/#website","url":"https:\/\/chargeplus.totalenergies.com\/fr\/","name":"Charge+","description":"Voiture \u00e9lectrique : le guide pratique de la recharge","publisher":{"@id":"https:\/\/chargeplus.totalenergies.com\/fr\/#organization"},"potentialAction":[{"@type":"SearchAction","target":{"@type":"EntryPoint","urlTemplate":"https:\/\/chargeplus.totalenergies.com\/fr\/?s={search_term_string}"},"query-input":{"@type":"PropertyValueSpecification","valueRequired":true,"valueName":"search_term_string"}}],"inLanguage":"fr-FR"},{"@type":"Organization","@id":"https:\/\/chargeplus.totalenergies.com\/fr\/#organization","name":"Charge+","url":"https:\/\/chargeplus.totalenergies.com\/fr\/","logo":{"@type":"ImageObject","inLanguage":"fr-FR","@id":"https:\/\/chargeplus.totalenergies.com\/fr\/#\/schema\/logo\/image\/","url":"https:\/\/chargeplus.totalenergies.com\/wp-inside\/uploads\/2023\/07\/logo-borne-recharge.jpg","contentUrl":"https:\/\/chargeplus.totalenergies.com\/wp-inside\/uploads\/2023\/07\/logo-borne-recharge.jpg","width":150,"height":150,"caption":"Charge+"},"image":{"@id":"https:\/\/chargeplus.totalenergies.com\/fr\/#\/schema\/logo\/image\/"}}]}},"_links":{"self":[{"href":"https:\/\/chargeplus.totalenergies.com\/fr\/wp-json\/wp\/v2\/pages\/1010","targetHints":{"allow":["GET"]}}],"collection":[{"href":"https:\/\/chargeplus.totalenergies.com\/fr\/wp-json\/wp\/v2\/pages"}],"about":[{"href":"https:\/\/chargeplus.totalenergies.com\/fr\/wp-json\/wp\/v2\/types\/page"}],"author":[{"embeddable":true,"href":"https:\/\/chargeplus.totalenergies.com\/fr\/wp-json\/wp\/v2\/users\/3"}],"replies":[{"embeddable":true,"href":"https:\/\/chargeplus.totalenergies.com\/fr\/wp-json\/wp\/v2\/comments?post=1010"}],"version-history":[{"count":26,"href":"https:\/\/chargeplus.totalenergies.com\/fr\/wp-json\/wp\/v2\/pages\/1010\/revisions"}],"predecessor-version":[{"id":4401,"href":"https:\/\/chargeplus.totalenergies.com\/fr\/wp-json\/wp\/v2\/pages\/1010\/revisions\/4401"}],"up":[{"embeddable":true,"href":"https:\/\/chargeplus.totalenergies.com\/fr\/wp-json\/wp\/v2\/pages\/445"}],"wp:featuredmedia":[{"embeddable":true,"href":"https:\/\/chargeplus.totalenergies.com\/fr\/wp-json\/wp\/v2\/media\/1012"}],"wp:attachment":[{"href":"https:\/\/chargeplus.totalenergies.com\/fr\/wp-json\/wp\/v2\/media?parent=1010"}],"curies":[{"name":"wp","href":"https:\/\/api.w.org\/{rel}","templated":true}]}}