{"id":1043,"date":"2023-07-28T10:11:39","date_gmt":"2023-07-28T08:11:39","guid":{"rendered":"https:\/\/chargeplus.totalenergies.com\/?page_id=1043"},"modified":"2024-03-13T10:09:12","modified_gmt":"2024-03-13T09:09:12","slug":"differentes-solutions-de-recharge-pour-voiture-electrique","status":"publish","type":"page","link":"https:\/\/chargeplus.totalenergies.com\/fr\/conseils-recharge-electrique\/differentes-solutions-de-recharge-pour-voiture-electrique\/","title":{"rendered":"Quelles sont les solutions de recharge d\u2019une voiture \u00e9lectrique en itin\u00e9rance&#160;?"},"content":{"rendered":"<div class=\"wp-post-content\"><!-- zone:zn_pagebanner [0] --><br \/>\n\t\t<!-- \/zone:zn_pagebanner [0] --><br \/>\n<!-- zone:zn_text [1] --><\/p>\n<h2>Diff\u00e9rents moyens de recharge en mobilit\u00e9<\/h2>\n<p>Lorsque l\u2019on effectue <strong>un trajet assez long<\/strong>, ou que l\u2019on part <strong>en d\u00e9placement plusieurs jours<\/strong>, la question de la charge du <a href=\"https:\/\/chargeplus.totalenergies.com\/fr\/marques-de-voitures\/\">v\u00e9hicule \u00e9lectrique<\/a> se pose forc\u00e9ment. La borne de recharge \u00e0 domicile s&rsquo;av\u00e8re tr\u00e8s pratique, mais quand on se d\u00e9place, il faut trouver une autre solution !<\/p>\n<h3>1. Les bornes de recharge publiques<\/h3>\n<p>Dans les lieux publics, <strong>les bornes de recharge pour voiture \u00e9lectrique<\/strong> se d\u00e9veloppent de plus en plus et peuvent \u00eatre install\u00e9es n\u2019importe o\u00f9 :<\/p>\n<ul>\n<li>dans la rue ;<\/li>\n<li>sur les parkings ;<\/li>\n<li>en station-service.<\/li>\n<\/ul>\n<p>Vous partez en vacances et n\u2019utilisez pas l\u2019autoroute ?<a href=\"https:\/\/chargeplus.totalenergies.com\/fr\/trouver-borne-recharge\/\"> Trouvez une borne de recharge<\/a>, branchez votre voiture et <strong>profitez-en pour visiter les alentours<\/strong> !<\/p>\n<p>Notez \u00e9galement qu\u2019il existe <strong>des bornes de recharge dites \u00ab \u00e0 destination \u00bb<\/strong>. On les retrouve notamment sur les parkings de magasins, restaurants, h\u00f4tels, centres culturels, etc. Pratiques, elles vous permettent de pouvoir vaquer \u00e0 vos occupations (courses, shopping, promenade, etc.) en attendant la fin de la recharge.<\/p>\n<p>\t\t\t<!-- \/zone:zn_text [1] --><br \/>\n<!-- zone:zn_text_img [2] --><\/p>\n<h3>2. Les stations de recharge pour v\u00e9hicule \u00e9lectrique<\/h3>\n<p>Les stations de recharge, \u00e0 l\u2019instar des stations-service classiques, se montrent <strong>tr\u00e8s pratiques pour charger un v\u00e9hicule \u00e9lectrique en itin\u00e9rance<\/strong>. Situ\u00e9es sur les principaux axes routiers, elles vous \u00e9vitent de d\u00e9vier de l\u2019itin\u00e9raire pr\u00e9vu \u00e0 la recherche d\u2019une solution de recharge. Il existe des stations de recharge 100 % \u00e9lectriques et \u00e9galement de plus en plus de hubs de recharge install\u00e9s dans les stations-service initialement thermiques.<\/p>\n<p>Ces bornes proposent <strong>des charges rapides ou ultrarapides<\/strong>. Avec elles, vous vous accordez <strong>une petite pause sur la route et retrouvez rapidement l\u2019autonomie de votre voiture<\/strong>. Les offres ultrarapides se trouvent principalement sur les aires d\u2019autoroute. Avec elles, votre batterie passe de 20 % \u00e0 80 % de charge en 20 \u00e0 30 minutes selon le mod\u00e8le du v\u00e9hicule, de quoi<strong> ne pas perdre de temps sur votre trajet<\/strong> !<\/p>\n<p>A lire aussi : <a href=\"https:\/\/chargeplus.totalenergies.com\/fr\/conseils-recharge-electrique\/comment-recharger-voiture-electrique-rapidement\/\">Comment recharger sa voiture \u00e9lectrique rapidement ?<\/a><\/p>\n<p><!-- \/zone:zn_text_img [2] --><br \/>\n<!-- zone:zn_text [3] --><\/p>\n<h2>Recharger sa voiture en itin\u00e9rance : quel co\u00fbt ?<\/h2>\n<p>Recharger un v\u00e9hicule \u00e0 domicile repr\u00e9sente un co\u00fbt assez simple \u00e0 calculer, et il s\u2019av\u00e8re que c\u2019est <strong>souvent la solution la plus \u00e9conomique<\/strong>. Lorsqu\u2019il s\u2019agit de retrouver son autonomie en ext\u00e9rieur, les choses sont diff\u00e9rentes.<\/p>\n<p>Si vous rechargez sur une borne de recharge du r\u00e9seau public fran\u00e7ais, <strong>les tarifs varient selon de nombreux facteurs<\/strong> :<\/p>\n<ul>\n<li>la capacit\u00e9 de votre batterie ;<\/li>\n<li>la borne utilis\u00e9e : une borne en voirie ou sur parking pr\u00e9sente g\u00e9n\u00e9ralement des tarifs moins \u00e9lev\u00e9s qu\u2019une station de recharge ultrarapide pr\u00e9sente sur une aire d\u2019autoroute ;<\/li>\n<li>le prix du kWh ;<\/li>\n<li>votre conduite<\/li>\n<li>l\u2019heure \u00e0 laquelle vous effectuez la recharge.<\/li>\n<\/ul>\n<p>Afin de faire les bons choix, <strong>renseignez-vous sur les prix pratiqu\u00e9s<\/strong> avant de brancher votre voiture, et d\u00e9couvrez ces <a href=\"https:\/\/chargeplus.totalenergies.com\/fr\/conseils-recharge-electrique\/5-astuces-pour-minimiser-cout-de-sa-recharge\/\">5 astuces pour minimiser le co\u00fbt de la recharge<\/a> !<\/p>\n<p>\t\t\t<!-- \/zone:zn_text [3] --><br \/>\n<!-- zone:zn_text [5] --><\/p>\n<h2>Bornes de recharge mobiles et modes de recharge du v\u00e9hicule \u00e9lectrique<\/h2>\n<p>Il est int\u00e9ressant de conna\u00eetre <strong>les diff\u00e9rents modes de recharge d\u2019une voiture \u00e9lectrique<\/strong> pour faire le meilleur choix selon votre situation. Alors que les modes 1 et 2 sont d\u00e9di\u00e9s au r\u00e9seau \u00e9lectrique domestique,<strong> les modes 3 et 4 sont ceux que l\u2019on retrouve le plus fr\u00e9quemment sur les dispositifs de recharge ext\u00e9rieurs<\/strong>. Voici un r\u00e9capitulatif des modes utilis\u00e9s en fonction de la solution de recharge choisie en itin\u00e9rance :<\/p>\n<table id=\"tablepress-6\" class=\"tablepress tablepress-id-6\">\n<caption style=\"caption-side:bottom;text-align:left;border:none;background:none;margin:0;padding:0;\"><a href=\"https:\/\/chargeplus.totalenergies.com\/wp-admin\/admin.php?page=tablepress&#038;action=edit&#038;table_id=6\" rel=\"nofollow\">Modifier<\/a><\/caption>\n<thead>\n<tr class=\"row-1 odd\">\n<th class=\"column-1\">Mode de recharge<\/th>\n<th class=\"column-2\">Borne concern\u00e9e<\/th>\n<th class=\"column-3\">Sp\u00e9cificit\u00e9s<\/th>\n<\/tr>\n<\/thead>\n<tbody class=\"row-hover\">\n<tr class=\"row-2 even\">\n<td class=\"column-1\">1<\/td>\n<td class=\"column-2\">Recharge \u00e0 domicile<\/td>\n<td class=\"column-3\">Recharge sur une prise \u00e9lectrique non d\u00e9di\u00e9e, non contr\u00f4l\u00e9e<\/td>\n<\/tr>\n<tr class=\"row-3 odd\">\n<td class=\"column-1\">2<\/td>\n<td class=\"column-2\">Recharge \u00e0 domicile ou sur une prise domestique \u00e0 l\u2019aide d\u2019un chargeur mobile<\/td>\n<td class=\"column-3\">Recharge sur une prise domestique d\u00e9di\u00e9e ou non, avec contr\u00f4le de la charge<\/td>\n<\/tr>\n<tr class=\"row-4 even\">\n<td class=\"column-1\">3<\/td>\n<td class=\"column-2\">Borne de recharge publique classique<\/td>\n<td class=\"column-3\">Recharge normale ou rapide en courant alternatif<\/td>\n<\/tr>\n<tr class=\"row-5 odd\">\n<td class=\"column-1\">4<\/td>\n<td class=\"column-2\">Borne de recharge ultra rapide<\/td>\n<td class=\"column-3\">Recharge acc\u00e9l\u00e9r\u00e9e en courant continu<\/td>\n<\/tr>\n<\/tbody>\n<\/table>\n<p>&nbsp;<\/p>\n<p>\t\t\t<!-- \/zone:zn_text [5] -->\n<\/div>\n","protected":false},"excerpt":{"rendered":"<p>Diff\u00e9rents moyens de recharge en mobilit\u00e9 Lorsque l\u2019on effectue un trajet assez long, ou que l\u2019on part en d\u00e9placement plusieurs jours, la question de la charge du v\u00e9hicule \u00e9lectrique se [&hellip;]<\/p>\n","protected":false},"author":3,"featured_media":1044,"parent":445,"menu_order":60,"comment_status":"closed","ping_status":"closed","template":"","meta":{"_acf_changed":false,"footnotes":""},"class_list":["post-1043","page","type-page","status-publish","has-post-thumbnail","hentry","wp-sticky"],"acf":[],"yoast_head":"<!-- This site is optimized with the Yoast SEO plugin v27.5 - https:\/\/yoast.com\/product\/yoast-seo-wordpress\/ -->\n<title>Recharge de voiture \u00e9lectrique en mobilit\u00e9 : quelles solutions ? | Charge+<\/title>\n<meta name=\"description\" content=\"Recharger votre voiture \u00e9lectrique en itin\u00e9rance est possible. D\u00e9couvrez les diff\u00e9rentes solutions s\u2019offrant \u00e0 vous en dehors de votre domicile.\" \/>\n<meta name=\"robots\" content=\"index, follow, max-snippet:-1, max-image-preview:large, max-video-preview:-1\" \/>\n<link rel=\"canonical\" href=\"https:\/\/chargeplus.totalenergies.com\/fr\/conseils-recharge-electrique\/differentes-solutions-de-recharge-pour-voiture-electrique\/\" \/>\n<meta property=\"og:locale\" content=\"fr_FR\" \/>\n<meta property=\"og:type\" content=\"article\" \/>\n<meta property=\"og:title\" content=\"Recharge de voiture \u00e9lectrique en mobilit\u00e9 : quelles solutions ? | Charge+\" \/>\n<meta property=\"og:description\" content=\"Recharger votre voiture \u00e9lectrique en itin\u00e9rance est possible. D\u00e9couvrez les diff\u00e9rentes solutions s\u2019offrant \u00e0 vous en dehors de votre domicile.\" \/>\n<meta property=\"og:url\" content=\"https:\/\/chargeplus.totalenergies.com\/fr\/conseils-recharge-electrique\/differentes-solutions-de-recharge-pour-voiture-electrique\/\" \/>\n<meta property=\"og:site_name\" content=\"Charge+\" \/>\n<meta property=\"article:modified_time\" content=\"2024-03-13T09:09:12+00:00\" \/>\n<meta property=\"og:image\" content=\"https:\/\/chargeplus.totalenergies.com\/wp-inside\/uploads\/2023\/07\/solutions-recharge-voiture-electrique.jpg\" \/>\n\t<meta property=\"og:image:width\" content=\"1500\" \/>\n\t<meta property=\"og:image:height\" content=\"1000\" \/>\n\t<meta property=\"og:image:type\" content=\"image\/jpeg\" \/>\n<meta name=\"twitter:card\" content=\"summary_large_image\" \/>\n<meta name=\"twitter:label1\" content=\"Dur\u00e9e de lecture estim\u00e9e\" \/>\n\t<meta name=\"twitter:data1\" content=\"3 minutes\" \/>\n<script type=\"application\/ld+json\" class=\"yoast-schema-graph\">{\"@context\":\"https:\\\/\\\/schema.org\",\"@graph\":[{\"@type\":\"WebPage\",\"@id\":\"https:\\\/\\\/chargeplus.totalenergies.com\\\/fr\\\/conseils-recharge-electrique\\\/differentes-solutions-de-recharge-pour-voiture-electrique\\\/\",\"url\":\"https:\\\/\\\/chargeplus.totalenergies.com\\\/fr\\\/conseils-recharge-electrique\\\/differentes-solutions-de-recharge-pour-voiture-electrique\\\/\",\"name\":\"Recharge de voiture \u00e9lectrique en mobilit\u00e9 : quelles solutions ?\",\"isPartOf\":{\"@id\":\"https:\\\/\\\/chargeplus.totalenergies.com\\\/fr\\\/#website\"},\"primaryImageOfPage\":{\"@id\":\"https:\\\/\\\/chargeplus.totalenergies.com\\\/fr\\\/conseils-recharge-electrique\\\/differentes-solutions-de-recharge-pour-voiture-electrique\\\/#primaryimage\"},\"image\":{\"@id\":\"https:\\\/\\\/chargeplus.totalenergies.com\\\/fr\\\/conseils-recharge-electrique\\\/differentes-solutions-de-recharge-pour-voiture-electrique\\\/#primaryimage\"},\"thumbnailUrl\":\"https:\\\/\\\/chargeplus.totalenergies.com\\\/wp-inside\\\/uploads\\\/2023\\\/07\\\/solutions-recharge-voiture-electrique.jpg\",\"datePublished\":\"2023-07-28T08:11:39+00:00\",\"dateModified\":\"2024-03-13T09:09:12+00:00\",\"description\":\"Recharger votre voiture \u00e9lectrique en itin\u00e9rance est possible. D\u00e9couvrez les diff\u00e9rentes solutions s\u2019offrant \u00e0 vous en dehors de votre domicile.\",\"breadcrumb\":{\"@id\":\"https:\\\/\\\/chargeplus.totalenergies.com\\\/fr\\\/conseils-recharge-electrique\\\/differentes-solutions-de-recharge-pour-voiture-electrique\\\/#breadcrumb\"},\"inLanguage\":\"fr-FR\",\"potentialAction\":[{\"@type\":\"ReadAction\",\"target\":[\"https:\\\/\\\/chargeplus.totalenergies.com\\\/fr\\\/conseils-recharge-electrique\\\/differentes-solutions-de-recharge-pour-voiture-electrique\\\/\"]}]},{\"@type\":\"ImageObject\",\"inLanguage\":\"fr-FR\",\"@id\":\"https:\\\/\\\/chargeplus.totalenergies.com\\\/fr\\\/conseils-recharge-electrique\\\/differentes-solutions-de-recharge-pour-voiture-electrique\\\/#primaryimage\",\"url\":\"https:\\\/\\\/chargeplus.totalenergies.com\\\/wp-inside\\\/uploads\\\/2023\\\/07\\\/solutions-recharge-voiture-electrique.jpg\",\"contentUrl\":\"https:\\\/\\\/chargeplus.totalenergies.com\\\/wp-inside\\\/uploads\\\/2023\\\/07\\\/solutions-recharge-voiture-electrique.jpg\",\"width\":1500,\"height\":1000,\"caption\":\"Recharge voiture \u00e9lectrique en mobilit\u00e9\"},{\"@type\":\"BreadcrumbList\",\"@id\":\"https:\\\/\\\/chargeplus.totalenergies.com\\\/fr\\\/conseils-recharge-electrique\\\/differentes-solutions-de-recharge-pour-voiture-electrique\\\/#breadcrumb\",\"itemListElement\":[{\"@type\":\"ListItem\",\"position\":1,\"name\":\"Accueil\",\"item\":\"https:\\\/\\\/chargeplus.totalenergies.com\\\/fr\\\/\"},{\"@type\":\"ListItem\",\"position\":2,\"name\":\"Voiture \u00e9lectrique&#160;: nos conseils sur la recharge\",\"item\":\"https:\\\/\\\/chargeplus.totalenergies.com\\\/fr\\\/conseils-recharge-electrique\\\/\"},{\"@type\":\"ListItem\",\"position\":3,\"name\":\"Quelles sont les solutions de recharge d\u2019une voiture \u00e9lectrique en itin\u00e9rance&#160;?\"}]},{\"@type\":\"WebSite\",\"@id\":\"https:\\\/\\\/chargeplus.totalenergies.com\\\/fr\\\/#website\",\"url\":\"https:\\\/\\\/chargeplus.totalenergies.com\\\/fr\\\/\",\"name\":\"Charge+\",\"description\":\"Voiture \u00e9lectrique : le guide pratique de la recharge\",\"publisher\":{\"@id\":\"https:\\\/\\\/chargeplus.totalenergies.com\\\/fr\\\/#organization\"},\"potentialAction\":[{\"@type\":\"SearchAction\",\"target\":{\"@type\":\"EntryPoint\",\"urlTemplate\":\"https:\\\/\\\/chargeplus.totalenergies.com\\\/fr\\\/?s={search_term_string}\"},\"query-input\":{\"@type\":\"PropertyValueSpecification\",\"valueRequired\":true,\"valueName\":\"search_term_string\"}}],\"inLanguage\":\"fr-FR\"},{\"@type\":\"Organization\",\"@id\":\"https:\\\/\\\/chargeplus.totalenergies.com\\\/fr\\\/#organization\",\"name\":\"Charge+\",\"url\":\"https:\\\/\\\/chargeplus.totalenergies.com\\\/fr\\\/\",\"logo\":{\"@type\":\"ImageObject\",\"inLanguage\":\"fr-FR\",\"@id\":\"https:\\\/\\\/chargeplus.totalenergies.com\\\/fr\\\/#\\\/schema\\\/logo\\\/image\\\/\",\"url\":\"https:\\\/\\\/chargeplus.totalenergies.com\\\/wp-inside\\\/uploads\\\/2023\\\/07\\\/logo-borne-recharge.jpg\",\"contentUrl\":\"https:\\\/\\\/chargeplus.totalenergies.com\\\/wp-inside\\\/uploads\\\/2023\\\/07\\\/logo-borne-recharge.jpg\",\"width\":150,\"height\":150,\"caption\":\"Charge+\"},\"image\":{\"@id\":\"https:\\\/\\\/chargeplus.totalenergies.com\\\/fr\\\/#\\\/schema\\\/logo\\\/image\\\/\"}}]}<\/script>\n<!-- \/ Yoast SEO plugin. -->","yoast_head_json":{"title":"Recharge de voiture \u00e9lectrique en mobilit\u00e9 : quelles solutions ? | Charge+","description":"Recharger votre voiture \u00e9lectrique en itin\u00e9rance est possible. D\u00e9couvrez les diff\u00e9rentes solutions s\u2019offrant \u00e0 vous en dehors de votre domicile.","robots":{"index":"index","follow":"follow","max-snippet":"max-snippet:-1","max-image-preview":"max-image-preview:large","max-video-preview":"max-video-preview:-1"},"canonical":"https:\/\/chargeplus.totalenergies.com\/fr\/conseils-recharge-electrique\/differentes-solutions-de-recharge-pour-voiture-electrique\/","og_locale":"fr_FR","og_type":"article","og_title":"Recharge de voiture \u00e9lectrique en mobilit\u00e9 : quelles solutions ? | Charge+","og_description":"Recharger votre voiture \u00e9lectrique en itin\u00e9rance est possible. D\u00e9couvrez les diff\u00e9rentes solutions s\u2019offrant \u00e0 vous en dehors de votre domicile.","og_url":"https:\/\/chargeplus.totalenergies.com\/fr\/conseils-recharge-electrique\/differentes-solutions-de-recharge-pour-voiture-electrique\/","og_site_name":"Charge+","article_modified_time":"2024-03-13T09:09:12+00:00","og_image":[{"width":1500,"height":1000,"url":"https:\/\/chargeplus.totalenergies.com\/wp-inside\/uploads\/2023\/07\/solutions-recharge-voiture-electrique.jpg","type":"image\/jpeg"}],"twitter_card":"summary_large_image","twitter_misc":{"Dur\u00e9e de lecture estim\u00e9e":"3 minutes"},"schema":{"@context":"https:\/\/schema.org","@graph":[{"@type":"WebPage","@id":"https:\/\/chargeplus.totalenergies.com\/fr\/conseils-recharge-electrique\/differentes-solutions-de-recharge-pour-voiture-electrique\/","url":"https:\/\/chargeplus.totalenergies.com\/fr\/conseils-recharge-electrique\/differentes-solutions-de-recharge-pour-voiture-electrique\/","name":"Recharge de voiture \u00e9lectrique en mobilit\u00e9 : quelles solutions ?","isPartOf":{"@id":"https:\/\/chargeplus.totalenergies.com\/fr\/#website"},"primaryImageOfPage":{"@id":"https:\/\/chargeplus.totalenergies.com\/fr\/conseils-recharge-electrique\/differentes-solutions-de-recharge-pour-voiture-electrique\/#primaryimage"},"image":{"@id":"https:\/\/chargeplus.totalenergies.com\/fr\/conseils-recharge-electrique\/differentes-solutions-de-recharge-pour-voiture-electrique\/#primaryimage"},"thumbnailUrl":"https:\/\/chargeplus.totalenergies.com\/wp-inside\/uploads\/2023\/07\/solutions-recharge-voiture-electrique.jpg","datePublished":"2023-07-28T08:11:39+00:00","dateModified":"2024-03-13T09:09:12+00:00","description":"Recharger votre voiture \u00e9lectrique en itin\u00e9rance est possible. D\u00e9couvrez les diff\u00e9rentes solutions s\u2019offrant \u00e0 vous en dehors de votre domicile.","breadcrumb":{"@id":"https:\/\/chargeplus.totalenergies.com\/fr\/conseils-recharge-electrique\/differentes-solutions-de-recharge-pour-voiture-electrique\/#breadcrumb"},"inLanguage":"fr-FR","potentialAction":[{"@type":"ReadAction","target":["https:\/\/chargeplus.totalenergies.com\/fr\/conseils-recharge-electrique\/differentes-solutions-de-recharge-pour-voiture-electrique\/"]}]},{"@type":"ImageObject","inLanguage":"fr-FR","@id":"https:\/\/chargeplus.totalenergies.com\/fr\/conseils-recharge-electrique\/differentes-solutions-de-recharge-pour-voiture-electrique\/#primaryimage","url":"https:\/\/chargeplus.totalenergies.com\/wp-inside\/uploads\/2023\/07\/solutions-recharge-voiture-electrique.jpg","contentUrl":"https:\/\/chargeplus.totalenergies.com\/wp-inside\/uploads\/2023\/07\/solutions-recharge-voiture-electrique.jpg","width":1500,"height":1000,"caption":"Recharge voiture \u00e9lectrique en mobilit\u00e9"},{"@type":"BreadcrumbList","@id":"https:\/\/chargeplus.totalenergies.com\/fr\/conseils-recharge-electrique\/differentes-solutions-de-recharge-pour-voiture-electrique\/#breadcrumb","itemListElement":[{"@type":"ListItem","position":1,"name":"Accueil","item":"https:\/\/chargeplus.totalenergies.com\/fr\/"},{"@type":"ListItem","position":2,"name":"Voiture \u00e9lectrique&#160;: nos conseils sur la recharge","item":"https:\/\/chargeplus.totalenergies.com\/fr\/conseils-recharge-electrique\/"},{"@type":"ListItem","position":3,"name":"Quelles sont les solutions de recharge d\u2019une voiture \u00e9lectrique en itin\u00e9rance&#160;?"}]},{"@type":"WebSite","@id":"https:\/\/chargeplus.totalenergies.com\/fr\/#website","url":"https:\/\/chargeplus.totalenergies.com\/fr\/","name":"Charge+","description":"Voiture \u00e9lectrique : le guide pratique de la recharge","publisher":{"@id":"https:\/\/chargeplus.totalenergies.com\/fr\/#organization"},"potentialAction":[{"@type":"SearchAction","target":{"@type":"EntryPoint","urlTemplate":"https:\/\/chargeplus.totalenergies.com\/fr\/?s={search_term_string}"},"query-input":{"@type":"PropertyValueSpecification","valueRequired":true,"valueName":"search_term_string"}}],"inLanguage":"fr-FR"},{"@type":"Organization","@id":"https:\/\/chargeplus.totalenergies.com\/fr\/#organization","name":"Charge+","url":"https:\/\/chargeplus.totalenergies.com\/fr\/","logo":{"@type":"ImageObject","inLanguage":"fr-FR","@id":"https:\/\/chargeplus.totalenergies.com\/fr\/#\/schema\/logo\/image\/","url":"https:\/\/chargeplus.totalenergies.com\/wp-inside\/uploads\/2023\/07\/logo-borne-recharge.jpg","contentUrl":"https:\/\/chargeplus.totalenergies.com\/wp-inside\/uploads\/2023\/07\/logo-borne-recharge.jpg","width":150,"height":150,"caption":"Charge+"},"image":{"@id":"https:\/\/chargeplus.totalenergies.com\/fr\/#\/schema\/logo\/image\/"}}]}},"_links":{"self":[{"href":"https:\/\/chargeplus.totalenergies.com\/fr\/wp-json\/wp\/v2\/pages\/1043","targetHints":{"allow":["GET"]}}],"collection":[{"href":"https:\/\/chargeplus.totalenergies.com\/fr\/wp-json\/wp\/v2\/pages"}],"about":[{"href":"https:\/\/chargeplus.totalenergies.com\/fr\/wp-json\/wp\/v2\/types\/page"}],"author":[{"embeddable":true,"href":"https:\/\/chargeplus.totalenergies.com\/fr\/wp-json\/wp\/v2\/users\/3"}],"replies":[{"embeddable":true,"href":"https:\/\/chargeplus.totalenergies.com\/fr\/wp-json\/wp\/v2\/comments?post=1043"}],"version-history":[{"count":13,"href":"https:\/\/chargeplus.totalenergies.com\/fr\/wp-json\/wp\/v2\/pages\/1043\/revisions"}],"predecessor-version":[{"id":2790,"href":"https:\/\/chargeplus.totalenergies.com\/fr\/wp-json\/wp\/v2\/pages\/1043\/revisions\/2790"}],"up":[{"embeddable":true,"href":"https:\/\/chargeplus.totalenergies.com\/fr\/wp-json\/wp\/v2\/pages\/445"}],"wp:featuredmedia":[{"embeddable":true,"href":"https:\/\/chargeplus.totalenergies.com\/fr\/wp-json\/wp\/v2\/media\/1044"}],"wp:attachment":[{"href":"https:\/\/chargeplus.totalenergies.com\/fr\/wp-json\/wp\/v2\/media?parent=1043"}],"curies":[{"name":"wp","href":"https:\/\/api.w.org\/{rel}","templated":true}]}}