{"id":1050,"date":"2023-07-28T10:31:16","date_gmt":"2023-07-28T08:31:16","guid":{"rendered":"https:\/\/chargeplus.totalenergies.com\/?page_id=1050"},"modified":"2024-03-13T09:41:45","modified_gmt":"2024-03-13T08:41:45","slug":"comment-optimiser-duree-vie-batterie-voiture-electrique","status":"publish","type":"page","link":"https:\/\/chargeplus.totalenergies.com\/fr\/conseils-recharge-electrique\/comment-optimiser-duree-vie-batterie-voiture-electrique\/","title":{"rendered":"Voiture \u00e9lectrique&#160;: comment optimiser la dur\u00e9e de vie de sa batterie&#160;?"},"content":{"rendered":"<div class=\"wp-post-content\"><!-- zone:zn_pagebanner [0] --><br \/>\n\t\t<!-- \/zone:zn_pagebanner [0] --><br \/>\n<!-- zone:zn_text [1] --><\/p>\n<h2>Le fonctionnement de la batterie<\/h2>\n<p>La plupart des <a href=\"https:\/\/chargeplus.totalenergies.com\/fr\/marques-de-voitures\/\">v\u00e9hicules \u00e9lectriques<\/a> circulant aujourd\u2019hui sont \u00e9quip\u00e9s de <strong>batteries lithium-ion (li-ion)<\/strong>. Tr\u00e8s avantageuse, cette technologie permet notamment de supporter de fortes puissances de charge pour un poids relativement faible.<\/p>\n<p>Diff\u00e9rentes cellules composent la batterie, chacune form\u00e9e d\u2019une \u00e9lectrode positive (cathode) et d\u2019une \u00e9lectrode n\u00e9gative (anode). Le tout est tremp\u00e9 dans un liquide conducteur ionique, que l\u2019on appelle l\u2019\u00e9lectrolyte. Lorsque la batterie se d\u00e9charge, les ions lithium circulent de l\u2019anode vers la cathode, g\u00e9n\u00e9rant un <strong>courant \u00e9lectrique<\/strong> qui alimente le moteur. Lorsque la batterie charge, c\u2019est l\u2019inverse. L\u2019\u00e9nergie d\u00e9livr\u00e9e par le chargeur ram\u00e8ne les ions lithium vers l\u2019\u00e9lectrode n\u00e9gative.<\/p>\n<p>Tant que les ions lithium sont capables de circuler, la batterie reste op\u00e9rationnelle. Mais au fil des charges et des d\u00e9charges, ce transfert s\u2019effectuera de plus en plus lentement, entra\u00eenant une <strong>diminution progressive de l\u2019autonomie<\/strong> de la batterie.<\/p>\n<h2>La dur\u00e9e de vie d\u2019une batterie de voiture \u00e9lectrique<\/h2>\n<p>Contrairement \u00e0 celle des<a href=\"https:\/\/chargeplus.totalenergies.com\/fr\/conseils-recharge-electrique\/achat-voiture-electrique-est-il-rentable\/\"> v\u00e9hicules thermiques<\/a>, la long\u00e9vit\u00e9 d\u2019une batterie de voiture \u00e9lectrique n\u2019est pas li\u00e9e au nombre de kilom\u00e8tres parcourus, mais au <strong>nombre de cycles de charge\/d\u00e9charge<\/strong> r\u00e9alis\u00e9s. Un cycle correspond \u00e0 une charge et \u00e0 une d\u00e9charge compl\u00e8te.<\/p>\n<p>G\u00e9n\u00e9ralement, ces batteries en supportent <strong>entre 1\u2009000 et 1\u2009500<\/strong>, selon le mod\u00e8le et l\u2019usage du v\u00e9hicule au quotidien. On estime que cela correspond \u00e0 <strong>une dizaine d\u2019ann\u00e9es d\u2019utilisation<\/strong>. Bien s\u00fbr, il ne s\u2019agit que d\u2019une moyenne. Certains mod\u00e8les pourront largement tenir au-del\u00e0 des 12 \u00e0 15 ans de fonctionnement.<\/p>\n<p>Exprim\u00e9 en pourcentage, le State Of Health (SOH) est classiquement utilis\u00e9 pour \u00e9valuer l\u2019\u00e9tat de sant\u00e9 d\u2019une batterie. Si vous constatez un<strong> SOH inf\u00e9rieur \u00e0 70 %<\/strong>, des difficult\u00e9s \u00e0 maintenir une charge compl\u00e8te ou des temps de charge excessivement longs, il est peut-\u00eatre temps de changer la batterie de votre voiture \u00e9lectrique. Tournez-vous vers votre constructeur. Une <strong>garantie de 8 ans<\/strong> est g\u00e9n\u00e9ralement propos\u00e9e.<\/p>\n<p>\t\t\t<!-- \/zone:zn_text [1] --><br \/>\n<!-- zone:zn_text [3] --><\/p>\n<h2>Les facteurs de vieillissement de la batterie<\/h2>\n<p>Au-del\u00e0 du nombre de cycles de charge et de d\u00e9charge, de nombreux facteurs influent sur la long\u00e9vit\u00e9 d\u2019une batterie de voiture \u00e9lectrique, en particulier les points suivants.<\/p>\n<h3>La d\u00e9gradation calendaire<\/h3>\n<p>Au fil du temps, les cellules qui composent la batterie \u00e9lectrique vont se d\u00e9grader et ne stockeront plus autant d\u2019\u00e9nergie que lorsqu\u2019elles \u00e9taient neuves. C\u2019est un <strong>ph\u00e9nom\u00e8ne chimique<\/strong> compl\u00e8tement normal, contre lequel on ne peut rien faire. C\u2019est d\u2019ailleurs pourquoi une voiture \u00e9lectrique de quelques ann\u00e9es aura l\u00e9g\u00e8rement moins de capacit\u00e9 qu\u2019\u00e0 sa sortie d\u2019usine, m\u00eame si elle n\u2019est jamais utilis\u00e9e.<\/p>\n<h3>La capacit\u00e9 de la batterie<\/h3>\n<p>Plus une batterie est petite, plus elle n\u00e9cessitera d\u2019\u00eatre recharg\u00e9e r\u00e9guli\u00e8rement. Les charges et les d\u00e9charges s\u2019accumuleront donc plus rapidement. Il faut savoir, \u00e9galement, que les batteries des voitures \u00e9lectriques sont tr\u00e8s sensibles \u00e0 la chaleur. Or une batterie de grande taille aura g\u00e9n\u00e9ralement une meilleure <strong>capacit\u00e9 \u00e0 r\u00e9partir et \u00e0 dissiper la chaleur g\u00e9n\u00e9r\u00e9e<\/strong> pendant les cycles de charge et de d\u00e9charge. Sa long\u00e9vit\u00e9 s\u2019en trouvera donc largement am\u00e9lior\u00e9e.<\/p>\n<p><strong>\u00c0 lire aussi :<\/strong> <a href=\"https:\/\/chargeplus.totalenergies.com\/fr\/faq\/courbe-recharge-voiture-electrique\/\">Qu\u2019est-ce que la courbe de recharge ?<\/a><\/p>\n<p>\t\t\t<!-- \/zone:zn_text [3] --><br \/>\n<!-- zone:zn_text_img [4] --><\/p>\n<h2>Les cons\u00e9quences du vieillissement d\u2019une batterie<\/h2>\n<p>Comme pour n\u2019importe quel appareil \u00e9lectrique, la charge maximale atteinte sera toujours affich\u00e9e \u00e0 100\u00a0%, malgr\u00e9 le vieillissement de la batterie. C\u2019est simplement <strong>la capacit\u00e9 totale de stockage d\u2019\u00e9nergie<\/strong> qui aura diminu\u00e9, passant par exemple de 100 \u00e0 95\u00a0kWh.<\/p>\n<p>L\u2019usure de la batterie \u00e9lectrique entra\u00eenera donc\u00a0:<\/p>\n<ul>\n<li>une <strong>r\u00e9duction de l\u2019autonomie<\/strong>\u2009;<\/li>\n<li>une <strong>sensibilit\u00e9 accrue aux temp\u00e9ratures<\/strong>\u2009;<\/li>\n<li>une <strong>augmentation du temps de charge<\/strong>.<\/li>\n<\/ul>\n<p><!-- \/zone:zn_text_img [4] --><br \/>\n<!-- zone:zn_text [5] --><\/p>\n<h2>6 astuces pour am\u00e9liorer la dur\u00e9e de vie de sa voiture \u00e9lectrique<\/h2>\n<p>Si l\u2019usure calendaire de la batterie est in\u00e9vitable, quelques bonnes pratiques peuvent permettre d\u2019optimiser sa long\u00e9vit\u00e9.<\/p>\n<h3>1. Maintenir une charge comprise entre 20 et 80 %<\/h3>\n<p>Lorsque la charge de la batterie est comprise entre 20 et 80 %, <strong>les \u00e9l\u00e9ments chimiques qui la composent se conservent mieux<\/strong>. Alors, sauf long trajet particulier, \u00e9vitez de <a href=\"https:\/\/chargeplus.totalenergies.com\/fr\/conseils-recharge-electrique\/faut-il-recharger-sa-voiture-electrique-a-100\/\">recharger \u00e0 100 % votre voiture \u00e9lectrique<\/a>. Chercher syst\u00e9matiquement la charge compl\u00e8te acc\u00e9l\u00e9rerait le vieillissement de la batterie, tout comme le fait de la laisser descendre extr\u00eamement bas (moins de 5 %).<\/p>\n<h3>2. \u00c9viter les temp\u00e9ratures extr\u00eames<\/h3>\n<p>Les batteries des voitures \u00e9lectriques sont particuli\u00e8rement sensibles aux temp\u00e9ratures trop intenses, qu\u2019elles soient chaudes ou froides. En cas de canicule ou de froid glacial, limitez vos trajets autant que possible. Un v\u00e9ritable <strong>risque de surchauffe<\/strong> existe et <strong>les composants peuvent se d\u00e9grader plus rapidement.<\/strong><\/p>\n<p>Si vous le pouvez, laissez la voiture refroidir avant de la recharger. Puis ne reprenez pas le volant tout de suite si la batterie vient de charger.<\/p>\n<p><strong>\u00c0 lire aussi :<\/strong> <a href=\"https:\/\/chargeplus.totalenergies.com\/fr\/conseils-recharge-electrique\/consequences-chaleur-recharge-electrique\/\">Chaleur et recharge \u00e9lectrique : quelles cons\u00e9quences ?<\/a><\/p>\n<h3>3. Privil\u00e9gier les petites recharges<\/h3>\n<p><strong>Une longue charge soumet la batterie \u00e0 une forte chaleur<\/strong>. Pour pr\u00e9server votre batterie, effectuez plut\u00f4t de petites charges r\u00e9guli\u00e8rement et r\u00e9servez la charge compl\u00e8te en pr\u00e9vision des longs trajets.<\/p>\n<h3>4. Rouler r\u00e9guli\u00e8rement<\/h3>\n<p><strong>La batterie s\u2019ab\u00eeme plus rapidement si elle n\u2019est pas utilis\u00e9e<\/strong>. Si vous devez laisser votre voiture immobilis\u00e9e un certain temps, essayez de faire en sorte que le niveau de charge reste compris entre 50 et 70 %.<\/p>\n<h3>5. Adopter l\u2019\u00e9co-conduite<\/h3>\n<p>Une conduite trop sportive avec de grosses acc\u00e9l\u00e9rations ou des freinages brusques causera d\u2019importants flux \u00e9lectriques \u00e0 travers les composants de la batterie. En plus d\u2019am\u00e9liorer votre empreinte carbone, <strong>adopter une conduite plus souple et anticipative<\/strong> vous permettra d\u2019optimiser la dur\u00e9e de vie de votre batterie.<\/p>\n<p><strong>\u00c0 lire aussi :<\/strong> <a href=\"https:\/\/chargeplus.totalenergies.com\/fr\/conseils-recharge-electrique\/gestes-a-adopter-pour-reduire-sa-consommation\/\">Voiture \u00e9lectrique : les bons gestes \u00e0 adopter pour r\u00e9duire sa consommation<\/a><\/p>\n<h3>6. \u00c9viter les recharges ultra-rapides<\/h3>\n<p>Ce type de charge produit beaucoup d\u2019\u00e9nergie et donc une chaleur intense dans un laps de temps tr\u00e8s court. <strong>Une surchauffe trop fr\u00e9quente de la batterie d\u00e9gradera bien plus rapidement ses capacit\u00e9s<\/strong>. \u00c9vitez d\u2019utiliser ces bornes ultra-puissantes au quotidien. Gardez les recharges rapides lorsque vous avez besoin d\u2019un maximum d\u2019autonomie (pour les longs trajets sur autoroute, par exemple).<\/p>\n<p><strong>\u00c0 lire aussi :<\/strong> <a href=\"https:\/\/chargeplus.totalenergies.com\/fr\/trouver-borne-recharge\/\">O\u00f9 trouver une borne de recharge pour sa voiture \u00e9lectrique ?<\/a><\/p>\n<p>\t\t\t<!-- \/zone:zn_text [5] -->\n<\/div>\n","protected":false},"excerpt":{"rendered":"<p>Le fonctionnement de la batterie La plupart des v\u00e9hicules \u00e9lectriques circulant aujourd\u2019hui sont \u00e9quip\u00e9s de batteries lithium-ion (li-ion). Tr\u00e8s avantageuse, cette technologie permet notamment de supporter de fortes puissances de [&hellip;]<\/p>\n","protected":false},"author":3,"featured_media":1054,"parent":445,"menu_order":65,"comment_status":"closed","ping_status":"closed","template":"","meta":{"_acf_changed":false,"footnotes":""},"class_list":["post-1050","page","type-page","status-publish","has-post-thumbnail","hentry","wp-sticky"],"acf":[],"yoast_head":"<!-- This site is optimized with the Yoast SEO plugin v27.5 - https:\/\/yoast.com\/product\/yoast-seo-wordpress\/ -->\n<title>Dur\u00e9e de vie batterie de voiture \u00e9lectrique : comment l&#039;optimiser ? | Charge+<\/title>\n<meta name=\"description\" content=\"La cl\u00e9 de l\u2019autonomie en \u00e9lectrique\u2009? Une batterie au top\u2009! D\u00e9couvrez les astuces Charge+ pour booster la long\u00e9vit\u00e9 de votre batterie de voiture \u00e9lectrique.\" \/>\n<meta name=\"robots\" content=\"index, follow, max-snippet:-1, max-image-preview:large, max-video-preview:-1\" \/>\n<link rel=\"canonical\" href=\"https:\/\/chargeplus.totalenergies.com\/fr\/conseils-recharge-electrique\/comment-optimiser-duree-vie-batterie-voiture-electrique\/\" \/>\n<meta property=\"og:locale\" content=\"fr_FR\" \/>\n<meta property=\"og:type\" content=\"article\" \/>\n<meta property=\"og:title\" content=\"Dur\u00e9e de vie batterie de voiture \u00e9lectrique : comment l&#039;optimiser ? | Charge+\" \/>\n<meta property=\"og:description\" content=\"La cl\u00e9 de l\u2019autonomie en \u00e9lectrique\u2009? Une batterie au top\u2009! D\u00e9couvrez les astuces Charge+ pour booster la long\u00e9vit\u00e9 de votre batterie de voiture \u00e9lectrique.\" \/>\n<meta property=\"og:url\" content=\"https:\/\/chargeplus.totalenergies.com\/fr\/conseils-recharge-electrique\/comment-optimiser-duree-vie-batterie-voiture-electrique\/\" \/>\n<meta property=\"og:site_name\" content=\"Charge+\" \/>\n<meta property=\"article:modified_time\" content=\"2024-03-13T08:41:45+00:00\" \/>\n<meta property=\"og:image\" content=\"https:\/\/chargeplus.totalenergies.com\/wp-inside\/uploads\/2023\/07\/voiture-electrique-optimiser-vie-batterie.jpg\" \/>\n\t<meta property=\"og:image:width\" content=\"1500\" \/>\n\t<meta property=\"og:image:height\" content=\"1000\" \/>\n\t<meta property=\"og:image:type\" content=\"image\/jpeg\" \/>\n<meta name=\"twitter:card\" content=\"summary_large_image\" \/>\n<meta name=\"twitter:label1\" content=\"Dur\u00e9e de lecture estim\u00e9e\" \/>\n\t<meta name=\"twitter:data1\" content=\"5 minutes\" \/>\n<script type=\"application\/ld+json\" class=\"yoast-schema-graph\">{\"@context\":\"https:\\\/\\\/schema.org\",\"@graph\":[{\"@type\":\"WebPage\",\"@id\":\"https:\\\/\\\/chargeplus.totalenergies.com\\\/fr\\\/conseils-recharge-electrique\\\/comment-optimiser-duree-vie-batterie-voiture-electrique\\\/\",\"url\":\"https:\\\/\\\/chargeplus.totalenergies.com\\\/fr\\\/conseils-recharge-electrique\\\/comment-optimiser-duree-vie-batterie-voiture-electrique\\\/\",\"name\":\"Dur\u00e9e de vie batterie de voiture \u00e9lectrique : comment l'optimiser ?\",\"isPartOf\":{\"@id\":\"https:\\\/\\\/chargeplus.totalenergies.com\\\/fr\\\/#website\"},\"primaryImageOfPage\":{\"@id\":\"https:\\\/\\\/chargeplus.totalenergies.com\\\/fr\\\/conseils-recharge-electrique\\\/comment-optimiser-duree-vie-batterie-voiture-electrique\\\/#primaryimage\"},\"image\":{\"@id\":\"https:\\\/\\\/chargeplus.totalenergies.com\\\/fr\\\/conseils-recharge-electrique\\\/comment-optimiser-duree-vie-batterie-voiture-electrique\\\/#primaryimage\"},\"thumbnailUrl\":\"https:\\\/\\\/chargeplus.totalenergies.com\\\/wp-inside\\\/uploads\\\/2023\\\/07\\\/voiture-electrique-optimiser-vie-batterie.jpg\",\"datePublished\":\"2023-07-28T08:31:16+00:00\",\"dateModified\":\"2024-03-13T08:41:45+00:00\",\"description\":\"La cl\u00e9 de l\u2019autonomie en \u00e9lectrique\u2009? Une batterie au top\u2009! D\u00e9couvrez les astuces Charge+ pour booster la long\u00e9vit\u00e9 de votre batterie de voiture \u00e9lectrique.\",\"breadcrumb\":{\"@id\":\"https:\\\/\\\/chargeplus.totalenergies.com\\\/fr\\\/conseils-recharge-electrique\\\/comment-optimiser-duree-vie-batterie-voiture-electrique\\\/#breadcrumb\"},\"inLanguage\":\"fr-FR\",\"potentialAction\":[{\"@type\":\"ReadAction\",\"target\":[\"https:\\\/\\\/chargeplus.totalenergies.com\\\/fr\\\/conseils-recharge-electrique\\\/comment-optimiser-duree-vie-batterie-voiture-electrique\\\/\"]}]},{\"@type\":\"ImageObject\",\"inLanguage\":\"fr-FR\",\"@id\":\"https:\\\/\\\/chargeplus.totalenergies.com\\\/fr\\\/conseils-recharge-electrique\\\/comment-optimiser-duree-vie-batterie-voiture-electrique\\\/#primaryimage\",\"url\":\"https:\\\/\\\/chargeplus.totalenergies.com\\\/wp-inside\\\/uploads\\\/2023\\\/07\\\/voiture-electrique-optimiser-vie-batterie.jpg\",\"contentUrl\":\"https:\\\/\\\/chargeplus.totalenergies.com\\\/wp-inside\\\/uploads\\\/2023\\\/07\\\/voiture-electrique-optimiser-vie-batterie.jpg\",\"width\":1500,\"height\":1000,\"caption\":\"Dur\u00e9e de vie batterie voiture \u00e9lectrique\"},{\"@type\":\"BreadcrumbList\",\"@id\":\"https:\\\/\\\/chargeplus.totalenergies.com\\\/fr\\\/conseils-recharge-electrique\\\/comment-optimiser-duree-vie-batterie-voiture-electrique\\\/#breadcrumb\",\"itemListElement\":[{\"@type\":\"ListItem\",\"position\":1,\"name\":\"Accueil\",\"item\":\"https:\\\/\\\/chargeplus.totalenergies.com\\\/fr\\\/\"},{\"@type\":\"ListItem\",\"position\":2,\"name\":\"Voiture \u00e9lectrique&#160;: nos conseils sur la recharge\",\"item\":\"https:\\\/\\\/chargeplus.totalenergies.com\\\/fr\\\/conseils-recharge-electrique\\\/\"},{\"@type\":\"ListItem\",\"position\":3,\"name\":\"Voiture \u00e9lectrique&#160;: comment optimiser la dur\u00e9e de vie de sa batterie&#160;?\"}]},{\"@type\":\"WebSite\",\"@id\":\"https:\\\/\\\/chargeplus.totalenergies.com\\\/fr\\\/#website\",\"url\":\"https:\\\/\\\/chargeplus.totalenergies.com\\\/fr\\\/\",\"name\":\"Charge+\",\"description\":\"Voiture \u00e9lectrique : le guide pratique de la recharge\",\"publisher\":{\"@id\":\"https:\\\/\\\/chargeplus.totalenergies.com\\\/fr\\\/#organization\"},\"potentialAction\":[{\"@type\":\"SearchAction\",\"target\":{\"@type\":\"EntryPoint\",\"urlTemplate\":\"https:\\\/\\\/chargeplus.totalenergies.com\\\/fr\\\/?s={search_term_string}\"},\"query-input\":{\"@type\":\"PropertyValueSpecification\",\"valueRequired\":true,\"valueName\":\"search_term_string\"}}],\"inLanguage\":\"fr-FR\"},{\"@type\":\"Organization\",\"@id\":\"https:\\\/\\\/chargeplus.totalenergies.com\\\/fr\\\/#organization\",\"name\":\"Charge+\",\"url\":\"https:\\\/\\\/chargeplus.totalenergies.com\\\/fr\\\/\",\"logo\":{\"@type\":\"ImageObject\",\"inLanguage\":\"fr-FR\",\"@id\":\"https:\\\/\\\/chargeplus.totalenergies.com\\\/fr\\\/#\\\/schema\\\/logo\\\/image\\\/\",\"url\":\"https:\\\/\\\/chargeplus.totalenergies.com\\\/wp-inside\\\/uploads\\\/2023\\\/07\\\/logo-borne-recharge.jpg\",\"contentUrl\":\"https:\\\/\\\/chargeplus.totalenergies.com\\\/wp-inside\\\/uploads\\\/2023\\\/07\\\/logo-borne-recharge.jpg\",\"width\":150,\"height\":150,\"caption\":\"Charge+\"},\"image\":{\"@id\":\"https:\\\/\\\/chargeplus.totalenergies.com\\\/fr\\\/#\\\/schema\\\/logo\\\/image\\\/\"}}]}<\/script>\n<!-- \/ Yoast SEO plugin. -->","yoast_head_json":{"title":"Dur\u00e9e de vie batterie de voiture \u00e9lectrique : comment l'optimiser ? | Charge+","description":"La cl\u00e9 de l\u2019autonomie en \u00e9lectrique\u2009? Une batterie au top\u2009! D\u00e9couvrez les astuces Charge+ pour booster la long\u00e9vit\u00e9 de votre batterie de voiture \u00e9lectrique.","robots":{"index":"index","follow":"follow","max-snippet":"max-snippet:-1","max-image-preview":"max-image-preview:large","max-video-preview":"max-video-preview:-1"},"canonical":"https:\/\/chargeplus.totalenergies.com\/fr\/conseils-recharge-electrique\/comment-optimiser-duree-vie-batterie-voiture-electrique\/","og_locale":"fr_FR","og_type":"article","og_title":"Dur\u00e9e de vie batterie de voiture \u00e9lectrique : comment l'optimiser ? | Charge+","og_description":"La cl\u00e9 de l\u2019autonomie en \u00e9lectrique\u2009? Une batterie au top\u2009! D\u00e9couvrez les astuces Charge+ pour booster la long\u00e9vit\u00e9 de votre batterie de voiture \u00e9lectrique.","og_url":"https:\/\/chargeplus.totalenergies.com\/fr\/conseils-recharge-electrique\/comment-optimiser-duree-vie-batterie-voiture-electrique\/","og_site_name":"Charge+","article_modified_time":"2024-03-13T08:41:45+00:00","og_image":[{"width":1500,"height":1000,"url":"https:\/\/chargeplus.totalenergies.com\/wp-inside\/uploads\/2023\/07\/voiture-electrique-optimiser-vie-batterie.jpg","type":"image\/jpeg"}],"twitter_card":"summary_large_image","twitter_misc":{"Dur\u00e9e de lecture estim\u00e9e":"5 minutes"},"schema":{"@context":"https:\/\/schema.org","@graph":[{"@type":"WebPage","@id":"https:\/\/chargeplus.totalenergies.com\/fr\/conseils-recharge-electrique\/comment-optimiser-duree-vie-batterie-voiture-electrique\/","url":"https:\/\/chargeplus.totalenergies.com\/fr\/conseils-recharge-electrique\/comment-optimiser-duree-vie-batterie-voiture-electrique\/","name":"Dur\u00e9e de vie batterie de voiture \u00e9lectrique : comment l'optimiser ?","isPartOf":{"@id":"https:\/\/chargeplus.totalenergies.com\/fr\/#website"},"primaryImageOfPage":{"@id":"https:\/\/chargeplus.totalenergies.com\/fr\/conseils-recharge-electrique\/comment-optimiser-duree-vie-batterie-voiture-electrique\/#primaryimage"},"image":{"@id":"https:\/\/chargeplus.totalenergies.com\/fr\/conseils-recharge-electrique\/comment-optimiser-duree-vie-batterie-voiture-electrique\/#primaryimage"},"thumbnailUrl":"https:\/\/chargeplus.totalenergies.com\/wp-inside\/uploads\/2023\/07\/voiture-electrique-optimiser-vie-batterie.jpg","datePublished":"2023-07-28T08:31:16+00:00","dateModified":"2024-03-13T08:41:45+00:00","description":"La cl\u00e9 de l\u2019autonomie en \u00e9lectrique\u2009? Une batterie au top\u2009! D\u00e9couvrez les astuces Charge+ pour booster la long\u00e9vit\u00e9 de votre batterie de voiture \u00e9lectrique.","breadcrumb":{"@id":"https:\/\/chargeplus.totalenergies.com\/fr\/conseils-recharge-electrique\/comment-optimiser-duree-vie-batterie-voiture-electrique\/#breadcrumb"},"inLanguage":"fr-FR","potentialAction":[{"@type":"ReadAction","target":["https:\/\/chargeplus.totalenergies.com\/fr\/conseils-recharge-electrique\/comment-optimiser-duree-vie-batterie-voiture-electrique\/"]}]},{"@type":"ImageObject","inLanguage":"fr-FR","@id":"https:\/\/chargeplus.totalenergies.com\/fr\/conseils-recharge-electrique\/comment-optimiser-duree-vie-batterie-voiture-electrique\/#primaryimage","url":"https:\/\/chargeplus.totalenergies.com\/wp-inside\/uploads\/2023\/07\/voiture-electrique-optimiser-vie-batterie.jpg","contentUrl":"https:\/\/chargeplus.totalenergies.com\/wp-inside\/uploads\/2023\/07\/voiture-electrique-optimiser-vie-batterie.jpg","width":1500,"height":1000,"caption":"Dur\u00e9e de vie batterie voiture \u00e9lectrique"},{"@type":"BreadcrumbList","@id":"https:\/\/chargeplus.totalenergies.com\/fr\/conseils-recharge-electrique\/comment-optimiser-duree-vie-batterie-voiture-electrique\/#breadcrumb","itemListElement":[{"@type":"ListItem","position":1,"name":"Accueil","item":"https:\/\/chargeplus.totalenergies.com\/fr\/"},{"@type":"ListItem","position":2,"name":"Voiture \u00e9lectrique&#160;: nos conseils sur la recharge","item":"https:\/\/chargeplus.totalenergies.com\/fr\/conseils-recharge-electrique\/"},{"@type":"ListItem","position":3,"name":"Voiture \u00e9lectrique&#160;: comment optimiser la dur\u00e9e de vie de sa batterie&#160;?"}]},{"@type":"WebSite","@id":"https:\/\/chargeplus.totalenergies.com\/fr\/#website","url":"https:\/\/chargeplus.totalenergies.com\/fr\/","name":"Charge+","description":"Voiture \u00e9lectrique : le guide pratique de la recharge","publisher":{"@id":"https:\/\/chargeplus.totalenergies.com\/fr\/#organization"},"potentialAction":[{"@type":"SearchAction","target":{"@type":"EntryPoint","urlTemplate":"https:\/\/chargeplus.totalenergies.com\/fr\/?s={search_term_string}"},"query-input":{"@type":"PropertyValueSpecification","valueRequired":true,"valueName":"search_term_string"}}],"inLanguage":"fr-FR"},{"@type":"Organization","@id":"https:\/\/chargeplus.totalenergies.com\/fr\/#organization","name":"Charge+","url":"https:\/\/chargeplus.totalenergies.com\/fr\/","logo":{"@type":"ImageObject","inLanguage":"fr-FR","@id":"https:\/\/chargeplus.totalenergies.com\/fr\/#\/schema\/logo\/image\/","url":"https:\/\/chargeplus.totalenergies.com\/wp-inside\/uploads\/2023\/07\/logo-borne-recharge.jpg","contentUrl":"https:\/\/chargeplus.totalenergies.com\/wp-inside\/uploads\/2023\/07\/logo-borne-recharge.jpg","width":150,"height":150,"caption":"Charge+"},"image":{"@id":"https:\/\/chargeplus.totalenergies.com\/fr\/#\/schema\/logo\/image\/"}}]}},"_links":{"self":[{"href":"https:\/\/chargeplus.totalenergies.com\/fr\/wp-json\/wp\/v2\/pages\/1050","targetHints":{"allow":["GET"]}}],"collection":[{"href":"https:\/\/chargeplus.totalenergies.com\/fr\/wp-json\/wp\/v2\/pages"}],"about":[{"href":"https:\/\/chargeplus.totalenergies.com\/fr\/wp-json\/wp\/v2\/types\/page"}],"author":[{"embeddable":true,"href":"https:\/\/chargeplus.totalenergies.com\/fr\/wp-json\/wp\/v2\/users\/3"}],"replies":[{"embeddable":true,"href":"https:\/\/chargeplus.totalenergies.com\/fr\/wp-json\/wp\/v2\/comments?post=1050"}],"version-history":[{"count":26,"href":"https:\/\/chargeplus.totalenergies.com\/fr\/wp-json\/wp\/v2\/pages\/1050\/revisions"}],"predecessor-version":[{"id":2781,"href":"https:\/\/chargeplus.totalenergies.com\/fr\/wp-json\/wp\/v2\/pages\/1050\/revisions\/2781"}],"up":[{"embeddable":true,"href":"https:\/\/chargeplus.totalenergies.com\/fr\/wp-json\/wp\/v2\/pages\/445"}],"wp:featuredmedia":[{"embeddable":true,"href":"https:\/\/chargeplus.totalenergies.com\/fr\/wp-json\/wp\/v2\/media\/1054"}],"wp:attachment":[{"href":"https:\/\/chargeplus.totalenergies.com\/fr\/wp-json\/wp\/v2\/media?parent=1050"}],"curies":[{"name":"wp","href":"https:\/\/api.w.org\/{rel}","templated":true}]}}