{"id":1071,"date":"2023-07-28T11:13:57","date_gmt":"2023-07-28T09:13:57","guid":{"rendered":"https:\/\/chargeplus.totalenergies.com\/?page_id=1071"},"modified":"2025-05-21T17:50:28","modified_gmt":"2025-05-21T15:50:28","slug":"cout-recharge-voiture-electrique","status":"publish","type":"page","link":"https:\/\/chargeplus.totalenergies.com\/fr\/conseils-recharge-electrique\/cout-recharge-voiture-electrique\/","title":{"rendered":"Quel co\u00fbt pour recharger sa voiture \u00e9lectrique&#160;?"},"content":{"rendered":"<div class=\"wp-post-content\"><!-- zone:zn_pagebanner [0] --><br \/>\n\t\t<!-- \/zone:zn_pagebanner [0] --><br \/>\n<!-- zone:zn_text [1] --><\/p>\n<h2>Prix d\u2019une recharge pour voiture \u00e9lectrique : pourquoi de telles diff\u00e9rences ?<\/h2>\n<p>Estimer le tarif d\u2019un plein d\u2019\u00e9lectricit\u00e9 n\u2019est pas chose facile. En effet, pour 100\u00a0km d\u2019autonomie, le co\u00fbt d\u2019une recharge pour voiture \u00e9lectrique peut <strong>varier de quelques euros \u00e0 plusieurs dizaines d\u2019euros<\/strong>. Cette diff\u00e9rence de prix s\u2019explique par les nombreux param\u00e8tres \u00e0 prendre en compte dans le tarif.<\/p>\n<h3>Le mod\u00e8le du v\u00e9hicule \u00e9lectrique<\/h3>\n<p>\u00c0 l\u2019image des mod\u00e8les thermiques, chaque voiture \u00e9lectrique dispose d\u2019<strong>une consommation d\u2019\u00e9nergie diff\u00e9rente<\/strong> et d\u2019une capacit\u00e9 de batterie sp\u00e9cifique. Certains v\u00e9hicules sont plus \u00e9conomes et offrent ainsi une meilleure autonomie, ce qui peut r\u00e9duire le prix de la recharge.<\/p>\n<p>&nbsp;<\/p>\n<h3><strong>Quels facteurs influencent le prix d\u2019une recharge ?<\/strong><\/h3>\n<p><strong>Le lieu de recharge <\/strong>joue un r\u00f4le d\u00e9terminant dans le co\u00fbt final : \u00e0 domicile, en entreprise ou sur l\u2019espace public, les conditions d\u2019acc\u00e8s et les tarifs peuvent varier. Par ailleurs, <strong>la puissance de la borne<\/strong> influence elle aussi le tarif : en r\u00e8gle g\u00e9n\u00e9rale, plus la recharge est rapide, plus elle est co\u00fbteuse, car elle mobilise davantage d\u2019\u00e9nergie sur une p\u00e9riode plus courte.<\/p>\n<p><strong>\u00c0 lire aussi :<\/strong> <a href=\"https:\/\/chargeplus.totalenergies.com\/fr\/conseils-recharge-electrique\/combien-de-temps-pour-recharger-voiture-electrique\/\">Combien de temps pour recharger une voiture \u00e9lectrique ?<\/a><\/p>\n<p>\t\t\t<!-- \/zone:zn_text [1] --><br \/>\n<!-- zone:zn_text [2] --><\/p>\n<h3 style=\"text-align: center;\">L\u2019op\u00e9rateur<\/h3>\n<p style=\"text-align: center;\">Chaque <a href=\"https:\/\/chargeplus.totalenergies.com\/fr\/faq\/operateur-de-recharge\/\">op\u00e9rateur de recharge<\/a> dispose de ses propres tarifs et de son propre mode de facturation, comme le paiement au kWh, \u00e0 la minute ou au forfait.<\/p>\n<p>\t\t\t<!-- \/zone:zn_text [2] --><br \/>\n<!-- zone:zn_text [3] --><\/p>\n<p style=\"text-align: center;\"><strong>Abonnement au kWh<\/strong><\/p>\n<p style=\"text-align: center;\">Le co\u00fbt de la recharge est directement li\u00e9 \u00e0 la <strong>quantit\u00e9 <\/strong>d\u2019\u00e9lectricit\u00e9 consomm\u00e9e.<\/p>\n<p style=\"text-align: center;\"><strong>Tarification \u00e0 la minute<\/strong><\/p>\n<p style=\"text-align: center;\">Le prix de la recharge est calcul\u00e9 en fonction de la <strong>dur\u00e9e<\/strong> de la session de charge.<\/p>\n<p style=\"text-align: center;\">Cette m\u00e9thode est avantageuse pour l\u2019utilisation de bornes haute puissance.<\/p>\n<p style=\"text-align: center;\"><strong>Forfait<\/strong><\/p>\n<p style=\"text-align: center;\">Le contrat pr\u00e9voit l\u2019acc\u00e8s \u00e0 des <strong>tarifs pr\u00e9f\u00e9rentiels <\/strong>durant la nuit ou suivant les jours de la semaine.<\/p>\n<p>\t\t\t<!-- \/zone:zn_text [3] --><br \/>\n<!-- zone:zn_text [4] --><\/p>\n<h3>Le moment de la recharge<\/h3>\n<p>Parce que le prix de l\u2019\u00e9lectricit\u00e9 peut varier en fonction des heures de la journ\u00e9e, le moment o\u00f9 la charge est effectu\u00e9e joue un r\u00f4le dans le prix de la recharge. Pendant <strong>la nuit et les heures creuses, les tarifs sont plus bas<\/strong> et permettent de r\u00e9aliser des \u00e9conomies int\u00e9ressantes sur le plein. Utiliser ces plages horaires fait partie des astuces pour b\u00e9n\u00e9ficier de tarifs avantageux et faire baisser le co\u00fbt de la recharge.<\/p>\n<p><strong>\u00c0 lire aussi :<\/strong> <a href=\"https:\/\/chargeplus.totalenergies.com\/fr\/conseils-recharge-electrique\/5-astuces-pour-minimiser-cout-de-sa-recharge\/\">Voiture \u00e9lectrique : 5 astuces pour minimiser le co\u00fbt de sa recharge<\/a><\/p>\n<h3>La dur\u00e9e de connexion \u00e0 la borne<\/h3>\n<p>Certains op\u00e9rateurs appliquent des frais suppl\u00e9mentaires au co\u00fbt de la recharge :<\/p>\n<ul>\n<li><strong>Les frais de rotation <\/strong>qui s&rsquo;appliquent \u00e0 partir d&rsquo;un certain temps stationn\u00e9 (par exemple, \u00e0 partir de 45 minutes). Ce frais est une sorte de mesure indirecte qui vise \u00e0 r\u00e9guler le flux en \u00e9vitant une utilisation excessive des bornes, et \u00e0 d\u00e9courager les utilisateurs de monopoliser les emplacements de recharge.<\/li>\n<li><strong>Les frais de session<\/strong> peuvent parfois \u00eatre appliqu\u00e9s pour avoir acc\u00e8s \u00e0 une borne. Dans le cas o\u00f9 il y en a, c&rsquo;est un co\u00fbt suppl\u00e9mentaire \u00e0 la tarification de la recharge exerc\u00e9e. Chez TotalEnergies, nous ne faisons pas de frais de session.<\/li>\n<\/ul>\n<p>\t\t\t<!-- \/zone:zn_text [4] --><br \/>\n<!-- zone:zn_text [6] --><\/p>\n<h2 style=\"text-align: center;\">Quel est le co\u00fbt moyen d\u2019une recharge de voiture \u00e9lectrique ?<\/h2>\n<p style=\"text-align: center;\"><strong>Afin de<\/strong> d\u00e9terminer le prix pr\u00e9cis d\u2019une recharge de voiture \u00e9lectrique, il est n\u00e9cessaire de s\u2019int\u00e9resser \u00e0 l\u2019emplacement de la borne utilis\u00e9e.<\/p>\n<p>\t\t\t<!-- \/zone:zn_text [6] --><br \/>\n<!-- zone:zn_text [7] --><\/p>\n<h3 style=\"text-align: center;\">Bon \u00e0 savoir<\/h3>\n<p style=\"text-align: center;\">Avec la carte de recharge Charge+, faites des \u00e9conomies sur vos recharges \u00e9lectriques partout en France. B\u00e9n\u00e9ficiez de remises allant jusqu&rsquo;\u00e0 15 %<sup>(1)<\/sup> sur vos recharges en stations de la marque TotalEnergies pour les clients Premium.<\/p>\n<p style=\"text-align: center;\"><a class=\"button\" href=\"https:\/\/subscription.chargeplus.totalenergies.com\/fr\">Souscrire \u00e0 Charge+<\/a><\/p>\n<p>\t\t\t<!-- \/zone:zn_text [7] --><br \/>\n<!-- zone:zn_text_img [8] --><\/p>\n<h3>Co\u00fbt moyen d\u2019une recharge en station-service<\/h3>\n<div class=\"ewa-rteLine\">Qu\u2019elles soient implant\u00e9es le long des axes autoroutiers ou sur le r\u00e9seau routier national (RRN), les bornes des stations-service ne sont pas toutes identiques. Leur puissance varie, et plus elle est \u00e9lev\u00e9e, plus le temps de recharge est court, selon les caract\u00e9ristiques du v\u00e9hicule utilis\u00e9.<\/div>\n<div><\/div>\n<div class=\"ewa-rteLine\">Par exemple, avec une borne haute puissance de <strong>TotalEnergies<\/strong>, le co\u00fbt moyen d\u2019une recharge pour parcourir 100 km est de 10,54 \u20ac.<\/div>\n<div class=\"ewa-rteLine\">Depuis le 5 mars 2025, les tarifs de la recharge sur les bornes <strong>TotalEnergies<\/strong> en station-service en France sont les suivants :<\/div>\n<div class=\"ewa-rteLine\"><strong>\u2022 0,52 \u20ac TTC\/kWh pour les bornes jusqu\u2019\u00e0 50 kW<\/strong><\/div>\n<div class=\"ewa-rteLine\"><strong>\u2022 0,62 \u20ac TTC\/kWh pour les bornes de plus de 50 kW<\/strong><\/div>\n<p>&nbsp;<\/p>\n<p><!-- \/zone:zn_text_img [8] --><br \/>\n<!-- zone:zn_text_img [9] --><\/p>\n<h3>Co\u00fbt moyen d\u2019une recharge sur parking<\/h3>\n<div class=\"ewa-rteLine\">Parking de centre commercial, parking de magasin ou encore parking de centre-ville : ils sont de plus en plus nombreux \u00e0 s\u2019\u00e9quiper de solutions de recharge. Mais l\u00e0 encore, le prix pour faire le plein est tr\u00e8s variable.<\/div>\n<div class=\"ewa-rteLine\"><strong>Certains r\u00e9seaux de bornes offrent la possibilit\u00e9 de recharger sa batterie gratuitement<\/strong>. Les clients de l\u2019enseigne peuvent ainsi faire le plein sur les bornes de recharge du parking pendant qu\u2019ils font leurs courses. Dans d\u2019autres parkings, la recharge est gratuite mais le stationnement, lui, est payant.<\/div>\n<p><!-- \/zone:zn_text_img [9] --><br \/>\n<!-- zone:zn_text_img [10] --><\/p>\n<h3>Co\u00fbt moyen d\u2019une recharge sur la voirie<\/h3>\n<div class=\"ewa-rteLine\">Les bornes de recharge publiques en milieu urbain offrent aux conducteurs la possibilit\u00e9 de recharger leur v\u00e9hicule \u00e9lectrique lors de leurs trajets quotidiens. En voirie ou dans les parkings, les tarifs appliqu\u00e9s sont tr\u00e8s variables, en fonction de l\u2019emplacement, de l\u2019op\u00e9rateur et des conditions locales.<\/div>\n<div><\/div>\n<div class=\"ewa-rteLine\">Chez <strong>TotalEnergies<\/strong>, nos prix diff\u00e8rent <strong>selon les concession<\/strong>s et peuvent inclure :<\/div>\n<div class=\"ewa-rteLine\">\u2022 U<strong>ne composante en \u20ac\/kWh<\/strong>, qui correspond \u00e0 l\u2019\u00e9nergie effectivement d\u00e9livr\u00e9e par la borne, en r\u00e9ponse \u00e0 une demande r\u00e9currente des utilisateurs,<\/div>\n<div class=\"ewa-rteLine\">\u2022 <strong>Une composante en \u20ac\/minute<\/strong>, qui refl\u00e8te la dur\u00e9e de la session de recharge, et permet d\u2019encourager la rotation des v\u00e9hicules, facilitant ainsi l\u2019acc\u00e8s au service pour un plus grand nombre.<\/div>\n<div><\/div>\n<p><strong>\u00c0 lire aussi :<\/strong> <a href=\"https:\/\/chargeplus.totalenergies.com\/fr\/trouver-borne-recharge\/\">O\u00f9 trouver une borne de recharge pour sa voiture \u00e9lectrique ?\u00a0<\/a><\/p>\n<p><!-- \/zone:zn_text_img [10] --><br \/>\n<!-- zone:zn_text [12] --><\/p>\n<h3>Co\u00fbt moyen d\u2019une recharge \u00e0 domicile<\/h3>\n<div class=\"ewa-rteLine\"><strong>Recharger<\/strong> sa voiture \u00e9lectrique \u00e0 la maison pr\u00e9sente plusieurs avantages tels que le confort, la praticit\u00e9 et la possibilit\u00e9 de b\u00e9n\u00e9ficier de tarifs avantageux sur l\u2019\u00e9lectricit\u00e9. Le co\u00fbt d\u2019une recharge \u00e0 domicile d\u00e9pend de plusieurs facteurs :<\/div>\n<div class=\"ewa-rteLine\"><\/div>\n<ul>\n<li class=\"ewa-rteLine\">\u00a0Le fournisseur d\u2019\u00e9nergie ;<\/li>\n<li class=\"ewa-rteLine\">Le contrat souscrit ;<\/li>\n<li class=\"ewa-rteLine\">Le type de borne install\u00e9e ;<\/li>\n<li class=\"ewa-rteLine\">Le mod\u00e8le du v\u00e9hicule.<\/li>\n<\/ul>\n<div class=\"ewa-rteLine\"><\/div>\n<div class=\"ewa-rteLine\">Les clients <strong>TotalEnergies \u00c9lectricit\u00e9 \u00e0 la maison <\/strong>peuvent b\u00e9n\u00e9ficier de tarifs pr\u00e9f\u00e9rentiels sur l&rsquo;\u00e9lectricit\u00e9 et sur la recharg<strong>e, <\/strong>notamment lorsqu\u2019ils sont \u00e9galement utilisateurs de<span style=\"color: #ff0000;\"><strong> la carte<\/strong><\/span><strong> Charge+<\/strong>. Ce couplage permet d\u2019optimiser les co\u00fbts de recharge \u00e0 domicile et en dehors du domicile.<\/div>\n<div><\/div>\n<div class=\"ewa-rteLine\">La recharge \u00e0 domicile demande toutefois d\u2019avoir un espace adapt\u00e9 (garage ou stationnement priv\u00e9) et d\u2019investir dans une prise renforc\u00e9e ou une borne d\u00e9di\u00e9e, ce qui peut repr\u00e9senter un co\u00fbt initial.<\/div>\n<p>D\u00e9couvrez tous les conseils Charge+ pour la <a href=\"https:\/\/chargeplus.totalenergies.com\/fr\/conseils-recharge-electrique\/\">recharge de votre v\u00e9hicule \u00e9lectrique<\/a><\/p>\n<p>\t\t\t<!-- \/zone:zn_text [12] -->\n<\/div>\n","protected":false},"excerpt":{"rendered":"<p>Prix d\u2019une recharge pour voiture \u00e9lectrique : pourquoi de telles diff\u00e9rences ? Estimer le tarif d\u2019un plein d\u2019\u00e9lectricit\u00e9 n\u2019est pas chose facile. En effet, pour 100\u00a0km d\u2019autonomie, le co\u00fbt d\u2019une [&hellip;]<\/p>\n","protected":false},"author":3,"featured_media":1073,"parent":445,"menu_order":75,"comment_status":"closed","ping_status":"closed","template":"","meta":{"_acf_changed":false,"footnotes":""},"class_list":["post-1071","page","type-page","status-publish","has-post-thumbnail","hentry","wp-sticky"],"acf":[],"yoast_head":"<!-- This site is optimized with the Yoast SEO plugin v27.5 - https:\/\/yoast.com\/product\/yoast-seo-wordpress\/ -->\n<title>Quel est le prix de recharge d&#039;une voiture \u00e9lectrique ? | Charge+<\/title>\n<meta name=\"description\" content=\"Combien co\u00fbte une recharge de voiture \u00e9lectrique ? D\u00e9couvrez les diff\u00e9rences de prix en fonction des lieux de recharge pour optimiser votre budget.\" \/>\n<meta name=\"robots\" content=\"index, follow, max-snippet:-1, max-image-preview:large, max-video-preview:-1\" \/>\n<link rel=\"canonical\" href=\"https:\/\/chargeplus.totalenergies.com\/fr\/conseils-recharge-electrique\/cout-recharge-voiture-electrique\/\" \/>\n<meta property=\"og:locale\" content=\"fr_FR\" \/>\n<meta property=\"og:type\" content=\"article\" \/>\n<meta property=\"og:title\" content=\"Quel est le prix de recharge d&#039;une voiture \u00e9lectrique ? | Charge+\" \/>\n<meta property=\"og:description\" content=\"Combien co\u00fbte une recharge de voiture \u00e9lectrique ? D\u00e9couvrez les diff\u00e9rences de prix en fonction des lieux de recharge pour optimiser votre budget.\" \/>\n<meta property=\"og:url\" content=\"https:\/\/chargeplus.totalenergies.com\/fr\/conseils-recharge-electrique\/cout-recharge-voiture-electrique\/\" \/>\n<meta property=\"og:site_name\" content=\"Charge+\" \/>\n<meta property=\"article:modified_time\" content=\"2025-05-21T15:50:28+00:00\" \/>\n<meta property=\"og:image\" content=\"https:\/\/chargeplus.totalenergies.com\/wp-inside\/uploads\/2023\/07\/cout-charge-voiture-electrique.jpg\" \/>\n\t<meta property=\"og:image:width\" content=\"1500\" \/>\n\t<meta property=\"og:image:height\" content=\"1000\" \/>\n\t<meta property=\"og:image:type\" content=\"image\/jpeg\" \/>\n<meta name=\"twitter:card\" content=\"summary_large_image\" \/>\n<meta name=\"twitter:label1\" content=\"Dur\u00e9e de lecture estim\u00e9e\" \/>\n\t<meta name=\"twitter:data1\" content=\"6 minutes\" \/>\n<script type=\"application\/ld+json\" class=\"yoast-schema-graph\">{\"@context\":\"https:\\\/\\\/schema.org\",\"@graph\":[{\"@type\":\"WebPage\",\"@id\":\"https:\\\/\\\/chargeplus.totalenergies.com\\\/fr\\\/conseils-recharge-electrique\\\/cout-recharge-voiture-electrique\\\/\",\"url\":\"https:\\\/\\\/chargeplus.totalenergies.com\\\/fr\\\/conseils-recharge-electrique\\\/cout-recharge-voiture-electrique\\\/\",\"name\":\"Quel est le prix de recharge d'une voiture \u00e9lectrique ?\",\"isPartOf\":{\"@id\":\"https:\\\/\\\/chargeplus.totalenergies.com\\\/fr\\\/#website\"},\"primaryImageOfPage\":{\"@id\":\"https:\\\/\\\/chargeplus.totalenergies.com\\\/fr\\\/conseils-recharge-electrique\\\/cout-recharge-voiture-electrique\\\/#primaryimage\"},\"image\":{\"@id\":\"https:\\\/\\\/chargeplus.totalenergies.com\\\/fr\\\/conseils-recharge-electrique\\\/cout-recharge-voiture-electrique\\\/#primaryimage\"},\"thumbnailUrl\":\"https:\\\/\\\/chargeplus.totalenergies.com\\\/wp-inside\\\/uploads\\\/2023\\\/07\\\/cout-charge-voiture-electrique.jpg\",\"datePublished\":\"2023-07-28T09:13:57+00:00\",\"dateModified\":\"2025-05-21T15:50:28+00:00\",\"description\":\"Combien co\u00fbte une recharge de voiture \u00e9lectrique ? D\u00e9couvrez les diff\u00e9rences de prix en fonction des lieux de recharge pour optimiser votre budget.\",\"breadcrumb\":{\"@id\":\"https:\\\/\\\/chargeplus.totalenergies.com\\\/fr\\\/conseils-recharge-electrique\\\/cout-recharge-voiture-electrique\\\/#breadcrumb\"},\"inLanguage\":\"fr-FR\",\"potentialAction\":[{\"@type\":\"ReadAction\",\"target\":[\"https:\\\/\\\/chargeplus.totalenergies.com\\\/fr\\\/conseils-recharge-electrique\\\/cout-recharge-voiture-electrique\\\/\"]}]},{\"@type\":\"ImageObject\",\"inLanguage\":\"fr-FR\",\"@id\":\"https:\\\/\\\/chargeplus.totalenergies.com\\\/fr\\\/conseils-recharge-electrique\\\/cout-recharge-voiture-electrique\\\/#primaryimage\",\"url\":\"https:\\\/\\\/chargeplus.totalenergies.com\\\/wp-inside\\\/uploads\\\/2023\\\/07\\\/cout-charge-voiture-electrique.jpg\",\"contentUrl\":\"https:\\\/\\\/chargeplus.totalenergies.com\\\/wp-inside\\\/uploads\\\/2023\\\/07\\\/cout-charge-voiture-electrique.jpg\",\"width\":1500,\"height\":1000,\"caption\":\"Quels \u00e9l\u00e9ments impactent le prix d\u2019une recharge de voiture \u00e9lectrique\"},{\"@type\":\"BreadcrumbList\",\"@id\":\"https:\\\/\\\/chargeplus.totalenergies.com\\\/fr\\\/conseils-recharge-electrique\\\/cout-recharge-voiture-electrique\\\/#breadcrumb\",\"itemListElement\":[{\"@type\":\"ListItem\",\"position\":1,\"name\":\"Accueil\",\"item\":\"https:\\\/\\\/chargeplus.totalenergies.com\\\/fr\\\/\"},{\"@type\":\"ListItem\",\"position\":2,\"name\":\"Voiture \u00e9lectrique&#160;: nos conseils sur la recharge\",\"item\":\"https:\\\/\\\/chargeplus.totalenergies.com\\\/fr\\\/conseils-recharge-electrique\\\/\"},{\"@type\":\"ListItem\",\"position\":3,\"name\":\"Quel co\u00fbt pour recharger sa voiture \u00e9lectrique&#160;?\"}]},{\"@type\":\"WebSite\",\"@id\":\"https:\\\/\\\/chargeplus.totalenergies.com\\\/fr\\\/#website\",\"url\":\"https:\\\/\\\/chargeplus.totalenergies.com\\\/fr\\\/\",\"name\":\"Charge+\",\"description\":\"Voiture \u00e9lectrique : le guide pratique de la recharge\",\"publisher\":{\"@id\":\"https:\\\/\\\/chargeplus.totalenergies.com\\\/fr\\\/#organization\"},\"potentialAction\":[{\"@type\":\"SearchAction\",\"target\":{\"@type\":\"EntryPoint\",\"urlTemplate\":\"https:\\\/\\\/chargeplus.totalenergies.com\\\/fr\\\/?s={search_term_string}\"},\"query-input\":{\"@type\":\"PropertyValueSpecification\",\"valueRequired\":true,\"valueName\":\"search_term_string\"}}],\"inLanguage\":\"fr-FR\"},{\"@type\":\"Organization\",\"@id\":\"https:\\\/\\\/chargeplus.totalenergies.com\\\/fr\\\/#organization\",\"name\":\"Charge+\",\"url\":\"https:\\\/\\\/chargeplus.totalenergies.com\\\/fr\\\/\",\"logo\":{\"@type\":\"ImageObject\",\"inLanguage\":\"fr-FR\",\"@id\":\"https:\\\/\\\/chargeplus.totalenergies.com\\\/fr\\\/#\\\/schema\\\/logo\\\/image\\\/\",\"url\":\"https:\\\/\\\/chargeplus.totalenergies.com\\\/wp-inside\\\/uploads\\\/2023\\\/07\\\/logo-borne-recharge.jpg\",\"contentUrl\":\"https:\\\/\\\/chargeplus.totalenergies.com\\\/wp-inside\\\/uploads\\\/2023\\\/07\\\/logo-borne-recharge.jpg\",\"width\":150,\"height\":150,\"caption\":\"Charge+\"},\"image\":{\"@id\":\"https:\\\/\\\/chargeplus.totalenergies.com\\\/fr\\\/#\\\/schema\\\/logo\\\/image\\\/\"}}]}<\/script>\n<!-- \/ Yoast SEO plugin. -->","yoast_head_json":{"title":"Quel est le prix de recharge d'une voiture \u00e9lectrique ? | Charge+","description":"Combien co\u00fbte une recharge de voiture \u00e9lectrique ? D\u00e9couvrez les diff\u00e9rences de prix en fonction des lieux de recharge pour optimiser votre budget.","robots":{"index":"index","follow":"follow","max-snippet":"max-snippet:-1","max-image-preview":"max-image-preview:large","max-video-preview":"max-video-preview:-1"},"canonical":"https:\/\/chargeplus.totalenergies.com\/fr\/conseils-recharge-electrique\/cout-recharge-voiture-electrique\/","og_locale":"fr_FR","og_type":"article","og_title":"Quel est le prix de recharge d'une voiture \u00e9lectrique ? | Charge+","og_description":"Combien co\u00fbte une recharge de voiture \u00e9lectrique ? D\u00e9couvrez les diff\u00e9rences de prix en fonction des lieux de recharge pour optimiser votre budget.","og_url":"https:\/\/chargeplus.totalenergies.com\/fr\/conseils-recharge-electrique\/cout-recharge-voiture-electrique\/","og_site_name":"Charge+","article_modified_time":"2025-05-21T15:50:28+00:00","og_image":[{"width":1500,"height":1000,"url":"https:\/\/chargeplus.totalenergies.com\/wp-inside\/uploads\/2023\/07\/cout-charge-voiture-electrique.jpg","type":"image\/jpeg"}],"twitter_card":"summary_large_image","twitter_misc":{"Dur\u00e9e de lecture estim\u00e9e":"6 minutes"},"schema":{"@context":"https:\/\/schema.org","@graph":[{"@type":"WebPage","@id":"https:\/\/chargeplus.totalenergies.com\/fr\/conseils-recharge-electrique\/cout-recharge-voiture-electrique\/","url":"https:\/\/chargeplus.totalenergies.com\/fr\/conseils-recharge-electrique\/cout-recharge-voiture-electrique\/","name":"Quel est le prix de recharge d'une voiture \u00e9lectrique ?","isPartOf":{"@id":"https:\/\/chargeplus.totalenergies.com\/fr\/#website"},"primaryImageOfPage":{"@id":"https:\/\/chargeplus.totalenergies.com\/fr\/conseils-recharge-electrique\/cout-recharge-voiture-electrique\/#primaryimage"},"image":{"@id":"https:\/\/chargeplus.totalenergies.com\/fr\/conseils-recharge-electrique\/cout-recharge-voiture-electrique\/#primaryimage"},"thumbnailUrl":"https:\/\/chargeplus.totalenergies.com\/wp-inside\/uploads\/2023\/07\/cout-charge-voiture-electrique.jpg","datePublished":"2023-07-28T09:13:57+00:00","dateModified":"2025-05-21T15:50:28+00:00","description":"Combien co\u00fbte une recharge de voiture \u00e9lectrique ? D\u00e9couvrez les diff\u00e9rences de prix en fonction des lieux de recharge pour optimiser votre budget.","breadcrumb":{"@id":"https:\/\/chargeplus.totalenergies.com\/fr\/conseils-recharge-electrique\/cout-recharge-voiture-electrique\/#breadcrumb"},"inLanguage":"fr-FR","potentialAction":[{"@type":"ReadAction","target":["https:\/\/chargeplus.totalenergies.com\/fr\/conseils-recharge-electrique\/cout-recharge-voiture-electrique\/"]}]},{"@type":"ImageObject","inLanguage":"fr-FR","@id":"https:\/\/chargeplus.totalenergies.com\/fr\/conseils-recharge-electrique\/cout-recharge-voiture-electrique\/#primaryimage","url":"https:\/\/chargeplus.totalenergies.com\/wp-inside\/uploads\/2023\/07\/cout-charge-voiture-electrique.jpg","contentUrl":"https:\/\/chargeplus.totalenergies.com\/wp-inside\/uploads\/2023\/07\/cout-charge-voiture-electrique.jpg","width":1500,"height":1000,"caption":"Quels \u00e9l\u00e9ments impactent le prix d\u2019une recharge de voiture \u00e9lectrique"},{"@type":"BreadcrumbList","@id":"https:\/\/chargeplus.totalenergies.com\/fr\/conseils-recharge-electrique\/cout-recharge-voiture-electrique\/#breadcrumb","itemListElement":[{"@type":"ListItem","position":1,"name":"Accueil","item":"https:\/\/chargeplus.totalenergies.com\/fr\/"},{"@type":"ListItem","position":2,"name":"Voiture \u00e9lectrique&#160;: nos conseils sur la recharge","item":"https:\/\/chargeplus.totalenergies.com\/fr\/conseils-recharge-electrique\/"},{"@type":"ListItem","position":3,"name":"Quel co\u00fbt pour recharger sa voiture \u00e9lectrique&#160;?"}]},{"@type":"WebSite","@id":"https:\/\/chargeplus.totalenergies.com\/fr\/#website","url":"https:\/\/chargeplus.totalenergies.com\/fr\/","name":"Charge+","description":"Voiture \u00e9lectrique : le guide pratique de la recharge","publisher":{"@id":"https:\/\/chargeplus.totalenergies.com\/fr\/#organization"},"potentialAction":[{"@type":"SearchAction","target":{"@type":"EntryPoint","urlTemplate":"https:\/\/chargeplus.totalenergies.com\/fr\/?s={search_term_string}"},"query-input":{"@type":"PropertyValueSpecification","valueRequired":true,"valueName":"search_term_string"}}],"inLanguage":"fr-FR"},{"@type":"Organization","@id":"https:\/\/chargeplus.totalenergies.com\/fr\/#organization","name":"Charge+","url":"https:\/\/chargeplus.totalenergies.com\/fr\/","logo":{"@type":"ImageObject","inLanguage":"fr-FR","@id":"https:\/\/chargeplus.totalenergies.com\/fr\/#\/schema\/logo\/image\/","url":"https:\/\/chargeplus.totalenergies.com\/wp-inside\/uploads\/2023\/07\/logo-borne-recharge.jpg","contentUrl":"https:\/\/chargeplus.totalenergies.com\/wp-inside\/uploads\/2023\/07\/logo-borne-recharge.jpg","width":150,"height":150,"caption":"Charge+"},"image":{"@id":"https:\/\/chargeplus.totalenergies.com\/fr\/#\/schema\/logo\/image\/"}}]}},"_links":{"self":[{"href":"https:\/\/chargeplus.totalenergies.com\/fr\/wp-json\/wp\/v2\/pages\/1071","targetHints":{"allow":["GET"]}}],"collection":[{"href":"https:\/\/chargeplus.totalenergies.com\/fr\/wp-json\/wp\/v2\/pages"}],"about":[{"href":"https:\/\/chargeplus.totalenergies.com\/fr\/wp-json\/wp\/v2\/types\/page"}],"author":[{"embeddable":true,"href":"https:\/\/chargeplus.totalenergies.com\/fr\/wp-json\/wp\/v2\/users\/3"}],"replies":[{"embeddable":true,"href":"https:\/\/chargeplus.totalenergies.com\/fr\/wp-json\/wp\/v2\/comments?post=1071"}],"version-history":[{"count":41,"href":"https:\/\/chargeplus.totalenergies.com\/fr\/wp-json\/wp\/v2\/pages\/1071\/revisions"}],"predecessor-version":[{"id":4074,"href":"https:\/\/chargeplus.totalenergies.com\/fr\/wp-json\/wp\/v2\/pages\/1071\/revisions\/4074"}],"up":[{"embeddable":true,"href":"https:\/\/chargeplus.totalenergies.com\/fr\/wp-json\/wp\/v2\/pages\/445"}],"wp:featuredmedia":[{"embeddable":true,"href":"https:\/\/chargeplus.totalenergies.com\/fr\/wp-json\/wp\/v2\/media\/1073"}],"wp:attachment":[{"href":"https:\/\/chargeplus.totalenergies.com\/fr\/wp-json\/wp\/v2\/media?parent=1071"}],"curies":[{"name":"wp","href":"https:\/\/api.w.org\/{rel}","templated":true}]}}