{"id":1363,"date":"2023-08-24T12:40:26","date_gmt":"2023-08-24T10:40:26","guid":{"rendered":"https:\/\/chargeplus.totalenergies.com\/?page_id=1363"},"modified":"2025-03-19T15:45:11","modified_gmt":"2025-03-19T14:45:11","slug":"comment-recharger-voiture-electrique-rapidement","status":"publish","type":"page","link":"https:\/\/chargeplus.totalenergies.com\/fr\/conseils-recharge-electrique\/comment-recharger-voiture-electrique-rapidement\/","title":{"rendered":"Comment recharger sa voiture \u00e9lectrique rapidement&#160;?"},"content":{"rendered":"<div class=\"wp-post-content\"><!-- zone:zn_pagebanner [0] --><br \/>\n\t\t<!-- \/zone:zn_pagebanner [0] --><br \/>\n<!-- zone:zn_text_img [1] --><\/p>\n<h2>Recharge lente, recharge rapide et ultra rapide : quelles diff\u00e9rences ?<\/h2>\n<p>En mati\u00e8re de recharge de v\u00e9hicule \u00e9lectrique, on entend souvent parler de diff\u00e9rents niveaux de vitesse de recharge :<\/p>\n<ul>\n<li aria-level=\"1\"><b>La recharge lente<\/b>, g\u00e9n\u00e9ralement effectu\u00e9e \u00e0 l&rsquo;aide d&rsquo;une borne de recharge de <b>faible puissance<\/b>. Avec une puissance maximale de 22 kW, ce mode de charge convient surtout aux situations o\u00f9 le temps de recharge n&rsquo;est pas une contrainte.<\/li>\n<li aria-level=\"1\"><b>La recharge rapide<\/b> est une excellente solution pour recharger son v\u00e9hicule plus rapidement que la normale. Avec une <b>puissance de charge de 50 kW<\/b>, il faut compter en moyenne 30 minutes pour recharger 80 % de la batterie.<\/li>\n<li aria-level=\"1\"><b>La recharge ultra-rapide<\/b>, qui utilise des bornes de recharge sp\u00e9cifiques capables de fournir une importante quantit\u00e9 d\u2019\u00e9nergie tr\u00e8s rapidement. Leur <b>puissance de charge s\u2019\u00e9l\u00e8ve au moins \u00e0 100 kW et peut atteindre jusqu\u2019\u00e0 350 kW.<\/b> Ce type de recharge s\u2019av\u00e8re particuli\u00e8rement utile lors des longs trajets, notamment sur autoroute. 10 minutes peuvent suffire pour recharger une voiture \u00e9lectrique.<\/li>\n<\/ul>\n<p style=\"text-align: left;\">\u00c0 lire aussi : <a href=\"https:\/\/chargeplus.totalenergies.com\/fr\/conseils-recharge-electrique\/quelle-puissance-recharge-electrique\/\">Quelle puissance pour recharger sa voiture \u00e9lectrique ?<\/a><\/p>\n<p><!-- \/zone:zn_text_img [1] --><br \/>\n<!-- zone:zn_text [2] --><\/p>\n<h2 style=\"text-align: left;\">Quels facteurs influencent le temps de recharge d\u2019une voiture \u00e9lectrique ?<\/h2>\n<p style=\"text-align: left;\">Tous les <a href=\"https:\/\/chargeplus.totalenergies.com\/fr\/marques-de-voitures\/\">v\u00e9hicules \u00e9lectriques<\/a> ne poss\u00e8dent pas les m\u00eames performances et ne sont donc pas soumis \u00e0 la m\u00eame dur\u00e9e de charge. Diff\u00e9rents facteurs peuvent avoir un impact sur ce temps de recharge :<\/p>\n<ul>\n<li aria-level=\"1\"><b>La capacit\u00e9 de la batterie<\/b>. Exprim\u00e9e en kWh, c\u2019est la quantit\u00e9 maximale d\u2019\u00e9nergie que la batterie peut stocker. Plus elle est \u00e9lev\u00e9e, plus longue sera la recharge, car davantage d\u2019\u00e9nergie devra \u00eatre fournie pour la recharger compl\u00e8tement.<\/li>\n<li aria-level=\"1\"><b>La puissance de la borne<\/b>. Mesur\u00e9e en kW, la puissance correspond au d\u00e9bit d\u2019\u00e9nergie que la borne est capable de d\u00e9livrer au v\u00e9hicule. Plus la puissance est \u00e9lev\u00e9e, plus rapide sera la recharge. \u00c0 condition, toutefois, que cette puissance soit compatible avec le c\u00e2ble utilis\u00e9 et la puissance maximale de charge support\u00e9e par la voiture.<\/li>\n<li aria-level=\"1\"><b>Le c\u00e2ble de recharge<\/b>. Reliant la borne au v\u00e9hicule, le c\u00e2ble d\u2019alimentation doit correspondre \u00e0 la puissance utilis\u00e9e. Un c\u00e2ble sous-dimensionn\u00e9 bridera le d\u00e9bit d\u2019\u00e9nergie de la borne et rallongera en cons\u00e9quence la dur\u00e9e de recharge.<\/li>\n<li aria-level=\"1\"><b>L\u2019appel de puissance<\/b>. Exprim\u00e9e en kW, il s\u2019agit de la puissance maximale que le v\u00e9hicule est capable de puiser, en fonction du type de chargeur interne dont il est \u00e9quip\u00e9. Si la puissance de la borne est plus \u00e9lev\u00e9e que celle tol\u00e9r\u00e9e par le chargeur du v\u00e9hicule, la charge sera brid\u00e9e.<\/li>\n<li aria-level=\"1\"><b>La temp\u00e9rature ambiante<\/b>. De fortes chaleurs ou un froid trop intense peuvent affecter le temps de recharge d\u2019un v\u00e9hicule \u00e9lectrique. Un syst\u00e8me de contr\u00f4le interne surveille en permanence la temp\u00e9rature de la batterie. Afin d\u2019\u00e9viter toute surchauffe, ou en cas de froid trop extr\u00eame, ce syst\u00e8me peut adapter la puissance de charge re\u00e7ue, voire choisir de l\u2019interrompre dans les cas extr\u00eames.<\/li>\n<\/ul>\n<p style=\"text-align: left;\">\u00c0 lire aussi : <a href=\"https:\/\/chargeplus.totalenergies.com\/fr\/conseils-recharge-electrique\/combien-de-temps-pour-recharger-voiture-electrique\/\">Combien de temps pour recharger une voiture \u00e9lectrique ?<\/a><\/p>\n<p>\t\t\t<!-- \/zone:zn_text [2] --><br \/>\n<!-- zone:zn_text [4] --><\/p>\n<h2>4 astuces pour recharger rapidement sa voiture \u00e9lectrique<\/h2>\n<p>Au moment de la recharge, diff\u00e9rentes astuces peuvent vous permettre de gagner un temps pr\u00e9cieux.<\/p>\n<h3>La prise renforc\u00e9e<\/h3>\n<p>En plus de ne pas \u00eatre suffisamment s\u00e9curis\u00e9e, une simple prise \u00e9lectrique ordinaire ne vous permettra de ne r\u00e9cup\u00e9rer que 2,3 kWh, au mieux. Pour une petite citadine, cela revient \u00e0 n\u00e9cessiter un temps de charge pouvant d\u00e9passer les 24 heures.<\/p>\n<p>Si vous ne pouvez pas vous \u00e9quiper de borne, l\u2019id\u00e9al est d\u2019opter pour une prise renforc\u00e9e. <b>La puissance est variable en fonction du type de prise install\u00e9e, mais permet d\u2019atteindre au minimum 3,2 kW<\/b>. Plus s\u00fbr que la prise ordinaire, ce syst\u00e8me implique toutefois un temps de recharge d\u2019une quinzaine d\u2019heures.<\/p>\n<h3>La borne de recharge TotalEnergies<\/h3>\n<p>\u00c0 domicile, <a href=\"https:\/\/www.totalenergies.fr\/particuliers\/recharge-voiture-electrique\/borne-intelligente\">les bornes TotalEnergies<\/a> constituent sans conteste la solution id\u00e9ale. N<b>os bornes permettent d\u2019offrir plusieurs niveaux de puissance de charge (7kW ou 11 \u00e0 22kW)<\/b>. Elles sont compatibles avec toutes les voitures (\u00e9lectrique ou hybride rechargeable) et toutes les installations \u00e9lectriques (monophas\u00e9es ou triphas\u00e9es).<\/p>\n<p>&nbsp;<\/p>\n<p>\t\t\t<!-- \/zone:zn_text [4] --><br \/>\n<!-- zone:zn_text_img [5] --><\/p>\n<h3>Le contr\u00f4le de la temp\u00e9rature<\/h3>\n<p><b>La batterie de votre voiture \u00e9lectrique se rechargera toujours plus rapidement hors temp\u00e9ratures extr\u00eames<\/b>. Une chaleur ou un froid trop intense peut conduire le syst\u00e8me de contr\u00f4le de temp\u00e9rature \u00e0 ralentir ou stopper la recharge. Dans la mesure du possible, essayez de recharger votre voiture dans un endroit suffisamment \u00e0 l\u2019abri des al\u00e9as climatiques.<\/p>\n<p>Pour \u00e9viter tout risque de surchauffe, laissez \u00e9galement refroidir votre v\u00e9hicule avant de le recharger.<\/p>\n<h3>Les bornes de recharge rapides et ultra-rapides<\/h3>\n<p>Souvent bas\u00e9es dans les stations de charge rapide ou sur les aires d\u2019autoroute, <b>ces bornes \u00e0 puissance tr\u00e8s \u00e9lev\u00e9e sont les plus efficaces pour une recharge rapide<\/b>. Aujourd\u2019hui, de nombreux mod\u00e8les de v\u00e9hicules sont compatibles avec les bornes dot\u00e9es d\u2019une puissance de 50 kW.<\/p>\n<p>Avec une puissance d\u2019au moins 100 kW, les \u00ab superchargeurs \u00bb, en revanche, ne sont adapt\u00e9s qu\u2019\u00e0 certains mod\u00e8les en circulation. V\u00e9rifiez la compatibilit\u00e9 !<\/p>\n<p>Quoi qu\u2019il en soit, les bornes rapides et ultra-rapides ne doivent \u00eatre utilis\u00e9es que tr\u00e8s ponctuellement pour pr\u00e9server le bon \u00e9tat de fonctionnement des batteries \u00e9lectriques.<\/p>\n<p style=\"text-align: left;\"><a class=\"button\" href=\"https:\/\/chargeplus.totalenergies.com\/fr\/conseils-recharge-electrique\/\">D\u00e9couvrir tous nos conseils sur la recharge \u00e9lectrique<\/a><\/p>\n<p><!-- \/zone:zn_text_img [5] --><br \/>\n<!-- zone:zn_text [7] --><\/p>\n<h2 style=\"text-align: center;\">Bornes de recharge rapides et ultra rapides : y a-t-il des risques \u00e0 les utiliser ?<\/h2>\n<p style=\"text-align: center;\">Les bornes rapides et ultra-rapides g\u00e9n\u00e8rent une <b>quantit\u00e9 de chaleur tr\u00e8s importante lors de la recharge, pouvant endommager les composants chimiques de la batterie<\/b>. Pour optimiser les performances et la dur\u00e9e de vie de votre v\u00e9hicule, limitez au maximum l\u2019usage de ce <a href=\"https:\/\/chargeplus.totalenergies.com\/fr\/faq\/borne-de-recharge\/\">type de borne<\/a>. R\u00e9servez les recharges rapides pour les trajets particuli\u00e8rement longs, lorsque le besoin en autonomie est maximal (pour les longues distances en vacances, par exemple).<\/p>\n<p>\t\t\t<!-- \/zone:zn_text [7] -->\n<\/div>\n","protected":false},"excerpt":{"rendered":"<p>Recharge lente, recharge rapide et ultra rapide : quelles diff\u00e9rences ? En mati\u00e8re de recharge de v\u00e9hicule \u00e9lectrique, on entend souvent parler de diff\u00e9rents niveaux de vitesse de recharge : [&hellip;]<\/p>\n","protected":false},"author":3,"featured_media":1364,"parent":445,"menu_order":0,"comment_status":"closed","ping_status":"closed","template":"","meta":{"_acf_changed":false,"footnotes":""},"class_list":["post-1363","page","type-page","status-publish","has-post-thumbnail","hentry","wp-sticky"],"acf":[],"yoast_head":"<!-- This site is optimized with the Yoast SEO plugin v27.6 - https:\/\/yoast.com\/product\/yoast-seo-wordpress\/ -->\n<title>Recharge rapide d&#039;une voiture \u00e9lectrique : les astuces | Charge+<\/title>\n<meta name=\"description\" content=\"Profitez pleinement d&#039;une mobilit\u00e9 sans contrainte. D\u00e9couvrez nos conseils pour gagner du temps et recharger rapidement votre voiture \u00e9lectrique.\" \/>\n<meta name=\"robots\" content=\"index, follow, max-snippet:-1, max-image-preview:large, max-video-preview:-1\" \/>\n<link rel=\"canonical\" href=\"https:\/\/chargeplus.totalenergies.com\/fr\/conseils-recharge-electrique\/comment-recharger-voiture-electrique-rapidement\/\" \/>\n<meta property=\"og:locale\" content=\"fr_FR\" \/>\n<meta property=\"og:type\" content=\"article\" \/>\n<meta property=\"og:title\" content=\"Recharge rapide d&#039;une voiture \u00e9lectrique : les astuces | Charge+\" \/>\n<meta property=\"og:description\" content=\"Profitez pleinement d&#039;une mobilit\u00e9 sans contrainte. D\u00e9couvrez nos conseils pour gagner du temps et recharger rapidement votre voiture \u00e9lectrique.\" \/>\n<meta property=\"og:url\" content=\"https:\/\/chargeplus.totalenergies.com\/fr\/conseils-recharge-electrique\/comment-recharger-voiture-electrique-rapidement\/\" \/>\n<meta property=\"og:site_name\" content=\"Charge+\" \/>\n<meta property=\"article:modified_time\" content=\"2025-03-19T14:45:11+00:00\" \/>\n<meta property=\"og:image\" content=\"https:\/\/chargeplus.totalenergies.com\/wp-inside\/uploads\/2023\/08\/recharger-voiture-electrique-rapidement.jpg\" \/>\n\t<meta property=\"og:image:width\" content=\"1500\" \/>\n\t<meta property=\"og:image:height\" content=\"1000\" \/>\n\t<meta property=\"og:image:type\" content=\"image\/jpeg\" \/>\n<meta name=\"twitter:card\" content=\"summary_large_image\" \/>\n<meta name=\"twitter:label1\" content=\"Dur\u00e9e de lecture estim\u00e9e\" \/>\n\t<meta name=\"twitter:data1\" content=\"5 minutes\" \/>\n<script type=\"application\/ld+json\" class=\"yoast-schema-graph\">{\"@context\":\"https:\\\/\\\/schema.org\",\"@graph\":[{\"@type\":\"WebPage\",\"@id\":\"https:\\\/\\\/chargeplus.totalenergies.com\\\/fr\\\/conseils-recharge-electrique\\\/comment-recharger-voiture-electrique-rapidement\\\/\",\"url\":\"https:\\\/\\\/chargeplus.totalenergies.com\\\/fr\\\/conseils-recharge-electrique\\\/comment-recharger-voiture-electrique-rapidement\\\/\",\"name\":\"Recharge rapide d'une voiture \u00e9lectrique : les astuces\",\"isPartOf\":{\"@id\":\"https:\\\/\\\/chargeplus.totalenergies.com\\\/fr\\\/#website\"},\"primaryImageOfPage\":{\"@id\":\"https:\\\/\\\/chargeplus.totalenergies.com\\\/fr\\\/conseils-recharge-electrique\\\/comment-recharger-voiture-electrique-rapidement\\\/#primaryimage\"},\"image\":{\"@id\":\"https:\\\/\\\/chargeplus.totalenergies.com\\\/fr\\\/conseils-recharge-electrique\\\/comment-recharger-voiture-electrique-rapidement\\\/#primaryimage\"},\"thumbnailUrl\":\"https:\\\/\\\/chargeplus.totalenergies.com\\\/wp-inside\\\/uploads\\\/2023\\\/08\\\/recharger-voiture-electrique-rapidement.jpg\",\"datePublished\":\"2023-08-24T10:40:26+00:00\",\"dateModified\":\"2025-03-19T14:45:11+00:00\",\"description\":\"Profitez pleinement d'une mobilit\u00e9 sans contrainte. D\u00e9couvrez nos conseils pour gagner du temps et recharger rapidement votre voiture \u00e9lectrique.\",\"breadcrumb\":{\"@id\":\"https:\\\/\\\/chargeplus.totalenergies.com\\\/fr\\\/conseils-recharge-electrique\\\/comment-recharger-voiture-electrique-rapidement\\\/#breadcrumb\"},\"inLanguage\":\"fr-FR\",\"potentialAction\":[{\"@type\":\"ReadAction\",\"target\":[\"https:\\\/\\\/chargeplus.totalenergies.com\\\/fr\\\/conseils-recharge-electrique\\\/comment-recharger-voiture-electrique-rapidement\\\/\"]}]},{\"@type\":\"ImageObject\",\"inLanguage\":\"fr-FR\",\"@id\":\"https:\\\/\\\/chargeplus.totalenergies.com\\\/fr\\\/conseils-recharge-electrique\\\/comment-recharger-voiture-electrique-rapidement\\\/#primaryimage\",\"url\":\"https:\\\/\\\/chargeplus.totalenergies.com\\\/wp-inside\\\/uploads\\\/2023\\\/08\\\/recharger-voiture-electrique-rapidement.jpg\",\"contentUrl\":\"https:\\\/\\\/chargeplus.totalenergies.com\\\/wp-inside\\\/uploads\\\/2023\\\/08\\\/recharger-voiture-electrique-rapidement.jpg\",\"width\":1500,\"height\":1000,\"caption\":\"recharge rapide voiture \u00e9lectrique\"},{\"@type\":\"BreadcrumbList\",\"@id\":\"https:\\\/\\\/chargeplus.totalenergies.com\\\/fr\\\/conseils-recharge-electrique\\\/comment-recharger-voiture-electrique-rapidement\\\/#breadcrumb\",\"itemListElement\":[{\"@type\":\"ListItem\",\"position\":1,\"name\":\"Accueil\",\"item\":\"https:\\\/\\\/chargeplus.totalenergies.com\\\/fr\\\/\"},{\"@type\":\"ListItem\",\"position\":2,\"name\":\"Voiture \u00e9lectrique&#160;: nos conseils sur la recharge\",\"item\":\"https:\\\/\\\/chargeplus.totalenergies.com\\\/fr\\\/conseils-recharge-electrique\\\/\"},{\"@type\":\"ListItem\",\"position\":3,\"name\":\"Comment recharger sa voiture \u00e9lectrique rapidement&#160;?\"}]},{\"@type\":\"WebSite\",\"@id\":\"https:\\\/\\\/chargeplus.totalenergies.com\\\/fr\\\/#website\",\"url\":\"https:\\\/\\\/chargeplus.totalenergies.com\\\/fr\\\/\",\"name\":\"Charge+\",\"description\":\"Voiture \u00e9lectrique : le guide pratique de la recharge\",\"publisher\":{\"@id\":\"https:\\\/\\\/chargeplus.totalenergies.com\\\/fr\\\/#organization\"},\"potentialAction\":[{\"@type\":\"SearchAction\",\"target\":{\"@type\":\"EntryPoint\",\"urlTemplate\":\"https:\\\/\\\/chargeplus.totalenergies.com\\\/fr\\\/?s={search_term_string}\"},\"query-input\":{\"@type\":\"PropertyValueSpecification\",\"valueRequired\":true,\"valueName\":\"search_term_string\"}}],\"inLanguage\":\"fr-FR\"},{\"@type\":\"Organization\",\"@id\":\"https:\\\/\\\/chargeplus.totalenergies.com\\\/fr\\\/#organization\",\"name\":\"Charge+\",\"url\":\"https:\\\/\\\/chargeplus.totalenergies.com\\\/fr\\\/\",\"logo\":{\"@type\":\"ImageObject\",\"inLanguage\":\"fr-FR\",\"@id\":\"https:\\\/\\\/chargeplus.totalenergies.com\\\/fr\\\/#\\\/schema\\\/logo\\\/image\\\/\",\"url\":\"https:\\\/\\\/chargeplus.totalenergies.com\\\/wp-inside\\\/uploads\\\/2023\\\/07\\\/logo-borne-recharge.jpg\",\"contentUrl\":\"https:\\\/\\\/chargeplus.totalenergies.com\\\/wp-inside\\\/uploads\\\/2023\\\/07\\\/logo-borne-recharge.jpg\",\"width\":150,\"height\":150,\"caption\":\"Charge+\"},\"image\":{\"@id\":\"https:\\\/\\\/chargeplus.totalenergies.com\\\/fr\\\/#\\\/schema\\\/logo\\\/image\\\/\"}}]}<\/script>\n<!-- \/ Yoast SEO plugin. -->","yoast_head_json":{"title":"Recharge rapide d'une voiture \u00e9lectrique : les astuces | Charge+","description":"Profitez pleinement d'une mobilit\u00e9 sans contrainte. D\u00e9couvrez nos conseils pour gagner du temps et recharger rapidement votre voiture \u00e9lectrique.","robots":{"index":"index","follow":"follow","max-snippet":"max-snippet:-1","max-image-preview":"max-image-preview:large","max-video-preview":"max-video-preview:-1"},"canonical":"https:\/\/chargeplus.totalenergies.com\/fr\/conseils-recharge-electrique\/comment-recharger-voiture-electrique-rapidement\/","og_locale":"fr_FR","og_type":"article","og_title":"Recharge rapide d'une voiture \u00e9lectrique : les astuces | Charge+","og_description":"Profitez pleinement d'une mobilit\u00e9 sans contrainte. D\u00e9couvrez nos conseils pour gagner du temps et recharger rapidement votre voiture \u00e9lectrique.","og_url":"https:\/\/chargeplus.totalenergies.com\/fr\/conseils-recharge-electrique\/comment-recharger-voiture-electrique-rapidement\/","og_site_name":"Charge+","article_modified_time":"2025-03-19T14:45:11+00:00","og_image":[{"width":1500,"height":1000,"url":"https:\/\/chargeplus.totalenergies.com\/wp-inside\/uploads\/2023\/08\/recharger-voiture-electrique-rapidement.jpg","type":"image\/jpeg"}],"twitter_card":"summary_large_image","twitter_misc":{"Dur\u00e9e de lecture estim\u00e9e":"5 minutes"},"schema":{"@context":"https:\/\/schema.org","@graph":[{"@type":"WebPage","@id":"https:\/\/chargeplus.totalenergies.com\/fr\/conseils-recharge-electrique\/comment-recharger-voiture-electrique-rapidement\/","url":"https:\/\/chargeplus.totalenergies.com\/fr\/conseils-recharge-electrique\/comment-recharger-voiture-electrique-rapidement\/","name":"Recharge rapide d'une voiture \u00e9lectrique : les astuces","isPartOf":{"@id":"https:\/\/chargeplus.totalenergies.com\/fr\/#website"},"primaryImageOfPage":{"@id":"https:\/\/chargeplus.totalenergies.com\/fr\/conseils-recharge-electrique\/comment-recharger-voiture-electrique-rapidement\/#primaryimage"},"image":{"@id":"https:\/\/chargeplus.totalenergies.com\/fr\/conseils-recharge-electrique\/comment-recharger-voiture-electrique-rapidement\/#primaryimage"},"thumbnailUrl":"https:\/\/chargeplus.totalenergies.com\/wp-inside\/uploads\/2023\/08\/recharger-voiture-electrique-rapidement.jpg","datePublished":"2023-08-24T10:40:26+00:00","dateModified":"2025-03-19T14:45:11+00:00","description":"Profitez pleinement d'une mobilit\u00e9 sans contrainte. D\u00e9couvrez nos conseils pour gagner du temps et recharger rapidement votre voiture \u00e9lectrique.","breadcrumb":{"@id":"https:\/\/chargeplus.totalenergies.com\/fr\/conseils-recharge-electrique\/comment-recharger-voiture-electrique-rapidement\/#breadcrumb"},"inLanguage":"fr-FR","potentialAction":[{"@type":"ReadAction","target":["https:\/\/chargeplus.totalenergies.com\/fr\/conseils-recharge-electrique\/comment-recharger-voiture-electrique-rapidement\/"]}]},{"@type":"ImageObject","inLanguage":"fr-FR","@id":"https:\/\/chargeplus.totalenergies.com\/fr\/conseils-recharge-electrique\/comment-recharger-voiture-electrique-rapidement\/#primaryimage","url":"https:\/\/chargeplus.totalenergies.com\/wp-inside\/uploads\/2023\/08\/recharger-voiture-electrique-rapidement.jpg","contentUrl":"https:\/\/chargeplus.totalenergies.com\/wp-inside\/uploads\/2023\/08\/recharger-voiture-electrique-rapidement.jpg","width":1500,"height":1000,"caption":"recharge rapide voiture \u00e9lectrique"},{"@type":"BreadcrumbList","@id":"https:\/\/chargeplus.totalenergies.com\/fr\/conseils-recharge-electrique\/comment-recharger-voiture-electrique-rapidement\/#breadcrumb","itemListElement":[{"@type":"ListItem","position":1,"name":"Accueil","item":"https:\/\/chargeplus.totalenergies.com\/fr\/"},{"@type":"ListItem","position":2,"name":"Voiture \u00e9lectrique&#160;: nos conseils sur la recharge","item":"https:\/\/chargeplus.totalenergies.com\/fr\/conseils-recharge-electrique\/"},{"@type":"ListItem","position":3,"name":"Comment recharger sa voiture \u00e9lectrique rapidement&#160;?"}]},{"@type":"WebSite","@id":"https:\/\/chargeplus.totalenergies.com\/fr\/#website","url":"https:\/\/chargeplus.totalenergies.com\/fr\/","name":"Charge+","description":"Voiture \u00e9lectrique : le guide pratique de la recharge","publisher":{"@id":"https:\/\/chargeplus.totalenergies.com\/fr\/#organization"},"potentialAction":[{"@type":"SearchAction","target":{"@type":"EntryPoint","urlTemplate":"https:\/\/chargeplus.totalenergies.com\/fr\/?s={search_term_string}"},"query-input":{"@type":"PropertyValueSpecification","valueRequired":true,"valueName":"search_term_string"}}],"inLanguage":"fr-FR"},{"@type":"Organization","@id":"https:\/\/chargeplus.totalenergies.com\/fr\/#organization","name":"Charge+","url":"https:\/\/chargeplus.totalenergies.com\/fr\/","logo":{"@type":"ImageObject","inLanguage":"fr-FR","@id":"https:\/\/chargeplus.totalenergies.com\/fr\/#\/schema\/logo\/image\/","url":"https:\/\/chargeplus.totalenergies.com\/wp-inside\/uploads\/2023\/07\/logo-borne-recharge.jpg","contentUrl":"https:\/\/chargeplus.totalenergies.com\/wp-inside\/uploads\/2023\/07\/logo-borne-recharge.jpg","width":150,"height":150,"caption":"Charge+"},"image":{"@id":"https:\/\/chargeplus.totalenergies.com\/fr\/#\/schema\/logo\/image\/"}}]}},"_links":{"self":[{"href":"https:\/\/chargeplus.totalenergies.com\/fr\/wp-json\/wp\/v2\/pages\/1363","targetHints":{"allow":["GET"]}}],"collection":[{"href":"https:\/\/chargeplus.totalenergies.com\/fr\/wp-json\/wp\/v2\/pages"}],"about":[{"href":"https:\/\/chargeplus.totalenergies.com\/fr\/wp-json\/wp\/v2\/types\/page"}],"author":[{"embeddable":true,"href":"https:\/\/chargeplus.totalenergies.com\/fr\/wp-json\/wp\/v2\/users\/3"}],"replies":[{"embeddable":true,"href":"https:\/\/chargeplus.totalenergies.com\/fr\/wp-json\/wp\/v2\/comments?post=1363"}],"version-history":[{"count":18,"href":"https:\/\/chargeplus.totalenergies.com\/fr\/wp-json\/wp\/v2\/pages\/1363\/revisions"}],"predecessor-version":[{"id":3791,"href":"https:\/\/chargeplus.totalenergies.com\/fr\/wp-json\/wp\/v2\/pages\/1363\/revisions\/3791"}],"up":[{"embeddable":true,"href":"https:\/\/chargeplus.totalenergies.com\/fr\/wp-json\/wp\/v2\/pages\/445"}],"wp:featuredmedia":[{"embeddable":true,"href":"https:\/\/chargeplus.totalenergies.com\/fr\/wp-json\/wp\/v2\/media\/1364"}],"wp:attachment":[{"href":"https:\/\/chargeplus.totalenergies.com\/fr\/wp-json\/wp\/v2\/media?parent=1363"}],"curies":[{"name":"wp","href":"https:\/\/api.w.org\/{rel}","templated":true}]}}