{"id":1448,"date":"2023-09-01T09:41:15","date_gmt":"2023-09-01T07:41:15","guid":{"rendered":"https:\/\/chargeplus.totalenergies.com\/?page_id=1448"},"modified":"2026-02-16T16:54:17","modified_gmt":"2026-02-16T15:54:17","slug":"passer-a-lelectrique","status":"publish","type":"page","link":"https:\/\/chargeplus.totalenergies.com\/fr\/passer-a-lelectrique\/","title":{"rendered":"Pourquoi rouler en \u00e9lectrique&#160;?"},"content":{"rendered":"<div class=\"wp-post-content\"><!-- zone:zn_pagebanner [0] --><br \/>\n\t\t<!-- \/zone:zn_pagebanner [0] --><br \/>\n<!-- zone:zn_text_img [2] --><\/p>\n<h2 style=\"text-align: left;\">Le march\u00e9 de l\u2019\u00e9lectrique<\/h2>\n<p style=\"text-align: left;\">Le march\u00e9 de la voiture \u00e9lectrique se d\u00e9veloppe \u00e0 vitesse grand V. Aujourd\u2019hui, la majorit\u00e9 des marques de voiture proposent<b> un ou plusieurs mod\u00e8les \u00e9lectriques<\/b>. Certaines marques, comme <a href=\"https:\/\/chargeplus.totalenergies.com\/fr\/marques-de-voitures\/tesla\/\">Tesla<\/a>, se sont sp\u00e9cialis\u00e9es dans le tout \u00e9lectrique et l&rsquo;hybride.<\/p>\n<p style=\"text-align: left;\">On trouve <a href=\"https:\/\/chargeplus.totalenergies.com\/fr\/passer-a-lelectrique\/voitures-electriques-frabriquees-france\/\">des mod\u00e8les de toutes provenances<\/a> et pour tous les budgets. Si vous le souhaitez,<b> vous trouverez forc\u00e9ment celui correspondant \u00e0 vos attentes<\/b> : SUV, voiture familiale, voiture citadine, berline, etc.<\/p>\n<p style=\"text-align: left;\">Les v\u00e9hicules \u00e9lectriques s&rsquo;av\u00e8rent <b>fiables et faciles \u00e0 prendre en main<\/b>. Ils se montrent par ailleurs tr\u00e8s agr\u00e9ables \u00e0 conduire (pas de bruit, pas de vitesses \u00e0 passer). Ils se rechargent \u00e0 l\u2019aide de bornes publiques ou de points de recharge install\u00e9s \u00e0 domicile. Grands <b>acteurs de la mobilit\u00e9 \u00e9lectrique urbaine<\/b>, ils sont \u00e9galement de plus en plus adapt\u00e9s pour les longs itin\u00e9raires ou les d\u00e9parts en vacances.<\/p>\n<p style=\"text-align: left;\">Le prix d\u2019une voiture \u00e9lectrique restant le frein principal \u00e0 l\u2019achat, la France a mis en place <b>un bonus \u00e9cologique pour voiture \u00e9lectrique<\/b> afin de faciliter la transition pour tous.<\/p>\n<p><a class=\"button\" href=\"https:\/\/chargeplus.totalenergies.com\/fr\/marques-de-voitures\/\">D\u00e9couvrez les marques de voiture \u00e9lectrique<\/a><\/p>\n<p><!-- \/zone:zn_text_img [2] --><br \/>\n<!-- zone:zn_text [3] --><\/p>\n<h2 style=\"text-align: left;\">Pourquoi acheter une voiture \u00e9lectrique ou un v\u00e9hicule hybride ?<\/h2>\n<p style=\"text-align: left;\">L\u2019achat d\u2019un v\u00e9hicule \u00e9lectrique pr\u00e9sente aujourd\u2019hui de nombreux avantages. Nombreux sont ceux qui en sont ravis et ne feront que vous convaincre !<\/p>\n<p style=\"text-align: left;\">En optant pour une voiture \u00e9lectrique ou hybride, vous r\u00e9alisez bien s\u00fbr un geste important en faveur de l\u2019\u00e9cologie et de la plan\u00e8te, mais ce n\u2019est pas tout ! <a href=\"https:\/\/chargeplus.totalenergies.com\/fr\/passer-a-lelectrique\/avantages-inconvenients-voiture-electrique\/\"><b>Bien d\u2019autres avantages <\/b>s\u2019offrent \u00e0 vous<\/a> : confort de conduite, silence dans l&rsquo;habitacle, fiabilit\u00e9.<\/p>\n<p style=\"text-align: left;\">En vous penchant sur la question, vous verrez vite qu\u2019<b>une voiture \u00e9lectrique n\u00e9cessite peu d\u2019entretien<\/b> et qu\u2019elle offre <b>une facilit\u00e9 de conduite <\/b>incomparable. Contrairement aux id\u00e9es re\u00e7ues, elle vous permet d\u2019aller partout, m\u00eame \u00e0 l\u2019autre bout du pays, et au-del\u00e0 ! Avec ce type de v\u00e9hicule, vous ne serez d\u2019ailleurs plus soumis aux restrictions li\u00e9es \u00e0 la pollution en ville.<\/p>\n<p style=\"text-align: left;\">Le facteur principal de la prise de d\u00e9cision reste bien entendu l\u2019aspect financier. Avec une voiture \u00e9lectrique, vous r\u00e9alisez<b> des \u00e9conomies sur le long terme <\/b>! Et bien que le co\u00fbt d\u2019achat soit plus \u00e9lev\u00e9 que pour un mod\u00e8le thermique, les subventions pour voiture \u00e9lectrique rendent <b>son acquisition abordable, et sa rentabilit\u00e9 encore meilleure<\/b>.<\/p>\n<p style=\"text-align: left;\">De plus, le r\u00e9seau de bornes compatibles avec le v\u00e9hicule \u00e9lectrique que vous aurez choisi est tr\u00e8s important et couvre <b>l\u2019ensemble du territoire fran\u00e7ais et europ\u00e9en<\/b>. La mobilit\u00e9 ne constitue donc plus un frein \u00e0 l\u2019achat d\u2019une voiture \u00e9lectrique.<\/p>\n<p><a class=\"button\" href=\"https:\/\/chargeplus.totalenergies.com\/fr\/marques-de-voitures\/\">D\u00e9couvrez les bornes compatibles avec votre v\u00e9hicule \u00e9lectrique<\/a><\/p>\n<p>\t\t\t<!-- \/zone:zn_text [3] --><br \/>\n<!-- zone:zn_text_img [5] --><\/p>\n<h2 style=\"text-align: left;\">Comment choisir sa voiture \u00e9lectrique ou son v\u00e9hicule hybride ?<\/h2>\n<p style=\"text-align: left;\">Vous \u00eates d\u00e9cid\u00e9 et souhaitez opter pour la voiture \u00e9lectrique et ses avantages ? Il conviendra tout d\u2019abord de <b>choisir entre un mod\u00e8le 100 % \u00e9lectrique et une voiture hybride rechargeable<\/b>.<\/p>\n<p style=\"text-align: left;\">Les crit\u00e8res de choix d\u2019une marque et d\u2019un mod\u00e8le sont nombreux, tout comme pour l\u2019achat d\u2019un v\u00e9hicule thermique. <b>Certains facteurs importants<\/b> ressortent tout de m\u00eame si vous voulez rouler en voiture \u00e9lectrique. C&rsquo;est notamment le cas de l&rsquo;autonomie de la voiture, du r\u00e9seau de recharge compatible, des connecteurs disponibles sur la batterie, etc.<\/p>\n<p style=\"text-align: left;\">Il faudra <b>\u00e9valuer avec pr\u00e9cision vos besoins<\/b>, afin de d\u00e9finir le mod\u00e8le qui y r\u00e9pondra parfaitement. Prenez \u00e9galement soin de choisir les options que vous souhaitez. Dans tous les cas, il est essentiel de <b>bien se renseigner sur les mod\u00e8les vis\u00e9s<\/b>. Prenez votre temps et tournez-vous vers une concession de confiance o\u00f9 vous pourrez \u00eatre renseign\u00e9 en toute transparence. Et avant de passer \u00e0 l\u2019achat, testez le v\u00e9hicule !<\/p>\n<p><strong>\u00c0 lire aussi<\/strong> : <a href=\"https:\/\/chargeplus.totalenergies.com\/fr\/passer-a-lelectrique\/comment-choisir-sa-future-voiture-electrique\/\">Comment choisir ma future voiture \u00e9lectrique ?<\/a><\/p>\n<p><!-- \/zone:zn_text_img [5] --><br \/>\n<!-- zone:zn_text [6] --><\/p>\n<h2 style=\"text-align: center;\">Peut-on convertir une voiture thermique en voiture \u00e9lectrique ?<\/h2>\n<p style=\"text-align: center;\">Vous r\u00eavez de rouler en \u00e9lectrique, mais vous n\u2019avez pas envie de changer de v\u00e9hicule ? Et pourquoi ne pas <b>convertir votre voiture thermique en \u00e9lectrique<\/b> ? Gr\u00e2ce \u00e0 une op\u00e9ration de <b>\u00ab r\u00e9trofit \u00bb<\/b>, vous avez maintenant la possibilit\u00e9 de transformer votre voiture diesel ou essence en v\u00e9hicule 100 % \u00e9lectrique ! C&rsquo;est <b>la solution id\u00e9ale pour profiter de tous les avantages de l\u2019\u00e9lectrique,<\/b> tout en gardant votre v\u00e9hicule actuel !<\/p>\n<p style=\"text-align: center;\">\u00c0 lire aussi : <a href=\"https:\/\/chargeplus.totalenergies.com\/fr\/passer-a-lelectrique\/tout-savoir-voiture-hybride-rechargeable-mieux-choisir\/\">Tout savoir sur la voiture hybride rechargeable pour mieux choisir<\/a><\/p>\n<p>\t\t\t<!-- \/zone:zn_text [6] -->\n<\/div>\n","protected":false},"excerpt":{"rendered":"<p>De plus en plus de Fran\u00e7ais passent aujourd\u2019hui \u00e0 l&rsquo;\u00e9lectrique pour leur voiture. Et si vous faisiez de m\u00eame ?<\/p>\n","protected":false},"author":3,"featured_media":1451,"parent":0,"menu_order":0,"comment_status":"closed","ping_status":"closed","template":"","meta":{"_acf_changed":false,"footnotes":""},"class_list":["post-1448","page","type-page","status-publish","has-post-thumbnail","hentry","wp-sticky"],"acf":[],"yoast_head":"<!-- This site is optimized with the Yoast SEO plugin v27.5 - https:\/\/yoast.com\/product\/yoast-seo-wordpress\/ -->\n<title>Pourquoi passer \u00e0 la voiture \u00e9lectrique ? | Charge+<\/title>\n<meta name=\"description\" content=\"Vous h\u00e9sitez encore \u00e0 passer \u00e0 l\u2019\u00e9lectrique ? D\u00e9couvrez ici les bonnes raisons de rouler avec une voiture 100 % \u00e9lectrique ou avec une voiture hybride rechargeable !\" \/>\n<meta name=\"robots\" content=\"index, follow, max-snippet:-1, max-image-preview:large, max-video-preview:-1\" \/>\n<link rel=\"canonical\" href=\"https:\/\/chargeplus.totalenergies.com\/fr\/passer-a-lelectrique\/\" \/>\n<meta property=\"og:locale\" content=\"fr_FR\" \/>\n<meta property=\"og:type\" content=\"article\" \/>\n<meta property=\"og:title\" content=\"Pourquoi passer \u00e0 la voiture \u00e9lectrique ? | Charge+\" \/>\n<meta property=\"og:description\" content=\"Vous h\u00e9sitez encore \u00e0 passer \u00e0 l\u2019\u00e9lectrique ? D\u00e9couvrez ici les bonnes raisons de rouler avec une voiture 100 % \u00e9lectrique ou avec une voiture hybride rechargeable !\" \/>\n<meta property=\"og:url\" content=\"https:\/\/chargeplus.totalenergies.com\/fr\/passer-a-lelectrique\/\" \/>\n<meta property=\"og:site_name\" content=\"Charge+\" \/>\n<meta property=\"article:modified_time\" content=\"2026-02-16T15:54:17+00:00\" \/>\n<meta property=\"og:image\" content=\"https:\/\/chargeplus.totalenergies.com\/wp-inside\/uploads\/2023\/08\/pourquoi-rouler-en-electrique.jpg\" \/>\n\t<meta property=\"og:image:width\" content=\"1500\" \/>\n\t<meta property=\"og:image:height\" content=\"1000\" \/>\n\t<meta property=\"og:image:type\" content=\"image\/jpeg\" \/>\n<meta name=\"twitter:card\" content=\"summary_large_image\" \/>\n<meta name=\"twitter:label1\" content=\"Dur\u00e9e de lecture estim\u00e9e\" \/>\n\t<meta name=\"twitter:data1\" content=\"4 minutes\" \/>\n<script type=\"application\/ld+json\" class=\"yoast-schema-graph\">{\"@context\":\"https:\\\/\\\/schema.org\",\"@graph\":[{\"@type\":\"WebPage\",\"@id\":\"https:\\\/\\\/chargeplus.totalenergies.com\\\/fr\\\/passer-a-lelectrique\\\/\",\"url\":\"https:\\\/\\\/chargeplus.totalenergies.com\\\/fr\\\/passer-a-lelectrique\\\/\",\"name\":\"Pourquoi passer \u00e0 la voiture \u00e9lectrique ?\",\"isPartOf\":{\"@id\":\"https:\\\/\\\/chargeplus.totalenergies.com\\\/fr\\\/#website\"},\"primaryImageOfPage\":{\"@id\":\"https:\\\/\\\/chargeplus.totalenergies.com\\\/fr\\\/passer-a-lelectrique\\\/#primaryimage\"},\"image\":{\"@id\":\"https:\\\/\\\/chargeplus.totalenergies.com\\\/fr\\\/passer-a-lelectrique\\\/#primaryimage\"},\"thumbnailUrl\":\"https:\\\/\\\/chargeplus.totalenergies.com\\\/wp-inside\\\/uploads\\\/2023\\\/08\\\/pourquoi-rouler-en-electrique.jpg\",\"datePublished\":\"2023-09-01T07:41:15+00:00\",\"dateModified\":\"2026-02-16T15:54:17+00:00\",\"description\":\"Vous h\u00e9sitez encore \u00e0 passer \u00e0 l\u2019\u00e9lectrique ? D\u00e9couvrez ici les bonnes raisons de rouler avec une voiture 100 % \u00e9lectrique ou avec une voiture hybride rechargeable !\",\"breadcrumb\":{\"@id\":\"https:\\\/\\\/chargeplus.totalenergies.com\\\/fr\\\/passer-a-lelectrique\\\/#breadcrumb\"},\"inLanguage\":\"fr-FR\",\"potentialAction\":[{\"@type\":\"ReadAction\",\"target\":[\"https:\\\/\\\/chargeplus.totalenergies.com\\\/fr\\\/passer-a-lelectrique\\\/\"]}]},{\"@type\":\"ImageObject\",\"inLanguage\":\"fr-FR\",\"@id\":\"https:\\\/\\\/chargeplus.totalenergies.com\\\/fr\\\/passer-a-lelectrique\\\/#primaryimage\",\"url\":\"https:\\\/\\\/chargeplus.totalenergies.com\\\/wp-inside\\\/uploads\\\/2023\\\/08\\\/pourquoi-rouler-en-electrique.jpg\",\"contentUrl\":\"https:\\\/\\\/chargeplus.totalenergies.com\\\/wp-inside\\\/uploads\\\/2023\\\/08\\\/pourquoi-rouler-en-electrique.jpg\",\"width\":1500,\"height\":1000,\"caption\":\"Rouler en \u00e9lectrique\"},{\"@type\":\"BreadcrumbList\",\"@id\":\"https:\\\/\\\/chargeplus.totalenergies.com\\\/fr\\\/passer-a-lelectrique\\\/#breadcrumb\",\"itemListElement\":[{\"@type\":\"ListItem\",\"position\":1,\"name\":\"Accueil\",\"item\":\"https:\\\/\\\/chargeplus.totalenergies.com\\\/fr\\\/\"},{\"@type\":\"ListItem\",\"position\":2,\"name\":\"Pourquoi rouler en \u00e9lectrique&#160;?\"}]},{\"@type\":\"WebSite\",\"@id\":\"https:\\\/\\\/chargeplus.totalenergies.com\\\/fr\\\/#website\",\"url\":\"https:\\\/\\\/chargeplus.totalenergies.com\\\/fr\\\/\",\"name\":\"Charge+\",\"description\":\"Voiture \u00e9lectrique : le guide pratique de la recharge\",\"publisher\":{\"@id\":\"https:\\\/\\\/chargeplus.totalenergies.com\\\/fr\\\/#organization\"},\"potentialAction\":[{\"@type\":\"SearchAction\",\"target\":{\"@type\":\"EntryPoint\",\"urlTemplate\":\"https:\\\/\\\/chargeplus.totalenergies.com\\\/fr\\\/?s={search_term_string}\"},\"query-input\":{\"@type\":\"PropertyValueSpecification\",\"valueRequired\":true,\"valueName\":\"search_term_string\"}}],\"inLanguage\":\"fr-FR\"},{\"@type\":\"Organization\",\"@id\":\"https:\\\/\\\/chargeplus.totalenergies.com\\\/fr\\\/#organization\",\"name\":\"Charge+\",\"url\":\"https:\\\/\\\/chargeplus.totalenergies.com\\\/fr\\\/\",\"logo\":{\"@type\":\"ImageObject\",\"inLanguage\":\"fr-FR\",\"@id\":\"https:\\\/\\\/chargeplus.totalenergies.com\\\/fr\\\/#\\\/schema\\\/logo\\\/image\\\/\",\"url\":\"https:\\\/\\\/chargeplus.totalenergies.com\\\/wp-inside\\\/uploads\\\/2023\\\/07\\\/logo-borne-recharge.jpg\",\"contentUrl\":\"https:\\\/\\\/chargeplus.totalenergies.com\\\/wp-inside\\\/uploads\\\/2023\\\/07\\\/logo-borne-recharge.jpg\",\"width\":150,\"height\":150,\"caption\":\"Charge+\"},\"image\":{\"@id\":\"https:\\\/\\\/chargeplus.totalenergies.com\\\/fr\\\/#\\\/schema\\\/logo\\\/image\\\/\"}}]}<\/script>\n<!-- \/ Yoast SEO plugin. -->","yoast_head_json":{"title":"Pourquoi passer \u00e0 la voiture \u00e9lectrique ? | Charge+","description":"Vous h\u00e9sitez encore \u00e0 passer \u00e0 l\u2019\u00e9lectrique ? D\u00e9couvrez ici les bonnes raisons de rouler avec une voiture 100 % \u00e9lectrique ou avec une voiture hybride rechargeable !","robots":{"index":"index","follow":"follow","max-snippet":"max-snippet:-1","max-image-preview":"max-image-preview:large","max-video-preview":"max-video-preview:-1"},"canonical":"https:\/\/chargeplus.totalenergies.com\/fr\/passer-a-lelectrique\/","og_locale":"fr_FR","og_type":"article","og_title":"Pourquoi passer \u00e0 la voiture \u00e9lectrique ? | Charge+","og_description":"Vous h\u00e9sitez encore \u00e0 passer \u00e0 l\u2019\u00e9lectrique ? D\u00e9couvrez ici les bonnes raisons de rouler avec une voiture 100 % \u00e9lectrique ou avec une voiture hybride rechargeable !","og_url":"https:\/\/chargeplus.totalenergies.com\/fr\/passer-a-lelectrique\/","og_site_name":"Charge+","article_modified_time":"2026-02-16T15:54:17+00:00","og_image":[{"width":1500,"height":1000,"url":"https:\/\/chargeplus.totalenergies.com\/wp-inside\/uploads\/2023\/08\/pourquoi-rouler-en-electrique.jpg","type":"image\/jpeg"}],"twitter_card":"summary_large_image","twitter_misc":{"Dur\u00e9e de lecture estim\u00e9e":"4 minutes"},"schema":{"@context":"https:\/\/schema.org","@graph":[{"@type":"WebPage","@id":"https:\/\/chargeplus.totalenergies.com\/fr\/passer-a-lelectrique\/","url":"https:\/\/chargeplus.totalenergies.com\/fr\/passer-a-lelectrique\/","name":"Pourquoi passer \u00e0 la voiture \u00e9lectrique ?","isPartOf":{"@id":"https:\/\/chargeplus.totalenergies.com\/fr\/#website"},"primaryImageOfPage":{"@id":"https:\/\/chargeplus.totalenergies.com\/fr\/passer-a-lelectrique\/#primaryimage"},"image":{"@id":"https:\/\/chargeplus.totalenergies.com\/fr\/passer-a-lelectrique\/#primaryimage"},"thumbnailUrl":"https:\/\/chargeplus.totalenergies.com\/wp-inside\/uploads\/2023\/08\/pourquoi-rouler-en-electrique.jpg","datePublished":"2023-09-01T07:41:15+00:00","dateModified":"2026-02-16T15:54:17+00:00","description":"Vous h\u00e9sitez encore \u00e0 passer \u00e0 l\u2019\u00e9lectrique ? D\u00e9couvrez ici les bonnes raisons de rouler avec une voiture 100 % \u00e9lectrique ou avec une voiture hybride rechargeable !","breadcrumb":{"@id":"https:\/\/chargeplus.totalenergies.com\/fr\/passer-a-lelectrique\/#breadcrumb"},"inLanguage":"fr-FR","potentialAction":[{"@type":"ReadAction","target":["https:\/\/chargeplus.totalenergies.com\/fr\/passer-a-lelectrique\/"]}]},{"@type":"ImageObject","inLanguage":"fr-FR","@id":"https:\/\/chargeplus.totalenergies.com\/fr\/passer-a-lelectrique\/#primaryimage","url":"https:\/\/chargeplus.totalenergies.com\/wp-inside\/uploads\/2023\/08\/pourquoi-rouler-en-electrique.jpg","contentUrl":"https:\/\/chargeplus.totalenergies.com\/wp-inside\/uploads\/2023\/08\/pourquoi-rouler-en-electrique.jpg","width":1500,"height":1000,"caption":"Rouler en \u00e9lectrique"},{"@type":"BreadcrumbList","@id":"https:\/\/chargeplus.totalenergies.com\/fr\/passer-a-lelectrique\/#breadcrumb","itemListElement":[{"@type":"ListItem","position":1,"name":"Accueil","item":"https:\/\/chargeplus.totalenergies.com\/fr\/"},{"@type":"ListItem","position":2,"name":"Pourquoi rouler en \u00e9lectrique&#160;?"}]},{"@type":"WebSite","@id":"https:\/\/chargeplus.totalenergies.com\/fr\/#website","url":"https:\/\/chargeplus.totalenergies.com\/fr\/","name":"Charge+","description":"Voiture \u00e9lectrique : le guide pratique de la recharge","publisher":{"@id":"https:\/\/chargeplus.totalenergies.com\/fr\/#organization"},"potentialAction":[{"@type":"SearchAction","target":{"@type":"EntryPoint","urlTemplate":"https:\/\/chargeplus.totalenergies.com\/fr\/?s={search_term_string}"},"query-input":{"@type":"PropertyValueSpecification","valueRequired":true,"valueName":"search_term_string"}}],"inLanguage":"fr-FR"},{"@type":"Organization","@id":"https:\/\/chargeplus.totalenergies.com\/fr\/#organization","name":"Charge+","url":"https:\/\/chargeplus.totalenergies.com\/fr\/","logo":{"@type":"ImageObject","inLanguage":"fr-FR","@id":"https:\/\/chargeplus.totalenergies.com\/fr\/#\/schema\/logo\/image\/","url":"https:\/\/chargeplus.totalenergies.com\/wp-inside\/uploads\/2023\/07\/logo-borne-recharge.jpg","contentUrl":"https:\/\/chargeplus.totalenergies.com\/wp-inside\/uploads\/2023\/07\/logo-borne-recharge.jpg","width":150,"height":150,"caption":"Charge+"},"image":{"@id":"https:\/\/chargeplus.totalenergies.com\/fr\/#\/schema\/logo\/image\/"}}]}},"_links":{"self":[{"href":"https:\/\/chargeplus.totalenergies.com\/fr\/wp-json\/wp\/v2\/pages\/1448","targetHints":{"allow":["GET"]}}],"collection":[{"href":"https:\/\/chargeplus.totalenergies.com\/fr\/wp-json\/wp\/v2\/pages"}],"about":[{"href":"https:\/\/chargeplus.totalenergies.com\/fr\/wp-json\/wp\/v2\/types\/page"}],"author":[{"embeddable":true,"href":"https:\/\/chargeplus.totalenergies.com\/fr\/wp-json\/wp\/v2\/users\/3"}],"replies":[{"embeddable":true,"href":"https:\/\/chargeplus.totalenergies.com\/fr\/wp-json\/wp\/v2\/comments?post=1448"}],"version-history":[{"count":18,"href":"https:\/\/chargeplus.totalenergies.com\/fr\/wp-json\/wp\/v2\/pages\/1448\/revisions"}],"predecessor-version":[{"id":5056,"href":"https:\/\/chargeplus.totalenergies.com\/fr\/wp-json\/wp\/v2\/pages\/1448\/revisions\/5056"}],"wp:featuredmedia":[{"embeddable":true,"href":"https:\/\/chargeplus.totalenergies.com\/fr\/wp-json\/wp\/v2\/media\/1451"}],"wp:attachment":[{"href":"https:\/\/chargeplus.totalenergies.com\/fr\/wp-json\/wp\/v2\/media?parent=1448"}],"curies":[{"name":"wp","href":"https:\/\/api.w.org\/{rel}","templated":true}]}}