{"id":1454,"date":"2023-09-01T09:46:08","date_gmt":"2023-09-01T07:46:08","guid":{"rendered":"https:\/\/chargeplus.totalenergies.com\/?page_id=1454"},"modified":"2026-01-28T15:55:52","modified_gmt":"2026-01-28T14:55:52","slug":"voitures-electriques-frabriquees-france","status":"publish","type":"page","link":"https:\/\/chargeplus.totalenergies.com\/fr\/conseils-recharge-electrique\/voitures-electriques-frabriquees-france\/","title":{"rendered":"Quelles sont les voitures \u00e9lectriques fabriqu\u00e9es en France&#160;?"},"content":{"rendered":"<div class=\"wp-post-content\"><!-- zone:zn_pagebanner [0] --><br \/>\n\t\t<!-- \/zone:zn_pagebanner [0] --><br \/>\n<!-- zone:zn_text [1] --><\/p>\n<h2 style=\"text-align: left;\">Qui sont les grands constructeurs de voitures \u00e9lectriques ?<\/h2>\n<p style=\"text-align: left;\">La mobilit\u00e9 \u00e9lectrique est en plein boom, avec <b>un nombre croissant de v\u00e9hicules vendus chaque ann\u00e9e<\/b>. Retrouvez ici les principaux constructeurs de voitures \u00e9lectriques.<\/p>\n<h3 style=\"text-align: left;\">Le num\u00e9ro 1 mondial<\/h3>\n<p style=\"text-align: left;\">La marque <a href=\"https:\/\/chargeplus.totalenergies.com\/fr\/marques-de-voitures\/tesla\/\"><b>Tesla<\/b><\/a><b> est leader sur le march\u00e9 de l\u2019\u00e9lectrique<\/b>, aux \u00c9tats-Unis comme en Europe. Ses mod\u00e8les de v\u00e9hicules 100 % \u00e9lectriques aux lignes futuristes ont s\u00e9duit d\u00e8s l\u2019arriv\u00e9e de l\u2019\u00e9lectrique. La marque a gard\u00e9 son avantage jusqu\u2019ici, notamment gr\u00e2ce aux nombreuses innovations propos\u00e9es (grande autonomie, moteur \u00e0 induction, syst\u00e8me d\u2019assistance \u00e0 la conduite, etc.).<\/p>\n<h3 style=\"text-align: left;\">Les grandes marques europ\u00e9ennes<\/h3>\n<p style=\"text-align: left;\">C\u2019est <b>en Allemagne que l\u2019on trouve les principales marques d\u2019automobiles \u00e9lectriques<\/b> qui ont su s\u2019imposer. <a href=\"https:\/\/chargeplus.totalenergies.com\/fr\/marques-de-voitures\/mercedes\/\">Mercedes<\/a> et son mod\u00e8le EQC, BMW et l\u2019I3, l\u2019<a href=\"https:\/\/chargeplus.totalenergies.com\/fr\/marques-de-voitures\/audi\/\">Audi<\/a> e-tron et l\u2019Opel Corsa-e sont particuli\u00e8rement pl\u00e9biscit\u00e9s. On retrouve \u00e9galement <a href=\"https:\/\/chargeplus.totalenergies.com\/fr\/marques-de-voitures\/smart\/\">Smart<\/a> (avec la Fortwo), ainsi que <a href=\"https:\/\/chargeplus.totalenergies.com\/fr\/marques-de-voitures\/volkswagen\/\">Volkswagen<\/a> (et sa Golf \u00e9lectrique).<\/p>\n<h3 style=\"text-align: left;\">Les constructeurs asiatiques<\/h3>\n<p style=\"text-align: left;\">On retrouve \u00e0 travers toute l\u2019Europe <b>de nombreux mod\u00e8les cr\u00e9\u00e9s en Chine et en Cor\u00e9e<\/b>. C\u2019est notamment le cas de <a href=\"https:\/\/chargeplus.totalenergies.com\/fr\/marques-de-voitures\/nissan\/\">Nissan<\/a> avec la Leaf, de <a href=\"https:\/\/chargeplus.totalenergies.com\/fr\/marques-de-voitures\/kia\/\">Kia<\/a> avec l\u2019e-Niro, mais aussi de <a href=\"https:\/\/chargeplus.totalenergies.com\/fr\/marques-de-voitures\/hyundai\/\">Hyundai<\/a> et ses deux mod\u00e8les : Kona et Ioniq.<\/p>\n<p style=\"text-align: left;\">Un g\u00e9ant chinois, BYD, s\u2019appr\u00eate \u00e0 conqu\u00e9rir le march\u00e9 europ\u00e9en. On trouve aujourd&rsquo;hui en France plusieurs mod\u00e8les 100 % \u00e9lectriques de la marque, dont le BYD Atto 3 et la BYD Han. Cette marque <b>s\u2019impose rapidement comme le concurrent num\u00e9ro 1 de Tesla <\/b>sur le sol europ\u00e9en.<\/p>\n<p style=\"text-align: left;\">\u00c0 lire aussi : <a href=\"https:\/\/chargeplus.totalenergies.com\/fr\/passer-a-lelectrique\/tout-savoir-voiture-hybride-rechargeable-mieux-choisir\/\">Tout savoir sur la voiture hybride rechargeable<\/a><\/p>\n<p>\t\t\t<!-- \/zone:zn_text [1] --><br \/>\n<!-- zone:zn_text_img [3] --><\/p>\n<h2>Zoom sur les v\u00e9hicules \u00e9lectriques fran\u00e7ais<\/h2>\n<p>Vous pr\u00e9f\u00e9rez <b>acheter du Made In France<\/b> ? Retrouvez ici les marques fran\u00e7aises pr\u00e9sentes sur le march\u00e9 de l\u2019\u00e9lectrique.<\/p>\n<h3>Les marques fran\u00e7aises<\/h3>\n<p>En France, deux constructeurs se partagent le march\u00e9 du v\u00e9hicule \u00e9lectrique, et ce sont <b>des marques fran\u00e7aises : <\/b><a href=\"https:\/\/chargeplus.totalenergies.com\/fr\/marques-de-voitures\/renault\/\"><b>Renault<\/b><\/a><b> et <\/b><a href=\"https:\/\/chargeplus.totalenergies.com\/fr\/marques-de-voitures\/peugeot\/\"><b>Peugeot<\/b><\/a>. La marque de voitures \u00e9lectriques fran\u00e7aises Renault repr\u00e9sente la majeure partie du commerce de l\u2019\u00e9lectrique en France, avec son mod\u00e8le phare Zo\u00e9.<\/p>\n<p>Les voitures \u00e9lectriques Peugeot ont elles aussi une place importante, notamment les mod\u00e8les e-208 et e-2008. Parmi les v\u00e9hicules \u00e9lectriques fran\u00e7ais, on retrouve \u00e9galement les voitures du groupe PSA : C-Z\u00e9ro de <a href=\"https:\/\/chargeplus.totalenergies.com\/fr\/marques-de-voitures\/citroen\/\">Citro\u00ebn<\/a>, et Crossback E-Tense de DS Automobile.<\/p>\n<p><strong>\u00c0 lire aussi<\/strong> : <a href=\"https:\/\/chargeplus.totalenergies.com\/fr\/passer-a-lelectrique\/comment-choisir-sa-future-voiture-electrique\/\">Comment choisir sa future voiture \u00e9lectrique ?\u00a0<\/a><\/p>\n<p><!-- \/zone:zn_text_img [3] --><br \/>\n<!-- zone:zn_text [4] --><\/p>\n<h3 style=\"text-align: center;\">Les voitures fabriqu\u00e9es en France<\/h3>\n<p style=\"text-align: center;\">Ce n&rsquo;est pas parce que l\u2019on a affaire \u00e0 une marque fran\u00e7aise que les v\u00e9hicules propos\u00e9s sont construits en France, c&rsquo;est m\u00eame loin d\u2019\u00eatre le cas. Voici un tableau vous offrant une vision rapide et globale de <b>tous les mod\u00e8les de voitures fabriqu\u00e9s en France<\/b>\u00a0:<\/p>\n<table id=\"tablepress-15\" class=\"tablepress tablepress-id-15\">\n<caption style=\"caption-side:bottom;text-align:left;border:none;background:none;margin:0;padding:0;\"><a href=\"https:\/\/chargeplus.totalenergies.com\/wp-admin\/admin.php?page=tablepress&#038;action=edit&#038;table_id=15\" rel=\"nofollow\">Modifier<\/a><\/caption>\n<thead>\n<tr class=\"row-1\">\n<th class=\"column-1\">Marque<\/th>\n<th class=\"column-2\">Mod\u00e8le<\/th>\n<th class=\"column-3\">Lieu de construction<\/th>\n<\/tr>\n<\/thead>\n<tbody class=\"row-striping\">\n<tr class=\"row-2\">\n<td class=\"column-1\">Renault<\/td>\n<td class=\"column-2\">Zo\u00e9 E-Tech<\/td>\n<td class=\"column-3\">Flins<\/td>\n<\/tr>\n<tr class=\"row-3\">\n<td class=\"column-1\">Renault<\/td>\n<td class=\"column-2\">M\u00e9gane E-Tech<\/td>\n<td class=\"column-3\">Douai<\/td>\n<\/tr>\n<tr class=\"row-4\">\n<td class=\"column-1\">Renault<\/td>\n<td class=\"column-2\">Kangoo Van E-Tech<\/td>\n<td class=\"column-3\">Maubeuge<\/td>\n<\/tr>\n<tr class=\"row-5\">\n<td class=\"column-1\">Peugeot<\/td>\n<td class=\"column-2\">Utilitaire E-Expert<\/td>\n<td class=\"column-3\">Hordain<\/td>\n<\/tr>\n<tr class=\"row-6\">\n<td class=\"column-1\">DS Automobiles<\/td>\n<td class=\"column-2\">DS3 crossback E-Tense<\/td>\n<td class=\"column-3\">Poissy<\/td>\n<\/tr>\n<tr class=\"row-7\">\n<td class=\"column-1\">Opel<\/td>\n<td class=\"column-2\">SUV Mokka-e<\/td>\n<td class=\"column-3\">Poissy<\/td>\n<\/tr>\n<tr class=\"row-8\">\n<td class=\"column-1\">Smart<\/td>\n<td class=\"column-2\">EQ Fortwo<\/td>\n<td class=\"column-3\">Hambach<\/td>\n<\/tr>\n<\/tbody>\n<\/table>\n<h3>Les voitures origine France garantie<\/h3>\n<p>Les constructeurs poss\u00e9dant leurs usines de fabrication de voitures en France peuvent faire valoir <b>le label \u00ab Origine France garantie \u00bb<\/b> si :<\/p>\n<ul>\n<li aria-level=\"1\">la majorit\u00e9 des mati\u00e8res premi\u00e8res et composants du v\u00e9hicule provient de France ;<\/li>\n<li aria-level=\"1\">la voiture est enti\u00e8rement assembl\u00e9e en France ;<\/li>\n<li aria-level=\"1\">50 % de la valeur du produit est r\u00e9alis\u00e9e en France.<\/li>\n<\/ul>\n<p>Ce label prouve l\u2019attachement des marques \u00e0 la production locale et au territoire fran\u00e7ais.<\/p>\n<p>\t\t\t<!-- \/zone:zn_text [4] --><br \/>\n<!-- zone:zn_text_img [6] --><\/p>\n<h2 style=\"text-align: left;\">Fabrication des batteries de voitures \u00e9lectriques : ce qu\u2019il faut savoir<\/h2>\n<p style=\"text-align: left;\">La batterie constitue <b>l\u2019\u00e9l\u00e9ment cl\u00e9 d\u2019un v\u00e9hicule 100 % \u00e9lectrique<\/b>. Il faut distinguer deux parties lors de la fabrication des batteries de v\u00e9hicules \u00e9lectriques\u00a0: la provenance des cellules, et la production et l\u2019assemblage de la batterie.<\/p>\n<p style=\"text-align: left;\">Concernant les cellules<b>, le march\u00e9 est principalement asiatique<\/b>. Pour les voitures \u00e9lectriques Renault, les cellules proviennent du cor\u00e9en LG Chem, install\u00e9 en Pologne depuis 2017. \u00c0 terme, les batteries seront assembl\u00e9es en France, \u00e0 proximit\u00e9 des usines du constructeur. Pour PSA, les cellules viennent jusqu\u2019ici de la Chine, et les packs \u00e9lectriques sont assembl\u00e9s par le constructeur, sur les sites de fabrication des v\u00e9hicules.<\/p>\n<p style=\"text-align: left;\">D\u2019ici quelques ann\u00e9es, nombre de <b>fabricants de batteries automobiles vont s\u2019installer en Europe<\/b>. L\u2019id\u00e9e principale reste de ne plus d\u00e9pendre des march\u00e9s asiatiques pour la construction de batteries. N\u00e9anmoins, la commercialisation de la majorit\u00e9 des mat\u00e9riaux pr\u00e9cieux composant les batteries continuera \u00e0 passer par la Chine.<\/p>\n<p style=\"text-align: left;\">\u00c0 lire aussi : <a href=\"https:\/\/chargeplus.totalenergies.com\/fr\/passer-a-lelectrique\/avantages-inconvenients-voiture-electrique\/\">Quels sont les avantages et inconv\u00e9nients de la voiture \u00e9lectrique ?<\/a><\/p>\n<p style=\"text-align: left;\"><a class=\"button\" href=\"https:\/\/subscription.chargeplus.totalenergies.com\/fr\">Passer \u00e0 l&rsquo;\u00e9lectrique avec Charge+<\/a><\/p>\n<p><!-- \/zone:zn_text_img [6] -->\n<\/div>\n","protected":false},"excerpt":{"rendered":"<p>Vous aimeriez acheter fran\u00e7ais ? Avec Charge +, d\u00e9couvrez ici tout ce qu\u2019il faut savoir sur les voitures \u00e9lectriques fabriqu\u00e9es en France !<\/p>\n","protected":false},"author":3,"featured_media":1449,"parent":445,"menu_order":0,"comment_status":"closed","ping_status":"closed","template":"","meta":{"_acf_changed":false,"footnotes":""},"class_list":["post-1454","page","type-page","status-publish","has-post-thumbnail","hentry","wp-sticky"],"acf":[],"yoast_head":"<!-- This site is optimized with the Yoast SEO plugin v27.5 - https:\/\/yoast.com\/product\/yoast-seo-wordpress\/ -->\n<title>Voitures \u00e9lectriques fabriqu\u00e9es en France : tout savoir ! | Charge+<\/title>\n<meta name=\"description\" content=\"Vous souhaitez acqu\u00e9rir une voiture \u00e9lectrique ? D\u00e9couvrez ici les mod\u00e8les de voitures \u00e9lectriques fran\u00e7ais, pour un achat en accord avec vos valeurs !\" \/>\n<meta name=\"robots\" content=\"index, follow, max-snippet:-1, max-image-preview:large, max-video-preview:-1\" \/>\n<link rel=\"canonical\" href=\"https:\/\/chargeplus.totalenergies.com\/fr\/conseils-recharge-electrique\/voitures-electriques-frabriquees-france\/\" \/>\n<meta property=\"og:locale\" content=\"fr_FR\" \/>\n<meta property=\"og:type\" content=\"article\" \/>\n<meta property=\"og:title\" content=\"Voitures \u00e9lectriques fabriqu\u00e9es en France : tout savoir ! | Charge+\" \/>\n<meta property=\"og:description\" content=\"Vous souhaitez acqu\u00e9rir une voiture \u00e9lectrique ? D\u00e9couvrez ici les mod\u00e8les de voitures \u00e9lectriques fran\u00e7ais, pour un achat en accord avec vos valeurs !\" \/>\n<meta property=\"og:url\" content=\"https:\/\/chargeplus.totalenergies.com\/fr\/conseils-recharge-electrique\/voitures-electriques-frabriquees-france\/\" \/>\n<meta property=\"og:site_name\" content=\"Charge+\" \/>\n<meta property=\"article:modified_time\" content=\"2026-01-28T14:55:52+00:00\" \/>\n<meta property=\"og:image\" content=\"https:\/\/chargeplus.totalenergies.com\/wp-inside\/uploads\/2023\/08\/rouler-en-electrique.jpg\" \/>\n\t<meta property=\"og:image:width\" content=\"1500\" \/>\n\t<meta property=\"og:image:height\" content=\"1000\" \/>\n\t<meta property=\"og:image:type\" content=\"image\/jpeg\" \/>\n<meta name=\"twitter:card\" content=\"summary_large_image\" \/>\n<meta name=\"twitter:label1\" content=\"Dur\u00e9e de lecture estim\u00e9e\" \/>\n\t<meta name=\"twitter:data1\" content=\"4 minutes\" \/>\n<script type=\"application\/ld+json\" class=\"yoast-schema-graph\">{\"@context\":\"https:\\\/\\\/schema.org\",\"@graph\":[{\"@type\":\"WebPage\",\"@id\":\"https:\\\/\\\/chargeplus.totalenergies.com\\\/fr\\\/conseils-recharge-electrique\\\/voitures-electriques-frabriquees-france\\\/\",\"url\":\"https:\\\/\\\/chargeplus.totalenergies.com\\\/fr\\\/conseils-recharge-electrique\\\/voitures-electriques-frabriquees-france\\\/\",\"name\":\"Voitures \u00e9lectriques fabriqu\u00e9es en France : tout savoir !\",\"isPartOf\":{\"@id\":\"https:\\\/\\\/chargeplus.totalenergies.com\\\/fr\\\/#website\"},\"primaryImageOfPage\":{\"@id\":\"https:\\\/\\\/chargeplus.totalenergies.com\\\/fr\\\/conseils-recharge-electrique\\\/voitures-electriques-frabriquees-france\\\/#primaryimage\"},\"image\":{\"@id\":\"https:\\\/\\\/chargeplus.totalenergies.com\\\/fr\\\/conseils-recharge-electrique\\\/voitures-electriques-frabriquees-france\\\/#primaryimage\"},\"thumbnailUrl\":\"https:\\\/\\\/chargeplus.totalenergies.com\\\/wp-inside\\\/uploads\\\/2023\\\/08\\\/rouler-en-electrique.jpg\",\"datePublished\":\"2023-09-01T07:46:08+00:00\",\"dateModified\":\"2026-01-28T14:55:52+00:00\",\"description\":\"Vous souhaitez acqu\u00e9rir une voiture \u00e9lectrique ? D\u00e9couvrez ici les mod\u00e8les de voitures \u00e9lectriques fran\u00e7ais, pour un achat en accord avec vos valeurs !\",\"breadcrumb\":{\"@id\":\"https:\\\/\\\/chargeplus.totalenergies.com\\\/fr\\\/conseils-recharge-electrique\\\/voitures-electriques-frabriquees-france\\\/#breadcrumb\"},\"inLanguage\":\"fr-FR\",\"potentialAction\":[{\"@type\":\"ReadAction\",\"target\":[\"https:\\\/\\\/chargeplus.totalenergies.com\\\/fr\\\/conseils-recharge-electrique\\\/voitures-electriques-frabriquees-france\\\/\"]}]},{\"@type\":\"ImageObject\",\"inLanguage\":\"fr-FR\",\"@id\":\"https:\\\/\\\/chargeplus.totalenergies.com\\\/fr\\\/conseils-recharge-electrique\\\/voitures-electriques-frabriquees-france\\\/#primaryimage\",\"url\":\"https:\\\/\\\/chargeplus.totalenergies.com\\\/wp-inside\\\/uploads\\\/2023\\\/08\\\/rouler-en-electrique.jpg\",\"contentUrl\":\"https:\\\/\\\/chargeplus.totalenergies.com\\\/wp-inside\\\/uploads\\\/2023\\\/08\\\/rouler-en-electrique.jpg\",\"width\":1500,\"height\":1000,\"caption\":\"Acheter voiture \u00e9lectrique\"},{\"@type\":\"BreadcrumbList\",\"@id\":\"https:\\\/\\\/chargeplus.totalenergies.com\\\/fr\\\/conseils-recharge-electrique\\\/voitures-electriques-frabriquees-france\\\/#breadcrumb\",\"itemListElement\":[{\"@type\":\"ListItem\",\"position\":1,\"name\":\"Accueil\",\"item\":\"https:\\\/\\\/chargeplus.totalenergies.com\\\/fr\\\/\"},{\"@type\":\"ListItem\",\"position\":2,\"name\":\"Voiture \u00e9lectrique&#160;: nos conseils sur la recharge\",\"item\":\"https:\\\/\\\/chargeplus.totalenergies.com\\\/fr\\\/conseils-recharge-electrique\\\/\"},{\"@type\":\"ListItem\",\"position\":3,\"name\":\"Quelles sont les voitures \u00e9lectriques fabriqu\u00e9es en France&#160;?\"}]},{\"@type\":\"WebSite\",\"@id\":\"https:\\\/\\\/chargeplus.totalenergies.com\\\/fr\\\/#website\",\"url\":\"https:\\\/\\\/chargeplus.totalenergies.com\\\/fr\\\/\",\"name\":\"Charge+\",\"description\":\"Voiture \u00e9lectrique : le guide pratique de la recharge\",\"publisher\":{\"@id\":\"https:\\\/\\\/chargeplus.totalenergies.com\\\/fr\\\/#organization\"},\"potentialAction\":[{\"@type\":\"SearchAction\",\"target\":{\"@type\":\"EntryPoint\",\"urlTemplate\":\"https:\\\/\\\/chargeplus.totalenergies.com\\\/fr\\\/?s={search_term_string}\"},\"query-input\":{\"@type\":\"PropertyValueSpecification\",\"valueRequired\":true,\"valueName\":\"search_term_string\"}}],\"inLanguage\":\"fr-FR\"},{\"@type\":\"Organization\",\"@id\":\"https:\\\/\\\/chargeplus.totalenergies.com\\\/fr\\\/#organization\",\"name\":\"Charge+\",\"url\":\"https:\\\/\\\/chargeplus.totalenergies.com\\\/fr\\\/\",\"logo\":{\"@type\":\"ImageObject\",\"inLanguage\":\"fr-FR\",\"@id\":\"https:\\\/\\\/chargeplus.totalenergies.com\\\/fr\\\/#\\\/schema\\\/logo\\\/image\\\/\",\"url\":\"https:\\\/\\\/chargeplus.totalenergies.com\\\/wp-inside\\\/uploads\\\/2023\\\/07\\\/logo-borne-recharge.jpg\",\"contentUrl\":\"https:\\\/\\\/chargeplus.totalenergies.com\\\/wp-inside\\\/uploads\\\/2023\\\/07\\\/logo-borne-recharge.jpg\",\"width\":150,\"height\":150,\"caption\":\"Charge+\"},\"image\":{\"@id\":\"https:\\\/\\\/chargeplus.totalenergies.com\\\/fr\\\/#\\\/schema\\\/logo\\\/image\\\/\"}}]}<\/script>\n<!-- \/ Yoast SEO plugin. -->","yoast_head_json":{"title":"Voitures \u00e9lectriques fabriqu\u00e9es en France : tout savoir ! | Charge+","description":"Vous souhaitez acqu\u00e9rir une voiture \u00e9lectrique ? D\u00e9couvrez ici les mod\u00e8les de voitures \u00e9lectriques fran\u00e7ais, pour un achat en accord avec vos valeurs !","robots":{"index":"index","follow":"follow","max-snippet":"max-snippet:-1","max-image-preview":"max-image-preview:large","max-video-preview":"max-video-preview:-1"},"canonical":"https:\/\/chargeplus.totalenergies.com\/fr\/conseils-recharge-electrique\/voitures-electriques-frabriquees-france\/","og_locale":"fr_FR","og_type":"article","og_title":"Voitures \u00e9lectriques fabriqu\u00e9es en France : tout savoir ! | Charge+","og_description":"Vous souhaitez acqu\u00e9rir une voiture \u00e9lectrique ? D\u00e9couvrez ici les mod\u00e8les de voitures \u00e9lectriques fran\u00e7ais, pour un achat en accord avec vos valeurs !","og_url":"https:\/\/chargeplus.totalenergies.com\/fr\/conseils-recharge-electrique\/voitures-electriques-frabriquees-france\/","og_site_name":"Charge+","article_modified_time":"2026-01-28T14:55:52+00:00","og_image":[{"width":1500,"height":1000,"url":"https:\/\/chargeplus.totalenergies.com\/wp-inside\/uploads\/2023\/08\/rouler-en-electrique.jpg","type":"image\/jpeg"}],"twitter_card":"summary_large_image","twitter_misc":{"Dur\u00e9e de lecture estim\u00e9e":"4 minutes"},"schema":{"@context":"https:\/\/schema.org","@graph":[{"@type":"WebPage","@id":"https:\/\/chargeplus.totalenergies.com\/fr\/conseils-recharge-electrique\/voitures-electriques-frabriquees-france\/","url":"https:\/\/chargeplus.totalenergies.com\/fr\/conseils-recharge-electrique\/voitures-electriques-frabriquees-france\/","name":"Voitures \u00e9lectriques fabriqu\u00e9es en France : tout savoir !","isPartOf":{"@id":"https:\/\/chargeplus.totalenergies.com\/fr\/#website"},"primaryImageOfPage":{"@id":"https:\/\/chargeplus.totalenergies.com\/fr\/conseils-recharge-electrique\/voitures-electriques-frabriquees-france\/#primaryimage"},"image":{"@id":"https:\/\/chargeplus.totalenergies.com\/fr\/conseils-recharge-electrique\/voitures-electriques-frabriquees-france\/#primaryimage"},"thumbnailUrl":"https:\/\/chargeplus.totalenergies.com\/wp-inside\/uploads\/2023\/08\/rouler-en-electrique.jpg","datePublished":"2023-09-01T07:46:08+00:00","dateModified":"2026-01-28T14:55:52+00:00","description":"Vous souhaitez acqu\u00e9rir une voiture \u00e9lectrique ? D\u00e9couvrez ici les mod\u00e8les de voitures \u00e9lectriques fran\u00e7ais, pour un achat en accord avec vos valeurs !","breadcrumb":{"@id":"https:\/\/chargeplus.totalenergies.com\/fr\/conseils-recharge-electrique\/voitures-electriques-frabriquees-france\/#breadcrumb"},"inLanguage":"fr-FR","potentialAction":[{"@type":"ReadAction","target":["https:\/\/chargeplus.totalenergies.com\/fr\/conseils-recharge-electrique\/voitures-electriques-frabriquees-france\/"]}]},{"@type":"ImageObject","inLanguage":"fr-FR","@id":"https:\/\/chargeplus.totalenergies.com\/fr\/conseils-recharge-electrique\/voitures-electriques-frabriquees-france\/#primaryimage","url":"https:\/\/chargeplus.totalenergies.com\/wp-inside\/uploads\/2023\/08\/rouler-en-electrique.jpg","contentUrl":"https:\/\/chargeplus.totalenergies.com\/wp-inside\/uploads\/2023\/08\/rouler-en-electrique.jpg","width":1500,"height":1000,"caption":"Acheter voiture \u00e9lectrique"},{"@type":"BreadcrumbList","@id":"https:\/\/chargeplus.totalenergies.com\/fr\/conseils-recharge-electrique\/voitures-electriques-frabriquees-france\/#breadcrumb","itemListElement":[{"@type":"ListItem","position":1,"name":"Accueil","item":"https:\/\/chargeplus.totalenergies.com\/fr\/"},{"@type":"ListItem","position":2,"name":"Voiture \u00e9lectrique&#160;: nos conseils sur la recharge","item":"https:\/\/chargeplus.totalenergies.com\/fr\/conseils-recharge-electrique\/"},{"@type":"ListItem","position":3,"name":"Quelles sont les voitures \u00e9lectriques fabriqu\u00e9es en France&#160;?"}]},{"@type":"WebSite","@id":"https:\/\/chargeplus.totalenergies.com\/fr\/#website","url":"https:\/\/chargeplus.totalenergies.com\/fr\/","name":"Charge+","description":"Voiture \u00e9lectrique : le guide pratique de la recharge","publisher":{"@id":"https:\/\/chargeplus.totalenergies.com\/fr\/#organization"},"potentialAction":[{"@type":"SearchAction","target":{"@type":"EntryPoint","urlTemplate":"https:\/\/chargeplus.totalenergies.com\/fr\/?s={search_term_string}"},"query-input":{"@type":"PropertyValueSpecification","valueRequired":true,"valueName":"search_term_string"}}],"inLanguage":"fr-FR"},{"@type":"Organization","@id":"https:\/\/chargeplus.totalenergies.com\/fr\/#organization","name":"Charge+","url":"https:\/\/chargeplus.totalenergies.com\/fr\/","logo":{"@type":"ImageObject","inLanguage":"fr-FR","@id":"https:\/\/chargeplus.totalenergies.com\/fr\/#\/schema\/logo\/image\/","url":"https:\/\/chargeplus.totalenergies.com\/wp-inside\/uploads\/2023\/07\/logo-borne-recharge.jpg","contentUrl":"https:\/\/chargeplus.totalenergies.com\/wp-inside\/uploads\/2023\/07\/logo-borne-recharge.jpg","width":150,"height":150,"caption":"Charge+"},"image":{"@id":"https:\/\/chargeplus.totalenergies.com\/fr\/#\/schema\/logo\/image\/"}}]}},"_links":{"self":[{"href":"https:\/\/chargeplus.totalenergies.com\/fr\/wp-json\/wp\/v2\/pages\/1454","targetHints":{"allow":["GET"]}}],"collection":[{"href":"https:\/\/chargeplus.totalenergies.com\/fr\/wp-json\/wp\/v2\/pages"}],"about":[{"href":"https:\/\/chargeplus.totalenergies.com\/fr\/wp-json\/wp\/v2\/types\/page"}],"author":[{"embeddable":true,"href":"https:\/\/chargeplus.totalenergies.com\/fr\/wp-json\/wp\/v2\/users\/3"}],"replies":[{"embeddable":true,"href":"https:\/\/chargeplus.totalenergies.com\/fr\/wp-json\/wp\/v2\/comments?post=1454"}],"version-history":[{"count":11,"href":"https:\/\/chargeplus.totalenergies.com\/fr\/wp-json\/wp\/v2\/pages\/1454\/revisions"}],"predecessor-version":[{"id":3152,"href":"https:\/\/chargeplus.totalenergies.com\/fr\/wp-json\/wp\/v2\/pages\/1454\/revisions\/3152"}],"up":[{"embeddable":true,"href":"https:\/\/chargeplus.totalenergies.com\/fr\/wp-json\/wp\/v2\/pages\/445"}],"wp:featuredmedia":[{"embeddable":true,"href":"https:\/\/chargeplus.totalenergies.com\/fr\/wp-json\/wp\/v2\/media\/1449"}],"wp:attachment":[{"href":"https:\/\/chargeplus.totalenergies.com\/fr\/wp-json\/wp\/v2\/media?parent=1454"}],"curies":[{"name":"wp","href":"https:\/\/api.w.org\/{rel}","templated":true}]}}