{"id":1464,"date":"2023-09-01T10:17:52","date_gmt":"2023-09-01T08:17:52","guid":{"rendered":"https:\/\/chargeplus.totalenergies.com\/?page_id=1464"},"modified":"2026-02-16T16:55:54","modified_gmt":"2026-02-16T15:55:54","slug":"avantages-inconvenients-voiture-electrique","status":"publish","type":"page","link":"https:\/\/chargeplus.totalenergies.com\/fr\/conseils-recharge-electrique\/avantages-inconvenients-voiture-electrique\/","title":{"rendered":"Quels sont les avantages et inconv\u00e9nients de la voiture \u00e9lectrique&#160;?"},"content":{"rendered":"<div class=\"wp-post-content\"><!-- zone:zn_pagebanner [0] --><br \/>\n\t\t<!-- \/zone:zn_pagebanner [0] --><br \/>\n<!-- zone:zn_text [1] --><\/p>\n<h2>Les avantages de la voiture \u00e9lectrique<\/h2>\n<p>Les voitures \u00e9lectriques ont suscit\u00e9 un int\u00e9r\u00eat croissant ces derni\u00e8res ann\u00e9es, et \u00e0 juste titre. Elles offrent de nombreux avantages qui en font une <b>alternative s\u00e9duisante aux v\u00e9hicules thermiques traditionnels<\/b>.<\/p>\n<h3 style=\"text-align: left;\">R\u00e9duction de la pollution sonore<\/h3>\n<p style=\"text-align: left;\">L&rsquo;un des avantages majeurs des voitures \u00e9lectriques r\u00e9side dans leur <b>silence au d\u00e9marrage et pendant la conduite<\/b>. Les nuisances sonores dans les environnements urbains sont ainsi grandement limit\u00e9es, contribuant \u00e0 cr\u00e9er un <b>cadre de vie plus agr\u00e9able pour les riverains<\/b>.<\/p>\n<h3 style=\"text-align: left;\">Co\u00fbts d\u2019entretien limit\u00e9s<\/h3>\n<p style=\"text-align: left;\">Gr\u00e2ce \u00e0 la simplicit\u00e9 de son moteur compos\u00e9 de moins d&rsquo;\u00e9l\u00e9ments mobiles, les frais d&rsquo;entretien sont consid\u00e9rablement diminu\u00e9s. De plus, <b>la dur\u00e9e de vie du moteur est bien sup\u00e9rieure<\/b> \u00e0 celle des v\u00e9hicules thermiques, permettant aux conducteurs \u00e9lectriques de profiter d&rsquo;une fiabilit\u00e9 accrue sur le long terme.<\/p>\n<p style=\"text-align: left;\">Courroie de distribution, joint de culasse, bo\u00eete de vitesses, embrayage ou encore filtres, <b>les pi\u00e8ces d&rsquo;usure sont beaucoup moins nombreuses sur les voitures \u00e9lectriques<\/b>. Contrairement aux voitures thermiques, elles ne n\u00e9cessitent donc pas de vidanges r\u00e9guli\u00e8res, de remplacement de filtre ou de bougies, ce qui r\u00e9duit significativement les d\u00e9penses li\u00e9es \u00e0 l&rsquo;entretien.<\/p>\n<h3 style=\"text-align: left;\">Aides gouvernementales<\/h3>\n<p style=\"text-align: left;\">Le secteur de l&rsquo;\u00e9lectromobilit\u00e9 b\u00e9n\u00e9ficie de diverses aides gouvernementales visant \u00e0 encourager l&rsquo;adoption de voitures \u00e9lectriques. Parmi les principales aides nationales figurent le<b> bonus \u00e9cologique<\/b>, qui offre une incitation financi\u00e8re \u00e0 l&rsquo;achat d&rsquo;un v\u00e9hicule \u00e9lectrique neuf, ainsi que la <b>prime \u00e0 la conversion<\/b>, destin\u00e9e \u00e0 encourager le remplacement des v\u00e9hicules thermiques par des v\u00e9hicules \u00e9lectriques.<\/p>\n<p style=\"text-align: left;\">En plus des aides nationales, il existe \u00e9galement des aides sp\u00e9cifiques propos\u00e9es au niveau r\u00e9gional, d\u00e9partemental ou communal. Ces aides peuvent prendre la forme de <b>subventions pour l&rsquo;installation de bornes de recharge \u00e0 domicile<\/b> ou dans les lieux publics, facilitant ainsi l&rsquo;accessibilit\u00e9 \u00e0 la recharge pour les propri\u00e9taires de voitures \u00e9lectriques.<\/p>\n<p>\t\t\t<!-- \/zone:zn_text [1] --><br \/>\n<!-- zone:zn_text_img [2] --><\/p>\n<h3 style=\"text-align: left;\">Plaisir de conduite<\/h3>\n<p style=\"text-align: left;\">Rouler en voiture \u00e9lectrique offre une <b>exp\u00e9rience de conduite agr\u00e9able et confortable<\/b>, notamment gr\u00e2ce \u00e0 ses d\u00e9marrages rapides et \u00e0 ses puissantes acc\u00e9l\u00e9rations. Le moteur \u00e9lectrique, qui d\u00e9veloppe instantan\u00e9ment tout son couple une fois la p\u00e9dale d\u2019acc\u00e9l\u00e9ration enfonc\u00e9e, procure une <b>sensation de propulsion fluide et r\u00e9active<\/b>.<\/p>\n<p style=\"text-align: left;\">Un autre avantage appr\u00e9ciable est l&rsquo;absence de bo\u00eete de vitesses dans les voitures \u00e9lectriques, \u00e9vitant ainsi les \u00e0-coups r\u00e9guliers lors de la conduite.<\/p>\n<h3 style=\"text-align: left;\">Aucune restriction de circulation<\/h3>\n<p style=\"text-align: left;\">Les v\u00e9hicules \u00e9lectriques ne sont <b>jamais soumis aux restrictions impos\u00e9es dans les Zones \u00e0 Faibles \u00c9missions<\/b>. Ces ZFE sont des voies de circulation o\u00f9 le trafic des v\u00e9hicules polluants est limit\u00e9 afin de r\u00e9duire l&rsquo;impact environnemental. Les conducteurs de v\u00e9hicules \u00e9lectriques peuvent ainsi profiter d&rsquo;une <b>mobilit\u00e9 sans contrainte<\/b>.<\/p>\n<p style=\"text-align: left;\"><a class=\"button\" href=\"https:\/\/chargeplus.totalenergies.com\/fr\/passer-a-lelectrique\/\">Passer \u00e0 l&rsquo;\u00e9lectrique<\/a><\/p>\n<p><!-- \/zone:zn_text_img [2] --><br \/>\n<!-- zone:zn_text [4] --><\/p>\n<h2 style=\"text-align: center;\">Les inconv\u00e9nients de la voiture \u00e9lectrique<\/h2>\n<p style=\"text-align: center;\">Parce qu&rsquo;aucun mode de transport n\u2019est parfait, les voitures \u00e9lectriques, tout comme leurs homologues thermiques, pr\u00e9sentent quelques inconv\u00e9nients. Heureusement, ces derniers ne sont pas insurmontables car l&rsquo;\u00e9lectromobilit\u00e9 ne cesse de progresser.<\/p>\n<h3 style=\"text-align: center;\">Dur\u00e9e de vie et autonomie de la batterie<\/h3>\n<p style=\"text-align: center;\">Les batteries, \u00e9l\u00e9ment central des voitures \u00e9lectriques, soul\u00e8vent certaines pr\u00e9occupations li\u00e9es \u00e0 leur dur\u00e9e de vie, \u00e0 leur composition et \u00e0 leur recyclage. N\u00e9anmoins, les avanc\u00e9es technologiques et les efforts des constructeurs visent \u00e0 <b>am\u00e9liorer constamment leur durabilit\u00e9 et leur efficacit\u00e9<\/b>. Lorsqu&rsquo;elles atteignent la fin de leur cycle de vie dans les voitures \u00e9lectriques, ces batteries ne sont pas pour autant obsol\u00e8tes. Elles peuvent par exemple \u00eatre utilis\u00e9es pour <b>stocker l&rsquo;\u00e9lectricit\u00e9 produite par des panneaux photovolta\u00efques domestiques<\/b>.<\/p>\n<p style=\"text-align: center;\">Par ailleurs, bien que l&rsquo;autonomie limit\u00e9e ait \u00e9t\u00e9 un inconv\u00e9nient majeur, les mod\u00e8les r\u00e9cents avec une grande autonomie permettent de parcourir entre 500 et 600 km, r\u00e9pondant ainsi aux besoins des conducteurs qui passent beaucoup de temps sur la route.<\/p>\n<p style=\"text-align: center;\">\u00c0 lire aussi\u00a0: <a href=\"https:\/\/chargeplus.totalenergies.com\/fr\/conseils-recharge-electrique\/comment-optimiser-duree-vie-batterie-voiture-electrique\/\">Voiture \u00e9lectrique\u00a0: comment optimiser la dur\u00e9e de vie de sa batterie\u00a0?<\/a><\/p>\n<p style=\"text-align: center;\">\n<p>\t\t\t<!-- \/zone:zn_text [4] --><br \/>\n<!-- zone:zn_text_img [6] --><\/p>\n<h3 style=\"text-align: left;\">Temps de recharge<\/h3>\n<p style=\"text-align: left;\">C\u2019est un fait, recharger une voiture \u00e9lectrique prend plus de temps que de faire le plein de carburant. Si le temps d&rsquo;attente \u00e0 domicile ou au travail n&rsquo;est pas un probl\u00e8me puisqu&rsquo;on y passe beaucoup de temps quoiqu&rsquo;il arrive, cela peut \u00eatre per\u00e7u comme un inconv\u00e9nient lorsque l&rsquo;on est en mobilit\u00e9. C&rsquo;est pourquoi les op\u00e9rateurs de borne font leur maximum pour <b>proposer toutes les vitesses de charge (lente, acc\u00e9l\u00e9r\u00e9e et ultra rapide),<\/b> pour r\u00e9pondre au temps dont dispose chacun.<\/p>\n<p style=\"text-align: left;\">\u00c0 lire aussi\u00a0: <a href=\"https:\/\/chargeplus.totalenergies.com\/fr\/conseils-recharge-electrique\/comment-recharger-voiture-electrique-rapidement\/\">Comment recharger sa voiture \u00e9lectrique rapidement\u00a0?<\/a><\/p>\n<h3 style=\"text-align: left;\">Prix d\u2019achat \u00e9lev\u00e9<\/h3>\n<p style=\"text-align: left;\">Le prix d&rsquo;achat d&rsquo;une voiture \u00e9lectrique est plus \u00e9lev\u00e9 que celui d&rsquo;un v\u00e9hicule thermique \u00e9quivalent. Malgr\u00e9 tout, elle permet de <b>r\u00e9aliser des \u00e9conomies significatives sur le co\u00fbt d&rsquo;entretien et d&rsquo;utilisation \u00e0 long terme<\/b>.<\/p>\n<p style=\"text-align: left;\">Gr\u00e2ce \u00e0 une maintenance plus limit\u00e9e et un prix de l&rsquo;\u00e9lectricit\u00e9 plus abordable que le carburant, l\u2019achat d\u2019un v\u00e9hicule \u00e9lectrique reste une <b>option int\u00e9ressante pour de nombreux conducteurs<\/b>.<\/p>\n<p style=\"text-align: left;\">De nombreuses<b> aides gouvernementales <\/b>ont \u00e9galement \u00e9t\u00e9 mises en place pour encourager la transition vers l&rsquo;\u00e9lectromobilit\u00e9 et rendent le co\u00fbt d&rsquo;acquisition initial plus attractif.<\/p>\n<p><strong>\u00c0 lire aussi<\/strong> : <a href=\"https:\/\/chargeplus.totalenergies.com\/fr\/passer-a-lelectrique\/comment-choisir-sa-future-voiture-electrique\/\">Comment choisir sa future voiture \u00e9lectrique ?\u00a0<\/a><\/p>\n<p><!-- \/zone:zn_text_img [6] -->\n<\/div>\n","protected":false},"excerpt":{"rendered":"<p>Que vous soyez d\u00e9j\u00e0 convaincu ou encore en r\u00e9flexion, d\u00e9couvrons ensemble pourquoi la voiture \u00e9lectrique est l&rsquo;avenir de nos d\u00e9placements.<\/p>\n","protected":false},"author":3,"featured_media":1465,"parent":445,"menu_order":0,"comment_status":"closed","ping_status":"closed","template":"","meta":{"_acf_changed":false,"footnotes":""},"class_list":["post-1464","page","type-page","status-publish","has-post-thumbnail","hentry","wp-sticky"],"acf":[],"yoast_head":"<!-- This site is optimized with the Yoast SEO plugin v27.3 - https:\/\/yoast.com\/product\/yoast-seo-wordpress\/ -->\n<title>Avantages et inconv\u00e9nients des voitures \u00e9lectriques | Charge+<\/title>\n<meta name=\"description\" content=\"Vous souhaitez rouler en voiture \u00e9lectrique et comprendre les avantages et inconv\u00e9nients de cette \u00e9nergie ? D\u00e9couvrez ici tout ce qu\u2019il faut savoir sur le passage au full \u00e9lec !\" \/>\n<meta name=\"robots\" content=\"index, follow, max-snippet:-1, max-image-preview:large, max-video-preview:-1\" \/>\n<link rel=\"canonical\" href=\"https:\/\/chargeplus.totalenergies.com\/fr\/conseils-recharge-electrique\/avantages-inconvenients-voiture-electrique\/\" \/>\n<meta property=\"og:locale\" content=\"fr_FR\" \/>\n<meta property=\"og:type\" content=\"article\" \/>\n<meta property=\"og:title\" content=\"Avantages et inconv\u00e9nients des voitures \u00e9lectriques | Charge+\" \/>\n<meta property=\"og:description\" content=\"Vous souhaitez rouler en voiture \u00e9lectrique et comprendre les avantages et inconv\u00e9nients de cette \u00e9nergie ? D\u00e9couvrez ici tout ce qu\u2019il faut savoir sur le passage au full \u00e9lec !\" \/>\n<meta property=\"og:url\" content=\"https:\/\/chargeplus.totalenergies.com\/fr\/conseils-recharge-electrique\/avantages-inconvenients-voiture-electrique\/\" \/>\n<meta property=\"og:site_name\" content=\"Charge+\" \/>\n<meta property=\"article:modified_time\" content=\"2026-02-16T15:55:54+00:00\" \/>\n<meta property=\"og:image\" content=\"https:\/\/chargeplus.totalenergies.com\/wp-inside\/uploads\/2023\/08\/avantages-voitures-electriques.jpg\" \/>\n\t<meta property=\"og:image:width\" content=\"1500\" \/>\n\t<meta property=\"og:image:height\" content=\"1000\" \/>\n\t<meta property=\"og:image:type\" content=\"image\/jpeg\" \/>\n<meta name=\"twitter:card\" content=\"summary_large_image\" \/>\n<meta name=\"twitter:label1\" content=\"Dur\u00e9e de lecture estim\u00e9e\" \/>\n\t<meta name=\"twitter:data1\" content=\"5 minutes\" \/>\n<script type=\"application\/ld+json\" class=\"yoast-schema-graph\">{\"@context\":\"https:\\\/\\\/schema.org\",\"@graph\":[{\"@type\":\"WebPage\",\"@id\":\"https:\\\/\\\/chargeplus.totalenergies.com\\\/fr\\\/conseils-recharge-electrique\\\/avantages-inconvenients-voiture-electrique\\\/\",\"url\":\"https:\\\/\\\/chargeplus.totalenergies.com\\\/fr\\\/conseils-recharge-electrique\\\/avantages-inconvenients-voiture-electrique\\\/\",\"name\":\"Avantages et inconv\u00e9nients des voitures \u00e9lectriques\",\"isPartOf\":{\"@id\":\"https:\\\/\\\/chargeplus.totalenergies.com\\\/fr\\\/#website\"},\"primaryImageOfPage\":{\"@id\":\"https:\\\/\\\/chargeplus.totalenergies.com\\\/fr\\\/conseils-recharge-electrique\\\/avantages-inconvenients-voiture-electrique\\\/#primaryimage\"},\"image\":{\"@id\":\"https:\\\/\\\/chargeplus.totalenergies.com\\\/fr\\\/conseils-recharge-electrique\\\/avantages-inconvenients-voiture-electrique\\\/#primaryimage\"},\"thumbnailUrl\":\"https:\\\/\\\/chargeplus.totalenergies.com\\\/wp-inside\\\/uploads\\\/2023\\\/08\\\/avantages-voitures-electriques.jpg\",\"datePublished\":\"2023-09-01T08:17:52+00:00\",\"dateModified\":\"2026-02-16T15:55:54+00:00\",\"description\":\"Vous souhaitez rouler en voiture \u00e9lectrique et comprendre les avantages et inconv\u00e9nients de cette \u00e9nergie ? D\u00e9couvrez ici tout ce qu\u2019il faut savoir sur le passage au full \u00e9lec !\",\"breadcrumb\":{\"@id\":\"https:\\\/\\\/chargeplus.totalenergies.com\\\/fr\\\/conseils-recharge-electrique\\\/avantages-inconvenients-voiture-electrique\\\/#breadcrumb\"},\"inLanguage\":\"fr-FR\",\"potentialAction\":[{\"@type\":\"ReadAction\",\"target\":[\"https:\\\/\\\/chargeplus.totalenergies.com\\\/fr\\\/conseils-recharge-electrique\\\/avantages-inconvenients-voiture-electrique\\\/\"]}]},{\"@type\":\"ImageObject\",\"inLanguage\":\"fr-FR\",\"@id\":\"https:\\\/\\\/chargeplus.totalenergies.com\\\/fr\\\/conseils-recharge-electrique\\\/avantages-inconvenients-voiture-electrique\\\/#primaryimage\",\"url\":\"https:\\\/\\\/chargeplus.totalenergies.com\\\/wp-inside\\\/uploads\\\/2023\\\/08\\\/avantages-voitures-electriques.jpg\",\"contentUrl\":\"https:\\\/\\\/chargeplus.totalenergies.com\\\/wp-inside\\\/uploads\\\/2023\\\/08\\\/avantages-voitures-electriques.jpg\",\"width\":1500,\"height\":1000,\"caption\":\"Avantages et inconv\u00e9nients des voitures \u00e9lectriques\"},{\"@type\":\"BreadcrumbList\",\"@id\":\"https:\\\/\\\/chargeplus.totalenergies.com\\\/fr\\\/conseils-recharge-electrique\\\/avantages-inconvenients-voiture-electrique\\\/#breadcrumb\",\"itemListElement\":[{\"@type\":\"ListItem\",\"position\":1,\"name\":\"Accueil\",\"item\":\"https:\\\/\\\/chargeplus.totalenergies.com\\\/fr\\\/\"},{\"@type\":\"ListItem\",\"position\":2,\"name\":\"Voiture \u00e9lectrique&#160;: nos conseils sur la recharge\",\"item\":\"https:\\\/\\\/chargeplus.totalenergies.com\\\/fr\\\/conseils-recharge-electrique\\\/\"},{\"@type\":\"ListItem\",\"position\":3,\"name\":\"Quels sont les avantages et inconv\u00e9nients de la voiture \u00e9lectrique&#160;?\"}]},{\"@type\":\"WebSite\",\"@id\":\"https:\\\/\\\/chargeplus.totalenergies.com\\\/fr\\\/#website\",\"url\":\"https:\\\/\\\/chargeplus.totalenergies.com\\\/fr\\\/\",\"name\":\"Charge+\",\"description\":\"Voiture \u00e9lectrique : le guide pratique de la recharge\",\"publisher\":{\"@id\":\"https:\\\/\\\/chargeplus.totalenergies.com\\\/fr\\\/#organization\"},\"potentialAction\":[{\"@type\":\"SearchAction\",\"target\":{\"@type\":\"EntryPoint\",\"urlTemplate\":\"https:\\\/\\\/chargeplus.totalenergies.com\\\/fr\\\/?s={search_term_string}\"},\"query-input\":{\"@type\":\"PropertyValueSpecification\",\"valueRequired\":true,\"valueName\":\"search_term_string\"}}],\"inLanguage\":\"fr-FR\"},{\"@type\":\"Organization\",\"@id\":\"https:\\\/\\\/chargeplus.totalenergies.com\\\/fr\\\/#organization\",\"name\":\"Charge+\",\"url\":\"https:\\\/\\\/chargeplus.totalenergies.com\\\/fr\\\/\",\"logo\":{\"@type\":\"ImageObject\",\"inLanguage\":\"fr-FR\",\"@id\":\"https:\\\/\\\/chargeplus.totalenergies.com\\\/fr\\\/#\\\/schema\\\/logo\\\/image\\\/\",\"url\":\"https:\\\/\\\/chargeplus.totalenergies.com\\\/wp-inside\\\/uploads\\\/2023\\\/07\\\/logo-borne-recharge.jpg\",\"contentUrl\":\"https:\\\/\\\/chargeplus.totalenergies.com\\\/wp-inside\\\/uploads\\\/2023\\\/07\\\/logo-borne-recharge.jpg\",\"width\":150,\"height\":150,\"caption\":\"Charge+\"},\"image\":{\"@id\":\"https:\\\/\\\/chargeplus.totalenergies.com\\\/fr\\\/#\\\/schema\\\/logo\\\/image\\\/\"}}]}<\/script>\n<!-- \/ Yoast SEO plugin. -->","yoast_head_json":{"title":"Avantages et inconv\u00e9nients des voitures \u00e9lectriques | Charge+","description":"Vous souhaitez rouler en voiture \u00e9lectrique et comprendre les avantages et inconv\u00e9nients de cette \u00e9nergie ? D\u00e9couvrez ici tout ce qu\u2019il faut savoir sur le passage au full \u00e9lec !","robots":{"index":"index","follow":"follow","max-snippet":"max-snippet:-1","max-image-preview":"max-image-preview:large","max-video-preview":"max-video-preview:-1"},"canonical":"https:\/\/chargeplus.totalenergies.com\/fr\/conseils-recharge-electrique\/avantages-inconvenients-voiture-electrique\/","og_locale":"fr_FR","og_type":"article","og_title":"Avantages et inconv\u00e9nients des voitures \u00e9lectriques | Charge+","og_description":"Vous souhaitez rouler en voiture \u00e9lectrique et comprendre les avantages et inconv\u00e9nients de cette \u00e9nergie ? D\u00e9couvrez ici tout ce qu\u2019il faut savoir sur le passage au full \u00e9lec !","og_url":"https:\/\/chargeplus.totalenergies.com\/fr\/conseils-recharge-electrique\/avantages-inconvenients-voiture-electrique\/","og_site_name":"Charge+","article_modified_time":"2026-02-16T15:55:54+00:00","og_image":[{"width":1500,"height":1000,"url":"https:\/\/chargeplus.totalenergies.com\/wp-inside\/uploads\/2023\/08\/avantages-voitures-electriques.jpg","type":"image\/jpeg"}],"twitter_card":"summary_large_image","twitter_misc":{"Dur\u00e9e de lecture estim\u00e9e":"5 minutes"},"schema":{"@context":"https:\/\/schema.org","@graph":[{"@type":"WebPage","@id":"https:\/\/chargeplus.totalenergies.com\/fr\/conseils-recharge-electrique\/avantages-inconvenients-voiture-electrique\/","url":"https:\/\/chargeplus.totalenergies.com\/fr\/conseils-recharge-electrique\/avantages-inconvenients-voiture-electrique\/","name":"Avantages et inconv\u00e9nients des voitures \u00e9lectriques","isPartOf":{"@id":"https:\/\/chargeplus.totalenergies.com\/fr\/#website"},"primaryImageOfPage":{"@id":"https:\/\/chargeplus.totalenergies.com\/fr\/conseils-recharge-electrique\/avantages-inconvenients-voiture-electrique\/#primaryimage"},"image":{"@id":"https:\/\/chargeplus.totalenergies.com\/fr\/conseils-recharge-electrique\/avantages-inconvenients-voiture-electrique\/#primaryimage"},"thumbnailUrl":"https:\/\/chargeplus.totalenergies.com\/wp-inside\/uploads\/2023\/08\/avantages-voitures-electriques.jpg","datePublished":"2023-09-01T08:17:52+00:00","dateModified":"2026-02-16T15:55:54+00:00","description":"Vous souhaitez rouler en voiture \u00e9lectrique et comprendre les avantages et inconv\u00e9nients de cette \u00e9nergie ? D\u00e9couvrez ici tout ce qu\u2019il faut savoir sur le passage au full \u00e9lec !","breadcrumb":{"@id":"https:\/\/chargeplus.totalenergies.com\/fr\/conseils-recharge-electrique\/avantages-inconvenients-voiture-electrique\/#breadcrumb"},"inLanguage":"fr-FR","potentialAction":[{"@type":"ReadAction","target":["https:\/\/chargeplus.totalenergies.com\/fr\/conseils-recharge-electrique\/avantages-inconvenients-voiture-electrique\/"]}]},{"@type":"ImageObject","inLanguage":"fr-FR","@id":"https:\/\/chargeplus.totalenergies.com\/fr\/conseils-recharge-electrique\/avantages-inconvenients-voiture-electrique\/#primaryimage","url":"https:\/\/chargeplus.totalenergies.com\/wp-inside\/uploads\/2023\/08\/avantages-voitures-electriques.jpg","contentUrl":"https:\/\/chargeplus.totalenergies.com\/wp-inside\/uploads\/2023\/08\/avantages-voitures-electriques.jpg","width":1500,"height":1000,"caption":"Avantages et inconv\u00e9nients des voitures \u00e9lectriques"},{"@type":"BreadcrumbList","@id":"https:\/\/chargeplus.totalenergies.com\/fr\/conseils-recharge-electrique\/avantages-inconvenients-voiture-electrique\/#breadcrumb","itemListElement":[{"@type":"ListItem","position":1,"name":"Accueil","item":"https:\/\/chargeplus.totalenergies.com\/fr\/"},{"@type":"ListItem","position":2,"name":"Voiture \u00e9lectrique&#160;: nos conseils sur la recharge","item":"https:\/\/chargeplus.totalenergies.com\/fr\/conseils-recharge-electrique\/"},{"@type":"ListItem","position":3,"name":"Quels sont les avantages et inconv\u00e9nients de la voiture \u00e9lectrique&#160;?"}]},{"@type":"WebSite","@id":"https:\/\/chargeplus.totalenergies.com\/fr\/#website","url":"https:\/\/chargeplus.totalenergies.com\/fr\/","name":"Charge+","description":"Voiture \u00e9lectrique : le guide pratique de la recharge","publisher":{"@id":"https:\/\/chargeplus.totalenergies.com\/fr\/#organization"},"potentialAction":[{"@type":"SearchAction","target":{"@type":"EntryPoint","urlTemplate":"https:\/\/chargeplus.totalenergies.com\/fr\/?s={search_term_string}"},"query-input":{"@type":"PropertyValueSpecification","valueRequired":true,"valueName":"search_term_string"}}],"inLanguage":"fr-FR"},{"@type":"Organization","@id":"https:\/\/chargeplus.totalenergies.com\/fr\/#organization","name":"Charge+","url":"https:\/\/chargeplus.totalenergies.com\/fr\/","logo":{"@type":"ImageObject","inLanguage":"fr-FR","@id":"https:\/\/chargeplus.totalenergies.com\/fr\/#\/schema\/logo\/image\/","url":"https:\/\/chargeplus.totalenergies.com\/wp-inside\/uploads\/2023\/07\/logo-borne-recharge.jpg","contentUrl":"https:\/\/chargeplus.totalenergies.com\/wp-inside\/uploads\/2023\/07\/logo-borne-recharge.jpg","width":150,"height":150,"caption":"Charge+"},"image":{"@id":"https:\/\/chargeplus.totalenergies.com\/fr\/#\/schema\/logo\/image\/"}}]}},"_links":{"self":[{"href":"https:\/\/chargeplus.totalenergies.com\/fr\/wp-json\/wp\/v2\/pages\/1464","targetHints":{"allow":["GET"]}}],"collection":[{"href":"https:\/\/chargeplus.totalenergies.com\/fr\/wp-json\/wp\/v2\/pages"}],"about":[{"href":"https:\/\/chargeplus.totalenergies.com\/fr\/wp-json\/wp\/v2\/types\/page"}],"author":[{"embeddable":true,"href":"https:\/\/chargeplus.totalenergies.com\/fr\/wp-json\/wp\/v2\/users\/3"}],"replies":[{"embeddable":true,"href":"https:\/\/chargeplus.totalenergies.com\/fr\/wp-json\/wp\/v2\/comments?post=1464"}],"version-history":[{"count":15,"href":"https:\/\/chargeplus.totalenergies.com\/fr\/wp-json\/wp\/v2\/pages\/1464\/revisions"}],"predecessor-version":[{"id":5058,"href":"https:\/\/chargeplus.totalenergies.com\/fr\/wp-json\/wp\/v2\/pages\/1464\/revisions\/5058"}],"up":[{"embeddable":true,"href":"https:\/\/chargeplus.totalenergies.com\/fr\/wp-json\/wp\/v2\/pages\/445"}],"wp:featuredmedia":[{"embeddable":true,"href":"https:\/\/chargeplus.totalenergies.com\/fr\/wp-json\/wp\/v2\/media\/1465"}],"wp:attachment":[{"href":"https:\/\/chargeplus.totalenergies.com\/fr\/wp-json\/wp\/v2\/media?parent=1464"}],"curies":[{"name":"wp","href":"https:\/\/api.w.org\/{rel}","templated":true}]}}