{"id":2093,"date":"2023-09-22T16:59:52","date_gmt":"2023-09-22T14:59:52","guid":{"rendered":"https:\/\/chargeplus.totalenergies.com\/?page_id=2093"},"modified":"2026-01-28T15:58:37","modified_gmt":"2026-01-28T14:58:37","slug":"comment-choisir-sa-future-voiture-electrique","status":"publish","type":"page","link":"https:\/\/chargeplus.totalenergies.com\/fr\/conseils-recharge-electrique\/comment-choisir-sa-future-voiture-electrique\/","title":{"rendered":"Comment choisir sa future voiture \u00e9lectrique"},"content":{"rendered":"<div class=\"wp-post-content\"><!-- zone:zn_pagebanner [0] --><br \/>\n\t\t<!-- \/zone:zn_pagebanner [0] --><br \/>\n<!-- zone:zn_text_img [1] --><\/p>\n<h2>1. Choisir sa voiture \u00e9lectrique selon l\u2019usage que vous souhaitez en faire<\/h2>\n<p>Le choix d\u2019une voiture \u00e9lectrique se base en premier lieu selon l\u2019usage que l\u2019on a du v\u00e9hicule.<\/p>\n<p>Si vous recherchez un mod\u00e8le pour effectuer <strong>vos trajets r\u00e9guliers domicile-travail<\/strong> tout seul, ou si vous comptez r\u00e9aliser <strong>de nombreuses sorties avec vos 3 enfants<\/strong>, vos besoins sont diff\u00e9rents ! Ainsi, le type de voiture (citadine, familiale, SUV) permet de faire un premier tri. Il faut savoir que plus un v\u00e9hicule est l\u00e9ger, moins il consomme. Ainsi, il est essentiel de <strong>choisir une voiture \u00e9lectrique calibr\u00e9e en fonction de vos besoins<\/strong>, et d\u2019opter pour un v\u00e9hicule dont la capacit\u00e9 de la batterie est adapt\u00e9e \u00e0 vos d\u00e9placements.<br \/>\nSi vous pr\u00e9voyez de vous rendre sur votre lieu de travail avec votre voiture \u00e9lectrique, au quotidien, il faut tenir compte du trajet que vous allez accomplir. Vous travaillez tout pr\u00e8s de chez vous ? Alors<strong> la liste des mod\u00e8les pour lesquels vous pouvez opter est longue<\/strong> ! Si, en revanche, votre trajet journalier d\u00e9passe les 150 km, il vous faut \u00e9liminer les citadines pr\u00e9sentant une autonomie plus faible. Il en est de m\u00eame si vous choisissez <strong>un v\u00e9hicule r\u00e9guli\u00e8rement destin\u00e9 \u00e0 de longs trajets<\/strong> (d\u00e9placements professionnels, d\u00e9parts en vacances, etc.).<\/p>\n<p><strong>\u00c0 lire aussi<\/strong> : <a href=\"https:\/\/chargeplus.totalenergies.com\/fr\/passer-a-lelectrique\/avantages-inconvenients-voiture-electrique\/\">Quels sont les avantages et inconv\u00e9nients de la voiture \u00e9lectrique ?<\/a><\/p>\n<p><!-- \/zone:zn_text_img [1] --><br \/>\n<!-- zone:zn_text [2] --><\/p>\n<h2>2. L\u2019autonomie : un facteur de choix important pour la voiture \u00e9lectrique<\/h2>\n<p>Si vous vous demandez quelle voiture \u00e9lectrique acheter, <strong>l\u2019autonomie du v\u00e9hicule \u00e0 une importance capitale<\/strong> dans votre d\u00e9cision. Cette autonomie est d\u00e9termin\u00e9e par la capacit\u00e9 de la batterie. C&rsquo;est une indication tr\u00e8s simple \u00e0 trouver pour chaque mod\u00e8le de v\u00e9hicule. N\u00e9anmoins, dans la vie r\u00e9elle, l\u2019autonomie donn\u00e9e par le constructeur <strong>varie en fonction de nombreux facteurs<\/strong> (vitesse, chargement du v\u00e9hicule, utilisation de la climatisation ou du chauffage, temp\u00e9rature ext\u00e9rieure, etc.).<\/p>\n<p>Afin de choisir un v\u00e9hicule \u00e9lectrique parfaitement adapt\u00e9 \u00e0 vos besoins, il faut donc<strong> jauger vos attentes avec pr\u00e9cision<\/strong>. Vous ne r\u00e9alisez que de petits trajets dans un rayon de 60 km autour de chez vous ? Alors l\u2019autonomie de la voiture n\u2019a pas grande importance pour vous. Vous habitez tout pr\u00e8s de votre lieu de travail mais vous vous rendez tous les week-ends dans votre famille \u00e0 200 km ? Alors cette habitude doit \u00eatre prise en compte dans votre choix.<\/p>\n<p>Il faut \u00e9galement tenir compte du <strong>mode de recharge que vous allez utiliser<\/strong>. Si vous installez une borne de recharge \u00e0 domicile ou que vous pouvez retrouver votre autonomie sur votre lieu de travail, la capacit\u00e9 de votre batterie est un crit\u00e8re moins pr\u00e9occupant pour vous. Si vous n\u2019avez pas de point fixe o\u00f9 recharger votre v\u00e9hicule quotidiennement, alors vous vous tournerez plut\u00f4t vers une voiture avec une grande autonomie, afin de pallier cette incertitude de recharge.<\/p>\n<p><strong>\u00c0 lire aussi<\/strong> : <a href=\"https:\/\/chargeplus.totalenergies.com\/fr\/conseils-recharge-electrique\/gestes-a-adopter-pour-reduire-sa-consommation\/\">Voiture \u00e9lectrique : les bons gestes \u00e0 adopter pour r\u00e9duire sa consommation<\/a><\/p>\n<p>\t\t\t<!-- \/zone:zn_text [2] --><br \/>\n<!-- zone:zn_text_img [3] --><\/p>\n<h2>3. Prendre en compte la puissance de recharge du v\u00e9hicule dans son choix<\/h2>\n<p>La puissance de recharge d\u2019une voiture \u00e9lectrique permet d\u2019estimer son temps de recharge. Plus la puissance est \u00e9lev\u00e9e, <strong>plus le v\u00e9hicule retrouve son autonomie rapidement<\/strong>, peu importe le dispositif de recharge utilis\u00e9. Ce facteur a toute son importance dans votre choix, et doit \u00eatre mis en relation avec l\u2019autonomie du mod\u00e8le s\u00e9lectionn\u00e9. Si vous avez \u00e0 disposition permanente un point de recharge avec des tarifs avantageux, il peut \u00eatre<strong> pr\u00e9f\u00e9rable de choisir un mod\u00e8le avec moins d\u2019autonomie mais une puissance de recharge plus importante<\/strong>. Il vous faudra recharger votre v\u00e9hicule plus souvent, mais cela sera tr\u00e8s rapide et peu co\u00fbteux pour vous.<\/p>\n<p>Si vous avez l\u2019intention de r\u00e9aliser r\u00e9guli\u00e8rement de longs trajets, optez pour une voiture \u00e9lectrique compatible avec une recharge en courant continu. Ces bornes ultra rapides permettent de r\u00e9cup\u00e9rer une pleine autonomie en quelques dizaines de minutes, et n\u2019allongent donc pas significativement votre temps de trajet.<\/p>\n<p><strong>\u00c0 lire aussi<\/strong> : <a href=\"https:\/\/chargeplus.totalenergies.com\/fr\/conseils-recharge-electrique\/differentes-solutions-de-recharge-pour-voiture-electrique\/\">Quelles sont les diff\u00e9rentes solutions de recharge pour voiture \u00e9lectrique en mobilit\u00e9 ?<\/a><\/p>\n<p><!-- \/zone:zn_text_img [3] --><br \/>\n<!-- zone:zn_text [4] --><\/p>\n<h2>4. Le prix, un crit\u00e8re de choix non n\u00e9gligeable<\/h2>\n<p>Enfin, comme pour toute acquisition, le prix que vous pouvez allouer \u00e0 l\u2019achat de votre voiture \u00e9lectrique impacte votre d\u00e9cision. Bien que les v\u00e9hicules \u00e9lectriques soient \u00e0 la base plus chers que les thermiques, <strong>diff\u00e9rentes <a href=\"https:\/\/www.gouvernement.fr\/politiques-prioritaires\/planifier-et-accelerer-la-transition-ecologique\/passez-a-une-voiture-electrique-letat-vous-aide#:~:text=Le%20bonus%20%C3%A9cologique%20est%20une,jusqu%27%C3%A0%207%20000%20euros\" target=\"_blank\" rel=\"noopener\">subventions de l\u2019\u00c9tat<\/a> permettent de diminuer le co\u00fbt d\u2019achat<\/strong>, notamment le bonus \u00e9cologique et la prime \u00e0 la conversion. Bien entendu, les tarifs varient selon le type de voiture choisi (citadine, SUV, etc.) et les gammes propos\u00e9es.<\/p>\n<p>En prenant en compte le prix pour choisir quel v\u00e9hicule \u00e9lectrique acheter, il faut cependant ne pas penser uniquement au co\u00fbt d&rsquo;acquisition de la voiture neuve. En effet, les d\u00e9penses li\u00e9es \u00e0 l\u2019usage et \u00e0 l&rsquo;entretien d\u2019une voiture \u00e9lectrique sont <strong>globalement moins \u00e9lev\u00e9es que pour une voiture thermique<\/strong>. Un mod\u00e8le 100 % \u00e9lectrique demande moins d\u2019entretien, le tarif de l\u2019assurance peut \u00eatre moins \u00e9lev\u00e9, et la recharge du v\u00e9hicule co\u00fbte moins cher qu&rsquo;un plein d\u2019essence ou de gasoil !<\/p>\n<p><strong>\u00c0 lire aussi<\/strong> : <a href=\"https:\/\/chargeplus.totalenergies.com\/fr\/conseils-recharge-electrique\/achat-voiture-electrique-est-il-rentable\/\">L\u2019achat d\u2019une voiture \u00e9lectrique est-il rentable ?<\/a><\/p>\n<p>\t\t\t<!-- \/zone:zn_text [4] -->\n<\/div>\n","protected":false},"excerpt":{"rendered":"<p>1. Choisir sa voiture \u00e9lectrique selon l\u2019usage que vous souhaitez en faire Le choix d\u2019une voiture \u00e9lectrique se base en premier lieu selon l\u2019usage que l\u2019on a du v\u00e9hicule. Si [&hellip;]<\/p>\n","protected":false},"author":3,"featured_media":2098,"parent":445,"menu_order":0,"comment_status":"closed","ping_status":"closed","template":"","meta":{"_acf_changed":false,"footnotes":""},"class_list":["post-2093","page","type-page","status-publish","has-post-thumbnail","hentry","wp-sticky"],"acf":[],"yoast_head":"<!-- This site is optimized with the Yoast SEO plugin v27.3 - https:\/\/yoast.com\/product\/yoast-seo-wordpress\/ -->\n<title>Quelle voiture \u00e9lectrique choisir : nos conseils ! | Charge+<\/title>\n<meta name=\"description\" content=\"Vous souhaitez sauter le pas de l\u2019\u00e9lectrique ? D\u00e9couvrez ici comment choisir sa future voiture \u00e9lectrique pour acqu\u00e9rir un mod\u00e8le adapt\u00e9 \u00e0 vos besoins !\" \/>\n<meta name=\"robots\" content=\"index, follow, max-snippet:-1, max-image-preview:large, max-video-preview:-1\" \/>\n<link rel=\"canonical\" href=\"https:\/\/chargeplus.totalenergies.com\/fr\/conseils-recharge-electrique\/comment-choisir-sa-future-voiture-electrique\/\" \/>\n<meta property=\"og:locale\" content=\"fr_FR\" \/>\n<meta property=\"og:type\" content=\"article\" \/>\n<meta property=\"og:title\" content=\"Quelle voiture \u00e9lectrique choisir : nos conseils ! | Charge+\" \/>\n<meta property=\"og:description\" content=\"Vous souhaitez sauter le pas de l\u2019\u00e9lectrique ? D\u00e9couvrez ici comment choisir sa future voiture \u00e9lectrique pour acqu\u00e9rir un mod\u00e8le adapt\u00e9 \u00e0 vos besoins !\" \/>\n<meta property=\"og:url\" content=\"https:\/\/chargeplus.totalenergies.com\/fr\/conseils-recharge-electrique\/comment-choisir-sa-future-voiture-electrique\/\" \/>\n<meta property=\"og:site_name\" content=\"Charge+\" \/>\n<meta property=\"article:modified_time\" content=\"2026-01-28T14:58:37+00:00\" \/>\n<meta property=\"og:image\" content=\"https:\/\/chargeplus.totalenergies.com\/wp-inside\/uploads\/2023\/09\/choix-voiture-electrique.jpg\" \/>\n\t<meta property=\"og:image:width\" content=\"1980\" \/>\n\t<meta property=\"og:image:height\" content=\"1321\" \/>\n\t<meta property=\"og:image:type\" content=\"image\/jpeg\" \/>\n<meta name=\"twitter:card\" content=\"summary_large_image\" \/>\n<meta name=\"twitter:label1\" content=\"Dur\u00e9e de lecture estim\u00e9e\" \/>\n\t<meta name=\"twitter:data1\" content=\"4 minutes\" \/>\n<script type=\"application\/ld+json\" class=\"yoast-schema-graph\">{\"@context\":\"https:\\\/\\\/schema.org\",\"@graph\":[{\"@type\":\"WebPage\",\"@id\":\"https:\\\/\\\/chargeplus.totalenergies.com\\\/fr\\\/conseils-recharge-electrique\\\/comment-choisir-sa-future-voiture-electrique\\\/\",\"url\":\"https:\\\/\\\/chargeplus.totalenergies.com\\\/fr\\\/conseils-recharge-electrique\\\/comment-choisir-sa-future-voiture-electrique\\\/\",\"name\":\"Quelle voiture \u00e9lectrique choisir : nos conseils !\",\"isPartOf\":{\"@id\":\"https:\\\/\\\/chargeplus.totalenergies.com\\\/fr\\\/#website\"},\"primaryImageOfPage\":{\"@id\":\"https:\\\/\\\/chargeplus.totalenergies.com\\\/fr\\\/conseils-recharge-electrique\\\/comment-choisir-sa-future-voiture-electrique\\\/#primaryimage\"},\"image\":{\"@id\":\"https:\\\/\\\/chargeplus.totalenergies.com\\\/fr\\\/conseils-recharge-electrique\\\/comment-choisir-sa-future-voiture-electrique\\\/#primaryimage\"},\"thumbnailUrl\":\"https:\\\/\\\/chargeplus.totalenergies.com\\\/wp-inside\\\/uploads\\\/2023\\\/09\\\/choix-voiture-electrique.jpg\",\"datePublished\":\"2023-09-22T14:59:52+00:00\",\"dateModified\":\"2026-01-28T14:58:37+00:00\",\"description\":\"Vous souhaitez sauter le pas de l\u2019\u00e9lectrique ? D\u00e9couvrez ici comment choisir sa future voiture \u00e9lectrique pour acqu\u00e9rir un mod\u00e8le adapt\u00e9 \u00e0 vos besoins !\",\"breadcrumb\":{\"@id\":\"https:\\\/\\\/chargeplus.totalenergies.com\\\/fr\\\/conseils-recharge-electrique\\\/comment-choisir-sa-future-voiture-electrique\\\/#breadcrumb\"},\"inLanguage\":\"fr-FR\",\"potentialAction\":[{\"@type\":\"ReadAction\",\"target\":[\"https:\\\/\\\/chargeplus.totalenergies.com\\\/fr\\\/conseils-recharge-electrique\\\/comment-choisir-sa-future-voiture-electrique\\\/\"]}]},{\"@type\":\"ImageObject\",\"inLanguage\":\"fr-FR\",\"@id\":\"https:\\\/\\\/chargeplus.totalenergies.com\\\/fr\\\/conseils-recharge-electrique\\\/comment-choisir-sa-future-voiture-electrique\\\/#primaryimage\",\"url\":\"https:\\\/\\\/chargeplus.totalenergies.com\\\/wp-inside\\\/uploads\\\/2023\\\/09\\\/choix-voiture-electrique.jpg\",\"contentUrl\":\"https:\\\/\\\/chargeplus.totalenergies.com\\\/wp-inside\\\/uploads\\\/2023\\\/09\\\/choix-voiture-electrique.jpg\",\"width\":1980,\"height\":1321,\"caption\":\"Choix voiture \u00e9lectrique\"},{\"@type\":\"BreadcrumbList\",\"@id\":\"https:\\\/\\\/chargeplus.totalenergies.com\\\/fr\\\/conseils-recharge-electrique\\\/comment-choisir-sa-future-voiture-electrique\\\/#breadcrumb\",\"itemListElement\":[{\"@type\":\"ListItem\",\"position\":1,\"name\":\"Accueil\",\"item\":\"https:\\\/\\\/chargeplus.totalenergies.com\\\/fr\\\/\"},{\"@type\":\"ListItem\",\"position\":2,\"name\":\"Voiture \u00e9lectrique&#160;: nos conseils sur la recharge\",\"item\":\"https:\\\/\\\/chargeplus.totalenergies.com\\\/fr\\\/conseils-recharge-electrique\\\/\"},{\"@type\":\"ListItem\",\"position\":3,\"name\":\"Comment choisir sa future voiture \u00e9lectrique\"}]},{\"@type\":\"WebSite\",\"@id\":\"https:\\\/\\\/chargeplus.totalenergies.com\\\/fr\\\/#website\",\"url\":\"https:\\\/\\\/chargeplus.totalenergies.com\\\/fr\\\/\",\"name\":\"Charge+\",\"description\":\"Voiture \u00e9lectrique : le guide pratique de la recharge\",\"publisher\":{\"@id\":\"https:\\\/\\\/chargeplus.totalenergies.com\\\/fr\\\/#organization\"},\"potentialAction\":[{\"@type\":\"SearchAction\",\"target\":{\"@type\":\"EntryPoint\",\"urlTemplate\":\"https:\\\/\\\/chargeplus.totalenergies.com\\\/fr\\\/?s={search_term_string}\"},\"query-input\":{\"@type\":\"PropertyValueSpecification\",\"valueRequired\":true,\"valueName\":\"search_term_string\"}}],\"inLanguage\":\"fr-FR\"},{\"@type\":\"Organization\",\"@id\":\"https:\\\/\\\/chargeplus.totalenergies.com\\\/fr\\\/#organization\",\"name\":\"Charge+\",\"url\":\"https:\\\/\\\/chargeplus.totalenergies.com\\\/fr\\\/\",\"logo\":{\"@type\":\"ImageObject\",\"inLanguage\":\"fr-FR\",\"@id\":\"https:\\\/\\\/chargeplus.totalenergies.com\\\/fr\\\/#\\\/schema\\\/logo\\\/image\\\/\",\"url\":\"https:\\\/\\\/chargeplus.totalenergies.com\\\/wp-inside\\\/uploads\\\/2023\\\/07\\\/logo-borne-recharge.jpg\",\"contentUrl\":\"https:\\\/\\\/chargeplus.totalenergies.com\\\/wp-inside\\\/uploads\\\/2023\\\/07\\\/logo-borne-recharge.jpg\",\"width\":150,\"height\":150,\"caption\":\"Charge+\"},\"image\":{\"@id\":\"https:\\\/\\\/chargeplus.totalenergies.com\\\/fr\\\/#\\\/schema\\\/logo\\\/image\\\/\"}}]}<\/script>\n<!-- \/ Yoast SEO plugin. -->","yoast_head_json":{"title":"Quelle voiture \u00e9lectrique choisir : nos conseils ! | Charge+","description":"Vous souhaitez sauter le pas de l\u2019\u00e9lectrique ? D\u00e9couvrez ici comment choisir sa future voiture \u00e9lectrique pour acqu\u00e9rir un mod\u00e8le adapt\u00e9 \u00e0 vos besoins !","robots":{"index":"index","follow":"follow","max-snippet":"max-snippet:-1","max-image-preview":"max-image-preview:large","max-video-preview":"max-video-preview:-1"},"canonical":"https:\/\/chargeplus.totalenergies.com\/fr\/conseils-recharge-electrique\/comment-choisir-sa-future-voiture-electrique\/","og_locale":"fr_FR","og_type":"article","og_title":"Quelle voiture \u00e9lectrique choisir : nos conseils ! | Charge+","og_description":"Vous souhaitez sauter le pas de l\u2019\u00e9lectrique ? D\u00e9couvrez ici comment choisir sa future voiture \u00e9lectrique pour acqu\u00e9rir un mod\u00e8le adapt\u00e9 \u00e0 vos besoins !","og_url":"https:\/\/chargeplus.totalenergies.com\/fr\/conseils-recharge-electrique\/comment-choisir-sa-future-voiture-electrique\/","og_site_name":"Charge+","article_modified_time":"2026-01-28T14:58:37+00:00","og_image":[{"width":1980,"height":1321,"url":"https:\/\/chargeplus.totalenergies.com\/wp-inside\/uploads\/2023\/09\/choix-voiture-electrique.jpg","type":"image\/jpeg"}],"twitter_card":"summary_large_image","twitter_misc":{"Dur\u00e9e de lecture estim\u00e9e":"4 minutes"},"schema":{"@context":"https:\/\/schema.org","@graph":[{"@type":"WebPage","@id":"https:\/\/chargeplus.totalenergies.com\/fr\/conseils-recharge-electrique\/comment-choisir-sa-future-voiture-electrique\/","url":"https:\/\/chargeplus.totalenergies.com\/fr\/conseils-recharge-electrique\/comment-choisir-sa-future-voiture-electrique\/","name":"Quelle voiture \u00e9lectrique choisir : nos conseils !","isPartOf":{"@id":"https:\/\/chargeplus.totalenergies.com\/fr\/#website"},"primaryImageOfPage":{"@id":"https:\/\/chargeplus.totalenergies.com\/fr\/conseils-recharge-electrique\/comment-choisir-sa-future-voiture-electrique\/#primaryimage"},"image":{"@id":"https:\/\/chargeplus.totalenergies.com\/fr\/conseils-recharge-electrique\/comment-choisir-sa-future-voiture-electrique\/#primaryimage"},"thumbnailUrl":"https:\/\/chargeplus.totalenergies.com\/wp-inside\/uploads\/2023\/09\/choix-voiture-electrique.jpg","datePublished":"2023-09-22T14:59:52+00:00","dateModified":"2026-01-28T14:58:37+00:00","description":"Vous souhaitez sauter le pas de l\u2019\u00e9lectrique ? D\u00e9couvrez ici comment choisir sa future voiture \u00e9lectrique pour acqu\u00e9rir un mod\u00e8le adapt\u00e9 \u00e0 vos besoins !","breadcrumb":{"@id":"https:\/\/chargeplus.totalenergies.com\/fr\/conseils-recharge-electrique\/comment-choisir-sa-future-voiture-electrique\/#breadcrumb"},"inLanguage":"fr-FR","potentialAction":[{"@type":"ReadAction","target":["https:\/\/chargeplus.totalenergies.com\/fr\/conseils-recharge-electrique\/comment-choisir-sa-future-voiture-electrique\/"]}]},{"@type":"ImageObject","inLanguage":"fr-FR","@id":"https:\/\/chargeplus.totalenergies.com\/fr\/conseils-recharge-electrique\/comment-choisir-sa-future-voiture-electrique\/#primaryimage","url":"https:\/\/chargeplus.totalenergies.com\/wp-inside\/uploads\/2023\/09\/choix-voiture-electrique.jpg","contentUrl":"https:\/\/chargeplus.totalenergies.com\/wp-inside\/uploads\/2023\/09\/choix-voiture-electrique.jpg","width":1980,"height":1321,"caption":"Choix voiture \u00e9lectrique"},{"@type":"BreadcrumbList","@id":"https:\/\/chargeplus.totalenergies.com\/fr\/conseils-recharge-electrique\/comment-choisir-sa-future-voiture-electrique\/#breadcrumb","itemListElement":[{"@type":"ListItem","position":1,"name":"Accueil","item":"https:\/\/chargeplus.totalenergies.com\/fr\/"},{"@type":"ListItem","position":2,"name":"Voiture \u00e9lectrique&#160;: nos conseils sur la recharge","item":"https:\/\/chargeplus.totalenergies.com\/fr\/conseils-recharge-electrique\/"},{"@type":"ListItem","position":3,"name":"Comment choisir sa future voiture \u00e9lectrique"}]},{"@type":"WebSite","@id":"https:\/\/chargeplus.totalenergies.com\/fr\/#website","url":"https:\/\/chargeplus.totalenergies.com\/fr\/","name":"Charge+","description":"Voiture \u00e9lectrique : le guide pratique de la recharge","publisher":{"@id":"https:\/\/chargeplus.totalenergies.com\/fr\/#organization"},"potentialAction":[{"@type":"SearchAction","target":{"@type":"EntryPoint","urlTemplate":"https:\/\/chargeplus.totalenergies.com\/fr\/?s={search_term_string}"},"query-input":{"@type":"PropertyValueSpecification","valueRequired":true,"valueName":"search_term_string"}}],"inLanguage":"fr-FR"},{"@type":"Organization","@id":"https:\/\/chargeplus.totalenergies.com\/fr\/#organization","name":"Charge+","url":"https:\/\/chargeplus.totalenergies.com\/fr\/","logo":{"@type":"ImageObject","inLanguage":"fr-FR","@id":"https:\/\/chargeplus.totalenergies.com\/fr\/#\/schema\/logo\/image\/","url":"https:\/\/chargeplus.totalenergies.com\/wp-inside\/uploads\/2023\/07\/logo-borne-recharge.jpg","contentUrl":"https:\/\/chargeplus.totalenergies.com\/wp-inside\/uploads\/2023\/07\/logo-borne-recharge.jpg","width":150,"height":150,"caption":"Charge+"},"image":{"@id":"https:\/\/chargeplus.totalenergies.com\/fr\/#\/schema\/logo\/image\/"}}]}},"_links":{"self":[{"href":"https:\/\/chargeplus.totalenergies.com\/fr\/wp-json\/wp\/v2\/pages\/2093","targetHints":{"allow":["GET"]}}],"collection":[{"href":"https:\/\/chargeplus.totalenergies.com\/fr\/wp-json\/wp\/v2\/pages"}],"about":[{"href":"https:\/\/chargeplus.totalenergies.com\/fr\/wp-json\/wp\/v2\/types\/page"}],"author":[{"embeddable":true,"href":"https:\/\/chargeplus.totalenergies.com\/fr\/wp-json\/wp\/v2\/users\/3"}],"replies":[{"embeddable":true,"href":"https:\/\/chargeplus.totalenergies.com\/fr\/wp-json\/wp\/v2\/comments?post=2093"}],"version-history":[{"count":12,"href":"https:\/\/chargeplus.totalenergies.com\/fr\/wp-json\/wp\/v2\/pages\/2093\/revisions"}],"predecessor-version":[{"id":3229,"href":"https:\/\/chargeplus.totalenergies.com\/fr\/wp-json\/wp\/v2\/pages\/2093\/revisions\/3229"}],"up":[{"embeddable":true,"href":"https:\/\/chargeplus.totalenergies.com\/fr\/wp-json\/wp\/v2\/pages\/445"}],"wp:featuredmedia":[{"embeddable":true,"href":"https:\/\/chargeplus.totalenergies.com\/fr\/wp-json\/wp\/v2\/media\/2098"}],"wp:attachment":[{"href":"https:\/\/chargeplus.totalenergies.com\/fr\/wp-json\/wp\/v2\/media?parent=2093"}],"curies":[{"name":"wp","href":"https:\/\/api.w.org\/{rel}","templated":true}]}}