{"id":2176,"date":"2023-10-02T15:18:19","date_gmt":"2023-10-02T13:18:19","guid":{"rendered":"https:\/\/chargeplus.totalenergies.com\/?page_id=2176"},"modified":"2025-01-02T16:49:11","modified_gmt":"2025-01-02T15:49:11","slug":"prise-combo-ccs","status":"publish","type":"page","link":"https:\/\/chargeplus.totalenergies.com\/fr\/conseils-recharge-electrique\/prise-combo-ccs\/","title":{"rendered":"Prise Combo CCS CCS 1 ou CCS2"},"content":{"rendered":"<div class=\"wp-post-content\"><!-- zone:zn_pagebanner [0] --><br \/>\n\t\t<!-- \/zone:zn_pagebanner [0] --><br \/>\n<!-- zone:zn_text_img [1] --><\/p>\n<p>La prise Combo CCS, ou \u00ab Combined Charging System \u00bb, est le r\u00e9sultat d\u2019une collaboration fructueuse entre sept grands constructeurs automobiles europ\u00e9ens et am\u00e9ricains, \u00e0 savoir General Motors, Ford, Audi, BMW, Volkswagen, Porsche et Daimler. Cette initiative a vu le jour dans le but de <strong>proposer une solution alternative au standard japonais CHAdeMO<\/strong>, d\u00e9j\u00e0 bien \u00e9tabli.<\/p>\n<p>Le nom \u00ab Combo CCS \u00bb refl\u00e8te bien sa fonction puisqu\u2019il s\u2019agit d\u2019<strong>un syst\u00e8me de charge combin\u00e9 qui regroupe deux ports de charge en un seul<\/strong>. Sp\u00e9cifiquement <strong>con\u00e7u pour la charge rapide haute puissance<\/strong>, ce <a href=\"https:\/\/chargeplus.totalenergies.com\/fr\/trouver-borne-recharge\/types-de-prises\/\">type de prise<\/a> permet de r\u00e9duire de mani\u00e8re significative le temps de charge des v\u00e9hicules \u00e9lectriques, contribuant ainsi \u00e0 faciliter l\u2019adoption de l\u2019\u00e9lectromobilit\u00e9.<\/p>\n<p><!-- \/zone:zn_text_img [1] --><br \/>\n<!-- zone:zn_text [2] --><\/p>\n<p>Les prises Combo CCS se distinguent par leurs caract\u00e9ristiques uniques qui en font un choix privil\u00e9gi\u00e9 pour la recharge rapide des v\u00e9hicules \u00e9lectriques.<\/p>\n<p>Elles combinent :<\/p>\n<ul>\n<li>sur la partie sup\u00e9rieure un connecteur de type 2 con\u00e7u pour la recharge en courant alternatif \u00e0 domicile ou sur les bornes publiques de faible puissance ;<\/li>\n<li>sur la partie inf\u00e9rieure deux broches suppl\u00e9mentaires d\u00e9di\u00e9es \u00e0 la recharge rapide en courant continu.<\/li>\n<\/ul>\n<p>Cette configuration hybride permet \u00e0 la prise Combo d\u2019\u00eatre <strong>compatible avec deux modes de charge : le courant alternatif (AC) jusqu\u2019\u00e0 43 kW et le courant continu (DC) jusqu\u2019\u00e0 350 kW<\/strong>.<\/p>\n<p>Dans le cas d\u2019une charge ultra-rapide, l\u2019\u00e9lectricit\u00e9 est inject\u00e9e directement dans la batterie du v\u00e9hicule, \u00e9vitant ainsi le passage par le transformateur interne du v\u00e9hicule. De cette mani\u00e8re, <strong>obtenir 80 % d\u2019autonomie \u00e9lectrique prend seulement 20 minutes<\/strong> !<\/p>\n<p>En termes de conception, le Combo CCS se distingue par sa taille plus imposante par rapport \u00e0 d\u2019autres prises de recharge et est muni d\u2019une poign\u00e9e \u00e0 l\u2019extr\u00e9mit\u00e9 du c\u00e2ble pour faciliter son insertion dans le port de recharge du v\u00e9hicule.<\/p>\n<p>\u00c0 lire aussi : <a href=\"https:\/\/chargeplus.totalenergies.com\/fr\/conseils-recharge-electrique\/quelle-prise-pour-recharger-voiture-electrique\/\">Quelle prise pour recharger sa voiture \u00e9lectrique ?<\/a><\/p>\n<p>\t\t\t<!-- \/zone:zn_text [2] --><br \/>\n<!-- zone:zn_text [4] --><\/p>\n<h2 style=\"text-align: center;\">Avantages et inconv\u00e9nients des prises Combo CCS<\/h2>\n<p style=\"text-align: center;\">Bien que les prises Combo CCS disposent de points forts indiscutables, elles pr\u00e9sentent \u00e9galement certains points faibles dont il faut avoir connaissance pour une utilisation optimale.<\/p>\n<table id=\"tablepress-64\" class=\"tablepress tablepress-id-64\">\n<caption style=\"caption-side:bottom;text-align:left;border:none;background:none;margin:0;padding:0;\"><a href=\"https:\/\/chargeplus.totalenergies.com\/wp-admin\/admin.php?page=tablepress&#038;action=edit&#038;table_id=64\" rel=\"nofollow\">Modifier<\/a><\/caption>\n<thead>\n<tr class=\"row-1\">\n<th class=\"column-1\">Avantages<\/th>\n<th class=\"column-2\">Inconv\u00e9nients<\/th>\n<\/tr>\n<\/thead>\n<tbody class=\"row-striping row-hover\">\n<tr class=\"row-2\">\n<td class=\"column-1\"><strong>Recharge rapide<\/strong><br \/>\nLa prise Combo permet de r\u00e9cup\u00e9rer un maximum d\u2019autonomie en un minimum de temps.\n<\/td>\n<td class=\"column-2\"><strong>Co\u00fbt<\/strong><br \/>\nL&rsquo;installation de bornes compatibles Combo CCS repr\u00e9sente un investissement plus \u00e9lev\u00e9 pour les gestionnaires d&rsquo;infrastructures de recharge.\n<\/td>\n<\/tr>\n<tr class=\"row-3\">\n<td class=\"column-1\"><strong>Flexibilit\u00e9<\/strong><br \/>\nUne seule prise est n\u00e9cessaire pour les charges en courant alternatif (AC) et en courant continu (DC).\n<\/td>\n<td class=\"column-2\"><strong>Impact sur la dur\u00e9e de vie des batteries<\/strong><br \/>\nL\u2019utilisation intensive du courant continu alt\u00e8re les batteries \u00e0 cause des surchauffes r\u00e9p\u00e9t\u00e9es.\n<\/td>\n<\/tr>\n<\/tbody>\n<\/table>\n<p>\t\t\t<!-- \/zone:zn_text [4] --><br \/>\n<!-- zone:zn_text [5] --><\/p>\n<h2 style=\"text-align: center;\">Les diff\u00e9rents types de prises Combo<\/h2>\n<p style=\"text-align: center;\">Le syst\u00e8me de charge combin\u00e9 (CCS) a \u00e9t\u00e9 d\u00e9velopp\u00e9 en deux versions afin de pouvoir r\u00e9pondre aux besoins sp\u00e9cifiques des diff\u00e9rents march\u00e9s.<\/p>\n<p>\t\t\t<!-- \/zone:zn_text [5] --><br \/>\n<!-- zone:zn_text [6] --><\/p>\n<h3>Combo CCS 1<\/h3>\n<p>Le Combo CCS1, \u00e9galement appel\u00e9 CCS Combo 1, tol\u00e8re une puissance maximale de 80 kW (ou 400 Volts \u00e0 200 Amp\u00e8res).<\/p>\n<p>Il est <strong>principalement utilis\u00e9 en Am\u00e9rique du Nord<\/strong>, o\u00f9 il est devenu le standard de r\u00e9f\u00e9rence pour la recharge rapide des v\u00e9hicules \u00e9lectriques.<\/p>\n<h3>Combo CCS 2<\/h3>\n<p>Le Combo CCS2, aussi connu sous le nom de CCS Combo 2, est <strong>le mod\u00e8le le plus r\u00e9pandu en Europe<\/strong>, o\u00f9 il a r\u00e9ussi \u00e0 s\u2019imposer comme le choix par d\u00e9faut pour la recharge rapide.<\/p>\n<p>Qu\u2019il s\u2019agisse d\u2019une recharge \u00e0 domicile ou via une borne publique, il peut g\u00e9rer une puissance allant jusqu\u2019\u00e0 350 kW (de 200 \u00e0 1000 Volts \u00e0 500 Amp\u00e8res) et est compatible avec le courant continu, le courant alternatif monophas\u00e9 ainsi que le courant alternatif triphas\u00e9. Il b\u00e9n\u00e9ficie en plus de la <strong>technologie \u00ab Plug and Charge \u00bb, qui assure l\u2019identification automatique du v\u00e9hicule<\/strong> par la borne, simplifiant ainsi la recharge et le paiement.<\/p>\n<p>Solution compl\u00e8te et universelle, le Combo CCS2 devrait sans mal s\u2019imposer dans la plupart des pays du monde.<\/p>\n<p>\u00c0 lire aussi : <a href=\"https:\/\/chargeplus.totalenergies.com\/fr\/conseils-recharge-electrique\/quelle-puissance-recharge-electrique\/\">Quelle puissance pour recharger sa voiture \u00e9lectrique ?<\/a><\/p>\n<p>\t\t\t<!-- \/zone:zn_text [6] --><br \/>\n<!-- zone:zn_text_img [8] --><\/p>\n<h2>Prise Combo CCS : les modalit\u00e9s d\u2019utilisation<\/h2>\n<p>En 2014, la prise Combo est devenue le <strong>standard europ\u00e9en pour la recharge rapide<\/strong>, prenant le dessus sur son concurrent nippon. Suite \u00e0 cette d\u00e9cision, toutes les nouvelles bornes publiques en courant continu install\u00e9es en Europe doivent d\u00e9sormais int\u00e9grer cette technologie.<\/p>\n<p>Les prises Combo sont <strong>pr\u00e9sentes sur les aires d\u2019autoroutes, dans les parkings de centres commerciaux ou des grandes enseignes<\/strong>. Dans ces bornes de recharge rapides, le c\u00e2ble Combo CCS est directement attach\u00e9 \u00e0 la borne et \u00e0 disposition des utilisateurs qui souhaitent faire le plein d\u2019\u00e9nergie en un temps restreint.<\/p>\n<p><!-- \/zone:zn_text_img [8] --><br \/>\n<!-- zone:zn_text [10] --><\/p>\n<h2>Les voitures \u00e9lectriques compatibles avec les prises Combo<\/h2>\n<p>L\u2019immense majorit\u00e9 des<a href=\"https:\/\/chargeplus.totalenergies.com\/fr\/marques-de-voitures\/\"> voitures \u00e9lectriques disponibles sur le march\u00e9<\/a> en France et en Europe sont compatibles avec les prises Combo CCS. Cette norme de recharge rapide en courant continu est devenue une r\u00e9f\u00e9rence, permettant aux v\u00e9hicules \u00e9quip\u00e9s de connecteurs CCS de se recharger aussi bien sur une borne \u00e0 courant alternatif que continu, le tout avec un seul et m\u00eame syst\u00e8me d\u2019accroche.<\/p>\n<p>Plusieurs constructeurs automobiles tels que <a href=\"https:\/\/chargeplus.totalenergies.com\/fr\/marques-de-voitures\/ford\/\">Ford<\/a>, <a href=\"https:\/\/chargeplus.totalenergies.com\/fr\/marques-de-voitures\/audi\/\">Audi<\/a>, <a href=\"https:\/\/chargeplus.totalenergies.com\/fr\/marques-de-voitures\/bmw\/\">BMW<\/a>, <a href=\"https:\/\/chargeplus.totalenergies.com\/fr\/marques-de-voitures\/volkswagen\/\">Volkswagen<\/a> et <a href=\"https:\/\/chargeplus.totalenergies.com\/fr\/marques-de-voitures\/porsche\/\">Porsche<\/a>, qui ont activement particip\u00e9 \u00e0 son d\u00e9veloppement, int\u00e8grent cette technologie dans leurs mod\u00e8les. <a href=\"https:\/\/chargeplus.totalenergies.com\/fr\/marques-de-voitures\/tesla\/\">Tesla<\/a>, <a href=\"https:\/\/chargeplus.totalenergies.com\/fr\/marques-de-voitures\/hyundai\/\">Hyundai<\/a>, <a href=\"https:\/\/chargeplus.totalenergies.com\/fr\/marques-de-voitures\/jaguar\/\">Jaguar<\/a>, <a href=\"https:\/\/chargeplus.totalenergies.com\/fr\/marques-de-voitures\/peugeot\/\">Peugeot<\/a>, <a href=\"https:\/\/chargeplus.totalenergies.com\/fr\/marques-de-voitures\/mercedes\/\">Mercedes<\/a>, <a href=\"https:\/\/chargeplus.totalenergies.com\/fr\/marques-de-voitures\/volvo\/\">Volvo<\/a> et <a href=\"https:\/\/chargeplus.totalenergies.com\/fr\/marques-de-voitures\/opel\/\">Opel<\/a> ont \u00e9galement adopt\u00e9 cette norme. Les premiers v\u00e9hicules \u00e0 avoir \u00e9t\u00e9 \u00e9quip\u00e9s de connecteurs Combo CCS sont la Volkswagen e-Up! et la BMW i3.<\/p>\n<p>Toutefois, il est important de noter que <strong>certains constructeurs japonais comme Mitsubishi et Nissan r\u00e9sistent et continuent d\u2019utiliser la technologie CHAdeMO<\/strong>, bien que ce dernier int\u00e8gre progressivement le connecteur Combo dans ses derniers mod\u00e8les \u00e9lectriques.<\/p>\n<p>\t\t\t<!-- \/zone:zn_text [10] --><br \/>\n<!-- zone:zn_text_img [11] --><\/p>\n<p>Pour les v\u00e9hicules qui ne disposent pas nativement d\u2019un connecteur CCS, des adaptateurs sont disponibles, notamment pour les anciens mod\u00e8les Tesla tels que la Model S et la Model X. Les mod\u00e8les qui ne poss\u00e8dent pas d\u2019adaptateur doivent<strong> recourir \u00e0 l\u2019utilisation d\u2019un bo\u00eetier de conversion<\/strong>. Bien que tr\u00e8s utile pour les \u00e9lectro-conducteurs en qu\u00eate d\u2019un syst\u00e8me de recharge polyvalent et acc\u00e9l\u00e9r\u00e9, cette solution pr\u00e9sente tout de m\u00eame deux inconv\u00e9nients majeurs. Son encombrement la rend peu pratique au quotidien et son co\u00fbt d\u2019acquisition n\u2019est pas accessible \u00e0 tous.<\/p>\n<p>En somme,<strong> si vous envisagez l\u2019achat d\u2019une voiture \u00e9lectrique, assurez-vous qu\u2019elle soit \u00e9quip\u00e9e d\u2019une prise Combo CCS<\/strong> pour faciliter vos sessions de recharge, que ce soit \u00e0 domicile ou sur n\u2019importe quelle borne de recharge.<\/p>\n<p><!-- \/zone:zn_text_img [11] -->\n<\/div>\n","protected":false},"excerpt":{"rendered":"<p>La prise Combo CCS, ou \u00ab Combined Charging System \u00bb, est le r\u00e9sultat d\u2019une collaboration fructueuse entre sept grands constructeurs automobiles europ\u00e9ens et am\u00e9ricains, \u00e0 savoir General Motors, Ford, Audi, [&hellip;]<\/p>\n","protected":false},"author":3,"featured_media":2182,"parent":445,"menu_order":0,"comment_status":"closed","ping_status":"closed","template":"","meta":{"_acf_changed":false,"footnotes":""},"class_list":["post-2176","page","type-page","status-publish","has-post-thumbnail","hentry","wp-sticky"],"acf":[],"yoast_head":"<!-- This site is optimized with the Yoast SEO plugin v27.4 - https:\/\/yoast.com\/product\/yoast-seo-wordpress\/ -->\n<title>Prise Combo CCS \u00e9lectrique - tout savoir sur cette prise de recharge | Charge+<\/title>\n<meta name=\"description\" content=\"Caract\u00e9ristiques, type de charge, compatibilit\u00e9 des v\u00e9hicules : Charge+ vous d\u00e9voile toutes les infos utiles \u00e0 conna\u00eetre pour utiliser les prises Combo CCS.\" \/>\n<meta name=\"robots\" content=\"index, follow, max-snippet:-1, max-image-preview:large, max-video-preview:-1\" \/>\n<link rel=\"canonical\" href=\"https:\/\/chargeplus.totalenergies.com\/fr\/conseils-recharge-electrique\/prise-combo-ccs\/\" \/>\n<meta property=\"og:locale\" content=\"fr_FR\" \/>\n<meta property=\"og:type\" content=\"article\" \/>\n<meta property=\"og:title\" content=\"Prise Combo CCS \u00e9lectrique - tout savoir sur cette prise de recharge | Charge+\" \/>\n<meta property=\"og:description\" content=\"Caract\u00e9ristiques, type de charge, compatibilit\u00e9 des v\u00e9hicules : Charge+ vous d\u00e9voile toutes les infos utiles \u00e0 conna\u00eetre pour utiliser les prises Combo CCS.\" \/>\n<meta property=\"og:url\" content=\"https:\/\/chargeplus.totalenergies.com\/fr\/conseils-recharge-electrique\/prise-combo-ccs\/\" \/>\n<meta property=\"og:site_name\" content=\"Charge+\" \/>\n<meta property=\"article:modified_time\" content=\"2025-01-02T15:49:11+00:00\" \/>\n<meta property=\"og:image\" content=\"https:\/\/chargeplus.totalenergies.com\/wp-inside\/uploads\/2023\/10\/prise-combo-ccs-recharge-voitures-electriques.jpg\" \/>\n\t<meta property=\"og:image:width\" content=\"1980\" \/>\n\t<meta property=\"og:image:height\" content=\"1321\" \/>\n\t<meta property=\"og:image:type\" content=\"image\/jpeg\" \/>\n<meta name=\"twitter:card\" content=\"summary_large_image\" \/>\n<meta name=\"twitter:label1\" content=\"Dur\u00e9e de lecture estim\u00e9e\" \/>\n\t<meta name=\"twitter:data1\" content=\"5 minutes\" \/>\n<script type=\"application\/ld+json\" class=\"yoast-schema-graph\">{\"@context\":\"https:\\\/\\\/schema.org\",\"@graph\":[{\"@type\":\"WebPage\",\"@id\":\"https:\\\/\\\/chargeplus.totalenergies.com\\\/fr\\\/conseils-recharge-electrique\\\/prise-combo-ccs\\\/\",\"url\":\"https:\\\/\\\/chargeplus.totalenergies.com\\\/fr\\\/conseils-recharge-electrique\\\/prise-combo-ccs\\\/\",\"name\":\"Prise Combo CCS \u00e9lectrique - tout savoir sur cette prise de recharge\",\"isPartOf\":{\"@id\":\"https:\\\/\\\/chargeplus.totalenergies.com\\\/fr\\\/#website\"},\"primaryImageOfPage\":{\"@id\":\"https:\\\/\\\/chargeplus.totalenergies.com\\\/fr\\\/conseils-recharge-electrique\\\/prise-combo-ccs\\\/#primaryimage\"},\"image\":{\"@id\":\"https:\\\/\\\/chargeplus.totalenergies.com\\\/fr\\\/conseils-recharge-electrique\\\/prise-combo-ccs\\\/#primaryimage\"},\"thumbnailUrl\":\"https:\\\/\\\/chargeplus.totalenergies.com\\\/wp-inside\\\/uploads\\\/2023\\\/10\\\/prise-combo-ccs-recharge-voitures-electriques.jpg\",\"datePublished\":\"2023-10-02T13:18:19+00:00\",\"dateModified\":\"2025-01-02T15:49:11+00:00\",\"description\":\"Caract\u00e9ristiques, type de charge, compatibilit\u00e9 des v\u00e9hicules : Charge+ vous d\u00e9voile toutes les infos utiles \u00e0 conna\u00eetre pour utiliser les prises Combo CCS.\",\"breadcrumb\":{\"@id\":\"https:\\\/\\\/chargeplus.totalenergies.com\\\/fr\\\/conseils-recharge-electrique\\\/prise-combo-ccs\\\/#breadcrumb\"},\"inLanguage\":\"fr-FR\",\"potentialAction\":[{\"@type\":\"ReadAction\",\"target\":[\"https:\\\/\\\/chargeplus.totalenergies.com\\\/fr\\\/conseils-recharge-electrique\\\/prise-combo-ccs\\\/\"]}]},{\"@type\":\"ImageObject\",\"inLanguage\":\"fr-FR\",\"@id\":\"https:\\\/\\\/chargeplus.totalenergies.com\\\/fr\\\/conseils-recharge-electrique\\\/prise-combo-ccs\\\/#primaryimage\",\"url\":\"https:\\\/\\\/chargeplus.totalenergies.com\\\/wp-inside\\\/uploads\\\/2023\\\/10\\\/prise-combo-ccs-recharge-voitures-electriques.jpg\",\"contentUrl\":\"https:\\\/\\\/chargeplus.totalenergies.com\\\/wp-inside\\\/uploads\\\/2023\\\/10\\\/prise-combo-ccs-recharge-voitures-electriques.jpg\",\"width\":1980,\"height\":1321,\"caption\":\"La prise Combo CCS pour recharger rapidement les voitures \u00e9lectriques\"},{\"@type\":\"BreadcrumbList\",\"@id\":\"https:\\\/\\\/chargeplus.totalenergies.com\\\/fr\\\/conseils-recharge-electrique\\\/prise-combo-ccs\\\/#breadcrumb\",\"itemListElement\":[{\"@type\":\"ListItem\",\"position\":1,\"name\":\"Accueil\",\"item\":\"https:\\\/\\\/chargeplus.totalenergies.com\\\/fr\\\/\"},{\"@type\":\"ListItem\",\"position\":2,\"name\":\"Voiture \u00e9lectrique&#160;: nos conseils sur la recharge\",\"item\":\"https:\\\/\\\/chargeplus.totalenergies.com\\\/fr\\\/conseils-recharge-electrique\\\/\"},{\"@type\":\"ListItem\",\"position\":3,\"name\":\"Prise Combo CCS CCS 1 ou CCS2\"}]},{\"@type\":\"WebSite\",\"@id\":\"https:\\\/\\\/chargeplus.totalenergies.com\\\/fr\\\/#website\",\"url\":\"https:\\\/\\\/chargeplus.totalenergies.com\\\/fr\\\/\",\"name\":\"Charge+\",\"description\":\"Voiture \u00e9lectrique : le guide pratique de la recharge\",\"publisher\":{\"@id\":\"https:\\\/\\\/chargeplus.totalenergies.com\\\/fr\\\/#organization\"},\"potentialAction\":[{\"@type\":\"SearchAction\",\"target\":{\"@type\":\"EntryPoint\",\"urlTemplate\":\"https:\\\/\\\/chargeplus.totalenergies.com\\\/fr\\\/?s={search_term_string}\"},\"query-input\":{\"@type\":\"PropertyValueSpecification\",\"valueRequired\":true,\"valueName\":\"search_term_string\"}}],\"inLanguage\":\"fr-FR\"},{\"@type\":\"Organization\",\"@id\":\"https:\\\/\\\/chargeplus.totalenergies.com\\\/fr\\\/#organization\",\"name\":\"Charge+\",\"url\":\"https:\\\/\\\/chargeplus.totalenergies.com\\\/fr\\\/\",\"logo\":{\"@type\":\"ImageObject\",\"inLanguage\":\"fr-FR\",\"@id\":\"https:\\\/\\\/chargeplus.totalenergies.com\\\/fr\\\/#\\\/schema\\\/logo\\\/image\\\/\",\"url\":\"https:\\\/\\\/chargeplus.totalenergies.com\\\/wp-inside\\\/uploads\\\/2023\\\/07\\\/logo-borne-recharge.jpg\",\"contentUrl\":\"https:\\\/\\\/chargeplus.totalenergies.com\\\/wp-inside\\\/uploads\\\/2023\\\/07\\\/logo-borne-recharge.jpg\",\"width\":150,\"height\":150,\"caption\":\"Charge+\"},\"image\":{\"@id\":\"https:\\\/\\\/chargeplus.totalenergies.com\\\/fr\\\/#\\\/schema\\\/logo\\\/image\\\/\"}}]}<\/script>\n<!-- \/ Yoast SEO plugin. -->","yoast_head_json":{"title":"Prise Combo CCS \u00e9lectrique - tout savoir sur cette prise de recharge | Charge+","description":"Caract\u00e9ristiques, type de charge, compatibilit\u00e9 des v\u00e9hicules : Charge+ vous d\u00e9voile toutes les infos utiles \u00e0 conna\u00eetre pour utiliser les prises Combo CCS.","robots":{"index":"index","follow":"follow","max-snippet":"max-snippet:-1","max-image-preview":"max-image-preview:large","max-video-preview":"max-video-preview:-1"},"canonical":"https:\/\/chargeplus.totalenergies.com\/fr\/conseils-recharge-electrique\/prise-combo-ccs\/","og_locale":"fr_FR","og_type":"article","og_title":"Prise Combo CCS \u00e9lectrique - tout savoir sur cette prise de recharge | Charge+","og_description":"Caract\u00e9ristiques, type de charge, compatibilit\u00e9 des v\u00e9hicules : Charge+ vous d\u00e9voile toutes les infos utiles \u00e0 conna\u00eetre pour utiliser les prises Combo CCS.","og_url":"https:\/\/chargeplus.totalenergies.com\/fr\/conseils-recharge-electrique\/prise-combo-ccs\/","og_site_name":"Charge+","article_modified_time":"2025-01-02T15:49:11+00:00","og_image":[{"width":1980,"height":1321,"url":"https:\/\/chargeplus.totalenergies.com\/wp-inside\/uploads\/2023\/10\/prise-combo-ccs-recharge-voitures-electriques.jpg","type":"image\/jpeg"}],"twitter_card":"summary_large_image","twitter_misc":{"Dur\u00e9e de lecture estim\u00e9e":"5 minutes"},"schema":{"@context":"https:\/\/schema.org","@graph":[{"@type":"WebPage","@id":"https:\/\/chargeplus.totalenergies.com\/fr\/conseils-recharge-electrique\/prise-combo-ccs\/","url":"https:\/\/chargeplus.totalenergies.com\/fr\/conseils-recharge-electrique\/prise-combo-ccs\/","name":"Prise Combo CCS \u00e9lectrique - tout savoir sur cette prise de recharge","isPartOf":{"@id":"https:\/\/chargeplus.totalenergies.com\/fr\/#website"},"primaryImageOfPage":{"@id":"https:\/\/chargeplus.totalenergies.com\/fr\/conseils-recharge-electrique\/prise-combo-ccs\/#primaryimage"},"image":{"@id":"https:\/\/chargeplus.totalenergies.com\/fr\/conseils-recharge-electrique\/prise-combo-ccs\/#primaryimage"},"thumbnailUrl":"https:\/\/chargeplus.totalenergies.com\/wp-inside\/uploads\/2023\/10\/prise-combo-ccs-recharge-voitures-electriques.jpg","datePublished":"2023-10-02T13:18:19+00:00","dateModified":"2025-01-02T15:49:11+00:00","description":"Caract\u00e9ristiques, type de charge, compatibilit\u00e9 des v\u00e9hicules : Charge+ vous d\u00e9voile toutes les infos utiles \u00e0 conna\u00eetre pour utiliser les prises Combo CCS.","breadcrumb":{"@id":"https:\/\/chargeplus.totalenergies.com\/fr\/conseils-recharge-electrique\/prise-combo-ccs\/#breadcrumb"},"inLanguage":"fr-FR","potentialAction":[{"@type":"ReadAction","target":["https:\/\/chargeplus.totalenergies.com\/fr\/conseils-recharge-electrique\/prise-combo-ccs\/"]}]},{"@type":"ImageObject","inLanguage":"fr-FR","@id":"https:\/\/chargeplus.totalenergies.com\/fr\/conseils-recharge-electrique\/prise-combo-ccs\/#primaryimage","url":"https:\/\/chargeplus.totalenergies.com\/wp-inside\/uploads\/2023\/10\/prise-combo-ccs-recharge-voitures-electriques.jpg","contentUrl":"https:\/\/chargeplus.totalenergies.com\/wp-inside\/uploads\/2023\/10\/prise-combo-ccs-recharge-voitures-electriques.jpg","width":1980,"height":1321,"caption":"La prise Combo CCS pour recharger rapidement les voitures \u00e9lectriques"},{"@type":"BreadcrumbList","@id":"https:\/\/chargeplus.totalenergies.com\/fr\/conseils-recharge-electrique\/prise-combo-ccs\/#breadcrumb","itemListElement":[{"@type":"ListItem","position":1,"name":"Accueil","item":"https:\/\/chargeplus.totalenergies.com\/fr\/"},{"@type":"ListItem","position":2,"name":"Voiture \u00e9lectrique&#160;: nos conseils sur la recharge","item":"https:\/\/chargeplus.totalenergies.com\/fr\/conseils-recharge-electrique\/"},{"@type":"ListItem","position":3,"name":"Prise Combo CCS CCS 1 ou CCS2"}]},{"@type":"WebSite","@id":"https:\/\/chargeplus.totalenergies.com\/fr\/#website","url":"https:\/\/chargeplus.totalenergies.com\/fr\/","name":"Charge+","description":"Voiture \u00e9lectrique : le guide pratique de la recharge","publisher":{"@id":"https:\/\/chargeplus.totalenergies.com\/fr\/#organization"},"potentialAction":[{"@type":"SearchAction","target":{"@type":"EntryPoint","urlTemplate":"https:\/\/chargeplus.totalenergies.com\/fr\/?s={search_term_string}"},"query-input":{"@type":"PropertyValueSpecification","valueRequired":true,"valueName":"search_term_string"}}],"inLanguage":"fr-FR"},{"@type":"Organization","@id":"https:\/\/chargeplus.totalenergies.com\/fr\/#organization","name":"Charge+","url":"https:\/\/chargeplus.totalenergies.com\/fr\/","logo":{"@type":"ImageObject","inLanguage":"fr-FR","@id":"https:\/\/chargeplus.totalenergies.com\/fr\/#\/schema\/logo\/image\/","url":"https:\/\/chargeplus.totalenergies.com\/wp-inside\/uploads\/2023\/07\/logo-borne-recharge.jpg","contentUrl":"https:\/\/chargeplus.totalenergies.com\/wp-inside\/uploads\/2023\/07\/logo-borne-recharge.jpg","width":150,"height":150,"caption":"Charge+"},"image":{"@id":"https:\/\/chargeplus.totalenergies.com\/fr\/#\/schema\/logo\/image\/"}}]}},"_links":{"self":[{"href":"https:\/\/chargeplus.totalenergies.com\/fr\/wp-json\/wp\/v2\/pages\/2176","targetHints":{"allow":["GET"]}}],"collection":[{"href":"https:\/\/chargeplus.totalenergies.com\/fr\/wp-json\/wp\/v2\/pages"}],"about":[{"href":"https:\/\/chargeplus.totalenergies.com\/fr\/wp-json\/wp\/v2\/types\/page"}],"author":[{"embeddable":true,"href":"https:\/\/chargeplus.totalenergies.com\/fr\/wp-json\/wp\/v2\/users\/3"}],"replies":[{"embeddable":true,"href":"https:\/\/chargeplus.totalenergies.com\/fr\/wp-json\/wp\/v2\/comments?post=2176"}],"version-history":[{"count":19,"href":"https:\/\/chargeplus.totalenergies.com\/fr\/wp-json\/wp\/v2\/pages\/2176\/revisions"}],"predecessor-version":[{"id":3620,"href":"https:\/\/chargeplus.totalenergies.com\/fr\/wp-json\/wp\/v2\/pages\/2176\/revisions\/3620"}],"up":[{"embeddable":true,"href":"https:\/\/chargeplus.totalenergies.com\/fr\/wp-json\/wp\/v2\/pages\/445"}],"wp:featuredmedia":[{"embeddable":true,"href":"https:\/\/chargeplus.totalenergies.com\/fr\/wp-json\/wp\/v2\/media\/2182"}],"wp:attachment":[{"href":"https:\/\/chargeplus.totalenergies.com\/fr\/wp-json\/wp\/v2\/media?parent=2176"}],"curies":[{"name":"wp","href":"https:\/\/api.w.org\/{rel}","templated":true}]}}