{"id":2214,"date":"2023-10-02T15:18:18","date_gmt":"2023-10-02T13:18:18","guid":{"rendered":"https:\/\/chargeplus.totalenergies.com\/?page_id=2214"},"modified":"2025-03-19T14:52:52","modified_gmt":"2025-03-19T13:52:52","slug":"prise-type2","status":"publish","type":"page","link":"https:\/\/chargeplus.totalenergies.com\/fr\/conseils-recharge-electrique\/prise-type2\/","title":{"rendered":"Prise de Type 2 ou Mennekes"},"content":{"rendered":"<div class=\"wp-post-content\"><!-- zone:zn_pagebanner [0] --><br \/>\n\t\t<!-- \/zone:zn_pagebanner [0] --><br \/>\n<!-- zone:zn_text_img [1] --><\/p>\n<h2>Qu\u2019est-ce que la prise de recharge de Type 2 ?<\/h2>\n<p>L\u2019engouement grandissant pour les v\u00e9hicules \u00e9lectriques, les constructeurs ont rapidement compris que la recharge sur simple prise domestique de 10 A (soit 2,3 kW) ne pourrait pas r\u00e9pondre aux besoins des automobilistes. Pour atteindre de meilleures performances de recharge, d\u2019autres solutions devaient voir le jour. Chacun de leur c\u00f4t\u00e9, les fabricants ont ainsi mis au point diff\u00e9rents <a href=\"https:\/\/chargeplus.totalenergies.com\/fr\/trouver-borne-recharge\/types-de-prises\/\">types de prises<\/a>.<\/p>\n<p>D\u00e9velopp\u00e9e en 2009 par l\u2019entreprise allemande Mennekes, dont elle tire son nom, <strong>la prise de Type 2 s\u2019est peu \u00e0 peu impos\u00e9e sur le march\u00e9 europ\u00e9en<\/strong>. Longtemps en concurrence avec la <a href=\"https:\/\/chargeplus.totalenergies.com\/fr\/conseils-recharge-electrique\/prise-type-3\/\">prise de Type 3<\/a>, la Mennekes a fini par \u00eatre d\u00e9sign\u00e9e en 2013 standard officiel pour \u00e9quiper la totalit\u00e9 du parc \u00e9lectrique europ\u00e9en. D\u2019ici 2025, <strong>l\u2019ensemble des voitures \u00e9lectriques et des bornes de recharge devront ainsi \u00eatre dot\u00e9es du connecteur Type 2<\/strong>. Si la majorit\u00e9 des constructeurs de v\u00e9hicules se conforment d\u00e9j\u00e0 \u00e0 ces dispositions, les infrastructures de recharge, en revanche, sont encore loin d\u2019\u00eatre toutes compatibles avec la prise T2.<\/p>\n<p><!-- \/zone:zn_text_img [1] --><br \/>\n<!-- zone:zn_text [2] --><\/p>\n<h2 style=\"text-align: center;\">Quelles sont les caract\u00e9ristiques de la prise Mennekes ?<\/h2>\n<p style=\"text-align: center;\">Robuste sans \u00eatre encombrante, la prise de Type 2 est munie d\u2019un<strong> connecteur \u00e0 7 broches<\/strong> et peut adopter trois configurations diff\u00e9rentes. Dans les faits, une seule forme est utilis\u00e9e en Europe : celle comprenant trois phases, une broche neutre, une prise de terre et deux contr\u00f4les appel\u00e9s Proximity Pilot et Control Pilot. Cette configuration permet de r\u00e9pondre \u00e0 la plupart des usages courants et d\u2019acc\u00e9der \u00e0 <strong>diff\u00e9rentes puissances de charge en courant alternatif monophas\u00e9 ou triphas\u00e9<\/strong>.<\/p>\n<p style=\"text-align: center;\">Les deux contr\u00f4les int\u00e9gr\u00e9s au connecteur permettent, quant \u00e0 eux, d\u2019optimiser la recharge \u00e9lectrique en assurant la communication entre le v\u00e9hicule et la source d\u2019\u00e9nergie. On appelle ce protocole bien particulier la <strong>recharge intelligente<\/strong> : une solution qui exploite tout un ensemble de donn\u00e9es pour offrir des fonctionnalit\u00e9s de gestion de charge tr\u00e8s avanc\u00e9es.<\/p>\n<p style=\"text-align: center;\"><strong>\u00c0 lire aussi<\/strong> : <a href=\"https:\/\/chargeplus.totalenergies.com\/fr\/conseils-recharge-electrique\/benefice-equilibrage-dynamique\/\">Voiture \u00e9lectrique : les b\u00e9n\u00e9fices de l\u2019\u00e9quilibrage dynamique<\/a><\/p>\n<p>\t\t\t<!-- \/zone:zn_text [2] --><br \/>\n<!-- zone:zn_text [4] --><\/p>\n<h2 style=\"text-align: center;\">Quel type de charge propose la prise T2 ?<\/h2>\n<p style=\"text-align: center;\">Tr\u00e8s polyvalente gr\u00e2ce \u00e0 sa configuration, la prise de Type 2 peut supporter <strong>une large gamme de puissances de charge, jusqu\u2019\u00e0 43 kW<\/strong> en courant alternatif.<\/p>\n<p>\t\t\t<!-- \/zone:zn_text [4] --><br \/>\n<!-- zone:zn_text [5] --><\/p>\n<h3>Une recharge lente \u00e0 acc\u00e9l\u00e9r\u00e9e<\/h3>\n<p>La prise de Type 2 peut \u00eatre utilis\u00e9e sur un r\u00e9seau \u00e9lectrique r\u00e9sidentiel, pour une recharge lente \u00e0 normale, ou sur des infrastructures publiques permettant une recharge normale \u00e0 acc\u00e9l\u00e9r\u00e9e. Sur une simple prise domestique (\u00e0 la maison ou en copropri\u00e9t\u00e9), le connecteur n\u2019utilisera qu\u2019une seule de ses phases et la puissance d\u00e9livr\u00e9e sera comprise entre 2,3 kW et 3,7 kW (selon si l\u2019amp\u00e9rage est de 10 A ou 16 A).<\/p>\n<p>Concernant la sortie d\u2019<a href=\"https:\/\/www.totalenergies.fr\/particuliers\/recharge-voiture-electrique\/borne-intelligente\">une borne TotalEnergies<\/a>, la Mennekes d\u00e9livrera une puissance de charge pouvant aller<strong> jusqu\u2019\u00e0 7,4 kW en courant monophas\u00e9<\/strong> et de <strong>11 \u00e0 22 kW en courant triphas<\/strong>\u00e9. Sur une borne publique de recharge acc\u00e9l\u00e9r\u00e9e, la prise de Type 2 pourra fournir <strong>jusqu\u2019\u00e0 43 kW en courant triphas\u00e9<\/strong>.<\/p>\n<h3>Une extension pour la recharge rapide<\/h3>\n<p>Dans sa configuration standard sur le continent europ\u00e9en, la prise pour voiture \u00e9lectrique de Type 2 fonctionne donc sur le courant alternatif et ne permet pas, en principe, d\u2019acc\u00e9der \u00e0 la recharge en courant continu. Seule exception \u00e0 l\u2019heure actuelle : <a href=\"https:\/\/chargeplus.totalenergies.com\/fr\/marques-de-voitures\/tesla\/\">Tesla<\/a>, qui a mis au point quelques modifications sur le connecteur pour lui permettre de supporter les 120 kW d\u00e9livr\u00e9s par ses superchargeurs, tout en restant compatible avec les bornes \u00e9lectriques de moindre puissance. En dehors de ce cas sp\u00e9cifique, l\u2019Union europ\u00e9enne a pr\u00e9f\u00e9r\u00e9 opter pour une <strong>\u00e9volution de la prise T2 pour la rendre compatible avec la recharge rapide<\/strong> en courant continu. Ajout\u00e9es au connecteur, deux broches permettent de convertir le courant alternatif en courant continu avant son transfert \u00e0 la batterie. Baptis\u00e9 Combo CCS (Combined Charging System), ce syst\u00e8me permet ainsi de profiter de modes de recharge \u00e0 puissance \u00e9lev\u00e9e (jusqu\u2019\u00e0 350 kW).<\/p>\n<p><strong>\u00c0 lire aussi<\/strong> : <a href=\"https:\/\/chargeplus.totalenergies.com\/fr\/conseils-recharge-electrique\/quelle-puissance-recharge-electrique\/\">Quelle puissance pour recharger sa voiture \u00e9lectrique ?<\/a><\/p>\n<p>\t\t\t<!-- \/zone:zn_text [5] --><br \/>\n<!-- zone:zn_text_img [7] --><\/p>\n<h2>Quelles bornes de recharge sont \u00e9quip\u00e9es du connecteur Type 2 ?<\/h2>\n<p>Norme europ\u00e9enne oblige, <strong>de nombreuses bornes de recharge \u00e0 domicile et infrastructures publiques sont d\u00e9j\u00e0 dot\u00e9es de la prise Mennekes<\/strong>. Pour recharger sa batterie, il suffit de se munir d\u2019un c\u00e2ble de recharge adapt\u00e9, fourni le plus souvent lors de l\u2019achat du v\u00e9hicule \u00e9lectrique. En effet, seules les stations de recharge rapide disposent du c\u00e2ble directement rattach\u00e9 \u00e0 la borne.<\/p>\n<p>Pour les infrastructures disposant de connecteurs diff\u00e9rents (comme les prises de Type 3, tr\u00e8s r\u00e9pandues \u00e0 une certaine \u00e9poque), il est tout \u00e0 fait possible d\u2019utiliser un <strong>adaptateur<\/strong> en attendant que toutes les bornes se conforment au standard en vigueur.<\/p>\n<p><a class=\"button\" href=\"https:\/\/chargeplus.totalenergies.com\/fr\/trouver-borne-recharge\/\">Trouver une borne de recharge<\/a><\/p>\n<p><!-- \/zone:zn_text_img [7] --><br \/>\n<!-- zone:zn_text [9] --><\/p>\n<h2>Quels v\u00e9hicules sont compatibles avec la prise de Type 2\u00a0?<\/h2>\n<p>La plupart des<a href=\"https:\/\/chargeplus.totalenergies.com\/fr\/marques-de-voitures\/\"> mod\u00e8les de voitures \u00e9lectriques<\/a> et hybrides rechargeables r\u00e9cemment commercialis\u00e9s en Europe sont munis d\u2019une prise Mennekes. Certains v\u00e9hicules exclusivement destin\u00e9s au march\u00e9 asiatique ou am\u00e9ricain le sont \u00e9galement. Parmi les plus courants en circulation, on peut notamment citer les mod\u00e8les suivants :<\/p>\n<ul>\n<li>l\u2019<a href=\"https:\/\/chargeplus.totalenergies.com\/fr\/marques-de-voitures\/opel\/\">Opel<\/a> Corsa-e ;<\/li>\n<li>la <a href=\"https:\/\/chargeplus.totalenergies.com\/fr\/marques-de-voitures\/renault\/\">Renault<\/a> Zo\u00e9 ;<\/li>\n<li>la <a href=\"https:\/\/chargeplus.totalenergies.com\/fr\/marques-de-voitures\/peugeot\/\">Peugeot<\/a> e-208 ;<\/li>\n<li>la <a href=\"https:\/\/chargeplus.totalenergies.com\/fr\/marques-de-voitures\/nissan\/\">Nissan<\/a> Leaf ;<\/li>\n<li>les <a href=\"https:\/\/chargeplus.totalenergies.com\/fr\/marques-de-voitures\/volkswagen\/\">Volkswagen<\/a> ID.3 et ID.4<\/li>\n<li>la <a href=\"https:\/\/chargeplus.totalenergies.com\/fr\/marques-de-voitures\/bmw\/\">BMW<\/a> i3 ;<\/li>\n<li>la <a href=\"https:\/\/chargeplus.totalenergies.com\/fr\/marques-de-voitures\/jaguar\/\">Jaguar<\/a> i-Pace ;<\/li>\n<li>l\u2019ensemble des mod\u00e8les <a href=\"https:\/\/chargeplus.totalenergies.com\/fr\/marques-de-voitures\/smart\/\">Smart<\/a> ;<\/li>\n<li>l\u2019ensemble des mod\u00e8les Tesla.<\/li>\n<\/ul>\n<p>\t\t\t<!-- \/zone:zn_text [9] -->\n<\/div>\n","protected":false},"excerpt":{"rendered":"<p>Qu\u2019est-ce que la prise de recharge de Type 2 ? L\u2019engouement grandissant pour les v\u00e9hicules \u00e9lectriques, les constructeurs ont rapidement compris que la recharge sur simple prise domestique de 10 [&hellip;]<\/p>\n","protected":false},"author":3,"featured_media":2205,"parent":445,"menu_order":0,"comment_status":"closed","ping_status":"closed","template":"","meta":{"_acf_changed":false,"footnotes":""},"class_list":["post-2214","page","type-page","status-publish","has-post-thumbnail","hentry","wp-sticky"],"acf":[],"yoast_head":"<!-- This site is optimized with the Yoast SEO plugin v27.4 - https:\/\/yoast.com\/product\/yoast-seo-wordpress\/ -->\n<title>Prise Type 2 : la r\u00e9f\u00e9rence pour une recharge optimale | Charge+<\/title>\n<meta name=\"description\" content=\"Offrant une simplicit\u00e9 et une polyvalence in\u00e9gal\u00e9es, la prise de Type 2 est rapidement devenue incontournable sur le march\u00e9 europ\u00e9en. D\u00e9cryptage.\" \/>\n<meta name=\"robots\" content=\"index, follow, max-snippet:-1, max-image-preview:large, max-video-preview:-1\" \/>\n<link rel=\"canonical\" href=\"https:\/\/chargeplus.totalenergies.com\/fr\/conseils-recharge-electrique\/prise-type2\/\" \/>\n<meta property=\"og:locale\" content=\"fr_FR\" \/>\n<meta property=\"og:type\" content=\"article\" \/>\n<meta property=\"og:title\" content=\"Prise Type 2 : la r\u00e9f\u00e9rence pour une recharge optimale | Charge+\" \/>\n<meta property=\"og:description\" content=\"Offrant une simplicit\u00e9 et une polyvalence in\u00e9gal\u00e9es, la prise de Type 2 est rapidement devenue incontournable sur le march\u00e9 europ\u00e9en. D\u00e9cryptage.\" \/>\n<meta property=\"og:url\" content=\"https:\/\/chargeplus.totalenergies.com\/fr\/conseils-recharge-electrique\/prise-type2\/\" \/>\n<meta property=\"og:site_name\" content=\"Charge+\" \/>\n<meta property=\"article:modified_time\" content=\"2025-03-19T13:52:52+00:00\" \/>\n<meta property=\"og:image\" content=\"https:\/\/chargeplus.totalenergies.com\/wp-inside\/uploads\/2023\/10\/prise-type-2.jpg\" \/>\n\t<meta property=\"og:image:width\" content=\"1980\" \/>\n\t<meta property=\"og:image:height\" content=\"1320\" \/>\n\t<meta property=\"og:image:type\" content=\"image\/jpeg\" \/>\n<meta name=\"twitter:card\" content=\"summary_large_image\" \/>\n<meta name=\"twitter:label1\" content=\"Dur\u00e9e de lecture estim\u00e9e\" \/>\n\t<meta name=\"twitter:data1\" content=\"4 minutes\" \/>\n<script type=\"application\/ld+json\" class=\"yoast-schema-graph\">{\"@context\":\"https:\\\/\\\/schema.org\",\"@graph\":[{\"@type\":\"WebPage\",\"@id\":\"https:\\\/\\\/chargeplus.totalenergies.com\\\/fr\\\/conseils-recharge-electrique\\\/prise-type2\\\/\",\"url\":\"https:\\\/\\\/chargeplus.totalenergies.com\\\/fr\\\/conseils-recharge-electrique\\\/prise-type2\\\/\",\"name\":\"Prise Type 2 : la r\u00e9f\u00e9rence pour une recharge optimale\",\"isPartOf\":{\"@id\":\"https:\\\/\\\/chargeplus.totalenergies.com\\\/fr\\\/#website\"},\"primaryImageOfPage\":{\"@id\":\"https:\\\/\\\/chargeplus.totalenergies.com\\\/fr\\\/conseils-recharge-electrique\\\/prise-type2\\\/#primaryimage\"},\"image\":{\"@id\":\"https:\\\/\\\/chargeplus.totalenergies.com\\\/fr\\\/conseils-recharge-electrique\\\/prise-type2\\\/#primaryimage\"},\"thumbnailUrl\":\"https:\\\/\\\/chargeplus.totalenergies.com\\\/wp-inside\\\/uploads\\\/2023\\\/10\\\/prise-type-2.jpg\",\"datePublished\":\"2023-10-02T13:18:18+00:00\",\"dateModified\":\"2025-03-19T13:52:52+00:00\",\"description\":\"Offrant une simplicit\u00e9 et une polyvalence in\u00e9gal\u00e9es, la prise de Type 2 est rapidement devenue incontournable sur le march\u00e9 europ\u00e9en. D\u00e9cryptage.\",\"breadcrumb\":{\"@id\":\"https:\\\/\\\/chargeplus.totalenergies.com\\\/fr\\\/conseils-recharge-electrique\\\/prise-type2\\\/#breadcrumb\"},\"inLanguage\":\"fr-FR\",\"potentialAction\":[{\"@type\":\"ReadAction\",\"target\":[\"https:\\\/\\\/chargeplus.totalenergies.com\\\/fr\\\/conseils-recharge-electrique\\\/prise-type2\\\/\"]}]},{\"@type\":\"ImageObject\",\"inLanguage\":\"fr-FR\",\"@id\":\"https:\\\/\\\/chargeplus.totalenergies.com\\\/fr\\\/conseils-recharge-electrique\\\/prise-type2\\\/#primaryimage\",\"url\":\"https:\\\/\\\/chargeplus.totalenergies.com\\\/wp-inside\\\/uploads\\\/2023\\\/10\\\/prise-type-2.jpg\",\"contentUrl\":\"https:\\\/\\\/chargeplus.totalenergies.com\\\/wp-inside\\\/uploads\\\/2023\\\/10\\\/prise-type-2.jpg\",\"width\":1980,\"height\":1320,\"caption\":\"prise type 2\"},{\"@type\":\"BreadcrumbList\",\"@id\":\"https:\\\/\\\/chargeplus.totalenergies.com\\\/fr\\\/conseils-recharge-electrique\\\/prise-type2\\\/#breadcrumb\",\"itemListElement\":[{\"@type\":\"ListItem\",\"position\":1,\"name\":\"Accueil\",\"item\":\"https:\\\/\\\/chargeplus.totalenergies.com\\\/fr\\\/\"},{\"@type\":\"ListItem\",\"position\":2,\"name\":\"Voiture \u00e9lectrique&#160;: nos conseils sur la recharge\",\"item\":\"https:\\\/\\\/chargeplus.totalenergies.com\\\/fr\\\/conseils-recharge-electrique\\\/\"},{\"@type\":\"ListItem\",\"position\":3,\"name\":\"Prise de Type 2 ou Mennekes\"}]},{\"@type\":\"WebSite\",\"@id\":\"https:\\\/\\\/chargeplus.totalenergies.com\\\/fr\\\/#website\",\"url\":\"https:\\\/\\\/chargeplus.totalenergies.com\\\/fr\\\/\",\"name\":\"Charge+\",\"description\":\"Voiture \u00e9lectrique : le guide pratique de la recharge\",\"publisher\":{\"@id\":\"https:\\\/\\\/chargeplus.totalenergies.com\\\/fr\\\/#organization\"},\"potentialAction\":[{\"@type\":\"SearchAction\",\"target\":{\"@type\":\"EntryPoint\",\"urlTemplate\":\"https:\\\/\\\/chargeplus.totalenergies.com\\\/fr\\\/?s={search_term_string}\"},\"query-input\":{\"@type\":\"PropertyValueSpecification\",\"valueRequired\":true,\"valueName\":\"search_term_string\"}}],\"inLanguage\":\"fr-FR\"},{\"@type\":\"Organization\",\"@id\":\"https:\\\/\\\/chargeplus.totalenergies.com\\\/fr\\\/#organization\",\"name\":\"Charge+\",\"url\":\"https:\\\/\\\/chargeplus.totalenergies.com\\\/fr\\\/\",\"logo\":{\"@type\":\"ImageObject\",\"inLanguage\":\"fr-FR\",\"@id\":\"https:\\\/\\\/chargeplus.totalenergies.com\\\/fr\\\/#\\\/schema\\\/logo\\\/image\\\/\",\"url\":\"https:\\\/\\\/chargeplus.totalenergies.com\\\/wp-inside\\\/uploads\\\/2023\\\/07\\\/logo-borne-recharge.jpg\",\"contentUrl\":\"https:\\\/\\\/chargeplus.totalenergies.com\\\/wp-inside\\\/uploads\\\/2023\\\/07\\\/logo-borne-recharge.jpg\",\"width\":150,\"height\":150,\"caption\":\"Charge+\"},\"image\":{\"@id\":\"https:\\\/\\\/chargeplus.totalenergies.com\\\/fr\\\/#\\\/schema\\\/logo\\\/image\\\/\"}}]}<\/script>\n<!-- \/ Yoast SEO plugin. -->","yoast_head_json":{"title":"Prise Type 2 : la r\u00e9f\u00e9rence pour une recharge optimale | Charge+","description":"Offrant une simplicit\u00e9 et une polyvalence in\u00e9gal\u00e9es, la prise de Type 2 est rapidement devenue incontournable sur le march\u00e9 europ\u00e9en. D\u00e9cryptage.","robots":{"index":"index","follow":"follow","max-snippet":"max-snippet:-1","max-image-preview":"max-image-preview:large","max-video-preview":"max-video-preview:-1"},"canonical":"https:\/\/chargeplus.totalenergies.com\/fr\/conseils-recharge-electrique\/prise-type2\/","og_locale":"fr_FR","og_type":"article","og_title":"Prise Type 2 : la r\u00e9f\u00e9rence pour une recharge optimale | Charge+","og_description":"Offrant une simplicit\u00e9 et une polyvalence in\u00e9gal\u00e9es, la prise de Type 2 est rapidement devenue incontournable sur le march\u00e9 europ\u00e9en. D\u00e9cryptage.","og_url":"https:\/\/chargeplus.totalenergies.com\/fr\/conseils-recharge-electrique\/prise-type2\/","og_site_name":"Charge+","article_modified_time":"2025-03-19T13:52:52+00:00","og_image":[{"width":1980,"height":1320,"url":"https:\/\/chargeplus.totalenergies.com\/wp-inside\/uploads\/2023\/10\/prise-type-2.jpg","type":"image\/jpeg"}],"twitter_card":"summary_large_image","twitter_misc":{"Dur\u00e9e de lecture estim\u00e9e":"4 minutes"},"schema":{"@context":"https:\/\/schema.org","@graph":[{"@type":"WebPage","@id":"https:\/\/chargeplus.totalenergies.com\/fr\/conseils-recharge-electrique\/prise-type2\/","url":"https:\/\/chargeplus.totalenergies.com\/fr\/conseils-recharge-electrique\/prise-type2\/","name":"Prise Type 2 : la r\u00e9f\u00e9rence pour une recharge optimale","isPartOf":{"@id":"https:\/\/chargeplus.totalenergies.com\/fr\/#website"},"primaryImageOfPage":{"@id":"https:\/\/chargeplus.totalenergies.com\/fr\/conseils-recharge-electrique\/prise-type2\/#primaryimage"},"image":{"@id":"https:\/\/chargeplus.totalenergies.com\/fr\/conseils-recharge-electrique\/prise-type2\/#primaryimage"},"thumbnailUrl":"https:\/\/chargeplus.totalenergies.com\/wp-inside\/uploads\/2023\/10\/prise-type-2.jpg","datePublished":"2023-10-02T13:18:18+00:00","dateModified":"2025-03-19T13:52:52+00:00","description":"Offrant une simplicit\u00e9 et une polyvalence in\u00e9gal\u00e9es, la prise de Type 2 est rapidement devenue incontournable sur le march\u00e9 europ\u00e9en. D\u00e9cryptage.","breadcrumb":{"@id":"https:\/\/chargeplus.totalenergies.com\/fr\/conseils-recharge-electrique\/prise-type2\/#breadcrumb"},"inLanguage":"fr-FR","potentialAction":[{"@type":"ReadAction","target":["https:\/\/chargeplus.totalenergies.com\/fr\/conseils-recharge-electrique\/prise-type2\/"]}]},{"@type":"ImageObject","inLanguage":"fr-FR","@id":"https:\/\/chargeplus.totalenergies.com\/fr\/conseils-recharge-electrique\/prise-type2\/#primaryimage","url":"https:\/\/chargeplus.totalenergies.com\/wp-inside\/uploads\/2023\/10\/prise-type-2.jpg","contentUrl":"https:\/\/chargeplus.totalenergies.com\/wp-inside\/uploads\/2023\/10\/prise-type-2.jpg","width":1980,"height":1320,"caption":"prise type 2"},{"@type":"BreadcrumbList","@id":"https:\/\/chargeplus.totalenergies.com\/fr\/conseils-recharge-electrique\/prise-type2\/#breadcrumb","itemListElement":[{"@type":"ListItem","position":1,"name":"Accueil","item":"https:\/\/chargeplus.totalenergies.com\/fr\/"},{"@type":"ListItem","position":2,"name":"Voiture \u00e9lectrique&#160;: nos conseils sur la recharge","item":"https:\/\/chargeplus.totalenergies.com\/fr\/conseils-recharge-electrique\/"},{"@type":"ListItem","position":3,"name":"Prise de Type 2 ou Mennekes"}]},{"@type":"WebSite","@id":"https:\/\/chargeplus.totalenergies.com\/fr\/#website","url":"https:\/\/chargeplus.totalenergies.com\/fr\/","name":"Charge+","description":"Voiture \u00e9lectrique : le guide pratique de la recharge","publisher":{"@id":"https:\/\/chargeplus.totalenergies.com\/fr\/#organization"},"potentialAction":[{"@type":"SearchAction","target":{"@type":"EntryPoint","urlTemplate":"https:\/\/chargeplus.totalenergies.com\/fr\/?s={search_term_string}"},"query-input":{"@type":"PropertyValueSpecification","valueRequired":true,"valueName":"search_term_string"}}],"inLanguage":"fr-FR"},{"@type":"Organization","@id":"https:\/\/chargeplus.totalenergies.com\/fr\/#organization","name":"Charge+","url":"https:\/\/chargeplus.totalenergies.com\/fr\/","logo":{"@type":"ImageObject","inLanguage":"fr-FR","@id":"https:\/\/chargeplus.totalenergies.com\/fr\/#\/schema\/logo\/image\/","url":"https:\/\/chargeplus.totalenergies.com\/wp-inside\/uploads\/2023\/07\/logo-borne-recharge.jpg","contentUrl":"https:\/\/chargeplus.totalenergies.com\/wp-inside\/uploads\/2023\/07\/logo-borne-recharge.jpg","width":150,"height":150,"caption":"Charge+"},"image":{"@id":"https:\/\/chargeplus.totalenergies.com\/fr\/#\/schema\/logo\/image\/"}}]}},"_links":{"self":[{"href":"https:\/\/chargeplus.totalenergies.com\/fr\/wp-json\/wp\/v2\/pages\/2214","targetHints":{"allow":["GET"]}}],"collection":[{"href":"https:\/\/chargeplus.totalenergies.com\/fr\/wp-json\/wp\/v2\/pages"}],"about":[{"href":"https:\/\/chargeplus.totalenergies.com\/fr\/wp-json\/wp\/v2\/types\/page"}],"author":[{"embeddable":true,"href":"https:\/\/chargeplus.totalenergies.com\/fr\/wp-json\/wp\/v2\/users\/3"}],"replies":[{"embeddable":true,"href":"https:\/\/chargeplus.totalenergies.com\/fr\/wp-json\/wp\/v2\/comments?post=2214"}],"version-history":[{"count":11,"href":"https:\/\/chargeplus.totalenergies.com\/fr\/wp-json\/wp\/v2\/pages\/2214\/revisions"}],"predecessor-version":[{"id":3777,"href":"https:\/\/chargeplus.totalenergies.com\/fr\/wp-json\/wp\/v2\/pages\/2214\/revisions\/3777"}],"up":[{"embeddable":true,"href":"https:\/\/chargeplus.totalenergies.com\/fr\/wp-json\/wp\/v2\/pages\/445"}],"wp:featuredmedia":[{"embeddable":true,"href":"https:\/\/chargeplus.totalenergies.com\/fr\/wp-json\/wp\/v2\/media\/2205"}],"wp:attachment":[{"href":"https:\/\/chargeplus.totalenergies.com\/fr\/wp-json\/wp\/v2\/media?parent=2214"}],"curies":[{"name":"wp","href":"https:\/\/api.w.org\/{rel}","templated":true}]}}