{"id":2358,"date":"2023-10-30T10:54:57","date_gmt":"2023-10-30T09:54:57","guid":{"rendered":"https:\/\/chargeplus.totalenergies.com\/?page_id=2358"},"modified":"2026-04-22T16:26:36","modified_gmt":"2026-04-22T14:26:36","slug":"carte-de-recharge","status":"publish","type":"page","link":"https:\/\/chargeplus.totalenergies.com\/fr\/carte-de-recharge\/","title":{"rendered":"Carte de recharge"},"content":{"rendered":"<div class=\"wp-post-content\"><!-- zone:zn_pagebanner [0] --><br \/>\n\t\t<!-- \/zone:zn_pagebanner [0] --><br \/>\n<!-- zone:zn_text_img [3] --><\/p>\n<h2>L\u2019application Charge+, votre compagnon de route.<\/h2>\n<ul role=\"list\">\n<li><strong>Planifiez vos trajets sans effort<\/strong> : Profitez d&rsquo;un planificateur d&rsquo;itin\u00e9raire intelligent qui s&rsquo;adapte \u00e0 votre v\u00e9hicule et \u00e0 vos pr\u00e9f\u00e9rences de chargement pour voyager l&rsquo;esprit l\u00e9ger.<\/li>\n<li><strong>Consultez les tarifs en toute transparence<\/strong> : V\u00e9rifiez le prix exact du kWh et la disponibilit\u00e9 des bornes autour de vous avant m\u00eame de vous y rendre.<\/li>\n<li><strong>Ma\u00eetrisez votre budget<\/strong> : Suivez vos consommations en temps r\u00e9el et retrouvez l&rsquo;ensemble de vos factures centralis\u00e9es au m\u00eame endroit.<\/li>\n<li><strong>Rechargez en toute libert\u00e9<\/strong> : Lancez et stoppez votre session de recharge directement depuis votre smartphone pour un confort d&rsquo;utilisation optimal.<\/li>\n<\/ul>\n<p style=\"text-align: center;\"><a class=\"button\" href=\"https:\/\/chargeplus.totalenergies.com\/fr\/application-mobile\/\">T\u00e9l\u00e9charger l&rsquo;application Charge+<\/a><\/p>\n<p><!-- \/zone:zn_text_img [3] --><br \/>\n<!-- zone:zn_text_img [4] --><\/p>\n<h2>L\u2019offre Charge+ et la carte Club TotalEnergies,\u2028C\u2019est le combo gagnant.<\/h2>\n<p>\ud83c\udf81 Si vous activez l\u2019option Zen : b\u00e9n\u00e9ficier en plus d\u2019un caf\u00e9 offert<sup>(2)<\/sup> pour chaque recharge sup\u00e9rieur \u00e0 20kWh.<\/p>\n<ol role=\"list\">\n<li>Rejoignez le Club TotalEnergies (Gratuit) : L&rsquo;adh\u00e9sion est simple et rapide.<\/li>\n<li>Associez vos deux cartes dans l\u2019application Services de TotalEnergies.<\/li>\n<\/ol>\n<p style=\"text-align: center;\"><a class=\"button\" href=\"https:\/\/club.totalenergies.fr\/web\/club\/login#\/creationForm\">Je n&rsquo;ai pas encore ma carte Club<\/a><\/p>\n<p><!-- \/zone:zn_text_img [4] --><br \/>\n<!-- zone:zn_text [8] --><\/p>\n<p style=\"text-align: center;\">D\u00e9couvrez ici les r\u00e9ponses aux questions les plus fr\u00e9quentes de notre <a href=\"https:\/\/chargeplus.totalenergies.com\/fr\/faq\/\">FAQ<\/a>.<\/p>\n<p>\t\t\t<!-- \/zone:zn_text [8] --><br \/>\n<!-- zone:zn_list_accordion [9] --><\/p>\n<h2>Besoin d&rsquo;aide ?<\/h2>\n<h3>Comment trouver une borne de recharge\u2009?<\/h3>\n<p>Activez <strong>la g\u00e9olocalisation de votre smartphone<\/strong> et rendez-vous dans l\u2019onglet \u00ab Carte \u00bb<br \/>\nde l\u2019application ou dans la partie \u00ab O\u00f9 effectuer ma recharge ? \u00bb. Vous pouvez afficher<br \/>\nles r\u00e9sultats en mode carte ou liste.<\/p>\n<p>Pour trouver la borne de recharge id\u00e9ale, <strong>utilisez les filtres pour cibler votre recherche<\/strong><br \/>\nen fonction de vos besoins (type de prise, puissance de charge, disponibilit\u00e9\u2026).<\/p>\n<p>Une borne vous int\u00e9resse ? Cliquez simplement dessus et visualisez toutes les<br \/>\ninformations utiles \u00e0 la recharge (op\u00e9rateurs de la borne, adresse exacte, type de<br \/>\npuissance d\u00e9livr\u00e9e, tarifs\u2026).<\/p>\n<h3>Comment recharger mon v\u00e9hicule \u00e9lectrique ?<\/h3>\n<p>Avec Charge+, tout fonctionne tr\u00e8s simplement. Pour d\u00e9marrer la recharge, passez<br \/>\nvotre carte devant le lecteur de la borne et attendez que le voyant s\u2019allume. Branchez le<br \/>\nc\u00e2ble sur la prise de votre voiture et c\u00f4t\u00e9 borne, puis c\u2019est parti, il n\u2019y a plus qu\u2019\u00e0<br \/>\nattendre !<\/p>\n<p>Pour terminer la recharge, passez \u00e0 nouveau votre carte devant la borne et patientez<br \/>\njusqu\u2019\u00e0 ce que le voyant change de couleur. Puis d\u00e9branchez le c\u00e2ble.<\/p>\n<h3>Est-ce que toutes les bornes sont \u00e9quip\u00e9es d\u2019un c\u00e2ble de recharge ?<\/h3>\n<p>Les bornes de recharge rapide sont <strong>toujours \u00e9quip\u00e9es d\u2019un c\u00e2ble adapt\u00e9<\/strong>, directement<br \/>\nrattach\u00e9 \u00e0 la structure. Vous n\u2019avez donc pas besoin d\u2019apporter votre propre mat\u00e9riel<br \/>\npour recharger votre voiture \u00e9lectrique. Pour toutes les autres bornes, en revanche,<br \/>\nvous devrez utiliser votre propre c\u00e2ble.<\/p>\n<h3>Combien de temps pour recharger la batterie d\u2019un v\u00e9hicule \u00e9lectrique ?<\/h3>\n<p>De 30 minutes \u00e0 plusieurs heures, la dur\u00e9e d\u2019une recharge peut \u00eatre tr\u00e8s variable d\u2019une<br \/>\nvoiture \u00e0 une autre et d\u00e9pend de plusieurs facteurs :<\/p>\n<ul>\n<li><strong>la capacit\u00e9 de la batterie<\/strong> (c&rsquo;est la quantit\u00e9 maximale d&rsquo;\u00e9nergie qu&rsquo;elle peut contenir) ;<\/li>\n<li><strong>la puissance \u00e9lectrique<\/strong> d\u00e9livr\u00e9e par la borne ;<\/li>\n<li><strong>la puissance maximale de recharge<\/strong> tol\u00e9r\u00e9e par v\u00e9hicule.<\/li>\n<\/ul>\n<p>\t<!-- \/zone:zn_list_accordion [9] --><br \/>\n<!-- zone:zn_text [11] --><\/p>\n<p><sub><span style=\"vertical-align: super;\">* Conform\u00e9ment au principe d\u2019interop\u00e9rabilit\u00e9 pr\u00e9vu par l\u2019article L. 641-4-2 du code de l\u2019\u00e9nergie. Voir les Conditions g\u00e9n\u00e9rales de vente et la liste des points de recharge accessible sur l\u2019app TotalEnergies Charge+.<\/span><\/sub><\/p>\n<p><sub><span style=\"vertical-align: super;\">(1) <\/span><span style=\"vertical-align: super;\">Abonnement mensuel Charge+ Option Zen \u00bb \u00e0 3,90\u20ac TTC\/mois, sans engagement et tacitement reconductible. La remise de 15% sera applicable imm\u00e9diatement sur le prix public de la recharge effectu\u00e9e sur les bornes haute puissance (d&rsquo;au moins 50kW) \u00e0 la marque TotalEnergies en France m\u00e9tropolitaine (hors Corse). Voir liste des stations et conditions compl\u00e8tes sur chargeplus.totalenergies.com\/fr.<\/span><\/sub><\/p>\n<p><sub>(2) Offre r\u00e9serv\u00e9e aux abonn\u00e9s de l\u2019option Charge+ Zen et conditionn\u00e9e \u00e0 l&rsquo;adh\u00e9sion au programme de fid\u00e9lit\u00e9 Club de TotalEnergies et \u00e0 l&rsquo;association pr\u00e9alable de la carte Charge+ au compte fid\u00e9lit\u00e9. L\u2019offre permet de b\u00e9n\u00e9ficier de 2\u20ac de cr\u00e9dit utilisables dans les espaces \u00ab Comptoir des Ar\u00f4mes \u00bb ; 2\u20ac offerts d\u00e8s la souscription de l\u2019option puis, 2\u20ac offerts toute recharge d\u2019au moins 20 kWh effectu\u00e9e avec la carte Charge+ sur les bornes haute puissance \u00e0 la marque TotalEnergies et dans les stations TotalEnergies \u00e9quip\u00e9es d\u2019un \u00ab Comptoir des Ar\u00f4mes \u00bb. Offre limit\u00e9e \u00e0 deux cr\u00e9dits par jour. Le client devra se pr\u00e9senter en caisse pour faire cr\u00e9diter l&rsquo;offre sur sa carte Club ou sa carte Coffee Comptoir des Ar\u00f4mes. Voir conditions et liste des stations \u00e9ligibles sur chargeplus.totalenergies.com\/fr.<\/sub><\/p>\n<p><sub>(3) Cette offre est exclusivement r\u00e9serv\u00e9e aux porteurs de cartes Charge+ TotalEnergies; une preuve d\u2019appartenance pourra \u00eatre exig\u00e9e en agence pour b\u00e9n\u00e9ficier de l\u2019offre. Cette offre est uniquement valable pour les r\u00e9servations effectu\u00e9es \u00e0 partir de cette page, pour des locations allant de 1 \u00e0 28 jours pour des locations de voitures \u00e9lectriques en France continentale (Hors Corse, hors DOM-TOM); le montant de la remise d\u00e9pend notamment de la cat\u00e9gorie de voiture s\u00e9lectionn\u00e9e et de la disponibilit\u00e9 locale des v\u00e9hicules en agence; les r\u00e9servations sont valables uniquement pour les cat\u00e9gories de v\u00e9hicules indiqu\u00e9es, et non pour des mod\u00e8les sp\u00e9cifiques, et sont soumises \u00e0 la disponibilit\u00e9 au moment de la prise en charge; offre valable dans les agences participantes; certaines cat\u00e9gories de v\u00e9hicules peuvent \u00eatre exclues de cette offre; cette offre ne s\u2019applique qu\u2019au tarif de base journalier; les taxes, frais, suppl\u00e9ments et extras (tels que les protections optionnelles, si\u00e8ge b\u00e9b\u00e9, GPS, etc.) sont exclus de la r\u00e9duction; les prix affich\u00e9s comprennent d\u00e9j\u00e0 la r\u00e9duction; des p\u00e9riodes d\u2019exclusion peuvent s\u2019appliquer; non cumulable avec d\u2019autres offres; les autres promotions et tarifs d\u2019entreprise ne peuvent \u00eatre combin\u00e9s avec la remise; cette offre peut \u00eatre sujette \u00e0 des changements sans avertissement pr\u00e9alable; toutes les locations de v\u00e9hicules sont soumises aux conditions g\u00e9n\u00e9rales et aux informations g\u00e9n\u00e9rales de SIXT.<\/sub><\/p>\n<p>\t\t\t<!-- \/zone:zn_text [11] -->\n<\/div>\n","protected":false},"excerpt":{"rendered":"<p>L\u2019application Charge+, votre compagnon de route. Planifiez vos trajets sans effort : Profitez d&rsquo;un planificateur d&rsquo;itin\u00e9raire intelligent qui s&rsquo;adapte \u00e0 votre v\u00e9hicule et \u00e0 vos pr\u00e9f\u00e9rences de chargement pour voyager [&hellip;]<\/p>\n","protected":false},"author":3,"featured_media":0,"parent":0,"menu_order":0,"comment_status":"closed","ping_status":"closed","template":"","meta":{"_acf_changed":false,"footnotes":""},"class_list":["post-2358","page","type-page","status-publish","hentry","wp-sticky"],"acf":[],"yoast_head":"<!-- This site is optimized with the Yoast SEO plugin v27.6 - https:\/\/yoast.com\/product\/yoast-seo-wordpress\/ -->\n<title>Badge Charge+ : la carte de recharge pour voiture \u00e9lectrique | Charge+<\/title>\n<meta name=\"description\" content=\"Commandez la carte de recharge pour voiture \u00e9lectrique Charge+ : un badge unique pour acc\u00e9der \u00e0 des milliers de bornes partout en France !\" \/>\n<meta name=\"robots\" content=\"index, follow, max-snippet:-1, max-image-preview:large, max-video-preview:-1\" \/>\n<link rel=\"canonical\" href=\"https:\/\/chargeplus.totalenergies.com\/fr\/carte-de-recharge\/\" \/>\n<meta property=\"og:locale\" content=\"fr_FR\" \/>\n<meta property=\"og:type\" content=\"article\" \/>\n<meta property=\"og:title\" content=\"Badge Charge+ : la carte de recharge pour voiture \u00e9lectrique | Charge+\" \/>\n<meta property=\"og:description\" content=\"Commandez la carte de recharge pour voiture \u00e9lectrique Charge+ : un badge unique pour acc\u00e9der \u00e0 des milliers de bornes partout en France !\" \/>\n<meta property=\"og:url\" content=\"https:\/\/chargeplus.totalenergies.com\/fr\/carte-de-recharge\/\" \/>\n<meta property=\"og:site_name\" content=\"Charge+\" \/>\n<meta property=\"article:modified_time\" content=\"2026-04-22T14:26:36+00:00\" \/>\n<meta property=\"og:image\" content=\"https:\/\/chargeplus.totalenergies.com\/wp-inside\/uploads\/2025\/05\/blc_picto-recharge_bleu-e1750334318673.png\" \/>\n\t<meta property=\"og:image:width\" content=\"150\" \/>\n\t<meta property=\"og:image:height\" content=\"150\" \/>\n\t<meta property=\"og:image:type\" content=\"image\/png\" \/>\n<meta name=\"twitter:card\" content=\"summary_large_image\" \/>\n<meta name=\"twitter:label1\" content=\"Dur\u00e9e de lecture estim\u00e9e\" \/>\n\t<meta name=\"twitter:data1\" content=\"5 minutes\" \/>\n<script type=\"application\/ld+json\" class=\"yoast-schema-graph\">{\"@context\":\"https:\\\/\\\/schema.org\",\"@graph\":[{\"@type\":\"WebPage\",\"@id\":\"https:\\\/\\\/chargeplus.totalenergies.com\\\/fr\\\/carte-de-recharge\\\/\",\"url\":\"https:\\\/\\\/chargeplus.totalenergies.com\\\/fr\\\/carte-de-recharge\\\/\",\"name\":\"Badge Charge+ : la carte de recharge pour voiture \u00e9lectrique\",\"isPartOf\":{\"@id\":\"https:\\\/\\\/chargeplus.totalenergies.com\\\/fr\\\/#website\"},\"datePublished\":\"2023-10-30T09:54:57+00:00\",\"dateModified\":\"2026-04-22T14:26:36+00:00\",\"description\":\"Commandez la carte de recharge pour voiture \u00e9lectrique Charge+ : un badge unique pour acc\u00e9der \u00e0 des milliers de bornes partout en France !\",\"breadcrumb\":{\"@id\":\"https:\\\/\\\/chargeplus.totalenergies.com\\\/fr\\\/carte-de-recharge\\\/#breadcrumb\"},\"inLanguage\":\"fr-FR\",\"potentialAction\":[{\"@type\":\"ReadAction\",\"target\":[\"https:\\\/\\\/chargeplus.totalenergies.com\\\/fr\\\/carte-de-recharge\\\/\"]}]},{\"@type\":\"BreadcrumbList\",\"@id\":\"https:\\\/\\\/chargeplus.totalenergies.com\\\/fr\\\/carte-de-recharge\\\/#breadcrumb\",\"itemListElement\":[{\"@type\":\"ListItem\",\"position\":1,\"name\":\"Accueil\",\"item\":\"https:\\\/\\\/chargeplus.totalenergies.com\\\/fr\\\/\"},{\"@type\":\"ListItem\",\"position\":2,\"name\":\"Carte de recharge\"}]},{\"@type\":\"WebSite\",\"@id\":\"https:\\\/\\\/chargeplus.totalenergies.com\\\/fr\\\/#website\",\"url\":\"https:\\\/\\\/chargeplus.totalenergies.com\\\/fr\\\/\",\"name\":\"Charge+\",\"description\":\"Voiture \u00e9lectrique : le guide pratique de la recharge\",\"publisher\":{\"@id\":\"https:\\\/\\\/chargeplus.totalenergies.com\\\/fr\\\/#organization\"},\"potentialAction\":[{\"@type\":\"SearchAction\",\"target\":{\"@type\":\"EntryPoint\",\"urlTemplate\":\"https:\\\/\\\/chargeplus.totalenergies.com\\\/fr\\\/?s={search_term_string}\"},\"query-input\":{\"@type\":\"PropertyValueSpecification\",\"valueRequired\":true,\"valueName\":\"search_term_string\"}}],\"inLanguage\":\"fr-FR\"},{\"@type\":\"Organization\",\"@id\":\"https:\\\/\\\/chargeplus.totalenergies.com\\\/fr\\\/#organization\",\"name\":\"Charge+\",\"url\":\"https:\\\/\\\/chargeplus.totalenergies.com\\\/fr\\\/\",\"logo\":{\"@type\":\"ImageObject\",\"inLanguage\":\"fr-FR\",\"@id\":\"https:\\\/\\\/chargeplus.totalenergies.com\\\/fr\\\/#\\\/schema\\\/logo\\\/image\\\/\",\"url\":\"https:\\\/\\\/chargeplus.totalenergies.com\\\/wp-inside\\\/uploads\\\/2023\\\/07\\\/logo-borne-recharge.jpg\",\"contentUrl\":\"https:\\\/\\\/chargeplus.totalenergies.com\\\/wp-inside\\\/uploads\\\/2023\\\/07\\\/logo-borne-recharge.jpg\",\"width\":150,\"height\":150,\"caption\":\"Charge+\"},\"image\":{\"@id\":\"https:\\\/\\\/chargeplus.totalenergies.com\\\/fr\\\/#\\\/schema\\\/logo\\\/image\\\/\"}}]}<\/script>\n<!-- \/ Yoast SEO plugin. -->","yoast_head_json":{"title":"Badge Charge+ : la carte de recharge pour voiture \u00e9lectrique | Charge+","description":"Commandez la carte de recharge pour voiture \u00e9lectrique Charge+ : un badge unique pour acc\u00e9der \u00e0 des milliers de bornes partout en France !","robots":{"index":"index","follow":"follow","max-snippet":"max-snippet:-1","max-image-preview":"max-image-preview:large","max-video-preview":"max-video-preview:-1"},"canonical":"https:\/\/chargeplus.totalenergies.com\/fr\/carte-de-recharge\/","og_locale":"fr_FR","og_type":"article","og_title":"Badge Charge+ : la carte de recharge pour voiture \u00e9lectrique | Charge+","og_description":"Commandez la carte de recharge pour voiture \u00e9lectrique Charge+ : un badge unique pour acc\u00e9der \u00e0 des milliers de bornes partout en France !","og_url":"https:\/\/chargeplus.totalenergies.com\/fr\/carte-de-recharge\/","og_site_name":"Charge+","article_modified_time":"2026-04-22T14:26:36+00:00","og_image":[{"width":150,"height":150,"url":"https:\/\/chargeplus.totalenergies.com\/wp-inside\/uploads\/2025\/05\/blc_picto-recharge_bleu-e1750334318673.png","type":"image\/png"}],"twitter_card":"summary_large_image","twitter_misc":{"Dur\u00e9e de lecture estim\u00e9e":"5 minutes"},"schema":{"@context":"https:\/\/schema.org","@graph":[{"@type":"WebPage","@id":"https:\/\/chargeplus.totalenergies.com\/fr\/carte-de-recharge\/","url":"https:\/\/chargeplus.totalenergies.com\/fr\/carte-de-recharge\/","name":"Badge Charge+ : la carte de recharge pour voiture \u00e9lectrique","isPartOf":{"@id":"https:\/\/chargeplus.totalenergies.com\/fr\/#website"},"datePublished":"2023-10-30T09:54:57+00:00","dateModified":"2026-04-22T14:26:36+00:00","description":"Commandez la carte de recharge pour voiture \u00e9lectrique Charge+ : un badge unique pour acc\u00e9der \u00e0 des milliers de bornes partout en France !","breadcrumb":{"@id":"https:\/\/chargeplus.totalenergies.com\/fr\/carte-de-recharge\/#breadcrumb"},"inLanguage":"fr-FR","potentialAction":[{"@type":"ReadAction","target":["https:\/\/chargeplus.totalenergies.com\/fr\/carte-de-recharge\/"]}]},{"@type":"BreadcrumbList","@id":"https:\/\/chargeplus.totalenergies.com\/fr\/carte-de-recharge\/#breadcrumb","itemListElement":[{"@type":"ListItem","position":1,"name":"Accueil","item":"https:\/\/chargeplus.totalenergies.com\/fr\/"},{"@type":"ListItem","position":2,"name":"Carte de recharge"}]},{"@type":"WebSite","@id":"https:\/\/chargeplus.totalenergies.com\/fr\/#website","url":"https:\/\/chargeplus.totalenergies.com\/fr\/","name":"Charge+","description":"Voiture \u00e9lectrique : le guide pratique de la recharge","publisher":{"@id":"https:\/\/chargeplus.totalenergies.com\/fr\/#organization"},"potentialAction":[{"@type":"SearchAction","target":{"@type":"EntryPoint","urlTemplate":"https:\/\/chargeplus.totalenergies.com\/fr\/?s={search_term_string}"},"query-input":{"@type":"PropertyValueSpecification","valueRequired":true,"valueName":"search_term_string"}}],"inLanguage":"fr-FR"},{"@type":"Organization","@id":"https:\/\/chargeplus.totalenergies.com\/fr\/#organization","name":"Charge+","url":"https:\/\/chargeplus.totalenergies.com\/fr\/","logo":{"@type":"ImageObject","inLanguage":"fr-FR","@id":"https:\/\/chargeplus.totalenergies.com\/fr\/#\/schema\/logo\/image\/","url":"https:\/\/chargeplus.totalenergies.com\/wp-inside\/uploads\/2023\/07\/logo-borne-recharge.jpg","contentUrl":"https:\/\/chargeplus.totalenergies.com\/wp-inside\/uploads\/2023\/07\/logo-borne-recharge.jpg","width":150,"height":150,"caption":"Charge+"},"image":{"@id":"https:\/\/chargeplus.totalenergies.com\/fr\/#\/schema\/logo\/image\/"}}]}},"_links":{"self":[{"href":"https:\/\/chargeplus.totalenergies.com\/fr\/wp-json\/wp\/v2\/pages\/2358","targetHints":{"allow":["GET"]}}],"collection":[{"href":"https:\/\/chargeplus.totalenergies.com\/fr\/wp-json\/wp\/v2\/pages"}],"about":[{"href":"https:\/\/chargeplus.totalenergies.com\/fr\/wp-json\/wp\/v2\/types\/page"}],"author":[{"embeddable":true,"href":"https:\/\/chargeplus.totalenergies.com\/fr\/wp-json\/wp\/v2\/users\/3"}],"replies":[{"embeddable":true,"href":"https:\/\/chargeplus.totalenergies.com\/fr\/wp-json\/wp\/v2\/comments?post=2358"}],"version-history":[{"count":60,"href":"https:\/\/chargeplus.totalenergies.com\/fr\/wp-json\/wp\/v2\/pages\/2358\/revisions"}],"predecessor-version":[{"id":5252,"href":"https:\/\/chargeplus.totalenergies.com\/fr\/wp-json\/wp\/v2\/pages\/2358\/revisions\/5252"}],"wp:attachment":[{"href":"https:\/\/chargeplus.totalenergies.com\/fr\/wp-json\/wp\/v2\/media?parent=2358"}],"curies":[{"name":"wp","href":"https:\/\/api.w.org\/{rel}","templated":true}]}}