{"id":2649,"date":"2024-02-22T17:06:19","date_gmt":"2024-02-22T16:06:19","guid":{"rendered":"https:\/\/chargeplus.totalenergies.com\/?page_id=2649"},"modified":"2026-02-16T16:29:23","modified_gmt":"2026-02-16T15:29:23","slug":"map","status":"publish","type":"page","link":"https:\/\/chargeplus.totalenergies.com\/fr\/map\/","title":{"rendered":"Carte des bornes de recharge Charge+"},"content":{"rendered":"<div class=\"wp-post-content\"><!-- zone:zn_pagebanner [0] --><br \/>\n\t\t<!-- \/zone:zn_pagebanner [0] --><br \/>\n<!-- zone:zn_text [1] --><\/p>\n<p><iframe loading=\"lazy\" class=\"map-te\" style=\"border: 0;\" src=\" https:\/\/chargeplus.totalenergies.com\/map_chargeplus.html\" width=\"600\" height=\"450\" allowfullscreen=\"allowfullscreen\"><\/iframe><\/p>\n<p>\t\t\t<!-- \/zone:zn_text [1] --><br \/>\n<!-- zone:zn_text [2] --><\/p>\n<p style=\"text-align: center;\">Disponible en ligne et dans <a href=\"https:\/\/chargeplus.totalenergies.com\/fr\/application-mobile\/\">l\u2019application Charge+ de TotalEnergies<\/a>, notre<strong> carte des bornes de recharge<\/strong> vous permet de <a href=\"https:\/\/chargeplus.totalenergies.com\/fr\/trouver-borne-recharge\/\">trouver facilement les points de recharge<\/a> et les connecteurs qui correspondent le mieux \u00e0 vos besoins. En un instant, vous pouvez <strong>v\u00e9rifier la disponibilit\u00e9 des bornes<\/strong> \u00e0 proximit\u00e9, rep\u00e9rer celles situ\u00e9es autour de vous, sauvegarder les bornes favorites en un clic et <strong>consulter les tarifs<\/strong> de recharge propos\u00e9s. Pour simplifier votre recherche, <strong>des filtres vous permettent de trier les r\u00e9sultats<\/strong> en fonction des <a href=\"https:\/\/chargeplus.totalenergies.com\/fr\/trouver-borne-recharge\/types-de-prises\/\">types de prises<\/a> ou de la puissance de charge dont vous avez besoin.<\/p>\n<p style=\"text-align: center;\">Interactive en temps r\u00e9el, la carte des bornes de recharge vous permet \u00e9galement d\u2019afficher toutes les bornes compatibles avec la<a href=\"https:\/\/chargeplus.totalenergies.com\/fr\/carte-de-recharge\/\"> carte de recharge Charge+<\/a>. Con\u00e7u pour vous offrir la meilleure exp\u00e9rience de recharge possible, le carte universelle Charge+ vous permet de faire le plein d\u2019\u00e9nergie en toute simplicit\u00e9 partout sur les routes. Plus besoin de multiplier les badges et les applications.<strong> La carte de recharge Charge+ est votre unique alli\u00e9e pour acc\u00e9der \u00e0 l\u2019ensemble des bornes des r\u00e9seaux de recharge TotalEnergies et partenaires<\/strong>. En France, cela repr\u00e9sente plus de 160 000 points de recharge et 250 stations \u00e9quip\u00e9es de bornes \u00ab haute puissance \u00bb.<\/p>\n<p style=\"text-align: center;\">Vous avez souscrit \u00e0 l&rsquo;option Zen de Charge+ ? En un clin d&rsquo;\u0153il, visualisez sur notre carte la liste des <a href=\"https:\/\/chargeplus.totalenergies.com\/fr\/point-recharges-totalenergies-avec-remises\/\">bornes TotalEnergies avec remises sur le prix de recharges<\/a>.<\/p>\n<p>\t\t\t<!-- \/zone:zn_text [2] -->\n<\/div>\n","protected":false},"excerpt":{"rendered":"<p>Disponible en ligne et dans l\u2019application Charge+ de TotalEnergies, notre carte des bornes de recharge vous permet de trouver facilement les points de recharge et les connecteurs qui correspondent le [&hellip;]<\/p>\n","protected":false},"author":3,"featured_media":0,"parent":0,"menu_order":0,"comment_status":"closed","ping_status":"closed","template":"","meta":{"_acf_changed":false,"footnotes":""},"class_list":["post-2649","page","type-page","status-publish","hentry","wp-sticky"],"acf":[],"yoast_head":"<!-- This site is optimized with the Yoast SEO plugin v27.3 - https:\/\/yoast.com\/product\/yoast-seo-wordpress\/ -->\n<title>Carte des bornes de recharge en France | Charge+<\/title>\n<meta name=\"description\" content=\"Avec la carte des bornes de recharge Charge+, trouvez les meilleurs points de recharge \u00e0 proximit\u00e9 ou n&#039;importe o\u00f9 sur votre trajet.\" \/>\n<meta name=\"robots\" content=\"index, follow, max-snippet:-1, max-image-preview:large, max-video-preview:-1\" \/>\n<link rel=\"canonical\" href=\"https:\/\/chargeplus.totalenergies.com\/fr\/map\/\" \/>\n<meta property=\"og:locale\" content=\"fr_FR\" \/>\n<meta property=\"og:type\" content=\"article\" \/>\n<meta property=\"og:title\" content=\"Carte des bornes de recharge en France | Charge+\" \/>\n<meta property=\"og:description\" content=\"Avec la carte des bornes de recharge Charge+, trouvez les meilleurs points de recharge \u00e0 proximit\u00e9 ou n&#039;importe o\u00f9 sur votre trajet.\" \/>\n<meta property=\"og:url\" content=\"https:\/\/chargeplus.totalenergies.com\/fr\/map\/\" \/>\n<meta property=\"og:site_name\" content=\"Charge+\" \/>\n<meta property=\"article:modified_time\" content=\"2026-02-16T15:29:23+00:00\" \/>\n<meta property=\"og:image\" content=\"https:\/\/chargeplus.totalenergies.com\/wp-inside\/uploads\/2025\/05\/blc_picto-recharge_bleu-e1750334318673.png\" \/>\n\t<meta property=\"og:image:width\" content=\"150\" \/>\n\t<meta property=\"og:image:height\" content=\"150\" \/>\n\t<meta property=\"og:image:type\" content=\"image\/png\" \/>\n<meta name=\"twitter:card\" content=\"summary_large_image\" \/>\n<meta name=\"twitter:label1\" content=\"Dur\u00e9e de lecture estim\u00e9e\" \/>\n\t<meta name=\"twitter:data1\" content=\"1 minute\" \/>\n<script type=\"application\/ld+json\" class=\"yoast-schema-graph\">{\"@context\":\"https:\\\/\\\/schema.org\",\"@graph\":[{\"@type\":\"WebPage\",\"@id\":\"https:\\\/\\\/chargeplus.totalenergies.com\\\/fr\\\/map\\\/\",\"url\":\"https:\\\/\\\/chargeplus.totalenergies.com\\\/fr\\\/map\\\/\",\"name\":\"Carte des bornes de recharge en France\",\"isPartOf\":{\"@id\":\"https:\\\/\\\/chargeplus.totalenergies.com\\\/fr\\\/#website\"},\"datePublished\":\"2024-02-22T16:06:19+00:00\",\"dateModified\":\"2026-02-16T15:29:23+00:00\",\"description\":\"Avec la carte des bornes de recharge Charge+, trouvez les meilleurs points de recharge \u00e0 proximit\u00e9 ou n'importe o\u00f9 sur votre trajet.\",\"breadcrumb\":{\"@id\":\"https:\\\/\\\/chargeplus.totalenergies.com\\\/fr\\\/map\\\/#breadcrumb\"},\"inLanguage\":\"fr-FR\",\"potentialAction\":[{\"@type\":\"ReadAction\",\"target\":[\"https:\\\/\\\/chargeplus.totalenergies.com\\\/fr\\\/map\\\/\"]}]},{\"@type\":\"BreadcrumbList\",\"@id\":\"https:\\\/\\\/chargeplus.totalenergies.com\\\/fr\\\/map\\\/#breadcrumb\",\"itemListElement\":[{\"@type\":\"ListItem\",\"position\":1,\"name\":\"Accueil\",\"item\":\"https:\\\/\\\/chargeplus.totalenergies.com\\\/fr\\\/\"},{\"@type\":\"ListItem\",\"position\":2,\"name\":\"Carte des bornes de recharge Charge+\"}]},{\"@type\":\"WebSite\",\"@id\":\"https:\\\/\\\/chargeplus.totalenergies.com\\\/fr\\\/#website\",\"url\":\"https:\\\/\\\/chargeplus.totalenergies.com\\\/fr\\\/\",\"name\":\"Charge+\",\"description\":\"Voiture \u00e9lectrique : le guide pratique de la recharge\",\"publisher\":{\"@id\":\"https:\\\/\\\/chargeplus.totalenergies.com\\\/fr\\\/#organization\"},\"potentialAction\":[{\"@type\":\"SearchAction\",\"target\":{\"@type\":\"EntryPoint\",\"urlTemplate\":\"https:\\\/\\\/chargeplus.totalenergies.com\\\/fr\\\/?s={search_term_string}\"},\"query-input\":{\"@type\":\"PropertyValueSpecification\",\"valueRequired\":true,\"valueName\":\"search_term_string\"}}],\"inLanguage\":\"fr-FR\"},{\"@type\":\"Organization\",\"@id\":\"https:\\\/\\\/chargeplus.totalenergies.com\\\/fr\\\/#organization\",\"name\":\"Charge+\",\"url\":\"https:\\\/\\\/chargeplus.totalenergies.com\\\/fr\\\/\",\"logo\":{\"@type\":\"ImageObject\",\"inLanguage\":\"fr-FR\",\"@id\":\"https:\\\/\\\/chargeplus.totalenergies.com\\\/fr\\\/#\\\/schema\\\/logo\\\/image\\\/\",\"url\":\"https:\\\/\\\/chargeplus.totalenergies.com\\\/wp-inside\\\/uploads\\\/2023\\\/07\\\/logo-borne-recharge.jpg\",\"contentUrl\":\"https:\\\/\\\/chargeplus.totalenergies.com\\\/wp-inside\\\/uploads\\\/2023\\\/07\\\/logo-borne-recharge.jpg\",\"width\":150,\"height\":150,\"caption\":\"Charge+\"},\"image\":{\"@id\":\"https:\\\/\\\/chargeplus.totalenergies.com\\\/fr\\\/#\\\/schema\\\/logo\\\/image\\\/\"}}]}<\/script>\n<!-- \/ Yoast SEO plugin. -->","yoast_head_json":{"title":"Carte des bornes de recharge en France | Charge+","description":"Avec la carte des bornes de recharge Charge+, trouvez les meilleurs points de recharge \u00e0 proximit\u00e9 ou n'importe o\u00f9 sur votre trajet.","robots":{"index":"index","follow":"follow","max-snippet":"max-snippet:-1","max-image-preview":"max-image-preview:large","max-video-preview":"max-video-preview:-1"},"canonical":"https:\/\/chargeplus.totalenergies.com\/fr\/map\/","og_locale":"fr_FR","og_type":"article","og_title":"Carte des bornes de recharge en France | Charge+","og_description":"Avec la carte des bornes de recharge Charge+, trouvez les meilleurs points de recharge \u00e0 proximit\u00e9 ou n'importe o\u00f9 sur votre trajet.","og_url":"https:\/\/chargeplus.totalenergies.com\/fr\/map\/","og_site_name":"Charge+","article_modified_time":"2026-02-16T15:29:23+00:00","og_image":[{"width":150,"height":150,"url":"https:\/\/chargeplus.totalenergies.com\/wp-inside\/uploads\/2025\/05\/blc_picto-recharge_bleu-e1750334318673.png","type":"image\/png"}],"twitter_card":"summary_large_image","twitter_misc":{"Dur\u00e9e de lecture estim\u00e9e":"1 minute"},"schema":{"@context":"https:\/\/schema.org","@graph":[{"@type":"WebPage","@id":"https:\/\/chargeplus.totalenergies.com\/fr\/map\/","url":"https:\/\/chargeplus.totalenergies.com\/fr\/map\/","name":"Carte des bornes de recharge en France","isPartOf":{"@id":"https:\/\/chargeplus.totalenergies.com\/fr\/#website"},"datePublished":"2024-02-22T16:06:19+00:00","dateModified":"2026-02-16T15:29:23+00:00","description":"Avec la carte des bornes de recharge Charge+, trouvez les meilleurs points de recharge \u00e0 proximit\u00e9 ou n'importe o\u00f9 sur votre trajet.","breadcrumb":{"@id":"https:\/\/chargeplus.totalenergies.com\/fr\/map\/#breadcrumb"},"inLanguage":"fr-FR","potentialAction":[{"@type":"ReadAction","target":["https:\/\/chargeplus.totalenergies.com\/fr\/map\/"]}]},{"@type":"BreadcrumbList","@id":"https:\/\/chargeplus.totalenergies.com\/fr\/map\/#breadcrumb","itemListElement":[{"@type":"ListItem","position":1,"name":"Accueil","item":"https:\/\/chargeplus.totalenergies.com\/fr\/"},{"@type":"ListItem","position":2,"name":"Carte des bornes de recharge Charge+"}]},{"@type":"WebSite","@id":"https:\/\/chargeplus.totalenergies.com\/fr\/#website","url":"https:\/\/chargeplus.totalenergies.com\/fr\/","name":"Charge+","description":"Voiture \u00e9lectrique : le guide pratique de la recharge","publisher":{"@id":"https:\/\/chargeplus.totalenergies.com\/fr\/#organization"},"potentialAction":[{"@type":"SearchAction","target":{"@type":"EntryPoint","urlTemplate":"https:\/\/chargeplus.totalenergies.com\/fr\/?s={search_term_string}"},"query-input":{"@type":"PropertyValueSpecification","valueRequired":true,"valueName":"search_term_string"}}],"inLanguage":"fr-FR"},{"@type":"Organization","@id":"https:\/\/chargeplus.totalenergies.com\/fr\/#organization","name":"Charge+","url":"https:\/\/chargeplus.totalenergies.com\/fr\/","logo":{"@type":"ImageObject","inLanguage":"fr-FR","@id":"https:\/\/chargeplus.totalenergies.com\/fr\/#\/schema\/logo\/image\/","url":"https:\/\/chargeplus.totalenergies.com\/wp-inside\/uploads\/2023\/07\/logo-borne-recharge.jpg","contentUrl":"https:\/\/chargeplus.totalenergies.com\/wp-inside\/uploads\/2023\/07\/logo-borne-recharge.jpg","width":150,"height":150,"caption":"Charge+"},"image":{"@id":"https:\/\/chargeplus.totalenergies.com\/fr\/#\/schema\/logo\/image\/"}}]}},"_links":{"self":[{"href":"https:\/\/chargeplus.totalenergies.com\/fr\/wp-json\/wp\/v2\/pages\/2649","targetHints":{"allow":["GET"]}}],"collection":[{"href":"https:\/\/chargeplus.totalenergies.com\/fr\/wp-json\/wp\/v2\/pages"}],"about":[{"href":"https:\/\/chargeplus.totalenergies.com\/fr\/wp-json\/wp\/v2\/types\/page"}],"author":[{"embeddable":true,"href":"https:\/\/chargeplus.totalenergies.com\/fr\/wp-json\/wp\/v2\/users\/3"}],"replies":[{"embeddable":true,"href":"https:\/\/chargeplus.totalenergies.com\/fr\/wp-json\/wp\/v2\/comments?post=2649"}],"version-history":[{"count":14,"href":"https:\/\/chargeplus.totalenergies.com\/fr\/wp-json\/wp\/v2\/pages\/2649\/revisions"}],"predecessor-version":[{"id":5047,"href":"https:\/\/chargeplus.totalenergies.com\/fr\/wp-json\/wp\/v2\/pages\/2649\/revisions\/5047"}],"wp:attachment":[{"href":"https:\/\/chargeplus.totalenergies.com\/fr\/wp-json\/wp\/v2\/media?parent=2649"}],"curies":[{"name":"wp","href":"https:\/\/api.w.org\/{rel}","templated":true}]}}