{"id":2654,"date":"2024-02-23T16:42:35","date_gmt":"2024-02-23T15:42:35","guid":{"rendered":"https:\/\/chargeplus.totalenergies.com\/?page_id=2654"},"modified":"2026-02-16T16:52:49","modified_gmt":"2026-02-16T15:52:49","slug":"planifier-trajet-voiture-electrique","status":"publish","type":"page","link":"https:\/\/chargeplus.totalenergies.com\/fr\/conseils-recharge-electrique\/planifier-trajet-voiture-electrique\/","title":{"rendered":"Planifier votre trajet en voiture \u00e9lectrique"},"content":{"rendered":"<div class=\"wp-post-content\"><!-- zone:zn_pagebanner [0] --><br \/>\n\t\t<!-- \/zone:zn_pagebanner [0] --><br \/>\n<!-- zone:zn_text [1] --><\/p>\n<h2>1. Comprendre l&rsquo;autonomie de votre v\u00e9hicule \u00e9lectrique<\/h2>\n<p>L&rsquo;autonomie d&rsquo;une voiture \u00e9lectrique est un crit\u00e8re essentiel pour les voyages. Conna\u00eetre la port\u00e9e r\u00e9elle de votre v\u00e9hicule et comment l&rsquo;optimiser peut transformer votre exp\u00e9rience de voyage.<\/p>\n<p>L\u2019autonomie moyenne des voitures \u00e9lectriques est de 300 km. Chaque mod\u00e8le de voiture \u00e9lectrique poss\u00e8de une autonomie sp\u00e9cifique, souvent influenc\u00e9e par des facteurs tels que<strong> le style de conduite, la charge du v\u00e9hicule, et les conditions m\u00e9t\u00e9orologiques<\/strong>. Il est important de se r\u00e9f\u00e9rer aux informations fournies par le fabricant tout en prenant en compte ces variables.<\/p>\n<p>Une autonomie r\u00e9aliste est <strong>souvent inf\u00e9rieure \u00e0 celle annonc\u00e9e<\/strong>, surtout dans des conditions de conduite r\u00e9elles avec des variations de vitesse, des arr\u00eats fr\u00e9quents, ou l&rsquo;utilisation de la climatisation et du chauffage.<\/p>\n<p>\t\t\t<!-- \/zone:zn_text [1] --><br \/>\n<!-- zone:zn_text [2] --><\/p>\n<h3 style=\"text-align: center;\">Bon \u00e0 savoir<\/h3>\n<p style=\"text-align: center;\">La pratique de l&rsquo;\u00e9co-conduite peut augmenter significativement l&rsquo;autonomie de votre v\u00e9hicule. Par exemple, il est conseill\u00e9 sur autoroute de maintenir une vitesse mod\u00e9r\u00e9e, par exemple 110 km\/h. Des vitesses plus \u00e9lev\u00e9es consomment g\u00e9n\u00e9ralement plus d&rsquo;\u00e9nergie.<\/p>\n<p style=\"text-align: center;\">\u00c0 lire aussi : <a href=\"https:\/\/chargeplus.totalenergies.com\/fr\/conseils-recharge-electrique\/gestes-a-adopter-pour-reduire-sa-consommation\/\">Voiture \u00e9lectrique : les bons gestes \u00e0 adopter pour r\u00e9duire sa consommation<\/a><\/p>\n<p>\t\t\t<!-- \/zone:zn_text [2] --><br \/>\n<!-- zone:zn_text [4] --><\/p>\n<h2>2. Planifier son itin\u00e9raire pour un voyage fluide<\/h2>\n<p>Planifier votre itin\u00e9raire en voiture \u00e9lectrique est indispensable pour assurer un voyage fluide. Bonne nouvelle : il existe de nombreux <strong>planificateurs de trajet pour voiture \u00e9lectrique<\/strong> ! Alors pour \u00e9viter les mauvaises surprises, utilisez des<strong> cartes interactives<\/strong> pour rep\u00e9rer les bornes de recharge, comme celle propos\u00e9e par <a href=\"https:\/\/chargeplus.totalenergies.com\/fr\/application-mobile\/\">Charge+ de TotalEnergies<\/a>, l\u2019application pour localiser facilement les bornes de recharge. En un clin d\u2019\u0153il, vous pouvez localiser les <strong>diff\u00e9rentes infrastructures o\u00f9 recharger la batterie<\/strong> de votre voiture \u00e9lectrique.<\/p>\n<p>Avant de partir, v\u00e9rifiez aussi les d\u00e9tours possibles en cas de <strong>bornes inaccessibles<\/strong> ou hors service. Planifiez votre route en tenant compte des distances entre les bornes de recharge pour \u00e9viter de vous retrouver \u00e0 court de batterie, et gardez toujours une marge pour atteindre la prochaine borne en cas d&rsquo;impr\u00e9vu.<\/p>\n<p>\u00c0 lire aussi : <a href=\"https:\/\/chargeplus.totalenergies.com\/fr\/faq\/itinerance-de-la-recharge\/\">Qu\u2019est-ce que l\u2019itin\u00e9rance de la recharge ?<\/a><\/p>\n<p>\t\t\t<!-- \/zone:zn_text [4] --><br \/>\n<!-- zone:zn_text [5] --><\/p>\n<h3 style=\"text-align: center;\">Bon \u00e0 savoir<\/h3>\n<p style=\"text-align: center;\">Utilisez l&rsquo;application Charge+ pour simplifier vos voyages en voiture \u00e9lectrique. Elle vous aide non seulement \u00e0 recharger avec la carte Charge+ mais aussi \u00e0 localiser les bornes de recharge le long de votre trajet.<\/p>\n<p style=\"text-align: center;\">\u00c0 lire aussi : <a href=\"https:\/\/chargeplus.totalenergies.com\/fr\/conseils-recharge-electrique\/partir-en-vacances-en-voitures-electriques\/\">Partir en vacances en voiture \u00e9lectrique : notre guide pratique<\/a><\/p>\n<p>\t\t\t<!-- \/zone:zn_text [5] --><br \/>\n<!-- zone:zn_text_img [6] --><\/p>\n<h2>3. V\u00e9rifier son v\u00e9hicule avant le d\u00e9part<\/h2>\n<p>Pour garantir un voyage sans encombre, voici une liste de v\u00e9rifications techniques \u00e0 effectuer sur votre v\u00e9hicule \u00e9lectrique :<\/p>\n<ul>\n<li><strong>la batterie<\/strong> : assurez-vous qu&rsquo;elle soit enti\u00e8rement charg\u00e9e ;<\/li>\n<li><strong>les pneus<\/strong> : v\u00e9rifiez la pression et l&rsquo;usure ;<\/li>\n<li><strong>les freins<\/strong> : contr\u00f4lez leur bon fonctionnement ;<\/li>\n<li><strong>les lumi\u00e8res et essuie-glaces<\/strong> : testez-les pour vous assurer de leur bon \u00e9tat ;<\/li>\n<li><strong>les liquides<\/strong> : v\u00e9rifiez le niveau de liquide de refroidissement de la batterie et d&rsquo;autres liquides essentiels.<\/li>\n<\/ul>\n<p>Ces v\u00e9rifications vous aideront \u00e0 pr\u00e9venir les probl\u00e8mes techniques et \u00e0 voyager en toute s\u00e9curit\u00e9.<\/p>\n<p><!-- \/zone:zn_text_img [6] --><br \/>\n<!-- zone:zn_text [8] --><\/p>\n<h2>4. Voyager l\u00e9ger pour \u00e9conomiser l\u2019\u00e9nergie<\/h2>\n<p>Quand vous chargez votre voiture pour un voyage, pensez \u00e0 voyager l\u00e9ger. <strong>Un poids suppl\u00e9mentaire peut r\u00e9duire l&rsquo;autonomie de votre v\u00e9hicule \u00e9lectrique<\/strong>. Emballez donc seulement l&rsquo;essentiel et r\u00e9partissez le poids de mani\u00e8re uniforme. Utilisez l&rsquo;espace de rangement de mani\u00e8re efficace et \u00e9vitez de surcharger votre voiture. En plus d&rsquo;optimiser l&rsquo;autonomie, cela contribue \u00e0 une conduite plus s\u00fbre et plus confortable.<\/p>\n<h2>5. Simplifier vos recharges avec Charge+<\/h2>\n<p>D\u00e9sormais, plus besoin de jongler entre plusieurs badges : un seul suffit et il est disponible sans engagement ! Avec la <a href=\"https:\/\/chargeplus.totalenergies.com\/fr\/carte-de-recharge\/\">carte de recharge Charge+<\/a>, vous disposez d\u2019un acc\u00e8s privil\u00e9gi\u00e9 \u00e0 un <a href=\"https:\/\/chargeplus.totalenergies.com\/fr\/trouver-borne-recharge\/reseau-de-bornes\/\">large r\u00e9seau de bornes de recharge<\/a>.<\/p>\n<p>Une fois activ\u00e9e, la carte Charge+ vous permettra de faire le plein d\u2019\u00e9nergie dans<strong> pr\u00e8s de 160 000 points de recharge en France<\/strong>. Et avec <a href=\"https:\/\/chargeplus.totalenergies.com\/fr\/application-mobile\/\">l\u2019application Charge+ de TotalEnergies<\/a>, vous pouvez facilement localiser ces bornes de recharge pour planifier efficacement vos arr\u00eats. Charge+ propose \u00e9galement des informations sur les <strong>bornes compatibles avec votre v\u00e9hicule<\/strong>, pour des recharges plus efficaces en cours de route.<\/p>\n<p>\t\t\t<!-- \/zone:zn_text [8] --><br \/>\n<!-- zone:zn_text [9] --><\/p>\n<h3 style=\"text-align: center;\">Bon \u00e0 savoir<\/h3>\n<p style=\"text-align: center;\">Comprendre les modes de facturation des bornes de recharge, qui peuvent varier entre la facturation \u00e0 la minute ou selon les kilowattheures, est essentiel pour optimiser les co\u00fbts de recharge de votre v\u00e9hicule \u00e9lectrique. Les tarifs peuvent changer selon l&#8217;emplacement et le fournisseur.<\/p>\n<p>\t\t\t<!-- \/zone:zn_text [9] --><br \/>\n<!-- zone:zn_text [10] --><\/p>\n<h2>6. Anticiper les impr\u00e9vus<\/h2>\n<p>Soyez pr\u00eat \u00e0 g\u00e9rer les impr\u00e9vus, comme des bornes de recharge occup\u00e9es ou d\u00e9fectueuses. <strong>Avoir un plan B<\/strong> pour les recharges d&rsquo;urgence et conna\u00eetre les emplacements des bornes alternatives est essentiel. Emportez \u00e9galement des cartes de recharge suppl\u00e9mentaires pour acc\u00e9der \u00e0 diff\u00e9rents r\u00e9seaux de recharge en cas de besoin.<\/p>\n<p>\u00c0 lire aussi\u202f: <a href=\"https:\/\/chargeplus.totalenergies.com\/fr\/conseils-recharge-electrique\/comment-recharger-voiture-electrique-rapidement\/\">Comment recharger sa voiture \u00e9lectrique rapidement\u202f?<\/a><\/p>\n<p>Envie d\u2019acc\u00e9der \u00e0 un vaste r\u00e9seau de bornes de recharge comprenant plus de 160 000 points de recharge en France ? Commandez votre <a href=\"https:\/\/chargeplus.totalenergies.com\/fr\/carte-de-recharge\/\">carte Charge+<\/a> et activez-la depuis votre application Charge+ de TotalEnergies !<\/p>\n<p>\t\t\t<!-- \/zone:zn_text [10] -->\n<\/div>\n","protected":false},"excerpt":{"rendered":"<p>1. Comprendre l&rsquo;autonomie de votre v\u00e9hicule \u00e9lectrique L&rsquo;autonomie d&rsquo;une voiture \u00e9lectrique est un crit\u00e8re essentiel pour les voyages. Conna\u00eetre la port\u00e9e r\u00e9elle de votre v\u00e9hicule et comment l&rsquo;optimiser peut transformer [&hellip;]<\/p>\n","protected":false},"author":3,"featured_media":2655,"parent":445,"menu_order":0,"comment_status":"closed","ping_status":"closed","template":"","meta":{"_acf_changed":false,"footnotes":""},"class_list":["post-2654","page","type-page","status-publish","has-post-thumbnail","hentry","wp-sticky"],"acf":[],"yoast_head":"<!-- This site is optimized with the Yoast SEO plugin v27.4 - https:\/\/yoast.com\/product\/yoast-seo-wordpress\/ -->\n<title>6 conseils pour planifier votre trajet en voiture \u00e9lectrique | Charge+<\/title>\n<meta name=\"description\" content=\"D\u00e9couvrez nos conseils d&#039;expert pour voyager sereinement en voiture \u00e9lectrique. Optimisez chaque aspect de votre voyage pour un trajet \u00e9co-efficace.\" \/>\n<meta name=\"robots\" content=\"index, follow, max-snippet:-1, max-image-preview:large, max-video-preview:-1\" \/>\n<link rel=\"canonical\" href=\"https:\/\/chargeplus.totalenergies.com\/fr\/conseils-recharge-electrique\/planifier-trajet-voiture-electrique\/\" \/>\n<meta property=\"og:locale\" content=\"fr_FR\" \/>\n<meta property=\"og:type\" content=\"article\" \/>\n<meta property=\"og:title\" content=\"6 conseils pour planifier votre trajet en voiture \u00e9lectrique | Charge+\" \/>\n<meta property=\"og:description\" content=\"D\u00e9couvrez nos conseils d&#039;expert pour voyager sereinement en voiture \u00e9lectrique. Optimisez chaque aspect de votre voyage pour un trajet \u00e9co-efficace.\" \/>\n<meta property=\"og:url\" content=\"https:\/\/chargeplus.totalenergies.com\/fr\/conseils-recharge-electrique\/planifier-trajet-voiture-electrique\/\" \/>\n<meta property=\"og:site_name\" content=\"Charge+\" \/>\n<meta property=\"article:modified_time\" content=\"2026-02-16T15:52:49+00:00\" \/>\n<meta property=\"og:image\" content=\"https:\/\/chargeplus.totalenergies.com\/wp-inside\/uploads\/2024\/02\/planifier-trajet-voiture-electrique.jpg\" \/>\n\t<meta property=\"og:image:width\" content=\"1995\" \/>\n\t<meta property=\"og:image:height\" content=\"1332\" \/>\n\t<meta property=\"og:image:type\" content=\"image\/jpeg\" \/>\n<meta name=\"twitter:card\" content=\"summary_large_image\" \/>\n<meta name=\"twitter:label1\" content=\"Dur\u00e9e de lecture estim\u00e9e\" \/>\n\t<meta name=\"twitter:data1\" content=\"4 minutes\" \/>\n<script type=\"application\/ld+json\" class=\"yoast-schema-graph\">{\"@context\":\"https:\\\/\\\/schema.org\",\"@graph\":[{\"@type\":\"WebPage\",\"@id\":\"https:\\\/\\\/chargeplus.totalenergies.com\\\/fr\\\/conseils-recharge-electrique\\\/planifier-trajet-voiture-electrique\\\/\",\"url\":\"https:\\\/\\\/chargeplus.totalenergies.com\\\/fr\\\/conseils-recharge-electrique\\\/planifier-trajet-voiture-electrique\\\/\",\"name\":\"6 conseils pour planifier votre trajet en voiture \u00e9lectrique\",\"isPartOf\":{\"@id\":\"https:\\\/\\\/chargeplus.totalenergies.com\\\/fr\\\/#website\"},\"primaryImageOfPage\":{\"@id\":\"https:\\\/\\\/chargeplus.totalenergies.com\\\/fr\\\/conseils-recharge-electrique\\\/planifier-trajet-voiture-electrique\\\/#primaryimage\"},\"image\":{\"@id\":\"https:\\\/\\\/chargeplus.totalenergies.com\\\/fr\\\/conseils-recharge-electrique\\\/planifier-trajet-voiture-electrique\\\/#primaryimage\"},\"thumbnailUrl\":\"https:\\\/\\\/chargeplus.totalenergies.com\\\/wp-inside\\\/uploads\\\/2024\\\/02\\\/planifier-trajet-voiture-electrique.jpg\",\"datePublished\":\"2024-02-23T15:42:35+00:00\",\"dateModified\":\"2026-02-16T15:52:49+00:00\",\"description\":\"D\u00e9couvrez nos conseils d'expert pour voyager sereinement en voiture \u00e9lectrique. Optimisez chaque aspect de votre voyage pour un trajet \u00e9co-efficace.\",\"breadcrumb\":{\"@id\":\"https:\\\/\\\/chargeplus.totalenergies.com\\\/fr\\\/conseils-recharge-electrique\\\/planifier-trajet-voiture-electrique\\\/#breadcrumb\"},\"inLanguage\":\"fr-FR\",\"potentialAction\":[{\"@type\":\"ReadAction\",\"target\":[\"https:\\\/\\\/chargeplus.totalenergies.com\\\/fr\\\/conseils-recharge-electrique\\\/planifier-trajet-voiture-electrique\\\/\"]}]},{\"@type\":\"ImageObject\",\"inLanguage\":\"fr-FR\",\"@id\":\"https:\\\/\\\/chargeplus.totalenergies.com\\\/fr\\\/conseils-recharge-electrique\\\/planifier-trajet-voiture-electrique\\\/#primaryimage\",\"url\":\"https:\\\/\\\/chargeplus.totalenergies.com\\\/wp-inside\\\/uploads\\\/2024\\\/02\\\/planifier-trajet-voiture-electrique.jpg\",\"contentUrl\":\"https:\\\/\\\/chargeplus.totalenergies.com\\\/wp-inside\\\/uploads\\\/2024\\\/02\\\/planifier-trajet-voiture-electrique.jpg\",\"width\":1995,\"height\":1332,\"caption\":\"planifier trajet voiture \u00e9lectrique\"},{\"@type\":\"BreadcrumbList\",\"@id\":\"https:\\\/\\\/chargeplus.totalenergies.com\\\/fr\\\/conseils-recharge-electrique\\\/planifier-trajet-voiture-electrique\\\/#breadcrumb\",\"itemListElement\":[{\"@type\":\"ListItem\",\"position\":1,\"name\":\"Accueil\",\"item\":\"https:\\\/\\\/chargeplus.totalenergies.com\\\/fr\\\/\"},{\"@type\":\"ListItem\",\"position\":2,\"name\":\"Voiture \u00e9lectrique&#160;: nos conseils sur la recharge\",\"item\":\"https:\\\/\\\/chargeplus.totalenergies.com\\\/fr\\\/conseils-recharge-electrique\\\/\"},{\"@type\":\"ListItem\",\"position\":3,\"name\":\"Planifier votre trajet en voiture \u00e9lectrique\"}]},{\"@type\":\"WebSite\",\"@id\":\"https:\\\/\\\/chargeplus.totalenergies.com\\\/fr\\\/#website\",\"url\":\"https:\\\/\\\/chargeplus.totalenergies.com\\\/fr\\\/\",\"name\":\"Charge+\",\"description\":\"Voiture \u00e9lectrique : le guide pratique de la recharge\",\"publisher\":{\"@id\":\"https:\\\/\\\/chargeplus.totalenergies.com\\\/fr\\\/#organization\"},\"potentialAction\":[{\"@type\":\"SearchAction\",\"target\":{\"@type\":\"EntryPoint\",\"urlTemplate\":\"https:\\\/\\\/chargeplus.totalenergies.com\\\/fr\\\/?s={search_term_string}\"},\"query-input\":{\"@type\":\"PropertyValueSpecification\",\"valueRequired\":true,\"valueName\":\"search_term_string\"}}],\"inLanguage\":\"fr-FR\"},{\"@type\":\"Organization\",\"@id\":\"https:\\\/\\\/chargeplus.totalenergies.com\\\/fr\\\/#organization\",\"name\":\"Charge+\",\"url\":\"https:\\\/\\\/chargeplus.totalenergies.com\\\/fr\\\/\",\"logo\":{\"@type\":\"ImageObject\",\"inLanguage\":\"fr-FR\",\"@id\":\"https:\\\/\\\/chargeplus.totalenergies.com\\\/fr\\\/#\\\/schema\\\/logo\\\/image\\\/\",\"url\":\"https:\\\/\\\/chargeplus.totalenergies.com\\\/wp-inside\\\/uploads\\\/2023\\\/07\\\/logo-borne-recharge.jpg\",\"contentUrl\":\"https:\\\/\\\/chargeplus.totalenergies.com\\\/wp-inside\\\/uploads\\\/2023\\\/07\\\/logo-borne-recharge.jpg\",\"width\":150,\"height\":150,\"caption\":\"Charge+\"},\"image\":{\"@id\":\"https:\\\/\\\/chargeplus.totalenergies.com\\\/fr\\\/#\\\/schema\\\/logo\\\/image\\\/\"}}]}<\/script>\n<!-- \/ Yoast SEO plugin. -->","yoast_head_json":{"title":"6 conseils pour planifier votre trajet en voiture \u00e9lectrique | Charge+","description":"D\u00e9couvrez nos conseils d'expert pour voyager sereinement en voiture \u00e9lectrique. Optimisez chaque aspect de votre voyage pour un trajet \u00e9co-efficace.","robots":{"index":"index","follow":"follow","max-snippet":"max-snippet:-1","max-image-preview":"max-image-preview:large","max-video-preview":"max-video-preview:-1"},"canonical":"https:\/\/chargeplus.totalenergies.com\/fr\/conseils-recharge-electrique\/planifier-trajet-voiture-electrique\/","og_locale":"fr_FR","og_type":"article","og_title":"6 conseils pour planifier votre trajet en voiture \u00e9lectrique | Charge+","og_description":"D\u00e9couvrez nos conseils d'expert pour voyager sereinement en voiture \u00e9lectrique. Optimisez chaque aspect de votre voyage pour un trajet \u00e9co-efficace.","og_url":"https:\/\/chargeplus.totalenergies.com\/fr\/conseils-recharge-electrique\/planifier-trajet-voiture-electrique\/","og_site_name":"Charge+","article_modified_time":"2026-02-16T15:52:49+00:00","og_image":[{"width":1995,"height":1332,"url":"https:\/\/chargeplus.totalenergies.com\/wp-inside\/uploads\/2024\/02\/planifier-trajet-voiture-electrique.jpg","type":"image\/jpeg"}],"twitter_card":"summary_large_image","twitter_misc":{"Dur\u00e9e de lecture estim\u00e9e":"4 minutes"},"schema":{"@context":"https:\/\/schema.org","@graph":[{"@type":"WebPage","@id":"https:\/\/chargeplus.totalenergies.com\/fr\/conseils-recharge-electrique\/planifier-trajet-voiture-electrique\/","url":"https:\/\/chargeplus.totalenergies.com\/fr\/conseils-recharge-electrique\/planifier-trajet-voiture-electrique\/","name":"6 conseils pour planifier votre trajet en voiture \u00e9lectrique","isPartOf":{"@id":"https:\/\/chargeplus.totalenergies.com\/fr\/#website"},"primaryImageOfPage":{"@id":"https:\/\/chargeplus.totalenergies.com\/fr\/conseils-recharge-electrique\/planifier-trajet-voiture-electrique\/#primaryimage"},"image":{"@id":"https:\/\/chargeplus.totalenergies.com\/fr\/conseils-recharge-electrique\/planifier-trajet-voiture-electrique\/#primaryimage"},"thumbnailUrl":"https:\/\/chargeplus.totalenergies.com\/wp-inside\/uploads\/2024\/02\/planifier-trajet-voiture-electrique.jpg","datePublished":"2024-02-23T15:42:35+00:00","dateModified":"2026-02-16T15:52:49+00:00","description":"D\u00e9couvrez nos conseils d'expert pour voyager sereinement en voiture \u00e9lectrique. Optimisez chaque aspect de votre voyage pour un trajet \u00e9co-efficace.","breadcrumb":{"@id":"https:\/\/chargeplus.totalenergies.com\/fr\/conseils-recharge-electrique\/planifier-trajet-voiture-electrique\/#breadcrumb"},"inLanguage":"fr-FR","potentialAction":[{"@type":"ReadAction","target":["https:\/\/chargeplus.totalenergies.com\/fr\/conseils-recharge-electrique\/planifier-trajet-voiture-electrique\/"]}]},{"@type":"ImageObject","inLanguage":"fr-FR","@id":"https:\/\/chargeplus.totalenergies.com\/fr\/conseils-recharge-electrique\/planifier-trajet-voiture-electrique\/#primaryimage","url":"https:\/\/chargeplus.totalenergies.com\/wp-inside\/uploads\/2024\/02\/planifier-trajet-voiture-electrique.jpg","contentUrl":"https:\/\/chargeplus.totalenergies.com\/wp-inside\/uploads\/2024\/02\/planifier-trajet-voiture-electrique.jpg","width":1995,"height":1332,"caption":"planifier trajet voiture \u00e9lectrique"},{"@type":"BreadcrumbList","@id":"https:\/\/chargeplus.totalenergies.com\/fr\/conseils-recharge-electrique\/planifier-trajet-voiture-electrique\/#breadcrumb","itemListElement":[{"@type":"ListItem","position":1,"name":"Accueil","item":"https:\/\/chargeplus.totalenergies.com\/fr\/"},{"@type":"ListItem","position":2,"name":"Voiture \u00e9lectrique&#160;: nos conseils sur la recharge","item":"https:\/\/chargeplus.totalenergies.com\/fr\/conseils-recharge-electrique\/"},{"@type":"ListItem","position":3,"name":"Planifier votre trajet en voiture \u00e9lectrique"}]},{"@type":"WebSite","@id":"https:\/\/chargeplus.totalenergies.com\/fr\/#website","url":"https:\/\/chargeplus.totalenergies.com\/fr\/","name":"Charge+","description":"Voiture \u00e9lectrique : le guide pratique de la recharge","publisher":{"@id":"https:\/\/chargeplus.totalenergies.com\/fr\/#organization"},"potentialAction":[{"@type":"SearchAction","target":{"@type":"EntryPoint","urlTemplate":"https:\/\/chargeplus.totalenergies.com\/fr\/?s={search_term_string}"},"query-input":{"@type":"PropertyValueSpecification","valueRequired":true,"valueName":"search_term_string"}}],"inLanguage":"fr-FR"},{"@type":"Organization","@id":"https:\/\/chargeplus.totalenergies.com\/fr\/#organization","name":"Charge+","url":"https:\/\/chargeplus.totalenergies.com\/fr\/","logo":{"@type":"ImageObject","inLanguage":"fr-FR","@id":"https:\/\/chargeplus.totalenergies.com\/fr\/#\/schema\/logo\/image\/","url":"https:\/\/chargeplus.totalenergies.com\/wp-inside\/uploads\/2023\/07\/logo-borne-recharge.jpg","contentUrl":"https:\/\/chargeplus.totalenergies.com\/wp-inside\/uploads\/2023\/07\/logo-borne-recharge.jpg","width":150,"height":150,"caption":"Charge+"},"image":{"@id":"https:\/\/chargeplus.totalenergies.com\/fr\/#\/schema\/logo\/image\/"}}]}},"_links":{"self":[{"href":"https:\/\/chargeplus.totalenergies.com\/fr\/wp-json\/wp\/v2\/pages\/2654","targetHints":{"allow":["GET"]}}],"collection":[{"href":"https:\/\/chargeplus.totalenergies.com\/fr\/wp-json\/wp\/v2\/pages"}],"about":[{"href":"https:\/\/chargeplus.totalenergies.com\/fr\/wp-json\/wp\/v2\/types\/page"}],"author":[{"embeddable":true,"href":"https:\/\/chargeplus.totalenergies.com\/fr\/wp-json\/wp\/v2\/users\/3"}],"replies":[{"embeddable":true,"href":"https:\/\/chargeplus.totalenergies.com\/fr\/wp-json\/wp\/v2\/comments?post=2654"}],"version-history":[{"count":18,"href":"https:\/\/chargeplus.totalenergies.com\/fr\/wp-json\/wp\/v2\/pages\/2654\/revisions"}],"predecessor-version":[{"id":5054,"href":"https:\/\/chargeplus.totalenergies.com\/fr\/wp-json\/wp\/v2\/pages\/2654\/revisions\/5054"}],"up":[{"embeddable":true,"href":"https:\/\/chargeplus.totalenergies.com\/fr\/wp-json\/wp\/v2\/pages\/445"}],"wp:featuredmedia":[{"embeddable":true,"href":"https:\/\/chargeplus.totalenergies.com\/fr\/wp-json\/wp\/v2\/media\/2655"}],"wp:attachment":[{"href":"https:\/\/chargeplus.totalenergies.com\/fr\/wp-json\/wp\/v2\/media?parent=2654"}],"curies":[{"name":"wp","href":"https:\/\/api.w.org\/{rel}","templated":true}]}}