{"id":2733,"date":"2024-03-08T11:25:25","date_gmt":"2024-03-08T10:25:25","guid":{"rendered":"https:\/\/chargeplus.totalenergies.com\/?page_id=2733"},"modified":"2024-07-29T20:12:36","modified_gmt":"2024-07-29T18:12:36","slug":"comment-obtenir-bonus-ecologique","status":"publish","type":"page","link":"https:\/\/chargeplus.totalenergies.com\/fr\/conseils-recharge-electrique\/comment-obtenir-bonus-ecologique\/","title":{"rendered":"Comment obtenir le bonus \u00e9cologique"},"content":{"rendered":"<div class=\"wp-post-content\"><!-- zone:zn_pagebanner [0] --><br \/>\n\t\t<!-- \/zone:zn_pagebanner [0] --><br \/>\n<!-- zone:zn_text [1] --><\/p>\n<h2 style=\"text-align: center;\">Qu\u2019est-ce que le bonus \u00e9cologique ?<\/h2>\n<p style=\"text-align: center;\">Apparu \u00e0 la suite du Grenelle de l\u2019environnement en 2007, le bonus \u00e9cologique est une<strong> aide \u00e0 l\u2019achat ou \u00e0 la location<\/strong> d&rsquo;un <a href=\"https:\/\/chargeplus.totalenergies.com\/fr\/conseils-recharge-electrique\/achat-voiture-electrique-est-il-rentable\/\">v\u00e9hicule 100 % \u00e9lectrique<\/a> ou hydrog\u00e8ne neuf peu polluant, qui n\u2019\u00e9met pas de CO2 \u00e0 l\u2019usage.<\/p>\n<p style=\"text-align: center;\">Cette aide gouvernementale a pour objectif de faciliter le renouvellement du parc automobile fran\u00e7ais et de <strong>favoriser l\u2019acquisition de v\u00e9hicules dits \u00ab propres \u00bb<\/strong> par les particuliers et les professionnels.<\/p>\n<p>\t\t\t<!-- \/zone:zn_text [1] --><br \/>\n<!-- zone:zn_text [2] --><\/p>\n<h3 style=\"text-align: center;\">Bon \u00e0 savoir<\/h3>\n<p style=\"text-align: center;\">Il ne faut pas confondre bonus \u00e9cologique et prime \u00e0 la conversion. La prime \u00e0 la conversion est une aide \u00e0 l\u2019acquisition d\u2019un v\u00e9hicule peu polluant en \u00e9change de la mise au rebut d\u2019un v\u00e9hicule class\u00e9 Crit\u2019Air 3 ou plus ancien.<\/p>\n<p>\t\t\t<!-- \/zone:zn_text [2] --><br \/>\n<!-- zone:zn_text [4] --><\/p>\n<h2>Qui peut b\u00e9n\u00e9ficier du bonus \u00e9cologique ?<\/h2>\n<p>Tous les particuliers peuvent b\u00e9n\u00e9ficier du <a href=\"https:\/\/www.economie.gouv.fr\/particuliers\/bonus-ecologique\" target=\"_blank\" rel=\"noopener\">bonus \u00e9cologique<\/a>, sans condition de ressources. Toutefois, le montant accord\u00e9 <strong>varie en fonction du revenu fiscal de r\u00e9f\u00e9rence du demandeur<\/strong>. Les personnes morales (entreprises et professionnels), ainsi que les administrations de l\u2019\u00c9tat, peuvent aussi profiter de ce dispositif.<\/p>\n<p>Pour b\u00e9n\u00e9ficier du bonus \u00e9cologique, l\u2019automobiliste doit cependant :<\/p>\n<ul>\n<li>\u00eatre majeur et <strong>domicili\u00e9 en France<\/strong> ;<\/li>\n<li>acheter ou louer pour <strong>une dur\u00e9e d\u2019au moins deux ans<\/strong> un v\u00e9hicule neuf immatricul\u00e9 en France ;<\/li>\n<li>acqu\u00e9rir un v\u00e9hicule propre dont le taux d&rsquo;\u00e9mission de CO2 est de 0 g\/km, <strong>dont le prix d\u2019achat ne d\u00e9passe pas 47 000 \u20ac<\/strong> et ayant une masse inf\u00e9rieure \u00e0 2,4 tonnes ;<\/li>\n<li>s\u2019engager \u00e0 ne pas revendre son v\u00e9hicule dans les 12 mois suivant la date de facturation ou de versement du premier loyer, ni avant d\u2019avoir parcouru<strong> au moins 6 000 km<\/strong>.<\/li>\n<\/ul>\n<p>\t\t\t<!-- \/zone:zn_text [4] --><br \/>\n<!-- zone:zn_text_img [6] --><\/p>\n<h2>Quelles sont les voitures \u00e9ligibles au bonus \u00e9cologique ?<\/h2>\n<p><a href=\"https:\/\/www.gouvernement.fr\/actualite\/la-liste-des-voitures-eligibles-au-bonus-ecologique\" target=\"_blank\" rel=\"noopener\">La liste des voitures \u00e9ligibles au bonus \u00e9cologique en 2024<\/a> fix\u00e9e par le Gouvernement est plus stricte que les ann\u00e9es pr\u00e9c\u00e9dentes. Pour b\u00e9n\u00e9ficier du bonus \u00e9cologique, le v\u00e9hicule doit d\u00e9sormais r\u00e9pondre \u00e0 <strong>un score environnemental minimal<\/strong> qui permet d\u2019identifier les v\u00e9hicules les plus vertueux sur l\u2019ensemble de leur cycle de vie.<\/p>\n<p>Ce score environnemental minimal est calcul\u00e9 en tenant compte de <strong>l\u2019empreinte carbone des diff\u00e9rentes \u00e9tapes pr\u00e9c\u00e9dant sa mise en vente<\/strong> : approvisionnement en mati\u00e8res premi\u00e8res, production de la batterie, assemblage du v\u00e9hicule, transport du v\u00e9hicule jusqu\u2019au point de vente final, etc.<\/p>\n<p>Pour \u00eatre \u00e9ligible au bonus \u00e9cologique, un v\u00e9hicule doit avoir un score minimal de <strong>60 points sur 80<\/strong>. Cette d\u00e9cision politique vise \u00e0 favoriser les v\u00e9hicules \u00e0 faible empreinte carbone et, de facto, les <a href=\"https:\/\/chargeplus.totalenergies.com\/fr\/passer-a-lelectrique\/voitures-electriques-frabriquees-france\/\">mod\u00e8les produits en France<\/a> et en Europe.<\/p>\n<p>\u00c0 lire aussi : <a href=\"https:\/\/chargeplus.totalenergies.com\/fr\/passer-a-lelectrique\/comment-choisir-sa-future-voiture-electrique\/\">Comment choisir sa future voiture \u00e9lectrique ?<\/a><\/p>\n<p><!-- \/zone:zn_text_img [6] --><br \/>\n<!-- zone:zn_text [8] --><\/p>\n<h2>Bonus \u00e9cologique : qu\u2019est-ce qui change en 2024 ?<\/h2>\n<p>Depuis mi-f\u00e9vrier, les modalit\u00e9s du bonus \u00e9cologique pour l\u2019achat ou la location d\u2019un v\u00e9hicule ont \u00e9volu\u00e9, avec un montant maximal diminu\u00e9 de 1 000 euros pour les m\u00e9nages les plus ais\u00e9s.<\/p>\n<p>L\u2019aide est d\u00e9sormais <strong>plafonn\u00e9e \u00e0 4 000 euros<\/strong> &#8211; contre 5 000 euros en 2023 &#8211; pour les m\u00e9nages des cinq plus hauts d\u00e9ciles de revenus, c\u2019est-\u00e0-dire dont le revenu fiscal de r\u00e9f\u00e9rence par part est sup\u00e9rieur \u00e0 15 400 euros. En revanche, si votre revenu fiscal de r\u00e9f\u00e9rence par part est inf\u00e9rieur ou \u00e9gal \u00e0 15 400 euros, le montant maximal de ce bonus \u00e9cologique reste de<strong> 7 000 euros<\/strong> en 2024.<\/p>\n<p>\u00c0 lire aussi : <a href=\"https:\/\/chargeplus.totalenergies.com\/fr\/passer-a-lelectrique\/avantages-inconvenients-voiture-electrique\/\">Quels sont les avantages et les inconv\u00e9nients d\u2019une voiture \u00e9lectrique ?<\/a><\/p>\n<h2>Comment b\u00e9n\u00e9ficier du bonus \u00e9cologique ?<\/h2>\n<p>En g\u00e9n\u00e9ral, le bonus est <strong>d\u00e9duit directement par le concessionnaire<\/strong> lors de l\u2019acquisition du v\u00e9hicule neuf. Toutefois, il arrive que la d\u00e9marche ne soit pas automatique et qu\u2019elle requiert une action de votre part. Dans ce cas, il suffit de d\u00e9poser vous-m\u00eame une <a href=\"https:\/\/www.asp-public.fr\/aides\/bonus-ecologique-et-prime-la-conversion-espace-des-demandeurs\" target=\"_blank\" rel=\"noopener\">demande de bonus \u00e9cologique<\/a> aupr\u00e8s de l\u2019Agence de service et de paiement (ASP) au plus tard <strong>dans les six mois suivant la date de facturation du v\u00e9hicule.<\/strong><\/p>\n<p>\t\t\t<!-- \/zone:zn_text [8] -->\n<\/div>\n","protected":false},"excerpt":{"rendered":"<p>Qu\u2019est-ce que le bonus \u00e9cologique ? Apparu \u00e0 la suite du Grenelle de l\u2019environnement en 2007, le bonus \u00e9cologique est une aide \u00e0 l\u2019achat ou \u00e0 la location d&rsquo;un v\u00e9hicule [&hellip;]<\/p>\n","protected":false},"author":3,"featured_media":2739,"parent":445,"menu_order":0,"comment_status":"closed","ping_status":"closed","template":"","meta":{"_acf_changed":false,"footnotes":""},"class_list":["post-2733","page","type-page","status-publish","has-post-thumbnail","hentry","wp-sticky"],"acf":[],"yoast_head":"<!-- This site is optimized with the Yoast SEO plugin v27.4 - https:\/\/yoast.com\/product\/yoast-seo-wordpress\/ -->\n<title>Comment obtenir le bonus \u00e9cologique | Charge+<\/title>\n<meta name=\"robots\" content=\"index, follow, max-snippet:-1, max-image-preview:large, max-video-preview:-1\" \/>\n<link rel=\"canonical\" href=\"https:\/\/chargeplus.totalenergies.com\/fr\/conseils-recharge-electrique\/comment-obtenir-bonus-ecologique\/\" \/>\n<meta property=\"og:locale\" content=\"fr_FR\" \/>\n<meta property=\"og:type\" content=\"article\" \/>\n<meta property=\"og:title\" content=\"Comment obtenir le bonus \u00e9cologique | Charge+\" \/>\n<meta property=\"og:description\" content=\"Qu\u2019est-ce que le bonus \u00e9cologique ? Apparu \u00e0 la suite du Grenelle de l\u2019environnement en 2007, le bonus \u00e9cologique est une aide \u00e0 l\u2019achat ou \u00e0 la location d&rsquo;un v\u00e9hicule [&hellip;]\" \/>\n<meta property=\"og:url\" content=\"https:\/\/chargeplus.totalenergies.com\/fr\/conseils-recharge-electrique\/comment-obtenir-bonus-ecologique\/\" \/>\n<meta property=\"og:site_name\" content=\"Charge+\" \/>\n<meta property=\"article:modified_time\" content=\"2024-07-29T18:12:36+00:00\" \/>\n<meta property=\"og:image\" content=\"https:\/\/chargeplus.totalenergies.com\/wp-inside\/uploads\/2024\/03\/bonus-ecologique-2024.jpg\" \/>\n\t<meta property=\"og:image:width\" content=\"2000\" \/>\n\t<meta property=\"og:image:height\" content=\"1333\" \/>\n\t<meta property=\"og:image:type\" content=\"image\/jpeg\" \/>\n<meta name=\"twitter:card\" content=\"summary_large_image\" \/>\n<meta name=\"twitter:label1\" content=\"Dur\u00e9e de lecture estim\u00e9e\" \/>\n\t<meta name=\"twitter:data1\" content=\"3 minutes\" \/>\n<script type=\"application\/ld+json\" class=\"yoast-schema-graph\">{\"@context\":\"https:\\\/\\\/schema.org\",\"@graph\":[{\"@type\":\"WebPage\",\"@id\":\"https:\\\/\\\/chargeplus.totalenergies.com\\\/fr\\\/conseils-recharge-electrique\\\/comment-obtenir-bonus-ecologique\\\/\",\"url\":\"https:\\\/\\\/chargeplus.totalenergies.com\\\/fr\\\/conseils-recharge-electrique\\\/comment-obtenir-bonus-ecologique\\\/\",\"name\":\"Comment obtenir le bonus \u00e9cologique\",\"isPartOf\":{\"@id\":\"https:\\\/\\\/chargeplus.totalenergies.com\\\/fr\\\/#website\"},\"primaryImageOfPage\":{\"@id\":\"https:\\\/\\\/chargeplus.totalenergies.com\\\/fr\\\/conseils-recharge-electrique\\\/comment-obtenir-bonus-ecologique\\\/#primaryimage\"},\"image\":{\"@id\":\"https:\\\/\\\/chargeplus.totalenergies.com\\\/fr\\\/conseils-recharge-electrique\\\/comment-obtenir-bonus-ecologique\\\/#primaryimage\"},\"thumbnailUrl\":\"https:\\\/\\\/chargeplus.totalenergies.com\\\/wp-inside\\\/uploads\\\/2024\\\/03\\\/bonus-ecologique-2024.jpg\",\"datePublished\":\"2024-03-08T10:25:25+00:00\",\"dateModified\":\"2024-07-29T18:12:36+00:00\",\"breadcrumb\":{\"@id\":\"https:\\\/\\\/chargeplus.totalenergies.com\\\/fr\\\/conseils-recharge-electrique\\\/comment-obtenir-bonus-ecologique\\\/#breadcrumb\"},\"inLanguage\":\"fr-FR\",\"potentialAction\":[{\"@type\":\"ReadAction\",\"target\":[\"https:\\\/\\\/chargeplus.totalenergies.com\\\/fr\\\/conseils-recharge-electrique\\\/comment-obtenir-bonus-ecologique\\\/\"]}]},{\"@type\":\"ImageObject\",\"inLanguage\":\"fr-FR\",\"@id\":\"https:\\\/\\\/chargeplus.totalenergies.com\\\/fr\\\/conseils-recharge-electrique\\\/comment-obtenir-bonus-ecologique\\\/#primaryimage\",\"url\":\"https:\\\/\\\/chargeplus.totalenergies.com\\\/wp-inside\\\/uploads\\\/2024\\\/03\\\/bonus-ecologique-2024.jpg\",\"contentUrl\":\"https:\\\/\\\/chargeplus.totalenergies.com\\\/wp-inside\\\/uploads\\\/2024\\\/03\\\/bonus-ecologique-2024.jpg\",\"width\":2000,\"height\":1333,\"caption\":\"bonus \u00e9cologique 2024\"},{\"@type\":\"BreadcrumbList\",\"@id\":\"https:\\\/\\\/chargeplus.totalenergies.com\\\/fr\\\/conseils-recharge-electrique\\\/comment-obtenir-bonus-ecologique\\\/#breadcrumb\",\"itemListElement\":[{\"@type\":\"ListItem\",\"position\":1,\"name\":\"Accueil\",\"item\":\"https:\\\/\\\/chargeplus.totalenergies.com\\\/fr\\\/\"},{\"@type\":\"ListItem\",\"position\":2,\"name\":\"Voiture \u00e9lectrique&#160;: nos conseils sur la recharge\",\"item\":\"https:\\\/\\\/chargeplus.totalenergies.com\\\/fr\\\/conseils-recharge-electrique\\\/\"},{\"@type\":\"ListItem\",\"position\":3,\"name\":\"Comment obtenir le bonus \u00e9cologique\"}]},{\"@type\":\"WebSite\",\"@id\":\"https:\\\/\\\/chargeplus.totalenergies.com\\\/fr\\\/#website\",\"url\":\"https:\\\/\\\/chargeplus.totalenergies.com\\\/fr\\\/\",\"name\":\"Charge+\",\"description\":\"Voiture \u00e9lectrique : le guide pratique de la recharge\",\"publisher\":{\"@id\":\"https:\\\/\\\/chargeplus.totalenergies.com\\\/fr\\\/#organization\"},\"potentialAction\":[{\"@type\":\"SearchAction\",\"target\":{\"@type\":\"EntryPoint\",\"urlTemplate\":\"https:\\\/\\\/chargeplus.totalenergies.com\\\/fr\\\/?s={search_term_string}\"},\"query-input\":{\"@type\":\"PropertyValueSpecification\",\"valueRequired\":true,\"valueName\":\"search_term_string\"}}],\"inLanguage\":\"fr-FR\"},{\"@type\":\"Organization\",\"@id\":\"https:\\\/\\\/chargeplus.totalenergies.com\\\/fr\\\/#organization\",\"name\":\"Charge+\",\"url\":\"https:\\\/\\\/chargeplus.totalenergies.com\\\/fr\\\/\",\"logo\":{\"@type\":\"ImageObject\",\"inLanguage\":\"fr-FR\",\"@id\":\"https:\\\/\\\/chargeplus.totalenergies.com\\\/fr\\\/#\\\/schema\\\/logo\\\/image\\\/\",\"url\":\"https:\\\/\\\/chargeplus.totalenergies.com\\\/wp-inside\\\/uploads\\\/2023\\\/07\\\/logo-borne-recharge.jpg\",\"contentUrl\":\"https:\\\/\\\/chargeplus.totalenergies.com\\\/wp-inside\\\/uploads\\\/2023\\\/07\\\/logo-borne-recharge.jpg\",\"width\":150,\"height\":150,\"caption\":\"Charge+\"},\"image\":{\"@id\":\"https:\\\/\\\/chargeplus.totalenergies.com\\\/fr\\\/#\\\/schema\\\/logo\\\/image\\\/\"}}]}<\/script>\n<!-- \/ Yoast SEO plugin. -->","yoast_head_json":{"title":"Comment obtenir le bonus \u00e9cologique | Charge+","robots":{"index":"index","follow":"follow","max-snippet":"max-snippet:-1","max-image-preview":"max-image-preview:large","max-video-preview":"max-video-preview:-1"},"canonical":"https:\/\/chargeplus.totalenergies.com\/fr\/conseils-recharge-electrique\/comment-obtenir-bonus-ecologique\/","og_locale":"fr_FR","og_type":"article","og_title":"Comment obtenir le bonus \u00e9cologique | Charge+","og_description":"Qu\u2019est-ce que le bonus \u00e9cologique ? Apparu \u00e0 la suite du Grenelle de l\u2019environnement en 2007, le bonus \u00e9cologique est une aide \u00e0 l\u2019achat ou \u00e0 la location d&rsquo;un v\u00e9hicule [&hellip;]","og_url":"https:\/\/chargeplus.totalenergies.com\/fr\/conseils-recharge-electrique\/comment-obtenir-bonus-ecologique\/","og_site_name":"Charge+","article_modified_time":"2024-07-29T18:12:36+00:00","og_image":[{"width":2000,"height":1333,"url":"https:\/\/chargeplus.totalenergies.com\/wp-inside\/uploads\/2024\/03\/bonus-ecologique-2024.jpg","type":"image\/jpeg"}],"twitter_card":"summary_large_image","twitter_misc":{"Dur\u00e9e de lecture estim\u00e9e":"3 minutes"},"schema":{"@context":"https:\/\/schema.org","@graph":[{"@type":"WebPage","@id":"https:\/\/chargeplus.totalenergies.com\/fr\/conseils-recharge-electrique\/comment-obtenir-bonus-ecologique\/","url":"https:\/\/chargeplus.totalenergies.com\/fr\/conseils-recharge-electrique\/comment-obtenir-bonus-ecologique\/","name":"Comment obtenir le bonus \u00e9cologique","isPartOf":{"@id":"https:\/\/chargeplus.totalenergies.com\/fr\/#website"},"primaryImageOfPage":{"@id":"https:\/\/chargeplus.totalenergies.com\/fr\/conseils-recharge-electrique\/comment-obtenir-bonus-ecologique\/#primaryimage"},"image":{"@id":"https:\/\/chargeplus.totalenergies.com\/fr\/conseils-recharge-electrique\/comment-obtenir-bonus-ecologique\/#primaryimage"},"thumbnailUrl":"https:\/\/chargeplus.totalenergies.com\/wp-inside\/uploads\/2024\/03\/bonus-ecologique-2024.jpg","datePublished":"2024-03-08T10:25:25+00:00","dateModified":"2024-07-29T18:12:36+00:00","breadcrumb":{"@id":"https:\/\/chargeplus.totalenergies.com\/fr\/conseils-recharge-electrique\/comment-obtenir-bonus-ecologique\/#breadcrumb"},"inLanguage":"fr-FR","potentialAction":[{"@type":"ReadAction","target":["https:\/\/chargeplus.totalenergies.com\/fr\/conseils-recharge-electrique\/comment-obtenir-bonus-ecologique\/"]}]},{"@type":"ImageObject","inLanguage":"fr-FR","@id":"https:\/\/chargeplus.totalenergies.com\/fr\/conseils-recharge-electrique\/comment-obtenir-bonus-ecologique\/#primaryimage","url":"https:\/\/chargeplus.totalenergies.com\/wp-inside\/uploads\/2024\/03\/bonus-ecologique-2024.jpg","contentUrl":"https:\/\/chargeplus.totalenergies.com\/wp-inside\/uploads\/2024\/03\/bonus-ecologique-2024.jpg","width":2000,"height":1333,"caption":"bonus \u00e9cologique 2024"},{"@type":"BreadcrumbList","@id":"https:\/\/chargeplus.totalenergies.com\/fr\/conseils-recharge-electrique\/comment-obtenir-bonus-ecologique\/#breadcrumb","itemListElement":[{"@type":"ListItem","position":1,"name":"Accueil","item":"https:\/\/chargeplus.totalenergies.com\/fr\/"},{"@type":"ListItem","position":2,"name":"Voiture \u00e9lectrique&#160;: nos conseils sur la recharge","item":"https:\/\/chargeplus.totalenergies.com\/fr\/conseils-recharge-electrique\/"},{"@type":"ListItem","position":3,"name":"Comment obtenir le bonus \u00e9cologique"}]},{"@type":"WebSite","@id":"https:\/\/chargeplus.totalenergies.com\/fr\/#website","url":"https:\/\/chargeplus.totalenergies.com\/fr\/","name":"Charge+","description":"Voiture \u00e9lectrique : le guide pratique de la recharge","publisher":{"@id":"https:\/\/chargeplus.totalenergies.com\/fr\/#organization"},"potentialAction":[{"@type":"SearchAction","target":{"@type":"EntryPoint","urlTemplate":"https:\/\/chargeplus.totalenergies.com\/fr\/?s={search_term_string}"},"query-input":{"@type":"PropertyValueSpecification","valueRequired":true,"valueName":"search_term_string"}}],"inLanguage":"fr-FR"},{"@type":"Organization","@id":"https:\/\/chargeplus.totalenergies.com\/fr\/#organization","name":"Charge+","url":"https:\/\/chargeplus.totalenergies.com\/fr\/","logo":{"@type":"ImageObject","inLanguage":"fr-FR","@id":"https:\/\/chargeplus.totalenergies.com\/fr\/#\/schema\/logo\/image\/","url":"https:\/\/chargeplus.totalenergies.com\/wp-inside\/uploads\/2023\/07\/logo-borne-recharge.jpg","contentUrl":"https:\/\/chargeplus.totalenergies.com\/wp-inside\/uploads\/2023\/07\/logo-borne-recharge.jpg","width":150,"height":150,"caption":"Charge+"},"image":{"@id":"https:\/\/chargeplus.totalenergies.com\/fr\/#\/schema\/logo\/image\/"}}]}},"_links":{"self":[{"href":"https:\/\/chargeplus.totalenergies.com\/fr\/wp-json\/wp\/v2\/pages\/2733","targetHints":{"allow":["GET"]}}],"collection":[{"href":"https:\/\/chargeplus.totalenergies.com\/fr\/wp-json\/wp\/v2\/pages"}],"about":[{"href":"https:\/\/chargeplus.totalenergies.com\/fr\/wp-json\/wp\/v2\/types\/page"}],"author":[{"embeddable":true,"href":"https:\/\/chargeplus.totalenergies.com\/fr\/wp-json\/wp\/v2\/users\/3"}],"replies":[{"embeddable":true,"href":"https:\/\/chargeplus.totalenergies.com\/fr\/wp-json\/wp\/v2\/comments?post=2733"}],"version-history":[{"count":13,"href":"https:\/\/chargeplus.totalenergies.com\/fr\/wp-json\/wp\/v2\/pages\/2733\/revisions"}],"predecessor-version":[{"id":3148,"href":"https:\/\/chargeplus.totalenergies.com\/fr\/wp-json\/wp\/v2\/pages\/2733\/revisions\/3148"}],"up":[{"embeddable":true,"href":"https:\/\/chargeplus.totalenergies.com\/fr\/wp-json\/wp\/v2\/pages\/445"}],"wp:featuredmedia":[{"embeddable":true,"href":"https:\/\/chargeplus.totalenergies.com\/fr\/wp-json\/wp\/v2\/media\/2739"}],"wp:attachment":[{"href":"https:\/\/chargeplus.totalenergies.com\/fr\/wp-json\/wp\/v2\/media?parent=2733"}],"curies":[{"name":"wp","href":"https:\/\/api.w.org\/{rel}","templated":true}]}}