{"id":2834,"date":"2024-03-27T07:30:56","date_gmt":"2024-03-27T06:30:56","guid":{"rendered":"https:\/\/chargeplus.totalenergies.com\/?page_id=2834"},"modified":"2026-02-16T16:49:43","modified_gmt":"2026-02-16T15:49:43","slug":"hotel-avec-borne-recharge","status":"publish","type":"page","link":"https:\/\/chargeplus.totalenergies.com\/fr\/conseils-recharge-electrique\/hotel-avec-borne-recharge\/","title":{"rendered":"H\u00f4tel avec borne de recharge"},"content":{"rendered":"<div class=\"wp-post-content\"><!-- zone:zn_pagebanner [0] --><br \/>\n\t\t<!-- \/zone:zn_pagebanner [0] --><br \/>\n<!-- zone:zn_text [1] --><\/p>\n<h2>Bornes de recharge : quelles obligations pour les h\u00f4tels ?<\/h2>\n<p>Le parc automobile fran\u00e7ais entame une mue profonde, avec le <strong>d\u00e9veloppement massif de l\u2019\u00e9lectrique<\/strong>. Le Parlement europ\u00e9en entend mettre <strong>fin \u00e0 la vente de tous les mod\u00e8les de voitures neuves thermiques en 2035<\/strong>, ce qui suppose \u00e9galement le <strong>d\u00e9ploiement de bornes de recharge<\/strong> pour accompagner cette transformation.<\/p>\n<p>D\u2019apr\u00e8s l\u2019Ademe, au 31 juillet 2022, la France enregistrait 66 960 points de recharge ouverts au public, soit une augmentation de 49 % en une ann\u00e9e. Dans ce contexte, la Loi d\u2019Orientation des Mobilit\u00e9s (LOM) \u2013 qui a pour objectif la neutralit\u00e9 carbone des transports terrestres \u00e0 l\u2019horizon 2050 &#8211; souhaite aller encore plus loin en <strong>rendant obligatoire, pour les h\u00f4tels, l\u2019\u00e9quipement en bornes de recharge sur leur parking d\u2019ici 2025<\/strong>. Cela concerne les parkings priv\u00e9s d\u2019h\u00f4tels, qu\u2019ils soient ouverts ou non au public, de plus de 20 places de stationnement. Un point de recharge toutes les 20 places devra ainsi \u00eatre propos\u00e9 d\u2019ici le 1er janvier 2025 dans tous les h\u00f4tels. Autrement dit, <strong>5 % des emplacements des parkings d\u2019h\u00f4tels devront proposer des bornes de recharge<\/strong>.<\/p>\n<p>\t\t\t<!-- \/zone:zn_text [1] --><br \/>\n<!-- zone:zn_text_img [3] --><\/p>\n<h2>H\u00f4tels avec bornes de recharge : quels avantages ?<\/h2>\n<p>Le fait de pouvoir b\u00e9n\u00e9ficier d\u2019une borne de recharge sur le parking de votre h\u00f4tel est avantageux pour de multiples raisons. Focus sur les b\u00e9n\u00e9fices principaux.<\/p>\n<h3>La tranquillit\u00e9 d\u2019esprit<\/h3>\n<p>En faisant le choix d\u2019un h\u00f4tel avec chargeur pour voiture \u00e9lectrique, vous facilitez votre trajet. Vous pouvez en effet recharger ais\u00e9ment votre v\u00e9hicule pendant votre s\u00e9jour au sein de l\u2019h\u00f4tel, et repartir le lendemain avec les batteries pleinement recharg\u00e9es. De quoi profiter pleinement de votre temps de repos tout en vous pr\u00e9parant \u00e0 <strong>reprendre la route l\u2019esprit tranquille<\/strong> pour vos prochains d\u00e9placements.<\/p>\n<p><!-- \/zone:zn_text_img [3] --><br \/>\n<!-- zone:zn_text [4] --><\/p>\n<h3>Une r\u00e9duction de l\u2019impact environnemental<\/h3>\n<p>Au-del\u00e0 de l\u2019aspect tr\u00e8s pratique de l\u2019h\u00f4tel avec borne de recharge, l\u2019avantage est aussi au niveau de l\u2019impact environnemental. Privil\u00e9gier ce type d\u2019h\u00f4tel, c\u2019est aussi <strong>privil\u00e9gier la mobilit\u00e9 durable<\/strong> en utilisant votre voiture \u00e9lectrique. De quoi r\u00e9duire les \u00e9missions de CO2 et contribuer \u00e0 l\u2019objectif de d\u00e9carbonisation.<\/p>\n<p>D\u2019ailleurs, pour les h\u00f4tels, l\u2019\u00e9quipement en borne de recharge pour voiture \u00e9lectrique peut grandement contribuer \u00e0 am\u00e9liorer leur image de marque. Il s\u2019agit en effet de montrer leur implication pour le respect de l\u2019environnement.<\/p>\n<p>\t\t\t<!-- \/zone:zn_text [4] --><br \/>\n<!-- zone:zn_text [5] --><\/p>\n<h2>Comment recharger son v\u00e9hicule sur une borne de recharge d\u2019h\u00f4tel ?<\/h2>\n<p>Selon les h\u00f4tels, les bornes de recharge disponibles sur le parking sont :<\/p>\n<ul>\n<li><strong>Priv\u00e9es<\/strong>, c\u2019est-\u00e0-dire exclusivement r\u00e9serv\u00e9es aux clients de l\u2019h\u00f4tel. Dans ce cas, on parle de bornes de recharge @home\/@work.<\/li>\n<li><strong>Publiques<\/strong>, ouvertes \u00e0 tous, y compris aux personnes qui n\u2019ont pas r\u00e9serv\u00e9 de s\u00e9jour au sein de l\u2019h\u00f4tel.<\/li>\n<\/ul>\n<p>Dans le cas des bornes de recharge publiques, il est tout \u00e0 fait possible d\u2019utiliser <a href=\"https:\/\/chargeplus.totalenergies.com\/fr\/carte-de-recharge\/\">votre carte Charge+<\/a>.<\/p>\n<p>\t\t\t<!-- \/zone:zn_text [5] --><br \/>\n<!-- zone:zn_text [6] --><\/p>\n<h2>Quel moyen de paiement sur une borne de recharge d\u2019h\u00f4tel ?<\/h2>\n<p>Votre badge Charge+ est l\u2019une des solutions les plus pratiques pour recharger votre v\u00e9hicule \u00e9lectrique sur une borne publique d\u2019h\u00f4tel. Pour l\u2019obtenir,<strong> t\u00e9l\u00e9chargez <a href=\"https:\/\/chargeplus.totalenergies.com\/fr\/application-mobile\/\">l\u2019appli TotalEnergies<\/a><\/strong> afin de cr\u00e9er votre compte si ce n\u2019est pas d\u00e9j\u00e0 fait. Ensuite, connectez-vous et choisissez l&rsquo;option Charge+ qui vous convient (Zen ou City). Souscrivez en ligne et une fois que vous avez re\u00e7u votre badge &#8211; par courrier dans un d\u00e9lai de 7 jours ouvr\u00e9s &#8211; activez-le en quelques clics depuis votre espace utilisateur sur l\u2019appli.<\/p>\n<p>Ensuite, pour proc\u00e9der au paiement avec votre carte Charge+, rien de plus simple ! <strong>Passez votre badge devant le lecteur<\/strong> afin qu\u2019il puisse vous reconna\u00eetre. Lorsque votre v\u00e9hicule est branch\u00e9, la recharge s\u2019enclenche automatiquement. Un voyant lumineux indique que votre voiture est en charge. Lorsque vous souhaitez mettre fin \u00e0 la recharge \u00e9lectrique, passez une nouvelle fois votre badge Charge+ devant le lecteur. Lorsque le t\u00e9moin lumineux change de couleur, d\u00e9branchez le connecteur de la prise de votre v\u00e9hicule. C\u2019est fait ! Votre v\u00e9hicule \u00e9lectrique est pr\u00eat \u00e0 repartir. Profitez de plus de <strong>160 000 points de recharge des r\u00e9seaux TotalEnergies et partenaires<\/strong> pour faciliter vos trajets.<\/p>\n<p>\t\t\t<!-- \/zone:zn_text [6] -->\n<\/div>\n","protected":false},"excerpt":{"rendered":"<p>Bornes de recharge : quelles obligations pour les h\u00f4tels ? Le parc automobile fran\u00e7ais entame une mue profonde, avec le d\u00e9veloppement massif de l\u2019\u00e9lectrique. Le Parlement europ\u00e9en entend mettre fin [&hellip;]<\/p>\n","protected":false},"author":3,"featured_media":2837,"parent":445,"menu_order":0,"comment_status":"closed","ping_status":"closed","template":"","meta":{"_acf_changed":false,"footnotes":""},"class_list":["post-2834","page","type-page","status-publish","has-post-thumbnail","hentry","wp-sticky"],"acf":[],"yoast_head":"<!-- This site is optimized with the Yoast SEO plugin v27.4 - https:\/\/yoast.com\/product\/yoast-seo-wordpress\/ -->\n<title>H\u00f4tels avec bornes de recharge : tout ce qu\u2019il faut savoir | Charge+<\/title>\n<meta name=\"description\" content=\"Quels sont les h\u00f4tels \u00e9quip\u00e9s en borne de recharge ? Est-ce une obligation ? Quels sont les avantages de ces h\u00f4tels ? Faisons le point.\" \/>\n<meta name=\"robots\" content=\"index, follow, max-snippet:-1, max-image-preview:large, max-video-preview:-1\" \/>\n<link rel=\"canonical\" href=\"https:\/\/chargeplus.totalenergies.com\/fr\/conseils-recharge-electrique\/hotel-avec-borne-recharge\/\" \/>\n<meta property=\"og:locale\" content=\"fr_FR\" \/>\n<meta property=\"og:type\" content=\"article\" \/>\n<meta property=\"og:title\" content=\"H\u00f4tels avec bornes de recharge : tout ce qu\u2019il faut savoir | Charge+\" \/>\n<meta property=\"og:description\" content=\"Quels sont les h\u00f4tels \u00e9quip\u00e9s en borne de recharge ? Est-ce une obligation ? Quels sont les avantages de ces h\u00f4tels ? Faisons le point.\" \/>\n<meta property=\"og:url\" content=\"https:\/\/chargeplus.totalenergies.com\/fr\/conseils-recharge-electrique\/hotel-avec-borne-recharge\/\" \/>\n<meta property=\"og:site_name\" content=\"Charge+\" \/>\n<meta property=\"article:modified_time\" content=\"2026-02-16T15:49:43+00:00\" \/>\n<meta property=\"og:image\" content=\"https:\/\/chargeplus.totalenergies.com\/wp-inside\/uploads\/2024\/03\/hotel-borne-recharge.jpg\" \/>\n\t<meta property=\"og:image:width\" content=\"2000\" \/>\n\t<meta property=\"og:image:height\" content=\"1333\" \/>\n\t<meta property=\"og:image:type\" content=\"image\/jpeg\" \/>\n<meta name=\"twitter:card\" content=\"summary_large_image\" \/>\n<meta name=\"twitter:label1\" content=\"Dur\u00e9e de lecture estim\u00e9e\" \/>\n\t<meta name=\"twitter:data1\" content=\"4 minutes\" \/>\n<script type=\"application\/ld+json\" class=\"yoast-schema-graph\">{\"@context\":\"https:\\\/\\\/schema.org\",\"@graph\":[{\"@type\":\"WebPage\",\"@id\":\"https:\\\/\\\/chargeplus.totalenergies.com\\\/fr\\\/conseils-recharge-electrique\\\/hotel-avec-borne-recharge\\\/\",\"url\":\"https:\\\/\\\/chargeplus.totalenergies.com\\\/fr\\\/conseils-recharge-electrique\\\/hotel-avec-borne-recharge\\\/\",\"name\":\"H\u00f4tels avec bornes de recharge : tout ce qu\u2019il faut savoir\",\"isPartOf\":{\"@id\":\"https:\\\/\\\/chargeplus.totalenergies.com\\\/fr\\\/#website\"},\"primaryImageOfPage\":{\"@id\":\"https:\\\/\\\/chargeplus.totalenergies.com\\\/fr\\\/conseils-recharge-electrique\\\/hotel-avec-borne-recharge\\\/#primaryimage\"},\"image\":{\"@id\":\"https:\\\/\\\/chargeplus.totalenergies.com\\\/fr\\\/conseils-recharge-electrique\\\/hotel-avec-borne-recharge\\\/#primaryimage\"},\"thumbnailUrl\":\"https:\\\/\\\/chargeplus.totalenergies.com\\\/wp-inside\\\/uploads\\\/2024\\\/03\\\/hotel-borne-recharge.jpg\",\"datePublished\":\"2024-03-27T06:30:56+00:00\",\"dateModified\":\"2026-02-16T15:49:43+00:00\",\"description\":\"Quels sont les h\u00f4tels \u00e9quip\u00e9s en borne de recharge ? Est-ce une obligation ? Quels sont les avantages de ces h\u00f4tels ? Faisons le point.\",\"breadcrumb\":{\"@id\":\"https:\\\/\\\/chargeplus.totalenergies.com\\\/fr\\\/conseils-recharge-electrique\\\/hotel-avec-borne-recharge\\\/#breadcrumb\"},\"inLanguage\":\"fr-FR\",\"potentialAction\":[{\"@type\":\"ReadAction\",\"target\":[\"https:\\\/\\\/chargeplus.totalenergies.com\\\/fr\\\/conseils-recharge-electrique\\\/hotel-avec-borne-recharge\\\/\"]}]},{\"@type\":\"ImageObject\",\"inLanguage\":\"fr-FR\",\"@id\":\"https:\\\/\\\/chargeplus.totalenergies.com\\\/fr\\\/conseils-recharge-electrique\\\/hotel-avec-borne-recharge\\\/#primaryimage\",\"url\":\"https:\\\/\\\/chargeplus.totalenergies.com\\\/wp-inside\\\/uploads\\\/2024\\\/03\\\/hotel-borne-recharge.jpg\",\"contentUrl\":\"https:\\\/\\\/chargeplus.totalenergies.com\\\/wp-inside\\\/uploads\\\/2024\\\/03\\\/hotel-borne-recharge.jpg\",\"width\":2000,\"height\":1333,\"caption\":\"H\u00f4tel avec borne de recharge\"},{\"@type\":\"BreadcrumbList\",\"@id\":\"https:\\\/\\\/chargeplus.totalenergies.com\\\/fr\\\/conseils-recharge-electrique\\\/hotel-avec-borne-recharge\\\/#breadcrumb\",\"itemListElement\":[{\"@type\":\"ListItem\",\"position\":1,\"name\":\"Accueil\",\"item\":\"https:\\\/\\\/chargeplus.totalenergies.com\\\/fr\\\/\"},{\"@type\":\"ListItem\",\"position\":2,\"name\":\"Voiture \u00e9lectrique&#160;: nos conseils sur la recharge\",\"item\":\"https:\\\/\\\/chargeplus.totalenergies.com\\\/fr\\\/conseils-recharge-electrique\\\/\"},{\"@type\":\"ListItem\",\"position\":3,\"name\":\"H\u00f4tel avec borne de recharge\"}]},{\"@type\":\"WebSite\",\"@id\":\"https:\\\/\\\/chargeplus.totalenergies.com\\\/fr\\\/#website\",\"url\":\"https:\\\/\\\/chargeplus.totalenergies.com\\\/fr\\\/\",\"name\":\"Charge+\",\"description\":\"Voiture \u00e9lectrique : le guide pratique de la recharge\",\"publisher\":{\"@id\":\"https:\\\/\\\/chargeplus.totalenergies.com\\\/fr\\\/#organization\"},\"potentialAction\":[{\"@type\":\"SearchAction\",\"target\":{\"@type\":\"EntryPoint\",\"urlTemplate\":\"https:\\\/\\\/chargeplus.totalenergies.com\\\/fr\\\/?s={search_term_string}\"},\"query-input\":{\"@type\":\"PropertyValueSpecification\",\"valueRequired\":true,\"valueName\":\"search_term_string\"}}],\"inLanguage\":\"fr-FR\"},{\"@type\":\"Organization\",\"@id\":\"https:\\\/\\\/chargeplus.totalenergies.com\\\/fr\\\/#organization\",\"name\":\"Charge+\",\"url\":\"https:\\\/\\\/chargeplus.totalenergies.com\\\/fr\\\/\",\"logo\":{\"@type\":\"ImageObject\",\"inLanguage\":\"fr-FR\",\"@id\":\"https:\\\/\\\/chargeplus.totalenergies.com\\\/fr\\\/#\\\/schema\\\/logo\\\/image\\\/\",\"url\":\"https:\\\/\\\/chargeplus.totalenergies.com\\\/wp-inside\\\/uploads\\\/2023\\\/07\\\/logo-borne-recharge.jpg\",\"contentUrl\":\"https:\\\/\\\/chargeplus.totalenergies.com\\\/wp-inside\\\/uploads\\\/2023\\\/07\\\/logo-borne-recharge.jpg\",\"width\":150,\"height\":150,\"caption\":\"Charge+\"},\"image\":{\"@id\":\"https:\\\/\\\/chargeplus.totalenergies.com\\\/fr\\\/#\\\/schema\\\/logo\\\/image\\\/\"}}]}<\/script>\n<!-- \/ Yoast SEO plugin. -->","yoast_head_json":{"title":"H\u00f4tels avec bornes de recharge : tout ce qu\u2019il faut savoir | Charge+","description":"Quels sont les h\u00f4tels \u00e9quip\u00e9s en borne de recharge ? Est-ce une obligation ? Quels sont les avantages de ces h\u00f4tels ? Faisons le point.","robots":{"index":"index","follow":"follow","max-snippet":"max-snippet:-1","max-image-preview":"max-image-preview:large","max-video-preview":"max-video-preview:-1"},"canonical":"https:\/\/chargeplus.totalenergies.com\/fr\/conseils-recharge-electrique\/hotel-avec-borne-recharge\/","og_locale":"fr_FR","og_type":"article","og_title":"H\u00f4tels avec bornes de recharge : tout ce qu\u2019il faut savoir | Charge+","og_description":"Quels sont les h\u00f4tels \u00e9quip\u00e9s en borne de recharge ? Est-ce une obligation ? Quels sont les avantages de ces h\u00f4tels ? Faisons le point.","og_url":"https:\/\/chargeplus.totalenergies.com\/fr\/conseils-recharge-electrique\/hotel-avec-borne-recharge\/","og_site_name":"Charge+","article_modified_time":"2026-02-16T15:49:43+00:00","og_image":[{"width":2000,"height":1333,"url":"https:\/\/chargeplus.totalenergies.com\/wp-inside\/uploads\/2024\/03\/hotel-borne-recharge.jpg","type":"image\/jpeg"}],"twitter_card":"summary_large_image","twitter_misc":{"Dur\u00e9e de lecture estim\u00e9e":"4 minutes"},"schema":{"@context":"https:\/\/schema.org","@graph":[{"@type":"WebPage","@id":"https:\/\/chargeplus.totalenergies.com\/fr\/conseils-recharge-electrique\/hotel-avec-borne-recharge\/","url":"https:\/\/chargeplus.totalenergies.com\/fr\/conseils-recharge-electrique\/hotel-avec-borne-recharge\/","name":"H\u00f4tels avec bornes de recharge : tout ce qu\u2019il faut savoir","isPartOf":{"@id":"https:\/\/chargeplus.totalenergies.com\/fr\/#website"},"primaryImageOfPage":{"@id":"https:\/\/chargeplus.totalenergies.com\/fr\/conseils-recharge-electrique\/hotel-avec-borne-recharge\/#primaryimage"},"image":{"@id":"https:\/\/chargeplus.totalenergies.com\/fr\/conseils-recharge-electrique\/hotel-avec-borne-recharge\/#primaryimage"},"thumbnailUrl":"https:\/\/chargeplus.totalenergies.com\/wp-inside\/uploads\/2024\/03\/hotel-borne-recharge.jpg","datePublished":"2024-03-27T06:30:56+00:00","dateModified":"2026-02-16T15:49:43+00:00","description":"Quels sont les h\u00f4tels \u00e9quip\u00e9s en borne de recharge ? Est-ce une obligation ? Quels sont les avantages de ces h\u00f4tels ? Faisons le point.","breadcrumb":{"@id":"https:\/\/chargeplus.totalenergies.com\/fr\/conseils-recharge-electrique\/hotel-avec-borne-recharge\/#breadcrumb"},"inLanguage":"fr-FR","potentialAction":[{"@type":"ReadAction","target":["https:\/\/chargeplus.totalenergies.com\/fr\/conseils-recharge-electrique\/hotel-avec-borne-recharge\/"]}]},{"@type":"ImageObject","inLanguage":"fr-FR","@id":"https:\/\/chargeplus.totalenergies.com\/fr\/conseils-recharge-electrique\/hotel-avec-borne-recharge\/#primaryimage","url":"https:\/\/chargeplus.totalenergies.com\/wp-inside\/uploads\/2024\/03\/hotel-borne-recharge.jpg","contentUrl":"https:\/\/chargeplus.totalenergies.com\/wp-inside\/uploads\/2024\/03\/hotel-borne-recharge.jpg","width":2000,"height":1333,"caption":"H\u00f4tel avec borne de recharge"},{"@type":"BreadcrumbList","@id":"https:\/\/chargeplus.totalenergies.com\/fr\/conseils-recharge-electrique\/hotel-avec-borne-recharge\/#breadcrumb","itemListElement":[{"@type":"ListItem","position":1,"name":"Accueil","item":"https:\/\/chargeplus.totalenergies.com\/fr\/"},{"@type":"ListItem","position":2,"name":"Voiture \u00e9lectrique&#160;: nos conseils sur la recharge","item":"https:\/\/chargeplus.totalenergies.com\/fr\/conseils-recharge-electrique\/"},{"@type":"ListItem","position":3,"name":"H\u00f4tel avec borne de recharge"}]},{"@type":"WebSite","@id":"https:\/\/chargeplus.totalenergies.com\/fr\/#website","url":"https:\/\/chargeplus.totalenergies.com\/fr\/","name":"Charge+","description":"Voiture \u00e9lectrique : le guide pratique de la recharge","publisher":{"@id":"https:\/\/chargeplus.totalenergies.com\/fr\/#organization"},"potentialAction":[{"@type":"SearchAction","target":{"@type":"EntryPoint","urlTemplate":"https:\/\/chargeplus.totalenergies.com\/fr\/?s={search_term_string}"},"query-input":{"@type":"PropertyValueSpecification","valueRequired":true,"valueName":"search_term_string"}}],"inLanguage":"fr-FR"},{"@type":"Organization","@id":"https:\/\/chargeplus.totalenergies.com\/fr\/#organization","name":"Charge+","url":"https:\/\/chargeplus.totalenergies.com\/fr\/","logo":{"@type":"ImageObject","inLanguage":"fr-FR","@id":"https:\/\/chargeplus.totalenergies.com\/fr\/#\/schema\/logo\/image\/","url":"https:\/\/chargeplus.totalenergies.com\/wp-inside\/uploads\/2023\/07\/logo-borne-recharge.jpg","contentUrl":"https:\/\/chargeplus.totalenergies.com\/wp-inside\/uploads\/2023\/07\/logo-borne-recharge.jpg","width":150,"height":150,"caption":"Charge+"},"image":{"@id":"https:\/\/chargeplus.totalenergies.com\/fr\/#\/schema\/logo\/image\/"}}]}},"_links":{"self":[{"href":"https:\/\/chargeplus.totalenergies.com\/fr\/wp-json\/wp\/v2\/pages\/2834","targetHints":{"allow":["GET"]}}],"collection":[{"href":"https:\/\/chargeplus.totalenergies.com\/fr\/wp-json\/wp\/v2\/pages"}],"about":[{"href":"https:\/\/chargeplus.totalenergies.com\/fr\/wp-json\/wp\/v2\/types\/page"}],"author":[{"embeddable":true,"href":"https:\/\/chargeplus.totalenergies.com\/fr\/wp-json\/wp\/v2\/users\/3"}],"replies":[{"embeddable":true,"href":"https:\/\/chargeplus.totalenergies.com\/fr\/wp-json\/wp\/v2\/comments?post=2834"}],"version-history":[{"count":18,"href":"https:\/\/chargeplus.totalenergies.com\/fr\/wp-json\/wp\/v2\/pages\/2834\/revisions"}],"predecessor-version":[{"id":5053,"href":"https:\/\/chargeplus.totalenergies.com\/fr\/wp-json\/wp\/v2\/pages\/2834\/revisions\/5053"}],"up":[{"embeddable":true,"href":"https:\/\/chargeplus.totalenergies.com\/fr\/wp-json\/wp\/v2\/pages\/445"}],"wp:featuredmedia":[{"embeddable":true,"href":"https:\/\/chargeplus.totalenergies.com\/fr\/wp-json\/wp\/v2\/media\/2837"}],"wp:attachment":[{"href":"https:\/\/chargeplus.totalenergies.com\/fr\/wp-json\/wp\/v2\/media?parent=2834"}],"curies":[{"name":"wp","href":"https:\/\/api.w.org\/{rel}","templated":true}]}}