{"id":2846,"date":"2024-04-03T07:30:21","date_gmt":"2024-04-03T05:30:21","guid":{"rendered":"https:\/\/chargeplus.totalenergies.com\/?page_id=2846"},"modified":"2026-02-16T16:35:28","modified_gmt":"2026-02-16T15:35:28","slug":"charger-sa-voiture-electrique-avec-charge-plus","status":"publish","type":"page","link":"https:\/\/chargeplus.totalenergies.com\/fr\/conseils-recharge-electrique\/charger-sa-voiture-electrique-avec-charge-plus\/","title":{"rendered":"Charger sa voiture \u00e9lectrique avec Charge+"},"content":{"rendered":"<div class=\"wp-post-content\"><!-- zone:zn_pagebanner [0] --><br \/>\n\t\t<!-- \/zone:zn_pagebanner [0] --><br \/>\n<!-- zone:zn_text [1] --><\/p>\n<h2>1. T\u00e9l\u00e9chargez l&rsquo;application Charge+ de TotalEnergies<\/h2>\n<p>L&rsquo;application est disponible sur l&rsquo;App Store pour les smartphones Apple et sur Google Play pour les t\u00e9l\u00e9phones Android. Le t\u00e9l\u00e9chargement de l\u2019application <strong>est enti\u00e8rement gratuit<\/strong>. Localisation, disponibilit\u00e9 et prix des bornes de recharge, bons plans, conseils personnalis\u00e9s, factures et historique de recharge, espace Club, etc. : l\u2019application Charge+ de TotalEnergies est votre compagnon de route id\u00e9al pour pleinement profiter de Charge+ !<\/p>\n<p>\t\t\t<!-- \/zone:zn_text [1] --><br \/>\n<!-- zone:zn_text [3] --><\/p>\n<h2>2. Cr\u00e9ez un compte pour recharger votre voiture \u00e9lectrique<\/h2>\n<p>Pour acc\u00e9der au service Charge+ sur l\u2019application Charge+ de TotalEnergies, commencez <strong>par cr\u00e9er un compte client<\/strong>. Il suffit de suivre les instructions \u00e0 l&rsquo;\u00e9cran et de renseigner vos informations personnelles, puis vous n\u2019aurez plus qu\u2019\u00e0 valider.<\/p>\n<p>\u00c0 lire aussi :<a href=\"https:\/\/chargeplus.totalenergies.com\/fr\/conseils-recharge-electrique\/gestes-a-adopter-pour-reduire-sa-consommation\/\"> Voiture \u00e9lectrique : les bons gestes \u00e0 adopter pour r\u00e9duire sa consommation<\/a><\/p>\n<p>\t\t\t<!-- \/zone:zn_text [3] --><br \/>\n<!-- zone:zn_text [6] --><\/p>\n<h2>4. Localisez une borne pour recharger votre voiture \u00e9lectrique<\/h2>\n<p>Charge+ vous octroie un acc\u00e8s \u00e0 pr\u00e8s de 160 000 points de recharge sur le r\u00e9seau TotalEnergies et partenaires. Cela vous assure de trouver une borne pour recharger votre v\u00e9hicule o\u00f9 que vous soyez en France. Utilisez l&rsquo;application<strong> pour trouver une borne de recharge<\/strong> compatible avec votre v\u00e9hicule. La recherche est simplifi\u00e9e en fonction de la disponibilit\u00e9 des bornes.<\/p>\n<p>\t\t\t<!-- \/zone:zn_text [6] --><br \/>\n<!-- zone:zn_text [8] --><\/p>\n<h2>5. Branchez votre v\u00e9hicule \u00e0 la borne de recharge<\/h2>\n<p>Rendez-vous \u00e0 la borne de recharge localis\u00e9e. Une fois arriv\u00e9, vous pourrez utiliser le c\u00e2ble de recharge <strong>fourni avec votre voiture \u00e9lectrique<\/strong> pour effectuer le rechargement.<\/p>\n<p>\u00c0 lire aussi : <a href=\"https:\/\/chargeplus.totalenergies.com\/fr\/conseils-recharge-electrique\/quelle-puissance-recharge-electrique\/\">Quelle puissance pour recharger sa voiture \u00e9lectrique ?<\/a><\/p>\n<h2>6. Lancez la recharge de votre voiture \u00e9lectrique<\/h2>\n<p>Pour lancer votre recharge \u00e9lectrique, c\u2019est tr\u00e8s simple : <strong>passez votre carte Charge+ devant le lecteur. Suivez les instructions<\/strong> qui s\u2019affichent sur l\u2019\u00e9cran de la borne pour recharger votre voiture \u00e9lectrique. Et voil\u00e0, votre recharge a d\u00e9marr\u00e9 !<\/p>\n<p>\t\t\t<!-- \/zone:zn_text [8] --><br \/>\n<!-- zone:zn_text [10] --><\/p>\n<h2>7. Surveillez la recharge de votre voiture \u00e9lectrique<\/h2>\n<p>Vous pouvez suivre la progression de la recharge sur l\u2019\u00e9cran de la borne ou sur votre tableau de bord. Vous vous assurez ainsi de <a href=\"https:\/\/www.automobile-propre.com\/voiture-electrique-est-il-risque-de-charger-la-batterie-a-100\/\" target=\"_blank\" rel=\"noopener\">ne pas recharger votre v\u00e9hicule \u00e0 plus de 80 %<\/a> pour optimiser sa dur\u00e9e de vie. Vous n\u2019\u00eates bien \u00e9videmment pas oblig\u00e9 de rester devant la borne le temps de la recharge !<\/p>\n<p>\u00c0 lire aussi : <a href=\"https:\/\/chargeplus.totalenergies.com\/fr\/conseils-recharge-electrique\/combien-de-temps-pour-recharger-voiture-electrique\/\">Combien de temps pour recharger une voiture \u00e9lectrique ?<\/a><\/p>\n<h2>8. Payez la recharge de votre v\u00e9hicule<\/h2>\n<p>Gr\u00e2ce \u00e0 votre carte de recharge Charge+, vous n\u2019avez rien \u00e0 faire ! Une fois la carte repass\u00e9e devant le lecteur pour finaliser la session de recharge et la prise d\u00e9branch\u00e9e, le paiement <strong>s&rsquo;effectue automatiquement<\/strong> via votre compte Charge+. Vous recevrez par e-mail et sur votre espace client un r\u00e9capitulatif complet de votre session de recharge.<\/p>\n<p>\t\t\t<!-- \/zone:zn_text [10] -->\n<\/div>\n","protected":false},"excerpt":{"rendered":"<p>1. T\u00e9l\u00e9chargez l&rsquo;application Charge+ de TotalEnergies L&rsquo;application est disponible sur l&rsquo;App Store pour les smartphones Apple et sur Google Play pour les t\u00e9l\u00e9phones Android. Le t\u00e9l\u00e9chargement de l\u2019application est enti\u00e8rement [&hellip;]<\/p>\n","protected":false},"author":3,"featured_media":2851,"parent":445,"menu_order":0,"comment_status":"closed","ping_status":"closed","template":"","meta":{"_acf_changed":false,"footnotes":""},"class_list":["post-2846","page","type-page","status-publish","has-post-thumbnail","hentry","wp-sticky"],"acf":[],"yoast_head":"<!-- This site is optimized with the Yoast SEO plugin v27.6 - https:\/\/yoast.com\/product\/yoast-seo-wordpress\/ -->\n<title>Comment recharger sa voiture \u00e9lectrique avec Charge+ ? | Charge+<\/title>\n<meta name=\"description\" content=\"Trouvez une borne de recharge et rechargez votre voiture \u00e9lectrique avec Charge+ gr\u00e2ce \u00e0 l\u2019application Charge+ de TotalEnergies en quelques \u00e9tapes.\" \/>\n<meta name=\"robots\" content=\"index, follow, max-snippet:-1, max-image-preview:large, max-video-preview:-1\" \/>\n<link rel=\"canonical\" href=\"https:\/\/chargeplus.totalenergies.com\/fr\/conseils-recharge-electrique\/charger-sa-voiture-electrique-avec-charge-plus\/\" \/>\n<meta property=\"og:locale\" content=\"fr_FR\" \/>\n<meta property=\"og:type\" content=\"article\" \/>\n<meta property=\"og:title\" content=\"Comment recharger sa voiture \u00e9lectrique avec Charge+ ? | Charge+\" \/>\n<meta property=\"og:description\" content=\"Trouvez une borne de recharge et rechargez votre voiture \u00e9lectrique avec Charge+ gr\u00e2ce \u00e0 l\u2019application Charge+ de TotalEnergies en quelques \u00e9tapes.\" \/>\n<meta property=\"og:url\" content=\"https:\/\/chargeplus.totalenergies.com\/fr\/conseils-recharge-electrique\/charger-sa-voiture-electrique-avec-charge-plus\/\" \/>\n<meta property=\"og:site_name\" content=\"Charge+\" \/>\n<meta property=\"article:modified_time\" content=\"2026-02-16T15:35:28+00:00\" \/>\n<meta property=\"og:image\" content=\"https:\/\/chargeplus.totalenergies.com\/wp-inside\/uploads\/2024\/03\/comment-recharger-voiture-electrique-charge-plus.jpg\" \/>\n\t<meta property=\"og:image:width\" content=\"2000\" \/>\n\t<meta property=\"og:image:height\" content=\"1333\" \/>\n\t<meta property=\"og:image:type\" content=\"image\/jpeg\" \/>\n<meta name=\"twitter:card\" content=\"summary_large_image\" \/>\n<meta name=\"twitter:label1\" content=\"Dur\u00e9e de lecture estim\u00e9e\" \/>\n\t<meta name=\"twitter:data1\" content=\"2 minutes\" \/>\n<script type=\"application\/ld+json\" class=\"yoast-schema-graph\">{\"@context\":\"https:\\\/\\\/schema.org\",\"@graph\":[{\"@type\":\"WebPage\",\"@id\":\"https:\\\/\\\/chargeplus.totalenergies.com\\\/fr\\\/conseils-recharge-electrique\\\/charger-sa-voiture-electrique-avec-charge-plus\\\/\",\"url\":\"https:\\\/\\\/chargeplus.totalenergies.com\\\/fr\\\/conseils-recharge-electrique\\\/charger-sa-voiture-electrique-avec-charge-plus\\\/\",\"name\":\"Comment recharger sa voiture \u00e9lectrique avec Charge+ ?\",\"isPartOf\":{\"@id\":\"https:\\\/\\\/chargeplus.totalenergies.com\\\/fr\\\/#website\"},\"primaryImageOfPage\":{\"@id\":\"https:\\\/\\\/chargeplus.totalenergies.com\\\/fr\\\/conseils-recharge-electrique\\\/charger-sa-voiture-electrique-avec-charge-plus\\\/#primaryimage\"},\"image\":{\"@id\":\"https:\\\/\\\/chargeplus.totalenergies.com\\\/fr\\\/conseils-recharge-electrique\\\/charger-sa-voiture-electrique-avec-charge-plus\\\/#primaryimage\"},\"thumbnailUrl\":\"https:\\\/\\\/chargeplus.totalenergies.com\\\/wp-inside\\\/uploads\\\/2024\\\/03\\\/comment-recharger-voiture-electrique-charge-plus.jpg\",\"datePublished\":\"2024-04-03T05:30:21+00:00\",\"dateModified\":\"2026-02-16T15:35:28+00:00\",\"description\":\"Trouvez une borne de recharge et rechargez votre voiture \u00e9lectrique avec Charge+ gr\u00e2ce \u00e0 l\u2019application Charge+ de TotalEnergies en quelques \u00e9tapes.\",\"breadcrumb\":{\"@id\":\"https:\\\/\\\/chargeplus.totalenergies.com\\\/fr\\\/conseils-recharge-electrique\\\/charger-sa-voiture-electrique-avec-charge-plus\\\/#breadcrumb\"},\"inLanguage\":\"fr-FR\",\"potentialAction\":[{\"@type\":\"ReadAction\",\"target\":[\"https:\\\/\\\/chargeplus.totalenergies.com\\\/fr\\\/conseils-recharge-electrique\\\/charger-sa-voiture-electrique-avec-charge-plus\\\/\"]}]},{\"@type\":\"ImageObject\",\"inLanguage\":\"fr-FR\",\"@id\":\"https:\\\/\\\/chargeplus.totalenergies.com\\\/fr\\\/conseils-recharge-electrique\\\/charger-sa-voiture-electrique-avec-charge-plus\\\/#primaryimage\",\"url\":\"https:\\\/\\\/chargeplus.totalenergies.com\\\/wp-inside\\\/uploads\\\/2024\\\/03\\\/comment-recharger-voiture-electrique-charge-plus.jpg\",\"contentUrl\":\"https:\\\/\\\/chargeplus.totalenergies.com\\\/wp-inside\\\/uploads\\\/2024\\\/03\\\/comment-recharger-voiture-electrique-charge-plus.jpg\",\"width\":2000,\"height\":1333,\"caption\":\"comment recharger voiture \u00e9lectrique Charge+\"},{\"@type\":\"BreadcrumbList\",\"@id\":\"https:\\\/\\\/chargeplus.totalenergies.com\\\/fr\\\/conseils-recharge-electrique\\\/charger-sa-voiture-electrique-avec-charge-plus\\\/#breadcrumb\",\"itemListElement\":[{\"@type\":\"ListItem\",\"position\":1,\"name\":\"Accueil\",\"item\":\"https:\\\/\\\/chargeplus.totalenergies.com\\\/fr\\\/\"},{\"@type\":\"ListItem\",\"position\":2,\"name\":\"Voiture \u00e9lectrique&#160;: nos conseils sur la recharge\",\"item\":\"https:\\\/\\\/chargeplus.totalenergies.com\\\/fr\\\/conseils-recharge-electrique\\\/\"},{\"@type\":\"ListItem\",\"position\":3,\"name\":\"Charger sa voiture \u00e9lectrique avec Charge+\"}]},{\"@type\":\"WebSite\",\"@id\":\"https:\\\/\\\/chargeplus.totalenergies.com\\\/fr\\\/#website\",\"url\":\"https:\\\/\\\/chargeplus.totalenergies.com\\\/fr\\\/\",\"name\":\"Charge+\",\"description\":\"Voiture \u00e9lectrique : le guide pratique de la recharge\",\"publisher\":{\"@id\":\"https:\\\/\\\/chargeplus.totalenergies.com\\\/fr\\\/#organization\"},\"potentialAction\":[{\"@type\":\"SearchAction\",\"target\":{\"@type\":\"EntryPoint\",\"urlTemplate\":\"https:\\\/\\\/chargeplus.totalenergies.com\\\/fr\\\/?s={search_term_string}\"},\"query-input\":{\"@type\":\"PropertyValueSpecification\",\"valueRequired\":true,\"valueName\":\"search_term_string\"}}],\"inLanguage\":\"fr-FR\"},{\"@type\":\"Organization\",\"@id\":\"https:\\\/\\\/chargeplus.totalenergies.com\\\/fr\\\/#organization\",\"name\":\"Charge+\",\"url\":\"https:\\\/\\\/chargeplus.totalenergies.com\\\/fr\\\/\",\"logo\":{\"@type\":\"ImageObject\",\"inLanguage\":\"fr-FR\",\"@id\":\"https:\\\/\\\/chargeplus.totalenergies.com\\\/fr\\\/#\\\/schema\\\/logo\\\/image\\\/\",\"url\":\"https:\\\/\\\/chargeplus.totalenergies.com\\\/wp-inside\\\/uploads\\\/2023\\\/07\\\/logo-borne-recharge.jpg\",\"contentUrl\":\"https:\\\/\\\/chargeplus.totalenergies.com\\\/wp-inside\\\/uploads\\\/2023\\\/07\\\/logo-borne-recharge.jpg\",\"width\":150,\"height\":150,\"caption\":\"Charge+\"},\"image\":{\"@id\":\"https:\\\/\\\/chargeplus.totalenergies.com\\\/fr\\\/#\\\/schema\\\/logo\\\/image\\\/\"}}]}<\/script>\n<!-- \/ Yoast SEO plugin. -->","yoast_head_json":{"title":"Comment recharger sa voiture \u00e9lectrique avec Charge+ ? | Charge+","description":"Trouvez une borne de recharge et rechargez votre voiture \u00e9lectrique avec Charge+ gr\u00e2ce \u00e0 l\u2019application Charge+ de TotalEnergies en quelques \u00e9tapes.","robots":{"index":"index","follow":"follow","max-snippet":"max-snippet:-1","max-image-preview":"max-image-preview:large","max-video-preview":"max-video-preview:-1"},"canonical":"https:\/\/chargeplus.totalenergies.com\/fr\/conseils-recharge-electrique\/charger-sa-voiture-electrique-avec-charge-plus\/","og_locale":"fr_FR","og_type":"article","og_title":"Comment recharger sa voiture \u00e9lectrique avec Charge+ ? | Charge+","og_description":"Trouvez une borne de recharge et rechargez votre voiture \u00e9lectrique avec Charge+ gr\u00e2ce \u00e0 l\u2019application Charge+ de TotalEnergies en quelques \u00e9tapes.","og_url":"https:\/\/chargeplus.totalenergies.com\/fr\/conseils-recharge-electrique\/charger-sa-voiture-electrique-avec-charge-plus\/","og_site_name":"Charge+","article_modified_time":"2026-02-16T15:35:28+00:00","og_image":[{"width":2000,"height":1333,"url":"https:\/\/chargeplus.totalenergies.com\/wp-inside\/uploads\/2024\/03\/comment-recharger-voiture-electrique-charge-plus.jpg","type":"image\/jpeg"}],"twitter_card":"summary_large_image","twitter_misc":{"Dur\u00e9e de lecture estim\u00e9e":"2 minutes"},"schema":{"@context":"https:\/\/schema.org","@graph":[{"@type":"WebPage","@id":"https:\/\/chargeplus.totalenergies.com\/fr\/conseils-recharge-electrique\/charger-sa-voiture-electrique-avec-charge-plus\/","url":"https:\/\/chargeplus.totalenergies.com\/fr\/conseils-recharge-electrique\/charger-sa-voiture-electrique-avec-charge-plus\/","name":"Comment recharger sa voiture \u00e9lectrique avec Charge+ ?","isPartOf":{"@id":"https:\/\/chargeplus.totalenergies.com\/fr\/#website"},"primaryImageOfPage":{"@id":"https:\/\/chargeplus.totalenergies.com\/fr\/conseils-recharge-electrique\/charger-sa-voiture-electrique-avec-charge-plus\/#primaryimage"},"image":{"@id":"https:\/\/chargeplus.totalenergies.com\/fr\/conseils-recharge-electrique\/charger-sa-voiture-electrique-avec-charge-plus\/#primaryimage"},"thumbnailUrl":"https:\/\/chargeplus.totalenergies.com\/wp-inside\/uploads\/2024\/03\/comment-recharger-voiture-electrique-charge-plus.jpg","datePublished":"2024-04-03T05:30:21+00:00","dateModified":"2026-02-16T15:35:28+00:00","description":"Trouvez une borne de recharge et rechargez votre voiture \u00e9lectrique avec Charge+ gr\u00e2ce \u00e0 l\u2019application Charge+ de TotalEnergies en quelques \u00e9tapes.","breadcrumb":{"@id":"https:\/\/chargeplus.totalenergies.com\/fr\/conseils-recharge-electrique\/charger-sa-voiture-electrique-avec-charge-plus\/#breadcrumb"},"inLanguage":"fr-FR","potentialAction":[{"@type":"ReadAction","target":["https:\/\/chargeplus.totalenergies.com\/fr\/conseils-recharge-electrique\/charger-sa-voiture-electrique-avec-charge-plus\/"]}]},{"@type":"ImageObject","inLanguage":"fr-FR","@id":"https:\/\/chargeplus.totalenergies.com\/fr\/conseils-recharge-electrique\/charger-sa-voiture-electrique-avec-charge-plus\/#primaryimage","url":"https:\/\/chargeplus.totalenergies.com\/wp-inside\/uploads\/2024\/03\/comment-recharger-voiture-electrique-charge-plus.jpg","contentUrl":"https:\/\/chargeplus.totalenergies.com\/wp-inside\/uploads\/2024\/03\/comment-recharger-voiture-electrique-charge-plus.jpg","width":2000,"height":1333,"caption":"comment recharger voiture \u00e9lectrique Charge+"},{"@type":"BreadcrumbList","@id":"https:\/\/chargeplus.totalenergies.com\/fr\/conseils-recharge-electrique\/charger-sa-voiture-electrique-avec-charge-plus\/#breadcrumb","itemListElement":[{"@type":"ListItem","position":1,"name":"Accueil","item":"https:\/\/chargeplus.totalenergies.com\/fr\/"},{"@type":"ListItem","position":2,"name":"Voiture \u00e9lectrique&#160;: nos conseils sur la recharge","item":"https:\/\/chargeplus.totalenergies.com\/fr\/conseils-recharge-electrique\/"},{"@type":"ListItem","position":3,"name":"Charger sa voiture \u00e9lectrique avec Charge+"}]},{"@type":"WebSite","@id":"https:\/\/chargeplus.totalenergies.com\/fr\/#website","url":"https:\/\/chargeplus.totalenergies.com\/fr\/","name":"Charge+","description":"Voiture \u00e9lectrique : le guide pratique de la recharge","publisher":{"@id":"https:\/\/chargeplus.totalenergies.com\/fr\/#organization"},"potentialAction":[{"@type":"SearchAction","target":{"@type":"EntryPoint","urlTemplate":"https:\/\/chargeplus.totalenergies.com\/fr\/?s={search_term_string}"},"query-input":{"@type":"PropertyValueSpecification","valueRequired":true,"valueName":"search_term_string"}}],"inLanguage":"fr-FR"},{"@type":"Organization","@id":"https:\/\/chargeplus.totalenergies.com\/fr\/#organization","name":"Charge+","url":"https:\/\/chargeplus.totalenergies.com\/fr\/","logo":{"@type":"ImageObject","inLanguage":"fr-FR","@id":"https:\/\/chargeplus.totalenergies.com\/fr\/#\/schema\/logo\/image\/","url":"https:\/\/chargeplus.totalenergies.com\/wp-inside\/uploads\/2023\/07\/logo-borne-recharge.jpg","contentUrl":"https:\/\/chargeplus.totalenergies.com\/wp-inside\/uploads\/2023\/07\/logo-borne-recharge.jpg","width":150,"height":150,"caption":"Charge+"},"image":{"@id":"https:\/\/chargeplus.totalenergies.com\/fr\/#\/schema\/logo\/image\/"}}]}},"_links":{"self":[{"href":"https:\/\/chargeplus.totalenergies.com\/fr\/wp-json\/wp\/v2\/pages\/2846","targetHints":{"allow":["GET"]}}],"collection":[{"href":"https:\/\/chargeplus.totalenergies.com\/fr\/wp-json\/wp\/v2\/pages"}],"about":[{"href":"https:\/\/chargeplus.totalenergies.com\/fr\/wp-json\/wp\/v2\/types\/page"}],"author":[{"embeddable":true,"href":"https:\/\/chargeplus.totalenergies.com\/fr\/wp-json\/wp\/v2\/users\/3"}],"replies":[{"embeddable":true,"href":"https:\/\/chargeplus.totalenergies.com\/fr\/wp-json\/wp\/v2\/comments?post=2846"}],"version-history":[{"count":17,"href":"https:\/\/chargeplus.totalenergies.com\/fr\/wp-json\/wp\/v2\/pages\/2846\/revisions"}],"predecessor-version":[{"id":5049,"href":"https:\/\/chargeplus.totalenergies.com\/fr\/wp-json\/wp\/v2\/pages\/2846\/revisions\/5049"}],"up":[{"embeddable":true,"href":"https:\/\/chargeplus.totalenergies.com\/fr\/wp-json\/wp\/v2\/pages\/445"}],"wp:featuredmedia":[{"embeddable":true,"href":"https:\/\/chargeplus.totalenergies.com\/fr\/wp-json\/wp\/v2\/media\/2851"}],"wp:attachment":[{"href":"https:\/\/chargeplus.totalenergies.com\/fr\/wp-json\/wp\/v2\/media?parent=2846"}],"curies":[{"name":"wp","href":"https:\/\/api.w.org\/{rel}","templated":true}]}}