{"id":2863,"date":"2024-03-27T15:50:26","date_gmt":"2024-03-27T14:50:26","guid":{"rendered":"https:\/\/chargeplus.totalenergies.com\/?page_id=2863"},"modified":"2025-11-17T10:03:09","modified_gmt":"2025-11-17T09:03:09","slug":"compatibilite-vehicules-bornes","status":"publish","type":"page","link":"https:\/\/chargeplus.totalenergies.com\/fr\/conseils-recharge-electrique\/compatibilite-vehicules-bornes\/","title":{"rendered":"Quelles bornes de recharge sont compatibles avec ma voiture \u00e9lectrique&#160;?"},"content":{"rendered":"<div class=\"wp-post-content\"><!-- zone:zn_pagebanner [0] --><br \/>\n\t\t<!-- \/zone:zn_pagebanner [0] --><br \/>\n<!-- zone:zn_text_img [1] --><\/p>\n<h2 style=\"text-align: left;\">4 crit\u00e8res pour bien choisir son \u00e9quipement de recharge<\/h2>\n<p style=\"text-align: left;\">Diff\u00e9rents crit\u00e8res sont \u00e0 prendre en compte pour choisir la borne de recharge adapt\u00e9e \u00e0 votre situation.<\/p>\n<h3>Le lieu de recharge<\/h3>\n<p>Si vous utilisez votre voiture \u00e9lectrique chaque jour, la solution la plus pratique consiste \u00e0 <strong>effectuer la recharge \u00e0 votre domicile<\/strong>. Si vous avez besoin de retrouver de l&rsquo;autonomie en itin\u00e9rance, les bornes de recharge sur autoroute ou les bornes publiques sont \u00e0 privil\u00e9gier.<\/p>\n<h3>La puissance d\u00e9livr\u00e9e par la borne<\/h3>\n<p>Il est important de conna\u00eetre la capacit\u00e9 de charge maximale accept\u00e9e par votre v\u00e9hicule. Cela d\u00e9pend de la <a href=\"https:\/\/chargeplus.totalenergies.com\/fr\/marques-de-voitures\/\">marque de la voiture \u00e9lectrique<\/a> et du mod\u00e8le. En effet, il est inutile d\u2019utiliser une borne de recharge, qui d\u00e9livre <strong>trop de puissance par rapport \u00e0 ce que peut recevoir votre batterie<\/strong>.<\/p>\n<p><!-- \/zone:zn_text_img [1] --><br \/>\n<!-- zone:zn_text_img [2] --><\/p>\n<h3>Le temps de recharge<\/h3>\n<p>Si vous n\u2019\u00eates pas press\u00e9, pr\u00e9f\u00e9rez u<strong>ne borne de recharge pour voiture \u00e9lectrique \u00e0 la maison<\/strong>. La charge s&rsquo;av\u00e8re lente, mais moins co\u00fbteuse. Les bornes publiques, quant \u00e0 elles, vous permettent de recharger votre batterie en quelques heures. Si vous r\u00e9alisez un long trajet et avez besoin de retrouver de l\u2019autonomie en tr\u00e8s peu de temps, il vaut mieux <strong>privil\u00e9gier une borne de recharge ultrarapide<\/strong>.<\/p>\n<h3>L\u2019usage du v\u00e9hicule<\/h3>\n<p>Si vous r\u00e9alisez des itin\u00e9raires ponctuels, ou si vous parcourez une longue distance, <strong>une borne publique constitue un bon moyen d\u2019avoir suffisamment d\u2019autonomie<\/strong>. Si votre voiture vous sert au quotidien pour les trajets domicile-travail, alors une recharge \u00e0 domicile para\u00eet id\u00e9ale.<\/p>\n<p><!-- \/zone:zn_text_img [2] --><br \/>\n<!-- zone:zn_text [4] --><\/p>\n<h2 style=\"text-align: center;\">Borne de recharge v\u00e9hicule \u00e9lectrique : laquelle choisir ?<\/h2>\n<p style=\"text-align: center;\">Il existe de nombreux types de bornes de recharge pour v\u00e9hicule \u00e9lectrique. Voici les principaux, avec leurs avantages et leurs inconv\u00e9nients.<\/p>\n<p>\t\t\t<!-- \/zone:zn_text [4] --><br \/>\n<!-- zone:zn_text [5] --><\/p>\n<h3>La recharge \u00e0 domicile<\/h3>\n<p>Effectuer la recharge de sa voiture \u00e9lectrique \u00e0 la maison est possible. Vous avez plusieurs solutions :<\/p>\n<ul>\n<li>Brancher votre v\u00e9hicule sur une prise classique. Cette solution, permettant de<strong> retrouver une pleine autonomie via une prise domestique non d\u00e9di\u00e9e<\/strong>, reste longue, et la s\u00e9curit\u00e9 n&rsquo;est pas au rendez-vous (risque de surchauffe important).<\/li>\n<li>Utiliser une prise renforc\u00e9e pour voiture \u00e9lectrique. Cela vous permet de retrouver votre autonomie en toute <strong>s\u00e9curit\u00e9 gr\u00e2ce au disjoncteur \u00e9quipant la prise<\/strong>, mais la puissance d\u00e9livr\u00e9e reste limit\u00e9e (3,6 kW au maximum).<\/li>\n<li>Installer <a href=\"https:\/\/www.totalenergies.fr\/particuliers\/recharge-voiture-electrique\/borne-intelligente\">une borne TotalEnergies<\/a>. Une solution pratique et efficace, <strong>jusqu\u2019\u00e0 3 fois plus rapides <\/strong>que sur une prise domestique avec la borne 7kW (monophas\u00e9e) ou 11 \u00e0 22kW (triphas\u00e9e). Compatibles avec toutes les voitures (\u00e9lectrique ou hybride rechargeable).<\/li>\n<\/ul>\n<h3>Les bornes de recharge publiques<\/h3>\n<p>Ces stations de recharge \u00e9lectrique ext\u00e9rieure se situant dans les lieux publics sont tr\u00e8s faciles \u00e0 trouver : <strong>sur la voirie, dans les parkings et les stations-services<\/strong>. Avec <strong>plus de 160 000 points de recharge en France<\/strong>, vous avez toujours une borne \u00e0 proximit\u00e9 ! Elles vous permettent de <strong>retrouver une autonomie en quelques heures<\/strong>, juste le temps de se faire un cin\u00e9ma, de manger au restaurant, de faire quelques boutiques ou de visiter un mus\u00e9e !<\/p>\n<h3>Les bornes de recharge ultrarapide<\/h3>\n<p>Vous trouverez ces bornes de recharge sur autoroute notamment. Elles vous offrent une <strong>solution de recharge en courant continu avec une grande puissance<\/strong> ! Avec elles, vous retrouvez votre pleine autonomie en quelques dizaines de minutes selon votre mod\u00e8le de v\u00e9hicule et la puissance d\u00e9livr\u00e9e par la borne. Le co\u00fbt de charge d\u2019une voiture \u00e9lectrique est cependant plus \u00e9lev\u00e9 que lors d\u2019une recharge \u00e0 domicile ou sur une borne publique.<\/p>\n<p><strong>\u00c0 lire aussi<\/strong> : <a href=\"https:\/\/chargeplus.totalenergies.com\/fr\/conseils-recharge-electrique\/quelle-prise-pour-recharger-voiture-electrique\/\">Quelle prise pour recharger sa voiture \u00e9lectrique ?<\/a><\/p>\n<p>\t\t\t<!-- \/zone:zn_text [5] --><br \/>\n<!-- zone:zn_text_img [7] --><\/p>\n<h2>Pourquoi passer \u00e0 l&rsquo;\u00e9lectrique ?<\/h2>\n<p><a href=\"https:\/\/chargeplus.totalenergies.com\/fr\/passer-a-lelectrique\/\">Passer \u00e0 l\u2019\u00e9lectrique<\/a> en optant pour une voiture \u00e9lectrique ou un v\u00e9hicule hybride rechargeable pr\u00e9sente de<strong> nombreux avantages<\/strong> :<\/p>\n<ul>\n<li>c\u2019est une solution de <strong>mobilit\u00e9 \u00e9cologique<\/strong>, qui pollue bien moins \u00e0 l\u2019usage qu\u2019un v\u00e9hicule thermique ;<\/li>\n<li>ces v\u00e9hicules sont silencieux, fiables et <strong>agr\u00e9ables \u00e0 conduire<\/strong> ;<\/li>\n<li>il y a<strong> moins de maintenance<\/strong> que sur une voiture thermique ;<\/li>\n<li>les assureurs proposent de<strong> meilleurs tarifs<\/strong> que pour le thermique ;<\/li>\n<li><strong>recharger la batterie de son v\u00e9hicule \u00e9lectrique co\u00fbte moins cher<\/strong> que faire le plein d\u2019essence ou de gazole.<\/li>\n<\/ul>\n<p>La voiture \u00e9lectrique a donc tout pour plaire, et on comprend vite pourquoi de plus en plus de Fran\u00e7ais passent \u00e0 l&rsquo;\u00e9lectrique pour leur v\u00e9hicule !<\/p>\n<p><strong>\u00c0 lire aussi<\/strong> :<a href=\"https:\/\/chargeplus.totalenergies.com\/fr\/conseils-recharge-electrique\/achat-voiture-electrique-est-il-rentable\/\"> L\u2019achat d&rsquo;une voiture \u00e9lectrique est-il rentable ?<\/a><\/p>\n<p><!-- \/zone:zn_text_img [7] -->\n<\/div>\n","protected":false},"excerpt":{"rendered":"<p>4 crit\u00e8res pour bien choisir son \u00e9quipement de recharge Diff\u00e9rents crit\u00e8res sont \u00e0 prendre en compte pour choisir la borne de recharge adapt\u00e9e \u00e0 votre situation. Le lieu de recharge [&hellip;]<\/p>\n","protected":false},"author":4,"featured_media":2107,"parent":445,"menu_order":0,"comment_status":"closed","ping_status":"closed","template":"","meta":{"_acf_changed":false,"footnotes":""},"class_list":["post-2863","page","type-page","status-publish","has-post-thumbnail","hentry","wp-sticky"],"acf":[],"yoast_head":"<!-- This site is optimized with the Yoast SEO plugin v27.4 - https:\/\/yoast.com\/product\/yoast-seo-wordpress\/ -->\n<title>Compatibilit\u00e9 des bornes de recharges &amp; voiture : comment choisir ? | Charge+<\/title>\n<meta name=\"description\" content=\"Vous vous demandez quelle borne de recharge pour voiture \u00e9lectrique utiliser ? D\u00e9couvrez ici comment choisir une solution de recharge adapt\u00e9e \u00e0 vos besoins !\" \/>\n<meta name=\"robots\" content=\"index, follow, max-snippet:-1, max-image-preview:large, max-video-preview:-1\" \/>\n<link rel=\"canonical\" href=\"https:\/\/chargeplus.totalenergies.com\/fr\/conseils-recharge-electrique\/compatibilite-vehicules-bornes\/\" \/>\n<meta property=\"og:locale\" content=\"fr_FR\" \/>\n<meta property=\"og:type\" content=\"article\" \/>\n<meta property=\"og:title\" content=\"Compatibilit\u00e9 des bornes de recharges &amp; voiture : comment choisir ? | Charge+\" \/>\n<meta property=\"og:description\" content=\"Vous vous demandez quelle borne de recharge pour voiture \u00e9lectrique utiliser ? D\u00e9couvrez ici comment choisir une solution de recharge adapt\u00e9e \u00e0 vos besoins !\" \/>\n<meta property=\"og:url\" content=\"https:\/\/chargeplus.totalenergies.com\/fr\/conseils-recharge-electrique\/compatibilite-vehicules-bornes\/\" \/>\n<meta property=\"og:site_name\" content=\"Charge+\" \/>\n<meta property=\"article:modified_time\" content=\"2025-11-17T09:03:09+00:00\" \/>\n<meta property=\"og:image\" content=\"https:\/\/chargeplus.totalenergies.com\/wp-inside\/uploads\/2023\/09\/borne-recharge-voiture-electrique.jpg\" \/>\n\t<meta property=\"og:image:width\" content=\"1980\" \/>\n\t<meta property=\"og:image:height\" content=\"1321\" \/>\n\t<meta property=\"og:image:type\" content=\"image\/jpeg\" \/>\n<meta name=\"twitter:card\" content=\"summary_large_image\" \/>\n<meta name=\"twitter:label1\" content=\"Dur\u00e9e de lecture estim\u00e9e\" \/>\n\t<meta name=\"twitter:data1\" content=\"4 minutes\" \/>\n<script type=\"application\/ld+json\" class=\"yoast-schema-graph\">{\"@context\":\"https:\\\/\\\/schema.org\",\"@graph\":[{\"@type\":\"WebPage\",\"@id\":\"https:\\\/\\\/chargeplus.totalenergies.com\\\/fr\\\/conseils-recharge-electrique\\\/compatibilite-vehicules-bornes\\\/\",\"url\":\"https:\\\/\\\/chargeplus.totalenergies.com\\\/fr\\\/conseils-recharge-electrique\\\/compatibilite-vehicules-bornes\\\/\",\"name\":\"Compatibilit\u00e9 des bornes de recharges & voiture : comment choisir ?\",\"isPartOf\":{\"@id\":\"https:\\\/\\\/chargeplus.totalenergies.com\\\/fr\\\/#website\"},\"primaryImageOfPage\":{\"@id\":\"https:\\\/\\\/chargeplus.totalenergies.com\\\/fr\\\/conseils-recharge-electrique\\\/compatibilite-vehicules-bornes\\\/#primaryimage\"},\"image\":{\"@id\":\"https:\\\/\\\/chargeplus.totalenergies.com\\\/fr\\\/conseils-recharge-electrique\\\/compatibilite-vehicules-bornes\\\/#primaryimage\"},\"thumbnailUrl\":\"https:\\\/\\\/chargeplus.totalenergies.com\\\/wp-inside\\\/uploads\\\/2023\\\/09\\\/borne-recharge-voiture-electrique.jpg\",\"datePublished\":\"2024-03-27T14:50:26+00:00\",\"dateModified\":\"2025-11-17T09:03:09+00:00\",\"description\":\"Vous vous demandez quelle borne de recharge pour voiture \u00e9lectrique utiliser ? D\u00e9couvrez ici comment choisir une solution de recharge adapt\u00e9e \u00e0 vos besoins !\",\"breadcrumb\":{\"@id\":\"https:\\\/\\\/chargeplus.totalenergies.com\\\/fr\\\/conseils-recharge-electrique\\\/compatibilite-vehicules-bornes\\\/#breadcrumb\"},\"inLanguage\":\"fr-FR\",\"potentialAction\":[{\"@type\":\"ReadAction\",\"target\":[\"https:\\\/\\\/chargeplus.totalenergies.com\\\/fr\\\/conseils-recharge-electrique\\\/compatibilite-vehicules-bornes\\\/\"]}]},{\"@type\":\"ImageObject\",\"inLanguage\":\"fr-FR\",\"@id\":\"https:\\\/\\\/chargeplus.totalenergies.com\\\/fr\\\/conseils-recharge-electrique\\\/compatibilite-vehicules-bornes\\\/#primaryimage\",\"url\":\"https:\\\/\\\/chargeplus.totalenergies.com\\\/wp-inside\\\/uploads\\\/2023\\\/09\\\/borne-recharge-voiture-electrique.jpg\",\"contentUrl\":\"https:\\\/\\\/chargeplus.totalenergies.com\\\/wp-inside\\\/uploads\\\/2023\\\/09\\\/borne-recharge-voiture-electrique.jpg\",\"width\":1980,\"height\":1321,\"caption\":\"Borne recharge voiture \u00e9lectrique\"},{\"@type\":\"BreadcrumbList\",\"@id\":\"https:\\\/\\\/chargeplus.totalenergies.com\\\/fr\\\/conseils-recharge-electrique\\\/compatibilite-vehicules-bornes\\\/#breadcrumb\",\"itemListElement\":[{\"@type\":\"ListItem\",\"position\":1,\"name\":\"Accueil\",\"item\":\"https:\\\/\\\/chargeplus.totalenergies.com\\\/fr\\\/\"},{\"@type\":\"ListItem\",\"position\":2,\"name\":\"Voiture \u00e9lectrique&#160;: nos conseils sur la recharge\",\"item\":\"https:\\\/\\\/chargeplus.totalenergies.com\\\/fr\\\/conseils-recharge-electrique\\\/\"},{\"@type\":\"ListItem\",\"position\":3,\"name\":\"Quelles bornes de recharge sont compatibles avec ma voiture \u00e9lectrique&#160;?\"}]},{\"@type\":\"WebSite\",\"@id\":\"https:\\\/\\\/chargeplus.totalenergies.com\\\/fr\\\/#website\",\"url\":\"https:\\\/\\\/chargeplus.totalenergies.com\\\/fr\\\/\",\"name\":\"Charge+\",\"description\":\"Voiture \u00e9lectrique : le guide pratique de la recharge\",\"publisher\":{\"@id\":\"https:\\\/\\\/chargeplus.totalenergies.com\\\/fr\\\/#organization\"},\"potentialAction\":[{\"@type\":\"SearchAction\",\"target\":{\"@type\":\"EntryPoint\",\"urlTemplate\":\"https:\\\/\\\/chargeplus.totalenergies.com\\\/fr\\\/?s={search_term_string}\"},\"query-input\":{\"@type\":\"PropertyValueSpecification\",\"valueRequired\":true,\"valueName\":\"search_term_string\"}}],\"inLanguage\":\"fr-FR\"},{\"@type\":\"Organization\",\"@id\":\"https:\\\/\\\/chargeplus.totalenergies.com\\\/fr\\\/#organization\",\"name\":\"Charge+\",\"url\":\"https:\\\/\\\/chargeplus.totalenergies.com\\\/fr\\\/\",\"logo\":{\"@type\":\"ImageObject\",\"inLanguage\":\"fr-FR\",\"@id\":\"https:\\\/\\\/chargeplus.totalenergies.com\\\/fr\\\/#\\\/schema\\\/logo\\\/image\\\/\",\"url\":\"https:\\\/\\\/chargeplus.totalenergies.com\\\/wp-inside\\\/uploads\\\/2023\\\/07\\\/logo-borne-recharge.jpg\",\"contentUrl\":\"https:\\\/\\\/chargeplus.totalenergies.com\\\/wp-inside\\\/uploads\\\/2023\\\/07\\\/logo-borne-recharge.jpg\",\"width\":150,\"height\":150,\"caption\":\"Charge+\"},\"image\":{\"@id\":\"https:\\\/\\\/chargeplus.totalenergies.com\\\/fr\\\/#\\\/schema\\\/logo\\\/image\\\/\"}}]}<\/script>\n<!-- \/ Yoast SEO plugin. -->","yoast_head_json":{"title":"Compatibilit\u00e9 des bornes de recharges & voiture : comment choisir ? | Charge+","description":"Vous vous demandez quelle borne de recharge pour voiture \u00e9lectrique utiliser ? D\u00e9couvrez ici comment choisir une solution de recharge adapt\u00e9e \u00e0 vos besoins !","robots":{"index":"index","follow":"follow","max-snippet":"max-snippet:-1","max-image-preview":"max-image-preview:large","max-video-preview":"max-video-preview:-1"},"canonical":"https:\/\/chargeplus.totalenergies.com\/fr\/conseils-recharge-electrique\/compatibilite-vehicules-bornes\/","og_locale":"fr_FR","og_type":"article","og_title":"Compatibilit\u00e9 des bornes de recharges & voiture : comment choisir ? | Charge+","og_description":"Vous vous demandez quelle borne de recharge pour voiture \u00e9lectrique utiliser ? D\u00e9couvrez ici comment choisir une solution de recharge adapt\u00e9e \u00e0 vos besoins !","og_url":"https:\/\/chargeplus.totalenergies.com\/fr\/conseils-recharge-electrique\/compatibilite-vehicules-bornes\/","og_site_name":"Charge+","article_modified_time":"2025-11-17T09:03:09+00:00","og_image":[{"width":1980,"height":1321,"url":"https:\/\/chargeplus.totalenergies.com\/wp-inside\/uploads\/2023\/09\/borne-recharge-voiture-electrique.jpg","type":"image\/jpeg"}],"twitter_card":"summary_large_image","twitter_misc":{"Dur\u00e9e de lecture estim\u00e9e":"4 minutes"},"schema":{"@context":"https:\/\/schema.org","@graph":[{"@type":"WebPage","@id":"https:\/\/chargeplus.totalenergies.com\/fr\/conseils-recharge-electrique\/compatibilite-vehicules-bornes\/","url":"https:\/\/chargeplus.totalenergies.com\/fr\/conseils-recharge-electrique\/compatibilite-vehicules-bornes\/","name":"Compatibilit\u00e9 des bornes de recharges & voiture : comment choisir ?","isPartOf":{"@id":"https:\/\/chargeplus.totalenergies.com\/fr\/#website"},"primaryImageOfPage":{"@id":"https:\/\/chargeplus.totalenergies.com\/fr\/conseils-recharge-electrique\/compatibilite-vehicules-bornes\/#primaryimage"},"image":{"@id":"https:\/\/chargeplus.totalenergies.com\/fr\/conseils-recharge-electrique\/compatibilite-vehicules-bornes\/#primaryimage"},"thumbnailUrl":"https:\/\/chargeplus.totalenergies.com\/wp-inside\/uploads\/2023\/09\/borne-recharge-voiture-electrique.jpg","datePublished":"2024-03-27T14:50:26+00:00","dateModified":"2025-11-17T09:03:09+00:00","description":"Vous vous demandez quelle borne de recharge pour voiture \u00e9lectrique utiliser ? D\u00e9couvrez ici comment choisir une solution de recharge adapt\u00e9e \u00e0 vos besoins !","breadcrumb":{"@id":"https:\/\/chargeplus.totalenergies.com\/fr\/conseils-recharge-electrique\/compatibilite-vehicules-bornes\/#breadcrumb"},"inLanguage":"fr-FR","potentialAction":[{"@type":"ReadAction","target":["https:\/\/chargeplus.totalenergies.com\/fr\/conseils-recharge-electrique\/compatibilite-vehicules-bornes\/"]}]},{"@type":"ImageObject","inLanguage":"fr-FR","@id":"https:\/\/chargeplus.totalenergies.com\/fr\/conseils-recharge-electrique\/compatibilite-vehicules-bornes\/#primaryimage","url":"https:\/\/chargeplus.totalenergies.com\/wp-inside\/uploads\/2023\/09\/borne-recharge-voiture-electrique.jpg","contentUrl":"https:\/\/chargeplus.totalenergies.com\/wp-inside\/uploads\/2023\/09\/borne-recharge-voiture-electrique.jpg","width":1980,"height":1321,"caption":"Borne recharge voiture \u00e9lectrique"},{"@type":"BreadcrumbList","@id":"https:\/\/chargeplus.totalenergies.com\/fr\/conseils-recharge-electrique\/compatibilite-vehicules-bornes\/#breadcrumb","itemListElement":[{"@type":"ListItem","position":1,"name":"Accueil","item":"https:\/\/chargeplus.totalenergies.com\/fr\/"},{"@type":"ListItem","position":2,"name":"Voiture \u00e9lectrique&#160;: nos conseils sur la recharge","item":"https:\/\/chargeplus.totalenergies.com\/fr\/conseils-recharge-electrique\/"},{"@type":"ListItem","position":3,"name":"Quelles bornes de recharge sont compatibles avec ma voiture \u00e9lectrique&#160;?"}]},{"@type":"WebSite","@id":"https:\/\/chargeplus.totalenergies.com\/fr\/#website","url":"https:\/\/chargeplus.totalenergies.com\/fr\/","name":"Charge+","description":"Voiture \u00e9lectrique : le guide pratique de la recharge","publisher":{"@id":"https:\/\/chargeplus.totalenergies.com\/fr\/#organization"},"potentialAction":[{"@type":"SearchAction","target":{"@type":"EntryPoint","urlTemplate":"https:\/\/chargeplus.totalenergies.com\/fr\/?s={search_term_string}"},"query-input":{"@type":"PropertyValueSpecification","valueRequired":true,"valueName":"search_term_string"}}],"inLanguage":"fr-FR"},{"@type":"Organization","@id":"https:\/\/chargeplus.totalenergies.com\/fr\/#organization","name":"Charge+","url":"https:\/\/chargeplus.totalenergies.com\/fr\/","logo":{"@type":"ImageObject","inLanguage":"fr-FR","@id":"https:\/\/chargeplus.totalenergies.com\/fr\/#\/schema\/logo\/image\/","url":"https:\/\/chargeplus.totalenergies.com\/wp-inside\/uploads\/2023\/07\/logo-borne-recharge.jpg","contentUrl":"https:\/\/chargeplus.totalenergies.com\/wp-inside\/uploads\/2023\/07\/logo-borne-recharge.jpg","width":150,"height":150,"caption":"Charge+"},"image":{"@id":"https:\/\/chargeplus.totalenergies.com\/fr\/#\/schema\/logo\/image\/"}}]}},"_links":{"self":[{"href":"https:\/\/chargeplus.totalenergies.com\/fr\/wp-json\/wp\/v2\/pages\/2863","targetHints":{"allow":["GET"]}}],"collection":[{"href":"https:\/\/chargeplus.totalenergies.com\/fr\/wp-json\/wp\/v2\/pages"}],"about":[{"href":"https:\/\/chargeplus.totalenergies.com\/fr\/wp-json\/wp\/v2\/types\/page"}],"author":[{"embeddable":true,"href":"https:\/\/chargeplus.totalenergies.com\/fr\/wp-json\/wp\/v2\/users\/4"}],"replies":[{"embeddable":true,"href":"https:\/\/chargeplus.totalenergies.com\/fr\/wp-json\/wp\/v2\/comments?post=2863"}],"version-history":[{"count":8,"href":"https:\/\/chargeplus.totalenergies.com\/fr\/wp-json\/wp\/v2\/pages\/2863\/revisions"}],"predecessor-version":[{"id":4391,"href":"https:\/\/chargeplus.totalenergies.com\/fr\/wp-json\/wp\/v2\/pages\/2863\/revisions\/4391"}],"up":[{"embeddable":true,"href":"https:\/\/chargeplus.totalenergies.com\/fr\/wp-json\/wp\/v2\/pages\/445"}],"wp:featuredmedia":[{"embeddable":true,"href":"https:\/\/chargeplus.totalenergies.com\/fr\/wp-json\/wp\/v2\/media\/2107"}],"wp:attachment":[{"href":"https:\/\/chargeplus.totalenergies.com\/fr\/wp-json\/wp\/v2\/media?parent=2863"}],"curies":[{"name":"wp","href":"https:\/\/api.w.org\/{rel}","templated":true}]}}