{"id":2930,"date":"2024-05-01T07:00:53","date_gmt":"2024-05-01T05:00:53","guid":{"rendered":"https:\/\/chargeplus.totalenergies.com\/?page_id=2930"},"modified":"2025-07-01T16:29:44","modified_gmt":"2025-07-01T14:29:44","slug":"erreurs-courantes-recharge-electrique","status":"publish","type":"page","link":"https:\/\/chargeplus.totalenergies.com\/fr\/conseils-recharge-electrique\/erreurs-courantes-recharge-electrique\/","title":{"rendered":"5 erreurs courantes lors de la recharge de votre v\u00e9hicule \u00e9lectrique"},"content":{"rendered":"<div class=\"wp-post-content\"><!-- zone:zn_pagebanner [0] --><br \/>\n\t\t<!-- \/zone:zn_pagebanner [0] --><br \/>\n<!-- zone:zn_text [1] --><\/p>\n<h2>Erreur 1 : Charger trop souvent \u00e0 100 % ou laisser la batterie se d\u00e9charger compl\u00e8tement<\/h2>\n<p>La batterie d&rsquo;un v\u00e9hicule \u00e9lectrique est compos\u00e9e de cellules qui se d\u00e9gradent \u00e0 chaque cycle de charge et de d\u00e9charge. Si vous chargez trop souvent votre batterie \u00e0 100 % ou si vous la laissez se vider compl\u00e8tement, <strong>vous acc\u00e9l\u00e9rez son vieillissement pr\u00e9matur\u00e9<\/strong> et r\u00e9duisez sa capacit\u00e9 de stockage d\u2019\u00e9nergie. Vous risquez alors de r\u00e9duire l&rsquo;autonomie de votre v\u00e9hicule et de vous retrouver en panne \u00e0 un moment inopportun.<\/p>\n<p>Pour <a href=\"https:\/\/chargeplus.totalenergies.com\/fr\/conseils-recharge-electrique\/comment-optimiser-duree-vie-batterie-voiture-electrique\/\">pr\u00e9server la dur\u00e9e de vie de votre batterie<\/a> et \u00e9viter les surcharges et les sous-charges, l\u2019id\u00e9al est de maintenir un niveau de charge optimal entre 20 et 80 %.<\/p>\n<p><strong>\u00c0 lire aussi : <a href=\"https:\/\/chargeplus.totalenergies.com\/fr\/conseils-recharge-electrique\/faut-il-recharger-sa-voiture-electrique-a-100\/\">Voiture \u00e9lectrique : faut-il recharger sa batterie \u00e0 100 % ?<\/a><\/strong><\/p>\n<p>\t\t\t<!-- \/zone:zn_text [1] --><br \/>\n<!-- zone:zn_text [3] --><\/p>\n<h2>Erreur 2 : Ne pas adapter la puissance de charge \u00e0 ses besoins<\/h2>\n<p>Il existe diff\u00e9rents types de recharge pour votre v\u00e9hicule \u00e9lectrique :<\/p>\n<ul>\n<li><strong>la recharge lente<\/strong>, qui se fait sur une prise domestique et peut prendre jusqu\u2019\u00e0 12 heures\u00a0;<\/li>\n<li><strong>la recharge acc\u00e9l\u00e9r\u00e9e<\/strong>, qui se fait sur une borne d\u00e9di\u00e9e et dure entre 1 et 4 heures.<\/li>\n<li><strong>la recharge rapide<\/strong>, qui se fait sur une borne sp\u00e9cifique et dure entre 20 et 40 minutes.<\/li>\n<\/ul>\n<p>La <a href=\"https:\/\/chargeplus.totalenergies.com\/fr\/conseils-recharge-electrique\/comment-recharger-voiture-electrique-rapidement\/\">recharge rapide<\/a> s\u2019av\u00e8re tr\u00e8s pratique lorsque l\u2019on est press\u00e9, mais l&rsquo;utiliser trop souvent peut avoir un impact n\u00e9gatif sur la sant\u00e9 de votre batterie. Dans la mesure du possible, il est donc pr\u00e9f\u00e9rable de <strong>privil\u00e9gier les m\u00e9thodes de recharge lentes \u00e0 acc\u00e9l\u00e9r\u00e9es au quotidien<\/strong>, et de garder la recharge rapide pour les longs trajets ou les urgences.<\/p>\n<p>\t\t\t<!-- \/zone:zn_text [3] --><br \/>\n<!-- zone:zn_text [4] --><\/p>\n<h3>Bon \u00e0 savoir<\/h3>\n<p>TotalEnergies vous accompagne dans votre mobilit\u00e9 \u00e9lectrique avec sa <a href=\"https:\/\/chargeplus.totalenergies.com\/fr\/carte-de-recharge\/\">carte de recharge Charge+<\/a> qui vous permet de recharger votre v\u00e9hicule sur les bornes de recharge des r\u00e9seaux TotalEnergies et partenaires partout en France<\/p>\n<p>\t\t\t<!-- \/zone:zn_text [4] --><br \/>\n<!-- zone:zn_text_img [6] --><\/p>\n<h2>Erreur 3 : N\u00e9gliger l\u2019installation d\u2019une borne ad\u00e9quate<\/h2>\n<p>Si vous souhaitez recharger votre v\u00e9hicule \u00e9lectrique chez vous, vous devez vous assurer que votre installation \u00e9lectrique est <strong>adapt\u00e9e et conforme aux normes<\/strong>. En effet, une borne de recharge requiert une <a href=\"https:\/\/chargeplus.totalenergies.com\/fr\/conseils-recharge-electrique\/quelle-puissance-recharge-electrique\/\">puissance<\/a> et une protection sp\u00e9cifiques, qui ne sont pas forc\u00e9ment pr\u00e9sentes sur une prise domestique classique.<\/p>\n<p>Pour \u00e9viter les dysfonctionnements et les accidents, l&rsquo;id\u00e9al est de <strong>faire appel \u00e0 un professionnel qualifi\u00e9<\/strong> pour <a href=\"https:\/\/www.totalenergies.fr\/particuliers\/recharge-voiture-electrique\" target=\"_blank\" rel=\"noopener\">l&rsquo;installation de votre borne de recharge<\/a>. Il saura vous conseiller sur le type et l&#8217;emplacement de la borne, ainsi que sur les travaux n\u00e9cessaires pour la raccorder au r\u00e9seau \u00e9lectrique. Il pourra \u00e9galement vous faire b\u00e9n\u00e9ficier d&rsquo;aides financi\u00e8res.<\/p>\n<p><strong>\u00c0 lire aussi : <a href=\"https:\/\/chargeplus.totalenergies.com\/fr\/conseils-recharge-electrique\/benefice-equilibrage-dynamique\/\">Voiture \u00e9lectrique : les b\u00e9n\u00e9fices de l\u2019\u00e9quilibrage dynamique<\/a><\/strong><\/p>\n<p><!-- \/zone:zn_text_img [6] --><br \/>\n<!-- zone:zn_text [7] --><\/p>\n<h2>Erreur 4 : Utiliser un c\u00e2ble ou une prise endommag\u00e9s<\/h2>\n<p>Le c\u00e2ble et <a href=\"https:\/\/chargeplus.totalenergies.com\/fr\/conseils-recharge-electrique\/quelle-prise-pour-recharger-voiture-electrique\/\">la prise de recharge<\/a> sont des \u00e9l\u00e9ments essentiels pour la s\u00e9curit\u00e9 et la performance de votre v\u00e9hicule \u00e9lectrique. Si vous utilisez un c\u00e2ble ou une prise ab\u00eem\u00e9e, vous vous exposez \u00e0 des risques potentiels, comme <strong>une surchauffe, un court-circuit et m\u00eame un incendie<\/strong>. Vous pouvez \u00e9galement endommager votre batterie ou votre borne de recharge.<\/p>\n<p>La solution ? Inspecter et <strong>entretenir r\u00e9guli\u00e8rement votre mat\u00e9riel de recharge<\/strong>. Pour ce faire, vous devez v\u00e9rifier l&rsquo;\u00e9tat du c\u00e2ble et de la prise et les nettoyer avec un chiffon sec. Vous devez \u00e9galement \u00e9viter de les plier, de les \u00e9tirer ou de les \u00e9craser, et les ranger dans un endroit sec et \u00e0 l&rsquo;abri de la chaleur et du froid. En cas de doute, il est pr\u00e9f\u00e9rable de remplacer votre c\u00e2ble ou votre prise par un mod\u00e8le homologu\u00e9.<\/p>\n<p><strong>\u00c0 lire aussi : <a href=\"https:\/\/chargeplus.totalenergies.com\/fr\/conseils-recharge-electrique\/quelle-puissance-recharge-electrique\/\">Quelle puissance pour recharger sa voiture \u00e9lectrique ?<\/a><\/strong><\/p>\n<p>\t\t\t<!-- \/zone:zn_text [7] --><br \/>\n<!-- zone:zn_text [8] --><\/p>\n<h2>Erreur 5 : Recharger la batterie en plein soleil ou par temps glacial<\/h2>\n<p>La temp\u00e9rature ext\u00e9rieure a un impact sur la performance de la recharge de votre v\u00e9hicule \u00e9lectrique. Si vous rechargez votre batterie en plein soleil ou par temps froid, <strong>vous r\u00e9duisez son efficacit\u00e9 et son autonomie<\/strong>. En effet, la batterie fonctionne de mani\u00e8re optimale<strong> entre 15\u00b0C et 25\u00b0C<\/strong>. Au-del\u00e0 ou en de\u00e7\u00e0, elle doit fournir un effort suppl\u00e9mentaire pour se r\u00e9guler.<\/p>\n<p>Dans la mesure du possible, l\u2019id\u00e9al est donc de <strong>recharger votre batterie dans un endroit temp\u00e9r\u00e9<\/strong>. Pour cela, vous pouvez choisir un parking couvert ou ombrag\u00e9, ou utiliser un syst\u00e8me de climatisation ou de chauffage afin de prot\u00e9ger la temp\u00e9rature de la batterie.<\/p>\n<p><strong>\u00c0 lire aussi : <a href=\"https:\/\/chargeplus.totalenergies.com\/fr\/conseils-recharge-electrique\/voiture-electrique-grand-froid\/\">Utiliser sa voiture \u00e9lectrique en p\u00e9riode de grand froid : quelles pr\u00e9cautions ?<\/a><\/strong><\/p>\n<p>\t\t\t<!-- \/zone:zn_text [8] -->\n<\/div>\n","protected":false},"excerpt":{"rendered":"<p>Erreur 1 : Charger trop souvent \u00e0 100 % ou laisser la batterie se d\u00e9charger compl\u00e8tement La batterie d&rsquo;un v\u00e9hicule \u00e9lectrique est compos\u00e9e de cellules qui se d\u00e9gradent \u00e0 chaque [&hellip;]<\/p>\n","protected":false},"author":3,"featured_media":2933,"parent":445,"menu_order":0,"comment_status":"closed","ping_status":"closed","template":"","meta":{"_acf_changed":false,"footnotes":""},"class_list":["post-2930","page","type-page","status-publish","has-post-thumbnail","hentry","wp-sticky"],"acf":[],"yoast_head":"<!-- This site is optimized with the Yoast SEO plugin v27.5 - https:\/\/yoast.com\/product\/yoast-seo-wordpress\/ -->\n<title>Voiture \u00e9lectrique : 5 erreurs \u00e0 \u00e9viter pendant la recharge | Charge+<\/title>\n<meta name=\"description\" content=\"D\u00e9couvrez les erreurs les plus courantes \u00e0 \u00e9viter et les bonnes pratiques \u00e0 adopter lors de la recharge de votre v\u00e9hicule \u00e9lectrique.\" \/>\n<meta name=\"robots\" content=\"index, follow, max-snippet:-1, max-image-preview:large, max-video-preview:-1\" \/>\n<link rel=\"canonical\" href=\"https:\/\/chargeplus.totalenergies.com\/fr\/conseils-recharge-electrique\/erreurs-courantes-recharge-electrique\/\" \/>\n<meta property=\"og:locale\" content=\"fr_FR\" \/>\n<meta property=\"og:type\" content=\"article\" \/>\n<meta property=\"og:title\" content=\"Voiture \u00e9lectrique : 5 erreurs \u00e0 \u00e9viter pendant la recharge | Charge+\" \/>\n<meta property=\"og:description\" content=\"D\u00e9couvrez les erreurs les plus courantes \u00e0 \u00e9viter et les bonnes pratiques \u00e0 adopter lors de la recharge de votre v\u00e9hicule \u00e9lectrique.\" \/>\n<meta property=\"og:url\" content=\"https:\/\/chargeplus.totalenergies.com\/fr\/conseils-recharge-electrique\/erreurs-courantes-recharge-electrique\/\" \/>\n<meta property=\"og:site_name\" content=\"Charge+\" \/>\n<meta property=\"article:modified_time\" content=\"2025-07-01T14:29:44+00:00\" \/>\n<meta property=\"og:image\" content=\"https:\/\/chargeplus.totalenergies.com\/wp-inside\/uploads\/2024\/04\/erreurs-recharge-voiture-electrique.jpg\" \/>\n\t<meta property=\"og:image:width\" content=\"2000\" \/>\n\t<meta property=\"og:image:height\" content=\"1333\" \/>\n\t<meta property=\"og:image:type\" content=\"image\/jpeg\" \/>\n<meta name=\"twitter:card\" content=\"summary_large_image\" \/>\n<meta name=\"twitter:label1\" content=\"Dur\u00e9e de lecture estim\u00e9e\" \/>\n\t<meta name=\"twitter:data1\" content=\"4 minutes\" \/>\n<script type=\"application\/ld+json\" class=\"yoast-schema-graph\">{\"@context\":\"https:\\\/\\\/schema.org\",\"@graph\":[{\"@type\":\"WebPage\",\"@id\":\"https:\\\/\\\/chargeplus.totalenergies.com\\\/fr\\\/conseils-recharge-electrique\\\/erreurs-courantes-recharge-electrique\\\/\",\"url\":\"https:\\\/\\\/chargeplus.totalenergies.com\\\/fr\\\/conseils-recharge-electrique\\\/erreurs-courantes-recharge-electrique\\\/\",\"name\":\"Voiture \u00e9lectrique : 5 erreurs \u00e0 \u00e9viter pendant la recharge\",\"isPartOf\":{\"@id\":\"https:\\\/\\\/chargeplus.totalenergies.com\\\/fr\\\/#website\"},\"primaryImageOfPage\":{\"@id\":\"https:\\\/\\\/chargeplus.totalenergies.com\\\/fr\\\/conseils-recharge-electrique\\\/erreurs-courantes-recharge-electrique\\\/#primaryimage\"},\"image\":{\"@id\":\"https:\\\/\\\/chargeplus.totalenergies.com\\\/fr\\\/conseils-recharge-electrique\\\/erreurs-courantes-recharge-electrique\\\/#primaryimage\"},\"thumbnailUrl\":\"https:\\\/\\\/chargeplus.totalenergies.com\\\/wp-inside\\\/uploads\\\/2024\\\/04\\\/erreurs-recharge-voiture-electrique.jpg\",\"datePublished\":\"2024-05-01T05:00:53+00:00\",\"dateModified\":\"2025-07-01T14:29:44+00:00\",\"description\":\"D\u00e9couvrez les erreurs les plus courantes \u00e0 \u00e9viter et les bonnes pratiques \u00e0 adopter lors de la recharge de votre v\u00e9hicule \u00e9lectrique.\",\"breadcrumb\":{\"@id\":\"https:\\\/\\\/chargeplus.totalenergies.com\\\/fr\\\/conseils-recharge-electrique\\\/erreurs-courantes-recharge-electrique\\\/#breadcrumb\"},\"inLanguage\":\"fr-FR\",\"potentialAction\":[{\"@type\":\"ReadAction\",\"target\":[\"https:\\\/\\\/chargeplus.totalenergies.com\\\/fr\\\/conseils-recharge-electrique\\\/erreurs-courantes-recharge-electrique\\\/\"]}]},{\"@type\":\"ImageObject\",\"inLanguage\":\"fr-FR\",\"@id\":\"https:\\\/\\\/chargeplus.totalenergies.com\\\/fr\\\/conseils-recharge-electrique\\\/erreurs-courantes-recharge-electrique\\\/#primaryimage\",\"url\":\"https:\\\/\\\/chargeplus.totalenergies.com\\\/wp-inside\\\/uploads\\\/2024\\\/04\\\/erreurs-recharge-voiture-electrique.jpg\",\"contentUrl\":\"https:\\\/\\\/chargeplus.totalenergies.com\\\/wp-inside\\\/uploads\\\/2024\\\/04\\\/erreurs-recharge-voiture-electrique.jpg\",\"width\":2000,\"height\":1333,\"caption\":\"Erreurs de recharge de voiture \u00e9lectrique\"},{\"@type\":\"BreadcrumbList\",\"@id\":\"https:\\\/\\\/chargeplus.totalenergies.com\\\/fr\\\/conseils-recharge-electrique\\\/erreurs-courantes-recharge-electrique\\\/#breadcrumb\",\"itemListElement\":[{\"@type\":\"ListItem\",\"position\":1,\"name\":\"Accueil\",\"item\":\"https:\\\/\\\/chargeplus.totalenergies.com\\\/fr\\\/\"},{\"@type\":\"ListItem\",\"position\":2,\"name\":\"Voiture \u00e9lectrique&#160;: nos conseils sur la recharge\",\"item\":\"https:\\\/\\\/chargeplus.totalenergies.com\\\/fr\\\/conseils-recharge-electrique\\\/\"},{\"@type\":\"ListItem\",\"position\":3,\"name\":\"5 erreurs courantes lors de la recharge de votre v\u00e9hicule \u00e9lectrique\"}]},{\"@type\":\"WebSite\",\"@id\":\"https:\\\/\\\/chargeplus.totalenergies.com\\\/fr\\\/#website\",\"url\":\"https:\\\/\\\/chargeplus.totalenergies.com\\\/fr\\\/\",\"name\":\"Charge+\",\"description\":\"Voiture \u00e9lectrique : le guide pratique de la recharge\",\"publisher\":{\"@id\":\"https:\\\/\\\/chargeplus.totalenergies.com\\\/fr\\\/#organization\"},\"potentialAction\":[{\"@type\":\"SearchAction\",\"target\":{\"@type\":\"EntryPoint\",\"urlTemplate\":\"https:\\\/\\\/chargeplus.totalenergies.com\\\/fr\\\/?s={search_term_string}\"},\"query-input\":{\"@type\":\"PropertyValueSpecification\",\"valueRequired\":true,\"valueName\":\"search_term_string\"}}],\"inLanguage\":\"fr-FR\"},{\"@type\":\"Organization\",\"@id\":\"https:\\\/\\\/chargeplus.totalenergies.com\\\/fr\\\/#organization\",\"name\":\"Charge+\",\"url\":\"https:\\\/\\\/chargeplus.totalenergies.com\\\/fr\\\/\",\"logo\":{\"@type\":\"ImageObject\",\"inLanguage\":\"fr-FR\",\"@id\":\"https:\\\/\\\/chargeplus.totalenergies.com\\\/fr\\\/#\\\/schema\\\/logo\\\/image\\\/\",\"url\":\"https:\\\/\\\/chargeplus.totalenergies.com\\\/wp-inside\\\/uploads\\\/2023\\\/07\\\/logo-borne-recharge.jpg\",\"contentUrl\":\"https:\\\/\\\/chargeplus.totalenergies.com\\\/wp-inside\\\/uploads\\\/2023\\\/07\\\/logo-borne-recharge.jpg\",\"width\":150,\"height\":150,\"caption\":\"Charge+\"},\"image\":{\"@id\":\"https:\\\/\\\/chargeplus.totalenergies.com\\\/fr\\\/#\\\/schema\\\/logo\\\/image\\\/\"}}]}<\/script>\n<!-- \/ Yoast SEO plugin. -->","yoast_head_json":{"title":"Voiture \u00e9lectrique : 5 erreurs \u00e0 \u00e9viter pendant la recharge | Charge+","description":"D\u00e9couvrez les erreurs les plus courantes \u00e0 \u00e9viter et les bonnes pratiques \u00e0 adopter lors de la recharge de votre v\u00e9hicule \u00e9lectrique.","robots":{"index":"index","follow":"follow","max-snippet":"max-snippet:-1","max-image-preview":"max-image-preview:large","max-video-preview":"max-video-preview:-1"},"canonical":"https:\/\/chargeplus.totalenergies.com\/fr\/conseils-recharge-electrique\/erreurs-courantes-recharge-electrique\/","og_locale":"fr_FR","og_type":"article","og_title":"Voiture \u00e9lectrique : 5 erreurs \u00e0 \u00e9viter pendant la recharge | Charge+","og_description":"D\u00e9couvrez les erreurs les plus courantes \u00e0 \u00e9viter et les bonnes pratiques \u00e0 adopter lors de la recharge de votre v\u00e9hicule \u00e9lectrique.","og_url":"https:\/\/chargeplus.totalenergies.com\/fr\/conseils-recharge-electrique\/erreurs-courantes-recharge-electrique\/","og_site_name":"Charge+","article_modified_time":"2025-07-01T14:29:44+00:00","og_image":[{"width":2000,"height":1333,"url":"https:\/\/chargeplus.totalenergies.com\/wp-inside\/uploads\/2024\/04\/erreurs-recharge-voiture-electrique.jpg","type":"image\/jpeg"}],"twitter_card":"summary_large_image","twitter_misc":{"Dur\u00e9e de lecture estim\u00e9e":"4 minutes"},"schema":{"@context":"https:\/\/schema.org","@graph":[{"@type":"WebPage","@id":"https:\/\/chargeplus.totalenergies.com\/fr\/conseils-recharge-electrique\/erreurs-courantes-recharge-electrique\/","url":"https:\/\/chargeplus.totalenergies.com\/fr\/conseils-recharge-electrique\/erreurs-courantes-recharge-electrique\/","name":"Voiture \u00e9lectrique : 5 erreurs \u00e0 \u00e9viter pendant la recharge","isPartOf":{"@id":"https:\/\/chargeplus.totalenergies.com\/fr\/#website"},"primaryImageOfPage":{"@id":"https:\/\/chargeplus.totalenergies.com\/fr\/conseils-recharge-electrique\/erreurs-courantes-recharge-electrique\/#primaryimage"},"image":{"@id":"https:\/\/chargeplus.totalenergies.com\/fr\/conseils-recharge-electrique\/erreurs-courantes-recharge-electrique\/#primaryimage"},"thumbnailUrl":"https:\/\/chargeplus.totalenergies.com\/wp-inside\/uploads\/2024\/04\/erreurs-recharge-voiture-electrique.jpg","datePublished":"2024-05-01T05:00:53+00:00","dateModified":"2025-07-01T14:29:44+00:00","description":"D\u00e9couvrez les erreurs les plus courantes \u00e0 \u00e9viter et les bonnes pratiques \u00e0 adopter lors de la recharge de votre v\u00e9hicule \u00e9lectrique.","breadcrumb":{"@id":"https:\/\/chargeplus.totalenergies.com\/fr\/conseils-recharge-electrique\/erreurs-courantes-recharge-electrique\/#breadcrumb"},"inLanguage":"fr-FR","potentialAction":[{"@type":"ReadAction","target":["https:\/\/chargeplus.totalenergies.com\/fr\/conseils-recharge-electrique\/erreurs-courantes-recharge-electrique\/"]}]},{"@type":"ImageObject","inLanguage":"fr-FR","@id":"https:\/\/chargeplus.totalenergies.com\/fr\/conseils-recharge-electrique\/erreurs-courantes-recharge-electrique\/#primaryimage","url":"https:\/\/chargeplus.totalenergies.com\/wp-inside\/uploads\/2024\/04\/erreurs-recharge-voiture-electrique.jpg","contentUrl":"https:\/\/chargeplus.totalenergies.com\/wp-inside\/uploads\/2024\/04\/erreurs-recharge-voiture-electrique.jpg","width":2000,"height":1333,"caption":"Erreurs de recharge de voiture \u00e9lectrique"},{"@type":"BreadcrumbList","@id":"https:\/\/chargeplus.totalenergies.com\/fr\/conseils-recharge-electrique\/erreurs-courantes-recharge-electrique\/#breadcrumb","itemListElement":[{"@type":"ListItem","position":1,"name":"Accueil","item":"https:\/\/chargeplus.totalenergies.com\/fr\/"},{"@type":"ListItem","position":2,"name":"Voiture \u00e9lectrique&#160;: nos conseils sur la recharge","item":"https:\/\/chargeplus.totalenergies.com\/fr\/conseils-recharge-electrique\/"},{"@type":"ListItem","position":3,"name":"5 erreurs courantes lors de la recharge de votre v\u00e9hicule \u00e9lectrique"}]},{"@type":"WebSite","@id":"https:\/\/chargeplus.totalenergies.com\/fr\/#website","url":"https:\/\/chargeplus.totalenergies.com\/fr\/","name":"Charge+","description":"Voiture \u00e9lectrique : le guide pratique de la recharge","publisher":{"@id":"https:\/\/chargeplus.totalenergies.com\/fr\/#organization"},"potentialAction":[{"@type":"SearchAction","target":{"@type":"EntryPoint","urlTemplate":"https:\/\/chargeplus.totalenergies.com\/fr\/?s={search_term_string}"},"query-input":{"@type":"PropertyValueSpecification","valueRequired":true,"valueName":"search_term_string"}}],"inLanguage":"fr-FR"},{"@type":"Organization","@id":"https:\/\/chargeplus.totalenergies.com\/fr\/#organization","name":"Charge+","url":"https:\/\/chargeplus.totalenergies.com\/fr\/","logo":{"@type":"ImageObject","inLanguage":"fr-FR","@id":"https:\/\/chargeplus.totalenergies.com\/fr\/#\/schema\/logo\/image\/","url":"https:\/\/chargeplus.totalenergies.com\/wp-inside\/uploads\/2023\/07\/logo-borne-recharge.jpg","contentUrl":"https:\/\/chargeplus.totalenergies.com\/wp-inside\/uploads\/2023\/07\/logo-borne-recharge.jpg","width":150,"height":150,"caption":"Charge+"},"image":{"@id":"https:\/\/chargeplus.totalenergies.com\/fr\/#\/schema\/logo\/image\/"}}]}},"_links":{"self":[{"href":"https:\/\/chargeplus.totalenergies.com\/fr\/wp-json\/wp\/v2\/pages\/2930","targetHints":{"allow":["GET"]}}],"collection":[{"href":"https:\/\/chargeplus.totalenergies.com\/fr\/wp-json\/wp\/v2\/pages"}],"about":[{"href":"https:\/\/chargeplus.totalenergies.com\/fr\/wp-json\/wp\/v2\/types\/page"}],"author":[{"embeddable":true,"href":"https:\/\/chargeplus.totalenergies.com\/fr\/wp-json\/wp\/v2\/users\/3"}],"replies":[{"embeddable":true,"href":"https:\/\/chargeplus.totalenergies.com\/fr\/wp-json\/wp\/v2\/comments?post=2930"}],"version-history":[{"count":12,"href":"https:\/\/chargeplus.totalenergies.com\/fr\/wp-json\/wp\/v2\/pages\/2930\/revisions"}],"predecessor-version":[{"id":4253,"href":"https:\/\/chargeplus.totalenergies.com\/fr\/wp-json\/wp\/v2\/pages\/2930\/revisions\/4253"}],"up":[{"embeddable":true,"href":"https:\/\/chargeplus.totalenergies.com\/fr\/wp-json\/wp\/v2\/pages\/445"}],"wp:featuredmedia":[{"embeddable":true,"href":"https:\/\/chargeplus.totalenergies.com\/fr\/wp-json\/wp\/v2\/media\/2933"}],"wp:attachment":[{"href":"https:\/\/chargeplus.totalenergies.com\/fr\/wp-json\/wp\/v2\/media?parent=2930"}],"curies":[{"name":"wp","href":"https:\/\/api.w.org\/{rel}","templated":true}]}}