{"id":3176,"date":"2024-08-01T16:16:59","date_gmt":"2024-08-01T14:16:59","guid":{"rendered":"https:\/\/chargeplus.totalenergies.com\/?page_id=3176"},"modified":"2026-02-12T10:57:34","modified_gmt":"2026-02-12T09:57:34","slug":"votre-nouvelle-carte-de-recharge-chargeplus","status":"publish","type":"page","link":"https:\/\/chargeplus.totalenergies.com\/fr\/votre-nouvelle-carte-de-recharge-chargeplus\/","title":{"rendered":"Votre nouvelle carte de recharge Charge+"},"content":{"rendered":"<div class=\"wp-post-content\"><!-- zone:zn_pagebanner [0] --><br \/>\n\t\t<!-- \/zone:zn_pagebanner [0] --><br \/>\n<!-- zone:zn_text_img [2] --><\/p>\n<h2>Pourquoi choisir Charge+<\/h2>\n<ul>\n<li>\n<p data-path-to-node=\"9,0,0\"><span data-path-to-node=\"9,0,0,0\"><b data-path-to-node=\"9,0,0,0\" data-index-in-node=\"0\">\ud83d\udcc9 Une \u00e9conomie imm\u00e9diate<\/b> Avec l&rsquo;Option Zen, plus besoin de calculer. Vos <b data-path-to-node=\"9,0,0,0\" data-index-in-node=\"74\">15% de r\u00e9duction<\/b> s&rsquo;appliquent automatiquement. <\/span><span data-path-to-node=\"9,0,0,2\"><span class=\"citation-49\">Votre abonnement est <\/span><b data-path-to-node=\"9,0,0,2\" data-index-in-node=\"21\"><span class=\"citation-49\">amorti d\u00e8s la 2\u00e8me recharge<\/span><\/b><\/span><span data-path-to-node=\"9,0,0,4\">.<\/span><\/p>\n<\/li>\n<li>\n<p data-path-to-node=\"9,1,0\"><span data-path-to-node=\"9,1,0,0\"><b data-path-to-node=\"9,1,0,0\" data-index-in-node=\"0\">\u2615 Le confort en Station (L&rsquo;exp\u00e9rience TotalEnergies)<\/b> Transformez la recharge en pause plaisir. <\/span><span data-path-to-node=\"9,1,0,2\"><span class=\"citation-48\">Le <\/span><b data-path-to-node=\"9,1,0,2\" data-index-in-node=\"3\"><span class=\"citation-48\">caf\u00e9 vous est offert<\/span><\/b><span class=\"citation-48\"> \u00e0 chaque arr\u00eat, et vous profitez du WiFi et des services en station pour une tranquillit\u00e9 maximale<\/span><\/span><span data-path-to-node=\"9,1,0,4\">.<\/span><\/p>\n<\/li>\n<li>\n<p data-path-to-node=\"9,2,0\"><span data-path-to-node=\"9,2,0,0\"><b data-path-to-node=\"9,2,0,0\" data-index-in-node=\"0\">\ud83c\udf0d Une carte universelle (160 000 bornes)<\/b> Acc\u00e9dez \u00e0 tous les points de recharge<b data-path-to-node=\"9,2,0,0\" data-index-in-node=\"52\">\u00a0en France<\/b>. <\/span><span data-path-to-node=\"9,2,0,2\"><span class=\"citation-47\">Que ce soit chez TotalEnergies ou sur les r\u00e9seaux partenaires, une seule carte suffit pour voyager partout<\/span><\/span><span data-path-to-node=\"9,2,0,4\">.<\/span><\/p>\n<\/li>\n<\/ul>\n<p style=\"text-align: center;\"><a class=\"button\" href=\"https:\/\/subscription.chargeplus.totalenergies.com\/fr\">Je veux ma carte !<\/a><\/p>\n<p>&nbsp;<\/p>\n<p>&nbsp;<\/p>\n<p><!-- \/zone:zn_text_img [2] --><br \/>\n<!-- zone:zn_text_img [3] --><\/p>\n<h2 class=\"p2\">Pour les clients ayant un contrat TotalEnergies Electricit\u00e9 \u00e0 la maison, profitez de la carte offerte.<\/h2>\n<p data-ccp-props=\"{\"><span data-path-to-node=\"13,0\">Bonne nouvelle : votre <b data-path-to-node=\"13,0\" data-index-in-node=\"82\">Carte Charge+ est offerte<\/b> (au lieu de 19,90\u20ac). <\/span><span data-path-to-node=\"13,2\"><span class=\"citation-46\">C&rsquo;est le moment d&rsquo;en profiter ! <\/span><\/span>\u200b<\/p>\n<p>&nbsp;<\/p>\n<p><a class=\"button\" href=\"https:\/\/subscription.chargeplus.totalenergies.com\/fr\">En profiter<\/a><\/p>\n<p><!-- \/zone:zn_text_img [3] --><br \/>\n<!-- zone:zn_text [4] --><\/p>\n<h2 style=\"text-align: center;\">Besoin d\u2019aide ?<\/h2>\n<p style=\"text-align: center;\">Envie d\u2019en savoir plus sur la recharge de votre v\u00e9hicule \u00e9lectrique avec TotalEnergies ? Retrouvez toutes les r\u00e9ponses \u00e0 vos questions pour faciliter vos recharges.<\/p>\n<p style=\"text-align: center;\"><a href=\"https:\/\/chargeplus.totalenergies.com\/fr\/faq\/\">D\u00e9couvrez aussi notre FAQ d\u00e9di\u00e9e aux voitures \u00e9lectriques.<\/a><\/p>\n<p>&nbsp;<\/p>\n<p>&nbsp;<\/p>\n<p>\t\t\t<!-- \/zone:zn_text [4] --><br \/>\n<!-- zone:zn_text [7] --><\/p>\n<p><sub><em>*Pour toute recharge effectu\u00e9e entre 28 mai et 1 juin 2025 sur les bornes haute puissance TotalEnergies situ\u00e9es dans les stations \u00e0 la marque TotalEnergies, Access de TotalEnergies en France, le pourcentage de remise s\u2019applique sur le prix public de la recharge : 20% pour tous les clients b\u00e9n\u00e9ficiant d\u2019une offre Charge+. Voir les Conditions g\u00e9n\u00e9rales de vente, les offres Charge+ et la liste des points de recharge accessible sur l\u2019app Charge+ de TotalEnergies ou le site chargeplus.totalenergies.com\/fr\u00a0<\/em> <\/sub><\/p>\n<p>&nbsp;<\/p>\n<p>&nbsp;<\/p>\n<p>\t\t\t<!-- \/zone:zn_text [7] -->\n<\/div>\n","protected":false},"excerpt":{"rendered":"<p>Pourquoi choisir Charge+ \ud83d\udcc9 Une \u00e9conomie imm\u00e9diate Avec l&rsquo;Option Zen, plus besoin de calculer. Vos 15% de r\u00e9duction s&rsquo;appliquent automatiquement. Votre abonnement est amorti d\u00e8s la 2\u00e8me recharge. \u2615 Le [&hellip;]<\/p>\n","protected":false},"author":6,"featured_media":3001,"parent":0,"menu_order":0,"comment_status":"closed","ping_status":"closed","template":"","meta":{"_acf_changed":false,"footnotes":""},"class_list":["post-3176","page","type-page","status-publish","has-post-thumbnail","hentry","wp-sticky"],"acf":[],"yoast_head":"<!-- This site is optimized with the Yoast SEO plugin v27.3 - https:\/\/yoast.com\/product\/yoast-seo-wordpress\/ -->\n<title>Votre nouvelle carte de recharge Charge+ | Charge+<\/title>\n<meta name=\"robots\" content=\"index, follow, max-snippet:-1, max-image-preview:large, max-video-preview:-1\" \/>\n<link rel=\"canonical\" href=\"https:\/\/chargeplus.totalenergies.com\/fr\/votre-nouvelle-carte-de-recharge-chargeplus\/\" \/>\n<meta property=\"og:locale\" content=\"fr_FR\" \/>\n<meta property=\"og:type\" content=\"article\" \/>\n<meta property=\"og:title\" content=\"Votre nouvelle carte de recharge Charge+ | Charge+\" \/>\n<meta property=\"og:description\" content=\"Pourquoi choisir Charge+ \ud83d\udcc9 Une \u00e9conomie imm\u00e9diate Avec l&rsquo;Option Zen, plus besoin de calculer. Vos 15% de r\u00e9duction s&rsquo;appliquent automatiquement. Votre abonnement est amorti d\u00e8s la 2\u00e8me recharge. \u2615 Le [&hellip;]\" \/>\n<meta property=\"og:url\" content=\"https:\/\/chargeplus.totalenergies.com\/fr\/votre-nouvelle-carte-de-recharge-chargeplus\/\" \/>\n<meta property=\"og:site_name\" content=\"Charge+\" \/>\n<meta property=\"article:modified_time\" content=\"2026-02-12T09:57:34+00:00\" \/>\n<meta property=\"og:image\" content=\"https:\/\/chargeplus.totalenergies.com\/wp-inside\/uploads\/2024\/04\/carte-borne-recharge-charge-plus-voiture-electrique.jpg\" \/>\n\t<meta property=\"og:image:width\" content=\"2000\" \/>\n\t<meta property=\"og:image:height\" content=\"1333\" \/>\n\t<meta property=\"og:image:type\" content=\"image\/jpeg\" \/>\n<meta name=\"twitter:card\" content=\"summary_large_image\" \/>\n<meta name=\"twitter:label1\" content=\"Dur\u00e9e de lecture estim\u00e9e\" \/>\n\t<meta name=\"twitter:data1\" content=\"1 minute\" \/>\n<script type=\"application\/ld+json\" class=\"yoast-schema-graph\">{\"@context\":\"https:\\\/\\\/schema.org\",\"@graph\":[{\"@type\":\"WebPage\",\"@id\":\"https:\\\/\\\/chargeplus.totalenergies.com\\\/fr\\\/votre-nouvelle-carte-de-recharge-chargeplus\\\/\",\"url\":\"https:\\\/\\\/chargeplus.totalenergies.com\\\/fr\\\/votre-nouvelle-carte-de-recharge-chargeplus\\\/\",\"name\":\"Votre nouvelle carte de recharge Charge+\",\"isPartOf\":{\"@id\":\"https:\\\/\\\/chargeplus.totalenergies.com\\\/fr\\\/#website\"},\"primaryImageOfPage\":{\"@id\":\"https:\\\/\\\/chargeplus.totalenergies.com\\\/fr\\\/votre-nouvelle-carte-de-recharge-chargeplus\\\/#primaryimage\"},\"image\":{\"@id\":\"https:\\\/\\\/chargeplus.totalenergies.com\\\/fr\\\/votre-nouvelle-carte-de-recharge-chargeplus\\\/#primaryimage\"},\"thumbnailUrl\":\"https:\\\/\\\/chargeplus.totalenergies.com\\\/wp-inside\\\/uploads\\\/2024\\\/04\\\/carte-borne-recharge-charge-plus-voiture-electrique.jpg\",\"datePublished\":\"2024-08-01T14:16:59+00:00\",\"dateModified\":\"2026-02-12T09:57:34+00:00\",\"breadcrumb\":{\"@id\":\"https:\\\/\\\/chargeplus.totalenergies.com\\\/fr\\\/votre-nouvelle-carte-de-recharge-chargeplus\\\/#breadcrumb\"},\"inLanguage\":\"fr-FR\",\"potentialAction\":[{\"@type\":\"ReadAction\",\"target\":[\"https:\\\/\\\/chargeplus.totalenergies.com\\\/fr\\\/votre-nouvelle-carte-de-recharge-chargeplus\\\/\"]}]},{\"@type\":\"ImageObject\",\"inLanguage\":\"fr-FR\",\"@id\":\"https:\\\/\\\/chargeplus.totalenergies.com\\\/fr\\\/votre-nouvelle-carte-de-recharge-chargeplus\\\/#primaryimage\",\"url\":\"https:\\\/\\\/chargeplus.totalenergies.com\\\/wp-inside\\\/uploads\\\/2024\\\/04\\\/carte-borne-recharge-charge-plus-voiture-electrique.jpg\",\"contentUrl\":\"https:\\\/\\\/chargeplus.totalenergies.com\\\/wp-inside\\\/uploads\\\/2024\\\/04\\\/carte-borne-recharge-charge-plus-voiture-electrique.jpg\",\"width\":2000,\"height\":1333,\"caption\":\"Carte borne de recharge voiture \u00e9lectrique\"},{\"@type\":\"BreadcrumbList\",\"@id\":\"https:\\\/\\\/chargeplus.totalenergies.com\\\/fr\\\/votre-nouvelle-carte-de-recharge-chargeplus\\\/#breadcrumb\",\"itemListElement\":[{\"@type\":\"ListItem\",\"position\":1,\"name\":\"Accueil\",\"item\":\"https:\\\/\\\/chargeplus.totalenergies.com\\\/fr\\\/\"},{\"@type\":\"ListItem\",\"position\":2,\"name\":\"Votre nouvelle carte de recharge Charge+\"}]},{\"@type\":\"WebSite\",\"@id\":\"https:\\\/\\\/chargeplus.totalenergies.com\\\/fr\\\/#website\",\"url\":\"https:\\\/\\\/chargeplus.totalenergies.com\\\/fr\\\/\",\"name\":\"Charge+\",\"description\":\"Voiture \u00e9lectrique : le guide pratique de la recharge\",\"publisher\":{\"@id\":\"https:\\\/\\\/chargeplus.totalenergies.com\\\/fr\\\/#organization\"},\"potentialAction\":[{\"@type\":\"SearchAction\",\"target\":{\"@type\":\"EntryPoint\",\"urlTemplate\":\"https:\\\/\\\/chargeplus.totalenergies.com\\\/fr\\\/?s={search_term_string}\"},\"query-input\":{\"@type\":\"PropertyValueSpecification\",\"valueRequired\":true,\"valueName\":\"search_term_string\"}}],\"inLanguage\":\"fr-FR\"},{\"@type\":\"Organization\",\"@id\":\"https:\\\/\\\/chargeplus.totalenergies.com\\\/fr\\\/#organization\",\"name\":\"Charge+\",\"url\":\"https:\\\/\\\/chargeplus.totalenergies.com\\\/fr\\\/\",\"logo\":{\"@type\":\"ImageObject\",\"inLanguage\":\"fr-FR\",\"@id\":\"https:\\\/\\\/chargeplus.totalenergies.com\\\/fr\\\/#\\\/schema\\\/logo\\\/image\\\/\",\"url\":\"https:\\\/\\\/chargeplus.totalenergies.com\\\/wp-inside\\\/uploads\\\/2023\\\/07\\\/logo-borne-recharge.jpg\",\"contentUrl\":\"https:\\\/\\\/chargeplus.totalenergies.com\\\/wp-inside\\\/uploads\\\/2023\\\/07\\\/logo-borne-recharge.jpg\",\"width\":150,\"height\":150,\"caption\":\"Charge+\"},\"image\":{\"@id\":\"https:\\\/\\\/chargeplus.totalenergies.com\\\/fr\\\/#\\\/schema\\\/logo\\\/image\\\/\"}}]}<\/script>\n<!-- \/ Yoast SEO plugin. -->","yoast_head_json":{"title":"Votre nouvelle carte de recharge Charge+ | Charge+","robots":{"index":"index","follow":"follow","max-snippet":"max-snippet:-1","max-image-preview":"max-image-preview:large","max-video-preview":"max-video-preview:-1"},"canonical":"https:\/\/chargeplus.totalenergies.com\/fr\/votre-nouvelle-carte-de-recharge-chargeplus\/","og_locale":"fr_FR","og_type":"article","og_title":"Votre nouvelle carte de recharge Charge+ | Charge+","og_description":"Pourquoi choisir Charge+ \ud83d\udcc9 Une \u00e9conomie imm\u00e9diate Avec l&rsquo;Option Zen, plus besoin de calculer. Vos 15% de r\u00e9duction s&rsquo;appliquent automatiquement. Votre abonnement est amorti d\u00e8s la 2\u00e8me recharge. \u2615 Le [&hellip;]","og_url":"https:\/\/chargeplus.totalenergies.com\/fr\/votre-nouvelle-carte-de-recharge-chargeplus\/","og_site_name":"Charge+","article_modified_time":"2026-02-12T09:57:34+00:00","og_image":[{"width":2000,"height":1333,"url":"https:\/\/chargeplus.totalenergies.com\/wp-inside\/uploads\/2024\/04\/carte-borne-recharge-charge-plus-voiture-electrique.jpg","type":"image\/jpeg"}],"twitter_card":"summary_large_image","twitter_misc":{"Dur\u00e9e de lecture estim\u00e9e":"1 minute"},"schema":{"@context":"https:\/\/schema.org","@graph":[{"@type":"WebPage","@id":"https:\/\/chargeplus.totalenergies.com\/fr\/votre-nouvelle-carte-de-recharge-chargeplus\/","url":"https:\/\/chargeplus.totalenergies.com\/fr\/votre-nouvelle-carte-de-recharge-chargeplus\/","name":"Votre nouvelle carte de recharge Charge+","isPartOf":{"@id":"https:\/\/chargeplus.totalenergies.com\/fr\/#website"},"primaryImageOfPage":{"@id":"https:\/\/chargeplus.totalenergies.com\/fr\/votre-nouvelle-carte-de-recharge-chargeplus\/#primaryimage"},"image":{"@id":"https:\/\/chargeplus.totalenergies.com\/fr\/votre-nouvelle-carte-de-recharge-chargeplus\/#primaryimage"},"thumbnailUrl":"https:\/\/chargeplus.totalenergies.com\/wp-inside\/uploads\/2024\/04\/carte-borne-recharge-charge-plus-voiture-electrique.jpg","datePublished":"2024-08-01T14:16:59+00:00","dateModified":"2026-02-12T09:57:34+00:00","breadcrumb":{"@id":"https:\/\/chargeplus.totalenergies.com\/fr\/votre-nouvelle-carte-de-recharge-chargeplus\/#breadcrumb"},"inLanguage":"fr-FR","potentialAction":[{"@type":"ReadAction","target":["https:\/\/chargeplus.totalenergies.com\/fr\/votre-nouvelle-carte-de-recharge-chargeplus\/"]}]},{"@type":"ImageObject","inLanguage":"fr-FR","@id":"https:\/\/chargeplus.totalenergies.com\/fr\/votre-nouvelle-carte-de-recharge-chargeplus\/#primaryimage","url":"https:\/\/chargeplus.totalenergies.com\/wp-inside\/uploads\/2024\/04\/carte-borne-recharge-charge-plus-voiture-electrique.jpg","contentUrl":"https:\/\/chargeplus.totalenergies.com\/wp-inside\/uploads\/2024\/04\/carte-borne-recharge-charge-plus-voiture-electrique.jpg","width":2000,"height":1333,"caption":"Carte borne de recharge voiture \u00e9lectrique"},{"@type":"BreadcrumbList","@id":"https:\/\/chargeplus.totalenergies.com\/fr\/votre-nouvelle-carte-de-recharge-chargeplus\/#breadcrumb","itemListElement":[{"@type":"ListItem","position":1,"name":"Accueil","item":"https:\/\/chargeplus.totalenergies.com\/fr\/"},{"@type":"ListItem","position":2,"name":"Votre nouvelle carte de recharge Charge+"}]},{"@type":"WebSite","@id":"https:\/\/chargeplus.totalenergies.com\/fr\/#website","url":"https:\/\/chargeplus.totalenergies.com\/fr\/","name":"Charge+","description":"Voiture \u00e9lectrique : le guide pratique de la recharge","publisher":{"@id":"https:\/\/chargeplus.totalenergies.com\/fr\/#organization"},"potentialAction":[{"@type":"SearchAction","target":{"@type":"EntryPoint","urlTemplate":"https:\/\/chargeplus.totalenergies.com\/fr\/?s={search_term_string}"},"query-input":{"@type":"PropertyValueSpecification","valueRequired":true,"valueName":"search_term_string"}}],"inLanguage":"fr-FR"},{"@type":"Organization","@id":"https:\/\/chargeplus.totalenergies.com\/fr\/#organization","name":"Charge+","url":"https:\/\/chargeplus.totalenergies.com\/fr\/","logo":{"@type":"ImageObject","inLanguage":"fr-FR","@id":"https:\/\/chargeplus.totalenergies.com\/fr\/#\/schema\/logo\/image\/","url":"https:\/\/chargeplus.totalenergies.com\/wp-inside\/uploads\/2023\/07\/logo-borne-recharge.jpg","contentUrl":"https:\/\/chargeplus.totalenergies.com\/wp-inside\/uploads\/2023\/07\/logo-borne-recharge.jpg","width":150,"height":150,"caption":"Charge+"},"image":{"@id":"https:\/\/chargeplus.totalenergies.com\/fr\/#\/schema\/logo\/image\/"}}]}},"_links":{"self":[{"href":"https:\/\/chargeplus.totalenergies.com\/fr\/wp-json\/wp\/v2\/pages\/3176","targetHints":{"allow":["GET"]}}],"collection":[{"href":"https:\/\/chargeplus.totalenergies.com\/fr\/wp-json\/wp\/v2\/pages"}],"about":[{"href":"https:\/\/chargeplus.totalenergies.com\/fr\/wp-json\/wp\/v2\/types\/page"}],"author":[{"embeddable":true,"href":"https:\/\/chargeplus.totalenergies.com\/fr\/wp-json\/wp\/v2\/users\/6"}],"replies":[{"embeddable":true,"href":"https:\/\/chargeplus.totalenergies.com\/fr\/wp-json\/wp\/v2\/comments?post=3176"}],"version-history":[{"count":49,"href":"https:\/\/chargeplus.totalenergies.com\/fr\/wp-json\/wp\/v2\/pages\/3176\/revisions"}],"predecessor-version":[{"id":5061,"href":"https:\/\/chargeplus.totalenergies.com\/fr\/wp-json\/wp\/v2\/pages\/3176\/revisions\/5061"}],"wp:featuredmedia":[{"embeddable":true,"href":"https:\/\/chargeplus.totalenergies.com\/fr\/wp-json\/wp\/v2\/media\/3001"}],"wp:attachment":[{"href":"https:\/\/chargeplus.totalenergies.com\/fr\/wp-json\/wp\/v2\/media?parent=3176"}],"curies":[{"name":"wp","href":"https:\/\/api.w.org\/{rel}","templated":true}]}}