{"id":3276,"date":"2024-10-11T15:21:44","date_gmt":"2024-10-11T13:21:44","guid":{"rendered":"https:\/\/chargeplus.totalenergies.com\/?page_id=3276"},"modified":"2026-04-22T16:29:13","modified_gmt":"2026-04-22T14:29:13","slug":"rechargez-votre-vehicule-electrique-partout-en-france-avec-charge-de-totalenergies","status":"publish","type":"page","link":"https:\/\/chargeplus.totalenergies.com\/fr\/rechargez-votre-vehicule-electrique-partout-en-france-avec-charge-de-totalenergies\/","title":{"rendered":"Simplifiez vos recharges \u00e9lectriques avec Charge+"},"content":{"rendered":"<div class=\"wp-post-content\"><!-- zone:zn_pagebanner [0] --><br \/>\n\t\t<!-- \/zone:zn_pagebanner [0] --><br \/>\n<!-- zone:zn_text_img [2] --><\/p>\n<h2>Charge+, le pass indispensable pour simplifier tous vos trajets en \u00e9lectrique<\/h2>\n<p>O\u00f9 que vous alliez, rechargez votre v\u00e9hicule en toute s\u00e9r\u00e9nit\u00e9 gr\u00e2ce \u00e0 une couverture r\u00e9seau exceptionnelle.<\/p>\n<ul>\n<li>\n<p data-path-to-node=\"11,0,0\"><b data-path-to-node=\"11,0,0\" data-index-in-node=\"0\">Acc\u00e8s \u00e9tendu :<\/b> Profitez d&rsquo;un vaste r\u00e9seau de bornes de recharge partout en France chez TotalEnergies et les autres op\u00e9rateurs.<\/p>\n<\/li>\n<li>\n<p data-path-to-node=\"11,1,0\"><b data-path-to-node=\"11,1,0\" data-index-in-node=\"0\">Transparence totale :<\/b> Suivez votre consommation et vos factures directement depuis votre espace client.<\/p>\n<\/li>\n<li>\n<p data-path-to-node=\"11,2,0\"><b data-path-to-node=\"11,2,0\" data-index-in-node=\"0\">Libert\u00e9 absolue :<\/b> Une solution sans engagement, pens\u00e9e pour s&rsquo;adapter \u00e0 votre rythme de vie.<\/p>\n<\/li>\n<li>\n<p data-path-to-node=\"11,3,0\"><b data-path-to-node=\"11,3,0\" data-index-in-node=\"0\">Toujours disponible :<\/b> Une assistance d\u00e9di\u00e9e pour vous accompagner sur la route.<\/p>\n<\/li>\n<\/ul>\n<p>&nbsp;<\/p>\n<p style=\"text-align: center;\"><a class=\"button\" href=\"https:\/\/subscription.chargeplus.totalenergies.com\/fr?at_medium=display&amp;at_campaign=SocialAds_T4_2024_CPlus&amp;at_creation=SDM_CPlus&amp;at_variant=Chargeplus_social_2_24&amp;at_format=Display&amp;at_channel=Meta&amp;at_general_placement=Display&amp;at_detail_placement=feed_story\">Je veux ma carte !<\/a><\/p>\n<p><!-- \/zone:zn_text_img [2] --><br \/>\n<!-- zone:zn_text_img [3] --><\/p>\n<h2>Avec l\u2019option Zen, votre pause caf\u00e9 est offerte**<\/h2>\n<p><strong>Pour toute recharge sup\u00e9rieure \u00e0 20kWh, 2\u20ac de boisson chaude vous sont offerts**.<\/strong><\/p>\n<p><strong>Comment en b\u00e9n\u00e9ficier ?<\/strong><\/p>\n<ol role=\"list\">\n<li>Avoir activ\u00e9 l\u2019option ZEN<\/li>\n<li>Avoir une carte Club active<\/li>\n<li>Effectuer une recharge d\u2019au moins 20 kWh en station TotalEnergies<sup>(1)<\/sup>\u00a0(hors partenaires)<\/li>\n<\/ol>\n<p>Pendant votre recharge, pr\u00e9sentez vous en boutique pour r\u00e9cup\u00e9rer votre boisson chaude<\/p>\n<p>\ud83c\udf81\u00a0<strong>Pour vous permettre d\u2019en b\u00e9n\u00e9ficier d\u00e8s votre premier recharge, premier caf\u00e9 de bienvenue offert lors de votre souscription.<\/strong><\/p>\n<p><sup>(1) Disponible dans toutes les stations disposant d\u2019un espace\u00a0<a href=\"https:\/\/chargeplus.totalenergies.com\/fr\/pause-detente-comptoir-des-aromes\/\">Comptoir des Ar\u00f4mes<\/a>\u00a0(78% du r\u00e9seau).<\/sup><\/p>\n<p>&nbsp;<\/p>\n<p><a class=\"button\" href=\"https:\/\/subscription.chargeplus.totalenergies.com\/fr?at_medium=display&amp;at_campaign=SocialAds_T4_2024_CPlus&amp;at_creation=SDM_CPlus&amp;at_variant=Chargeplus_social_2_24&amp;at_format=Display&amp;at_channel=Meta&amp;at_general_placement=Display&amp;at_detail_placement=feed_story\">Profitez de l&rsquo;option Zen<\/a><\/p>\n<p><!-- \/zone:zn_text_img [3] --><br \/>\n<!-- zone:zn_text [4] --><\/p>\n<h2 style=\"text-align: center;\">Besoin d\u2019aide ?<\/h2>\n<p style=\"text-align: center;\">Envie d\u2019en savoir plus sur la recharge de votre v\u00e9hicule \u00e9lectrique avec TotalEnergies ? Retrouvez toutes les r\u00e9ponses \u00e0 vos questions pour faciliter vos recharges.<\/p>\n<p style=\"text-align: center;\"><a href=\"https:\/\/chargeplus.totalenergies.com\/fr\/faq\/\">D\u00e9couvrez aussi notre FAQ d\u00e9di\u00e9e aux voitures \u00e9lectriques.<\/a><\/p>\n<p>\t\t\t<!-- \/zone:zn_text [4] --><br \/>\n<!-- zone:zn_text [7] --><\/p>\n<p><sub>(1) Abonnement mensuel Charge+ Option Zen \u00bb \u00e0 3,90\u20ac TTC\/mois, sans engagement et tacitement reconductible. La remise de 15% sera applicable imm\u00e9diatement sur le prix public de la recharge effectu\u00e9e sur les bornes haute puissance (&gt;100kW) \u00e0 la marque TotalEnergies en France m\u00e9tropolitaine (hors Corse). Voir liste des stations et conditions compl\u00e8tes sur chargeplus.totalenergies.com\/fr.<\/sub><\/p>\n<p><sup>(2) Offre r\u00e9serv\u00e9e aux abonn\u00e9s de l\u2019option Charge+ Zen et conditionn\u00e9e \u00e0 l\u2019adh\u00e9sion au programme de fid\u00e9lit\u00e9 Club de TotalEnergies et \u00e0 l\u2019association pr\u00e9alable de la carte Charge+ au compte fid\u00e9lit\u00e9. L\u2019offre permet de b\u00e9n\u00e9ficier de 2\u20ac de cr\u00e9dit utilisables dans les espaces \u00ab Comptoir des Ar\u00f4mes \u00bb ; 2\u20ac offerts d\u00e8s la souscription de l\u2019option puis, 2\u20ac offerts toute recharge d\u2019au moins 20 kWh effectu\u00e9e avec la carte Charge+ sur les bornes haute puissance \u00e0 la marque TotalEnergies et dans les stations TotalEnergies \u00e9quip\u00e9es d\u2019un \u00ab Comptoir des Ar\u00f4mes \u00bb. Offre limit\u00e9e \u00e0 deux cr\u00e9dits par jour. Le client devra se pr\u00e9senter en caisse pour faire cr\u00e9diter l\u2019offre sur sa carte Club ou sa carte Coffee Comptoir des Ar\u00f4mes. Voir conditions et liste des stations \u00e9ligibles sur chargeplus.totalenergies.com\/fr.<\/sup><\/p>\n<p><sub>(3) Cette offre est exclusivement r\u00e9serv\u00e9e aux porteurs de cartes Charge+ TotalEnergies; une preuve d\u2019appartenance pourra \u00eatre exig\u00e9e en agence pour b\u00e9n\u00e9ficier de l\u2019offre. Cette offre est uniquement valable pour les r\u00e9servations effectu\u00e9es \u00e0 partir de cette page, pour des locations allant de 1 \u00e0 28 jours pour des locations de voitures \u00e9lectriques en France continentale (Hors Corse, hors DOM-TOM); le montant de la remise d\u00e9pend notamment de la cat\u00e9gorie de voiture s\u00e9lectionn\u00e9e et de la disponibilit\u00e9 locale des v\u00e9hicules en agence; les r\u00e9servations sont valables uniquement pour les cat\u00e9gories de v\u00e9hicules indiqu\u00e9es, et non pour des mod\u00e8les sp\u00e9cifiques, et sont soumises \u00e0 la disponibilit\u00e9 au moment de la prise en charge; offre valable dans les agences participantes; certaines cat\u00e9gories de v\u00e9hicules peuvent \u00eatre exclues de cette offre; cette offre ne s\u2019applique qu\u2019au tarif de base journalier; les taxes, frais, suppl\u00e9ments et extras (tels que les protections optionnelles, si\u00e8ge b\u00e9b\u00e9, GPS, etc.) sont exclus de la r\u00e9duction; les prix affich\u00e9s comprennent d\u00e9j\u00e0 la r\u00e9duction; des p\u00e9riodes d\u2019exclusion peuvent s\u2019appliquer; non cumulable avec d\u2019autres offres; les autres promotions et tarifs d\u2019entreprise ne peuvent \u00eatre combin\u00e9s avec la remise; cette offre peut \u00eatre sujette \u00e0 des changements sans avertissement pr\u00e9alable; toutes les locations de v\u00e9hicules sont soumises aux conditions g\u00e9n\u00e9rales et aux informations g\u00e9n\u00e9rales de SIXT.<\/sub><\/p>\n<p>\t\t\t<!-- \/zone:zn_text [7] -->\n<\/div>\n","protected":false},"excerpt":{"rendered":"<p>Charge+, le pass indispensable pour simplifier tous vos trajets en \u00e9lectrique O\u00f9 que vous alliez, rechargez votre v\u00e9hicule en toute s\u00e9r\u00e9nit\u00e9 gr\u00e2ce \u00e0 une couverture r\u00e9seau exceptionnelle. Acc\u00e8s \u00e9tendu : [&hellip;]<\/p>\n","protected":false},"author":6,"featured_media":3277,"parent":0,"menu_order":0,"comment_status":"closed","ping_status":"closed","template":"","meta":{"_acf_changed":false,"footnotes":""},"class_list":["post-3276","page","type-page","status-publish","has-post-thumbnail","hentry","wp-sticky"],"acf":[],"yoast_head":"<!-- This site is optimized with the Yoast SEO plugin v27.4 - https:\/\/yoast.com\/product\/yoast-seo-wordpress\/ -->\n<title>Simplifiez vos recharges \u00e9lectriques avec Charge+ | Charge+<\/title>\n<meta name=\"description\" content=\"Profitez de -20% sur vos recharges haute puissance en station TotalEnergies du 28 mai au 1er juin 2025 avec la carte Charge+. Offre limit\u00e9e !\" \/>\n<meta name=\"robots\" content=\"index, follow, max-snippet:-1, max-image-preview:large, max-video-preview:-1\" \/>\n<link rel=\"canonical\" href=\"https:\/\/chargeplus.totalenergies.com\/fr\/rechargez-votre-vehicule-electrique-partout-en-france-avec-charge-de-totalenergies\/\" \/>\n<meta property=\"og:locale\" content=\"fr_FR\" \/>\n<meta property=\"og:type\" content=\"article\" \/>\n<meta property=\"og:title\" content=\"Simplifiez vos recharges \u00e9lectriques avec Charge+ | Charge+\" \/>\n<meta property=\"og:description\" content=\"Profitez de -20% sur vos recharges haute puissance en station TotalEnergies du 28 mai au 1er juin 2025 avec la carte Charge+. Offre limit\u00e9e !\" \/>\n<meta property=\"og:url\" content=\"https:\/\/chargeplus.totalenergies.com\/fr\/rechargez-votre-vehicule-electrique-partout-en-france-avec-charge-de-totalenergies\/\" \/>\n<meta property=\"og:site_name\" content=\"Charge+\" \/>\n<meta property=\"article:modified_time\" content=\"2026-04-22T14:29:13+00:00\" \/>\n<meta property=\"og:image\" content=\"https:\/\/chargeplus.totalenergies.com\/wp-inside\/uploads\/2024\/10\/carte-charge_15.png\" \/>\n\t<meta property=\"og:image:width\" content=\"1080\" \/>\n\t<meta property=\"og:image:height\" content=\"1080\" \/>\n\t<meta property=\"og:image:type\" content=\"image\/png\" \/>\n<meta name=\"twitter:card\" content=\"summary_large_image\" \/>\n<meta name=\"twitter:label1\" content=\"Dur\u00e9e de lecture estim\u00e9e\" \/>\n\t<meta name=\"twitter:data1\" content=\"4 minutes\" \/>\n<script type=\"application\/ld+json\" class=\"yoast-schema-graph\">{\"@context\":\"https:\\\/\\\/schema.org\",\"@graph\":[{\"@type\":\"WebPage\",\"@id\":\"https:\\\/\\\/chargeplus.totalenergies.com\\\/fr\\\/rechargez-votre-vehicule-electrique-partout-en-france-avec-charge-de-totalenergies\\\/\",\"url\":\"https:\\\/\\\/chargeplus.totalenergies.com\\\/fr\\\/rechargez-votre-vehicule-electrique-partout-en-france-avec-charge-de-totalenergies\\\/\",\"name\":\"Simplifiez vos recharges \u00e9lectriques avec Charge+\",\"isPartOf\":{\"@id\":\"https:\\\/\\\/chargeplus.totalenergies.com\\\/fr\\\/#website\"},\"primaryImageOfPage\":{\"@id\":\"https:\\\/\\\/chargeplus.totalenergies.com\\\/fr\\\/rechargez-votre-vehicule-electrique-partout-en-france-avec-charge-de-totalenergies\\\/#primaryimage\"},\"image\":{\"@id\":\"https:\\\/\\\/chargeplus.totalenergies.com\\\/fr\\\/rechargez-votre-vehicule-electrique-partout-en-france-avec-charge-de-totalenergies\\\/#primaryimage\"},\"thumbnailUrl\":\"https:\\\/\\\/chargeplus.totalenergies.com\\\/wp-inside\\\/uploads\\\/2024\\\/10\\\/carte-charge_15.png\",\"datePublished\":\"2024-10-11T13:21:44+00:00\",\"dateModified\":\"2026-04-22T14:29:13+00:00\",\"description\":\"Profitez de -20% sur vos recharges haute puissance en station TotalEnergies du 28 mai au 1er juin 2025 avec la carte Charge+. Offre limit\u00e9e !\",\"breadcrumb\":{\"@id\":\"https:\\\/\\\/chargeplus.totalenergies.com\\\/fr\\\/rechargez-votre-vehicule-electrique-partout-en-france-avec-charge-de-totalenergies\\\/#breadcrumb\"},\"inLanguage\":\"fr-FR\",\"potentialAction\":[{\"@type\":\"ReadAction\",\"target\":[\"https:\\\/\\\/chargeplus.totalenergies.com\\\/fr\\\/rechargez-votre-vehicule-electrique-partout-en-france-avec-charge-de-totalenergies\\\/\"]}]},{\"@type\":\"ImageObject\",\"inLanguage\":\"fr-FR\",\"@id\":\"https:\\\/\\\/chargeplus.totalenergies.com\\\/fr\\\/rechargez-votre-vehicule-electrique-partout-en-france-avec-charge-de-totalenergies\\\/#primaryimage\",\"url\":\"https:\\\/\\\/chargeplus.totalenergies.com\\\/wp-inside\\\/uploads\\\/2024\\\/10\\\/carte-charge_15.png\",\"contentUrl\":\"https:\\\/\\\/chargeplus.totalenergies.com\\\/wp-inside\\\/uploads\\\/2024\\\/10\\\/carte-charge_15.png\",\"width\":1080,\"height\":1080,\"caption\":\"*Voir le d\u00e9tail des offres ci-dessous\"},{\"@type\":\"BreadcrumbList\",\"@id\":\"https:\\\/\\\/chargeplus.totalenergies.com\\\/fr\\\/rechargez-votre-vehicule-electrique-partout-en-france-avec-charge-de-totalenergies\\\/#breadcrumb\",\"itemListElement\":[{\"@type\":\"ListItem\",\"position\":1,\"name\":\"Accueil\",\"item\":\"https:\\\/\\\/chargeplus.totalenergies.com\\\/fr\\\/\"},{\"@type\":\"ListItem\",\"position\":2,\"name\":\"Simplifiez vos recharges \u00e9lectriques avec Charge+\"}]},{\"@type\":\"WebSite\",\"@id\":\"https:\\\/\\\/chargeplus.totalenergies.com\\\/fr\\\/#website\",\"url\":\"https:\\\/\\\/chargeplus.totalenergies.com\\\/fr\\\/\",\"name\":\"Charge+\",\"description\":\"Voiture \u00e9lectrique : le guide pratique de la recharge\",\"publisher\":{\"@id\":\"https:\\\/\\\/chargeplus.totalenergies.com\\\/fr\\\/#organization\"},\"potentialAction\":[{\"@type\":\"SearchAction\",\"target\":{\"@type\":\"EntryPoint\",\"urlTemplate\":\"https:\\\/\\\/chargeplus.totalenergies.com\\\/fr\\\/?s={search_term_string}\"},\"query-input\":{\"@type\":\"PropertyValueSpecification\",\"valueRequired\":true,\"valueName\":\"search_term_string\"}}],\"inLanguage\":\"fr-FR\"},{\"@type\":\"Organization\",\"@id\":\"https:\\\/\\\/chargeplus.totalenergies.com\\\/fr\\\/#organization\",\"name\":\"Charge+\",\"url\":\"https:\\\/\\\/chargeplus.totalenergies.com\\\/fr\\\/\",\"logo\":{\"@type\":\"ImageObject\",\"inLanguage\":\"fr-FR\",\"@id\":\"https:\\\/\\\/chargeplus.totalenergies.com\\\/fr\\\/#\\\/schema\\\/logo\\\/image\\\/\",\"url\":\"https:\\\/\\\/chargeplus.totalenergies.com\\\/wp-inside\\\/uploads\\\/2023\\\/07\\\/logo-borne-recharge.jpg\",\"contentUrl\":\"https:\\\/\\\/chargeplus.totalenergies.com\\\/wp-inside\\\/uploads\\\/2023\\\/07\\\/logo-borne-recharge.jpg\",\"width\":150,\"height\":150,\"caption\":\"Charge+\"},\"image\":{\"@id\":\"https:\\\/\\\/chargeplus.totalenergies.com\\\/fr\\\/#\\\/schema\\\/logo\\\/image\\\/\"}}]}<\/script>\n<!-- \/ Yoast SEO plugin. -->","yoast_head_json":{"title":"Simplifiez vos recharges \u00e9lectriques avec Charge+ | Charge+","description":"Profitez de -20% sur vos recharges haute puissance en station TotalEnergies du 28 mai au 1er juin 2025 avec la carte Charge+. Offre limit\u00e9e !","robots":{"index":"index","follow":"follow","max-snippet":"max-snippet:-1","max-image-preview":"max-image-preview:large","max-video-preview":"max-video-preview:-1"},"canonical":"https:\/\/chargeplus.totalenergies.com\/fr\/rechargez-votre-vehicule-electrique-partout-en-france-avec-charge-de-totalenergies\/","og_locale":"fr_FR","og_type":"article","og_title":"Simplifiez vos recharges \u00e9lectriques avec Charge+ | Charge+","og_description":"Profitez de -20% sur vos recharges haute puissance en station TotalEnergies du 28 mai au 1er juin 2025 avec la carte Charge+. Offre limit\u00e9e !","og_url":"https:\/\/chargeplus.totalenergies.com\/fr\/rechargez-votre-vehicule-electrique-partout-en-france-avec-charge-de-totalenergies\/","og_site_name":"Charge+","article_modified_time":"2026-04-22T14:29:13+00:00","og_image":[{"width":1080,"height":1080,"url":"https:\/\/chargeplus.totalenergies.com\/wp-inside\/uploads\/2024\/10\/carte-charge_15.png","type":"image\/png"}],"twitter_card":"summary_large_image","twitter_misc":{"Dur\u00e9e de lecture estim\u00e9e":"4 minutes"},"schema":{"@context":"https:\/\/schema.org","@graph":[{"@type":"WebPage","@id":"https:\/\/chargeplus.totalenergies.com\/fr\/rechargez-votre-vehicule-electrique-partout-en-france-avec-charge-de-totalenergies\/","url":"https:\/\/chargeplus.totalenergies.com\/fr\/rechargez-votre-vehicule-electrique-partout-en-france-avec-charge-de-totalenergies\/","name":"Simplifiez vos recharges \u00e9lectriques avec Charge+","isPartOf":{"@id":"https:\/\/chargeplus.totalenergies.com\/fr\/#website"},"primaryImageOfPage":{"@id":"https:\/\/chargeplus.totalenergies.com\/fr\/rechargez-votre-vehicule-electrique-partout-en-france-avec-charge-de-totalenergies\/#primaryimage"},"image":{"@id":"https:\/\/chargeplus.totalenergies.com\/fr\/rechargez-votre-vehicule-electrique-partout-en-france-avec-charge-de-totalenergies\/#primaryimage"},"thumbnailUrl":"https:\/\/chargeplus.totalenergies.com\/wp-inside\/uploads\/2024\/10\/carte-charge_15.png","datePublished":"2024-10-11T13:21:44+00:00","dateModified":"2026-04-22T14:29:13+00:00","description":"Profitez de -20% sur vos recharges haute puissance en station TotalEnergies du 28 mai au 1er juin 2025 avec la carte Charge+. Offre limit\u00e9e !","breadcrumb":{"@id":"https:\/\/chargeplus.totalenergies.com\/fr\/rechargez-votre-vehicule-electrique-partout-en-france-avec-charge-de-totalenergies\/#breadcrumb"},"inLanguage":"fr-FR","potentialAction":[{"@type":"ReadAction","target":["https:\/\/chargeplus.totalenergies.com\/fr\/rechargez-votre-vehicule-electrique-partout-en-france-avec-charge-de-totalenergies\/"]}]},{"@type":"ImageObject","inLanguage":"fr-FR","@id":"https:\/\/chargeplus.totalenergies.com\/fr\/rechargez-votre-vehicule-electrique-partout-en-france-avec-charge-de-totalenergies\/#primaryimage","url":"https:\/\/chargeplus.totalenergies.com\/wp-inside\/uploads\/2024\/10\/carte-charge_15.png","contentUrl":"https:\/\/chargeplus.totalenergies.com\/wp-inside\/uploads\/2024\/10\/carte-charge_15.png","width":1080,"height":1080,"caption":"*Voir le d\u00e9tail des offres ci-dessous"},{"@type":"BreadcrumbList","@id":"https:\/\/chargeplus.totalenergies.com\/fr\/rechargez-votre-vehicule-electrique-partout-en-france-avec-charge-de-totalenergies\/#breadcrumb","itemListElement":[{"@type":"ListItem","position":1,"name":"Accueil","item":"https:\/\/chargeplus.totalenergies.com\/fr\/"},{"@type":"ListItem","position":2,"name":"Simplifiez vos recharges \u00e9lectriques avec Charge+"}]},{"@type":"WebSite","@id":"https:\/\/chargeplus.totalenergies.com\/fr\/#website","url":"https:\/\/chargeplus.totalenergies.com\/fr\/","name":"Charge+","description":"Voiture \u00e9lectrique : le guide pratique de la recharge","publisher":{"@id":"https:\/\/chargeplus.totalenergies.com\/fr\/#organization"},"potentialAction":[{"@type":"SearchAction","target":{"@type":"EntryPoint","urlTemplate":"https:\/\/chargeplus.totalenergies.com\/fr\/?s={search_term_string}"},"query-input":{"@type":"PropertyValueSpecification","valueRequired":true,"valueName":"search_term_string"}}],"inLanguage":"fr-FR"},{"@type":"Organization","@id":"https:\/\/chargeplus.totalenergies.com\/fr\/#organization","name":"Charge+","url":"https:\/\/chargeplus.totalenergies.com\/fr\/","logo":{"@type":"ImageObject","inLanguage":"fr-FR","@id":"https:\/\/chargeplus.totalenergies.com\/fr\/#\/schema\/logo\/image\/","url":"https:\/\/chargeplus.totalenergies.com\/wp-inside\/uploads\/2023\/07\/logo-borne-recharge.jpg","contentUrl":"https:\/\/chargeplus.totalenergies.com\/wp-inside\/uploads\/2023\/07\/logo-borne-recharge.jpg","width":150,"height":150,"caption":"Charge+"},"image":{"@id":"https:\/\/chargeplus.totalenergies.com\/fr\/#\/schema\/logo\/image\/"}}]}},"_links":{"self":[{"href":"https:\/\/chargeplus.totalenergies.com\/fr\/wp-json\/wp\/v2\/pages\/3276","targetHints":{"allow":["GET"]}}],"collection":[{"href":"https:\/\/chargeplus.totalenergies.com\/fr\/wp-json\/wp\/v2\/pages"}],"about":[{"href":"https:\/\/chargeplus.totalenergies.com\/fr\/wp-json\/wp\/v2\/types\/page"}],"author":[{"embeddable":true,"href":"https:\/\/chargeplus.totalenergies.com\/fr\/wp-json\/wp\/v2\/users\/6"}],"replies":[{"embeddable":true,"href":"https:\/\/chargeplus.totalenergies.com\/fr\/wp-json\/wp\/v2\/comments?post=3276"}],"version-history":[{"count":47,"href":"https:\/\/chargeplus.totalenergies.com\/fr\/wp-json\/wp\/v2\/pages\/3276\/revisions"}],"predecessor-version":[{"id":5253,"href":"https:\/\/chargeplus.totalenergies.com\/fr\/wp-json\/wp\/v2\/pages\/3276\/revisions\/5253"}],"wp:featuredmedia":[{"embeddable":true,"href":"https:\/\/chargeplus.totalenergies.com\/fr\/wp-json\/wp\/v2\/media\/3277"}],"wp:attachment":[{"href":"https:\/\/chargeplus.totalenergies.com\/fr\/wp-json\/wp\/v2\/media?parent=3276"}],"curies":[{"name":"wp","href":"https:\/\/api.w.org\/{rel}","templated":true}]}}