{"id":4119,"date":"2025-06-11T16:38:44","date_gmt":"2025-06-11T14:38:44","guid":{"rendered":"https:\/\/chargeplus.totalenergies.com\/?page_id=4119"},"modified":"2025-06-27T09:28:30","modified_gmt":"2025-06-27T07:28:30","slug":"semaine-du-client","status":"publish","type":"page","link":"https:\/\/chargeplus.totalenergies.com\/fr\/conseils-recharge-electrique\/semaine-du-client\/","title":{"rendered":"Partageons plus qu\u2019une recharge&#160;!"},"content":{"rendered":"<div class=\"wp-post-content\"><!-- zone:zn_pagebanner [0] --><br \/>\n\t\t<!-- \/zone:zn_pagebanner [0] --><br \/>\n<!-- zone:zn_text [1] --><\/p>\n<h2>Concr\u00e8tement, que va-t-il se passer ?<\/h2>\n<p>Pendant vos recharges, du 7 au 11 juillet, nous serons l\u00e0, pour \u00e9changer avec vous. L&rsquo;objectif ? <strong>Toujours mieux vous servir. <\/strong>Ecouter vos habitudes, vos envies, vos pr\u00e9occupations aussi parfois et partager nos conseils et les solutions qui changent vraiment la donne au quotidien.<\/p>\n<p><strong>Votre exp\u00e9rience + notre expertise = la recharge que vous m\u00e9ritez<\/strong> \u2014 simple, fluide et fiable.<\/p>\n<p>\t\t\t<!-- \/zone:zn_text [1] --><br \/>\n<!-- zone:zn_text [3] --><\/p>\n<h2>Notre d\u00e9marche d&rsquo;am\u00e9lioration continue<\/h2>\n<p><strong>3<\/strong><strong>\u1d49<\/strong><strong> \u00e9dition, m\u00eame \u00e9nergie !<\/strong> Nous continuons de venir \u00e0 votre rencontre pour <strong>rester connect\u00e9s \u00e0 vos attentes<\/strong>. Cette ann\u00e9e, retrouvez-nous dans les stations de Relais de la D\u00e9fense, Relais Courbevoie, Relais Limours Janvry, Relais de Limours Briis sous Forge, Relais Bussy Saint Georges, Porte de Saint Ouen et Aire de Ressons EST.<\/p>\n<h2>Une mobilisation g\u00e9n\u00e9rale<\/h2>\n<p>Cette ann\u00e9e encore, nos collaborateurs se mobilisent sur plusieurs sites de recharge en France pour vous accueillir. Et l&rsquo;aventure d\u00e9passe nos fronti\u00e8res ! Retrouvez nos \u00e9quipes en <strong>Allemagne, aux Pays-Bas, au Royaume-Uni, en Espagne, en Belgique et m\u00eame \u00e0 Singapour<\/strong>. Et partout, un\u00a0m\u00eame \u00e9tat d&rsquo;esprit\u00a0 : <strong>\u00eatre \u00e0 vos c\u00f4t\u00e9s, au c\u0153ur de vos usages<\/strong>.<\/p>\n<p>\t\t\t<!-- \/zone:zn_text [3] --><br \/>\n<!-- zone:zn_text [4] --><\/p>\n<h2 style=\"text-align: center;\"><strong>\u00ab\u00a0\u00catre \u00e0 vos c\u00f4t\u00e9s, au c\u0153ur de vos usages\u00a0\u00bb<\/strong><\/h2>\n<p>\t\t\t<!-- \/zone:zn_text [4] --><br \/>\n<!-- zone:zn_text [5] --><\/p>\n<p><iframe loading=\"lazy\" title=\"Semaine du Client : partageons plus qu&#039;une recharge \u2013 7 au 11 juillet\" width=\"500\" height=\"281\" src=\"https:\/\/www.youtube.com\/embed\/la6kSwmImnw?feature=oembed&#038;modestbranding=1&#038;showinfo=0&#038;rel=0&#038;cc_load_policy=1&#038;iv_load_policy=3\" frameborder=\"0\" allow=\"accelerometer; autoplay; clipboard-write; encrypted-media; gyroscope; picture-in-picture; web-share\" referrerpolicy=\"strict-origin-when-cross-origin\" allowfullscreen frameborder=\"0\"><\/iframe><\/p>\n<h2>Construisons ensemble votre recharge<\/h2>\n<p><strong>Parce qu\u2019on s\u2019engage au quotidien pour construire avec vous la recharge de demain, <\/strong>venez partager, \u00e9changer, nous raconter vos exp\u00e9riences. Nous en sommes convaincus, vous \u00e9couter fera la diff\u00e9rence !<\/p>\n<h2><\/h2>\n<h2>Ensemble, partageons plus qu&rsquo;une recharge !<\/h2>\n<p>\t\t\t<!-- \/zone:zn_text [5] -->\n<\/div>\n","protected":false},"excerpt":{"rendered":"<p>Concr\u00e8tement, que va-t-il se passer ? Pendant vos recharges, du 7 au 11 juillet, nous serons l\u00e0, pour \u00e9changer avec vous. L&rsquo;objectif ? Toujours mieux vous servir. Ecouter vos habitudes, [&hellip;]<\/p>\n","protected":false},"author":11,"featured_media":4138,"parent":445,"menu_order":-1,"comment_status":"closed","ping_status":"closed","template":"","meta":{"_acf_changed":false,"footnotes":""},"class_list":["post-4119","page","type-page","status-publish","has-post-thumbnail","hentry","wp-sticky"],"acf":[],"yoast_head":"<!-- This site is optimized with the Yoast SEO plugin v27.5 - https:\/\/yoast.com\/product\/yoast-seo-wordpress\/ -->\n<title>Partageons plus qu\u2019une recharge ! | Charge+<\/title>\n<meta name=\"robots\" content=\"index, follow, max-snippet:-1, max-image-preview:large, max-video-preview:-1\" \/>\n<link rel=\"canonical\" href=\"https:\/\/chargeplus.totalenergies.com\/fr\/conseils-recharge-electrique\/semaine-du-client\/\" \/>\n<meta property=\"og:locale\" content=\"fr_FR\" \/>\n<meta property=\"og:type\" content=\"article\" \/>\n<meta property=\"og:title\" content=\"Partageons plus qu\u2019une recharge ! | Charge+\" \/>\n<meta property=\"og:description\" content=\"Concr\u00e8tement, que va-t-il se passer ? Pendant vos recharges, du 7 au 11 juillet, nous serons l\u00e0, pour \u00e9changer avec vous. L&rsquo;objectif ? Toujours mieux vous servir. Ecouter vos habitudes, [&hellip;]\" \/>\n<meta property=\"og:url\" content=\"https:\/\/chargeplus.totalenergies.com\/fr\/conseils-recharge-electrique\/semaine-du-client\/\" \/>\n<meta property=\"og:site_name\" content=\"Charge+\" \/>\n<meta property=\"article:modified_time\" content=\"2025-06-27T07:28:30+00:00\" \/>\n<meta property=\"og:image\" content=\"https:\/\/chargeplus.totalenergies.com\/wp-inside\/uploads\/2025\/06\/visuel-lp.jpg\" \/>\n\t<meta property=\"og:image:width\" content=\"596\" \/>\n\t<meta property=\"og:image:height\" content=\"372\" \/>\n\t<meta property=\"og:image:type\" content=\"image\/jpeg\" \/>\n<meta name=\"twitter:card\" content=\"summary_large_image\" \/>\n<meta name=\"twitter:label1\" content=\"Dur\u00e9e de lecture estim\u00e9e\" \/>\n\t<meta name=\"twitter:data1\" content=\"1 minute\" \/>\n<script type=\"application\/ld+json\" class=\"yoast-schema-graph\">{\"@context\":\"https:\\\/\\\/schema.org\",\"@graph\":[{\"@type\":\"WebPage\",\"@id\":\"https:\\\/\\\/chargeplus.totalenergies.com\\\/fr\\\/conseils-recharge-electrique\\\/semaine-du-client\\\/\",\"url\":\"https:\\\/\\\/chargeplus.totalenergies.com\\\/fr\\\/conseils-recharge-electrique\\\/semaine-du-client\\\/\",\"name\":\"Partageons plus qu\u2019une recharge !\",\"isPartOf\":{\"@id\":\"https:\\\/\\\/chargeplus.totalenergies.com\\\/fr\\\/#website\"},\"primaryImageOfPage\":{\"@id\":\"https:\\\/\\\/chargeplus.totalenergies.com\\\/fr\\\/conseils-recharge-electrique\\\/semaine-du-client\\\/#primaryimage\"},\"image\":{\"@id\":\"https:\\\/\\\/chargeplus.totalenergies.com\\\/fr\\\/conseils-recharge-electrique\\\/semaine-du-client\\\/#primaryimage\"},\"thumbnailUrl\":\"https:\\\/\\\/chargeplus.totalenergies.com\\\/wp-inside\\\/uploads\\\/2025\\\/06\\\/visuel-lp.jpg\",\"datePublished\":\"2025-06-11T14:38:44+00:00\",\"dateModified\":\"2025-06-27T07:28:30+00:00\",\"breadcrumb\":{\"@id\":\"https:\\\/\\\/chargeplus.totalenergies.com\\\/fr\\\/conseils-recharge-electrique\\\/semaine-du-client\\\/#breadcrumb\"},\"inLanguage\":\"fr-FR\",\"potentialAction\":[{\"@type\":\"ReadAction\",\"target\":[\"https:\\\/\\\/chargeplus.totalenergies.com\\\/fr\\\/conseils-recharge-electrique\\\/semaine-du-client\\\/\"]}]},{\"@type\":\"ImageObject\",\"inLanguage\":\"fr-FR\",\"@id\":\"https:\\\/\\\/chargeplus.totalenergies.com\\\/fr\\\/conseils-recharge-electrique\\\/semaine-du-client\\\/#primaryimage\",\"url\":\"https:\\\/\\\/chargeplus.totalenergies.com\\\/wp-inside\\\/uploads\\\/2025\\\/06\\\/visuel-lp.jpg\",\"contentUrl\":\"https:\\\/\\\/chargeplus.totalenergies.com\\\/wp-inside\\\/uploads\\\/2025\\\/06\\\/visuel-lp.jpg\",\"width\":596,\"height\":372,\"caption\":\"Discussion d'employ\u00e9s de TotalEnergies en station pour la semaine du client\"},{\"@type\":\"BreadcrumbList\",\"@id\":\"https:\\\/\\\/chargeplus.totalenergies.com\\\/fr\\\/conseils-recharge-electrique\\\/semaine-du-client\\\/#breadcrumb\",\"itemListElement\":[{\"@type\":\"ListItem\",\"position\":1,\"name\":\"Accueil\",\"item\":\"https:\\\/\\\/chargeplus.totalenergies.com\\\/fr\\\/\"},{\"@type\":\"ListItem\",\"position\":2,\"name\":\"Voiture \u00e9lectrique&#160;: nos conseils sur la recharge\",\"item\":\"https:\\\/\\\/chargeplus.totalenergies.com\\\/fr\\\/conseils-recharge-electrique\\\/\"},{\"@type\":\"ListItem\",\"position\":3,\"name\":\"Partageons plus qu\u2019une recharge&#160;!\"}]},{\"@type\":\"WebSite\",\"@id\":\"https:\\\/\\\/chargeplus.totalenergies.com\\\/fr\\\/#website\",\"url\":\"https:\\\/\\\/chargeplus.totalenergies.com\\\/fr\\\/\",\"name\":\"Charge+\",\"description\":\"Voiture \u00e9lectrique : le guide pratique de la recharge\",\"publisher\":{\"@id\":\"https:\\\/\\\/chargeplus.totalenergies.com\\\/fr\\\/#organization\"},\"potentialAction\":[{\"@type\":\"SearchAction\",\"target\":{\"@type\":\"EntryPoint\",\"urlTemplate\":\"https:\\\/\\\/chargeplus.totalenergies.com\\\/fr\\\/?s={search_term_string}\"},\"query-input\":{\"@type\":\"PropertyValueSpecification\",\"valueRequired\":true,\"valueName\":\"search_term_string\"}}],\"inLanguage\":\"fr-FR\"},{\"@type\":\"Organization\",\"@id\":\"https:\\\/\\\/chargeplus.totalenergies.com\\\/fr\\\/#organization\",\"name\":\"Charge+\",\"url\":\"https:\\\/\\\/chargeplus.totalenergies.com\\\/fr\\\/\",\"logo\":{\"@type\":\"ImageObject\",\"inLanguage\":\"fr-FR\",\"@id\":\"https:\\\/\\\/chargeplus.totalenergies.com\\\/fr\\\/#\\\/schema\\\/logo\\\/image\\\/\",\"url\":\"https:\\\/\\\/chargeplus.totalenergies.com\\\/wp-inside\\\/uploads\\\/2023\\\/07\\\/logo-borne-recharge.jpg\",\"contentUrl\":\"https:\\\/\\\/chargeplus.totalenergies.com\\\/wp-inside\\\/uploads\\\/2023\\\/07\\\/logo-borne-recharge.jpg\",\"width\":150,\"height\":150,\"caption\":\"Charge+\"},\"image\":{\"@id\":\"https:\\\/\\\/chargeplus.totalenergies.com\\\/fr\\\/#\\\/schema\\\/logo\\\/image\\\/\"}}]}<\/script>\n<!-- \/ Yoast SEO plugin. -->","yoast_head_json":{"title":"Partageons plus qu\u2019une recharge ! | Charge+","robots":{"index":"index","follow":"follow","max-snippet":"max-snippet:-1","max-image-preview":"max-image-preview:large","max-video-preview":"max-video-preview:-1"},"canonical":"https:\/\/chargeplus.totalenergies.com\/fr\/conseils-recharge-electrique\/semaine-du-client\/","og_locale":"fr_FR","og_type":"article","og_title":"Partageons plus qu\u2019une recharge ! | Charge+","og_description":"Concr\u00e8tement, que va-t-il se passer ? Pendant vos recharges, du 7 au 11 juillet, nous serons l\u00e0, pour \u00e9changer avec vous. L&rsquo;objectif ? Toujours mieux vous servir. Ecouter vos habitudes, [&hellip;]","og_url":"https:\/\/chargeplus.totalenergies.com\/fr\/conseils-recharge-electrique\/semaine-du-client\/","og_site_name":"Charge+","article_modified_time":"2025-06-27T07:28:30+00:00","og_image":[{"width":596,"height":372,"url":"https:\/\/chargeplus.totalenergies.com\/wp-inside\/uploads\/2025\/06\/visuel-lp.jpg","type":"image\/jpeg"}],"twitter_card":"summary_large_image","twitter_misc":{"Dur\u00e9e de lecture estim\u00e9e":"1 minute"},"schema":{"@context":"https:\/\/schema.org","@graph":[{"@type":"WebPage","@id":"https:\/\/chargeplus.totalenergies.com\/fr\/conseils-recharge-electrique\/semaine-du-client\/","url":"https:\/\/chargeplus.totalenergies.com\/fr\/conseils-recharge-electrique\/semaine-du-client\/","name":"Partageons plus qu\u2019une recharge !","isPartOf":{"@id":"https:\/\/chargeplus.totalenergies.com\/fr\/#website"},"primaryImageOfPage":{"@id":"https:\/\/chargeplus.totalenergies.com\/fr\/conseils-recharge-electrique\/semaine-du-client\/#primaryimage"},"image":{"@id":"https:\/\/chargeplus.totalenergies.com\/fr\/conseils-recharge-electrique\/semaine-du-client\/#primaryimage"},"thumbnailUrl":"https:\/\/chargeplus.totalenergies.com\/wp-inside\/uploads\/2025\/06\/visuel-lp.jpg","datePublished":"2025-06-11T14:38:44+00:00","dateModified":"2025-06-27T07:28:30+00:00","breadcrumb":{"@id":"https:\/\/chargeplus.totalenergies.com\/fr\/conseils-recharge-electrique\/semaine-du-client\/#breadcrumb"},"inLanguage":"fr-FR","potentialAction":[{"@type":"ReadAction","target":["https:\/\/chargeplus.totalenergies.com\/fr\/conseils-recharge-electrique\/semaine-du-client\/"]}]},{"@type":"ImageObject","inLanguage":"fr-FR","@id":"https:\/\/chargeplus.totalenergies.com\/fr\/conseils-recharge-electrique\/semaine-du-client\/#primaryimage","url":"https:\/\/chargeplus.totalenergies.com\/wp-inside\/uploads\/2025\/06\/visuel-lp.jpg","contentUrl":"https:\/\/chargeplus.totalenergies.com\/wp-inside\/uploads\/2025\/06\/visuel-lp.jpg","width":596,"height":372,"caption":"Discussion d'employ\u00e9s de TotalEnergies en station pour la semaine du client"},{"@type":"BreadcrumbList","@id":"https:\/\/chargeplus.totalenergies.com\/fr\/conseils-recharge-electrique\/semaine-du-client\/#breadcrumb","itemListElement":[{"@type":"ListItem","position":1,"name":"Accueil","item":"https:\/\/chargeplus.totalenergies.com\/fr\/"},{"@type":"ListItem","position":2,"name":"Voiture \u00e9lectrique&#160;: nos conseils sur la recharge","item":"https:\/\/chargeplus.totalenergies.com\/fr\/conseils-recharge-electrique\/"},{"@type":"ListItem","position":3,"name":"Partageons plus qu\u2019une recharge&#160;!"}]},{"@type":"WebSite","@id":"https:\/\/chargeplus.totalenergies.com\/fr\/#website","url":"https:\/\/chargeplus.totalenergies.com\/fr\/","name":"Charge+","description":"Voiture \u00e9lectrique : le guide pratique de la recharge","publisher":{"@id":"https:\/\/chargeplus.totalenergies.com\/fr\/#organization"},"potentialAction":[{"@type":"SearchAction","target":{"@type":"EntryPoint","urlTemplate":"https:\/\/chargeplus.totalenergies.com\/fr\/?s={search_term_string}"},"query-input":{"@type":"PropertyValueSpecification","valueRequired":true,"valueName":"search_term_string"}}],"inLanguage":"fr-FR"},{"@type":"Organization","@id":"https:\/\/chargeplus.totalenergies.com\/fr\/#organization","name":"Charge+","url":"https:\/\/chargeplus.totalenergies.com\/fr\/","logo":{"@type":"ImageObject","inLanguage":"fr-FR","@id":"https:\/\/chargeplus.totalenergies.com\/fr\/#\/schema\/logo\/image\/","url":"https:\/\/chargeplus.totalenergies.com\/wp-inside\/uploads\/2023\/07\/logo-borne-recharge.jpg","contentUrl":"https:\/\/chargeplus.totalenergies.com\/wp-inside\/uploads\/2023\/07\/logo-borne-recharge.jpg","width":150,"height":150,"caption":"Charge+"},"image":{"@id":"https:\/\/chargeplus.totalenergies.com\/fr\/#\/schema\/logo\/image\/"}}]}},"_links":{"self":[{"href":"https:\/\/chargeplus.totalenergies.com\/fr\/wp-json\/wp\/v2\/pages\/4119","targetHints":{"allow":["GET"]}}],"collection":[{"href":"https:\/\/chargeplus.totalenergies.com\/fr\/wp-json\/wp\/v2\/pages"}],"about":[{"href":"https:\/\/chargeplus.totalenergies.com\/fr\/wp-json\/wp\/v2\/types\/page"}],"author":[{"embeddable":true,"href":"https:\/\/chargeplus.totalenergies.com\/fr\/wp-json\/wp\/v2\/users\/11"}],"replies":[{"embeddable":true,"href":"https:\/\/chargeplus.totalenergies.com\/fr\/wp-json\/wp\/v2\/comments?post=4119"}],"version-history":[{"count":31,"href":"https:\/\/chargeplus.totalenergies.com\/fr\/wp-json\/wp\/v2\/pages\/4119\/revisions"}],"predecessor-version":[{"id":4251,"href":"https:\/\/chargeplus.totalenergies.com\/fr\/wp-json\/wp\/v2\/pages\/4119\/revisions\/4251"}],"up":[{"embeddable":true,"href":"https:\/\/chargeplus.totalenergies.com\/fr\/wp-json\/wp\/v2\/pages\/445"}],"wp:featuredmedia":[{"embeddable":true,"href":"https:\/\/chargeplus.totalenergies.com\/fr\/wp-json\/wp\/v2\/media\/4138"}],"wp:attachment":[{"href":"https:\/\/chargeplus.totalenergies.com\/fr\/wp-json\/wp\/v2\/media?parent=4119"}],"curies":[{"name":"wp","href":"https:\/\/api.w.org\/{rel}","templated":true}]}}