{"id":4178,"date":"2025-06-18T15:41:39","date_gmt":"2025-06-18T13:41:39","guid":{"rendered":"https:\/\/chargeplus.totalenergies.com\/?page_id=4178"},"modified":"2026-02-16T16:21:33","modified_gmt":"2026-02-16T15:21:33","slug":"remise-sixt-clients-chargeplus","status":"publish","type":"page","link":"https:\/\/chargeplus.totalenergies.com\/fr\/conseils-recharge-electrique\/remise-sixt-clients-chargeplus\/","title":{"rendered":"Jusqu\u2019\u00e0 -20&#160;%* chez SIXT&#160;: uniquement pour les clients Charge+"},"content":{"rendered":"<div class=\"wp-post-content\"><!-- zone:zn_pagebanner [0] --><br \/>\n\t\t<!-- \/zone:zn_pagebanner [0] --><br \/>\n<!-- zone:zn_text [1] --><\/p>\n<h2>Votre mobilit\u00e9 \u00e9lectrique simplifi\u00e9e, o\u00f9 que vous soyez en France  <\/h2>\n<p style=\"text-align: center;\"><span class=\"TextRun SCXW148764093 BCX8\" lang=\"FR-FR\" xml:lang=\"FR-FR\" data-contrast=\"auto\"><span class=\"NormalTextRun SCXW148764093 BCX8\">Charge+ s\u2019associe \u00e0 SIXT pour faciliter votre mobilit\u00e9 \u00e9lectrique. <\/span><span class=\"NormalTextRun SCXW148764093 BCX8\">Commandez votre carte d\u00e8s maintenant, r<\/span><span class=\"NormalTextRun SCXW148764093 BCX8\">echargez partout<\/span><span class=\"NormalTextRun SCXW148764093 BCX8\"> en France<\/span><span class=\"NormalTextRun SCXW148764093 BCX8\">, roulez o\u00f9 vous voulez <\/span><span class=\"NormalTextRun SCXW148764093 BCX8\">en profitant de remises* pour vos locations de voiture \u00e9lectrique chez SIXT<\/span><span class=\"NormalTextRun SCXW148764093 BCX8\">.<\/span><\/span><span class=\"EOP SCXW148764093 BCX8\" data-ccp-props=\"{}\">\u00a0<\/span><\/p>\n<p>&nbsp;<\/p>\n<p>&nbsp;<\/p>\n<p>\t\t\t<!-- \/zone:zn_text [1] --><br \/>\n<!-- zone:zn_text_img [3] --><\/p>\n<h2>Et si votre mobilit\u00e9 \u00e9lectrique vous faisait aussi \u00e9conomiser ?<\/h2>\n<p>Gr\u00e2ce au partenariat exclusif entre SIXT et Charge+ de <strong>TotalEnergies<\/strong>, b\u00e9n\u00e9ficiez d&rsquo;une remise pouvant aller <strong>jusqu&rsquo;\u00e0 20%* sur la location de v\u00e9hicule \u00e9lectrique<\/strong> partout en France m\u00e9tropolitaine.<\/p>\n<p>Cette offre est <strong>strictement r\u00e9serv\u00e9e aux d\u00e9tenteurs de la carte Charge+<\/strong>. Pour en profiter, c&rsquo;est simple et rapide :<\/p>\n<ol>\n<li><span data-contrast=\"auto\"><strong>Commandez &amp; activez votre carte Charge+<\/strong>\u00a0<\/span><span data-ccp-props=\"{}\"> en quelques clics. Elle vous donne acc\u00e8s \u00e0 un large r\u00e9seau de recharge \u00e9lectrique en France et d\u00e9bloque automatique l&rsquo;offre SIXT.<\/span><\/li>\n<li><span data-teams=\"true\"><strong>Activez votre carte<\/strong> d\u00e8s r\u00e9ception pour acc\u00e9der \u00e0 votre <strong>page de r\u00e9servation d\u00e9di\u00e9e<\/strong>. C\u2019est depuis cet espace que vous pourrez b\u00e9n\u00e9ficier de la remise exclusive.<\/span><\/li>\n<li><span data-teams=\"true\"><strong>R\u00e9servez votre voiture \u00e9lectrique chez SIXT<\/strong>, depuis l&rsquo;espace d\u00e9di\u00e9e aux clients Charge+. La r\u00e9duction jusqu\u2019\u00e0 -20% est appliqu\u00e9e automatiquement au tarif de base.<\/span><\/li>\n<li><span data-teams=\"true\"><strong>Prenez la route en toute s\u00e9r\u00e9nit\u00e9<\/strong>, avec un v\u00e9hicule \u00e9lectrique fiable et performant, et profitez d\u2019une mobilit\u00e9 plus \u00e9conomique.<\/span><\/li>\n<\/ol>\n<p>&nbsp;<\/p>\n<p style=\"text-align: center;\"><a class=\"button outline\" href=\"https:\/\/subscription.chargeplus.totalenergies.com\/fr\">J&rsquo;en profite !<\/a><\/p>\n<p><!-- \/zone:zn_text_img [3] --><br \/>\n<!-- zone:zn_text_img [4] --><\/p>\n<h2>La carte Charge+ : l&rsquo;acc\u00e8s simple et rapide \u00e0 la recharge \u00e9lectrique<\/h2>\n<p>Vous \u00eates \u00e0 la recherche d\u2019une solution de recharge fiable, pratique et \u00e9conomique pour votre voiture \u00e9lectrique ?<\/p>\n<p>Ne cherchez plus :<strong> la carte de recharge Charge+<\/strong> a \u00e9t\u00e9 pens\u00e9e pour r\u00e9pondre aux besoins des conducteurs exigeants, en qu\u00eate de simplicit\u00e9 au quotidien.<\/p>\n<p><b>P<\/b>rofitez de remises adapt\u00e9es \u00e0 vos besoins et d\u2019un r\u00e9seau de recharge \u00e9toff\u00e9. Le tout, sans engagement !<\/p>\n<p>Concr\u00e8tement, Charge+ c&rsquo;est :<\/p>\n<ul>\n<li><strong>15%<\/strong>\u00a0<strong>de remise<sup>(1)<\/sup><\/strong> sur le prix de la recharge sur nos bornes en station <strong>TotalEnergies<\/strong>.<\/li>\n<li><strong>1 caf\u00e9 offert<sup>(2<\/sup><\/strong><strong><sup>)<\/sup><\/strong>\u00a0par jour, pour chaque recharge en station <strong>TotalEnergies<\/strong>.<\/li>\n<li>Plus de <strong>160 000 points de recharge<sup>(3)<\/sup><\/strong> partout en France, <span data-teams=\"true\">pour rouler l\u2019esprit tranquille, o\u00f9 que vous soyez.<\/span><\/li>\n<\/ul>\n<p><span data-teams=\"true\"><strong>La carte Charge+<\/strong>, c\u2019est plus qu\u2019une simple carte de recharge : c\u2019est une porte d\u2019entr\u00e9e vers une mobilit\u00e9 plus simple, plus fluide et plus \u00e9conomique.<\/span><\/p>\n<p><a href=\"#offres\">Voir les options<\/a><\/p>\n<p><!-- \/zone:zn_text_img [4] --><br \/>\n<!-- zone:zn_text [9] --><\/p>\n<h2>Besoin d\u2019aide ?<\/h2>\n<p style=\"text-align: center;\">Il vous reste des questions sur nos offres et l\u2019utilisation de votre carte de recharge Charge+ ? N\u2019h\u00e9sitez pas \u00e0 consulter notre FAQ<\/p>\n<p>\t\t\t<!-- \/zone:zn_text [9] --><br \/>\n<!-- zone:zn_list_accordion [10] --><\/p>\n<h3>La remise de 15% fonctionne-t-elle uniquement sur autoroute ?<\/h3>\n<p>Non ! C&rsquo;est la force de cette option. La remise s&rsquo;applique sur toutes les bornes Haute Puissance \u00e0 la marque TotalEnergies, qu&rsquo;elles soient situ\u00e9es sur une aire d&rsquo;autoroute, sur une voie rapide ou en zone urbaine\/p\u00e9riurbaine.<\/p>\n<h3>Le caf\u00e9 offert est-il limit\u00e9 \u00e0 un par jour ?<\/h3>\n<p>L&rsquo;offre s&rsquo;applique \u00e0 chaque session de recharge effectu\u00e9e par un membre du Club disposant de l&rsquo;option Zen, selon les conditions en vigueur en station.<\/p>\n<h3>Comment reconna\u00eetre une borne \u00e9ligible ?<\/h3>\n<p>Ce sont les bornes ultra-rapides (HPC) identifi\u00e9es \u00e0 la marque TotalEnergies. Vous pouvez les localiser facilement via les filtres de votre application Charge+.<\/p>\n<h3>Suis-je oblig\u00e9 d\u2019avoir une carte Club pour profiter du caf\u00e9 offert ?<\/h3>\n<p>Oui. L&rsquo;avantage \u00ab\u00a0Caf\u00e9 offert\u00a0\u00bb est exclusif aux membres du Club TotalEnergies. Mais rassurez-vous : l&rsquo;adh\u00e9sion au Club est 100% gratuite et imm\u00e9diate. Vous pouvez cr\u00e9er votre compte directement depuis votre application ou demander votre carte en station. C&rsquo;est ce statut Club qui vous permet de d\u00e9bloquer le cr\u00e9dit caf\u00e9 en caisse.<\/p>\n<h3>Comment obtenir mon caf\u00e9 offert concr\u00e8tement ?<\/h3>\n<p>C&rsquo;est tr\u00e8s simple, tout se passe en station :<\/p>\n<ol role=\"list\">\n<li>\u00c0 l&rsquo;activation : Bonne nouvelle, d\u00e8s que vous souscrivez \u00e0 l&rsquo;option Zen, vous b\u00e9n\u00e9ficiez d\u00e9j\u00e0 d&rsquo;un premier caf\u00e9 offert de bienvenue !<\/li>\n<li>Apr\u00e8s chaque recharge : Une fois votre v\u00e9hicule branch\u00e9 (ou la charge termin\u00e9e), rendez-vous en caisse. Pr\u00e9sentez votre application ou carte Club \u00e0 l&rsquo;h\u00f4te(sse) pour qu&rsquo;il cr\u00e9dite votre avantage caf\u00e9 li\u00e9 \u00e0 l&rsquo;option Zen.<\/li>\n<li>Point important : Pensez \u00e0 y aller \u00e0 chaque fois. Seule la derni\u00e8re recharge en date peut \u00eatre cr\u00e9dit\u00e9e. Si vous faites une recharge sans passer en caisse, puis une autre le lendemain, vous ne pourrez plus r\u00e9cup\u00e9rer le caf\u00e9 de la veille.<\/li>\n<\/ol>\n<p>\t<!-- \/zone:zn_list_accordion [10] --><br \/>\n<!-- zone:zn_text [11] --><\/p>\n<p class=\"cvGsUA direction-ltr align-center para-style-body\" style=\"text-align: center;\"><span class=\"OYPEnA font-feature-liga-off font-feature-clig-off font-feature-calt-off text-decoration-none text-strikethrough-none\">Vous ne trouvez pas la r\u00e9ponse \u00e0 votre question ? Notre service client Charge+ se tient <\/span><span class=\"OYPEnA font-feature-liga-off font-feature-clig-off font-feature-calt-off text-decoration-none text-strikethrough-none\">\u00e0 votre disposition pour vous accompagner et vous fournir tous les renseignements n\u00e9cessaires.<\/span><\/p>\n<p class=\"cvGsUA direction-ltr align-center para-style-body\" style=\"text-align: center;\"><span class=\"OYPEnA font-feature-liga-off font-feature-clig-off font-feature-calt-off text-decoration-none text-strikethrough-none\">Contactez-nous au <\/span><a class=\"OYPEnA font-feature-liga-off font-feature-clig-off font-feature-calt-off text-decoration-underline text-strikethrough-none\" draggable=\"false\" href=\"tel:0177860061\" target=\"_blank\" rel=\"noopener\">01 77 86 00 61<\/a><span class=\"OYPEnA font-feature-liga-off font-feature-clig-off font-feature-calt-off text-decoration-none text-strikethrough-none\"> (appel gratuit) du lundi au samedi de 9h \u00e0 19h.<\/span><\/p>\n<p>\t\t\t<!-- \/zone:zn_text [11] --><br \/>\n<!-- zone:zn_text [12] --><\/p>\n<p><sup>(*) <span data-teams=\"true\">Cette offre est exclusivement r\u00e9serv\u00e9e aux porteurs de cartes CHARGE+ TotalEnergies; une preuve d&rsquo;appartenance pourra \u00eatre exig\u00e9e en agence pour b\u00e9n\u00e9ficier de l&rsquo;offre. Cette offre est uniquement valable pour les r\u00e9servations effectu\u00e9es \u00e0 partir de cette page, pour des locations allant de 1 \u00e0 28 jours pour des locations de voitures \u00e9lectriques en France continentale (Hors Corse, hors DOM-TOM); le montant de la remise d\u00e9pend notamment de la cat\u00e9gorie de voiture s\u00e9lectionn\u00e9e et de la disponibilit\u00e9 locale des v\u00e9hicules en agence; les r\u00e9servations sont valables uniquement pour les cat\u00e9gories de v\u00e9hicules indiqu\u00e9es, et non pour des mod\u00e8les sp\u00e9cifiques, et sont soumises \u00e0 la disponibilit\u00e9 au moment de la prise en charge; offre valable dans les agences participantes; certaines cat\u00e9gories de v\u00e9hicules peuvent \u00eatre exclues de cette offre; cette offre ne s&rsquo;applique qu\u2019au tarif de base journalier; les taxes, frais, suppl\u00e9ments et extras (tels que les protections optionnelles, si\u00e8ge b\u00e9b\u00e9, GPS, etc.) sont exclus de la r\u00e9duction; les prix affich\u00e9s comprennent d\u00e9j\u00e0 la r\u00e9duction; des p\u00e9riodes d&rsquo;exclusion peuvent s&rsquo;appliquer; non cumulable avec d\u2019autres offres; les autres promotions et tarifs d\u2019entreprise ne peuvent \u00eatre combin\u00e9s avec la remise; cette offre peut \u00eatre sujette \u00e0 des changements sans avertissement pr\u00e9alable; toutes les locations de v\u00e9hicules sont soumises aux conditions g\u00e9n\u00e9rales et aux informations g\u00e9n\u00e9rales de SIXT.<\/span><\/sup><\/p>\n<p><sup>(1) Abonnement mensuel \u00ab Charge+ Option Zen \u00bb \u00e0 3,90\u20ac TTC\/mois, sans engagement et tacitement reconductible. La remise de 15% sera applicable imm\u00e9diatement sur le prix public de la recharge effectu\u00e9e sur les bornes haute puissance (&gt;100kW) \u00e0 la marque TotalEnergies en France m\u00e9tropolitaine (hors Corse). Voir liste des stations et conditions compl\u00e8tes sur <a href=\"http:\/\/chargeplus.totalenergies.com\/fr\">chargeplus.totalenergies.com\/fr<\/a><\/sup><\/p>\n<p><sup>(2) Offre r\u00e9serv\u00e9e aux abonn\u00e9s de l\u2019option Charge+ Zen et conditionn\u00e9e \u00e0 l&rsquo;adh\u00e9sion au programme de fid\u00e9lit\u00e9 Club de TotalEnergies et \u00e0 l&rsquo;association pr\u00e9alable de la carte Charge+ au compte fid\u00e9lit\u00e9. L\u2019offre permet de b\u00e9n\u00e9ficier de 2\u20ac de cr\u00e9dit utilisables dans les espaces \u00ab Comptoir des Ar\u00f4mes \u00bb ; 2\u20ac offerts d\u00e8s la souscription de l\u2019option puis, 2\u20ac offerts toute recharge d\u2019au moins 20 kWh effectu\u00e9e avec la carte Charge+ sur les bornes haute puissance \u00e0 la marque TotalEnergies et dans les stations TotalEnergies \u00e9quip\u00e9es d\u2019un \u00ab Comptoir des Ar\u00f4mes \u00bb. Offre limit\u00e9e \u00e0 un seul cr\u00e9dit par jour. Le client devra se pr\u00e9senter en caisse pour faire cr\u00e9diter l&rsquo;offre sur sa carte Club ou sa carte Coffee Comptoir des Ar\u00f4mes. Voir conditions et liste des stations \u00e9ligibles sur <a href=\"http:\/\/chargeplus.totalenergies.com\/fr\">chargeplus.totalenergies.com\/fr<\/a><\/sup><\/p>\n<p><sup><span data-teams=\"true\">(3) Conform\u00e9ment au principe d\u2019interop\u00e9rabilit\u00e9 pr\u00e9vu par l\u2019article L. 641-4-2 du code de l\u2019\u00e9nergie. Voir les Conditions g\u00e9n\u00e9rales de vente et la liste des points de recharge accessible sur le site <a id=\"menuri1d\" class=\"fui-Link ___1q1shib f2hkw1w f3rmtva f1ewtqcl fyind8e f1k6fduh f1w7gpdv fk6fouc fjoy568 figsok6 f1s184ao f1mk8lai fnbmjn9 f1o700av f13mvf36 f1cmlufx f9n3di6 f1ids18y f1tx3yz7 f1deo86v f1eh06m1 f1iescvh fhgqx19 f1olyrje f1p93eir f1nev41a f1h8hb77 f1lqvz6u f10aw75t fsle3fq f17ae5zn\" title=\"https:\/\/chargeplus.totalenergies.com\/fr\/\" href=\"https:\/\/chargeplus.totalenergies.com\/fr\/\" target=\"_blank\" rel=\"noreferrer noopener\" aria-label=\"Lien https:\/\/chargeplus.totalenergies.com\/fr\/\">https:\/\/chargeplus.totalenergies.com\/fr\/<\/a><\/span><\/sup><\/p>\n<p>\t\t\t<!-- \/zone:zn_text [12] -->\n<\/div>\n","protected":false},"excerpt":{"rendered":"<p>Votre mobilit\u00e9 \u00e9lectrique simplifi\u00e9e, o\u00f9 que vous soyez en France Charge+ s\u2019associe \u00e0 SIXT pour faciliter votre mobilit\u00e9 \u00e9lectrique. Commandez votre carte d\u00e8s maintenant, rechargez partout en France, roulez o\u00f9 [&hellip;]<\/p>\n","protected":false},"author":11,"featured_media":4180,"parent":445,"menu_order":4,"comment_status":"closed","ping_status":"closed","template":"","meta":{"_acf_changed":false,"footnotes":""},"class_list":["post-4178","page","type-page","status-publish","has-post-thumbnail","hentry","wp-sticky"],"acf":[],"yoast_head":"<!-- This site is optimized with the Yoast SEO plugin v27.4 - https:\/\/yoast.com\/product\/yoast-seo-wordpress\/ -->\n<title>Jusqu\u2019\u00e0 -20%* chez SIXT : uniquement pour les clients Charge+ | Charge+<\/title>\n<meta name=\"description\" content=\"Jusqu\u2019\u00e0 -20% sur vos locations chez SIXT : une offre limit\u00e9e et r\u00e9serv\u00e9e aux membres Charge+, ne manquez pas cette opportunit\u00e9\u202f !\" \/>\n<meta name=\"robots\" content=\"index, follow, max-snippet:-1, max-image-preview:large, max-video-preview:-1\" \/>\n<link rel=\"canonical\" href=\"https:\/\/chargeplus.totalenergies.com\/fr\/conseils-recharge-electrique\/remise-sixt-clients-chargeplus\/\" \/>\n<meta property=\"og:locale\" content=\"fr_FR\" \/>\n<meta property=\"og:type\" content=\"article\" \/>\n<meta property=\"og:title\" content=\"Jusqu\u2019\u00e0 -20%* chez SIXT : uniquement pour les clients Charge+ | Charge+\" \/>\n<meta property=\"og:description\" content=\"Jusqu\u2019\u00e0 -20% sur vos locations chez SIXT : une offre limit\u00e9e et r\u00e9serv\u00e9e aux membres Charge+, ne manquez pas cette opportunit\u00e9\u202f !\" \/>\n<meta property=\"og:url\" content=\"https:\/\/chargeplus.totalenergies.com\/fr\/conseils-recharge-electrique\/remise-sixt-clients-chargeplus\/\" \/>\n<meta property=\"og:site_name\" content=\"Charge+\" \/>\n<meta property=\"article:modified_time\" content=\"2026-02-16T15:21:33+00:00\" \/>\n<meta property=\"og:image\" content=\"https:\/\/chargeplus.totalenergies.com\/wp-inside\/uploads\/2025\/06\/visuel-1.png\" \/>\n\t<meta property=\"og:image:width\" content=\"600\" \/>\n\t<meta property=\"og:image:height\" content=\"600\" \/>\n\t<meta property=\"og:image:type\" content=\"image\/png\" \/>\n<meta name=\"twitter:card\" content=\"summary_large_image\" \/>\n<meta name=\"twitter:label1\" content=\"Dur\u00e9e de lecture estim\u00e9e\" \/>\n\t<meta name=\"twitter:data1\" content=\"6 minutes\" \/>\n<script type=\"application\/ld+json\" class=\"yoast-schema-graph\">{\"@context\":\"https:\\\/\\\/schema.org\",\"@graph\":[{\"@type\":\"WebPage\",\"@id\":\"https:\\\/\\\/chargeplus.totalenergies.com\\\/fr\\\/conseils-recharge-electrique\\\/remise-sixt-clients-chargeplus\\\/\",\"url\":\"https:\\\/\\\/chargeplus.totalenergies.com\\\/fr\\\/conseils-recharge-electrique\\\/remise-sixt-clients-chargeplus\\\/\",\"name\":\"Jusqu\u2019\u00e0 -20%* chez SIXT : uniquement pour les clients Charge+\",\"isPartOf\":{\"@id\":\"https:\\\/\\\/chargeplus.totalenergies.com\\\/fr\\\/#website\"},\"primaryImageOfPage\":{\"@id\":\"https:\\\/\\\/chargeplus.totalenergies.com\\\/fr\\\/conseils-recharge-electrique\\\/remise-sixt-clients-chargeplus\\\/#primaryimage\"},\"image\":{\"@id\":\"https:\\\/\\\/chargeplus.totalenergies.com\\\/fr\\\/conseils-recharge-electrique\\\/remise-sixt-clients-chargeplus\\\/#primaryimage\"},\"thumbnailUrl\":\"https:\\\/\\\/chargeplus.totalenergies.com\\\/wp-inside\\\/uploads\\\/2025\\\/06\\\/visuel-1.png\",\"datePublished\":\"2025-06-18T13:41:39+00:00\",\"dateModified\":\"2026-02-16T15:21:33+00:00\",\"description\":\"Jusqu\u2019\u00e0 -20% sur vos locations chez SIXT : une offre limit\u00e9e et r\u00e9serv\u00e9e aux membres Charge+, ne manquez pas cette opportunit\u00e9\u202f !\",\"breadcrumb\":{\"@id\":\"https:\\\/\\\/chargeplus.totalenergies.com\\\/fr\\\/conseils-recharge-electrique\\\/remise-sixt-clients-chargeplus\\\/#breadcrumb\"},\"inLanguage\":\"fr-FR\",\"potentialAction\":[{\"@type\":\"ReadAction\",\"target\":[\"https:\\\/\\\/chargeplus.totalenergies.com\\\/fr\\\/conseils-recharge-electrique\\\/remise-sixt-clients-chargeplus\\\/\"]}]},{\"@type\":\"ImageObject\",\"inLanguage\":\"fr-FR\",\"@id\":\"https:\\\/\\\/chargeplus.totalenergies.com\\\/fr\\\/conseils-recharge-electrique\\\/remise-sixt-clients-chargeplus\\\/#primaryimage\",\"url\":\"https:\\\/\\\/chargeplus.totalenergies.com\\\/wp-inside\\\/uploads\\\/2025\\\/06\\\/visuel-1.png\",\"contentUrl\":\"https:\\\/\\\/chargeplus.totalenergies.com\\\/wp-inside\\\/uploads\\\/2025\\\/06\\\/visuel-1.png\",\"width\":600,\"height\":600,\"caption\":\"Voiture avec promotion pour le partenariat entre SIXT et Chargeplus\"},{\"@type\":\"BreadcrumbList\",\"@id\":\"https:\\\/\\\/chargeplus.totalenergies.com\\\/fr\\\/conseils-recharge-electrique\\\/remise-sixt-clients-chargeplus\\\/#breadcrumb\",\"itemListElement\":[{\"@type\":\"ListItem\",\"position\":1,\"name\":\"Accueil\",\"item\":\"https:\\\/\\\/chargeplus.totalenergies.com\\\/fr\\\/\"},{\"@type\":\"ListItem\",\"position\":2,\"name\":\"Voiture \u00e9lectrique&#160;: nos conseils sur la recharge\",\"item\":\"https:\\\/\\\/chargeplus.totalenergies.com\\\/fr\\\/conseils-recharge-electrique\\\/\"},{\"@type\":\"ListItem\",\"position\":3,\"name\":\"Jusqu\u2019\u00e0 -20&#160;%* chez SIXT&#160;: uniquement pour les clients Charge+\"}]},{\"@type\":\"WebSite\",\"@id\":\"https:\\\/\\\/chargeplus.totalenergies.com\\\/fr\\\/#website\",\"url\":\"https:\\\/\\\/chargeplus.totalenergies.com\\\/fr\\\/\",\"name\":\"Charge+\",\"description\":\"Voiture \u00e9lectrique : le guide pratique de la recharge\",\"publisher\":{\"@id\":\"https:\\\/\\\/chargeplus.totalenergies.com\\\/fr\\\/#organization\"},\"potentialAction\":[{\"@type\":\"SearchAction\",\"target\":{\"@type\":\"EntryPoint\",\"urlTemplate\":\"https:\\\/\\\/chargeplus.totalenergies.com\\\/fr\\\/?s={search_term_string}\"},\"query-input\":{\"@type\":\"PropertyValueSpecification\",\"valueRequired\":true,\"valueName\":\"search_term_string\"}}],\"inLanguage\":\"fr-FR\"},{\"@type\":\"Organization\",\"@id\":\"https:\\\/\\\/chargeplus.totalenergies.com\\\/fr\\\/#organization\",\"name\":\"Charge+\",\"url\":\"https:\\\/\\\/chargeplus.totalenergies.com\\\/fr\\\/\",\"logo\":{\"@type\":\"ImageObject\",\"inLanguage\":\"fr-FR\",\"@id\":\"https:\\\/\\\/chargeplus.totalenergies.com\\\/fr\\\/#\\\/schema\\\/logo\\\/image\\\/\",\"url\":\"https:\\\/\\\/chargeplus.totalenergies.com\\\/wp-inside\\\/uploads\\\/2023\\\/07\\\/logo-borne-recharge.jpg\",\"contentUrl\":\"https:\\\/\\\/chargeplus.totalenergies.com\\\/wp-inside\\\/uploads\\\/2023\\\/07\\\/logo-borne-recharge.jpg\",\"width\":150,\"height\":150,\"caption\":\"Charge+\"},\"image\":{\"@id\":\"https:\\\/\\\/chargeplus.totalenergies.com\\\/fr\\\/#\\\/schema\\\/logo\\\/image\\\/\"}}]}<\/script>\n<!-- \/ Yoast SEO plugin. -->","yoast_head_json":{"title":"Jusqu\u2019\u00e0 -20%* chez SIXT : uniquement pour les clients Charge+ | Charge+","description":"Jusqu\u2019\u00e0 -20% sur vos locations chez SIXT : une offre limit\u00e9e et r\u00e9serv\u00e9e aux membres Charge+, ne manquez pas cette opportunit\u00e9\u202f !","robots":{"index":"index","follow":"follow","max-snippet":"max-snippet:-1","max-image-preview":"max-image-preview:large","max-video-preview":"max-video-preview:-1"},"canonical":"https:\/\/chargeplus.totalenergies.com\/fr\/conseils-recharge-electrique\/remise-sixt-clients-chargeplus\/","og_locale":"fr_FR","og_type":"article","og_title":"Jusqu\u2019\u00e0 -20%* chez SIXT : uniquement pour les clients Charge+ | Charge+","og_description":"Jusqu\u2019\u00e0 -20% sur vos locations chez SIXT : une offre limit\u00e9e et r\u00e9serv\u00e9e aux membres Charge+, ne manquez pas cette opportunit\u00e9\u202f !","og_url":"https:\/\/chargeplus.totalenergies.com\/fr\/conseils-recharge-electrique\/remise-sixt-clients-chargeplus\/","og_site_name":"Charge+","article_modified_time":"2026-02-16T15:21:33+00:00","og_image":[{"width":600,"height":600,"url":"https:\/\/chargeplus.totalenergies.com\/wp-inside\/uploads\/2025\/06\/visuel-1.png","type":"image\/png"}],"twitter_card":"summary_large_image","twitter_misc":{"Dur\u00e9e de lecture estim\u00e9e":"6 minutes"},"schema":{"@context":"https:\/\/schema.org","@graph":[{"@type":"WebPage","@id":"https:\/\/chargeplus.totalenergies.com\/fr\/conseils-recharge-electrique\/remise-sixt-clients-chargeplus\/","url":"https:\/\/chargeplus.totalenergies.com\/fr\/conseils-recharge-electrique\/remise-sixt-clients-chargeplus\/","name":"Jusqu\u2019\u00e0 -20%* chez SIXT : uniquement pour les clients Charge+","isPartOf":{"@id":"https:\/\/chargeplus.totalenergies.com\/fr\/#website"},"primaryImageOfPage":{"@id":"https:\/\/chargeplus.totalenergies.com\/fr\/conseils-recharge-electrique\/remise-sixt-clients-chargeplus\/#primaryimage"},"image":{"@id":"https:\/\/chargeplus.totalenergies.com\/fr\/conseils-recharge-electrique\/remise-sixt-clients-chargeplus\/#primaryimage"},"thumbnailUrl":"https:\/\/chargeplus.totalenergies.com\/wp-inside\/uploads\/2025\/06\/visuel-1.png","datePublished":"2025-06-18T13:41:39+00:00","dateModified":"2026-02-16T15:21:33+00:00","description":"Jusqu\u2019\u00e0 -20% sur vos locations chez SIXT : une offre limit\u00e9e et r\u00e9serv\u00e9e aux membres Charge+, ne manquez pas cette opportunit\u00e9\u202f !","breadcrumb":{"@id":"https:\/\/chargeplus.totalenergies.com\/fr\/conseils-recharge-electrique\/remise-sixt-clients-chargeplus\/#breadcrumb"},"inLanguage":"fr-FR","potentialAction":[{"@type":"ReadAction","target":["https:\/\/chargeplus.totalenergies.com\/fr\/conseils-recharge-electrique\/remise-sixt-clients-chargeplus\/"]}]},{"@type":"ImageObject","inLanguage":"fr-FR","@id":"https:\/\/chargeplus.totalenergies.com\/fr\/conseils-recharge-electrique\/remise-sixt-clients-chargeplus\/#primaryimage","url":"https:\/\/chargeplus.totalenergies.com\/wp-inside\/uploads\/2025\/06\/visuel-1.png","contentUrl":"https:\/\/chargeplus.totalenergies.com\/wp-inside\/uploads\/2025\/06\/visuel-1.png","width":600,"height":600,"caption":"Voiture avec promotion pour le partenariat entre SIXT et Chargeplus"},{"@type":"BreadcrumbList","@id":"https:\/\/chargeplus.totalenergies.com\/fr\/conseils-recharge-electrique\/remise-sixt-clients-chargeplus\/#breadcrumb","itemListElement":[{"@type":"ListItem","position":1,"name":"Accueil","item":"https:\/\/chargeplus.totalenergies.com\/fr\/"},{"@type":"ListItem","position":2,"name":"Voiture \u00e9lectrique&#160;: nos conseils sur la recharge","item":"https:\/\/chargeplus.totalenergies.com\/fr\/conseils-recharge-electrique\/"},{"@type":"ListItem","position":3,"name":"Jusqu\u2019\u00e0 -20&#160;%* chez SIXT&#160;: uniquement pour les clients Charge+"}]},{"@type":"WebSite","@id":"https:\/\/chargeplus.totalenergies.com\/fr\/#website","url":"https:\/\/chargeplus.totalenergies.com\/fr\/","name":"Charge+","description":"Voiture \u00e9lectrique : le guide pratique de la recharge","publisher":{"@id":"https:\/\/chargeplus.totalenergies.com\/fr\/#organization"},"potentialAction":[{"@type":"SearchAction","target":{"@type":"EntryPoint","urlTemplate":"https:\/\/chargeplus.totalenergies.com\/fr\/?s={search_term_string}"},"query-input":{"@type":"PropertyValueSpecification","valueRequired":true,"valueName":"search_term_string"}}],"inLanguage":"fr-FR"},{"@type":"Organization","@id":"https:\/\/chargeplus.totalenergies.com\/fr\/#organization","name":"Charge+","url":"https:\/\/chargeplus.totalenergies.com\/fr\/","logo":{"@type":"ImageObject","inLanguage":"fr-FR","@id":"https:\/\/chargeplus.totalenergies.com\/fr\/#\/schema\/logo\/image\/","url":"https:\/\/chargeplus.totalenergies.com\/wp-inside\/uploads\/2023\/07\/logo-borne-recharge.jpg","contentUrl":"https:\/\/chargeplus.totalenergies.com\/wp-inside\/uploads\/2023\/07\/logo-borne-recharge.jpg","width":150,"height":150,"caption":"Charge+"},"image":{"@id":"https:\/\/chargeplus.totalenergies.com\/fr\/#\/schema\/logo\/image\/"}}]}},"_links":{"self":[{"href":"https:\/\/chargeplus.totalenergies.com\/fr\/wp-json\/wp\/v2\/pages\/4178","targetHints":{"allow":["GET"]}}],"collection":[{"href":"https:\/\/chargeplus.totalenergies.com\/fr\/wp-json\/wp\/v2\/pages"}],"about":[{"href":"https:\/\/chargeplus.totalenergies.com\/fr\/wp-json\/wp\/v2\/types\/page"}],"author":[{"embeddable":true,"href":"https:\/\/chargeplus.totalenergies.com\/fr\/wp-json\/wp\/v2\/users\/11"}],"replies":[{"embeddable":true,"href":"https:\/\/chargeplus.totalenergies.com\/fr\/wp-json\/wp\/v2\/comments?post=4178"}],"version-history":[{"count":51,"href":"https:\/\/chargeplus.totalenergies.com\/fr\/wp-json\/wp\/v2\/pages\/4178\/revisions"}],"predecessor-version":[{"id":5044,"href":"https:\/\/chargeplus.totalenergies.com\/fr\/wp-json\/wp\/v2\/pages\/4178\/revisions\/5044"}],"up":[{"embeddable":true,"href":"https:\/\/chargeplus.totalenergies.com\/fr\/wp-json\/wp\/v2\/pages\/445"}],"wp:featuredmedia":[{"embeddable":true,"href":"https:\/\/chargeplus.totalenergies.com\/fr\/wp-json\/wp\/v2\/media\/4180"}],"wp:attachment":[{"href":"https:\/\/chargeplus.totalenergies.com\/fr\/wp-json\/wp\/v2\/media?parent=4178"}],"curies":[{"name":"wp","href":"https:\/\/api.w.org\/{rel}","templated":true}]}}