{"id":423,"date":"2023-06-29T14:27:55","date_gmt":"2023-06-29T12:27:55","guid":{"rendered":"https:\/\/chargeplus.totalenergies.com\/?page_id=423"},"modified":"2026-02-17T10:08:08","modified_gmt":"2026-02-17T09:08:08","slug":"charge","status":"publish","type":"page","link":"https:\/\/chargeplus.totalenergies.com\/fr\/","title":{"rendered":"Charge+&#160;: Votre offre de recharge"},"content":{"rendered":"<div class=\"wp-post-content\"><!-- zone:zn_pagebanner [0] --><br \/>\n\t\t<!-- \/zone:zn_pagebanner [0] --><br \/>\n<!-- zone:zn_text [2] --><\/p>\n<h1><\/h1>\n<h2 style=\"text-align: center; font-size: 50px;\">4 raisons de choisir Charge+<\/h2>\n<p>\t\t\t<!-- \/zone:zn_text [2] --><br \/>\n<!-- zone:zn_text_img [3] --><\/p>\n<h4><img loading=\"lazy\" decoding=\"async\" class=\"alignnone wp-image-4544\" src=\"https:\/\/chargeplus.totalenergies.com\/wp-inside\/uploads\/2026\/01\/chargecarte.svg\" alt=\"\" width=\"90\" height=\"90\" \/><\/h4>\n<h4><span style=\"color: #ff0000;\">Une carte universelle<\/span><\/h4>\n<h2>Acc\u00e9dez \u00e0 plus de 160 000 points de recharge*<span style=\"font-size: 22.5px;\"><br \/>\n<\/span>partout en France chez TotalEnergies<br \/>\net de nombreux autres r\u00e9seaux.<\/h2>\n<p><a class=\"button\" href=\"https:\/\/subscription.chargeplus.totalenergies.com\/fr\/subscription\/step\/offer\">Commander ma carte Charge+<\/a><\/p>\n<p><!-- \/zone:zn_text_img [3] --><br \/>\n<!-- zone:zn_text_img [4] --><\/p>\n<h4><img loading=\"lazy\" decoding=\"async\" class=\"alignnone wp-image-4653\" src=\"https:\/\/chargeplus.totalenergies.com\/wp-inside\/uploads\/2026\/01\/avantages.svg\" alt=\"Ic\u00f4nes, vecteurs d'une borne avec des avantages, r\u00e9ductions et cadeaux\" width=\"152\" height=\"152\" \/><span style=\"color: #ff0000; font-size: 1.25rem;\">Un programme d\u2019avantages exclusifs<\/span><\/h4>\n<h2>Profitez de remises et d\u2019offres r\u00e9guli\u00e8res<br \/>\nr\u00e9serv\u00e9es aux clients Charge+.<\/h2>\n<p><a class=\"button\" href=\"https:\/\/chargeplus.totalenergies.com\/fr\/carte-de-recharge\/\">D\u00e9couvrir l&rsquo;offre Charge+<\/a><\/p>\n<p><!-- \/zone:zn_text_img [4] --><br \/>\n<!-- zone:zn_text_img [5] --><\/p>\n<h4><img loading=\"lazy\" decoding=\"async\" class=\"alignnone wp-image-4655\" src=\"https:\/\/chargeplus.totalenergies.com\/wp-inside\/uploads\/2026\/01\/application_charge.svg\" alt=\"Ic\u00f4ne vecteur d'un t\u00e9l\u00e9phone pour mettre en avant l'application\" width=\"139\" height=\"139\" \/><span style=\"color: #ff0000; font-size: 1.25rem;\">Une application tout-en-un<\/span><\/h4>\n<h2>Avec un planificateur d&rsquo;itin\u00e9raires et<br \/>\ndes fonctionnalit\u00e9s qui facilitent vos recharges.<\/h2>\n<p><a class=\"button\" href=\"https:\/\/chargeplus.totalenergies.com\/fr\/application-mobile\/\">En savoir plus<\/a><\/p>\n<p><!-- \/zone:zn_text_img [5] --><br \/>\n<!-- zone:zn_text_img [6] --><\/p>\n<h4><img loading=\"lazy\" decoding=\"async\" class=\"alignnone wp-image-4657\" src=\"https:\/\/chargeplus.totalenergies.com\/wp-inside\/uploads\/2026\/01\/felicitation.svg\" alt=\"Ic\u00f4ne, vecteur d'un applaudissement pour f\u00eater\" width=\"166\" height=\"166\" \/><span style=\"color: #ff0000; font-size: 1.25rem;\">L&rsquo;expertise d&rsquo;un r\u00e9seau reconnu<\/span><\/h4>\n<h2>Retrouvez la qualit\u00e9 du r\u00e9seau TotalEnergies<br \/>\net de tous les services en station.<\/h2>\n<p><a class=\"button\" href=\"https:\/\/subscription.chargeplus.totalenergies.com\/fr\/subscription\/step\/offer\">Je veux en profiter<\/a><\/p>\n<p><!-- \/zone:zn_text_img [6] --><br \/>\n<!-- zone:zn_text [10] --><\/p>\n<h2>Besoin d&rsquo;aide ?<\/h2>\n<p style=\"text-align: center;\">D\u00e9couvrez ici les r\u00e9ponses aux questions les plus fr\u00e9quentes de notre <a href=\"https:\/\/chargeplus.totalenergies.com\/fr\/faq\/\">FAQ<\/a>.<\/p>\n<p>\t\t\t<!-- \/zone:zn_text [10] --><br \/>\n<!-- zone:zn_list_accordion [11] --><\/p>\n<h3>Comment trouver une borne de recharge\u2009?<\/h3>\n<p>Activez la <strong>g\u00e9olocalisation<\/strong> <strong>de votre smartphone<\/strong> et rendez-vous dans l\u2019onglet \u00ab Carte \u00bb<br \/>\nde l\u2019application ou dans la partie \u00ab O\u00f9 effectuer ma recharge ? \u00bb. Vous pouvez afficher<br \/>\nles r\u00e9sultats en mode carte ou liste.<\/p>\n<p>Pour trouver la borne de recharge id\u00e9ale, <strong>utilisez les filtres pour cibler votre recherche<\/strong><br \/>\nen fonction de vos besoins (type de prise, puissance de charge, disponibilit\u00e9\u2026).<\/p>\n<p>Une borne vous int\u00e9resse ? Cliquez simplement dessus et visualisez toutes les<br \/>\ninformations utiles \u00e0 la recharge (op\u00e9rateurs de la borne, adresse exacte, type de<br \/>\npuissance d\u00e9livr\u00e9e, tarifs\u2026).<\/p>\n<h3>Comment recharger mon v\u00e9hicule \u00e9lectrique ?<\/h3>\n<p>Avec Charge+, tout fonctionne tr\u00e8s simplement. Pour d\u00e9marrer la recharge, passez<br \/>\nvotre carte devant le lecteur de la borne et attendez que le voyant s\u2019allume. Branchez le<br \/>\nc\u00e2ble sur la prise de votre voiture et c\u00f4t\u00e9 borne, puis c\u2019est parti, il n\u2019y a plus qu\u2019\u00e0<br \/>\nattendre !<\/p>\n<p>Pour terminer la recharge, passez \u00e0 nouveau votre carte devant la borne et patientez<br \/>\njusqu\u2019\u00e0 ce que le voyant change de couleur. Puis d\u00e9branchez le c\u00e2ble.<\/p>\n<h3>Est-ce que toutes les bornes sont \u00e9quip\u00e9es d\u2019un c\u00e2ble de recharge ?<\/h3>\n<p>Les bornes de recharge rapide sont <strong>toujours \u00e9quip\u00e9es d\u2019un c\u00e2ble adapt\u00e9<\/strong>, directement<br \/>\nrattach\u00e9 \u00e0 la structure. Vous n\u2019avez donc pas besoin d\u2019apporter votre propre mat\u00e9riel<br \/>\npour recharger votre voiture \u00e9lectrique. Pour toutes les autres bornes, en revanche,<br \/>\nvous devrez utiliser votre propre c\u00e2ble.<\/p>\n<h3>Combien de temps pour recharger la batterie d\u2019un v\u00e9hicule \u00e9lectrique ?<\/h3>\n<p>De 30 minutes \u00e0 plusieurs heures, la dur\u00e9e d\u2019une recharge peut \u00eatre tr\u00e8s variable d\u2019une<br \/>\nvoiture \u00e0 une autre et d\u00e9pend de plusieurs facteurs :<\/p>\n<ul>\n<li><strong>la capacit\u00e9 de la batterie<\/strong> (c&rsquo;est la quantit\u00e9 maximale d&rsquo;\u00e9nergie qu&rsquo;elle peut contenir) ;<\/li>\n<li><strong>la puissance \u00e9lectrique<\/strong> d\u00e9livr\u00e9e par la borne ;<\/li>\n<li><strong>la puissance maximale<\/strong> de recharge tol\u00e9r\u00e9e par le v\u00e9hicule.<\/li>\n<\/ul>\n<p>\t<!-- \/zone:zn_list_accordion [11] --><br \/>\n<!-- zone:zn_text [13] --><\/p>\n<p><span style=\"font-size: 12px; vertical-align: super;\"><sup>* Conform\u00e9ment au principe d\u2019interop\u00e9rabilit\u00e9 pr\u00e9vu par l\u2019article L. 641-4-2 du code de l\u2019\u00e9nergie. Voir les Conditions g\u00e9n\u00e9rales de vente et la liste des points de recharge accessible sur l\u2019app TotalEnergies Charge+.<\/sup><br \/>\n<\/span><\/p>\n<p>\t\t\t<!-- \/zone:zn_text [13] -->\n<\/div>\n","protected":false},"excerpt":{"rendered":"<p>4 raisons de choisir Charge+ Une carte universelle Acc\u00e9dez \u00e0 plus de 160 000 points de recharge* partout en France chez TotalEnergies et de nombreux autres r\u00e9seaux. Commander ma carte [&hellip;]<\/p>\n","protected":false},"author":3,"featured_media":0,"parent":0,"menu_order":0,"comment_status":"closed","ping_status":"closed","template":"","meta":{"_acf_changed":false,"footnotes":""},"class_list":["post-423","page","type-page","status-publish","hentry","wp-sticky"],"acf":[],"yoast_head":"<!-- This site is optimized with the Yoast SEO plugin v27.3 - https:\/\/yoast.com\/product\/yoast-seo-wordpress\/ -->\n<title>Recharger son v\u00e9hicule \u00e9lectrique : la solution id\u00e9ale ! | Charge+<\/title>\n<meta name=\"description\" content=\"Vous souhaitez vous simplifier le quotidien avec la recharge de votre voiture \u00e9lectrique ? Charge+ est la carte de recharge qu\u2019il vous faut !\" \/>\n<meta name=\"robots\" content=\"index, follow, max-snippet:-1, max-image-preview:large, max-video-preview:-1\" \/>\n<link rel=\"canonical\" href=\"https:\/\/chargeplus.totalenergies.com\/fr\/\" \/>\n<meta property=\"og:locale\" content=\"fr_FR\" \/>\n<meta property=\"og:type\" content=\"article\" \/>\n<meta property=\"og:title\" content=\"Recharger son v\u00e9hicule \u00e9lectrique : la solution id\u00e9ale ! | Charge+\" \/>\n<meta property=\"og:description\" content=\"Vous souhaitez vous simplifier le quotidien avec la recharge de votre voiture \u00e9lectrique ? Charge+ est la carte de recharge qu\u2019il vous faut !\" \/>\n<meta property=\"og:url\" content=\"https:\/\/chargeplus.totalenergies.com\/fr\/\" \/>\n<meta property=\"og:site_name\" content=\"Charge+\" \/>\n<meta property=\"article:modified_time\" content=\"2026-02-17T09:08:08+00:00\" \/>\n<meta property=\"og:image\" content=\"https:\/\/chargeplus.totalenergies.com\/wp-inside\/uploads\/2025\/05\/blc_picto-recharge_bleu-e1750334318673.png\" \/>\n\t<meta property=\"og:image:width\" content=\"150\" \/>\n\t<meta property=\"og:image:height\" content=\"150\" \/>\n\t<meta property=\"og:image:type\" content=\"image\/png\" \/>\n<meta name=\"twitter:card\" content=\"summary_large_image\" \/>\n<script type=\"application\/ld+json\" class=\"yoast-schema-graph\">{\"@context\":\"https:\\\/\\\/schema.org\",\"@graph\":[{\"@type\":\"WebPage\",\"@id\":\"https:\\\/\\\/chargeplus.totalenergies.com\\\/fr\\\/\",\"url\":\"https:\\\/\\\/chargeplus.totalenergies.com\\\/fr\\\/\",\"name\":\"Recharger son v\u00e9hicule \u00e9lectrique : la solution id\u00e9ale !\",\"isPartOf\":{\"@id\":\"https:\\\/\\\/chargeplus.totalenergies.com\\\/fr\\\/#website\"},\"primaryImageOfPage\":{\"@id\":\"https:\\\/\\\/chargeplus.totalenergies.com\\\/fr\\\/#primaryimage\"},\"image\":{\"@id\":\"https:\\\/\\\/chargeplus.totalenergies.com\\\/fr\\\/#primaryimage\"},\"thumbnailUrl\":\"https:\\\/\\\/chargeplus.totalenergies.com\\\/wp-inside\\\/uploads\\\/2026\\\/01\\\/chargecarte.svg\",\"datePublished\":\"2023-06-29T12:27:55+00:00\",\"dateModified\":\"2026-02-17T09:08:08+00:00\",\"description\":\"Vous souhaitez vous simplifier le quotidien avec la recharge de votre voiture \u00e9lectrique ? Charge+ est la carte de recharge qu\u2019il vous faut !\",\"breadcrumb\":{\"@id\":\"https:\\\/\\\/chargeplus.totalenergies.com\\\/fr\\\/#breadcrumb\"},\"inLanguage\":\"fr-FR\",\"potentialAction\":[{\"@type\":\"ReadAction\",\"target\":[\"https:\\\/\\\/chargeplus.totalenergies.com\\\/fr\\\/\"]}]},{\"@type\":\"ImageObject\",\"inLanguage\":\"fr-FR\",\"@id\":\"https:\\\/\\\/chargeplus.totalenergies.com\\\/fr\\\/#primaryimage\",\"url\":\"https:\\\/\\\/chargeplus.totalenergies.com\\\/wp-inside\\\/uploads\\\/2026\\\/01\\\/chargecarte.svg\",\"contentUrl\":\"https:\\\/\\\/chargeplus.totalenergies.com\\\/wp-inside\\\/uploads\\\/2026\\\/01\\\/chargecarte.svg\"},{\"@type\":\"BreadcrumbList\",\"@id\":\"https:\\\/\\\/chargeplus.totalenergies.com\\\/fr\\\/#breadcrumb\",\"itemListElement\":[{\"@type\":\"ListItem\",\"position\":1,\"name\":\"Accueil\",\"item\":\"https:\\\/\\\/chargeplus.totalenergies.com\\\/fr\\\/\"},{\"@type\":\"ListItem\",\"position\":2,\"name\":\"Charge+&#160;: Votre offre de recharge\"}]},{\"@type\":\"WebSite\",\"@id\":\"https:\\\/\\\/chargeplus.totalenergies.com\\\/fr\\\/#website\",\"url\":\"https:\\\/\\\/chargeplus.totalenergies.com\\\/fr\\\/\",\"name\":\"Charge+\",\"description\":\"Voiture \u00e9lectrique : le guide pratique de la recharge\",\"publisher\":{\"@id\":\"https:\\\/\\\/chargeplus.totalenergies.com\\\/fr\\\/#organization\"},\"potentialAction\":[{\"@type\":\"SearchAction\",\"target\":{\"@type\":\"EntryPoint\",\"urlTemplate\":\"https:\\\/\\\/chargeplus.totalenergies.com\\\/fr\\\/?s={search_term_string}\"},\"query-input\":{\"@type\":\"PropertyValueSpecification\",\"valueRequired\":true,\"valueName\":\"search_term_string\"}}],\"inLanguage\":\"fr-FR\"},{\"@type\":\"Organization\",\"@id\":\"https:\\\/\\\/chargeplus.totalenergies.com\\\/fr\\\/#organization\",\"name\":\"Charge+\",\"url\":\"https:\\\/\\\/chargeplus.totalenergies.com\\\/fr\\\/\",\"logo\":{\"@type\":\"ImageObject\",\"inLanguage\":\"fr-FR\",\"@id\":\"https:\\\/\\\/chargeplus.totalenergies.com\\\/fr\\\/#\\\/schema\\\/logo\\\/image\\\/\",\"url\":\"https:\\\/\\\/chargeplus.totalenergies.com\\\/wp-inside\\\/uploads\\\/2023\\\/07\\\/logo-borne-recharge.jpg\",\"contentUrl\":\"https:\\\/\\\/chargeplus.totalenergies.com\\\/wp-inside\\\/uploads\\\/2023\\\/07\\\/logo-borne-recharge.jpg\",\"width\":150,\"height\":150,\"caption\":\"Charge+\"},\"image\":{\"@id\":\"https:\\\/\\\/chargeplus.totalenergies.com\\\/fr\\\/#\\\/schema\\\/logo\\\/image\\\/\"}}]}<\/script>\n<!-- \/ Yoast SEO plugin. -->","yoast_head_json":{"title":"Recharger son v\u00e9hicule \u00e9lectrique : la solution id\u00e9ale ! | Charge+","description":"Vous souhaitez vous simplifier le quotidien avec la recharge de votre voiture \u00e9lectrique ? Charge+ est la carte de recharge qu\u2019il vous faut !","robots":{"index":"index","follow":"follow","max-snippet":"max-snippet:-1","max-image-preview":"max-image-preview:large","max-video-preview":"max-video-preview:-1"},"canonical":"https:\/\/chargeplus.totalenergies.com\/fr\/","og_locale":"fr_FR","og_type":"article","og_title":"Recharger son v\u00e9hicule \u00e9lectrique : la solution id\u00e9ale ! | Charge+","og_description":"Vous souhaitez vous simplifier le quotidien avec la recharge de votre voiture \u00e9lectrique ? Charge+ est la carte de recharge qu\u2019il vous faut !","og_url":"https:\/\/chargeplus.totalenergies.com\/fr\/","og_site_name":"Charge+","article_modified_time":"2026-02-17T09:08:08+00:00","og_image":[{"width":150,"height":150,"url":"https:\/\/chargeplus.totalenergies.com\/wp-inside\/uploads\/2025\/05\/blc_picto-recharge_bleu-e1750334318673.png","type":"image\/png"}],"twitter_card":"summary_large_image","schema":{"@context":"https:\/\/schema.org","@graph":[{"@type":"WebPage","@id":"https:\/\/chargeplus.totalenergies.com\/fr\/","url":"https:\/\/chargeplus.totalenergies.com\/fr\/","name":"Recharger son v\u00e9hicule \u00e9lectrique : la solution id\u00e9ale !","isPartOf":{"@id":"https:\/\/chargeplus.totalenergies.com\/fr\/#website"},"primaryImageOfPage":{"@id":"https:\/\/chargeplus.totalenergies.com\/fr\/#primaryimage"},"image":{"@id":"https:\/\/chargeplus.totalenergies.com\/fr\/#primaryimage"},"thumbnailUrl":"https:\/\/chargeplus.totalenergies.com\/wp-inside\/uploads\/2026\/01\/chargecarte.svg","datePublished":"2023-06-29T12:27:55+00:00","dateModified":"2026-02-17T09:08:08+00:00","description":"Vous souhaitez vous simplifier le quotidien avec la recharge de votre voiture \u00e9lectrique ? Charge+ est la carte de recharge qu\u2019il vous faut !","breadcrumb":{"@id":"https:\/\/chargeplus.totalenergies.com\/fr\/#breadcrumb"},"inLanguage":"fr-FR","potentialAction":[{"@type":"ReadAction","target":["https:\/\/chargeplus.totalenergies.com\/fr\/"]}]},{"@type":"ImageObject","inLanguage":"fr-FR","@id":"https:\/\/chargeplus.totalenergies.com\/fr\/#primaryimage","url":"https:\/\/chargeplus.totalenergies.com\/wp-inside\/uploads\/2026\/01\/chargecarte.svg","contentUrl":"https:\/\/chargeplus.totalenergies.com\/wp-inside\/uploads\/2026\/01\/chargecarte.svg"},{"@type":"BreadcrumbList","@id":"https:\/\/chargeplus.totalenergies.com\/fr\/#breadcrumb","itemListElement":[{"@type":"ListItem","position":1,"name":"Accueil","item":"https:\/\/chargeplus.totalenergies.com\/fr\/"},{"@type":"ListItem","position":2,"name":"Charge+&#160;: Votre offre de recharge"}]},{"@type":"WebSite","@id":"https:\/\/chargeplus.totalenergies.com\/fr\/#website","url":"https:\/\/chargeplus.totalenergies.com\/fr\/","name":"Charge+","description":"Voiture \u00e9lectrique : le guide pratique de la recharge","publisher":{"@id":"https:\/\/chargeplus.totalenergies.com\/fr\/#organization"},"potentialAction":[{"@type":"SearchAction","target":{"@type":"EntryPoint","urlTemplate":"https:\/\/chargeplus.totalenergies.com\/fr\/?s={search_term_string}"},"query-input":{"@type":"PropertyValueSpecification","valueRequired":true,"valueName":"search_term_string"}}],"inLanguage":"fr-FR"},{"@type":"Organization","@id":"https:\/\/chargeplus.totalenergies.com\/fr\/#organization","name":"Charge+","url":"https:\/\/chargeplus.totalenergies.com\/fr\/","logo":{"@type":"ImageObject","inLanguage":"fr-FR","@id":"https:\/\/chargeplus.totalenergies.com\/fr\/#\/schema\/logo\/image\/","url":"https:\/\/chargeplus.totalenergies.com\/wp-inside\/uploads\/2023\/07\/logo-borne-recharge.jpg","contentUrl":"https:\/\/chargeplus.totalenergies.com\/wp-inside\/uploads\/2023\/07\/logo-borne-recharge.jpg","width":150,"height":150,"caption":"Charge+"},"image":{"@id":"https:\/\/chargeplus.totalenergies.com\/fr\/#\/schema\/logo\/image\/"}}]}},"_links":{"self":[{"href":"https:\/\/chargeplus.totalenergies.com\/fr\/wp-json\/wp\/v2\/pages\/423","targetHints":{"allow":["GET"]}}],"collection":[{"href":"https:\/\/chargeplus.totalenergies.com\/fr\/wp-json\/wp\/v2\/pages"}],"about":[{"href":"https:\/\/chargeplus.totalenergies.com\/fr\/wp-json\/wp\/v2\/types\/page"}],"author":[{"embeddable":true,"href":"https:\/\/chargeplus.totalenergies.com\/fr\/wp-json\/wp\/v2\/users\/3"}],"replies":[{"embeddable":true,"href":"https:\/\/chargeplus.totalenergies.com\/fr\/wp-json\/wp\/v2\/comments?post=423"}],"version-history":[{"count":74,"href":"https:\/\/chargeplus.totalenergies.com\/fr\/wp-json\/wp\/v2\/pages\/423\/revisions"}],"predecessor-version":[{"id":5102,"href":"https:\/\/chargeplus.totalenergies.com\/fr\/wp-json\/wp\/v2\/pages\/423\/revisions\/5102"}],"wp:attachment":[{"href":"https:\/\/chargeplus.totalenergies.com\/fr\/wp-json\/wp\/v2\/media?parent=423"}],"curies":[{"name":"wp","href":"https:\/\/api.w.org\/{rel}","templated":true}]}}