{"id":445,"date":"2023-07-07T14:56:39","date_gmt":"2023-07-07T12:56:39","guid":{"rendered":"https:\/\/chargeplus.totalenergies.com\/?page_id=445"},"modified":"2024-03-06T16:42:12","modified_gmt":"2024-03-06T15:42:12","slug":"conseils-recharge-electrique","status":"publish","type":"page","link":"https:\/\/chargeplus.totalenergies.com\/fr\/conseils-recharge-electrique\/","title":{"rendered":"Voiture \u00e9lectrique&#160;: nos conseils sur la recharge"},"content":{"rendered":"<div class=\"wp-post-content\"><!-- zone:zn_pagebanner [0] --><br \/>\n\t\t<!-- \/zone:zn_pagebanner [0] --><br \/>\n<!-- zone:zn_text [3] --><\/p>\n<h2>Maintenir un niveau de charge entre 20 % et 80 %<\/h2>\n<p>Pour pr\u00e9server la dur\u00e9e de vie de votre batterie, la fourchette de <strong>charge id\u00e9ale se situe entre 20 % et 80 %<\/strong>. Des recharges compl\u00e8tes r\u00e9p\u00e9titives ab\u00eemeront votre batterie, tout comme le fait de la laisser descendre trop souvent \u00e0 un niveau tr\u00e8s bas (en dessous de 5 %).<\/p>\n<h2>Recharger sa voiture au bon moment<\/h2>\n<p>La fr\u00e9quence de recharge de votre voiture <strong>d\u00e9pend de son autonomie et de votre usage<\/strong>. Vous pourrez par exemple rouler une centaine de kilom\u00e8tres au volant d\u2019une citadine. Pour de courts trajets en ville, vous n\u2019aurez donc pas besoin de recharger votre voiture tous les jours. Dans l\u2019id\u00e9al, branchez votre voiture \u00e0 sa borne lorsque son niveau de batterie atteint 20 %.<\/p>\n<h2>Pr\u00e9server la batterie de la chaleur<\/h2>\n<p>Les batteries des voitures \u00e9lectriques sont fragiles et supportent mal les temp\u00e9ratures extr\u00eames. Lorsqu\u2019elles surchauffent, certains de leurs composants peuvent se d\u00e9grader. <strong>Laissez la voiture refroidir<\/strong> autant que possible avant de la recharger.<\/p>\n<h2>Utiliser la bonne prise de recharge<\/h2>\n<p>Il existe diff\u00e9rentes prises en fonction du mode de recharge utilis\u00e9. Pour recharger votre v\u00e9hicule sur la grande majorit\u00e9 des bornes, utilisez une<strong> prise de type 2<\/strong> (standard europ\u00e9en).<\/p>\n<h2>Optimiser la dur\u00e9e de vie de la batterie gr\u00e2ce \u00e0 l&rsquo;\u00e9co-conduite<\/h2>\n<p>En adoptant une <strong>conduite plus souple et une allure mod\u00e9r\u00e9e<\/strong>, vous aurez moins souvent besoin de recharger votre voiture et votre batterie s\u2019usera moins vite.<\/p>\n<h2>Choisir la puissance de recharge adapt\u00e9e<\/h2>\n<p>Toutes les voitures \u00e9lectriques n\u2019acceptent pas la m\u00eame puissance de charge. Pour choisir la puissance de la borne de recharge adapt\u00e9e, vous devrez <strong>tenir compte des limitations de votre v\u00e9hicule<\/strong> et de la fa\u00e7on dont vous l\u2019utilisez au quotidien.<\/p>\n<p>\t\t\t<!-- \/zone:zn_text [3] -->\n<\/div>\n","protected":false},"excerpt":{"rendered":"<p>Maintenir un niveau de charge entre 20 % et 80 % Pour pr\u00e9server la dur\u00e9e de vie de votre batterie, la fourchette de charge id\u00e9ale se situe entre 20 % [&hellip;]<\/p>\n","protected":false},"author":3,"featured_media":0,"parent":0,"menu_order":5,"comment_status":"closed","ping_status":"closed","template":"","meta":{"_acf_changed":false,"footnotes":""},"class_list":["post-445","page","type-page","status-publish","hentry","wp-sticky"],"acf":[],"yoast_head":"<!-- This site is optimized with the Yoast SEO plugin v27.5 - https:\/\/yoast.com\/product\/yoast-seo-wordpress\/ -->\n<title>Recharge voiture \u00e9lectrique - comment l&#039;optimiser ? | Charge+<\/title>\n<meta name=\"description\" content=\"Vous venez d&#039;acqu\u00e9rir un v\u00e9hicule tout \u00e9lectrique ou hybride ? D\u00e9couvrez les conseils Charge+ pour maximiser la recharge et les performances de votre batterie de fa\u00e7on \u00e0 profiter au mieux de votre voiture.\" \/>\n<meta name=\"robots\" content=\"index, follow, max-snippet:-1, max-image-preview:large, max-video-preview:-1\" \/>\n<link rel=\"canonical\" href=\"https:\/\/chargeplus.totalenergies.com\/fr\/conseils-recharge-electrique\/\" \/>\n<meta property=\"og:locale\" content=\"fr_FR\" \/>\n<meta property=\"og:type\" content=\"article\" \/>\n<meta property=\"og:title\" content=\"Recharge voiture \u00e9lectrique - comment l&#039;optimiser ? | Charge+\" \/>\n<meta property=\"og:description\" content=\"Vous venez d&#039;acqu\u00e9rir un v\u00e9hicule tout \u00e9lectrique ou hybride ? D\u00e9couvrez les conseils Charge+ pour maximiser la recharge et les performances de votre batterie de fa\u00e7on \u00e0 profiter au mieux de votre voiture.\" \/>\n<meta property=\"og:url\" content=\"https:\/\/chargeplus.totalenergies.com\/fr\/conseils-recharge-electrique\/\" \/>\n<meta property=\"og:site_name\" content=\"Charge+\" \/>\n<meta property=\"article:modified_time\" content=\"2024-03-06T15:42:12+00:00\" \/>\n<meta property=\"og:image\" content=\"https:\/\/chargeplus.totalenergies.com\/wp-inside\/uploads\/2025\/05\/blc_picto-recharge_bleu-e1750334318673.png\" \/>\n\t<meta property=\"og:image:width\" content=\"150\" \/>\n\t<meta property=\"og:image:height\" content=\"150\" \/>\n\t<meta property=\"og:image:type\" content=\"image\/png\" \/>\n<meta name=\"twitter:card\" content=\"summary_large_image\" \/>\n<script type=\"application\/ld+json\" class=\"yoast-schema-graph\">{\"@context\":\"https:\\\/\\\/schema.org\",\"@graph\":[{\"@type\":\"WebPage\",\"@id\":\"https:\\\/\\\/chargeplus.totalenergies.com\\\/fr\\\/conseils-recharge-electrique\\\/\",\"url\":\"https:\\\/\\\/chargeplus.totalenergies.com\\\/fr\\\/conseils-recharge-electrique\\\/\",\"name\":\"Recharge voiture \u00e9lectrique - comment l'optimiser ?\",\"isPartOf\":{\"@id\":\"https:\\\/\\\/chargeplus.totalenergies.com\\\/fr\\\/#website\"},\"datePublished\":\"2023-07-07T12:56:39+00:00\",\"dateModified\":\"2024-03-06T15:42:12+00:00\",\"description\":\"Vous venez d'acqu\u00e9rir un v\u00e9hicule tout \u00e9lectrique ou hybride ? D\u00e9couvrez les conseils Charge+ pour maximiser la recharge et les performances de votre batterie de fa\u00e7on \u00e0 profiter au mieux de votre voiture.\",\"breadcrumb\":{\"@id\":\"https:\\\/\\\/chargeplus.totalenergies.com\\\/fr\\\/conseils-recharge-electrique\\\/#breadcrumb\"},\"inLanguage\":\"fr-FR\",\"potentialAction\":[{\"@type\":\"ReadAction\",\"target\":[\"https:\\\/\\\/chargeplus.totalenergies.com\\\/fr\\\/conseils-recharge-electrique\\\/\"]}]},{\"@type\":\"BreadcrumbList\",\"@id\":\"https:\\\/\\\/chargeplus.totalenergies.com\\\/fr\\\/conseils-recharge-electrique\\\/#breadcrumb\",\"itemListElement\":[{\"@type\":\"ListItem\",\"position\":1,\"name\":\"Accueil\",\"item\":\"https:\\\/\\\/chargeplus.totalenergies.com\\\/fr\\\/\"},{\"@type\":\"ListItem\",\"position\":2,\"name\":\"Voiture \u00e9lectrique&#160;: nos conseils sur la recharge\"}]},{\"@type\":\"WebSite\",\"@id\":\"https:\\\/\\\/chargeplus.totalenergies.com\\\/fr\\\/#website\",\"url\":\"https:\\\/\\\/chargeplus.totalenergies.com\\\/fr\\\/\",\"name\":\"Charge+\",\"description\":\"Voiture \u00e9lectrique : le guide pratique de la recharge\",\"publisher\":{\"@id\":\"https:\\\/\\\/chargeplus.totalenergies.com\\\/fr\\\/#organization\"},\"potentialAction\":[{\"@type\":\"SearchAction\",\"target\":{\"@type\":\"EntryPoint\",\"urlTemplate\":\"https:\\\/\\\/chargeplus.totalenergies.com\\\/fr\\\/?s={search_term_string}\"},\"query-input\":{\"@type\":\"PropertyValueSpecification\",\"valueRequired\":true,\"valueName\":\"search_term_string\"}}],\"inLanguage\":\"fr-FR\"},{\"@type\":\"Organization\",\"@id\":\"https:\\\/\\\/chargeplus.totalenergies.com\\\/fr\\\/#organization\",\"name\":\"Charge+\",\"url\":\"https:\\\/\\\/chargeplus.totalenergies.com\\\/fr\\\/\",\"logo\":{\"@type\":\"ImageObject\",\"inLanguage\":\"fr-FR\",\"@id\":\"https:\\\/\\\/chargeplus.totalenergies.com\\\/fr\\\/#\\\/schema\\\/logo\\\/image\\\/\",\"url\":\"https:\\\/\\\/chargeplus.totalenergies.com\\\/wp-inside\\\/uploads\\\/2023\\\/07\\\/logo-borne-recharge.jpg\",\"contentUrl\":\"https:\\\/\\\/chargeplus.totalenergies.com\\\/wp-inside\\\/uploads\\\/2023\\\/07\\\/logo-borne-recharge.jpg\",\"width\":150,\"height\":150,\"caption\":\"Charge+\"},\"image\":{\"@id\":\"https:\\\/\\\/chargeplus.totalenergies.com\\\/fr\\\/#\\\/schema\\\/logo\\\/image\\\/\"}}]}<\/script>\n<!-- \/ Yoast SEO plugin. -->","yoast_head_json":{"title":"Recharge voiture \u00e9lectrique - comment l'optimiser ? | Charge+","description":"Vous venez d'acqu\u00e9rir un v\u00e9hicule tout \u00e9lectrique ou hybride ? D\u00e9couvrez les conseils Charge+ pour maximiser la recharge et les performances de votre batterie de fa\u00e7on \u00e0 profiter au mieux de votre voiture.","robots":{"index":"index","follow":"follow","max-snippet":"max-snippet:-1","max-image-preview":"max-image-preview:large","max-video-preview":"max-video-preview:-1"},"canonical":"https:\/\/chargeplus.totalenergies.com\/fr\/conseils-recharge-electrique\/","og_locale":"fr_FR","og_type":"article","og_title":"Recharge voiture \u00e9lectrique - comment l'optimiser ? | Charge+","og_description":"Vous venez d'acqu\u00e9rir un v\u00e9hicule tout \u00e9lectrique ou hybride ? D\u00e9couvrez les conseils Charge+ pour maximiser la recharge et les performances de votre batterie de fa\u00e7on \u00e0 profiter au mieux de votre voiture.","og_url":"https:\/\/chargeplus.totalenergies.com\/fr\/conseils-recharge-electrique\/","og_site_name":"Charge+","article_modified_time":"2024-03-06T15:42:12+00:00","og_image":[{"width":150,"height":150,"url":"https:\/\/chargeplus.totalenergies.com\/wp-inside\/uploads\/2025\/05\/blc_picto-recharge_bleu-e1750334318673.png","type":"image\/png"}],"twitter_card":"summary_large_image","schema":{"@context":"https:\/\/schema.org","@graph":[{"@type":"WebPage","@id":"https:\/\/chargeplus.totalenergies.com\/fr\/conseils-recharge-electrique\/","url":"https:\/\/chargeplus.totalenergies.com\/fr\/conseils-recharge-electrique\/","name":"Recharge voiture \u00e9lectrique - comment l'optimiser ?","isPartOf":{"@id":"https:\/\/chargeplus.totalenergies.com\/fr\/#website"},"datePublished":"2023-07-07T12:56:39+00:00","dateModified":"2024-03-06T15:42:12+00:00","description":"Vous venez d'acqu\u00e9rir un v\u00e9hicule tout \u00e9lectrique ou hybride ? D\u00e9couvrez les conseils Charge+ pour maximiser la recharge et les performances de votre batterie de fa\u00e7on \u00e0 profiter au mieux de votre voiture.","breadcrumb":{"@id":"https:\/\/chargeplus.totalenergies.com\/fr\/conseils-recharge-electrique\/#breadcrumb"},"inLanguage":"fr-FR","potentialAction":[{"@type":"ReadAction","target":["https:\/\/chargeplus.totalenergies.com\/fr\/conseils-recharge-electrique\/"]}]},{"@type":"BreadcrumbList","@id":"https:\/\/chargeplus.totalenergies.com\/fr\/conseils-recharge-electrique\/#breadcrumb","itemListElement":[{"@type":"ListItem","position":1,"name":"Accueil","item":"https:\/\/chargeplus.totalenergies.com\/fr\/"},{"@type":"ListItem","position":2,"name":"Voiture \u00e9lectrique&#160;: nos conseils sur la recharge"}]},{"@type":"WebSite","@id":"https:\/\/chargeplus.totalenergies.com\/fr\/#website","url":"https:\/\/chargeplus.totalenergies.com\/fr\/","name":"Charge+","description":"Voiture \u00e9lectrique : le guide pratique de la recharge","publisher":{"@id":"https:\/\/chargeplus.totalenergies.com\/fr\/#organization"},"potentialAction":[{"@type":"SearchAction","target":{"@type":"EntryPoint","urlTemplate":"https:\/\/chargeplus.totalenergies.com\/fr\/?s={search_term_string}"},"query-input":{"@type":"PropertyValueSpecification","valueRequired":true,"valueName":"search_term_string"}}],"inLanguage":"fr-FR"},{"@type":"Organization","@id":"https:\/\/chargeplus.totalenergies.com\/fr\/#organization","name":"Charge+","url":"https:\/\/chargeplus.totalenergies.com\/fr\/","logo":{"@type":"ImageObject","inLanguage":"fr-FR","@id":"https:\/\/chargeplus.totalenergies.com\/fr\/#\/schema\/logo\/image\/","url":"https:\/\/chargeplus.totalenergies.com\/wp-inside\/uploads\/2023\/07\/logo-borne-recharge.jpg","contentUrl":"https:\/\/chargeplus.totalenergies.com\/wp-inside\/uploads\/2023\/07\/logo-borne-recharge.jpg","width":150,"height":150,"caption":"Charge+"},"image":{"@id":"https:\/\/chargeplus.totalenergies.com\/fr\/#\/schema\/logo\/image\/"}}]}},"_links":{"self":[{"href":"https:\/\/chargeplus.totalenergies.com\/fr\/wp-json\/wp\/v2\/pages\/445","targetHints":{"allow":["GET"]}}],"collection":[{"href":"https:\/\/chargeplus.totalenergies.com\/fr\/wp-json\/wp\/v2\/pages"}],"about":[{"href":"https:\/\/chargeplus.totalenergies.com\/fr\/wp-json\/wp\/v2\/types\/page"}],"author":[{"embeddable":true,"href":"https:\/\/chargeplus.totalenergies.com\/fr\/wp-json\/wp\/v2\/users\/3"}],"replies":[{"embeddable":true,"href":"https:\/\/chargeplus.totalenergies.com\/fr\/wp-json\/wp\/v2\/comments?post=445"}],"version-history":[{"count":14,"href":"https:\/\/chargeplus.totalenergies.com\/fr\/wp-json\/wp\/v2\/pages\/445\/revisions"}],"predecessor-version":[{"id":1241,"href":"https:\/\/chargeplus.totalenergies.com\/fr\/wp-json\/wp\/v2\/pages\/445\/revisions\/1241"}],"wp:attachment":[{"href":"https:\/\/chargeplus.totalenergies.com\/fr\/wp-json\/wp\/v2\/media?parent=445"}],"curies":[{"name":"wp","href":"https:\/\/api.w.org\/{rel}","templated":true}]}}