{"id":456,"date":"2023-07-07T15:07:09","date_gmt":"2023-07-07T13:07:09","guid":{"rendered":"https:\/\/chargeplus.totalenergies.com\/?page_id=456"},"modified":"2023-10-18T14:43:21","modified_gmt":"2023-10-18T12:43:21","slug":"gestes-a-adopter-pour-reduire-sa-consommation","status":"publish","type":"page","link":"https:\/\/chargeplus.totalenergies.com\/fr\/conseils-recharge-electrique\/gestes-a-adopter-pour-reduire-sa-consommation\/","title":{"rendered":"Voiture \u00e9lectrique&#160;: les bons gestes \u00e0 adopter pour r\u00e9duire sa consommation"},"content":{"rendered":"<div class=\"wp-post-content\"><!-- zone:zn_pagebanner [0] --><br \/>\n\t\t<!-- \/zone:zn_pagebanner [0] --><br \/>\n<!-- zone:zn_text [1] --><\/p>\n<h2 style=\"text-align: center;\">Bien choisir son v\u00e9hicule<\/h2>\n<p style=\"text-align: center;\">Lorsqu\u2019il s\u2019agit de r\u00e9duire la consommation de sa voiture \u00e9lectrique, <a href=\"https:\/\/chargeplus.totalenergies.com\/fr\/marques-de-voitures\/\">bien choisir son v\u00e9hicule<\/a> est essentiel. Il est notamment important de s\u00e9lectionner un mod\u00e8le qui correspond \u00e0 ses besoins et \u00e0 sa conduite.<\/p>\n<p style=\"text-align: center;\">Parce que la consommation d\u2019\u00e9nergie varie en fonction du mod\u00e8le choisi, son poids, sa puissance ou encore son volume doivent \u00eatre soigneusement pris en compte. <strong>Opter pour un mod\u00e8le l\u00e9ger<\/strong> revient \u00e0 faire le choix d\u2019une voiture \u00e9lectrique \u00e9conomique.<\/p>\n<p style=\"text-align: center;\">Il est \u00e9galement important de <strong>tenir compte de ses habitudes de trajet<\/strong>, qu\u2019il s\u2019agisse de d\u00e9placements r\u00e9guliers longs ou courts, en ville ou sur autoroute.<\/p>\n<p>\t\t\t<!-- \/zone:zn_text [1] --><br \/>\n<!-- zone:zn_text [3] --><\/p>\n<h2 style=\"text-align: center;\">Adopter l\u2019\u00e9co-conduite<\/h2>\n<p style=\"text-align: center;\">Pour optimiser la consommation d\u2019une voiture \u00e9lectrique, l\u2019\u00e9co-conduite est une pratique incontournable. En <strong>conduisant de mani\u00e8re sobre<\/strong> et en adoptant des gestes \u00e9co-conscients, il est possible de pr\u00e9server la charge de la batterie et d\u2019accro\u00eetre son autonomie. Voici quelques astuces pour une conduite plus durable.<\/p>\n<p>\t\t\t<!-- \/zone:zn_text [3] --><br \/>\n<!-- zone:zn_text [4] --><\/p>\n<h3>Ma\u00eetriser sa vitesse<\/h3>\n<p>Contr\u00f4ler sa vitesse est un des \u00e9l\u00e9ments cl\u00e9 de l\u2019\u00e9co-conduite pour pr\u00e9server la batterie et l\u2019autonomie d\u2019une voiture \u00e9lectrique. <strong>Rouler \u00e0 une vitesse moins \u00e9lev\u00e9e<\/strong> r\u00e9duit la r\u00e9sistance \u00e0 l\u2019air et limite ainsi la consommation d\u2019\u00e9nergie. Cela est d\u2019autant plus important lors des longs d\u00e9placements, o\u00f9 <strong>maintenir une vitesse mod\u00e9r\u00e9e<\/strong> revient \u00e0 adopter une conduite plus \u00e9conome.<\/p>\n<h3>Appuyer sur l&rsquo;acc\u00e9l\u00e9rateur avec souplesse<\/h3>\n<p>Parce qu\u2019ils b\u00e9n\u00e9ficient d\u2019une puissance maximale \u00e0 chaque acc\u00e9l\u00e9ration, les v\u00e9hicules \u00e9lectriques offrent une meilleure reprise que leurs homologues thermiques. Pratiquer une conduite nerveuse et exercer une pression violente sur la p\u00e9dale d\u2019acc\u00e9l\u00e9ration est inutile et entra\u00eene une consommation \u00e9lev\u00e9e d\u2019\u00e9nergie. \u00c0 l\u2019inverse, <strong>conduire de mani\u00e8re souple et douce<\/strong> et <strong>ajuster son allure aux conditions de circulation<\/strong> permet d\u2019optimiser l\u2019efficacit\u00e9 \u00e9nerg\u00e9tique et d\u2019augmenter l\u2019autonomie des voitures \u00e9lectriques.<\/p>\n<h3>Utiliser le frein moteur<\/h3>\n<p>Plut\u00f4t que de recourir au frein manuel, il est pr\u00e9f\u00e9rable d\u2019<strong>anticiper les ralentissements<\/strong> et de laisser le frein moteur agir. En plus d\u2019\u00e9conomiser de l\u2019\u00e9nergie, cette technique permet de r\u00e9duire et de retarder l\u2019usure des plaquettes de frein.<\/p>\n<h3>Enclencher le mode \u00e9co<\/h3>\n<p>Mat\u00e9rialis\u00e9 sous la forme d\u2019un simple bouton, le mode \u00e9co est une fonctionnalit\u00e9 destin\u00e9e \u00e0 <strong>brider l\u00e9g\u00e8rement la puissance du moteur<\/strong> des voitures \u00e9lectriques. Une fois activ\u00e9, ce mode influence les diff\u00e9rents \u00e9quipements du v\u00e9hicule ainsi que la conduite elle-m\u00eame en ajustant automatiquement l\u2019acc\u00e9l\u00e9ration, la d\u00e9c\u00e9l\u00e9ration et la r\u00e9gulation de la vitesse.<\/p>\n<p>Particuli\u00e8rement adapt\u00e9 \u00e0 une utilisation en milieu urbain et lors des trajets du quotidien, le mode \u00e9co pr\u00e9serve la batterie et limite les allers-retours \u00e0 la borne de recharge.<\/p>\n<p><strong>\u00c0 lire aussi :<\/strong> <a href=\"https:\/\/chargeplus.totalenergies.com\/fr\/conseils-recharge-electrique\/quand-recharger-voiture-electrique\/\">Quand faut-il recharger une voiture \u00e9lectrique ?<\/a><\/p>\n<p>\t\t\t<!-- \/zone:zn_text [4] --><br \/>\n<!-- zone:zn_text_img [5] --><\/p>\n<h2>S\u2019\u00e9quiper de jantes et de pneus adapt\u00e9s<\/h2>\n<p>En contact constant avec la route, les pneus encaissent toutes les frictions et sont d\u00e9terminants dans le ralentissement des v\u00e9hicules, qu\u2019ils soient \u00e9lectriques ou thermiques. <strong>Opter pour des petites roues<\/strong> est une solution simple pour moins consommer, puisque <strong>leur faible largeur permet de r\u00e9duire la r\u00e9sistance au roulement.<\/strong><\/p>\n<p>\u00c0 l\u2019inverse, \u00e9quiper son v\u00e9hicule \u00e9lectrique de grandes jantes engendre automatiquement une hausse de la consommation et peut faire baisser l\u2019autonomie de la batterie de quelques pr\u00e9cieux kilom\u00e8tres.<\/p>\n<p><!-- \/zone:zn_text_img [5] --><br \/>\n<!-- zone:zn_text [6] --><\/p>\n<h2>Pratiquer le freinage r\u00e9g\u00e9n\u00e9ratif<\/h2>\n<p>Le freinage r\u00e9g\u00e9n\u00e9ratif est un avantage majeur des mod\u00e8les \u00e9lectriques par rapport aux <a href=\"https:\/\/chargeplus.totalenergies.com\/fr\/conseils-recharge-electrique\/achat-voiture-electrique-est-il-rentable\/\">v\u00e9hicules thermiques<\/a>. Il se caract\u00e9rise par une <strong>r\u00e9cup\u00e9ration d\u2019\u00e9nergie lors des phases de freinage et de d\u00e9c\u00e9l\u00e9ration<\/strong> pour alimenter la batterie. Ce syst\u00e8me est particuli\u00e8rement int\u00e9ressant et efficace dans les situations o\u00f9 la p\u00e9dale de frein est souvent sollicit\u00e9e, comme en ville ou dans les embouteillages.<\/p>\n<p>Lorsqu\u2019il n\u2019est pas mobilis\u00e9, le moteur se transforme en g\u00e9n\u00e9rateur et <strong>chaque ralentissement devient alors une opportunit\u00e9 pour recharger la batterie<\/strong>.<\/p>\n<h2>Contr\u00f4ler la climatisation et le chauffage<\/h2>\n<p>Comme l\u2019autoradio et les \u00e9crans tactiles, la climatisation et le chauffage sont des \u00e9quipements gourmands en \u00e9nergie, qui impactent fortement la consommation des voitures \u00e9lectriques. Parce qu\u2019ils n\u00e9cessitent moins d\u2019\u00e9nergie pour chauffer et refroidir, l<strong>es mod\u00e8les dot\u00e9s d\u2019une pompe \u00e0 chaleur sont les plus \u00e9conomiques<\/strong>.<\/p>\n<p>Quelques astuces peuvent cependant vous permettre de profiter d\u2019un habitacle \u00e0 bonne temp\u00e9rature sans pour autant vider la batterie :<br \/>\nbaisser la ventilation lorsque les si\u00e8ges et\/ou le volant chauffant sont en marche afin de limiter la perte de chaleur ;<br \/>\nanticiper le d\u00e9part en <strong>activant la climatisation ou le chauffage lorsque la voiture est branch\u00e9e<\/strong> pour \u00e9viter de puiser dans les r\u00e9serves de la batterie.<\/p>\n<p><b>\u00c0 lire aussi\u00a0:<\/b> <a href=\"https:\/\/chargeplus.totalenergies.com\/fr\/conseils-recharge-electrique\/comment-optimiser-duree-vie-batterie-voiture-electrique\/\"><span style=\"font-weight: 400;\">Comment optimiser la dur\u00e9e de vie de sa batterie\u00a0?<\/span><\/a><\/p>\n<p>\t\t\t<!-- \/zone:zn_text [6] -->\n<\/div>\n","protected":false},"excerpt":{"rendered":"<p>Pour \u00e9viter les arr\u00eats trop fr\u00e9quents aux bornes de recharge et \u00e9conomiser sa batterie, il est important de surveiller la consommation de sa voiture \u00e9lectrique.<\/p>\n","protected":false},"author":3,"featured_media":611,"parent":445,"menu_order":30,"comment_status":"closed","ping_status":"closed","template":"","meta":{"_acf_changed":false,"footnotes":""},"class_list":["post-456","page","type-page","status-publish","has-post-thumbnail","hentry","wp-sticky"],"acf":[],"yoast_head":"<!-- This site is optimized with the Yoast SEO plugin v27.4 - https:\/\/yoast.com\/product\/yoast-seo-wordpress\/ -->\n<title>Comment r\u00e9duire la consommation d&#039;une voiture \u00e9lectrique ? | Charge+<\/title>\n<meta name=\"description\" content=\"Les meilleures astuces Charge+ pour diminuer la consommation d&#039;une voiture \u00e9lectrique, pr\u00e9server sa batterie et adopter une conduite \u00e9conomique\" \/>\n<meta name=\"robots\" content=\"index, follow, max-snippet:-1, max-image-preview:large, max-video-preview:-1\" \/>\n<link rel=\"canonical\" href=\"https:\/\/chargeplus.totalenergies.com\/fr\/conseils-recharge-electrique\/gestes-a-adopter-pour-reduire-sa-consommation\/\" \/>\n<meta property=\"og:locale\" content=\"fr_FR\" \/>\n<meta property=\"og:type\" content=\"article\" \/>\n<meta property=\"og:title\" content=\"Comment r\u00e9duire la consommation d&#039;une voiture \u00e9lectrique ? | Charge+\" \/>\n<meta property=\"og:description\" content=\"Les meilleures astuces Charge+ pour diminuer la consommation d&#039;une voiture \u00e9lectrique, pr\u00e9server sa batterie et adopter une conduite \u00e9conomique\" \/>\n<meta property=\"og:url\" content=\"https:\/\/chargeplus.totalenergies.com\/fr\/conseils-recharge-electrique\/gestes-a-adopter-pour-reduire-sa-consommation\/\" \/>\n<meta property=\"og:site_name\" content=\"Charge+\" \/>\n<meta property=\"article:modified_time\" content=\"2023-10-18T12:43:21+00:00\" \/>\n<meta property=\"og:image\" content=\"https:\/\/chargeplus.totalenergies.com\/wp-inside\/uploads\/2023\/07\/recharge-voiture-electrique-guide-pratique.jpg\" \/>\n\t<meta property=\"og:image:width\" content=\"1500\" \/>\n\t<meta property=\"og:image:height\" content=\"1001\" \/>\n\t<meta property=\"og:image:type\" content=\"image\/jpeg\" \/>\n<meta name=\"twitter:card\" content=\"summary_large_image\" \/>\n<script type=\"application\/ld+json\" class=\"yoast-schema-graph\">{\"@context\":\"https:\\\/\\\/schema.org\",\"@graph\":[{\"@type\":\"WebPage\",\"@id\":\"https:\\\/\\\/chargeplus.totalenergies.com\\\/fr\\\/conseils-recharge-electrique\\\/gestes-a-adopter-pour-reduire-sa-consommation\\\/\",\"url\":\"https:\\\/\\\/chargeplus.totalenergies.com\\\/fr\\\/conseils-recharge-electrique\\\/gestes-a-adopter-pour-reduire-sa-consommation\\\/\",\"name\":\"Comment r\u00e9duire la consommation d'une voiture \u00e9lectrique ?\",\"isPartOf\":{\"@id\":\"https:\\\/\\\/chargeplus.totalenergies.com\\\/fr\\\/#website\"},\"primaryImageOfPage\":{\"@id\":\"https:\\\/\\\/chargeplus.totalenergies.com\\\/fr\\\/conseils-recharge-electrique\\\/gestes-a-adopter-pour-reduire-sa-consommation\\\/#primaryimage\"},\"image\":{\"@id\":\"https:\\\/\\\/chargeplus.totalenergies.com\\\/fr\\\/conseils-recharge-electrique\\\/gestes-a-adopter-pour-reduire-sa-consommation\\\/#primaryimage\"},\"thumbnailUrl\":\"https:\\\/\\\/chargeplus.totalenergies.com\\\/wp-inside\\\/uploads\\\/2023\\\/07\\\/recharge-voiture-electrique-guide-pratique.jpg\",\"datePublished\":\"2023-07-07T13:07:09+00:00\",\"dateModified\":\"2023-10-18T12:43:21+00:00\",\"description\":\"Les meilleures astuces Charge+ pour diminuer la consommation d'une voiture \u00e9lectrique, pr\u00e9server sa batterie et adopter une conduite \u00e9conomique\",\"breadcrumb\":{\"@id\":\"https:\\\/\\\/chargeplus.totalenergies.com\\\/fr\\\/conseils-recharge-electrique\\\/gestes-a-adopter-pour-reduire-sa-consommation\\\/#breadcrumb\"},\"inLanguage\":\"fr-FR\",\"potentialAction\":[{\"@type\":\"ReadAction\",\"target\":[\"https:\\\/\\\/chargeplus.totalenergies.com\\\/fr\\\/conseils-recharge-electrique\\\/gestes-a-adopter-pour-reduire-sa-consommation\\\/\"]}]},{\"@type\":\"ImageObject\",\"inLanguage\":\"fr-FR\",\"@id\":\"https:\\\/\\\/chargeplus.totalenergies.com\\\/fr\\\/conseils-recharge-electrique\\\/gestes-a-adopter-pour-reduire-sa-consommation\\\/#primaryimage\",\"url\":\"https:\\\/\\\/chargeplus.totalenergies.com\\\/wp-inside\\\/uploads\\\/2023\\\/07\\\/recharge-voiture-electrique-guide-pratique.jpg\",\"contentUrl\":\"https:\\\/\\\/chargeplus.totalenergies.com\\\/wp-inside\\\/uploads\\\/2023\\\/07\\\/recharge-voiture-electrique-guide-pratique.jpg\",\"width\":1500,\"height\":1001,\"caption\":\"Recharge voiture \u00e9lectrique, guide pratique\"},{\"@type\":\"BreadcrumbList\",\"@id\":\"https:\\\/\\\/chargeplus.totalenergies.com\\\/fr\\\/conseils-recharge-electrique\\\/gestes-a-adopter-pour-reduire-sa-consommation\\\/#breadcrumb\",\"itemListElement\":[{\"@type\":\"ListItem\",\"position\":1,\"name\":\"Accueil\",\"item\":\"https:\\\/\\\/chargeplus.totalenergies.com\\\/fr\\\/\"},{\"@type\":\"ListItem\",\"position\":2,\"name\":\"Voiture \u00e9lectrique&#160;: nos conseils sur la recharge\",\"item\":\"https:\\\/\\\/chargeplus.totalenergies.com\\\/fr\\\/conseils-recharge-electrique\\\/\"},{\"@type\":\"ListItem\",\"position\":3,\"name\":\"Voiture \u00e9lectrique&#160;: les bons gestes \u00e0 adopter pour r\u00e9duire sa consommation\"}]},{\"@type\":\"WebSite\",\"@id\":\"https:\\\/\\\/chargeplus.totalenergies.com\\\/fr\\\/#website\",\"url\":\"https:\\\/\\\/chargeplus.totalenergies.com\\\/fr\\\/\",\"name\":\"Charge+\",\"description\":\"Voiture \u00e9lectrique : le guide pratique de la recharge\",\"publisher\":{\"@id\":\"https:\\\/\\\/chargeplus.totalenergies.com\\\/fr\\\/#organization\"},\"potentialAction\":[{\"@type\":\"SearchAction\",\"target\":{\"@type\":\"EntryPoint\",\"urlTemplate\":\"https:\\\/\\\/chargeplus.totalenergies.com\\\/fr\\\/?s={search_term_string}\"},\"query-input\":{\"@type\":\"PropertyValueSpecification\",\"valueRequired\":true,\"valueName\":\"search_term_string\"}}],\"inLanguage\":\"fr-FR\"},{\"@type\":\"Organization\",\"@id\":\"https:\\\/\\\/chargeplus.totalenergies.com\\\/fr\\\/#organization\",\"name\":\"Charge+\",\"url\":\"https:\\\/\\\/chargeplus.totalenergies.com\\\/fr\\\/\",\"logo\":{\"@type\":\"ImageObject\",\"inLanguage\":\"fr-FR\",\"@id\":\"https:\\\/\\\/chargeplus.totalenergies.com\\\/fr\\\/#\\\/schema\\\/logo\\\/image\\\/\",\"url\":\"https:\\\/\\\/chargeplus.totalenergies.com\\\/wp-inside\\\/uploads\\\/2023\\\/07\\\/logo-borne-recharge.jpg\",\"contentUrl\":\"https:\\\/\\\/chargeplus.totalenergies.com\\\/wp-inside\\\/uploads\\\/2023\\\/07\\\/logo-borne-recharge.jpg\",\"width\":150,\"height\":150,\"caption\":\"Charge+\"},\"image\":{\"@id\":\"https:\\\/\\\/chargeplus.totalenergies.com\\\/fr\\\/#\\\/schema\\\/logo\\\/image\\\/\"}}]}<\/script>\n<!-- \/ Yoast SEO plugin. -->","yoast_head_json":{"title":"Comment r\u00e9duire la consommation d'une voiture \u00e9lectrique ? | Charge+","description":"Les meilleures astuces Charge+ pour diminuer la consommation d'une voiture \u00e9lectrique, pr\u00e9server sa batterie et adopter une conduite \u00e9conomique","robots":{"index":"index","follow":"follow","max-snippet":"max-snippet:-1","max-image-preview":"max-image-preview:large","max-video-preview":"max-video-preview:-1"},"canonical":"https:\/\/chargeplus.totalenergies.com\/fr\/conseils-recharge-electrique\/gestes-a-adopter-pour-reduire-sa-consommation\/","og_locale":"fr_FR","og_type":"article","og_title":"Comment r\u00e9duire la consommation d'une voiture \u00e9lectrique ? | Charge+","og_description":"Les meilleures astuces Charge+ pour diminuer la consommation d'une voiture \u00e9lectrique, pr\u00e9server sa batterie et adopter une conduite \u00e9conomique","og_url":"https:\/\/chargeplus.totalenergies.com\/fr\/conseils-recharge-electrique\/gestes-a-adopter-pour-reduire-sa-consommation\/","og_site_name":"Charge+","article_modified_time":"2023-10-18T12:43:21+00:00","og_image":[{"width":1500,"height":1001,"url":"https:\/\/chargeplus.totalenergies.com\/wp-inside\/uploads\/2023\/07\/recharge-voiture-electrique-guide-pratique.jpg","type":"image\/jpeg"}],"twitter_card":"summary_large_image","schema":{"@context":"https:\/\/schema.org","@graph":[{"@type":"WebPage","@id":"https:\/\/chargeplus.totalenergies.com\/fr\/conseils-recharge-electrique\/gestes-a-adopter-pour-reduire-sa-consommation\/","url":"https:\/\/chargeplus.totalenergies.com\/fr\/conseils-recharge-electrique\/gestes-a-adopter-pour-reduire-sa-consommation\/","name":"Comment r\u00e9duire la consommation d'une voiture \u00e9lectrique ?","isPartOf":{"@id":"https:\/\/chargeplus.totalenergies.com\/fr\/#website"},"primaryImageOfPage":{"@id":"https:\/\/chargeplus.totalenergies.com\/fr\/conseils-recharge-electrique\/gestes-a-adopter-pour-reduire-sa-consommation\/#primaryimage"},"image":{"@id":"https:\/\/chargeplus.totalenergies.com\/fr\/conseils-recharge-electrique\/gestes-a-adopter-pour-reduire-sa-consommation\/#primaryimage"},"thumbnailUrl":"https:\/\/chargeplus.totalenergies.com\/wp-inside\/uploads\/2023\/07\/recharge-voiture-electrique-guide-pratique.jpg","datePublished":"2023-07-07T13:07:09+00:00","dateModified":"2023-10-18T12:43:21+00:00","description":"Les meilleures astuces Charge+ pour diminuer la consommation d'une voiture \u00e9lectrique, pr\u00e9server sa batterie et adopter une conduite \u00e9conomique","breadcrumb":{"@id":"https:\/\/chargeplus.totalenergies.com\/fr\/conseils-recharge-electrique\/gestes-a-adopter-pour-reduire-sa-consommation\/#breadcrumb"},"inLanguage":"fr-FR","potentialAction":[{"@type":"ReadAction","target":["https:\/\/chargeplus.totalenergies.com\/fr\/conseils-recharge-electrique\/gestes-a-adopter-pour-reduire-sa-consommation\/"]}]},{"@type":"ImageObject","inLanguage":"fr-FR","@id":"https:\/\/chargeplus.totalenergies.com\/fr\/conseils-recharge-electrique\/gestes-a-adopter-pour-reduire-sa-consommation\/#primaryimage","url":"https:\/\/chargeplus.totalenergies.com\/wp-inside\/uploads\/2023\/07\/recharge-voiture-electrique-guide-pratique.jpg","contentUrl":"https:\/\/chargeplus.totalenergies.com\/wp-inside\/uploads\/2023\/07\/recharge-voiture-electrique-guide-pratique.jpg","width":1500,"height":1001,"caption":"Recharge voiture \u00e9lectrique, guide pratique"},{"@type":"BreadcrumbList","@id":"https:\/\/chargeplus.totalenergies.com\/fr\/conseils-recharge-electrique\/gestes-a-adopter-pour-reduire-sa-consommation\/#breadcrumb","itemListElement":[{"@type":"ListItem","position":1,"name":"Accueil","item":"https:\/\/chargeplus.totalenergies.com\/fr\/"},{"@type":"ListItem","position":2,"name":"Voiture \u00e9lectrique&#160;: nos conseils sur la recharge","item":"https:\/\/chargeplus.totalenergies.com\/fr\/conseils-recharge-electrique\/"},{"@type":"ListItem","position":3,"name":"Voiture \u00e9lectrique&#160;: les bons gestes \u00e0 adopter pour r\u00e9duire sa consommation"}]},{"@type":"WebSite","@id":"https:\/\/chargeplus.totalenergies.com\/fr\/#website","url":"https:\/\/chargeplus.totalenergies.com\/fr\/","name":"Charge+","description":"Voiture \u00e9lectrique : le guide pratique de la recharge","publisher":{"@id":"https:\/\/chargeplus.totalenergies.com\/fr\/#organization"},"potentialAction":[{"@type":"SearchAction","target":{"@type":"EntryPoint","urlTemplate":"https:\/\/chargeplus.totalenergies.com\/fr\/?s={search_term_string}"},"query-input":{"@type":"PropertyValueSpecification","valueRequired":true,"valueName":"search_term_string"}}],"inLanguage":"fr-FR"},{"@type":"Organization","@id":"https:\/\/chargeplus.totalenergies.com\/fr\/#organization","name":"Charge+","url":"https:\/\/chargeplus.totalenergies.com\/fr\/","logo":{"@type":"ImageObject","inLanguage":"fr-FR","@id":"https:\/\/chargeplus.totalenergies.com\/fr\/#\/schema\/logo\/image\/","url":"https:\/\/chargeplus.totalenergies.com\/wp-inside\/uploads\/2023\/07\/logo-borne-recharge.jpg","contentUrl":"https:\/\/chargeplus.totalenergies.com\/wp-inside\/uploads\/2023\/07\/logo-borne-recharge.jpg","width":150,"height":150,"caption":"Charge+"},"image":{"@id":"https:\/\/chargeplus.totalenergies.com\/fr\/#\/schema\/logo\/image\/"}}]}},"_links":{"self":[{"href":"https:\/\/chargeplus.totalenergies.com\/fr\/wp-json\/wp\/v2\/pages\/456","targetHints":{"allow":["GET"]}}],"collection":[{"href":"https:\/\/chargeplus.totalenergies.com\/fr\/wp-json\/wp\/v2\/pages"}],"about":[{"href":"https:\/\/chargeplus.totalenergies.com\/fr\/wp-json\/wp\/v2\/types\/page"}],"author":[{"embeddable":true,"href":"https:\/\/chargeplus.totalenergies.com\/fr\/wp-json\/wp\/v2\/users\/3"}],"replies":[{"embeddable":true,"href":"https:\/\/chargeplus.totalenergies.com\/fr\/wp-json\/wp\/v2\/comments?post=456"}],"version-history":[{"count":25,"href":"https:\/\/chargeplus.totalenergies.com\/fr\/wp-json\/wp\/v2\/pages\/456\/revisions"}],"predecessor-version":[{"id":2297,"href":"https:\/\/chargeplus.totalenergies.com\/fr\/wp-json\/wp\/v2\/pages\/456\/revisions\/2297"}],"up":[{"embeddable":true,"href":"https:\/\/chargeplus.totalenergies.com\/fr\/wp-json\/wp\/v2\/pages\/445"}],"wp:featuredmedia":[{"embeddable":true,"href":"https:\/\/chargeplus.totalenergies.com\/fr\/wp-json\/wp\/v2\/media\/611"}],"wp:attachment":[{"href":"https:\/\/chargeplus.totalenergies.com\/fr\/wp-json\/wp\/v2\/media?parent=456"}],"curies":[{"name":"wp","href":"https:\/\/api.w.org\/{rel}","templated":true}]}}