{"id":464,"date":"2023-07-07T15:18:54","date_gmt":"2023-07-07T13:18:54","guid":{"rendered":"https:\/\/chargeplus.totalenergies.com\/?page_id=464"},"modified":"2025-05-26T11:59:44","modified_gmt":"2025-05-26T09:59:44","slug":"reseau-de-bornes","status":"publish","type":"page","link":"https:\/\/chargeplus.totalenergies.com\/fr\/trouver-borne-recharge\/reseau-de-bornes\/","title":{"rendered":"Voiture \u00e9lectrique&#160;: le r\u00e9seau de bornes"},"content":{"rendered":"<div class=\"wp-post-content\"><!-- zone:zn_pagebanner [0] --><br \/>\n\t\t<!-- \/zone:zn_pagebanner [0] --><br \/>\n<!-- zone:zn_text [1] --><\/p>\n<h2>Qu&rsquo;est-ce qu&rsquo;un r\u00e9seau de bornes ?<\/h2>\n<p style=\"text-align: center;\">Un r\u00e9seau de bornes \u00e9lectriques est un <strong>syst\u00e8me interconnect\u00e9 de stations de recharge<\/strong> pour voitures \u00e9lectriques. Ces infrastructures, essentielles pour soutenir la croissance de la mobilit\u00e9 \u00e9lectrique, permettent aux conducteurs de v\u00e9hicules \u00e9lectriques et hybrides rechargeables de<a href=\"https:\/\/chargeplus.totalenergies.com\/fr\/trouver-borne-recharge\/\"> trouver facilement des bornes de recharge<\/a>.<\/p>\n<p style=\"text-align: center;\">En milieu urbain, en zone rurale ou sur les autoroutes, ces r\u00e9seaux sont g\u00e9r\u00e9s par des op\u00e9rateurs qui veillent \u00e0 l\u2019installation, \u00e0 la maintenance et \u00e0 la gestion des bornes. L\u2019objectif : mettre \u00e0 disposition des <strong>bornes de recharge pour voiture \u00e9lectrique fiables et fonctionnelles<\/strong> afin de faciliter le passage \u00e0 l\u2019\u00e9co-mobilit\u00e9.<\/p>\n<p>\t\t\t<!-- \/zone:zn_text [1] --><br \/>\n<!-- zone:zn_text [2] --><\/p>\n<p><iframe loading=\"lazy\" class=\"map-te\" style=\"border: 0;\" src=\" https:\/\/chargeplus.totalenergies.com\/map_chargeplus.html\" width=\"600\" height=\"450\" allowfullscreen=\"allowfullscreen\"><\/iframe><\/p>\n<p>\t\t\t<!-- \/zone:zn_text [2] --><br \/>\n<!-- zone:zn_text [4] --><\/p>\n<h2>Les diff\u00e9rents r\u00e9seaux de bornes de recharge<\/h2>\n<p style=\"text-align: center;\">Les diff\u00e9rents r\u00e9seaux de recharge pour voitures \u00e9lectriques sont des maillons essentiels dans le <strong>d\u00e9veloppement de l\u2019\u00e9lectromobilit\u00e9<\/strong> et permettent d\u2019effacer les fronti\u00e8res entre les pays. Accessibles de mani\u00e8re gratuite ou sur pr\u00e9sentation d\u2019une carte d\u2019acc\u00e8s, ces r\u00e9seaux de bornes \u00e9lectriques sont disponibles dans toute l\u2019Europe.<\/p>\n<p style=\"text-align: center;\">Chaque r\u00e9seau est g\u00e9r\u00e9 par un op\u00e9rateur sp\u00e9cifique et propose ses propres caract\u00e9ristiques et services. Voici quelques exemples d\u2019op\u00e9rateurs :<\/p>\n<p>\t\t\t<!-- \/zone:zn_text [4] --><br \/>\n<!-- zone:zn_text_img [5] --><\/p>\n<p>En plus d\u2019\u00eatre un acteur majeur dans le secteur de l\u2019\u00e9nergie, TotalEnergies d\u00e9ploie des bornes de recharge rapides dans ses stations-services. Sur autoroute et en dehors, ce r\u00e9seau de bornes \u00e9lectriques cr\u00e9e <strong>un maillage dense et une tr\u00e8s bonne couverture de tout le territoire.<\/strong><\/p>\n<p>Le r\u00e9seau de bornes Ionity a vu le jour gr\u00e2ce au rassemblement de plusieurs constructeurs automobiles (BMW, Mercedes-Benz, Ford, Audi, Porsche). Ces stations de recharge ultra-rapides pour voitures \u00e9lectriques se d\u00e9ploient le long des principaux axes autoroutiers europ\u00e9ens. L\u2019exp\u00e9rience de recharge y est simplifi\u00e9e gr\u00e2ce \u00e0 des <strong>bornes compatibles avec un large \u00e9ventail de v\u00e9hicules \u00e9lectriques<\/strong>. Ionity a pour ambition de d\u00e9velopper un r\u00e9seau de bornes haute puissance ouvert \u00e0 tous afin de faciliter les d\u00e9placements sur les longues distances.<\/p>\n<p><!-- \/zone:zn_text_img [5] --><br \/>\n<!-- zone:zn_text_img [6] --><\/p>\n<p>Le r\u00e9seau de bornes Lidl est une initiative mise en place par le discounter allemand afin de permettre \u00e0 ses clients de <strong>recharger leur v\u00e9hicule pendant qu\u2019ils font leurs courses<\/strong>. Dans toute l\u2019Europe, les parkings de l\u2019enseigne s\u2019\u00e9quipent d\u00e9sormais de stations de recharge pour voitures \u00e9lectriques.<\/p>\n<p>La soci\u00e9t\u00e9 am\u00e9ricaine Tesla a mis en place un vaste r\u00e9seau de superchargeurs. Ces stations de recharge rapide sont positionn\u00e9es strat\u00e9giquement le long des autoroutes principales et \u00e9taient <strong>auparavant exclusivement destin\u00e9es aux v\u00e9hicules de la marque<\/strong>. <strong>Depuis novembre 2021, Tesla a \u00e9tendu l&rsquo;acc\u00e8s \u00e0 son r\u00e9seau de superchargeurs aux conducteurs de v\u00e9hicules non-Tesla<\/strong> en Europe.<\/p>\n<p><!-- \/zone:zn_text_img [6] --><br \/>\n<!-- zone:zn_text [7] --><\/p>\n<p style=\"text-align: center;\"><span style=\"font-weight: 400;\">Les r\u00e9seaux de borne de recharge rendent les trajets des utilisateurs de voitures \u00e9lectriques et hybrides rechargeables toujours plus simples en offrant des <\/span><b>solutions de recharge pratiques, fiables et performantes<\/b><span style=\"font-weight: 400;\">.<\/span><\/p>\n<p>\t\t\t<!-- \/zone:zn_text [7] -->\n<\/div>\n","protected":false},"excerpt":{"rendered":"<p>Afin de faciliter la mobilit\u00e9 \u00e9lectrique, des r\u00e9seaux se forment pour offrir une infrastructure de recharge organis\u00e9e, \u00e9tendue et accessible.<\/p>\n","protected":false},"author":3,"featured_media":625,"parent":536,"menu_order":5,"comment_status":"closed","ping_status":"closed","template":"","meta":{"_acf_changed":false,"footnotes":""},"class_list":["post-464","page","type-page","status-publish","has-post-thumbnail","hentry","wp-sticky"],"acf":[],"yoast_head":"<!-- This site is optimized with the Yoast SEO plugin v27.5 - https:\/\/yoast.com\/product\/yoast-seo-wordpress\/ -->\n<title>Quels sont les diff\u00e9rents r\u00e9seaux de bornes de recharge ? | Charge+<\/title>\n<meta name=\"description\" content=\"Tesla, Ionity, Lidl ou encore TotalEnergies : d\u00e9couvrez les acteurs qui d\u00e9veloppent des r\u00e9seaux de recharge rapide pour voiture \u00e9lectrique et hybride.\" \/>\n<meta name=\"robots\" content=\"index, follow, max-snippet:-1, max-image-preview:large, max-video-preview:-1\" \/>\n<link rel=\"canonical\" href=\"https:\/\/chargeplus.totalenergies.com\/fr\/trouver-borne-recharge\/reseau-de-bornes\/\" \/>\n<meta property=\"og:locale\" content=\"fr_FR\" \/>\n<meta property=\"og:type\" content=\"article\" \/>\n<meta property=\"og:title\" content=\"Quels sont les diff\u00e9rents r\u00e9seaux de bornes de recharge ? | Charge+\" \/>\n<meta property=\"og:description\" content=\"Tesla, Ionity, Lidl ou encore TotalEnergies : d\u00e9couvrez les acteurs qui d\u00e9veloppent des r\u00e9seaux de recharge rapide pour voiture \u00e9lectrique et hybride.\" \/>\n<meta property=\"og:url\" content=\"https:\/\/chargeplus.totalenergies.com\/fr\/trouver-borne-recharge\/reseau-de-bornes\/\" \/>\n<meta property=\"og:site_name\" content=\"Charge+\" \/>\n<meta property=\"article:modified_time\" content=\"2025-05-26T09:59:44+00:00\" \/>\n<meta property=\"og:image\" content=\"https:\/\/chargeplus.totalenergies.com\/wp-inside\/uploads\/2023\/07\/reseau-bornes-parking-voiture-electrique.jpg\" \/>\n\t<meta property=\"og:image:width\" content=\"1500\" \/>\n\t<meta property=\"og:image:height\" content=\"1000\" \/>\n\t<meta property=\"og:image:type\" content=\"image\/jpeg\" \/>\n<meta name=\"twitter:card\" content=\"summary_large_image\" \/>\n<script type=\"application\/ld+json\" class=\"yoast-schema-graph\">{\"@context\":\"https:\\\/\\\/schema.org\",\"@graph\":[{\"@type\":\"WebPage\",\"@id\":\"https:\\\/\\\/chargeplus.totalenergies.com\\\/fr\\\/trouver-borne-recharge\\\/reseau-de-bornes\\\/\",\"url\":\"https:\\\/\\\/chargeplus.totalenergies.com\\\/fr\\\/trouver-borne-recharge\\\/reseau-de-bornes\\\/\",\"name\":\"Quels sont les diff\u00e9rents r\u00e9seaux de bornes de recharge ?\",\"isPartOf\":{\"@id\":\"https:\\\/\\\/chargeplus.totalenergies.com\\\/fr\\\/#website\"},\"primaryImageOfPage\":{\"@id\":\"https:\\\/\\\/chargeplus.totalenergies.com\\\/fr\\\/trouver-borne-recharge\\\/reseau-de-bornes\\\/#primaryimage\"},\"image\":{\"@id\":\"https:\\\/\\\/chargeplus.totalenergies.com\\\/fr\\\/trouver-borne-recharge\\\/reseau-de-bornes\\\/#primaryimage\"},\"thumbnailUrl\":\"https:\\\/\\\/chargeplus.totalenergies.com\\\/wp-inside\\\/uploads\\\/2023\\\/07\\\/reseau-bornes-parking-voiture-electrique.jpg\",\"datePublished\":\"2023-07-07T13:18:54+00:00\",\"dateModified\":\"2025-05-26T09:59:44+00:00\",\"description\":\"Tesla, Ionity, Lidl ou encore TotalEnergies : d\u00e9couvrez les acteurs qui d\u00e9veloppent des r\u00e9seaux de recharge rapide pour voiture \u00e9lectrique et hybride.\",\"breadcrumb\":{\"@id\":\"https:\\\/\\\/chargeplus.totalenergies.com\\\/fr\\\/trouver-borne-recharge\\\/reseau-de-bornes\\\/#breadcrumb\"},\"inLanguage\":\"fr-FR\",\"potentialAction\":[{\"@type\":\"ReadAction\",\"target\":[\"https:\\\/\\\/chargeplus.totalenergies.com\\\/fr\\\/trouver-borne-recharge\\\/reseau-de-bornes\\\/\"]}]},{\"@type\":\"ImageObject\",\"inLanguage\":\"fr-FR\",\"@id\":\"https:\\\/\\\/chargeplus.totalenergies.com\\\/fr\\\/trouver-borne-recharge\\\/reseau-de-bornes\\\/#primaryimage\",\"url\":\"https:\\\/\\\/chargeplus.totalenergies.com\\\/wp-inside\\\/uploads\\\/2023\\\/07\\\/reseau-bornes-parking-voiture-electrique.jpg\",\"contentUrl\":\"https:\\\/\\\/chargeplus.totalenergies.com\\\/wp-inside\\\/uploads\\\/2023\\\/07\\\/reseau-bornes-parking-voiture-electrique.jpg\",\"width\":1500,\"height\":1000,\"caption\":\"R\u00e9seau de bornes des voitures \u00e9lectriques\"},{\"@type\":\"BreadcrumbList\",\"@id\":\"https:\\\/\\\/chargeplus.totalenergies.com\\\/fr\\\/trouver-borne-recharge\\\/reseau-de-bornes\\\/#breadcrumb\",\"itemListElement\":[{\"@type\":\"ListItem\",\"position\":1,\"name\":\"Accueil\",\"item\":\"https:\\\/\\\/chargeplus.totalenergies.com\\\/fr\\\/\"},{\"@type\":\"ListItem\",\"position\":2,\"name\":\"Voiture \u00e9lectrique&#160;: o\u00f9 trouver une borne de recharge&#160;?\",\"item\":\"https:\\\/\\\/chargeplus.totalenergies.com\\\/fr\\\/trouver-borne-recharge\\\/\"},{\"@type\":\"ListItem\",\"position\":3,\"name\":\"Voiture \u00e9lectrique&#160;: le r\u00e9seau de bornes\"}]},{\"@type\":\"WebSite\",\"@id\":\"https:\\\/\\\/chargeplus.totalenergies.com\\\/fr\\\/#website\",\"url\":\"https:\\\/\\\/chargeplus.totalenergies.com\\\/fr\\\/\",\"name\":\"Charge+\",\"description\":\"Voiture \u00e9lectrique : le guide pratique de la recharge\",\"publisher\":{\"@id\":\"https:\\\/\\\/chargeplus.totalenergies.com\\\/fr\\\/#organization\"},\"potentialAction\":[{\"@type\":\"SearchAction\",\"target\":{\"@type\":\"EntryPoint\",\"urlTemplate\":\"https:\\\/\\\/chargeplus.totalenergies.com\\\/fr\\\/?s={search_term_string}\"},\"query-input\":{\"@type\":\"PropertyValueSpecification\",\"valueRequired\":true,\"valueName\":\"search_term_string\"}}],\"inLanguage\":\"fr-FR\"},{\"@type\":\"Organization\",\"@id\":\"https:\\\/\\\/chargeplus.totalenergies.com\\\/fr\\\/#organization\",\"name\":\"Charge+\",\"url\":\"https:\\\/\\\/chargeplus.totalenergies.com\\\/fr\\\/\",\"logo\":{\"@type\":\"ImageObject\",\"inLanguage\":\"fr-FR\",\"@id\":\"https:\\\/\\\/chargeplus.totalenergies.com\\\/fr\\\/#\\\/schema\\\/logo\\\/image\\\/\",\"url\":\"https:\\\/\\\/chargeplus.totalenergies.com\\\/wp-inside\\\/uploads\\\/2023\\\/07\\\/logo-borne-recharge.jpg\",\"contentUrl\":\"https:\\\/\\\/chargeplus.totalenergies.com\\\/wp-inside\\\/uploads\\\/2023\\\/07\\\/logo-borne-recharge.jpg\",\"width\":150,\"height\":150,\"caption\":\"Charge+\"},\"image\":{\"@id\":\"https:\\\/\\\/chargeplus.totalenergies.com\\\/fr\\\/#\\\/schema\\\/logo\\\/image\\\/\"}}]}<\/script>\n<!-- \/ Yoast SEO plugin. -->","yoast_head_json":{"title":"Quels sont les diff\u00e9rents r\u00e9seaux de bornes de recharge ? | Charge+","description":"Tesla, Ionity, Lidl ou encore TotalEnergies : d\u00e9couvrez les acteurs qui d\u00e9veloppent des r\u00e9seaux de recharge rapide pour voiture \u00e9lectrique et hybride.","robots":{"index":"index","follow":"follow","max-snippet":"max-snippet:-1","max-image-preview":"max-image-preview:large","max-video-preview":"max-video-preview:-1"},"canonical":"https:\/\/chargeplus.totalenergies.com\/fr\/trouver-borne-recharge\/reseau-de-bornes\/","og_locale":"fr_FR","og_type":"article","og_title":"Quels sont les diff\u00e9rents r\u00e9seaux de bornes de recharge ? | Charge+","og_description":"Tesla, Ionity, Lidl ou encore TotalEnergies : d\u00e9couvrez les acteurs qui d\u00e9veloppent des r\u00e9seaux de recharge rapide pour voiture \u00e9lectrique et hybride.","og_url":"https:\/\/chargeplus.totalenergies.com\/fr\/trouver-borne-recharge\/reseau-de-bornes\/","og_site_name":"Charge+","article_modified_time":"2025-05-26T09:59:44+00:00","og_image":[{"width":1500,"height":1000,"url":"https:\/\/chargeplus.totalenergies.com\/wp-inside\/uploads\/2023\/07\/reseau-bornes-parking-voiture-electrique.jpg","type":"image\/jpeg"}],"twitter_card":"summary_large_image","schema":{"@context":"https:\/\/schema.org","@graph":[{"@type":"WebPage","@id":"https:\/\/chargeplus.totalenergies.com\/fr\/trouver-borne-recharge\/reseau-de-bornes\/","url":"https:\/\/chargeplus.totalenergies.com\/fr\/trouver-borne-recharge\/reseau-de-bornes\/","name":"Quels sont les diff\u00e9rents r\u00e9seaux de bornes de recharge ?","isPartOf":{"@id":"https:\/\/chargeplus.totalenergies.com\/fr\/#website"},"primaryImageOfPage":{"@id":"https:\/\/chargeplus.totalenergies.com\/fr\/trouver-borne-recharge\/reseau-de-bornes\/#primaryimage"},"image":{"@id":"https:\/\/chargeplus.totalenergies.com\/fr\/trouver-borne-recharge\/reseau-de-bornes\/#primaryimage"},"thumbnailUrl":"https:\/\/chargeplus.totalenergies.com\/wp-inside\/uploads\/2023\/07\/reseau-bornes-parking-voiture-electrique.jpg","datePublished":"2023-07-07T13:18:54+00:00","dateModified":"2025-05-26T09:59:44+00:00","description":"Tesla, Ionity, Lidl ou encore TotalEnergies : d\u00e9couvrez les acteurs qui d\u00e9veloppent des r\u00e9seaux de recharge rapide pour voiture \u00e9lectrique et hybride.","breadcrumb":{"@id":"https:\/\/chargeplus.totalenergies.com\/fr\/trouver-borne-recharge\/reseau-de-bornes\/#breadcrumb"},"inLanguage":"fr-FR","potentialAction":[{"@type":"ReadAction","target":["https:\/\/chargeplus.totalenergies.com\/fr\/trouver-borne-recharge\/reseau-de-bornes\/"]}]},{"@type":"ImageObject","inLanguage":"fr-FR","@id":"https:\/\/chargeplus.totalenergies.com\/fr\/trouver-borne-recharge\/reseau-de-bornes\/#primaryimage","url":"https:\/\/chargeplus.totalenergies.com\/wp-inside\/uploads\/2023\/07\/reseau-bornes-parking-voiture-electrique.jpg","contentUrl":"https:\/\/chargeplus.totalenergies.com\/wp-inside\/uploads\/2023\/07\/reseau-bornes-parking-voiture-electrique.jpg","width":1500,"height":1000,"caption":"R\u00e9seau de bornes des voitures \u00e9lectriques"},{"@type":"BreadcrumbList","@id":"https:\/\/chargeplus.totalenergies.com\/fr\/trouver-borne-recharge\/reseau-de-bornes\/#breadcrumb","itemListElement":[{"@type":"ListItem","position":1,"name":"Accueil","item":"https:\/\/chargeplus.totalenergies.com\/fr\/"},{"@type":"ListItem","position":2,"name":"Voiture \u00e9lectrique&#160;: o\u00f9 trouver une borne de recharge&#160;?","item":"https:\/\/chargeplus.totalenergies.com\/fr\/trouver-borne-recharge\/"},{"@type":"ListItem","position":3,"name":"Voiture \u00e9lectrique&#160;: le r\u00e9seau de bornes"}]},{"@type":"WebSite","@id":"https:\/\/chargeplus.totalenergies.com\/fr\/#website","url":"https:\/\/chargeplus.totalenergies.com\/fr\/","name":"Charge+","description":"Voiture \u00e9lectrique : le guide pratique de la recharge","publisher":{"@id":"https:\/\/chargeplus.totalenergies.com\/fr\/#organization"},"potentialAction":[{"@type":"SearchAction","target":{"@type":"EntryPoint","urlTemplate":"https:\/\/chargeplus.totalenergies.com\/fr\/?s={search_term_string}"},"query-input":{"@type":"PropertyValueSpecification","valueRequired":true,"valueName":"search_term_string"}}],"inLanguage":"fr-FR"},{"@type":"Organization","@id":"https:\/\/chargeplus.totalenergies.com\/fr\/#organization","name":"Charge+","url":"https:\/\/chargeplus.totalenergies.com\/fr\/","logo":{"@type":"ImageObject","inLanguage":"fr-FR","@id":"https:\/\/chargeplus.totalenergies.com\/fr\/#\/schema\/logo\/image\/","url":"https:\/\/chargeplus.totalenergies.com\/wp-inside\/uploads\/2023\/07\/logo-borne-recharge.jpg","contentUrl":"https:\/\/chargeplus.totalenergies.com\/wp-inside\/uploads\/2023\/07\/logo-borne-recharge.jpg","width":150,"height":150,"caption":"Charge+"},"image":{"@id":"https:\/\/chargeplus.totalenergies.com\/fr\/#\/schema\/logo\/image\/"}}]}},"_links":{"self":[{"href":"https:\/\/chargeplus.totalenergies.com\/fr\/wp-json\/wp\/v2\/pages\/464","targetHints":{"allow":["GET"]}}],"collection":[{"href":"https:\/\/chargeplus.totalenergies.com\/fr\/wp-json\/wp\/v2\/pages"}],"about":[{"href":"https:\/\/chargeplus.totalenergies.com\/fr\/wp-json\/wp\/v2\/types\/page"}],"author":[{"embeddable":true,"href":"https:\/\/chargeplus.totalenergies.com\/fr\/wp-json\/wp\/v2\/users\/3"}],"replies":[{"embeddable":true,"href":"https:\/\/chargeplus.totalenergies.com\/fr\/wp-json\/wp\/v2\/comments?post=464"}],"version-history":[{"count":41,"href":"https:\/\/chargeplus.totalenergies.com\/fr\/wp-json\/wp\/v2\/pages\/464\/revisions"}],"predecessor-version":[{"id":4086,"href":"https:\/\/chargeplus.totalenergies.com\/fr\/wp-json\/wp\/v2\/pages\/464\/revisions\/4086"}],"up":[{"embeddable":true,"href":"https:\/\/chargeplus.totalenergies.com\/fr\/wp-json\/wp\/v2\/pages\/536"}],"wp:featuredmedia":[{"embeddable":true,"href":"https:\/\/chargeplus.totalenergies.com\/fr\/wp-json\/wp\/v2\/media\/625"}],"wp:attachment":[{"href":"https:\/\/chargeplus.totalenergies.com\/fr\/wp-json\/wp\/v2\/media?parent=464"}],"curies":[{"name":"wp","href":"https:\/\/api.w.org\/{rel}","templated":true}]}}