{"id":4755,"date":"2026-01-27T14:26:54","date_gmt":"2026-01-27T13:26:54","guid":{"rendered":"https:\/\/chargeplus.totalenergies.com\/?page_id=4755"},"modified":"2026-04-27T15:02:16","modified_gmt":"2026-04-27T13:02:16","slug":"optionzen","status":"publish","type":"page","link":"https:\/\/chargeplus.totalenergies.com\/fr\/optionzen\/","title":{"rendered":"Option Zen"},"content":{"rendered":"<div class=\"wp-post-content\"><!-- zone:zn_pagebanner [0] --><br \/>\n\t\t<!-- \/zone:zn_pagebanner [0] --><br \/>\n<!-- zone:zn_text_img [2] --><\/p>\n<h2>Avec l\u2019option Zen, votre pause caf\u00e9 est offerte**<\/h2>\n<p><strong>Pour toute recharge sup\u00e9rieure \u00e0 20kWh, 2\u20ac de boisson chaude vous sont offerts**.<\/strong><\/p>\n<p><strong>Comment en b\u00e9n\u00e9ficier ?<\/strong><\/p>\n<ol role=\"list\">\n<li>Avoir activ\u00e9 l\u2019option ZEN<\/li>\n<li>Avoir une carte Club active<\/li>\n<li>Effectuer une recharge d\u2019au moins 20 kWh en station TotalEnergies<sup>(1)<\/sup> (hors partenaires)<\/li>\n<\/ol>\n<p>Pendant votre recharge, pr\u00e9sentez vous en boutique pour r\u00e9cup\u00e9rer votre boisson chaude<\/p>\n<p>\ud83c\udf81 <strong>Pour vous permettre d\u2019en b\u00e9n\u00e9ficier d\u00e8s votre premier recharge, un premier caf\u00e9 de bienvenue vous est offert lors de votre souscription.<\/strong><\/p>\n<p><sup>(1) Disponible dans toutes les stations disposant d\u2019un espace <a href=\"https:\/\/chargeplus.totalenergies.com\/fr\/pause-detente-comptoir-des-aromes\/\">Comptoir des Ar\u00f4mes<\/a> (78% du r\u00e9seau).<\/sup><\/p>\n<p><a class=\"button\" href=\"https:\/\/subscription.chargeplus.totalenergies.com\/fr\">Profiter de l&rsquo;option Zen<\/a><\/p>\n<p><!-- \/zone:zn_text_img [2] --><br \/>\n<!-- zone:zn_text_img [3] --><\/p>\n<h2>L\u2019offre Charge+ et la carte Club TotalEnergies,<br \/>\nc\u2019est le combo gagnant.<\/h2>\n<p>\ud83c\udf81 Si vous activez l\u2019option Zen : b\u00e9n\u00e9ficier en plus d\u2019un caf\u00e9 offert<sup>(2)<\/sup> pour chaque recharge sup\u00e9rieur \u00e0 20kWh.<\/p>\n<ol role=\"list\">\n<li>Rejoignez le Club TotalEnergies (Gratuit) : L&rsquo;adh\u00e9sion est simple et rapide.<\/li>\n<li>Associez vos deux cartes dans l\u2019application Services de TotalEnergies.<\/li>\n<\/ol>\n<p><a class=\"button\" href=\"https:\/\/subscription.chargeplus.totalenergies.com\/fr\" target=\"_blank\" rel=\"noopener\">Commander la carte Charge+<\/a>\u00a0\u00a0<a class=\"button outline\" href=\"https:\/\/club.totalenergies.fr\/web\/club\/login#\/creationForm\" target=\"_blank\" rel=\"noopener\">Obtenir la carte Club\u00a0<\/a><\/p>\n<p><!-- \/zone:zn_text_img [3] --><br \/>\n<!-- zone:zn_text [5] --><\/p>\n<h2>L&rsquo;Option Zen, quand est-elle utile ?<\/h2>\n<h3 style=\"text-align: left;\">\ud83d\udee3\ufe0f <strong>Les Vacances<\/strong> :<\/h3>\n<p style=\"text-align: left;\">Sur l&rsquo;A6, Sophie recharge sa voiture familiale. Elle \u00e9conomise sur sa recharge et d\u00e9guste un caf\u00e9 pendant que les enfants se d\u00e9gourdissent les jambes.<\/p>\n<h3 style=\"text-align: left;\">\ud83c\udfd9\ufe0f<strong> Le Quotidien<\/strong> :<\/h3>\n<p style=\"text-align: left;\">Marc n&rsquo;a pas de borne chez lui. Une fois par semaine, il va sur une borne haute puissance en station TotalEnergies \u00e0 10 min de son bureau. Avec l&rsquo;Option Zen, il \u00e9conomise sur sa recharge hebdomadaire.<\/p>\n<p>\t\t\t<!-- \/zone:zn_text [5] --><br \/>\n<!-- zone:zn_text [8] --><\/p>\n<h2>Besoin d&rsquo;aide ?<\/h2>\n<p style=\"text-align: center;\">D\u00e9couvrez ici les r\u00e9ponses aux questions les plus fr\u00e9quentes de notre <a href=\"https:\/\/chargeplus.totalenergies.com\/fr\/faq\/\">FAQ<\/a>.<\/p>\n<p>\t\t\t<!-- \/zone:zn_text [8] --><br \/>\n<!-- zone:zn_list_accordion [9] --><\/p>\n<h3>La remise de 15% fonctionne-t-elle uniquement sur autoroute ?<\/h3>\n<p>Non ! C&rsquo;est la force de cette option. La remise s&rsquo;applique sur toutes les bornes Haute Puissance \u00e0 la marque TotalEnergies, qu&rsquo;elles soient situ\u00e9es sur une aire d&rsquo;autoroute, sur une voie rapide ou en zone urbaine\/p\u00e9riurbaine.<\/p>\n<h3>Le caf\u00e9 offert est-il limit\u00e9 \u00e0 un par jour ?<\/h3>\n<p>L&rsquo;offre s&rsquo;applique \u00e0 chaque session de recharge effectu\u00e9e par un membre du Club disposant de l&rsquo;option Zen, selon les conditions en vigueur en station.<\/p>\n<h3>Comment reconna\u00eetre une borne \u00e9ligible ?<\/h3>\n<p>Ce sont les bornes ultra-rapides (HPC) identifi\u00e9es \u00e0 la marque TotalEnergies. Vous pouvez les localiser facilement via les filtres de votre application Charge+.<\/p>\n<h3>Suis-je oblig\u00e9 d\u2019avoir une carte Club pour profiter du caf\u00e9 offert ?<\/h3>\n<p>Oui. L&rsquo;avantage \u00ab\u00a0Caf\u00e9 offert\u00a0\u00bb est exclusif aux membres du Club TotalEnergies. Mais rassurez-vous : l&rsquo;adh\u00e9sion au Club est 100% gratuite et imm\u00e9diate. Vous pouvez cr\u00e9er votre compte directement depuis votre application ou demander votre carte en station. C&rsquo;est ce statut Club qui vous permet de d\u00e9bloquer le cr\u00e9dit caf\u00e9 en caisse.<\/p>\n<h3>Comment obtenir mon caf\u00e9 offert concr\u00e8tement ?<\/h3>\n<p>C&rsquo;est tr\u00e8s simple, tout se passe en station :<\/p>\n<ol role=\"list\">\n<li>\u00c0 l&rsquo;activation : Bonne nouvelle, d\u00e8s que vous souscrivez \u00e0 l&rsquo;option Zen, vous b\u00e9n\u00e9ficiez d\u00e9j\u00e0 d&rsquo;un premier caf\u00e9 offert de bienvenue !<\/li>\n<li>Apr\u00e8s chaque recharge : Une fois votre v\u00e9hicule branch\u00e9 (ou la charge termin\u00e9e), rendez-vous en caisse. Pr\u00e9sentez votre application ou carte Club \u00e0 l&rsquo;h\u00f4te(sse) pour qu&rsquo;il cr\u00e9dite votre avantage caf\u00e9 li\u00e9 \u00e0 l&rsquo;option Zen.<\/li>\n<li>Point important : Pensez \u00e0 y aller \u00e0 chaque fois. Seule la derni\u00e8re recharge en date peut \u00eatre cr\u00e9dit\u00e9e. Si vous faites une recharge sans passer en caisse, puis une autre le lendemain, vous ne pourrez plus r\u00e9cup\u00e9rer le caf\u00e9 de la veille.<\/li>\n<\/ol>\n<p>\t<!-- \/zone:zn_list_accordion [9] --><br \/>\n<!-- zone:zn_text [11] --><\/p>\n<p><sub><span style=\"vertical-align: super;\">* <\/span><span style=\"vertical-align: super;\">Abonnement mensuel Charge+ Option Zen \u00bb \u00e0 3,90\u20ac TTC\/mois, sans engagement et tacitement reconductible. La remise de 15% sera applicable imm\u00e9diatement sur le prix public de la recharge effectu\u00e9e sur les bornes haute puissance (d&rsquo;au moins 50kW) \u00e0 la marque TotalEnergies en France m\u00e9tropolitaine (hors Corse). Voir liste des stations et conditions compl\u00e8tes sur chargeplus.totalenergies.com\/fr.<\/span><\/sub><\/p>\n<p><sup>** Offre r\u00e9serv\u00e9e aux abonn\u00e9s de l\u2019option Charge+ Zen et conditionn\u00e9e \u00e0 l&rsquo;adh\u00e9sion au programme de fid\u00e9lit\u00e9 Club de TotalEnergies et \u00e0 l&rsquo;association pr\u00e9alable de la carte Charge+ au compte fid\u00e9lit\u00e9. L\u2019offre permet de b\u00e9n\u00e9ficier de 2\u20ac de cr\u00e9dit utilisables dans les espaces \u00ab Comptoir des Ar\u00f4mes \u00bb ; 2\u20ac offerts d\u00e8s la souscription de l\u2019option puis, 2\u20ac offerts toute recharge d\u2019au moins 20 kWh effectu\u00e9e avec la carte Charge+ sur les bornes haute puissance \u00e0 la marque TotalEnergies et dans les stations TotalEnergies \u00e9quip\u00e9es d\u2019un \u00ab Comptoir des Ar\u00f4mes \u00bb. Offre limit\u00e9e \u00e0 deux cr\u00e9dits par jour. Le client devra se pr\u00e9senter en caisse pour faire cr\u00e9diter l&rsquo;offre sur sa carte Club ou sa carte Coffee Comptoir des Ar\u00f4mes. Voir conditions et liste des stations \u00e9ligibles sur chargeplus.totalenergies.com\/fr.<\/sup><\/p>\n<p>\t\t\t<!-- \/zone:zn_text [11] -->\n<\/div>\n","protected":false},"excerpt":{"rendered":"<p>Avec l\u2019option Zen, votre pause caf\u00e9 est offerte** Pour toute recharge sup\u00e9rieure \u00e0 20kWh, 2\u20ac de boisson chaude vous sont offerts**. Comment en b\u00e9n\u00e9ficier ? Avoir activ\u00e9 l\u2019option ZEN Avoir [&hellip;]<\/p>\n","protected":false},"author":11,"featured_media":0,"parent":0,"menu_order":0,"comment_status":"closed","ping_status":"closed","template":"","meta":{"_acf_changed":false,"footnotes":""},"class_list":["post-4755","page","type-page","status-publish","hentry","wp-sticky"],"acf":[],"yoast_head":"<!-- This site is optimized with the Yoast SEO plugin v27.5 - https:\/\/yoast.com\/product\/yoast-seo-wordpress\/ -->\n<title>Option Zen Charge+ : 15% de remise et un vrai moment de pause | Charge+<\/title>\n<meta name=\"description\" content=\"D\u00e9couvrez l\u2019Option Zen : 15% de remise sur vos recharges et un caf\u00e9 offert \u00e0 chaque passage. Rechargez et profitez d\u2019une vraie pause.\" \/>\n<meta name=\"robots\" content=\"index, follow, max-snippet:-1, max-image-preview:large, max-video-preview:-1\" \/>\n<link rel=\"canonical\" href=\"https:\/\/chargeplus.totalenergies.com\/fr\/optionzen\/\" \/>\n<meta property=\"og:locale\" content=\"fr_FR\" \/>\n<meta property=\"og:type\" content=\"article\" \/>\n<meta property=\"og:title\" content=\"Option Zen Charge+ : 15% de remise et un vrai moment de pause | Charge+\" \/>\n<meta property=\"og:description\" content=\"D\u00e9couvrez l\u2019Option Zen : 15% de remise sur vos recharges et un caf\u00e9 offert \u00e0 chaque passage. Rechargez et profitez d\u2019une vraie pause.\" \/>\n<meta property=\"og:url\" content=\"https:\/\/chargeplus.totalenergies.com\/fr\/optionzen\/\" \/>\n<meta property=\"og:site_name\" content=\"Charge+\" \/>\n<meta property=\"article:modified_time\" content=\"2026-04-27T13:02:16+00:00\" \/>\n<meta property=\"og:image\" content=\"https:\/\/chargeplus.totalenergies.com\/wp-inside\/uploads\/2025\/05\/blc_picto-recharge_bleu-e1750334318673.png\" \/>\n\t<meta property=\"og:image:width\" content=\"150\" \/>\n\t<meta property=\"og:image:height\" content=\"150\" \/>\n\t<meta property=\"og:image:type\" content=\"image\/png\" \/>\n<meta name=\"twitter:card\" content=\"summary_large_image\" \/>\n<meta name=\"twitter:label1\" content=\"Dur\u00e9e de lecture estim\u00e9e\" \/>\n\t<meta name=\"twitter:data1\" content=\"4 minutes\" \/>\n<script type=\"application\/ld+json\" class=\"yoast-schema-graph\">{\"@context\":\"https:\\\/\\\/schema.org\",\"@graph\":[{\"@type\":\"WebPage\",\"@id\":\"https:\\\/\\\/chargeplus.totalenergies.com\\\/fr\\\/optionzen\\\/\",\"url\":\"https:\\\/\\\/chargeplus.totalenergies.com\\\/fr\\\/optionzen\\\/\",\"name\":\"Option Zen Charge+ : 15% de remise et un vrai moment de pause\",\"isPartOf\":{\"@id\":\"https:\\\/\\\/chargeplus.totalenergies.com\\\/fr\\\/#website\"},\"datePublished\":\"2026-01-27T13:26:54+00:00\",\"dateModified\":\"2026-04-27T13:02:16+00:00\",\"description\":\"D\u00e9couvrez l\u2019Option Zen : 15% de remise sur vos recharges et un caf\u00e9 offert \u00e0 chaque passage. Rechargez et profitez d\u2019une vraie pause.\",\"breadcrumb\":{\"@id\":\"https:\\\/\\\/chargeplus.totalenergies.com\\\/fr\\\/optionzen\\\/#breadcrumb\"},\"inLanguage\":\"fr-FR\",\"potentialAction\":[{\"@type\":\"ReadAction\",\"target\":[\"https:\\\/\\\/chargeplus.totalenergies.com\\\/fr\\\/optionzen\\\/\"]}]},{\"@type\":\"BreadcrumbList\",\"@id\":\"https:\\\/\\\/chargeplus.totalenergies.com\\\/fr\\\/optionzen\\\/#breadcrumb\",\"itemListElement\":[{\"@type\":\"ListItem\",\"position\":1,\"name\":\"Accueil\",\"item\":\"https:\\\/\\\/chargeplus.totalenergies.com\\\/fr\\\/\"},{\"@type\":\"ListItem\",\"position\":2,\"name\":\"Option Zen\"}]},{\"@type\":\"WebSite\",\"@id\":\"https:\\\/\\\/chargeplus.totalenergies.com\\\/fr\\\/#website\",\"url\":\"https:\\\/\\\/chargeplus.totalenergies.com\\\/fr\\\/\",\"name\":\"Charge+\",\"description\":\"Voiture \u00e9lectrique : le guide pratique de la recharge\",\"publisher\":{\"@id\":\"https:\\\/\\\/chargeplus.totalenergies.com\\\/fr\\\/#organization\"},\"potentialAction\":[{\"@type\":\"SearchAction\",\"target\":{\"@type\":\"EntryPoint\",\"urlTemplate\":\"https:\\\/\\\/chargeplus.totalenergies.com\\\/fr\\\/?s={search_term_string}\"},\"query-input\":{\"@type\":\"PropertyValueSpecification\",\"valueRequired\":true,\"valueName\":\"search_term_string\"}}],\"inLanguage\":\"fr-FR\"},{\"@type\":\"Organization\",\"@id\":\"https:\\\/\\\/chargeplus.totalenergies.com\\\/fr\\\/#organization\",\"name\":\"Charge+\",\"url\":\"https:\\\/\\\/chargeplus.totalenergies.com\\\/fr\\\/\",\"logo\":{\"@type\":\"ImageObject\",\"inLanguage\":\"fr-FR\",\"@id\":\"https:\\\/\\\/chargeplus.totalenergies.com\\\/fr\\\/#\\\/schema\\\/logo\\\/image\\\/\",\"url\":\"https:\\\/\\\/chargeplus.totalenergies.com\\\/wp-inside\\\/uploads\\\/2023\\\/07\\\/logo-borne-recharge.jpg\",\"contentUrl\":\"https:\\\/\\\/chargeplus.totalenergies.com\\\/wp-inside\\\/uploads\\\/2023\\\/07\\\/logo-borne-recharge.jpg\",\"width\":150,\"height\":150,\"caption\":\"Charge+\"},\"image\":{\"@id\":\"https:\\\/\\\/chargeplus.totalenergies.com\\\/fr\\\/#\\\/schema\\\/logo\\\/image\\\/\"}}]}<\/script>\n<!-- \/ Yoast SEO plugin. -->","yoast_head_json":{"title":"Option Zen Charge+ : 15% de remise et un vrai moment de pause | Charge+","description":"D\u00e9couvrez l\u2019Option Zen : 15% de remise sur vos recharges et un caf\u00e9 offert \u00e0 chaque passage. Rechargez et profitez d\u2019une vraie pause.","robots":{"index":"index","follow":"follow","max-snippet":"max-snippet:-1","max-image-preview":"max-image-preview:large","max-video-preview":"max-video-preview:-1"},"canonical":"https:\/\/chargeplus.totalenergies.com\/fr\/optionzen\/","og_locale":"fr_FR","og_type":"article","og_title":"Option Zen Charge+ : 15% de remise et un vrai moment de pause | Charge+","og_description":"D\u00e9couvrez l\u2019Option Zen : 15% de remise sur vos recharges et un caf\u00e9 offert \u00e0 chaque passage. Rechargez et profitez d\u2019une vraie pause.","og_url":"https:\/\/chargeplus.totalenergies.com\/fr\/optionzen\/","og_site_name":"Charge+","article_modified_time":"2026-04-27T13:02:16+00:00","og_image":[{"width":150,"height":150,"url":"https:\/\/chargeplus.totalenergies.com\/wp-inside\/uploads\/2025\/05\/blc_picto-recharge_bleu-e1750334318673.png","type":"image\/png"}],"twitter_card":"summary_large_image","twitter_misc":{"Dur\u00e9e de lecture estim\u00e9e":"4 minutes"},"schema":{"@context":"https:\/\/schema.org","@graph":[{"@type":"WebPage","@id":"https:\/\/chargeplus.totalenergies.com\/fr\/optionzen\/","url":"https:\/\/chargeplus.totalenergies.com\/fr\/optionzen\/","name":"Option Zen Charge+ : 15% de remise et un vrai moment de pause","isPartOf":{"@id":"https:\/\/chargeplus.totalenergies.com\/fr\/#website"},"datePublished":"2026-01-27T13:26:54+00:00","dateModified":"2026-04-27T13:02:16+00:00","description":"D\u00e9couvrez l\u2019Option Zen : 15% de remise sur vos recharges et un caf\u00e9 offert \u00e0 chaque passage. Rechargez et profitez d\u2019une vraie pause.","breadcrumb":{"@id":"https:\/\/chargeplus.totalenergies.com\/fr\/optionzen\/#breadcrumb"},"inLanguage":"fr-FR","potentialAction":[{"@type":"ReadAction","target":["https:\/\/chargeplus.totalenergies.com\/fr\/optionzen\/"]}]},{"@type":"BreadcrumbList","@id":"https:\/\/chargeplus.totalenergies.com\/fr\/optionzen\/#breadcrumb","itemListElement":[{"@type":"ListItem","position":1,"name":"Accueil","item":"https:\/\/chargeplus.totalenergies.com\/fr\/"},{"@type":"ListItem","position":2,"name":"Option Zen"}]},{"@type":"WebSite","@id":"https:\/\/chargeplus.totalenergies.com\/fr\/#website","url":"https:\/\/chargeplus.totalenergies.com\/fr\/","name":"Charge+","description":"Voiture \u00e9lectrique : le guide pratique de la recharge","publisher":{"@id":"https:\/\/chargeplus.totalenergies.com\/fr\/#organization"},"potentialAction":[{"@type":"SearchAction","target":{"@type":"EntryPoint","urlTemplate":"https:\/\/chargeplus.totalenergies.com\/fr\/?s={search_term_string}"},"query-input":{"@type":"PropertyValueSpecification","valueRequired":true,"valueName":"search_term_string"}}],"inLanguage":"fr-FR"},{"@type":"Organization","@id":"https:\/\/chargeplus.totalenergies.com\/fr\/#organization","name":"Charge+","url":"https:\/\/chargeplus.totalenergies.com\/fr\/","logo":{"@type":"ImageObject","inLanguage":"fr-FR","@id":"https:\/\/chargeplus.totalenergies.com\/fr\/#\/schema\/logo\/image\/","url":"https:\/\/chargeplus.totalenergies.com\/wp-inside\/uploads\/2023\/07\/logo-borne-recharge.jpg","contentUrl":"https:\/\/chargeplus.totalenergies.com\/wp-inside\/uploads\/2023\/07\/logo-borne-recharge.jpg","width":150,"height":150,"caption":"Charge+"},"image":{"@id":"https:\/\/chargeplus.totalenergies.com\/fr\/#\/schema\/logo\/image\/"}}]}},"_links":{"self":[{"href":"https:\/\/chargeplus.totalenergies.com\/fr\/wp-json\/wp\/v2\/pages\/4755","targetHints":{"allow":["GET"]}}],"collection":[{"href":"https:\/\/chargeplus.totalenergies.com\/fr\/wp-json\/wp\/v2\/pages"}],"about":[{"href":"https:\/\/chargeplus.totalenergies.com\/fr\/wp-json\/wp\/v2\/types\/page"}],"author":[{"embeddable":true,"href":"https:\/\/chargeplus.totalenergies.com\/fr\/wp-json\/wp\/v2\/users\/11"}],"replies":[{"embeddable":true,"href":"https:\/\/chargeplus.totalenergies.com\/fr\/wp-json\/wp\/v2\/comments?post=4755"}],"version-history":[{"count":76,"href":"https:\/\/chargeplus.totalenergies.com\/fr\/wp-json\/wp\/v2\/pages\/4755\/revisions"}],"predecessor-version":[{"id":5257,"href":"https:\/\/chargeplus.totalenergies.com\/fr\/wp-json\/wp\/v2\/pages\/4755\/revisions\/5257"}],"wp:attachment":[{"href":"https:\/\/chargeplus.totalenergies.com\/fr\/wp-json\/wp\/v2\/media?parent=4755"}],"curies":[{"name":"wp","href":"https:\/\/api.w.org\/{rel}","templated":true}]}}