{"id":490,"date":"2023-07-07T16:38:25","date_gmt":"2023-07-07T14:38:25","guid":{"rendered":"https:\/\/chargeplus.totalenergies.com\/?page_id=490"},"modified":"2025-06-16T13:52:28","modified_gmt":"2025-06-16T11:52:28","slug":"combien-de-temps-pour-recharger-voiture-electrique","status":"publish","type":"page","link":"https:\/\/chargeplus.totalenergies.com\/fr\/conseils-recharge-electrique\/combien-de-temps-pour-recharger-voiture-electrique\/","title":{"rendered":"Temps de recharge d\u2019une voiture \u00e9lectrique&#160;: tout savoir&#160;!"},"content":{"rendered":"<div class=\"wp-post-content\"><!-- zone:zn_pagebanner [0] --><br \/>\n\t\t<!-- \/zone:zn_pagebanner [0] --><br \/>\n<!-- zone:zn_text [1] --><\/p>\n<h2 style=\"text-align: center;\">Dur\u00e9e de recharge d\u2019une voiture \u00e9lectrique selon les types de bornes<\/h2>\n<p style=\"text-align: center;\">Diff\u00e9rentes bornes peuvent \u00eatre utilis\u00e9es pour recharger votre voiture \u00e9lectrique, chacune ayant ses avantages et ses inconv\u00e9nients.<\/p>\n<p>\t\t\t<!-- \/zone:zn_text [1] --><br \/>\n<!-- zone:zn_text [2] --><\/p>\n<h3>Temps de charge de la batterie d\u2019une voiture \u00e9lectrique selon la borne utilis\u00e9e<\/h3>\n<p>Prenons ici l\u2019exemple d\u2019un v\u00e9hicule dot\u00e9 d\u2019une batterie de 22 kW, avec une autonomie de 150 km.<\/p>\n<table id=\"tablepress-1\" class=\"tablepress tablepress-id-1\">\n<caption style=\"caption-side:bottom;text-align:left;border:none;background:none;margin:0;padding:0;\"><a href=\"https:\/\/chargeplus.totalenergies.com\/wp-admin\/admin.php?page=tablepress&#038;action=edit&#038;table_id=1\" rel=\"nofollow\">Modifier<\/a><\/caption>\n<thead>\n<tr class=\"row-1\">\n<th class=\"column-1\">Borne utilis\u00e9e pour recharger le v\u00e9hicule<\/th>\n<th class=\"column-2\">Temps de charge<\/th>\n<\/tr>\n<\/thead>\n<tbody>\n<tr class=\"row-2\">\n<td class=\"column-1\">Prise domestique<\/td>\n<td class=\"column-2\">12 heures<\/td>\n<\/tr>\n<tr class=\"row-3\">\n<td class=\"column-1\">Wallbox<\/td>\n<td class=\"column-2\">De 1h30 \u00e0 6 heures selon la puissance du dispositif<\/td>\n<\/tr>\n<tr class=\"row-4\">\n<td class=\"column-1\">Borne publique<\/td>\n<td class=\"column-2\">De 1 heure \u00e0 8 heures selon la puissance distribu\u00e9e<\/td>\n<\/tr>\n<tr class=\"row-5\">\n<td class=\"column-1\">Borne de recharge rapide<\/td>\n<td class=\"column-2\">De 20 \u00e0 30 minutes selon la puissance distribu\u00e9e<\/td>\n<\/tr>\n<\/tbody>\n<\/table>\n<h3>La prise domestique<\/h3>\n<p>Recharger une voiture \u00e9lectrique sur une prise domestique non d\u00e9di\u00e9e est tout \u00e0 fait possible. Cette solution pratique pr\u00e9sente n\u00e9anmoins quelques inconv\u00e9nients : il n\u2019y a aucun contr\u00f4le sur la charge, l\u2019\u00e9quipement n\u2019est pas s\u00e9curis\u00e9 et <strong>le temps de recharge s&rsquo;av\u00e8re tr\u00e8s long<\/strong>. Vous pouvez compter, de mani\u00e8re g\u00e9n\u00e9rale, une nuit compl\u00e8te pour recharger votre v\u00e9hicule.<\/p>\n<h3>La borne TotalEnergies<\/h3>\n<p><b>\u00c0<\/b> installer chez soi, elle offre une recharge <strong>jusqu\u2019\u00e0 3 fois plus rapides\u00a0<\/strong>que sur une prise domestique avec la borne 7kW (monophas\u00e9e) ou 11 \u00e0 22kW (triphas\u00e9e).<\/p>\n<p><a href=\"https:\/\/www.totalenergies.fr\/particuliers\/recharge-voiture-electrique\/borne-intelligente\">En savoir plus sur la borne TotalEnergies<\/a><\/p>\n<h3>La borne publique<\/h3>\n<p>C\u2019est la plus utilis\u00e9e. Elle offre <strong>diff\u00e9rentes dur\u00e9es de recharge en fonction de sa puissance<\/strong>.<\/p>\n<h3>La borne de recharge rapide<\/h3>\n<p>Cette borne se trouve sur les aires d\u2019autoroute et dans les stations-services. En courant continu, <strong>elle recharge un v\u00e9hicule \u00e9lectrique en 20 ou 30 minutes<\/strong>, \u00e0 80 % de son autonomie. Id\u00e9al pour les longs trajets, donc, mais cela a tendance \u00e0 ab\u00eemer la batterie et doit donc rester exceptionnel.<\/p>\n<p>\u00c0 lire aussi : <a href=\"https:\/\/chargeplus.totalenergies.com\/fr\/conseils-recharge-electrique\/comment-recharger-voiture-electrique-rapidement\/\">Comment recharger sa voiture \u00e9lectrique rapidement ?\u00a0<\/a><\/p>\n<p>\t\t\t<!-- \/zone:zn_text [2] --><br \/>\n<!-- zone:zn_text [4] --><\/p>\n<h2>Conna\u00eetre les facteurs influen\u00e7ant la dur\u00e9e de charge<\/h2>\n<p>Il est possible d\u2019<strong>obtenir par un calcul le temps de recharge d\u2019une voiture \u00e9lectrique<\/strong>.<\/p>\n<p>Dur\u00e9e de charge = capacit\u00e9 de la batterie \/ puissance de charge.<\/p>\n<p>Cependant, il est difficile de d\u00e9terminer la puissance de charge, car plusieurs \u00e9l\u00e9ments entrent en jeu : le r\u00e9seau \u00e9lectrique utilis\u00e9, la borne de recharge et le chargeur dont est \u00e9quip\u00e9 le v\u00e9hicule.<\/p>\n<p>De plus, ce calcul tr\u00e8s formel ne prend pas en compte <strong>les facteurs qui ont un impact sur le temps de recharge<\/strong> d\u2019un v\u00e9hicule \u00e9lectrique, comme :<\/p>\n<ul>\n<li><a href=\"https:\/\/chargeplus.totalenergies.com\/fr\/marques-de-voitures\/\">le mod\u00e8le de la voiture<\/a> ;<\/li>\n<li>l\u2019\u00e9tat de charge de la batterie ;<\/li>\n<li>l\u2019heure \u00e0 laquelle la recharge est effectu\u00e9e ;<\/li>\n<li>le c\u00e2ble utilis\u00e9 ;<\/li>\n<li>les conditions m\u00e9t\u00e9orologiques.<\/li>\n<\/ul>\n<p><strong>\u00c0 lire aussi :<\/strong> <a href=\"https:\/\/chargeplus.totalenergies.com\/fr\/conseils-recharge-electrique\/consequences-chaleur-recharge-electrique\/\">Chaleur et recharge \u00e9lectrique : quelles cons\u00e9quences ?<\/a><\/p>\n<h2>R\u00e9guler sa consommation<\/h2>\n<p>Pour que la recharge de votre v\u00e9hicule \u00e9lectrique prenne moins de temps, l\u2019id\u00e9al reste de <strong>consommer moins lorsque vous roulez<\/strong> ! Voici quelques conseils pour y parvenir :<\/p>\n<ul>\n<li>ne roulez pas trop vite ;<\/li>\n<li>gardez un niveau de charge de la batterie compris entre 20 et 80 % ;<\/li>\n<li>ne surchargez pas votre voiture (\u00e9vitez notamment les coffres de toit) ;<br \/>\nsurveillez la pression de vos pneus ;<\/li>\n<li>n&rsquo;abusez ni du chauffage ni de la climatisation ;<\/li>\n<li>utilisez le frein r\u00e9g\u00e9n\u00e9ratif.<\/li>\n<\/ul>\n<p><strong>\u00c0 lire aussi<\/strong> : <a href=\"https:\/\/chargeplus.totalenergies.com\/fr\/conseils-recharge-electrique\/gestes-a-adopter-pour-reduire-sa-consommation\/\">Voiture \u00e9lectrique : les bons gestes \u00e0 adopter pour r\u00e9duire sa consommation<\/a><\/p>\n<p>\t\t\t<!-- \/zone:zn_text [4] --><br \/>\n<!-- zone:zn_text_img [5] --><\/p>\n<h2>Quelle est la voiture \u00e9lectrique qui se recharge le plus vite ?<\/h2>\n<p>Vous vous demandez peut-\u00eatre quel est le v\u00e9hicule qui se recharge le plus rapidement. Voici notre palmar\u00e8s !<\/p>\n<h3>Les v\u00e9hicules \u00e0 charge rapide<\/h3>\n<p>Branch\u00e9 sur une borne publique rapide, le v\u00e9hicule se rechargeant le plus vite est actuellement le crossover <strong>Volvo C40 Recharge<\/strong>. Avec son autonomie de 481 kilom\u00e8tres et sa puissance maximale de recharge de 130 kW, il passe de 0 \u00e0 80 % d\u2019autonomie en 28 minutes seulement !<\/p>\n<p>Ce v\u00e9hicule est suivi de pr\u00e8s par la BMW iX3 (30 minutes de recharge), et la Mercedes EQS (31 minutes).<\/p>\n<p><!-- \/zone:zn_text_img [5] --><br \/>\n<!-- zone:zn_text_img [6] --><\/p>\n<h3>Les v\u00e9hicules \u00e0 charge ultra-rapide<\/h3>\n<p>Pour les v\u00e9hicules acceptant les recharges ultra-rapides, la gagnante est la <strong>Hyundai Ioniq 5, \u00e0 \u00e9galit\u00e9 avec la Kia EV6<\/strong>. Ces deux mod\u00e8les pr\u00e9sentant un peu plus de 500 km d\u2019autonomie se rechargent en 18 minutes sur une borne ultra-rapide. Juste derri\u00e8re, on retrouve la c\u00e9l\u00e8bre Tesla Model Y, qui passe de 0 \u00e0 80 % de batterie en 20 minutes.<\/p>\n<p><!-- \/zone:zn_text_img [6] -->\n<\/div>\n","protected":false},"excerpt":{"rendered":"<p>Le temps de recharge d\u2019une voiture \u00e9lectrique repr\u00e9sente un \u00e9l\u00e9ment essentiel lorsque l\u2019on choisit un tel v\u00e9hicule.<\/p>\n","protected":false},"author":3,"featured_media":613,"parent":445,"menu_order":25,"comment_status":"closed","ping_status":"closed","template":"","meta":{"_acf_changed":false,"footnotes":""},"class_list":["post-490","page","type-page","status-publish","has-post-thumbnail","hentry","wp-sticky"],"acf":[],"yoast_head":"<!-- This site is optimized with the Yoast SEO plugin v27.6 - https:\/\/yoast.com\/product\/yoast-seo-wordpress\/ -->\n<title>Combien de temps pour recharger une voiture \u00e9lectrique ? | Charge+<\/title>\n<meta name=\"description\" content=\"Vous vous demandez combien de temps il faut pour recharger une voiture \u00e9lectrique ? La r\u00e9ponse est ici avec toutes nos astuces pour recharger votre v\u00e9hicule rapidement !\" \/>\n<meta name=\"robots\" content=\"index, follow, max-snippet:-1, max-image-preview:large, max-video-preview:-1\" \/>\n<link rel=\"canonical\" href=\"https:\/\/chargeplus.totalenergies.com\/fr\/conseils-recharge-electrique\/combien-de-temps-pour-recharger-voiture-electrique\/\" \/>\n<meta property=\"og:locale\" content=\"fr_FR\" \/>\n<meta property=\"og:type\" content=\"article\" \/>\n<meta property=\"og:title\" content=\"Combien de temps pour recharger une voiture \u00e9lectrique ? | Charge+\" \/>\n<meta property=\"og:description\" content=\"Vous vous demandez combien de temps il faut pour recharger une voiture \u00e9lectrique ? La r\u00e9ponse est ici avec toutes nos astuces pour recharger votre v\u00e9hicule rapidement !\" \/>\n<meta property=\"og:url\" content=\"https:\/\/chargeplus.totalenergies.com\/fr\/conseils-recharge-electrique\/combien-de-temps-pour-recharger-voiture-electrique\/\" \/>\n<meta property=\"og:site_name\" content=\"Charge+\" \/>\n<meta property=\"article:modified_time\" content=\"2025-06-16T11:52:28+00:00\" \/>\n<meta property=\"og:image\" content=\"https:\/\/chargeplus.totalenergies.com\/wp-inside\/uploads\/2023\/07\/voiture-electrique-trouver-borne-recharge.jpg\" \/>\n\t<meta property=\"og:image:width\" content=\"1500\" \/>\n\t<meta property=\"og:image:height\" content=\"1000\" \/>\n\t<meta property=\"og:image:type\" content=\"image\/jpeg\" \/>\n<meta name=\"twitter:card\" content=\"summary_large_image\" \/>\n<script type=\"application\/ld+json\" class=\"yoast-schema-graph\">{\"@context\":\"https:\\\/\\\/schema.org\",\"@graph\":[{\"@type\":\"WebPage\",\"@id\":\"https:\\\/\\\/chargeplus.totalenergies.com\\\/fr\\\/conseils-recharge-electrique\\\/combien-de-temps-pour-recharger-voiture-electrique\\\/\",\"url\":\"https:\\\/\\\/chargeplus.totalenergies.com\\\/fr\\\/conseils-recharge-electrique\\\/combien-de-temps-pour-recharger-voiture-electrique\\\/\",\"name\":\"Combien de temps pour recharger une voiture \u00e9lectrique ?\",\"isPartOf\":{\"@id\":\"https:\\\/\\\/chargeplus.totalenergies.com\\\/fr\\\/#website\"},\"primaryImageOfPage\":{\"@id\":\"https:\\\/\\\/chargeplus.totalenergies.com\\\/fr\\\/conseils-recharge-electrique\\\/combien-de-temps-pour-recharger-voiture-electrique\\\/#primaryimage\"},\"image\":{\"@id\":\"https:\\\/\\\/chargeplus.totalenergies.com\\\/fr\\\/conseils-recharge-electrique\\\/combien-de-temps-pour-recharger-voiture-electrique\\\/#primaryimage\"},\"thumbnailUrl\":\"https:\\\/\\\/chargeplus.totalenergies.com\\\/wp-inside\\\/uploads\\\/2023\\\/07\\\/voiture-electrique-trouver-borne-recharge.jpg\",\"datePublished\":\"2023-07-07T14:38:25+00:00\",\"dateModified\":\"2025-06-16T11:52:28+00:00\",\"description\":\"Vous vous demandez combien de temps il faut pour recharger une voiture \u00e9lectrique ? La r\u00e9ponse est ici avec toutes nos astuces pour recharger votre v\u00e9hicule rapidement !\",\"breadcrumb\":{\"@id\":\"https:\\\/\\\/chargeplus.totalenergies.com\\\/fr\\\/conseils-recharge-electrique\\\/combien-de-temps-pour-recharger-voiture-electrique\\\/#breadcrumb\"},\"inLanguage\":\"fr-FR\",\"potentialAction\":[{\"@type\":\"ReadAction\",\"target\":[\"https:\\\/\\\/chargeplus.totalenergies.com\\\/fr\\\/conseils-recharge-electrique\\\/combien-de-temps-pour-recharger-voiture-electrique\\\/\"]}]},{\"@type\":\"ImageObject\",\"inLanguage\":\"fr-FR\",\"@id\":\"https:\\\/\\\/chargeplus.totalenergies.com\\\/fr\\\/conseils-recharge-electrique\\\/combien-de-temps-pour-recharger-voiture-electrique\\\/#primaryimage\",\"url\":\"https:\\\/\\\/chargeplus.totalenergies.com\\\/wp-inside\\\/uploads\\\/2023\\\/07\\\/voiture-electrique-trouver-borne-recharge.jpg\",\"contentUrl\":\"https:\\\/\\\/chargeplus.totalenergies.com\\\/wp-inside\\\/uploads\\\/2023\\\/07\\\/voiture-electrique-trouver-borne-recharge.jpg\",\"width\":1500,\"height\":1000,\"caption\":\"Voiture \u00e9lectrique, o\u00f9 trouver une borne de recharge\"},{\"@type\":\"BreadcrumbList\",\"@id\":\"https:\\\/\\\/chargeplus.totalenergies.com\\\/fr\\\/conseils-recharge-electrique\\\/combien-de-temps-pour-recharger-voiture-electrique\\\/#breadcrumb\",\"itemListElement\":[{\"@type\":\"ListItem\",\"position\":1,\"name\":\"Accueil\",\"item\":\"https:\\\/\\\/chargeplus.totalenergies.com\\\/fr\\\/\"},{\"@type\":\"ListItem\",\"position\":2,\"name\":\"Voiture \u00e9lectrique&#160;: nos conseils sur la recharge\",\"item\":\"https:\\\/\\\/chargeplus.totalenergies.com\\\/fr\\\/conseils-recharge-electrique\\\/\"},{\"@type\":\"ListItem\",\"position\":3,\"name\":\"Temps de recharge d\u2019une voiture \u00e9lectrique&#160;: tout savoir&#160;!\"}]},{\"@type\":\"WebSite\",\"@id\":\"https:\\\/\\\/chargeplus.totalenergies.com\\\/fr\\\/#website\",\"url\":\"https:\\\/\\\/chargeplus.totalenergies.com\\\/fr\\\/\",\"name\":\"Charge+\",\"description\":\"Voiture \u00e9lectrique : le guide pratique de la recharge\",\"publisher\":{\"@id\":\"https:\\\/\\\/chargeplus.totalenergies.com\\\/fr\\\/#organization\"},\"potentialAction\":[{\"@type\":\"SearchAction\",\"target\":{\"@type\":\"EntryPoint\",\"urlTemplate\":\"https:\\\/\\\/chargeplus.totalenergies.com\\\/fr\\\/?s={search_term_string}\"},\"query-input\":{\"@type\":\"PropertyValueSpecification\",\"valueRequired\":true,\"valueName\":\"search_term_string\"}}],\"inLanguage\":\"fr-FR\"},{\"@type\":\"Organization\",\"@id\":\"https:\\\/\\\/chargeplus.totalenergies.com\\\/fr\\\/#organization\",\"name\":\"Charge+\",\"url\":\"https:\\\/\\\/chargeplus.totalenergies.com\\\/fr\\\/\",\"logo\":{\"@type\":\"ImageObject\",\"inLanguage\":\"fr-FR\",\"@id\":\"https:\\\/\\\/chargeplus.totalenergies.com\\\/fr\\\/#\\\/schema\\\/logo\\\/image\\\/\",\"url\":\"https:\\\/\\\/chargeplus.totalenergies.com\\\/wp-inside\\\/uploads\\\/2023\\\/07\\\/logo-borne-recharge.jpg\",\"contentUrl\":\"https:\\\/\\\/chargeplus.totalenergies.com\\\/wp-inside\\\/uploads\\\/2023\\\/07\\\/logo-borne-recharge.jpg\",\"width\":150,\"height\":150,\"caption\":\"Charge+\"},\"image\":{\"@id\":\"https:\\\/\\\/chargeplus.totalenergies.com\\\/fr\\\/#\\\/schema\\\/logo\\\/image\\\/\"}}]}<\/script>\n<!-- \/ Yoast SEO plugin. -->","yoast_head_json":{"title":"Combien de temps pour recharger une voiture \u00e9lectrique ? | Charge+","description":"Vous vous demandez combien de temps il faut pour recharger une voiture \u00e9lectrique ? La r\u00e9ponse est ici avec toutes nos astuces pour recharger votre v\u00e9hicule rapidement !","robots":{"index":"index","follow":"follow","max-snippet":"max-snippet:-1","max-image-preview":"max-image-preview:large","max-video-preview":"max-video-preview:-1"},"canonical":"https:\/\/chargeplus.totalenergies.com\/fr\/conseils-recharge-electrique\/combien-de-temps-pour-recharger-voiture-electrique\/","og_locale":"fr_FR","og_type":"article","og_title":"Combien de temps pour recharger une voiture \u00e9lectrique ? | Charge+","og_description":"Vous vous demandez combien de temps il faut pour recharger une voiture \u00e9lectrique ? La r\u00e9ponse est ici avec toutes nos astuces pour recharger votre v\u00e9hicule rapidement !","og_url":"https:\/\/chargeplus.totalenergies.com\/fr\/conseils-recharge-electrique\/combien-de-temps-pour-recharger-voiture-electrique\/","og_site_name":"Charge+","article_modified_time":"2025-06-16T11:52:28+00:00","og_image":[{"width":1500,"height":1000,"url":"https:\/\/chargeplus.totalenergies.com\/wp-inside\/uploads\/2023\/07\/voiture-electrique-trouver-borne-recharge.jpg","type":"image\/jpeg"}],"twitter_card":"summary_large_image","schema":{"@context":"https:\/\/schema.org","@graph":[{"@type":"WebPage","@id":"https:\/\/chargeplus.totalenergies.com\/fr\/conseils-recharge-electrique\/combien-de-temps-pour-recharger-voiture-electrique\/","url":"https:\/\/chargeplus.totalenergies.com\/fr\/conseils-recharge-electrique\/combien-de-temps-pour-recharger-voiture-electrique\/","name":"Combien de temps pour recharger une voiture \u00e9lectrique ?","isPartOf":{"@id":"https:\/\/chargeplus.totalenergies.com\/fr\/#website"},"primaryImageOfPage":{"@id":"https:\/\/chargeplus.totalenergies.com\/fr\/conseils-recharge-electrique\/combien-de-temps-pour-recharger-voiture-electrique\/#primaryimage"},"image":{"@id":"https:\/\/chargeplus.totalenergies.com\/fr\/conseils-recharge-electrique\/combien-de-temps-pour-recharger-voiture-electrique\/#primaryimage"},"thumbnailUrl":"https:\/\/chargeplus.totalenergies.com\/wp-inside\/uploads\/2023\/07\/voiture-electrique-trouver-borne-recharge.jpg","datePublished":"2023-07-07T14:38:25+00:00","dateModified":"2025-06-16T11:52:28+00:00","description":"Vous vous demandez combien de temps il faut pour recharger une voiture \u00e9lectrique ? La r\u00e9ponse est ici avec toutes nos astuces pour recharger votre v\u00e9hicule rapidement !","breadcrumb":{"@id":"https:\/\/chargeplus.totalenergies.com\/fr\/conseils-recharge-electrique\/combien-de-temps-pour-recharger-voiture-electrique\/#breadcrumb"},"inLanguage":"fr-FR","potentialAction":[{"@type":"ReadAction","target":["https:\/\/chargeplus.totalenergies.com\/fr\/conseils-recharge-electrique\/combien-de-temps-pour-recharger-voiture-electrique\/"]}]},{"@type":"ImageObject","inLanguage":"fr-FR","@id":"https:\/\/chargeplus.totalenergies.com\/fr\/conseils-recharge-electrique\/combien-de-temps-pour-recharger-voiture-electrique\/#primaryimage","url":"https:\/\/chargeplus.totalenergies.com\/wp-inside\/uploads\/2023\/07\/voiture-electrique-trouver-borne-recharge.jpg","contentUrl":"https:\/\/chargeplus.totalenergies.com\/wp-inside\/uploads\/2023\/07\/voiture-electrique-trouver-borne-recharge.jpg","width":1500,"height":1000,"caption":"Voiture \u00e9lectrique, o\u00f9 trouver une borne de recharge"},{"@type":"BreadcrumbList","@id":"https:\/\/chargeplus.totalenergies.com\/fr\/conseils-recharge-electrique\/combien-de-temps-pour-recharger-voiture-electrique\/#breadcrumb","itemListElement":[{"@type":"ListItem","position":1,"name":"Accueil","item":"https:\/\/chargeplus.totalenergies.com\/fr\/"},{"@type":"ListItem","position":2,"name":"Voiture \u00e9lectrique&#160;: nos conseils sur la recharge","item":"https:\/\/chargeplus.totalenergies.com\/fr\/conseils-recharge-electrique\/"},{"@type":"ListItem","position":3,"name":"Temps de recharge d\u2019une voiture \u00e9lectrique&#160;: tout savoir&#160;!"}]},{"@type":"WebSite","@id":"https:\/\/chargeplus.totalenergies.com\/fr\/#website","url":"https:\/\/chargeplus.totalenergies.com\/fr\/","name":"Charge+","description":"Voiture \u00e9lectrique : le guide pratique de la recharge","publisher":{"@id":"https:\/\/chargeplus.totalenergies.com\/fr\/#organization"},"potentialAction":[{"@type":"SearchAction","target":{"@type":"EntryPoint","urlTemplate":"https:\/\/chargeplus.totalenergies.com\/fr\/?s={search_term_string}"},"query-input":{"@type":"PropertyValueSpecification","valueRequired":true,"valueName":"search_term_string"}}],"inLanguage":"fr-FR"},{"@type":"Organization","@id":"https:\/\/chargeplus.totalenergies.com\/fr\/#organization","name":"Charge+","url":"https:\/\/chargeplus.totalenergies.com\/fr\/","logo":{"@type":"ImageObject","inLanguage":"fr-FR","@id":"https:\/\/chargeplus.totalenergies.com\/fr\/#\/schema\/logo\/image\/","url":"https:\/\/chargeplus.totalenergies.com\/wp-inside\/uploads\/2023\/07\/logo-borne-recharge.jpg","contentUrl":"https:\/\/chargeplus.totalenergies.com\/wp-inside\/uploads\/2023\/07\/logo-borne-recharge.jpg","width":150,"height":150,"caption":"Charge+"},"image":{"@id":"https:\/\/chargeplus.totalenergies.com\/fr\/#\/schema\/logo\/image\/"}}]}},"_links":{"self":[{"href":"https:\/\/chargeplus.totalenergies.com\/fr\/wp-json\/wp\/v2\/pages\/490","targetHints":{"allow":["GET"]}}],"collection":[{"href":"https:\/\/chargeplus.totalenergies.com\/fr\/wp-json\/wp\/v2\/pages"}],"about":[{"href":"https:\/\/chargeplus.totalenergies.com\/fr\/wp-json\/wp\/v2\/types\/page"}],"author":[{"embeddable":true,"href":"https:\/\/chargeplus.totalenergies.com\/fr\/wp-json\/wp\/v2\/users\/3"}],"replies":[{"embeddable":true,"href":"https:\/\/chargeplus.totalenergies.com\/fr\/wp-json\/wp\/v2\/comments?post=490"}],"version-history":[{"count":30,"href":"https:\/\/chargeplus.totalenergies.com\/fr\/wp-json\/wp\/v2\/pages\/490\/revisions"}],"predecessor-version":[{"id":4175,"href":"https:\/\/chargeplus.totalenergies.com\/fr\/wp-json\/wp\/v2\/pages\/490\/revisions\/4175"}],"up":[{"embeddable":true,"href":"https:\/\/chargeplus.totalenergies.com\/fr\/wp-json\/wp\/v2\/pages\/445"}],"wp:featuredmedia":[{"embeddable":true,"href":"https:\/\/chargeplus.totalenergies.com\/fr\/wp-json\/wp\/v2\/media\/613"}],"wp:attachment":[{"href":"https:\/\/chargeplus.totalenergies.com\/fr\/wp-json\/wp\/v2\/media?parent=490"}],"curies":[{"name":"wp","href":"https:\/\/api.w.org\/{rel}","templated":true}]}}