{"id":5020,"date":"2026-02-02T14:49:55","date_gmt":"2026-02-02T13:49:55","guid":{"rendered":"https:\/\/chargeplus.totalenergies.com\/?page_id=5020"},"modified":"2026-02-02T14:54:52","modified_gmt":"2026-02-02T13:54:52","slug":"cookies-policy","status":"publish","type":"page","link":"https:\/\/chargeplus.totalenergies.com\/fr\/cookies-policy\/","title":{"rendered":"Charte Donn\u00e9es Personnelles et Traceurs"},"content":{"rendered":"<div class=\"wp-post-content\"><!-- zone:zn_pagebanner [0] --><br \/>\n\t\t<!-- \/zone:zn_pagebanner [0] --><br \/>\n<!-- zone:zn_text [1] --><\/p>\n<h2>1. Finalit\u00e9s et dur\u00e9es de conservation<\/h2>\n<p data-path-to-node=\"6\">En utilisant le Site, vos donn\u00e9es personnelles font l&rsquo;objet des traitements suivants :<\/p>\n<div class=\"horizontal-scroll-wrapper\">\n<div class=\"table-block-component\">\n<div class=\"table-block has-export-button\">\n<div class=\"table-content not-end-of-paragraph\" data-hveid=\"0\" data-ved=\"0CAAQ3ecQahgKEwjLu6DQpbqSAxUAAAAAHQAAAAAQ6QI\">\n<table data-path-to-node=\"7\">\n<thead>\n<tr>\n<td><strong>Finalit\u00e9<\/strong><\/td>\n<td><strong>Cat\u00e9gories de donn\u00e9es<\/strong><\/td>\n<td><strong>Base juridique<\/strong><\/td>\n<td><strong>Dur\u00e9e<\/strong><\/td>\n<\/tr>\n<\/thead>\n<tbody>\n<tr>\n<td><span data-path-to-node=\"7,1,0,0\"><b data-path-to-node=\"7,1,0,0\" data-index-in-node=\"0\">Personnalisation &amp; CDP<\/b><\/span><\/td>\n<td><span data-path-to-node=\"7,1,1,0\">Donn\u00e9es de navigation, ID client, interactions avec les services de recharge.<\/span><\/td>\n<td><span data-path-to-node=\"7,1,2,0\">Consentement<\/span><\/td>\n<td>\n<p data-path-to-node=\"7,1,3,0\"><span data-path-to-node=\"7,1,3,0,1\"><span class=\"citation-28\">13 mois <\/span><\/span><\/p>\n<div class=\"source-inline-chip-container ng-star-inserted\"><\/div>\n<p>&nbsp;<\/td>\n<\/tr>\n<tr>\n<td><span data-path-to-node=\"7,2,0,0\"><b data-path-to-node=\"7,2,0,0\" data-index-in-node=\"0\">Analyse Big Data<\/b><\/span><\/td>\n<td><span data-path-to-node=\"7,2,1,0\">Donn\u00e9es d&rsquo;usage agr\u00e9g\u00e9es (sessions, volumes de charge).<\/span><\/td>\n<td><span data-path-to-node=\"7,2,2,0\">Consentement<\/span><\/td>\n<td>\n<p data-path-to-node=\"7,2,3,0\"><span data-path-to-node=\"7,2,3,0,1\"><span class=\"citation-27\">13 mois <\/span><\/span><\/p>\n<div class=\"source-inline-chip-container ng-star-inserted\"><\/div>\n<p>&nbsp;<\/td>\n<\/tr>\n<tr>\n<td><span data-path-to-node=\"7,3,0,0\"><b data-path-to-node=\"7,3,0,0\" data-index-in-node=\"0\">Service Client &amp; Assistance<\/b><\/span><\/td>\n<td><span data-path-to-node=\"7,3,1,0\">Donn\u00e9es d&rsquo;identification (Nom, email, SIRET).<\/span><\/td>\n<td><span data-path-to-node=\"7,3,2,0\">Int\u00e9r\u00eat l\u00e9gitime<\/span><\/td>\n<td>\n<p data-path-to-node=\"7,3,3,0\"><span data-path-to-node=\"7,3,3,0,1\"><span class=\"citation-26\">Dur\u00e9e de la relation <\/span><\/span><\/p>\n<div class=\"source-inline-chip-container ng-star-inserted\"><\/div>\n<p>&nbsp;<\/td>\n<\/tr>\n<\/tbody>\n<\/table>\n<\/div>\n<\/div>\n<\/div>\n<\/div>\n<p>\t\t\t<!-- \/zone:zn_text [1] --><br \/>\n<!-- zone:zn_text [2] --><\/p>\n<h2>2. Gestion des cookies et autres traceurs<\/h2>\n<p><span data-path-to-node=\"9,1\"><span class=\"citation-25\">Conform\u00e9ment aux pratiques de la Compagnie, nous activons les traceurs apr\u00e8s recueil de votre consentement, sauf pour les cookies techniques<\/span><\/span><span data-path-to-node=\"9,3\">.<\/span><\/p>\n<p>&nbsp;<\/p>\n<h3 data-path-to-node=\"10\">A. Cookies techniques et fonctionnels (Indispensables)<\/h3>\n<table data-path-to-node=\"11\">\n<thead>\n<tr>\n<td><strong>Type<\/strong><\/td>\n<td><strong>Nom<\/strong><\/td>\n<td><strong>Finalit\u00e9<\/strong><\/td>\n<td><strong>Fournisseur<\/strong><\/td>\n<td><strong>Dur\u00e9e<\/strong><\/td>\n<\/tr>\n<\/thead>\n<tbody>\n<tr>\n<td><span data-path-to-node=\"11,1,0,0\">Technique<\/span><\/td>\n<td><span data-path-to-node=\"11,1,1,0\"><code data-path-to-node=\"11,1,1,0\" data-index-in-node=\"0\">utag_main<\/code>, <code data-path-to-node=\"11,1,1,0\" data-index-in-node=\"11\">CONSENTMGR<\/code><\/span><\/td>\n<td><span data-path-to-node=\"11,1,2,0\">Gestion du consentement et des fonctionnalit\u00e9s.<\/span><\/td>\n<td><span data-path-to-node=\"11,1,3,0\">Tealium<\/span><\/td>\n<td>\n<p data-path-to-node=\"11,1,4,0\"><span data-path-to-node=\"11,1,4,0,1\"><span class=\"citation-24\">13 mois <\/span><\/span><\/p>\n<div class=\"source-inline-chip-container ng-star-inserted\"><\/div>\n<p>&nbsp;<\/td>\n<\/tr>\n<tr>\n<td><span data-path-to-node=\"11,2,0,0\">S\u00e9curit\u00e9<\/span><\/td>\n<td><span data-path-to-node=\"11,2,1,0\"><code data-path-to-node=\"11,2,1,0\" data-index-in-node=\"0\">_GRECAPTCHA<\/code><\/span><\/td>\n<td><span data-path-to-node=\"11,2,2,0\">Protection contre le spam.<\/span><\/td>\n<td><span data-path-to-node=\"11,2,3,0\">Google<\/span><\/td>\n<td>\n<p data-path-to-node=\"11,2,4,0\"><span data-path-to-node=\"11,2,4,0,1\"><span class=\"citation-23\">6 mois <\/span><\/span><\/p>\n<div class=\"source-inline-chip-container ng-star-inserted\"><\/div>\n<p>&nbsp;<\/td>\n<\/tr>\n<\/tbody>\n<\/table>\n<p>&nbsp;<\/p>\n<h3 data-path-to-node=\"12\">B. Cookies statistiques (Mesure d&rsquo;audience)<\/h3>\n<div class=\"horizontal-scroll-wrapper\">\n<div class=\"table-block-component\">\n<div class=\"table-block has-export-button\">\n<div class=\"table-content not-end-of-paragraph\" data-hveid=\"0\" data-ved=\"0CAAQ3ecQahgKEwjLu6DQpbqSAxUAAAAAHQAAAAAQ7wI\">\n<table data-path-to-node=\"13\">\n<thead>\n<tr>\n<td><strong>Type<\/strong><\/td>\n<td><strong>Nom<\/strong><\/td>\n<td><strong>Finalit\u00e9<\/strong><\/td>\n<td><strong>Fournisseur<\/strong><\/td>\n<td><strong>Dur\u00e9e<\/strong><\/td>\n<\/tr>\n<\/thead>\n<tbody>\n<tr>\n<td><span data-path-to-node=\"13,1,0,0\">Statistique<\/span><\/td>\n<td><span data-path-to-node=\"13,1,1,0\"><code data-path-to-node=\"13,1,1,0\" data-index-in-node=\"0\">atuserid<\/code>, <code data-path-to-node=\"13,1,1,0\" data-index-in-node=\"10\">atid<\/code><\/span><\/td>\n<td><span data-path-to-node=\"13,1,2,0\">Analyse du trafic et mesure d&rsquo;audience.<\/span><\/td>\n<td><span data-path-to-node=\"13,1,3,0\">Piano Analytics<\/span><\/td>\n<td>\n<p data-path-to-node=\"13,1,4,0\"><span data-path-to-node=\"13,1,4,0,1\"><span class=\"citation-22\">6 \u00e0 13 mois <\/span><\/span><\/p>\n<div class=\"source-inline-chip-container ng-star-inserted\"><\/div>\n<p>&nbsp;<\/td>\n<\/tr>\n<\/tbody>\n<\/table>\n<\/div>\n<h3 data-path-to-node=\"14\">C. Cookies d&rsquo;Exp\u00e9rience Personnalis\u00e9e (CDP)<\/h3>\n<p data-path-to-node=\"15\">Ces cookies permettent de r\u00e9concilier vos donn\u00e9es de navigation avec votre profil client pour une vision 360\u00b0.<\/p>\n<ul data-path-to-node=\"16\">\n<li>\n<p data-path-to-node=\"16,0,0\"><b data-path-to-node=\"16,0,0\" data-index-in-node=\"0\">Finalit\u00e9 :<\/b> Adapter les offres de recharge en temps r\u00e9el et personnaliser votre interface.<\/p>\n<\/li>\n<li>\n<p data-path-to-node=\"16,1,0\"><b data-path-to-node=\"16,1,0\" data-index-in-node=\"0\">Fournisseur :<\/b> [Votre outil CDP interne].<\/p>\n<\/li>\n<li>\n<p data-path-to-node=\"16,2,0\"><b data-path-to-node=\"16,2,0\" data-index-in-node=\"0\">Dur\u00e9e :<\/b> 13 mois.<\/p>\n<\/li>\n<\/ul>\n<h3 data-path-to-node=\"17\">D. Cookies Publicitaires<\/h3>\n<ul>\n<li data-path-to-node=\"18,0,0\"><b data-path-to-node=\"18,0,0\" data-index-in-node=\"0\">Finalit\u00e9 :<\/b> Mesurer l&rsquo;audience et diffuser des messages publicitaires cibl\u00e9s sur les offres Charge+.<\/li>\n<li data-path-to-node=\"18,1,0\"><b data-path-to-node=\"18,1,0\" data-index-in-node=\"0\">Fournisseurs :<\/b> Google Ads, Meta.<\/li>\n<li data-path-to-node=\"18,1,0\"><span style=\"font-size: inherit;\" data-path-to-node=\"18,2,1,0\"><b data-path-to-node=\"18,2,1,0\" data-index-in-node=\"0\"><span class=\"citation-21\">Dur\u00e9e :<\/span><\/b><span class=\"citation-21\"> 13 mois<\/span><\/span><span style=\"font-size: inherit;\" data-path-to-node=\"18,2,1,2\">.<\/span><\/li>\n<\/ul>\n<\/div>\n<\/div>\n<\/div>\n<p>\t\t\t<!-- \/zone:zn_text [2] --><br \/>\n<!-- zone:zn_text [3] --><\/p>\n<h2>3. Destinataires des donn\u00e9es<\/h2>\n<p><span data-path-to-node=\"20,1\"><span class=\"citation-20\">Vos donn\u00e9es sont destin\u00e9es aux services internes de TotalEnergies et \u00e0 nos prestataires techniques (Tealium, Piano Analytics) pour les seules finalit\u00e9s pr\u00e9vues ci-dessus<\/span><\/span><span data-path-to-node=\"20,3\">.<\/span><\/p>\n<p>\t\t\t<!-- \/zone:zn_text [3] --><br \/>\n<!-- zone:zn_text [4] --><\/p>\n<h2>4. Vos Droits<\/h2>\n<p><span data-path-to-node=\"22,1\"><span class=\"citation-19\">Vous disposez d&rsquo;un droit d&rsquo;acc\u00e8s, de rectification et de suppression de vos donn\u00e9es<\/span><\/span><span data-path-to-node=\"22,3\">. <\/span><span data-path-to-node=\"22,5\"><span class=\"citation-18\">Vous pouvez modifier vos choix \u00e0 tout moment via le centre de param\u00e9trage (bouton \u00ab\u00a0Cookies\u00a0\u00bb en bas de page)<\/span><\/span><span data-path-to-node=\"22,7\">. <\/span><span data-path-to-node=\"22,9\"><span class=\"citation-17\">Pour toute question : <a title=\"mailto:ms.rgpd-mobility@totalenergies.com\" href=\"mailto:ms.rgpd-mobility@totalenergies.com\" data-linkindex=\"7\" data-ogsc=\"rgb(83, 83, 83)\" data-olk-copy-source=\"MessageBody\">ms.rgpd-mobility@totalenergies.com<\/a><\/span><\/span><span data-path-to-node=\"22,11\">.<\/span><\/p>\n<p>\t\t\t<!-- \/zone:zn_text [4] -->\n<\/div>\n","protected":false},"excerpt":{"rendered":"<p>1. Finalit\u00e9s et dur\u00e9es de conservation En utilisant le Site, vos donn\u00e9es personnelles font l&rsquo;objet des traitements suivants : Finalit\u00e9 Cat\u00e9gories de donn\u00e9es Base juridique Dur\u00e9e Personnalisation &amp; CDP Donn\u00e9es [&hellip;]<\/p>\n","protected":false},"author":6,"featured_media":0,"parent":0,"menu_order":0,"comment_status":"closed","ping_status":"closed","template":"","meta":{"_acf_changed":false,"footnotes":""},"class_list":["post-5020","page","type-page","status-publish","hentry","wp-sticky"],"acf":[],"yoast_head":"<!-- This site is optimized with the Yoast SEO plugin v27.4 - https:\/\/yoast.com\/product\/yoast-seo-wordpress\/ -->\n<title>Charte Donn\u00e9es Personnelles et Traceurs | Charge+<\/title>\n<meta name=\"robots\" content=\"index, follow, max-snippet:-1, max-image-preview:large, max-video-preview:-1\" \/>\n<link rel=\"canonical\" href=\"https:\/\/chargeplus.totalenergies.com\/fr\/cookies-policy\/\" \/>\n<meta property=\"og:locale\" content=\"fr_FR\" \/>\n<meta property=\"og:type\" content=\"article\" \/>\n<meta property=\"og:title\" content=\"Charte Donn\u00e9es Personnelles et Traceurs | Charge+\" \/>\n<meta property=\"og:description\" content=\"1. Finalit\u00e9s et dur\u00e9es de conservation En utilisant le Site, vos donn\u00e9es personnelles font l&rsquo;objet des traitements suivants : Finalit\u00e9 Cat\u00e9gories de donn\u00e9es Base juridique Dur\u00e9e Personnalisation &amp; CDP Donn\u00e9es [&hellip;]\" \/>\n<meta property=\"og:url\" content=\"https:\/\/chargeplus.totalenergies.com\/fr\/cookies-policy\/\" \/>\n<meta property=\"og:site_name\" content=\"Charge+\" \/>\n<meta property=\"article:modified_time\" content=\"2026-02-02T13:54:52+00:00\" \/>\n<meta property=\"og:image\" content=\"https:\/\/chargeplus.totalenergies.com\/wp-inside\/uploads\/2025\/05\/blc_picto-recharge_bleu-e1750334318673.png\" \/>\n\t<meta property=\"og:image:width\" content=\"150\" \/>\n\t<meta property=\"og:image:height\" content=\"150\" \/>\n\t<meta property=\"og:image:type\" content=\"image\/png\" \/>\n<meta name=\"twitter:card\" content=\"summary_large_image\" \/>\n<meta name=\"twitter:label1\" content=\"Dur\u00e9e de lecture estim\u00e9e\" \/>\n\t<meta name=\"twitter:data1\" content=\"2 minutes\" \/>\n<script type=\"application\/ld+json\" class=\"yoast-schema-graph\">{\"@context\":\"https:\\\/\\\/schema.org\",\"@graph\":[{\"@type\":\"WebPage\",\"@id\":\"https:\\\/\\\/chargeplus.totalenergies.com\\\/fr\\\/cookies-policy\\\/\",\"url\":\"https:\\\/\\\/chargeplus.totalenergies.com\\\/fr\\\/cookies-policy\\\/\",\"name\":\"Charte Donn\u00e9es Personnelles et Traceurs\",\"isPartOf\":{\"@id\":\"https:\\\/\\\/chargeplus.totalenergies.com\\\/fr\\\/#website\"},\"datePublished\":\"2026-02-02T13:49:55+00:00\",\"dateModified\":\"2026-02-02T13:54:52+00:00\",\"breadcrumb\":{\"@id\":\"https:\\\/\\\/chargeplus.totalenergies.com\\\/fr\\\/cookies-policy\\\/#breadcrumb\"},\"inLanguage\":\"fr-FR\",\"potentialAction\":[{\"@type\":\"ReadAction\",\"target\":[\"https:\\\/\\\/chargeplus.totalenergies.com\\\/fr\\\/cookies-policy\\\/\"]}]},{\"@type\":\"BreadcrumbList\",\"@id\":\"https:\\\/\\\/chargeplus.totalenergies.com\\\/fr\\\/cookies-policy\\\/#breadcrumb\",\"itemListElement\":[{\"@type\":\"ListItem\",\"position\":1,\"name\":\"Accueil\",\"item\":\"https:\\\/\\\/chargeplus.totalenergies.com\\\/fr\\\/\"},{\"@type\":\"ListItem\",\"position\":2,\"name\":\"Charte Donn\u00e9es Personnelles et Traceurs\"}]},{\"@type\":\"WebSite\",\"@id\":\"https:\\\/\\\/chargeplus.totalenergies.com\\\/fr\\\/#website\",\"url\":\"https:\\\/\\\/chargeplus.totalenergies.com\\\/fr\\\/\",\"name\":\"Charge+\",\"description\":\"Voiture \u00e9lectrique : le guide pratique de la recharge\",\"publisher\":{\"@id\":\"https:\\\/\\\/chargeplus.totalenergies.com\\\/fr\\\/#organization\"},\"potentialAction\":[{\"@type\":\"SearchAction\",\"target\":{\"@type\":\"EntryPoint\",\"urlTemplate\":\"https:\\\/\\\/chargeplus.totalenergies.com\\\/fr\\\/?s={search_term_string}\"},\"query-input\":{\"@type\":\"PropertyValueSpecification\",\"valueRequired\":true,\"valueName\":\"search_term_string\"}}],\"inLanguage\":\"fr-FR\"},{\"@type\":\"Organization\",\"@id\":\"https:\\\/\\\/chargeplus.totalenergies.com\\\/fr\\\/#organization\",\"name\":\"Charge+\",\"url\":\"https:\\\/\\\/chargeplus.totalenergies.com\\\/fr\\\/\",\"logo\":{\"@type\":\"ImageObject\",\"inLanguage\":\"fr-FR\",\"@id\":\"https:\\\/\\\/chargeplus.totalenergies.com\\\/fr\\\/#\\\/schema\\\/logo\\\/image\\\/\",\"url\":\"https:\\\/\\\/chargeplus.totalenergies.com\\\/wp-inside\\\/uploads\\\/2023\\\/07\\\/logo-borne-recharge.jpg\",\"contentUrl\":\"https:\\\/\\\/chargeplus.totalenergies.com\\\/wp-inside\\\/uploads\\\/2023\\\/07\\\/logo-borne-recharge.jpg\",\"width\":150,\"height\":150,\"caption\":\"Charge+\"},\"image\":{\"@id\":\"https:\\\/\\\/chargeplus.totalenergies.com\\\/fr\\\/#\\\/schema\\\/logo\\\/image\\\/\"}}]}<\/script>\n<!-- \/ Yoast SEO plugin. -->","yoast_head_json":{"title":"Charte Donn\u00e9es Personnelles et Traceurs | Charge+","robots":{"index":"index","follow":"follow","max-snippet":"max-snippet:-1","max-image-preview":"max-image-preview:large","max-video-preview":"max-video-preview:-1"},"canonical":"https:\/\/chargeplus.totalenergies.com\/fr\/cookies-policy\/","og_locale":"fr_FR","og_type":"article","og_title":"Charte Donn\u00e9es Personnelles et Traceurs | Charge+","og_description":"1. Finalit\u00e9s et dur\u00e9es de conservation En utilisant le Site, vos donn\u00e9es personnelles font l&rsquo;objet des traitements suivants : Finalit\u00e9 Cat\u00e9gories de donn\u00e9es Base juridique Dur\u00e9e Personnalisation &amp; CDP Donn\u00e9es [&hellip;]","og_url":"https:\/\/chargeplus.totalenergies.com\/fr\/cookies-policy\/","og_site_name":"Charge+","article_modified_time":"2026-02-02T13:54:52+00:00","og_image":[{"width":150,"height":150,"url":"https:\/\/chargeplus.totalenergies.com\/wp-inside\/uploads\/2025\/05\/blc_picto-recharge_bleu-e1750334318673.png","type":"image\/png"}],"twitter_card":"summary_large_image","twitter_misc":{"Dur\u00e9e de lecture estim\u00e9e":"2 minutes"},"schema":{"@context":"https:\/\/schema.org","@graph":[{"@type":"WebPage","@id":"https:\/\/chargeplus.totalenergies.com\/fr\/cookies-policy\/","url":"https:\/\/chargeplus.totalenergies.com\/fr\/cookies-policy\/","name":"Charte Donn\u00e9es Personnelles et Traceurs","isPartOf":{"@id":"https:\/\/chargeplus.totalenergies.com\/fr\/#website"},"datePublished":"2026-02-02T13:49:55+00:00","dateModified":"2026-02-02T13:54:52+00:00","breadcrumb":{"@id":"https:\/\/chargeplus.totalenergies.com\/fr\/cookies-policy\/#breadcrumb"},"inLanguage":"fr-FR","potentialAction":[{"@type":"ReadAction","target":["https:\/\/chargeplus.totalenergies.com\/fr\/cookies-policy\/"]}]},{"@type":"BreadcrumbList","@id":"https:\/\/chargeplus.totalenergies.com\/fr\/cookies-policy\/#breadcrumb","itemListElement":[{"@type":"ListItem","position":1,"name":"Accueil","item":"https:\/\/chargeplus.totalenergies.com\/fr\/"},{"@type":"ListItem","position":2,"name":"Charte Donn\u00e9es Personnelles et Traceurs"}]},{"@type":"WebSite","@id":"https:\/\/chargeplus.totalenergies.com\/fr\/#website","url":"https:\/\/chargeplus.totalenergies.com\/fr\/","name":"Charge+","description":"Voiture \u00e9lectrique : le guide pratique de la recharge","publisher":{"@id":"https:\/\/chargeplus.totalenergies.com\/fr\/#organization"},"potentialAction":[{"@type":"SearchAction","target":{"@type":"EntryPoint","urlTemplate":"https:\/\/chargeplus.totalenergies.com\/fr\/?s={search_term_string}"},"query-input":{"@type":"PropertyValueSpecification","valueRequired":true,"valueName":"search_term_string"}}],"inLanguage":"fr-FR"},{"@type":"Organization","@id":"https:\/\/chargeplus.totalenergies.com\/fr\/#organization","name":"Charge+","url":"https:\/\/chargeplus.totalenergies.com\/fr\/","logo":{"@type":"ImageObject","inLanguage":"fr-FR","@id":"https:\/\/chargeplus.totalenergies.com\/fr\/#\/schema\/logo\/image\/","url":"https:\/\/chargeplus.totalenergies.com\/wp-inside\/uploads\/2023\/07\/logo-borne-recharge.jpg","contentUrl":"https:\/\/chargeplus.totalenergies.com\/wp-inside\/uploads\/2023\/07\/logo-borne-recharge.jpg","width":150,"height":150,"caption":"Charge+"},"image":{"@id":"https:\/\/chargeplus.totalenergies.com\/fr\/#\/schema\/logo\/image\/"}}]}},"_links":{"self":[{"href":"https:\/\/chargeplus.totalenergies.com\/fr\/wp-json\/wp\/v2\/pages\/5020","targetHints":{"allow":["GET"]}}],"collection":[{"href":"https:\/\/chargeplus.totalenergies.com\/fr\/wp-json\/wp\/v2\/pages"}],"about":[{"href":"https:\/\/chargeplus.totalenergies.com\/fr\/wp-json\/wp\/v2\/types\/page"}],"author":[{"embeddable":true,"href":"https:\/\/chargeplus.totalenergies.com\/fr\/wp-json\/wp\/v2\/users\/6"}],"replies":[{"embeddable":true,"href":"https:\/\/chargeplus.totalenergies.com\/fr\/wp-json\/wp\/v2\/comments?post=5020"}],"version-history":[{"count":2,"href":"https:\/\/chargeplus.totalenergies.com\/fr\/wp-json\/wp\/v2\/pages\/5020\/revisions"}],"predecessor-version":[{"id":5023,"href":"https:\/\/chargeplus.totalenergies.com\/fr\/wp-json\/wp\/v2\/pages\/5020\/revisions\/5023"}],"wp:attachment":[{"href":"https:\/\/chargeplus.totalenergies.com\/fr\/wp-json\/wp\/v2\/media?parent=5020"}],"curies":[{"name":"wp","href":"https:\/\/api.w.org\/{rel}","templated":true}]}}