{"id":503,"date":"2023-07-07T17:24:26","date_gmt":"2023-07-07T15:24:26","guid":{"rendered":"https:\/\/chargeplus.totalenergies.com\/?page_id=503"},"modified":"2025-06-16T13:34:35","modified_gmt":"2025-06-16T11:34:35","slug":"quand-recharger-voiture-electrique","status":"publish","type":"page","link":"https:\/\/chargeplus.totalenergies.com\/fr\/conseils-recharge-electrique\/quand-recharger-voiture-electrique\/","title":{"rendered":"Charge d\u2019une voiture \u00e9lectrique&#160;: quel est le meilleur moment&#160;?"},"content":{"rendered":"<div class=\"wp-post-content\"><!-- zone:zn_pagebanner [0] --><br \/>\n\t\t<!-- \/zone:zn_pagebanner [0] --><br \/>\n<!-- zone:zn_text [1] --><\/p>\n<h2 style=\"text-align: center;\">Recharge d\u2019un v\u00e9hicule \u00e9lectrique tous les jours : bonne ou mauvaise id\u00e9e ?<\/h2>\n<p>\t\t\t<!-- \/zone:zn_text [1] --><br \/>\n<!-- zone:zn_text [2] --><\/p>\n<p>Faut-il recharger sa voiture \u00e9lectrique tous les jours ? Est-ce que le niveau de batterie diminue si elle n\u2019est pas utilis\u00e9e ? L\u2019achat d\u2019un v\u00e9hicule \u00e9lectrique s\u2019accompagne souvent de questions.<\/p>\n<p>Pour y r\u00e9pondre, diff\u00e9rents param\u00e8tres sont \u00e0 prendre en compte :<\/p>\n<ul>\n<li>l\u2019autonomie de la voiture ;<\/li>\n<li>l\u2019usage que vous faites du v\u00e9hicule ;<\/li>\n<li>le type de batterie.<\/li>\n<\/ul>\n<h3>L\u2019autonomie du v\u00e9hicule<\/h3>\n<p>Votre <a href=\"https:\/\/chargeplus.totalenergies.com\/fr\/marques-de-voitures\/\">v\u00e9hicule \u00e9lectrique<\/a> est con\u00e7u pour rouler sur une certaine distance sans \u00eatre recharg\u00e9. N\u00e9anmoins, <strong>le nombre de kilom\u00e8tres donn\u00e9 par le constructeur n\u2019est qu\u2019indicatif<\/strong> et ne tient pas compte de votre type de conduite, des routes que vous empruntez, du chargement du v\u00e9hicule ou encore de la m\u00e9t\u00e9o. Tous ces \u00e9l\u00e9ments influent sur la <a href=\"https:\/\/chargeplus.totalenergies.com\/fr\/conseils-recharge-electrique\/gestes-a-adopter-pour-reduire-sa-consommation\/\">consommation de votre voiture \u00e9lectrique<\/a>.<\/p>\n<p>Il faut aussi retenir qu\u2019une voiture n\u2019ayant qu\u2019une faible autonomie devra \u00eatre recharg\u00e9e plus souvent, en fonction des trajets que vous r\u00e9aliserez.<\/p>\n<p>\t\t\t<!-- \/zone:zn_text [2] --><br \/>\n<!-- zone:zn_text_img [3] --><\/p>\n<h3>L\u2019usage de la voiture \u00e9lectrique<\/h3>\n<p>Vous effectuez de petits trajets en ville de temps en temps ? Peut-\u00eatre qu\u2019il n\u2019est pas n\u00e9cessaire de recharger votre voiture chaque jour. En revanche, si vos allers-retours maison-travail repr\u00e9sentent un certain nombre de kilom\u00e8tres, votre v\u00e9hicule devra \u00eatre charg\u00e9 quotidiennement !<\/p>\n<p><strong>Anticipez toujours<\/strong> et demandez-vous si vous allez utiliser votre voiture le lendemain, et s\u2019il lui reste suffisamment de batterie pour parcourir les distances pr\u00e9vues.<\/p>\n<p>La mani\u00e8re dont vous conduisez a elle aussi un impact. <strong>Une conduite souple<\/strong>, avec un v\u00e9hicule peu charg\u00e9 en termes de poids et une vitesse raisonnable, permet de<strong> r\u00e9aliser des \u00e9conomies d\u2019\u00e9nergie<\/strong>. Ainsi, vous rechargez moins souvent votre v\u00e9hicule !<\/p>\n<p><strong>\u00c0 lire aussi<\/strong> : <a href=\"https:\/\/chargeplus.totalenergies.com\/fr\/conseils-recharge-electrique\/5-astuces-pour-minimiser-cout-de-sa-recharge\/\">Voiture \u00e9lectrique : 5 astuces pour minimiser le co\u00fbt de sa recharge<\/a><\/p>\n<p><!-- \/zone:zn_text_img [3] --><br \/>\n<!-- zone:zn_text [4] --><\/p>\n<h3 style=\"text-align: center;\">Le type de batterie<\/h3>\n<p style=\"text-align: center;\">En dehors de l\u2019autonomie du v\u00e9hicule et de l\u2019usage que vous en faites, il est important de tenir compte du type de batterie dont il est \u00e9quip\u00e9 pour en <a href=\"https:\/\/chargeplus.totalenergies.com\/fr\/conseils-recharge-electrique\/comment-optimiser-duree-vie-batterie-voiture-electrique\/\">optimiser la dur\u00e9e de vie<\/a>.<\/p>\n<p style=\"text-align: center;\">Par exemple, avec une batterie nickel-m\u00e9tal hydrure, plut\u00f4t rare \u00e0 ce jour, la voiture <strong>perd pr\u00e8s de 12,5 % de sa charge chaque jour \u00e0 l\u2019arr\u00eat<\/strong>. Si vous utilisez ce type d&rsquo;\u00e9quipement, il faudra effectuer la recharge fr\u00e9quemment.<\/p>\n<p style=\"text-align: center;\">Au contraire, les batteries lithium-ion <strong>perdent 5 % de charge chaque mois lorsqu\u2019elles demeurent inutilis\u00e9es<\/strong>. Avec une si faible perte, vous n\u2019aurez qu\u2019\u00e0 recharger votre v\u00e9hicule en fonction de son autonomie et de vos trajets.<\/p>\n<p>\t\t\t<!-- \/zone:zn_text [4] --><br \/>\n<!-- zone:zn_text_img [6] --><\/p>\n<h2>Quel est le meilleur moment pour recharger sa voiture \u00e9lectrique ?<\/h2>\n<p>Recharger sa voiture \u00e9lectrique,<strong> c\u2019est comme mettre en charge son t\u00e9l\u00e9phone<\/strong>. C\u2019est simple, on le fait quand c\u2019est n\u00e9cessaire et quand cela nous arrange, tout en essayant d\u2019optimiser la dur\u00e9e de vie de la batterie. Le niveau de la batterie au moment o\u00f9 vous d\u00e9cidez d\u2019effectuer votre recharge va aussi d\u00e9terminer le temps de recharge, comme c\u2019est \u00e9galement le cas avec votre t\u00e9l\u00e9phone.<\/p>\n<p>Pour recharger sa voiture \u00e9lectrique dans les meilleures conditions, il est important de bien conna\u00eetre le type d&rsquo;\u00e9quipement pr\u00e9sent sur le v\u00e9hicule. La <a href=\"https:\/\/chargeplus.totalenergies.com\/fr\/conseils-recharge-electrique\/combien-de-temps-pour-recharger-voiture-electrique\/\">dur\u00e9e de charge d\u2019une batterie<\/a> <strong>d\u00e9pend de sa capacit\u00e9<\/strong> : plus elle est \u00e9lev\u00e9e, plus la charge prend du temps. De m\u00eame, il faut garder en t\u00eate qu\u2019une recharge lente pr\u00e9serve les diff\u00e9rents composants de la batterie. Les recharges rapides s&rsquo;av\u00e8rent tr\u00e8s pratiques, mais <strong>il est pr\u00e9f\u00e9rable de ne les utiliser que ponctuellement<\/strong>.<\/p>\n<p>Ainsi, dans l\u2019id\u00e9al, mieux vaut effectuer la recharge la nuit, ou en journ\u00e9e si une borne se trouve pr\u00e8s de votre lieu de travail. Recharger pendant la nuit revient souvent moins cher. En effet, les bornes proposent souvent des tarifications nocturnes plut\u00f4t int\u00e9ressantes. Si vous faites la recharge \u00e0 votre domicile, vous pourrez aussi <strong>b\u00e9n\u00e9ficier des heures creuses<\/strong>, \u00e0 condition que votre contrat le pr\u00e9voie.<\/p>\n<p><!-- \/zone:zn_text_img [6] --><br \/>\n<!-- zone:zn_text_img [7] --><\/p>\n<h2>Peut-on laisser sa voiture charger toute la nuit ?<\/h2>\n<p>Pour pr\u00e9server la sant\u00e9 de votre batterie, pensez \u00e0 respecter certaines bonnes pratiques. Il est notamment important de rester dans une fourchette de charge entre 20 % et 80 %. Ainsi, il est plut\u00f4t n\u00e9faste pour la batterie de la recharger trop souvent \u00e0 100 %, car<strong> le niveau maximum id\u00e9al se situe plut\u00f4t autour de 80 %.<\/strong><\/p>\n<p>Si la batterie de votre v\u00e9hicule n\u2019a pas une grande capacit\u00e9, elle va se recharger relativement vite. Mais si vous, vous avez besoin de beaucoup d&rsquo;heures de sommeil, votre voiture pourrait rester branch\u00e9e trop longtemps et <a href=\"https:\/\/chargeplus.totalenergies.com\/fr\/conseils-recharge-electrique\/faut-il-recharger-sa-voiture-electrique-a-100\/\">atteindre les 100 % de charge<\/a>. Heureusement, vous pouvez aussi <strong>programmer l\u2019arr\u00eat de la recharge<\/strong>. Cela peut se faire <strong>via la station de la recharge<\/strong>, \u00e0 l\u2019aide d\u2019une <strong>application depuis un smartphone<\/strong>, ou encore <strong>directement sur le v\u00e9hicule<\/strong> (pour les Renault Zo\u00e9 par exemple).<\/p>\n<p>Ainsi, vous pouvez donner l\u2019ordre \u00e0 la recharge de s\u2019arr\u00eater \u00e0 une certaine heure, ou bien lorsque la batterie atteint un niveau donn\u00e9. L\u2019id\u00e9al : faire stopper la recharge quelques minutes avant votre d\u00e9part le matin. La batterie est chaude et vous offre le meilleur d\u2019elle-m\u00eame. Dans tous les cas, en programmant la fin de la charge du v\u00e9hicule, vous \u00e9vitez de surcharger la batterie, et vous dormez tranquillement !<\/p>\n<p><!-- \/zone:zn_text_img [7] -->\n<\/div>\n","protected":false},"excerpt":{"rendered":"<p>Quand faut-il recharger une voiture \u00e9lectrique ? Voici une question primordiale pour les propri\u00e9taires de ce type de v\u00e9hicule.<\/p>\n","protected":false},"author":3,"featured_media":3471,"parent":445,"menu_order":5,"comment_status":"closed","ping_status":"closed","template":"","meta":{"_acf_changed":false,"footnotes":""},"class_list":["post-503","page","type-page","status-publish","has-post-thumbnail","hentry","wp-sticky"],"acf":[],"yoast_head":"<!-- This site is optimized with the Yoast SEO plugin v27.5 - https:\/\/yoast.com\/product\/yoast-seo-wordpress\/ -->\n<title>Quand faut-il recharger sa voiture \u00e9lectrique ? | Charge+<\/title>\n<meta name=\"description\" content=\"Quand faut-il recharger sa voiture \u00e9lectrique ? Retrouvez tous les param\u00e8tres \u00e0 prendre en compte pour la charger au bon moment, de mani\u00e8re simple et efficace.\" \/>\n<meta name=\"robots\" content=\"index, follow, max-snippet:-1, max-image-preview:large, max-video-preview:-1\" \/>\n<link rel=\"canonical\" href=\"https:\/\/chargeplus.totalenergies.com\/fr\/conseils-recharge-electrique\/quand-recharger-voiture-electrique\/\" \/>\n<meta property=\"og:locale\" content=\"fr_FR\" \/>\n<meta property=\"og:type\" content=\"article\" \/>\n<meta property=\"og:title\" content=\"Quand faut-il recharger sa voiture \u00e9lectrique ? | Charge+\" \/>\n<meta property=\"og:description\" content=\"Quand faut-il recharger sa voiture \u00e9lectrique ? Retrouvez tous les param\u00e8tres \u00e0 prendre en compte pour la charger au bon moment, de mani\u00e8re simple et efficace.\" \/>\n<meta property=\"og:url\" content=\"https:\/\/chargeplus.totalenergies.com\/fr\/conseils-recharge-electrique\/quand-recharger-voiture-electrique\/\" \/>\n<meta property=\"og:site_name\" content=\"Charge+\" \/>\n<meta property=\"article:modified_time\" content=\"2025-06-16T11:34:35+00:00\" \/>\n<meta property=\"og:image\" content=\"https:\/\/chargeplus.totalenergies.com\/wp-inside\/uploads\/2024\/12\/charge-voiture-electrique-meilleur-moment.jpg\" \/>\n\t<meta property=\"og:image:width\" content=\"2000\" \/>\n\t<meta property=\"og:image:height\" content=\"1333\" \/>\n\t<meta property=\"og:image:type\" content=\"image\/jpeg\" \/>\n<meta name=\"twitter:card\" content=\"summary_large_image\" \/>\n<script type=\"application\/ld+json\" class=\"yoast-schema-graph\">{\"@context\":\"https:\\\/\\\/schema.org\",\"@graph\":[{\"@type\":\"WebPage\",\"@id\":\"https:\\\/\\\/chargeplus.totalenergies.com\\\/fr\\\/conseils-recharge-electrique\\\/quand-recharger-voiture-electrique\\\/\",\"url\":\"https:\\\/\\\/chargeplus.totalenergies.com\\\/fr\\\/conseils-recharge-electrique\\\/quand-recharger-voiture-electrique\\\/\",\"name\":\"Quand faut-il recharger sa voiture \u00e9lectrique ?\",\"isPartOf\":{\"@id\":\"https:\\\/\\\/chargeplus.totalenergies.com\\\/fr\\\/#website\"},\"primaryImageOfPage\":{\"@id\":\"https:\\\/\\\/chargeplus.totalenergies.com\\\/fr\\\/conseils-recharge-electrique\\\/quand-recharger-voiture-electrique\\\/#primaryimage\"},\"image\":{\"@id\":\"https:\\\/\\\/chargeplus.totalenergies.com\\\/fr\\\/conseils-recharge-electrique\\\/quand-recharger-voiture-electrique\\\/#primaryimage\"},\"thumbnailUrl\":\"https:\\\/\\\/chargeplus.totalenergies.com\\\/wp-inside\\\/uploads\\\/2024\\\/12\\\/charge-voiture-electrique-meilleur-moment.jpg\",\"datePublished\":\"2023-07-07T15:24:26+00:00\",\"dateModified\":\"2025-06-16T11:34:35+00:00\",\"description\":\"Quand faut-il recharger sa voiture \u00e9lectrique ? Retrouvez tous les param\u00e8tres \u00e0 prendre en compte pour la charger au bon moment, de mani\u00e8re simple et efficace.\",\"breadcrumb\":{\"@id\":\"https:\\\/\\\/chargeplus.totalenergies.com\\\/fr\\\/conseils-recharge-electrique\\\/quand-recharger-voiture-electrique\\\/#breadcrumb\"},\"inLanguage\":\"fr-FR\",\"potentialAction\":[{\"@type\":\"ReadAction\",\"target\":[\"https:\\\/\\\/chargeplus.totalenergies.com\\\/fr\\\/conseils-recharge-electrique\\\/quand-recharger-voiture-electrique\\\/\"]}]},{\"@type\":\"ImageObject\",\"inLanguage\":\"fr-FR\",\"@id\":\"https:\\\/\\\/chargeplus.totalenergies.com\\\/fr\\\/conseils-recharge-electrique\\\/quand-recharger-voiture-electrique\\\/#primaryimage\",\"url\":\"https:\\\/\\\/chargeplus.totalenergies.com\\\/wp-inside\\\/uploads\\\/2024\\\/12\\\/charge-voiture-electrique-meilleur-moment.jpg\",\"contentUrl\":\"https:\\\/\\\/chargeplus.totalenergies.com\\\/wp-inside\\\/uploads\\\/2024\\\/12\\\/charge-voiture-electrique-meilleur-moment.jpg\",\"width\":2000,\"height\":1333,\"caption\":\"Charge d'une voiture \u00e9lectrique quel est le meilleur moment\"},{\"@type\":\"BreadcrumbList\",\"@id\":\"https:\\\/\\\/chargeplus.totalenergies.com\\\/fr\\\/conseils-recharge-electrique\\\/quand-recharger-voiture-electrique\\\/#breadcrumb\",\"itemListElement\":[{\"@type\":\"ListItem\",\"position\":1,\"name\":\"Accueil\",\"item\":\"https:\\\/\\\/chargeplus.totalenergies.com\\\/fr\\\/\"},{\"@type\":\"ListItem\",\"position\":2,\"name\":\"Voiture \u00e9lectrique&#160;: nos conseils sur la recharge\",\"item\":\"https:\\\/\\\/chargeplus.totalenergies.com\\\/fr\\\/conseils-recharge-electrique\\\/\"},{\"@type\":\"ListItem\",\"position\":3,\"name\":\"Charge d\u2019une voiture \u00e9lectrique&#160;: quel est le meilleur moment&#160;?\"}]},{\"@type\":\"WebSite\",\"@id\":\"https:\\\/\\\/chargeplus.totalenergies.com\\\/fr\\\/#website\",\"url\":\"https:\\\/\\\/chargeplus.totalenergies.com\\\/fr\\\/\",\"name\":\"Charge+\",\"description\":\"Voiture \u00e9lectrique : le guide pratique de la recharge\",\"publisher\":{\"@id\":\"https:\\\/\\\/chargeplus.totalenergies.com\\\/fr\\\/#organization\"},\"potentialAction\":[{\"@type\":\"SearchAction\",\"target\":{\"@type\":\"EntryPoint\",\"urlTemplate\":\"https:\\\/\\\/chargeplus.totalenergies.com\\\/fr\\\/?s={search_term_string}\"},\"query-input\":{\"@type\":\"PropertyValueSpecification\",\"valueRequired\":true,\"valueName\":\"search_term_string\"}}],\"inLanguage\":\"fr-FR\"},{\"@type\":\"Organization\",\"@id\":\"https:\\\/\\\/chargeplus.totalenergies.com\\\/fr\\\/#organization\",\"name\":\"Charge+\",\"url\":\"https:\\\/\\\/chargeplus.totalenergies.com\\\/fr\\\/\",\"logo\":{\"@type\":\"ImageObject\",\"inLanguage\":\"fr-FR\",\"@id\":\"https:\\\/\\\/chargeplus.totalenergies.com\\\/fr\\\/#\\\/schema\\\/logo\\\/image\\\/\",\"url\":\"https:\\\/\\\/chargeplus.totalenergies.com\\\/wp-inside\\\/uploads\\\/2023\\\/07\\\/logo-borne-recharge.jpg\",\"contentUrl\":\"https:\\\/\\\/chargeplus.totalenergies.com\\\/wp-inside\\\/uploads\\\/2023\\\/07\\\/logo-borne-recharge.jpg\",\"width\":150,\"height\":150,\"caption\":\"Charge+\"},\"image\":{\"@id\":\"https:\\\/\\\/chargeplus.totalenergies.com\\\/fr\\\/#\\\/schema\\\/logo\\\/image\\\/\"}}]}<\/script>\n<!-- \/ Yoast SEO plugin. -->","yoast_head_json":{"title":"Quand faut-il recharger sa voiture \u00e9lectrique ? | Charge+","description":"Quand faut-il recharger sa voiture \u00e9lectrique ? Retrouvez tous les param\u00e8tres \u00e0 prendre en compte pour la charger au bon moment, de mani\u00e8re simple et efficace.","robots":{"index":"index","follow":"follow","max-snippet":"max-snippet:-1","max-image-preview":"max-image-preview:large","max-video-preview":"max-video-preview:-1"},"canonical":"https:\/\/chargeplus.totalenergies.com\/fr\/conseils-recharge-electrique\/quand-recharger-voiture-electrique\/","og_locale":"fr_FR","og_type":"article","og_title":"Quand faut-il recharger sa voiture \u00e9lectrique ? | Charge+","og_description":"Quand faut-il recharger sa voiture \u00e9lectrique ? Retrouvez tous les param\u00e8tres \u00e0 prendre en compte pour la charger au bon moment, de mani\u00e8re simple et efficace.","og_url":"https:\/\/chargeplus.totalenergies.com\/fr\/conseils-recharge-electrique\/quand-recharger-voiture-electrique\/","og_site_name":"Charge+","article_modified_time":"2025-06-16T11:34:35+00:00","og_image":[{"width":2000,"height":1333,"url":"https:\/\/chargeplus.totalenergies.com\/wp-inside\/uploads\/2024\/12\/charge-voiture-electrique-meilleur-moment.jpg","type":"image\/jpeg"}],"twitter_card":"summary_large_image","schema":{"@context":"https:\/\/schema.org","@graph":[{"@type":"WebPage","@id":"https:\/\/chargeplus.totalenergies.com\/fr\/conseils-recharge-electrique\/quand-recharger-voiture-electrique\/","url":"https:\/\/chargeplus.totalenergies.com\/fr\/conseils-recharge-electrique\/quand-recharger-voiture-electrique\/","name":"Quand faut-il recharger sa voiture \u00e9lectrique ?","isPartOf":{"@id":"https:\/\/chargeplus.totalenergies.com\/fr\/#website"},"primaryImageOfPage":{"@id":"https:\/\/chargeplus.totalenergies.com\/fr\/conseils-recharge-electrique\/quand-recharger-voiture-electrique\/#primaryimage"},"image":{"@id":"https:\/\/chargeplus.totalenergies.com\/fr\/conseils-recharge-electrique\/quand-recharger-voiture-electrique\/#primaryimage"},"thumbnailUrl":"https:\/\/chargeplus.totalenergies.com\/wp-inside\/uploads\/2024\/12\/charge-voiture-electrique-meilleur-moment.jpg","datePublished":"2023-07-07T15:24:26+00:00","dateModified":"2025-06-16T11:34:35+00:00","description":"Quand faut-il recharger sa voiture \u00e9lectrique ? Retrouvez tous les param\u00e8tres \u00e0 prendre en compte pour la charger au bon moment, de mani\u00e8re simple et efficace.","breadcrumb":{"@id":"https:\/\/chargeplus.totalenergies.com\/fr\/conseils-recharge-electrique\/quand-recharger-voiture-electrique\/#breadcrumb"},"inLanguage":"fr-FR","potentialAction":[{"@type":"ReadAction","target":["https:\/\/chargeplus.totalenergies.com\/fr\/conseils-recharge-electrique\/quand-recharger-voiture-electrique\/"]}]},{"@type":"ImageObject","inLanguage":"fr-FR","@id":"https:\/\/chargeplus.totalenergies.com\/fr\/conseils-recharge-electrique\/quand-recharger-voiture-electrique\/#primaryimage","url":"https:\/\/chargeplus.totalenergies.com\/wp-inside\/uploads\/2024\/12\/charge-voiture-electrique-meilleur-moment.jpg","contentUrl":"https:\/\/chargeplus.totalenergies.com\/wp-inside\/uploads\/2024\/12\/charge-voiture-electrique-meilleur-moment.jpg","width":2000,"height":1333,"caption":"Charge d'une voiture \u00e9lectrique quel est le meilleur moment"},{"@type":"BreadcrumbList","@id":"https:\/\/chargeplus.totalenergies.com\/fr\/conseils-recharge-electrique\/quand-recharger-voiture-electrique\/#breadcrumb","itemListElement":[{"@type":"ListItem","position":1,"name":"Accueil","item":"https:\/\/chargeplus.totalenergies.com\/fr\/"},{"@type":"ListItem","position":2,"name":"Voiture \u00e9lectrique&#160;: nos conseils sur la recharge","item":"https:\/\/chargeplus.totalenergies.com\/fr\/conseils-recharge-electrique\/"},{"@type":"ListItem","position":3,"name":"Charge d\u2019une voiture \u00e9lectrique&#160;: quel est le meilleur moment&#160;?"}]},{"@type":"WebSite","@id":"https:\/\/chargeplus.totalenergies.com\/fr\/#website","url":"https:\/\/chargeplus.totalenergies.com\/fr\/","name":"Charge+","description":"Voiture \u00e9lectrique : le guide pratique de la recharge","publisher":{"@id":"https:\/\/chargeplus.totalenergies.com\/fr\/#organization"},"potentialAction":[{"@type":"SearchAction","target":{"@type":"EntryPoint","urlTemplate":"https:\/\/chargeplus.totalenergies.com\/fr\/?s={search_term_string}"},"query-input":{"@type":"PropertyValueSpecification","valueRequired":true,"valueName":"search_term_string"}}],"inLanguage":"fr-FR"},{"@type":"Organization","@id":"https:\/\/chargeplus.totalenergies.com\/fr\/#organization","name":"Charge+","url":"https:\/\/chargeplus.totalenergies.com\/fr\/","logo":{"@type":"ImageObject","inLanguage":"fr-FR","@id":"https:\/\/chargeplus.totalenergies.com\/fr\/#\/schema\/logo\/image\/","url":"https:\/\/chargeplus.totalenergies.com\/wp-inside\/uploads\/2023\/07\/logo-borne-recharge.jpg","contentUrl":"https:\/\/chargeplus.totalenergies.com\/wp-inside\/uploads\/2023\/07\/logo-borne-recharge.jpg","width":150,"height":150,"caption":"Charge+"},"image":{"@id":"https:\/\/chargeplus.totalenergies.com\/fr\/#\/schema\/logo\/image\/"}}]}},"_links":{"self":[{"href":"https:\/\/chargeplus.totalenergies.com\/fr\/wp-json\/wp\/v2\/pages\/503","targetHints":{"allow":["GET"]}}],"collection":[{"href":"https:\/\/chargeplus.totalenergies.com\/fr\/wp-json\/wp\/v2\/pages"}],"about":[{"href":"https:\/\/chargeplus.totalenergies.com\/fr\/wp-json\/wp\/v2\/types\/page"}],"author":[{"embeddable":true,"href":"https:\/\/chargeplus.totalenergies.com\/fr\/wp-json\/wp\/v2\/users\/3"}],"replies":[{"embeddable":true,"href":"https:\/\/chargeplus.totalenergies.com\/fr\/wp-json\/wp\/v2\/comments?post=503"}],"version-history":[{"count":23,"href":"https:\/\/chargeplus.totalenergies.com\/fr\/wp-json\/wp\/v2\/pages\/503\/revisions"}],"predecessor-version":[{"id":4169,"href":"https:\/\/chargeplus.totalenergies.com\/fr\/wp-json\/wp\/v2\/pages\/503\/revisions\/4169"}],"up":[{"embeddable":true,"href":"https:\/\/chargeplus.totalenergies.com\/fr\/wp-json\/wp\/v2\/pages\/445"}],"wp:featuredmedia":[{"embeddable":true,"href":"https:\/\/chargeplus.totalenergies.com\/fr\/wp-json\/wp\/v2\/media\/3471"}],"wp:attachment":[{"href":"https:\/\/chargeplus.totalenergies.com\/fr\/wp-json\/wp\/v2\/media?parent=503"}],"curies":[{"name":"wp","href":"https:\/\/api.w.org\/{rel}","templated":true}]}}