{"id":5126,"date":"2026-03-12T09:12:04","date_gmt":"2026-03-12T08:12:04","guid":{"rendered":"https:\/\/chargeplus.totalenergies.com\/?page_id=5126"},"modified":"2026-04-15T10:51:59","modified_gmt":"2026-04-15T08:51:59","slug":"option-city-amp","status":"publish","type":"page","link":"https:\/\/chargeplus.totalenergies.com\/fr\/option-city-amp\/","title":{"rendered":"Option City M\u00e9tropole Aix-Marseille-Provence"},"content":{"rendered":"<div class=\"wp-post-content\"><!-- zone:zn_pagebanner [0] --><br \/>\n\t\t<!-- \/zone:zn_pagebanner [0] --><br \/>\n<!-- zone:zn_text_img [1] --><\/p>\n<h2>TotalEnergies acc\u00e9l\u00e8re la mobilit\u00e9 \u00e9lectrique pour tous !<\/h2>\n<p><span data-olk-copy-source=\"MessageBody\">Avec 100 points de recharge d\u00e9j\u00e0 d\u00e9ploy\u00e9s sur la M\u00e9tropole, TotalEnergies poursuit le d\u00e9veloppement de son r\u00e9seau, avec plus de 200 points de recharge suppl\u00e9mentaires pr\u00e9vus.<br \/>\n<\/span>Notre objectif : rendre la mobilit\u00e9 \u00e9lectrique simple, accessible <span data-olk-copy-source=\"MessageBody\">et \u00e0 port\u00e9e de main pour tous les habitants de la M\u00e9tropole<\/span>.<\/p>\n<p>&nbsp;<\/p>\n<p><a class=\"button\" href=\"https:\/\/subscription.chargeplus.totalenergies.com\/fr\/subscription\/step\/offer\">Je veux l&rsquo;option City<\/a><\/p>\n<p>&nbsp;<\/p>\n<p><!-- \/zone:zn_text_img [1] --><br \/>\n<!-- zone:zn_text_img [2] --><\/p>\n<h2>L\u2019option City : une offre pens\u00e9e pour vous au c\u0153ur de la M\u00e9tropole Aix-Marseille-Provence<\/h2>\n<p>Chez TotalEnergies nous concevons des offres qui s\u2019adaptent <span data-olk-copy-source=\"MessageBody\">\u00e0 vos usages et \u00e0 votre quotidien, avec une tarification claire et transparente<\/span>.<br \/>\nParce que vos besoins \u00e9voluent, notre service \u00e9volue avec vous : cette option est flexible et sans engagement.<\/p>\n<p>Les tarifs sont propos\u00e9s en fonction de la puissance des bornes, avec une option \u00ab nuit \u00bb \u00e0 prix attractif pour encourager la recharge aux heures creuses.<br \/>\nAvec Charge+ et l\u2019option City, r\u00e9alisez des \u00e9conomies concr\u00e8tes sur vos recharges en courant alternatif (AC) : 0,45\u202f\u20ac\/kWh* en journ\u00e9e (de 8h \u00e0 20h) et 0,40 \u20ac\/kWh la nuit (de 20h \u00e0 8h), contre un tarif public de 0,54\u202f\u20ac\/kWh* sans option, de jour comme de nuit.<\/p>\n<p><span data-olk-copy-source=\"MessageBody\">Avec l&rsquo;option City, il y a \u00e9galement un tarif pr\u00e9f\u00e9rentiel sur la recharge en DC (cf. grille de prix ci-dessous)<\/span><\/p>\n<p><i data-olk-copy-source=\"MessageBody\">*Des frais d\u2019inactivit\u00e9 de 0,07<\/i><i>\u202f\u20ac\/minute s\u2019appliquent 30 minutes apr\u00e8s la fin de la recharge, en journ\u00e9e, afin de garantir la disponibilit\u00e9\u00a0des bornes pour tous<\/i>.<\/p>\n<p>&nbsp;<\/p>\n<p><a class=\"button\" href=\"https:\/\/chargeplus.totalenergies.com\/fr\/carte-de-recharge\/\">Commander ma carte<\/a><\/p>\n<p>&nbsp;<\/p>\n<p><!-- \/zone:zn_text_img [2] --><br \/>\n<!-- zone:zn_list_accordion [7] --><\/p>\n<h2>Besoin d&rsquo;aide ?<\/h2>\n<h3>Sur quelles bornes s\u2019appliquent les avantages tarifaires de l\u2019Option City ?<\/h3>\n<p>L\u2019Option City vous permet de b\u00e9n\u00e9ficier d\u2019une tarification pr\u00e9f\u00e9rentielle sur les bornes op\u00e9r\u00e9es par TotalEnergies et situ\u00e9es en voirie au sein de la M\u00e9tropole Aix\u2011Marseille\u2011Provence. Les bornes \u00e9ligibles sont identifiables directement depuis l\u2019application.<\/p>\n<p><i><u>\u00c0 noter :<\/u>\u00a0la carte Charge+ est une carte de recharge universelle. Avec ou sans option, elle vous donne acc\u00e8s \u00e0 plus de 160<\/i><i>\u202f000 points de recharge en France chez TotalEnergies et ses partenaires, et peut \u00e9galement vous faire b\u00e9n\u00e9ficier de remises ponctuelles.<\/i><\/p>\n<h3>Puis-je cumuler l&rsquo;Option City et l&rsquo;Option Zen ?<\/h3>\n<p>Absolument. Vous pouvez \u00eatre un citadin la semaine (Option City) et un vacancier l&rsquo;\u00e9t\u00e9 (Option Zen). Les options sont cumulables et ind\u00e9pendantes. Vous g\u00e9rez tout depuis votre app TotalEnergies &#8211; Charge+.<\/p>\n<p>&nbsp;<\/p>\n<p>&nbsp;<\/p>\n<h3>Je n\u2019habite ni \u00e0 Marseille, ni \u00e0 Aix en Provence : l\u2019Option City est-elle faite pour moi ?<\/h3>\n<p><span data-olk-copy-source=\"MessageBody\">Si vous r\u00e9sidez ou travaillez dans l\u2019une des communes de la M\u00e9tropole, cette offre est faite pour vous ! Retrouvez une borne \u00e9ligible \u00e0 la remise de l\u2019Option City proche de vous depuis l&rsquo;application TotalEnergies Charge+.<\/span><\/p>\n<p>&nbsp;<\/p>\n<p>\t<!-- \/zone:zn_list_accordion [7] --><br \/>\n<!-- zone:zn_text [8] --><\/p>\n<p><sub><span style=\"vertical-align: super;\">(1) <\/span><span style=\"vertical-align: super;\">Abonnement mensuel Charge+ Option Zen \u00bb \u00e0 3,90\u20ac TTC\/mois, sans engagement et tacitement reconductible. La remise de 15% sera applicable imm\u00e9diatement sur le prix public de la recharge effectu\u00e9e sur les bornes haute puissance (d&rsquo;au moins 50kW) \u00e0 la marque TotalEnergies en France m\u00e9tropolitaine (hors Corse). Voir liste des stations et conditions compl\u00e8tes sur chargeplus.totalenergies.com\/fr.<\/span><\/sub><\/p>\n<p><sup>(2) Abonnement mensuel en option, 5\u20ac sans engagement et tacitement reconductible permettant de b\u00e9n\u00e9ficier d\u2019un\u00a0tarif pr\u00e9f\u00e9rentiel applicable exclusivement sur les bornes\u00a0\u00e0 la marque TotalEnergies\u00a0situ\u00e9es dans la zone g\u00e9ographique sp\u00e9cifique (Ville ou M\u00e9tropole). L\u2019offre est strictement limit\u00e9e au p\u00e9rim\u00e8tre et aux bornes de la ville\/agglom\u00e9ration choisie. La liste des villes \u00e9ligibles est susceptible d\u2019\u00e9voluer en fonction du d\u00e9ploiement. La souscription d\u2019une option \u00ab\u00a0<span class=\"markdtb1k62bs\" data-markjs=\"true\" data-ogac=\"\" data-ogab=\"\" data-ogsc=\"\" data-ogsb=\"\">City<\/span> \u00bb ne donne pas acc\u00e8s aux tarifs pr\u00e9f\u00e9rentiels des autres villes disponibles ; une souscription distincte est requise pour chaque zone g\u00e9ographique souhait\u00e9e.<\/sup><\/p>\n<p><sup>(3) <span data-teams=\"true\">Cette offre est exclusivement r\u00e9serv\u00e9e aux porteurs de cartes TotalEnergies Charge+; une preuve d\u2019appartenance pourra \u00eatre exig\u00e9e en agence pour b\u00e9n\u00e9ficier de l\u2019offre. Cette offre est uniquement valable pour les r\u00e9servations effectu\u00e9es \u00e0 partir de cette page, pour des locations allant de 1 \u00e0 28 jours pour des locations de voitures \u00e9lectriques en France continentale (Hors Corse, hors DOM-TOM); le montant de la remise d\u00e9pend notamment de la cat\u00e9gorie de voiture s\u00e9lectionn\u00e9e et de la disponibilit\u00e9 locale des v\u00e9hicules en agence; les r\u00e9servations sont valables uniquement pour les cat\u00e9gories de v\u00e9hicules indiqu\u00e9es, et non pour des mod\u00e8les sp\u00e9cifiques, et sont soumises \u00e0 la disponibilit\u00e9 au moment de la prise en charge; offre valable dans les agences participantes; certaines cat\u00e9gories de v\u00e9hicules peuvent \u00eatre exclues de cette offre; cette offre ne s\u2019applique qu\u2019au tarif de base journalier; les taxes, frais, suppl\u00e9ments et extras (tels que les protections optionnelles, si\u00e8ge b\u00e9b\u00e9, GPS, etc.) sont exclus de la r\u00e9duction; les prix affich\u00e9s comprennent d\u00e9j\u00e0 la r\u00e9duction; des p\u00e9riodes d\u2019exclusion peuvent s\u2019appliquer; non cumulable avec d\u2019autres offres; les autres promotions et tarifs d\u2019entreprise ne peuvent \u00eatre combin\u00e9s avec la remise; cette offre peut \u00eatre sujette \u00e0 des changements sans avertissement pr\u00e9alable; toutes les locations de v\u00e9hicules sont soumises aux conditions g\u00e9n\u00e9rales et aux informations g\u00e9n\u00e9rales de SIXT.<\/span><\/sup><\/p>\n<p>&nbsp;<\/p>\n<p>\t\t\t<!-- \/zone:zn_text [8] -->\n<\/div>\n","protected":false},"excerpt":{"rendered":"<p>TotalEnergies acc\u00e9l\u00e8re la mobilit\u00e9 \u00e9lectrique pour tous ! Avec 100 points de recharge d\u00e9j\u00e0 d\u00e9ploy\u00e9s sur la M\u00e9tropole, TotalEnergies poursuit le d\u00e9veloppement de son r\u00e9seau, avec plus de 200 points [&hellip;]<\/p>\n","protected":false},"author":11,"featured_media":0,"parent":0,"menu_order":0,"comment_status":"closed","ping_status":"closed","template":"","meta":{"_acf_changed":false,"footnotes":""},"class_list":["post-5126","page","type-page","status-publish","hentry","wp-sticky"],"acf":[],"yoast_head":"<!-- This site is optimized with the Yoast SEO plugin v27.4 - https:\/\/yoast.com\/product\/yoast-seo-wordpress\/ -->\n<title>Option City M\u00e9tropole Aix-Marseille-Provence | Charge+<\/title>\n<meta name=\"description\" content=\"D\u00e9couvrez l&#039;option City et profitez de tarifs avantageux pour recharger votre v\u00e9hicule \u00e9lectrique en ville.\" \/>\n<meta name=\"robots\" content=\"index, follow, max-snippet:-1, max-image-preview:large, max-video-preview:-1\" \/>\n<link rel=\"canonical\" href=\"https:\/\/chargeplus.totalenergies.com\/fr\/option-city-amp\/\" \/>\n<meta property=\"og:locale\" content=\"fr_FR\" \/>\n<meta property=\"og:type\" content=\"article\" \/>\n<meta property=\"og:title\" content=\"Option City M\u00e9tropole Aix-Marseille-Provence | Charge+\" \/>\n<meta property=\"og:description\" content=\"D\u00e9couvrez l&#039;option City et profitez de tarifs avantageux pour recharger votre v\u00e9hicule \u00e9lectrique en ville.\" \/>\n<meta property=\"og:url\" content=\"https:\/\/chargeplus.totalenergies.com\/fr\/option-city-amp\/\" \/>\n<meta property=\"og:site_name\" content=\"Charge+\" \/>\n<meta property=\"article:modified_time\" content=\"2026-04-15T08:51:59+00:00\" \/>\n<meta property=\"og:image\" content=\"https:\/\/chargeplus.totalenergies.com\/wp-inside\/uploads\/2025\/05\/blc_picto-recharge_bleu-e1750334318673.png\" \/>\n\t<meta property=\"og:image:width\" content=\"150\" \/>\n\t<meta property=\"og:image:height\" content=\"150\" \/>\n\t<meta property=\"og:image:type\" content=\"image\/png\" \/>\n<meta name=\"twitter:card\" content=\"summary_large_image\" \/>\n<meta name=\"twitter:label1\" content=\"Dur\u00e9e de lecture estim\u00e9e\" \/>\n\t<meta name=\"twitter:data1\" content=\"4 minutes\" \/>\n<script type=\"application\/ld+json\" class=\"yoast-schema-graph\">{\"@context\":\"https:\\\/\\\/schema.org\",\"@graph\":[{\"@type\":\"WebPage\",\"@id\":\"https:\\\/\\\/chargeplus.totalenergies.com\\\/fr\\\/option-city-amp\\\/\",\"url\":\"https:\\\/\\\/chargeplus.totalenergies.com\\\/fr\\\/option-city-amp\\\/\",\"name\":\"Option City M\u00e9tropole Aix-Marseille-Provence\",\"isPartOf\":{\"@id\":\"https:\\\/\\\/chargeplus.totalenergies.com\\\/fr\\\/#website\"},\"datePublished\":\"2026-03-12T08:12:04+00:00\",\"dateModified\":\"2026-04-15T08:51:59+00:00\",\"description\":\"D\u00e9couvrez l'option City et profitez de tarifs avantageux pour recharger votre v\u00e9hicule \u00e9lectrique en ville.\",\"breadcrumb\":{\"@id\":\"https:\\\/\\\/chargeplus.totalenergies.com\\\/fr\\\/option-city-amp\\\/#breadcrumb\"},\"inLanguage\":\"fr-FR\",\"potentialAction\":[{\"@type\":\"ReadAction\",\"target\":[\"https:\\\/\\\/chargeplus.totalenergies.com\\\/fr\\\/option-city-amp\\\/\"]}]},{\"@type\":\"BreadcrumbList\",\"@id\":\"https:\\\/\\\/chargeplus.totalenergies.com\\\/fr\\\/option-city-amp\\\/#breadcrumb\",\"itemListElement\":[{\"@type\":\"ListItem\",\"position\":1,\"name\":\"Accueil\",\"item\":\"https:\\\/\\\/chargeplus.totalenergies.com\\\/fr\\\/\"},{\"@type\":\"ListItem\",\"position\":2,\"name\":\"Option City M\u00e9tropole Aix-Marseille-Provence\"}]},{\"@type\":\"WebSite\",\"@id\":\"https:\\\/\\\/chargeplus.totalenergies.com\\\/fr\\\/#website\",\"url\":\"https:\\\/\\\/chargeplus.totalenergies.com\\\/fr\\\/\",\"name\":\"Charge+\",\"description\":\"Voiture \u00e9lectrique : le guide pratique de la recharge\",\"publisher\":{\"@id\":\"https:\\\/\\\/chargeplus.totalenergies.com\\\/fr\\\/#organization\"},\"potentialAction\":[{\"@type\":\"SearchAction\",\"target\":{\"@type\":\"EntryPoint\",\"urlTemplate\":\"https:\\\/\\\/chargeplus.totalenergies.com\\\/fr\\\/?s={search_term_string}\"},\"query-input\":{\"@type\":\"PropertyValueSpecification\",\"valueRequired\":true,\"valueName\":\"search_term_string\"}}],\"inLanguage\":\"fr-FR\"},{\"@type\":\"Organization\",\"@id\":\"https:\\\/\\\/chargeplus.totalenergies.com\\\/fr\\\/#organization\",\"name\":\"Charge+\",\"url\":\"https:\\\/\\\/chargeplus.totalenergies.com\\\/fr\\\/\",\"logo\":{\"@type\":\"ImageObject\",\"inLanguage\":\"fr-FR\",\"@id\":\"https:\\\/\\\/chargeplus.totalenergies.com\\\/fr\\\/#\\\/schema\\\/logo\\\/image\\\/\",\"url\":\"https:\\\/\\\/chargeplus.totalenergies.com\\\/wp-inside\\\/uploads\\\/2023\\\/07\\\/logo-borne-recharge.jpg\",\"contentUrl\":\"https:\\\/\\\/chargeplus.totalenergies.com\\\/wp-inside\\\/uploads\\\/2023\\\/07\\\/logo-borne-recharge.jpg\",\"width\":150,\"height\":150,\"caption\":\"Charge+\"},\"image\":{\"@id\":\"https:\\\/\\\/chargeplus.totalenergies.com\\\/fr\\\/#\\\/schema\\\/logo\\\/image\\\/\"}}]}<\/script>\n<!-- \/ Yoast SEO plugin. -->","yoast_head_json":{"title":"Option City M\u00e9tropole Aix-Marseille-Provence | Charge+","description":"D\u00e9couvrez l'option City et profitez de tarifs avantageux pour recharger votre v\u00e9hicule \u00e9lectrique en ville.","robots":{"index":"index","follow":"follow","max-snippet":"max-snippet:-1","max-image-preview":"max-image-preview:large","max-video-preview":"max-video-preview:-1"},"canonical":"https:\/\/chargeplus.totalenergies.com\/fr\/option-city-amp\/","og_locale":"fr_FR","og_type":"article","og_title":"Option City M\u00e9tropole Aix-Marseille-Provence | Charge+","og_description":"D\u00e9couvrez l'option City et profitez de tarifs avantageux pour recharger votre v\u00e9hicule \u00e9lectrique en ville.","og_url":"https:\/\/chargeplus.totalenergies.com\/fr\/option-city-amp\/","og_site_name":"Charge+","article_modified_time":"2026-04-15T08:51:59+00:00","og_image":[{"width":150,"height":150,"url":"https:\/\/chargeplus.totalenergies.com\/wp-inside\/uploads\/2025\/05\/blc_picto-recharge_bleu-e1750334318673.png","type":"image\/png"}],"twitter_card":"summary_large_image","twitter_misc":{"Dur\u00e9e de lecture estim\u00e9e":"4 minutes"},"schema":{"@context":"https:\/\/schema.org","@graph":[{"@type":"WebPage","@id":"https:\/\/chargeplus.totalenergies.com\/fr\/option-city-amp\/","url":"https:\/\/chargeplus.totalenergies.com\/fr\/option-city-amp\/","name":"Option City M\u00e9tropole Aix-Marseille-Provence","isPartOf":{"@id":"https:\/\/chargeplus.totalenergies.com\/fr\/#website"},"datePublished":"2026-03-12T08:12:04+00:00","dateModified":"2026-04-15T08:51:59+00:00","description":"D\u00e9couvrez l'option City et profitez de tarifs avantageux pour recharger votre v\u00e9hicule \u00e9lectrique en ville.","breadcrumb":{"@id":"https:\/\/chargeplus.totalenergies.com\/fr\/option-city-amp\/#breadcrumb"},"inLanguage":"fr-FR","potentialAction":[{"@type":"ReadAction","target":["https:\/\/chargeplus.totalenergies.com\/fr\/option-city-amp\/"]}]},{"@type":"BreadcrumbList","@id":"https:\/\/chargeplus.totalenergies.com\/fr\/option-city-amp\/#breadcrumb","itemListElement":[{"@type":"ListItem","position":1,"name":"Accueil","item":"https:\/\/chargeplus.totalenergies.com\/fr\/"},{"@type":"ListItem","position":2,"name":"Option City M\u00e9tropole Aix-Marseille-Provence"}]},{"@type":"WebSite","@id":"https:\/\/chargeplus.totalenergies.com\/fr\/#website","url":"https:\/\/chargeplus.totalenergies.com\/fr\/","name":"Charge+","description":"Voiture \u00e9lectrique : le guide pratique de la recharge","publisher":{"@id":"https:\/\/chargeplus.totalenergies.com\/fr\/#organization"},"potentialAction":[{"@type":"SearchAction","target":{"@type":"EntryPoint","urlTemplate":"https:\/\/chargeplus.totalenergies.com\/fr\/?s={search_term_string}"},"query-input":{"@type":"PropertyValueSpecification","valueRequired":true,"valueName":"search_term_string"}}],"inLanguage":"fr-FR"},{"@type":"Organization","@id":"https:\/\/chargeplus.totalenergies.com\/fr\/#organization","name":"Charge+","url":"https:\/\/chargeplus.totalenergies.com\/fr\/","logo":{"@type":"ImageObject","inLanguage":"fr-FR","@id":"https:\/\/chargeplus.totalenergies.com\/fr\/#\/schema\/logo\/image\/","url":"https:\/\/chargeplus.totalenergies.com\/wp-inside\/uploads\/2023\/07\/logo-borne-recharge.jpg","contentUrl":"https:\/\/chargeplus.totalenergies.com\/wp-inside\/uploads\/2023\/07\/logo-borne-recharge.jpg","width":150,"height":150,"caption":"Charge+"},"image":{"@id":"https:\/\/chargeplus.totalenergies.com\/fr\/#\/schema\/logo\/image\/"}}]}},"_links":{"self":[{"href":"https:\/\/chargeplus.totalenergies.com\/fr\/wp-json\/wp\/v2\/pages\/5126","targetHints":{"allow":["GET"]}}],"collection":[{"href":"https:\/\/chargeplus.totalenergies.com\/fr\/wp-json\/wp\/v2\/pages"}],"about":[{"href":"https:\/\/chargeplus.totalenergies.com\/fr\/wp-json\/wp\/v2\/types\/page"}],"author":[{"embeddable":true,"href":"https:\/\/chargeplus.totalenergies.com\/fr\/wp-json\/wp\/v2\/users\/11"}],"replies":[{"embeddable":true,"href":"https:\/\/chargeplus.totalenergies.com\/fr\/wp-json\/wp\/v2\/comments?post=5126"}],"version-history":[{"count":41,"href":"https:\/\/chargeplus.totalenergies.com\/fr\/wp-json\/wp\/v2\/pages\/5126\/revisions"}],"predecessor-version":[{"id":5248,"href":"https:\/\/chargeplus.totalenergies.com\/fr\/wp-json\/wp\/v2\/pages\/5126\/revisions\/5248"}],"wp:attachment":[{"href":"https:\/\/chargeplus.totalenergies.com\/fr\/wp-json\/wp\/v2\/media?parent=5126"}],"curies":[{"name":"wp","href":"https:\/\/api.w.org\/{rel}","templated":true}]}}