{"id":5158,"date":"2026-03-17T14:51:33","date_gmt":"2026-03-17T13:51:33","guid":{"rendered":"https:\/\/chargeplus.totalenergies.com\/?page_id=5158"},"modified":"2026-03-17T16:31:51","modified_gmt":"2026-03-17T15:31:51","slug":"clients_bornes_totalenergies","status":"publish","type":"page","link":"https:\/\/chargeplus.totalenergies.com\/fr\/clients_bornes_totalenergies\/","title":{"rendered":"Vous venez de recharger ici &#8211; bonne nouvelle"},"content":{"rendered":"<div class=\"wp-post-content\"><!-- zone:zn_pagebanner [0] --><br \/>\n\t\t<!-- \/zone:zn_pagebanner [0] --><br \/>\n<!-- zone:zn_text_img [3] --><\/p>\n<h2>L\u2019offre Charge+ et la carte Club TotalEnergies,\u2028C\u2019est le combo gagnant.<\/h2>\n<p class=\"section-sub\">Associez vos deux cartes et cumulez les avantages \u00e0 chaque recharge. L&rsquo;adh\u00e9sion au Club est 100% gratuite.<\/p>\n<div class=\"club-perk\">\n<div><strong>\u2b50\ufe0f 1\u20ac d\u00e9pens\u00e9 = 4 points<\/strong>\u00a0dans votre cagnotte Club, m\u00eame sans option active<\/div>\n<\/div>\n<div class=\"club-perk\">\n<div class=\"club-perk\">\n<div><strong>\u2615\ufe0f Caf\u00e9 offert<\/strong>\u00a0avec l&rsquo;Option Zen pour chaque recharge &gt;20kWh<\/div>\n<\/div>\n<div class=\"club-perk\">\n<div class=\"club-perk\">\n<div><strong>\ud83d\udd17 Association rapide<\/strong> dans l&rsquo;application Services TotalEnergies<\/div>\n<\/div>\n<\/div>\n<div><\/div>\n<\/div>\n<div class=\"club-perk\">\n<div class=\"section-inner\"><\/div>\n<\/div>\n<p>&nbsp;<\/p>\n<p style=\"text-align: center;\"><a class=\"button\" href=\"https:\/\/subscription.chargeplus.totalenergies.com\/fr\/subscription\/step\/offer\">Commander ma carte Charge+<\/a><\/p>\n<p><!-- \/zone:zn_text_img [3] --><br \/>\n<!-- zone:zn_text [5] --><\/p>\n<p style=\"text-align: center;\">D\u00e9couvrez ici les r\u00e9ponses aux questions les plus fr\u00e9quentes de notre <a href=\"https:\/\/chargeplus.totalenergies.com\/fr\/faq\/\">FAQ<\/a>.<\/p>\n<p>\t\t\t<!-- \/zone:zn_text [5] --><br \/>\n<!-- zone:zn_list_accordion [6] --><\/p>\n<h2>Besoin d&rsquo;aide ?<\/h2>\n<h3>Comment trouver une borne de recharge\u2009?<\/h3>\n<p>Activez <strong>la g\u00e9olocalisation de votre smartphone<\/strong> et rendez-vous dans l\u2019onglet \u00ab Carte \u00bb<br \/>\nde l\u2019application ou dans la partie \u00ab O\u00f9 effectuer ma recharge ? \u00bb. Vous pouvez afficher<br \/>\nles r\u00e9sultats en mode carte ou liste.<\/p>\n<p>Pour trouver la borne de recharge id\u00e9ale, <strong>utilisez les filtres pour cibler votre recherche<\/strong><br \/>\nen fonction de vos besoins (type de prise, puissance de charge, disponibilit\u00e9\u2026).<\/p>\n<p>Une borne vous int\u00e9resse ? Cliquez simplement dessus et visualisez toutes les<br \/>\ninformations utiles \u00e0 la recharge (op\u00e9rateurs de la borne, adresse exacte, type de<br \/>\npuissance d\u00e9livr\u00e9e, tarifs\u2026).<\/p>\n<h3>Comment recharger mon v\u00e9hicule \u00e9lectrique ?<\/h3>\n<p>Avec Charge+, tout fonctionne tr\u00e8s simplement. Pour d\u00e9marrer la recharge, passez<br \/>\nvotre carte devant le lecteur de la borne et attendez que le voyant s\u2019allume. Branchez le<br \/>\nc\u00e2ble sur la prise de votre voiture et c\u00f4t\u00e9 borne, puis c\u2019est parti, il n\u2019y a plus qu\u2019\u00e0<br \/>\nattendre !<\/p>\n<p>Pour terminer la recharge, passez \u00e0 nouveau votre carte devant la borne et patientez<br \/>\njusqu\u2019\u00e0 ce que le voyant change de couleur. Puis d\u00e9branchez le c\u00e2ble.<\/p>\n<h3>Est-ce que toutes les bornes sont \u00e9quip\u00e9es d\u2019un c\u00e2ble de recharge ?<\/h3>\n<p>Les bornes de recharge rapide sont <strong>toujours \u00e9quip\u00e9es d\u2019un c\u00e2ble adapt\u00e9<\/strong>, directement<br \/>\nrattach\u00e9 \u00e0 la structure. Vous n\u2019avez donc pas besoin d\u2019apporter votre propre mat\u00e9riel<br \/>\npour recharger votre voiture \u00e9lectrique. Pour toutes les autres bornes, en revanche,<br \/>\nvous devrez utiliser votre propre c\u00e2ble.<\/p>\n<h3>Combien de temps pour recharger la batterie d\u2019un v\u00e9hicule \u00e9lectrique ?<\/h3>\n<p>De 30 minutes \u00e0 plusieurs heures, la dur\u00e9e d\u2019une recharge peut \u00eatre tr\u00e8s variable d\u2019une<br \/>\nvoiture \u00e0 une autre et d\u00e9pend de plusieurs facteurs :<\/p>\n<ul>\n<li><strong>la capacit\u00e9 de la batterie<\/strong> (c&rsquo;est la quantit\u00e9 maximale d&rsquo;\u00e9nergie qu&rsquo;elle peut contenir) ;<\/li>\n<li><strong>la puissance \u00e9lectrique<\/strong> d\u00e9livr\u00e9e par la borne ;<\/li>\n<li><strong>la puissance maximale de recharge<\/strong> tol\u00e9r\u00e9e par v\u00e9hicule.<\/li>\n<\/ul>\n<p>\t<!-- \/zone:zn_list_accordion [6] --><br \/>\n<!-- zone:zn_text [8] --><\/p>\n<p><sup>(1) Abonnement mensuel Charge+ Option Zen \u00bb \u00e0 3,90\u20ac TTC\/mois, sans engagement et tacitement reconductible. La remise de 15% sera applicable imm\u00e9diatement sur le prix public de la recharge effectu\u00e9e sur les bornes haute puissance (&gt;100kW) \u00e0 la marque TotalEnergies en France m\u00e9tropolitaine (hors Corse). Voir liste des stations et conditions compl\u00e8tes sur chargeplus.totalenergies.com\/fr.<\/sup><\/p>\n<p><sub><span style=\"vertical-align: super;\">(2) Conform\u00e9ment au principe d\u2019interop\u00e9rabilit\u00e9 pr\u00e9vu par l\u2019article L. 641-4-2 du code de l\u2019\u00e9nergie. Voir les Conditions g\u00e9n\u00e9rales de vente et la liste des points de recharge accessible sur l\u2019app TotalEnergies Charge+.<\/span><\/sub><\/p>\n<p><sup>(3) Offre r\u00e9serv\u00e9e aux abonn\u00e9s de l\u2019option Charge+ Zen et conditionn\u00e9e \u00e0 l&rsquo;adh\u00e9sion au programme de fid\u00e9lit\u00e9 Club de TotalEnergies et \u00e0 l&rsquo;association pr\u00e9alable de la carte Charge+ au compte fid\u00e9lit\u00e9. L\u2019offre permet de b\u00e9n\u00e9ficier de 2\u20ac de cr\u00e9dit utilisables dans les espaces \u00ab Comptoir des Ar\u00f4mes \u00bb ; 2\u20ac offerts d\u00e8s la souscription de l\u2019option puis, 2\u20ac offerts toute recharge d\u2019au moins 20 kWh effectu\u00e9e avec la carte Charge+ sur les bornes haute puissance \u00e0 la marque TotalEnergies et dans les stations TotalEnergies \u00e9quip\u00e9es d\u2019un \u00ab Comptoir des Ar\u00f4mes \u00bb. Offre limit\u00e9e \u00e0 deux cr\u00e9dits par jour. Le client devra se pr\u00e9senter en caisse pour faire cr\u00e9diter l&rsquo;offre sur sa carte Club ou sa carte Coffee Comptoir des Ar\u00f4mes. Voir conditions et liste des stations \u00e9ligibles sur chargeplus.totalenergies.com\/fr.<\/sup><\/p>\n<p>\t\t\t<!-- \/zone:zn_text [8] -->\n<\/div>\n","protected":false},"excerpt":{"rendered":"<p>L\u2019offre Charge+ et la carte Club TotalEnergies,\u2028C\u2019est le combo gagnant. Associez vos deux cartes et cumulez les avantages \u00e0 chaque recharge. L&rsquo;adh\u00e9sion au Club est 100% gratuite. \u2b50\ufe0f 1\u20ac d\u00e9pens\u00e9 [&hellip;]<\/p>\n","protected":false},"author":6,"featured_media":0,"parent":0,"menu_order":0,"comment_status":"closed","ping_status":"closed","template":"","meta":{"_acf_changed":false,"footnotes":""},"class_list":["post-5158","page","type-page","status-publish","hentry","wp-sticky"],"acf":[],"yoast_head":"<!-- This site is optimized with the Yoast SEO plugin v27.5 - https:\/\/yoast.com\/product\/yoast-seo-wordpress\/ -->\n<title>Vous venez de recharger ici - bonne nouvelle | Charge+<\/title>\n<meta name=\"robots\" content=\"index, follow, max-snippet:-1, max-image-preview:large, max-video-preview:-1\" \/>\n<link rel=\"canonical\" href=\"https:\/\/chargeplus.totalenergies.com\/fr\/clients_bornes_totalenergies\/\" \/>\n<meta property=\"og:locale\" content=\"fr_FR\" \/>\n<meta property=\"og:type\" content=\"article\" \/>\n<meta property=\"og:title\" content=\"Vous venez de recharger ici - bonne nouvelle | Charge+\" \/>\n<meta property=\"og:description\" content=\"L\u2019offre Charge+ et la carte Club TotalEnergies,\u2028C\u2019est le combo gagnant. Associez vos deux cartes et cumulez les avantages \u00e0 chaque recharge. L&rsquo;adh\u00e9sion au Club est 100% gratuite. \u2b50\ufe0f 1\u20ac d\u00e9pens\u00e9 [&hellip;]\" \/>\n<meta property=\"og:url\" content=\"https:\/\/chargeplus.totalenergies.com\/fr\/clients_bornes_totalenergies\/\" \/>\n<meta property=\"og:site_name\" content=\"Charge+\" \/>\n<meta property=\"article:modified_time\" content=\"2026-03-17T15:31:51+00:00\" \/>\n<meta property=\"og:image\" content=\"https:\/\/chargeplus.totalenergies.com\/wp-inside\/uploads\/2025\/05\/blc_picto-recharge_bleu-e1750334318673.png\" \/>\n\t<meta property=\"og:image:width\" content=\"150\" \/>\n\t<meta property=\"og:image:height\" content=\"150\" \/>\n\t<meta property=\"og:image:type\" content=\"image\/png\" \/>\n<meta name=\"twitter:card\" content=\"summary_large_image\" \/>\n<meta name=\"twitter:label1\" content=\"Dur\u00e9e de lecture estim\u00e9e\" \/>\n\t<meta name=\"twitter:data1\" content=\"3 minutes\" \/>\n<script type=\"application\/ld+json\" class=\"yoast-schema-graph\">{\"@context\":\"https:\\\/\\\/schema.org\",\"@graph\":[{\"@type\":\"WebPage\",\"@id\":\"https:\\\/\\\/chargeplus.totalenergies.com\\\/fr\\\/clients_bornes_totalenergies\\\/\",\"url\":\"https:\\\/\\\/chargeplus.totalenergies.com\\\/fr\\\/clients_bornes_totalenergies\\\/\",\"name\":\"Vous venez de recharger ici - bonne nouvelle\",\"isPartOf\":{\"@id\":\"https:\\\/\\\/chargeplus.totalenergies.com\\\/fr\\\/#website\"},\"datePublished\":\"2026-03-17T13:51:33+00:00\",\"dateModified\":\"2026-03-17T15:31:51+00:00\",\"breadcrumb\":{\"@id\":\"https:\\\/\\\/chargeplus.totalenergies.com\\\/fr\\\/clients_bornes_totalenergies\\\/#breadcrumb\"},\"inLanguage\":\"fr-FR\",\"potentialAction\":[{\"@type\":\"ReadAction\",\"target\":[\"https:\\\/\\\/chargeplus.totalenergies.com\\\/fr\\\/clients_bornes_totalenergies\\\/\"]}]},{\"@type\":\"BreadcrumbList\",\"@id\":\"https:\\\/\\\/chargeplus.totalenergies.com\\\/fr\\\/clients_bornes_totalenergies\\\/#breadcrumb\",\"itemListElement\":[{\"@type\":\"ListItem\",\"position\":1,\"name\":\"Accueil\",\"item\":\"https:\\\/\\\/chargeplus.totalenergies.com\\\/fr\\\/\"},{\"@type\":\"ListItem\",\"position\":2,\"name\":\"Vous venez de recharger ici &#8211; bonne nouvelle\"}]},{\"@type\":\"WebSite\",\"@id\":\"https:\\\/\\\/chargeplus.totalenergies.com\\\/fr\\\/#website\",\"url\":\"https:\\\/\\\/chargeplus.totalenergies.com\\\/fr\\\/\",\"name\":\"Charge+\",\"description\":\"Voiture \u00e9lectrique : le guide pratique de la recharge\",\"publisher\":{\"@id\":\"https:\\\/\\\/chargeplus.totalenergies.com\\\/fr\\\/#organization\"},\"potentialAction\":[{\"@type\":\"SearchAction\",\"target\":{\"@type\":\"EntryPoint\",\"urlTemplate\":\"https:\\\/\\\/chargeplus.totalenergies.com\\\/fr\\\/?s={search_term_string}\"},\"query-input\":{\"@type\":\"PropertyValueSpecification\",\"valueRequired\":true,\"valueName\":\"search_term_string\"}}],\"inLanguage\":\"fr-FR\"},{\"@type\":\"Organization\",\"@id\":\"https:\\\/\\\/chargeplus.totalenergies.com\\\/fr\\\/#organization\",\"name\":\"Charge+\",\"url\":\"https:\\\/\\\/chargeplus.totalenergies.com\\\/fr\\\/\",\"logo\":{\"@type\":\"ImageObject\",\"inLanguage\":\"fr-FR\",\"@id\":\"https:\\\/\\\/chargeplus.totalenergies.com\\\/fr\\\/#\\\/schema\\\/logo\\\/image\\\/\",\"url\":\"https:\\\/\\\/chargeplus.totalenergies.com\\\/wp-inside\\\/uploads\\\/2023\\\/07\\\/logo-borne-recharge.jpg\",\"contentUrl\":\"https:\\\/\\\/chargeplus.totalenergies.com\\\/wp-inside\\\/uploads\\\/2023\\\/07\\\/logo-borne-recharge.jpg\",\"width\":150,\"height\":150,\"caption\":\"Charge+\"},\"image\":{\"@id\":\"https:\\\/\\\/chargeplus.totalenergies.com\\\/fr\\\/#\\\/schema\\\/logo\\\/image\\\/\"}}]}<\/script>\n<!-- \/ Yoast SEO plugin. -->","yoast_head_json":{"title":"Vous venez de recharger ici - bonne nouvelle | Charge+","robots":{"index":"index","follow":"follow","max-snippet":"max-snippet:-1","max-image-preview":"max-image-preview:large","max-video-preview":"max-video-preview:-1"},"canonical":"https:\/\/chargeplus.totalenergies.com\/fr\/clients_bornes_totalenergies\/","og_locale":"fr_FR","og_type":"article","og_title":"Vous venez de recharger ici - bonne nouvelle | Charge+","og_description":"L\u2019offre Charge+ et la carte Club TotalEnergies,\u2028C\u2019est le combo gagnant. Associez vos deux cartes et cumulez les avantages \u00e0 chaque recharge. L&rsquo;adh\u00e9sion au Club est 100% gratuite. \u2b50\ufe0f 1\u20ac d\u00e9pens\u00e9 [&hellip;]","og_url":"https:\/\/chargeplus.totalenergies.com\/fr\/clients_bornes_totalenergies\/","og_site_name":"Charge+","article_modified_time":"2026-03-17T15:31:51+00:00","og_image":[{"width":150,"height":150,"url":"https:\/\/chargeplus.totalenergies.com\/wp-inside\/uploads\/2025\/05\/blc_picto-recharge_bleu-e1750334318673.png","type":"image\/png"}],"twitter_card":"summary_large_image","twitter_misc":{"Dur\u00e9e de lecture estim\u00e9e":"3 minutes"},"schema":{"@context":"https:\/\/schema.org","@graph":[{"@type":"WebPage","@id":"https:\/\/chargeplus.totalenergies.com\/fr\/clients_bornes_totalenergies\/","url":"https:\/\/chargeplus.totalenergies.com\/fr\/clients_bornes_totalenergies\/","name":"Vous venez de recharger ici - bonne nouvelle","isPartOf":{"@id":"https:\/\/chargeplus.totalenergies.com\/fr\/#website"},"datePublished":"2026-03-17T13:51:33+00:00","dateModified":"2026-03-17T15:31:51+00:00","breadcrumb":{"@id":"https:\/\/chargeplus.totalenergies.com\/fr\/clients_bornes_totalenergies\/#breadcrumb"},"inLanguage":"fr-FR","potentialAction":[{"@type":"ReadAction","target":["https:\/\/chargeplus.totalenergies.com\/fr\/clients_bornes_totalenergies\/"]}]},{"@type":"BreadcrumbList","@id":"https:\/\/chargeplus.totalenergies.com\/fr\/clients_bornes_totalenergies\/#breadcrumb","itemListElement":[{"@type":"ListItem","position":1,"name":"Accueil","item":"https:\/\/chargeplus.totalenergies.com\/fr\/"},{"@type":"ListItem","position":2,"name":"Vous venez de recharger ici &#8211; bonne nouvelle"}]},{"@type":"WebSite","@id":"https:\/\/chargeplus.totalenergies.com\/fr\/#website","url":"https:\/\/chargeplus.totalenergies.com\/fr\/","name":"Charge+","description":"Voiture \u00e9lectrique : le guide pratique de la recharge","publisher":{"@id":"https:\/\/chargeplus.totalenergies.com\/fr\/#organization"},"potentialAction":[{"@type":"SearchAction","target":{"@type":"EntryPoint","urlTemplate":"https:\/\/chargeplus.totalenergies.com\/fr\/?s={search_term_string}"},"query-input":{"@type":"PropertyValueSpecification","valueRequired":true,"valueName":"search_term_string"}}],"inLanguage":"fr-FR"},{"@type":"Organization","@id":"https:\/\/chargeplus.totalenergies.com\/fr\/#organization","name":"Charge+","url":"https:\/\/chargeplus.totalenergies.com\/fr\/","logo":{"@type":"ImageObject","inLanguage":"fr-FR","@id":"https:\/\/chargeplus.totalenergies.com\/fr\/#\/schema\/logo\/image\/","url":"https:\/\/chargeplus.totalenergies.com\/wp-inside\/uploads\/2023\/07\/logo-borne-recharge.jpg","contentUrl":"https:\/\/chargeplus.totalenergies.com\/wp-inside\/uploads\/2023\/07\/logo-borne-recharge.jpg","width":150,"height":150,"caption":"Charge+"},"image":{"@id":"https:\/\/chargeplus.totalenergies.com\/fr\/#\/schema\/logo\/image\/"}}]}},"_links":{"self":[{"href":"https:\/\/chargeplus.totalenergies.com\/fr\/wp-json\/wp\/v2\/pages\/5158","targetHints":{"allow":["GET"]}}],"collection":[{"href":"https:\/\/chargeplus.totalenergies.com\/fr\/wp-json\/wp\/v2\/pages"}],"about":[{"href":"https:\/\/chargeplus.totalenergies.com\/fr\/wp-json\/wp\/v2\/types\/page"}],"author":[{"embeddable":true,"href":"https:\/\/chargeplus.totalenergies.com\/fr\/wp-json\/wp\/v2\/users\/6"}],"replies":[{"embeddable":true,"href":"https:\/\/chargeplus.totalenergies.com\/fr\/wp-json\/wp\/v2\/comments?post=5158"}],"version-history":[{"count":16,"href":"https:\/\/chargeplus.totalenergies.com\/fr\/wp-json\/wp\/v2\/pages\/5158\/revisions"}],"predecessor-version":[{"id":5250,"href":"https:\/\/chargeplus.totalenergies.com\/fr\/wp-json\/wp\/v2\/pages\/5158\/revisions\/5250"}],"wp:attachment":[{"href":"https:\/\/chargeplus.totalenergies.com\/fr\/wp-json\/wp\/v2\/media?parent=5158"}],"curies":[{"name":"wp","href":"https:\/\/api.w.org\/{rel}","templated":true}]}}